{"id":153211,"date":"2022-06-22T12:53:26","date_gmt":"2022-06-22T10:53:26","guid":{"rendered":"https:\/\/autobaak.nl\/?page_id=153211"},"modified":"2022-06-22T12:53:26","modified_gmt":"2022-06-22T10:53:26","slug":"reifendruck-honda-cr-v","status":"publish","type":"page","link":"https:\/\/autobaak.nl\/de\/reifendruck-honda-cr-v\/","title":{"rendered":"Reifendruck Honda CR-V"},"content":{"rendered":"<p>Welchen Reifendruck sollte ein Honda CR-V haben? Nachfolgend finden Sie eine \u00dcbersicht \u00fcber den richtigen Reifendruck f\u00fcr jedes Honda CR-V-Modell:<\/p>\n<h2>Welcher Reifendruck Honda CR-V<\/h2>\n<div class=\"col-12 col-md-8\">\n<div class=\"row\">\n<div class=\"col-sm-12 text-center no-more-tables\">\n<table class=\"table table-striped table-bordered table-hover table-responsive\">\n<thead class=\"thead-dark\">\n<tr>\n<th>Antrieb<\/th>\n<th>Gr\u00f6\u00dfe des Reifens<\/th>\n<th>Reifendruck Vorderr\u00e4der<\/th>\n<th>Reifendruck am Hinterrad<\/th>\n<th>Frontlader<\/th>\n<th>Laden Sie die R\u00fcckseite<\/th>\n<\/tr>\n<\/thead>\n<tbody>\n<tr>\n<td data-title=\"Aandrijving\"><strong>2.0 i VTEC<\/strong><\/td>\n<td data-title=\"Bandenmaat\">225 60 R18 100H 4\u00d74<\/td>\n<td data-title=\"Bandenspanning voorwielen\">2.1<\/td>\n<td data-title=\"Bandenspanning achterwielen\">2.1<\/td>\n<td data-title=\"Voorkant beladen\">2.1<\/td>\n<td data-title=\"Achterkant beladen\">2.3<\/td>\n<\/tr>\n<tr>\n<td data-title=\"Aandrijving\"><strong>2.0 i VTEC<\/strong><\/td>\n<td data-title=\"Bandenmaat\">225 65 R17 102T 4\u00d74<\/td>\n<td data-title=\"Bandenspanning voorwielen\">2.1<\/td>\n<td data-title=\"Bandenspanning achterwielen\">2.1<\/td>\n<td data-title=\"Voorkant beladen\">2.1<\/td>\n<td data-title=\"Achterkant beladen\">2.3<\/td>\n<\/tr>\n<\/tbody>\n<\/table>\n<\/div>\n<\/div>\n<\/div>\n<div class=\"col-12 col-md-4\"><\/div>","protected":false},"excerpt":{"rendered":"<p>Welchen Reifendruck sollte ein Honda CR-V haben? Nachfolgend finden Sie eine \u00dcbersicht \u00fcber den korrekten Reifendruck f\u00fcr jedes Honda CR-V-Modell: Welcher Reifendruck Honda CR-V Drive Reifengr\u00f6\u00dfe Reifendruck Vorderr\u00e4der Reifendruck Hinterr\u00e4der Vorderradbeladung Hinterradbeladung 2.0 i VTEC 225 60 R18 100H 4\u00d74 2.1 2.1 2.1 2.1 2.3 2.0 i VTEC 225 65 R17 102T 4\u00d74 2.1 2.1 2.1 [...]<\/p>","protected":false},"author":1,"featured_media":0,"parent":0,"menu_order":0,"comment_status":"closed","ping_status":"closed","template":"","meta":{"_et_pb_use_builder":"","_et_pb_old_content":"","_et_gb_content_width":"","footnotes":""},"class_list":["post-153211","page","type-page","status-publish","hentry"],"yoast_head":"<!-- This site is optimized with the Yoast SEO plugin v27.3 - https:\/\/yoast.com\/product\/yoast-seo-wordpress\/ -->\n<title>Bandenspanning Honda CR-V - Autobaak.nl<\/title>\n<meta name=\"robots\" content=\"index, follow, max-snippet:-1, max-image-preview:large, max-video-preview:-1\" \/>\n<link rel=\"canonical\" href=\"https:\/\/autobaak.nl\/de\/reifendruck-honda-cr-v\/\" \/>\n<meta property=\"og:locale\" content=\"de_DE\" \/>\n<meta property=\"og:type\" content=\"article\" \/>\n<meta property=\"og:title\" content=\"Bandenspanning Honda CR-V - Autobaak.nl\" \/>\n<meta property=\"og:description\" content=\"Welke bandenspanning moet een Honda CR-V hebben? Hieronder een overzicht van de juiste bandenspanning per Honda CR-V model: Welke bandenspanning Honda CR-V Aandrijving Bandenmaat Bandenspanning voorwielen Bandenspanning achterwielen Voorkant beladen Achterkant beladen 2.0 i VTEC 225 60 R18 100H 4&#215;4 2.1 2.1 2.1 2.3 2.0 i VTEC 225 65 R17 102T 4&#215;4 2.1 2.1 2.1 [&hellip;]\" \/>\n<meta property=\"og:url\" content=\"https:\/\/autobaak.nl\/de\/reifendruck-honda-cr-v\/\" \/>\n<meta property=\"og:site_name\" content=\"Autobaak.nl\" \/>\n<meta name=\"twitter:card\" content=\"summary_large_image\" \/>\n<script type=\"application\/ld+json\" class=\"yoast-schema-graph\">{\"@context\":\"https:\\\/\\\/schema.org\",\"@graph\":[{\"@type\":\"WebPage\",\"@id\":\"https:\\\/\\\/autobaak.nl\\\/bandenspanning-honda-cr-v\\\/\",\"url\":\"https:\\\/\\\/autobaak.nl\\\/bandenspanning-honda-cr-v\\\/\",\"name\":\"Bandenspanning Honda CR-V - Autobaak.nl\",\"isPartOf\":{\"@id\":\"https:\\\/\\\/autobaak.nl\\\/#website\"},\"datePublished\":\"2022-06-22T10:53:26+00:00\",\"breadcrumb\":{\"@id\":\"https:\\\/\\\/autobaak.nl\\\/bandenspanning-honda-cr-v\\\/#breadcrumb\"},\"inLanguage\":\"de\",\"potentialAction\":[{\"@type\":\"ReadAction\",\"target\":[\"https:\\\/\\\/autobaak.nl\\\/bandenspanning-honda-cr-v\\\/\"]}]},{\"@type\":\"BreadcrumbList\",\"@id\":\"https:\\\/\\\/autobaak.nl\\\/bandenspanning-honda-cr-v\\\/#breadcrumb\",\"itemListElement\":[{\"@type\":\"ListItem\",\"position\":1,\"name\":\"Home\",\"item\":\"https:\\\/\\\/autobaak.nl\\\/\"},{\"@type\":\"ListItem\",\"position\":2,\"name\":\"Bandenspanning Honda CR-V\"}]},{\"@type\":\"WebSite\",\"@id\":\"https:\\\/\\\/autobaak.nl\\\/#website\",\"url\":\"https:\\\/\\\/autobaak.nl\\\/\",\"name\":\"Autobaak.nl\",\"description\":\"Cars &amp; Racing\",\"potentialAction\":[{\"@type\":\"SearchAction\",\"target\":{\"@type\":\"EntryPoint\",\"urlTemplate\":\"https:\\\/\\\/autobaak.nl\\\/?s={search_term_string}\"},\"query-input\":{\"@type\":\"PropertyValueSpecification\",\"valueRequired\":true,\"valueName\":\"search_term_string\"}}],\"inLanguage\":\"de\"}]}<\/script>\n<!-- \/ Yoast SEO plugin. -->","yoast_head_json":{"title":"Reifendruck Honda CR-V - Autobaak.de","robots":{"index":"index","follow":"follow","max-snippet":"max-snippet:-1","max-image-preview":"max-image-preview:large","max-video-preview":"max-video-preview:-1"},"canonical":"https:\/\/autobaak.nl\/de\/reifendruck-honda-cr-v\/","og_locale":"de_DE","og_type":"article","og_title":"Bandenspanning Honda CR-V - Autobaak.nl","og_description":"Welke bandenspanning moet een Honda CR-V hebben? Hieronder een overzicht van de juiste bandenspanning per Honda CR-V model: Welke bandenspanning Honda CR-V Aandrijving Bandenmaat Bandenspanning voorwielen Bandenspanning achterwielen Voorkant beladen Achterkant beladen 2.0 i VTEC 225 60 R18 100H 4&#215;4 2.1 2.1 2.1 2.3 2.0 i VTEC 225 65 R17 102T 4&#215;4 2.1 2.1 2.1 [&hellip;]","og_url":"https:\/\/autobaak.nl\/de\/reifendruck-honda-cr-v\/","og_site_name":"Autobaak.nl","twitter_card":"summary_large_image","schema":{"@context":"https:\/\/schema.org","@graph":[{"@type":"WebPage","@id":"https:\/\/autobaak.nl\/bandenspanning-honda-cr-v\/","url":"https:\/\/autobaak.nl\/bandenspanning-honda-cr-v\/","name":"Reifendruck Honda CR-V - Autobaak.de","isPartOf":{"@id":"https:\/\/autobaak.nl\/#website"},"datePublished":"2022-06-22T10:53:26+00:00","breadcrumb":{"@id":"https:\/\/autobaak.nl\/bandenspanning-honda-cr-v\/#breadcrumb"},"inLanguage":"de","potentialAction":[{"@type":"ReadAction","target":["https:\/\/autobaak.nl\/bandenspanning-honda-cr-v\/"]}]},{"@type":"BreadcrumbList","@id":"https:\/\/autobaak.nl\/bandenspanning-honda-cr-v\/#breadcrumb","itemListElement":[{"@type":"ListItem","position":1,"name":"Home","item":"https:\/\/autobaak.nl\/"},{"@type":"ListItem","position":2,"name":"Bandenspanning Honda CR-V"}]},{"@type":"WebSite","@id":"https:\/\/autobaak.nl\/#website","url":"https:\/\/autobaak.nl\/","name":"Autobook.de","description":"Autos &amp; Rennsport","potentialAction":[{"@type":"SearchAction","target":{"@type":"EntryPoint","urlTemplate":"https:\/\/autobaak.nl\/?s={search_term_string}"},"query-input":{"@type":"PropertyValueSpecification","valueRequired":true,"valueName":"search_term_string"}}],"inLanguage":"de"}]}},"_links":{"self":[{"href":"https:\/\/autobaak.nl\/de\/wp-json\/wp\/v2\/pages\/153211","targetHints":{"allow":["GET"]}}],"collection":[{"href":"https:\/\/autobaak.nl\/de\/wp-json\/wp\/v2\/pages"}],"about":[{"href":"https:\/\/autobaak.nl\/de\/wp-json\/wp\/v2\/types\/page"}],"author":[{"embeddable":true,"href":"https:\/\/autobaak.nl\/de\/wp-json\/wp\/v2\/users\/1"}],"replies":[{"embeddable":true,"href":"https:\/\/autobaak.nl\/de\/wp-json\/wp\/v2\/comments?post=153211"}],"version-history":[{"count":0,"href":"https:\/\/autobaak.nl\/de\/wp-json\/wp\/v2\/pages\/153211\/revisions"}],"wp:attachment":[{"href":"https:\/\/autobaak.nl\/de\/wp-json\/wp\/v2\/media?parent=153211"}],"curies":[{"name":"wp","href":"https:\/\/api.w.org\/{rel}","templated":true}]}}