{"id":153225,"date":"2022-06-23T12:02:59","date_gmt":"2022-06-23T10:02:59","guid":{"rendered":"https:\/\/autobaak.nl\/?page_id=153225"},"modified":"2023-02-08T14:17:06","modified_gmt":"2023-02-08T13:17:06","slug":"mitsubishi-home","status":"publish","type":"page","link":"https:\/\/autobaak.nl\/de\/mitsubishi-home\/","title":{"rendered":"Mitsubishi Startseite"},"content":{"rendered":"<p>[et_pb_section fb_built=\"1\u2033 inner_shadow=\"on\" fullwidth=\"on\" _builder_version=\"4.16\u2033 background_image=\"https:\/\/autobaak.nl\/wp-content\/uploads\/2018\/10\/audi-home-info.jpg\" global_colors_info=\"{}\"][et_pb_fullwidth_header title=\"MITSUBISHI Home\" subhead=\"N\u00fctzliche Informationen \u00fcber MITSUBISHI\" text_orientation=\"centre\" _builder_version=\"4.17.4\u2033 content_font_size=\"15px\" background_color=\"rgba(255, 255, 255, 0)\" background_image=\"https:\/\/autobaak.nl\/wp-content\/uploads\/2022\/06\/Mitsubishi.jpg\" text_shadow_style=\"preset5\u2033 text_shadow_color=\"rgba(0,0,0,0.52)\" global_colors_info=\"{}\" button_one_text_size__hover_enabled=\"off\" button_one_text_size__hover=\"null\" button_two_text_size__hover_enabled=\"off\" button_two_text_size__hover=\"null\" button_one_text_color__hover_enabled=\"off\" button_one_text_color__hover=\"null\" button_two_text_color__hover_enabled=\"off\" button_two_text_color__hover=\"null\" button_one_border_width__hover_enabled=\"off\" button_one_border_width__hover=\"null\" button_two_border_width__hover_enabled=\"off\" button_two_border_width__hover=\"null\" button_one_border_color__hover_enabled=\"off\" button_one_border_color__hover=\"null\" button_two_border_color__hover_enabled=\"off\" button_two_border_color__hover=\"null\" button_one_border_radius__hover_enabled=\"off\" button_one_border_radius__hover=\"null\" button_two_border_radius__hover_enabled=\"off\" button_two_border_radius__hover=\"null\" button_one_letter_spacing__hover_enabled=\"off\" button_one_letter_spacing__hover=\"null\" button_two_letter_spacing__hover_enabled=\"off\" button_two_letter_spacing__hover=\"null\" button_one_bg_color__hover_enabled=\"off\" button_one_bg_color__hover=\"null\" button_two_bg_color__hover_enabled=\"off\" button_two_bg_color__hover=\"null\"][\/et_pb_fullwidth_header][\/et_pb_section][et_pb_section fb_built=\"1\u2033 _builder_version=\"4.16\u2033 custom_padding=\"2px|0px|3px|0px\" global_colors_info=\"{}\"][et_pb_row _builder_version=\"4.16\u2033 background_size=\"initial\" background_position=\"top_left\" background_repeat=\"repeat\" custom_padding=\"26.3594px|0px|2px|0px\" global_colors_info=\"{}\"][et_pb_column type=\"4_4\u2033 _builder_version=\"4.16\u2033 custom_padding=\"|||\" global_colors_info=\"{}\" custom_padding__hover=\"|||\"][et_pb_text _builder_version=\"4.17.4\u2033 global_colors_info=\"{}\"]<\/p>\n<p>Mitsubishi ist ein japanischer multinationaler Automobilhersteller mit Hauptsitz in Minato, Tokio, Japan. Im Jahr 2011 war Mitsubishi Motors der sechstgr\u00f6\u00dfte japanische Automobilhersteller und der 19. weltweit nach Produktion. Seit Oktober 2016 befindet sich Mitsubishi zu einem Drittel (34%) im Besitz von Nissan und ist somit Teil der Renault-Nissan-Mitsubishi-Allianz.<\/p>\n<h2>Aktuelle Mitsubishi-Modelle<\/h2>\n<p>Derzeit gibt es in Europa 5 verschiedene Mitsubishi-Modelle, n\u00e4mlich den ASX, den Eclipse Cross, den Pick-up L200, den Outlander und den Space Star. Dies ist eine Mischung aus Stadtautos und SUVs. Vor allem der Outlander PHEV ist auf den niederl\u00e4ndischen Stra\u00dfen h\u00e4ufig zu sehen, was zum Teil auf den (ehemals) g\u00fcnstigen Zusatzsteuersatz f\u00fcr Gesch\u00e4ftsfahrer zur\u00fcckzuf\u00fchren ist. Bei privaten K\u00e4ufern sind derzeit der kompakte Space Star und der robuste ASX beliebt.<\/p>\n<p>[\/et_pb_text][\/et_pb_column][\/et_pb_row][et_pb_row _builder_version=\"4.16\u2033 background_size=\"initial\" background_position=\"top_left\" background_repeat=\"repeat\" custom_padding=\"26.3594px|0px|2px|0px\" global_colors_info=\"{}\"][et_pb_column type=\"4_4\u2033 _builder_version=\"4.16\u2033 custom_padding=\"|||\" global_colors_info=\"{}\" custom_padding__hover=\"|||\"][et_pb_text _builder_version=\"4.17.4\u2033 background_color=\"rgba(12,113,195,0.18)\" custom_margin=\"0px|||\" custom_padding=\"10px|20px|10px|20px\" global_colors_info=\"{}\"]<\/p>\n<h2 style=\"text-align: center;\">Datenbank Mitsubishi<\/h2>\n<p style=\"text-align: center;\">Die folgenden \u00dcbersichten zeigen Wartungsintervalle, ben\u00f6tigtes Motor\u00f6l und Tipps zu den neuesten Mitsubishi-Modellen. Die Intervalle und Richtlinien sind nur ein Anhaltspunkt, es k\u00f6nnen Umst\u00e4nde eintreten, die eine Werkstatt veranlassen, eine andere Empfehlung auszusprechen.<\/p>\n<p>[\/et_pb_text][\/et_pb_column][\/et_pb_row][\/et_pb_section][et_pb_section fb_built=\"1\u2033 _builder_version=\"4.16\u2033 custom_padding=\"1px|0px|52.7188px|0px\" global_colors_info=\"{}\"][et_pb_row _builder_version=\"4.16\u2033 background_size=\"initial\" background_position=\"top_left\" background_repeat=\"repeat\" global_colors_info=\"{}\"][et_pb_column type=\"4_4\u2033 _builder_version=\"4.16\u2033 custom_padding=\"|||\" global_colors_info=\"{}\" custom_padding__hover=\"|||\"][et_pb_text _builder_version=\"4.19.4\u2033 hover_enabled=\"0\u2033 global_colors_info=\"{}\" sticky_enabled=\"0\u2033]<\/p>\n<h2>Mitsubishi Zahnriemen<\/h2>\n<p>Fast alle Mitsubishi-Modelle haben einen Zahnriemen. Wenn der Zahnriemen Ihres Mitsubishi nicht rechtzeitig ausgetauscht wird, kann er rei\u00dfen, was zu einem Festfressen des Motors oder im schlimmsten Fall zu einem noch gr\u00f6\u00dferen Schaden f\u00fchren kann. Die Kosten f\u00fcr die Reparatur eines gerissenen Zahnriemens k\u00f6nnen betr\u00e4chtlich sein. Nachstehend finden Sie eine Liste der Zahnriemenwechselintervalle f\u00fcr diese Modelle:<\/p>\n<ul>\n<li><a href=\"https:\/\/autobaak.nl\/de\/zahnriemen-mitsubishi-lancer-intervall\/\">Zahnriemen-Intervall Mitsubishi Lancer<\/a><\/li>\n<li><a href=\"https:\/\/autobaak.nl\/de\/mitsubishi-colt-zahnriemen-intervall\/\">Zahnriemen-Intervall Mitsubishi Colt<\/a><\/li>\n<li><a href=\"https:\/\/autobaak.nl\/de\/zahnriemen-mitsubishi-outlander-intervall\/\">Zahnriemen-Intervall Mitsubishi Outlander<\/a><\/li>\n<li><a href=\"https:\/\/autobaak.nl\/de\/mitsubishi-asx-zahnriemen-ersetzt\/\">Zahnriemen-Intervall Mitsubishi ASX<\/a><\/li>\n<li><a href=\"https:\/\/autobaak.nl\/de\/mitubishi-space-star-zahnriemenintervall\/\">Zahnriemen-Intervall Mitsubishi Space Star<\/a><\/li>\n<\/ul>\n<h3>Reifendruck Mitsubishi<\/h3>\n<p>Der Reifendruck Ihres Mitsubishi sollte jeden Monat \u00fcberpr\u00fcft werden, um eine optimale Leistung zu gew\u00e4hrleisten. Au\u00dferdem kann ein falscher Reifendruck zu einem hohen Kraftstoffverbrauch und einer schnelleren oder unregelm\u00e4\u00dfigen Abnutzung der Reifen f\u00fchren. Auf den folgenden Seiten finden Sie eine \u00dcbersicht \u00fcber die Reifendr\u00fccke f\u00fcr Ihren Mitsubishi.<\/p>\n<ul>\n<li><a href=\"https:\/\/autobaak.nl\/de\/reifendruck-mitsubishi-asx\/\">Reifendruck Mitsubishi ASX<\/a><\/li>\n<li><a href=\"https:\/\/autobaak.nl\/de\/reifendruck-mitsubishi-colt\/\">Reifendruck Mitsubishi Colt<\/a><\/li>\n<li><a href=\"https:\/\/autobaak.nl\/de\/reifendruck-mitsubishi-colt-czc\/\">Reifendruck Mitsubishi Colt CZC<\/a><\/li>\n<li><a href=\"https:\/\/autobaak.nl\/de\/reifendruck-mitsubishi-galant\/\">Reifendruck Mitsubishi Galant<\/a><\/li>\n<li><a href=\"https:\/\/autobaak.nl\/de\/reifendruck-mitsubishi-galant-station-wagon\/\">Reifendruck Mitsubishi Galant Station Wagon<\/a><\/li>\n<li><a href=\"https:\/\/autobaak.nl\/de\/reifendruck-mitsubishi-lancer\/\">Reifendruck Mitsubishi Lancer<\/a><\/li>\n<li><a href=\"https:\/\/autobaak.nl\/de\/reifendruck-mitsubishi-pajero\/\">Reifendruck Mitsubishi Pajero<\/a><\/li>\n<li><a href=\"https:\/\/autobaak.nl\/de\/reifendruck-mitsubishi-spacewagon\/\">Reifendruck Mitsubishi SpaceWagon<\/a><\/li>\n<li><a href=\"https:\/\/autobaak.nl\/de\/reifendruck-mitsubishi-carisma\/\">Reifendruck Mitsubishi Carisma<\/a><\/li>\n<li><a href=\"https:\/\/autobaak.nl\/de\/reifendruck-mitsubishi-l200\/\">Reifendruck Mitsubishi L200<\/a><\/li>\n<li><a href=\"https:\/\/autobaak.nl\/de\/reifendruck-mitsubishi-outlander\/\">Reifendruck Mitsubishi Outlander<\/a><\/li>\n<li><a href=\"https:\/\/autobaak.nl\/de\/reifendruck-mitsubishi-space-star\/\">Reifendruck Mitsubishi SpaceStar<\/a><\/li>\n<li><a href=\"https:\/\/autobaak.nl\/de\/reifendruck-mitsubishi-i-miev\/\">Reifendruck Mitsubishi i-MiEV<\/a><\/li>\n<\/ul>\n<h3>Mitsubishi Autolampen<\/h3>\n<p>Sie m\u00f6chten die Gl\u00fchbirnen in Ihrem Mitsubishi ersetzen, wissen aber nicht, welche Art von Gl\u00fchbirne Sie ben\u00f6tigen? Zu diesem <a href=\"https:\/\/autobaak.nl\/de\/autogluhbirnen-mitsubishi-ubersicht\/\">Mitsubishi Autogl\u00fchbirnen<\/a> Seite haben wir eine Liste mit allen Lampen zusammengestellt.<\/p>\n<blockquote class=\"wp-embedded-content\" data-secret=\"Y0KtPyboiu\"><p><a href=\"https:\/\/autobaak.nl\/de\/autogluhbirnen-mitsubishi-ubersicht\/\">Autolampen Mitsubishi \u00dcbersicht<\/a><\/p><\/blockquote>\n<p><iframe loading=\"lazy\" class=\"wp-embedded-content\" sandbox=\"allow-scripts\" security=\"restricted\" style=\"position: absolute; clip: rect(1px, 1px, 1px, 1px);\" title=\"&quot;Autolampen Mitsubishi im \u00dcberblick&quot; - Autobook alles f\u00fcr und \u00fcber Autos\" src=\"https:\/\/autobaak.nl\/autolampen-mitsubishi-overzicht\/embed\/#?secret=2MzAP880aW#?secret=Y0KtPyboiu\" data-secret=\"Y0KtPyboiu\" width=\"600\" height=\"338\" frameborder=\"0\" marginwidth=\"0\" marginheight=\"0\" scrolling=\"no\"><\/iframe><\/p>\n<p>&nbsp;<\/p>\n<p>[\/et_pb_text][\/et_pb_column][\/et_pb_row][et_pb_row column_structure=\"1_2,1_2\u2033 _builder_version=\"4.17.4\u2033 _module_preset=\"default\" global_colors_info=\"{}\"][et_pb_column type=\"1_2\u2033 _builder_version=\"4.17.4\u2033 _module_preset=\"default\" global_colors_info=\"{}\"][et_pb_text _builder_version=\"4.17.4\u2033 _module_preset=\"default\" global_colors_info=\"{}\"]<\/p>\n<h3>Welches Motor\u00f6l Mitsubishi<\/h3>\n<p>Der rechtzeitige Wechsel des Motor\u00f6ls ist entscheidend f\u00fcr den Zustand Ihres Motors. Es ist auch wichtig zu wissen, welches Motor\u00f6l Sie ben\u00f6tigen. Im Allgemeinen wird im Wartungsheft immer das richtige Motor\u00f6l angegeben. Sie m\u00f6chten wissen, welches Motor\u00f6l Sie in Ihren Mitsubishi einf\u00fcllen sollen? Dann nutzen Sie die praktische Suchfunktion von Kroon Oil:<\/p>\n<p>[\/et_pb_text][\/et_pb_column][et_pb_column type=\"1_2\u2033 _builder_version=\"4.17.4\u2033 _module_preset=\"default\" global_colors_info=\"{}\"][et_pb_text _builder_version=\"4.17.4\u2033 _module_preset=\"default\" global_colors_info=\"{}\"]<script type=\"text\/javascript\" src=\"\/\/kroon-oil.com\/adviesbanners\/v3\/bnr-js.php?lang=nl&amp;type=reg&amp;theme=light\"><\/script>[\/et_pb_text][\/et_pb_column][\/et_pb_row][\/et_pb_section].<\/p>","protected":false},"excerpt":{"rendered":"<p>Mitsubishi ist ein japanischer multinationaler Automobilhersteller mit Hauptsitz in Minato, Tokio, Japan. Im Jahr 2011 war Mitsubishi Motors der sechstgr\u00f6\u00dfte japanische Automobilhersteller und weltweit auf Platz 19 in Bezug auf die Produktion. Seit Oktober 2016 geh\u00f6rt Mitsubishi zu einem Drittel (34%) zu Nissan und ist damit Teil der Allianz Renault-Nissan-Mitsubishi. Aktuelle Modelle Mitsubishi Derzeit [...]<\/p>","protected":false},"author":1,"featured_media":0,"parent":0,"menu_order":0,"comment_status":"closed","ping_status":"closed","template":"","meta":{"_et_pb_use_builder":"on","_et_pb_old_content":"<p>Mitsubishi is een Japanse multinationale autofabrikant met het hoofdkantoor in Minato, Tokyo, Japan. In 2011 was Mitsubishi Motors de zesde grootste Japanse autofabrikant en de 19e wereldwijd qua productie. Sinds oktober 2016 is Mitsubishi voor een derde (34%) in handen van Nissan, en maakt dus deel uit van de Alliantie Renault-Nissan-Mitsubishi.<\/p><h2>Huidige modellen Mitsubishi<\/h2><p>Momenteel rijden er 5 verschillende Mitsubishi modellen in Europa, dit zijn de ASX, Eclipse Cross, de pick up L200, Outlander en Space Star. Dit is een mix van stadsauto's en SUV's. Vooral de Outlander PHEV is veel op de Nederlandse weg te zien wat mede komt door de (voorheen) gunstige bijtelling voor zakelijke rijders. Bij particuliere kopers zijn momenteel de compacte Space Star en stoere ASX gewild.<\/p>","_et_gb_content_width":"","footnotes":""},"class_list":["post-153225","page","type-page","status-publish","hentry"],"yoast_head":"<!-- This site is optimized with the Yoast SEO plugin v27.3 - https:\/\/yoast.com\/product\/yoast-seo-wordpress\/ -->\n<title>Mitsubishi Home - Autobaak.nl<\/title>\n<meta name=\"robots\" content=\"index, follow, max-snippet:-1, max-image-preview:large, max-video-preview:-1\" \/>\n<link rel=\"canonical\" href=\"https:\/\/autobaak.nl\/de\/mitsubishi-home\/\" \/>\n<meta property=\"og:locale\" content=\"de_DE\" \/>\n<meta property=\"og:type\" content=\"article\" \/>\n<meta property=\"og:title\" content=\"Mitsubishi Home - Autobaak.nl\" \/>\n<meta property=\"og:description\" content=\"Mitsubishi is een Japanse multinationale autofabrikant met het hoofdkantoor in Minato, Tokyo, Japan. In 2011 was Mitsubishi Motors de zesde grootste Japanse autofabrikant en de 19e wereldwijd qua productie. Sinds oktober 2016 is Mitsubishi voor een derde (34%) in handen van Nissan, en maakt dus deel uit van de Alliantie Renault-Nissan-Mitsubishi. Huidige modellen Mitsubishi Momenteel [&hellip;]\" \/>\n<meta property=\"og:url\" content=\"https:\/\/autobaak.nl\/de\/mitsubishi-home\/\" \/>\n<meta property=\"og:site_name\" content=\"Autobaak.nl\" \/>\n<meta property=\"article:modified_time\" content=\"2023-02-08T13:17:06+00:00\" \/>\n<meta name=\"twitter:card\" content=\"summary_large_image\" \/>\n<meta name=\"twitter:label1\" content=\"Gesch\u00e4tzte Lesezeit\" \/>\n\t<meta name=\"twitter:data1\" content=\"3\u00a0Minuten\" \/>\n<script type=\"application\/ld+json\" class=\"yoast-schema-graph\">{\"@context\":\"https:\\\/\\\/schema.org\",\"@graph\":[{\"@type\":\"WebPage\",\"@id\":\"https:\\\/\\\/autobaak.nl\\\/mitsubishi-home\\\/\",\"url\":\"https:\\\/\\\/autobaak.nl\\\/mitsubishi-home\\\/\",\"name\":\"Mitsubishi Home - Autobaak.nl\",\"isPartOf\":{\"@id\":\"https:\\\/\\\/autobaak.nl\\\/#website\"},\"datePublished\":\"2022-06-23T10:02:59+00:00\",\"dateModified\":\"2023-02-08T13:17:06+00:00\",\"breadcrumb\":{\"@id\":\"https:\\\/\\\/autobaak.nl\\\/mitsubishi-home\\\/#breadcrumb\"},\"inLanguage\":\"de\",\"potentialAction\":[{\"@type\":\"ReadAction\",\"target\":[\"https:\\\/\\\/autobaak.nl\\\/mitsubishi-home\\\/\"]}]},{\"@type\":\"BreadcrumbList\",\"@id\":\"https:\\\/\\\/autobaak.nl\\\/mitsubishi-home\\\/#breadcrumb\",\"itemListElement\":[{\"@type\":\"ListItem\",\"position\":1,\"name\":\"Home\",\"item\":\"https:\\\/\\\/autobaak.nl\\\/\"},{\"@type\":\"ListItem\",\"position\":2,\"name\":\"Mitsubishi Home\"}]},{\"@type\":\"WebSite\",\"@id\":\"https:\\\/\\\/autobaak.nl\\\/#website\",\"url\":\"https:\\\/\\\/autobaak.nl\\\/\",\"name\":\"Autobaak.nl\",\"description\":\"Cars &amp; Racing\",\"potentialAction\":[{\"@type\":\"SearchAction\",\"target\":{\"@type\":\"EntryPoint\",\"urlTemplate\":\"https:\\\/\\\/autobaak.nl\\\/?s={search_term_string}\"},\"query-input\":{\"@type\":\"PropertyValueSpecification\",\"valueRequired\":true,\"valueName\":\"search_term_string\"}}],\"inLanguage\":\"de\"}]}<\/script>\n<!-- \/ Yoast SEO plugin. -->","yoast_head_json":{"title":"Mitsubishi Startseite - Autobaak.de","robots":{"index":"index","follow":"follow","max-snippet":"max-snippet:-1","max-image-preview":"max-image-preview:large","max-video-preview":"max-video-preview:-1"},"canonical":"https:\/\/autobaak.nl\/de\/mitsubishi-home\/","og_locale":"de_DE","og_type":"article","og_title":"Mitsubishi Home - Autobaak.nl","og_description":"Mitsubishi is een Japanse multinationale autofabrikant met het hoofdkantoor in Minato, Tokyo, Japan. In 2011 was Mitsubishi Motors de zesde grootste Japanse autofabrikant en de 19e wereldwijd qua productie. Sinds oktober 2016 is Mitsubishi voor een derde (34%) in handen van Nissan, en maakt dus deel uit van de Alliantie Renault-Nissan-Mitsubishi. Huidige modellen Mitsubishi Momenteel [&hellip;]","og_url":"https:\/\/autobaak.nl\/de\/mitsubishi-home\/","og_site_name":"Autobaak.nl","article_modified_time":"2023-02-08T13:17:06+00:00","twitter_card":"summary_large_image","twitter_misc":{"Gesch\u00e4tzte Lesezeit":"3\u00a0Minuten"},"schema":{"@context":"https:\/\/schema.org","@graph":[{"@type":"WebPage","@id":"https:\/\/autobaak.nl\/mitsubishi-home\/","url":"https:\/\/autobaak.nl\/mitsubishi-home\/","name":"Mitsubishi Startseite - Autobaak.de","isPartOf":{"@id":"https:\/\/autobaak.nl\/#website"},"datePublished":"2022-06-23T10:02:59+00:00","dateModified":"2023-02-08T13:17:06+00:00","breadcrumb":{"@id":"https:\/\/autobaak.nl\/mitsubishi-home\/#breadcrumb"},"inLanguage":"de","potentialAction":[{"@type":"ReadAction","target":["https:\/\/autobaak.nl\/mitsubishi-home\/"]}]},{"@type":"BreadcrumbList","@id":"https:\/\/autobaak.nl\/mitsubishi-home\/#breadcrumb","itemListElement":[{"@type":"ListItem","position":1,"name":"Home","item":"https:\/\/autobaak.nl\/"},{"@type":"ListItem","position":2,"name":"Mitsubishi Home"}]},{"@type":"WebSite","@id":"https:\/\/autobaak.nl\/#website","url":"https:\/\/autobaak.nl\/","name":"Autobook.de","description":"Autos &amp; Rennsport","potentialAction":[{"@type":"SearchAction","target":{"@type":"EntryPoint","urlTemplate":"https:\/\/autobaak.nl\/?s={search_term_string}"},"query-input":{"@type":"PropertyValueSpecification","valueRequired":true,"valueName":"search_term_string"}}],"inLanguage":"de"}]}},"_links":{"self":[{"href":"https:\/\/autobaak.nl\/de\/wp-json\/wp\/v2\/pages\/153225","targetHints":{"allow":["GET"]}}],"collection":[{"href":"https:\/\/autobaak.nl\/de\/wp-json\/wp\/v2\/pages"}],"about":[{"href":"https:\/\/autobaak.nl\/de\/wp-json\/wp\/v2\/types\/page"}],"author":[{"embeddable":true,"href":"https:\/\/autobaak.nl\/de\/wp-json\/wp\/v2\/users\/1"}],"replies":[{"embeddable":true,"href":"https:\/\/autobaak.nl\/de\/wp-json\/wp\/v2\/comments?post=153225"}],"version-history":[{"count":0,"href":"https:\/\/autobaak.nl\/de\/wp-json\/wp\/v2\/pages\/153225\/revisions"}],"wp:attachment":[{"href":"https:\/\/autobaak.nl\/de\/wp-json\/wp\/v2\/media?parent=153225"}],"curies":[{"name":"wp","href":"https:\/\/api.w.org\/{rel}","templated":true}]}}