{"id":153260,"date":"2022-06-28T10:04:49","date_gmt":"2022-06-28T08:04:49","guid":{"rendered":"https:\/\/autobaak.nl\/?page_id=153260"},"modified":"2022-06-28T10:04:49","modified_gmt":"2022-06-28T08:04:49","slug":"reifendruck-mitsubishi-pajero","status":"publish","type":"page","link":"https:\/\/autobaak.nl\/de\/reifendruck-mitsubishi-pajero\/","title":{"rendered":"Reifendruck Mitsubishi Pajero"},"content":{"rendered":"<p>Was ist der richtige Reifendruck f\u00fcr den Mitsubishi Pajero? Auf dieser Seite sind die Mitsubishi Pajero-Modelle und der dazugeh\u00f6rige Reifendruck aufgelistet.<\/p>\n<h2>Mitsubishi Pajero Reifendruck<\/h2>\n<table class=\"table table-striped table-bordered table-hover table-responsive\">\n<thead class=\"thead-dark\">\n<tr>\n<th>Antrieb<\/th>\n<th>Gr\u00f6\u00dfe des Reifens<\/th>\n<th>Reifendruck Vorderr\u00e4der<\/th>\n<th>Reifendruck am Hinterrad<\/th>\n<th>Frontlader<\/th>\n<th>Laden Sie die R\u00fcckseite<\/th>\n<\/tr>\n<\/thead>\n<tbody>\n<tr>\n<td data-title=\"Aandrijving\"><strong>3.2 DI-D<\/strong><\/td>\n<td data-title=\"Bandenmaat\">265 60 R18 110H 4\u00d74<\/td>\n<td data-title=\"Bandenspanning voorwielen\">2.2<\/td>\n<td data-title=\"Bandenspanning achterwielen\">2.4<\/td>\n<td data-title=\"Voorkant beladen\">2.6<\/td>\n<td data-title=\"Achterkant beladen\">3.0<\/td>\n<\/tr>\n<tr>\n<td data-title=\"Aandrijving\"><strong>3.2 DI-D<\/strong><\/td>\n<td data-title=\"Bandenmaat\">265 65 R17 112H 4\u00d74<\/td>\n<td data-title=\"Bandenspanning voorwielen\">2.2<\/td>\n<td data-title=\"Bandenspanning achterwielen\">2.4<\/td>\n<td data-title=\"Voorkant beladen\">2.6<\/td>\n<td data-title=\"Achterkant beladen\">3.0<\/td>\n<\/tr>\n<tr>\n<td data-title=\"Aandrijving\"><strong>3.8 V6<\/strong><\/td>\n<td data-title=\"Bandenmaat\">265 60 R18 110V 4\u00d74<\/td>\n<td data-title=\"Bandenspanning voorwielen\">2.2<\/td>\n<td data-title=\"Bandenspanning achterwielen\">2.4<\/td>\n<td data-title=\"Voorkant beladen\">2.4<\/td>\n<td data-title=\"Achterkant beladen\">2.8<\/td>\n<\/tr>\n<\/tbody>\n<\/table>","protected":false},"excerpt":{"rendered":"<p>Was ist der richtige Reifendruck f\u00fcr den Mitsubishi Pajero? Auf dieser Seite finden Sie eine \u00dcbersicht aller Mitsubishi Pajero Modelle und deren Reifendruck. Mitsubishi Pajero Reifendruck Antrieb Reifengr\u00f6\u00dfe Reifendruck Vorderr\u00e4der Reifendruck Hinterr\u00e4der Vorne beladen Hinten beladen 3.2 DI-D 265 60 R18 110H 4\u00d74 2.2 2.4 2.6 3.0 3.2 DI-D 265 65 R17 112H 4\u00d74 2.2 [...]<\/p>","protected":false},"author":1,"featured_media":0,"parent":0,"menu_order":0,"comment_status":"closed","ping_status":"closed","template":"","meta":{"_et_pb_use_builder":"","_et_pb_old_content":"","_et_gb_content_width":"","footnotes":""},"class_list":["post-153260","page","type-page","status-publish","hentry"],"yoast_head":"<!-- This site is optimized with the Yoast SEO plugin v27.4 - https:\/\/yoast.com\/product\/yoast-seo-wordpress\/ -->\n<title>Bandenspanning Mitsubishi Pajero - Autobaak.nl<\/title>\n<meta name=\"robots\" content=\"index, follow, max-snippet:-1, max-image-preview:large, max-video-preview:-1\" \/>\n<link rel=\"canonical\" href=\"https:\/\/autobaak.nl\/de\/reifendruck-mitsubishi-pajero\/\" \/>\n<meta property=\"og:locale\" content=\"de_DE\" \/>\n<meta property=\"og:type\" content=\"article\" \/>\n<meta property=\"og:title\" content=\"Bandenspanning Mitsubishi Pajero - Autobaak.nl\" \/>\n<meta property=\"og:description\" content=\"Wat is de juiste bandenspanning voor de Mitsubishi Pajero? Op deze pagina een overzicht van de Mitsubishi Pajero modellen en de bijbehorende Bandenspanning. Mitsubishi Pajero bandenspanning Aandrijving Bandenmaat Bandenspanning voorwielen Bandenspanning achterwielen Voorkant beladen Achterkant beladen 3.2 DI-D 265 60 R18 110H 4&#215;4 2.2 2.4 2.6 3.0 3.2 DI-D 265 65 R17 112H 4&#215;4 2.2 [&hellip;]\" \/>\n<meta property=\"og:url\" content=\"https:\/\/autobaak.nl\/de\/reifendruck-mitsubishi-pajero\/\" \/>\n<meta property=\"og:site_name\" content=\"Autobaak.nl\" \/>\n<meta name=\"twitter:card\" content=\"summary_large_image\" \/>\n<script type=\"application\/ld+json\" class=\"yoast-schema-graph\">{\"@context\":\"https:\\\/\\\/schema.org\",\"@graph\":[{\"@type\":\"WebPage\",\"@id\":\"https:\\\/\\\/autobaak.nl\\\/bandenspanning-mitsubishi-pajero\\\/\",\"url\":\"https:\\\/\\\/autobaak.nl\\\/bandenspanning-mitsubishi-pajero\\\/\",\"name\":\"Bandenspanning Mitsubishi Pajero - Autobaak.nl\",\"isPartOf\":{\"@id\":\"https:\\\/\\\/autobaak.nl\\\/#website\"},\"datePublished\":\"2022-06-28T08:04:49+00:00\",\"breadcrumb\":{\"@id\":\"https:\\\/\\\/autobaak.nl\\\/bandenspanning-mitsubishi-pajero\\\/#breadcrumb\"},\"inLanguage\":\"de\",\"potentialAction\":[{\"@type\":\"ReadAction\",\"target\":[\"https:\\\/\\\/autobaak.nl\\\/bandenspanning-mitsubishi-pajero\\\/\"]}]},{\"@type\":\"BreadcrumbList\",\"@id\":\"https:\\\/\\\/autobaak.nl\\\/bandenspanning-mitsubishi-pajero\\\/#breadcrumb\",\"itemListElement\":[{\"@type\":\"ListItem\",\"position\":1,\"name\":\"Home\",\"item\":\"https:\\\/\\\/autobaak.nl\\\/\"},{\"@type\":\"ListItem\",\"position\":2,\"name\":\"Bandenspanning Mitsubishi Pajero\"}]},{\"@type\":\"WebSite\",\"@id\":\"https:\\\/\\\/autobaak.nl\\\/#website\",\"url\":\"https:\\\/\\\/autobaak.nl\\\/\",\"name\":\"Autobaak.nl\",\"description\":\"Cars &amp; Racing\",\"potentialAction\":[{\"@type\":\"SearchAction\",\"target\":{\"@type\":\"EntryPoint\",\"urlTemplate\":\"https:\\\/\\\/autobaak.nl\\\/?s={search_term_string}\"},\"query-input\":{\"@type\":\"PropertyValueSpecification\",\"valueRequired\":true,\"valueName\":\"search_term_string\"}}],\"inLanguage\":\"de\"}]}<\/script>\n<!-- \/ Yoast SEO plugin. -->","yoast_head_json":{"title":"Mitsubishi Pajero Reifendruck - Autobaak.de","robots":{"index":"index","follow":"follow","max-snippet":"max-snippet:-1","max-image-preview":"max-image-preview:large","max-video-preview":"max-video-preview:-1"},"canonical":"https:\/\/autobaak.nl\/de\/reifendruck-mitsubishi-pajero\/","og_locale":"de_DE","og_type":"article","og_title":"Bandenspanning Mitsubishi Pajero - Autobaak.nl","og_description":"Wat is de juiste bandenspanning voor de Mitsubishi Pajero? Op deze pagina een overzicht van de Mitsubishi Pajero modellen en de bijbehorende Bandenspanning. Mitsubishi Pajero bandenspanning Aandrijving Bandenmaat Bandenspanning voorwielen Bandenspanning achterwielen Voorkant beladen Achterkant beladen 3.2 DI-D 265 60 R18 110H 4&#215;4 2.2 2.4 2.6 3.0 3.2 DI-D 265 65 R17 112H 4&#215;4 2.2 [&hellip;]","og_url":"https:\/\/autobaak.nl\/de\/reifendruck-mitsubishi-pajero\/","og_site_name":"Autobaak.nl","twitter_card":"summary_large_image","schema":{"@context":"https:\/\/schema.org","@graph":[{"@type":"WebPage","@id":"https:\/\/autobaak.nl\/bandenspanning-mitsubishi-pajero\/","url":"https:\/\/autobaak.nl\/bandenspanning-mitsubishi-pajero\/","name":"Mitsubishi Pajero Reifendruck - Autobaak.de","isPartOf":{"@id":"https:\/\/autobaak.nl\/#website"},"datePublished":"2022-06-28T08:04:49+00:00","breadcrumb":{"@id":"https:\/\/autobaak.nl\/bandenspanning-mitsubishi-pajero\/#breadcrumb"},"inLanguage":"de","potentialAction":[{"@type":"ReadAction","target":["https:\/\/autobaak.nl\/bandenspanning-mitsubishi-pajero\/"]}]},{"@type":"BreadcrumbList","@id":"https:\/\/autobaak.nl\/bandenspanning-mitsubishi-pajero\/#breadcrumb","itemListElement":[{"@type":"ListItem","position":1,"name":"Home","item":"https:\/\/autobaak.nl\/"},{"@type":"ListItem","position":2,"name":"Bandenspanning Mitsubishi Pajero"}]},{"@type":"WebSite","@id":"https:\/\/autobaak.nl\/#website","url":"https:\/\/autobaak.nl\/","name":"Autobook.de","description":"Autos &amp; Rennsport","potentialAction":[{"@type":"SearchAction","target":{"@type":"EntryPoint","urlTemplate":"https:\/\/autobaak.nl\/?s={search_term_string}"},"query-input":{"@type":"PropertyValueSpecification","valueRequired":true,"valueName":"search_term_string"}}],"inLanguage":"de"}]}},"_links":{"self":[{"href":"https:\/\/autobaak.nl\/de\/wp-json\/wp\/v2\/pages\/153260","targetHints":{"allow":["GET"]}}],"collection":[{"href":"https:\/\/autobaak.nl\/de\/wp-json\/wp\/v2\/pages"}],"about":[{"href":"https:\/\/autobaak.nl\/de\/wp-json\/wp\/v2\/types\/page"}],"author":[{"embeddable":true,"href":"https:\/\/autobaak.nl\/de\/wp-json\/wp\/v2\/users\/1"}],"replies":[{"embeddable":true,"href":"https:\/\/autobaak.nl\/de\/wp-json\/wp\/v2\/comments?post=153260"}],"version-history":[{"count":0,"href":"https:\/\/autobaak.nl\/de\/wp-json\/wp\/v2\/pages\/153260\/revisions"}],"wp:attachment":[{"href":"https:\/\/autobaak.nl\/de\/wp-json\/wp\/v2\/media?parent=153260"}],"curies":[{"name":"wp","href":"https:\/\/api.w.org\/{rel}","templated":true}]}}