{"id":153262,"date":"2022-06-28T10:05:27","date_gmt":"2022-06-28T08:05:27","guid":{"rendered":"https:\/\/autobaak.nl\/?page_id=153262"},"modified":"2022-06-28T10:05:27","modified_gmt":"2022-06-28T08:05:27","slug":"reifendruck-mitsubishi-spacewagon","status":"publish","type":"page","link":"https:\/\/autobaak.nl\/de\/reifendruck-mitsubishi-spacewagon\/","title":{"rendered":"Reifendruck Mitsubishi SpaceWagon"},"content":{"rendered":"<p>Was ist der richtige Reifendruck f\u00fcr Ihren Mitsubishi SpaceWagon? Auf dieser Seite finden Sie eine Liste aller Mitsubishi SpaceWagon-Modelle und den dazugeh\u00f6rigen Reifendruck.<\/p>\n<h2>Mitsubishi SpaceWagon Reifendruck<\/h2>\n<div class=\"col-12 col-md-8\">\n<div class=\"row\">\n<div class=\"col-sm-12 text-center no-more-tables\">\n<table class=\"table table-striped table-bordered table-hover table-responsive\">\n<thead class=\"thead-dark\">\n<tr>\n<th>Antrieb<\/th>\n<th>Gr\u00f6\u00dfe des Reifens<\/th>\n<th>Reifendruck Vorderr\u00e4der<\/th>\n<th>Reifendruck am Hinterrad<\/th>\n<th>Frontlader<\/th>\n<th>Laden Sie die R\u00fcckseite<\/th>\n<\/tr>\n<\/thead>\n<tbody>\n<tr>\n<td data-title=\"Aandrijving\"><strong>2.0<\/strong><\/td>\n<td data-title=\"Bandenmaat\">205 65 R15 94H<\/td>\n<td data-title=\"Bandenspanning voorwielen\">2.4<\/td>\n<td data-title=\"Bandenspanning achterwielen\">2.2<\/td>\n<td data-title=\"Voorkant beladen\">2.5<\/td>\n<td data-title=\"Achterkant beladen\">2.6<\/td>\n<\/tr>\n<tr>\n<td data-title=\"Aandrijving\"><strong>2.4 GDI 16 V<\/strong><\/td>\n<td data-title=\"Bandenmaat\">205 65 R15 94H<\/td>\n<td data-title=\"Bandenspanning voorwielen\">2.4<\/td>\n<td data-title=\"Bandenspanning achterwielen\">2.2<\/td>\n<td data-title=\"Voorkant beladen\">2.5<\/td>\n<td data-title=\"Achterkant beladen\">2.6<\/td>\n<\/tr>\n<\/tbody>\n<\/table>\n<\/div>\n<\/div>\n<\/div>\n<div class=\"col-12 col-md-4\"><\/div>","protected":false},"excerpt":{"rendered":"<p>Was ist der richtige Reifendruck f\u00fcr den Mitsubishi SpaceWagon? Auf dieser Seite sind die Mitsubishi SpaceWagon-Modelle und der dazugeh\u00f6rige Reifendruck aufgelistet. Mitsubishi SpaceWagon Reifendruck Antrieb Reifengr\u00f6\u00dfe Reifendruck Vorderr\u00e4der Reifendruck Hinterr\u00e4der Vorderachse Hinterachse 2.0 205 65 R15 94H 2.4 2.2 2.5 2.6 2.4 GDI 16 V 205 65 R15 94H 2.4 2.2 [...]<\/p>","protected":false},"author":1,"featured_media":0,"parent":0,"menu_order":0,"comment_status":"closed","ping_status":"closed","template":"","meta":{"_et_pb_use_builder":"","_et_pb_old_content":"","_et_gb_content_width":"","footnotes":""},"class_list":["post-153262","page","type-page","status-publish","hentry"],"yoast_head":"<!-- This site is optimized with the Yoast SEO plugin v27.3 - https:\/\/yoast.com\/product\/yoast-seo-wordpress\/ -->\n<title>Bandenspanning Mitsubishi SpaceWagon - Autobaak.nl<\/title>\n<meta name=\"robots\" content=\"index, follow, max-snippet:-1, max-image-preview:large, max-video-preview:-1\" \/>\n<link rel=\"canonical\" href=\"https:\/\/autobaak.nl\/de\/reifendruck-mitsubishi-spacewagon\/\" \/>\n<meta property=\"og:locale\" content=\"de_DE\" \/>\n<meta property=\"og:type\" content=\"article\" \/>\n<meta property=\"og:title\" content=\"Bandenspanning Mitsubishi SpaceWagon - Autobaak.nl\" \/>\n<meta property=\"og:description\" content=\"Wat is de juiste bandenspanning voor de Mitsubishi SpaceWagon? Op deze pagina een overzicht van de Mitsubishi SpaceWagon modellen en de bijbehorende Bandenspanning. Mitsubishi SpaceWagon bandenspanning Aandrijving Bandenmaat Bandenspanning voorwielen Bandenspanning achterwielen Voorkant beladen Achterkant beladen 2.0 205 65 R15 94H 2.4 2.2 2.5 2.6 2.4 GDI 16 V 205 65 R15 94H 2.4 2.2 [&hellip;]\" \/>\n<meta property=\"og:url\" content=\"https:\/\/autobaak.nl\/de\/reifendruck-mitsubishi-spacewagon\/\" \/>\n<meta property=\"og:site_name\" content=\"Autobaak.nl\" \/>\n<meta name=\"twitter:card\" content=\"summary_large_image\" \/>\n<script type=\"application\/ld+json\" class=\"yoast-schema-graph\">{\"@context\":\"https:\\\/\\\/schema.org\",\"@graph\":[{\"@type\":\"WebPage\",\"@id\":\"https:\\\/\\\/autobaak.nl\\\/bandenspanning-mitsubishi-spacewagon\\\/\",\"url\":\"https:\\\/\\\/autobaak.nl\\\/bandenspanning-mitsubishi-spacewagon\\\/\",\"name\":\"Bandenspanning Mitsubishi SpaceWagon - Autobaak.nl\",\"isPartOf\":{\"@id\":\"https:\\\/\\\/autobaak.nl\\\/#website\"},\"datePublished\":\"2022-06-28T08:05:27+00:00\",\"breadcrumb\":{\"@id\":\"https:\\\/\\\/autobaak.nl\\\/bandenspanning-mitsubishi-spacewagon\\\/#breadcrumb\"},\"inLanguage\":\"de\",\"potentialAction\":[{\"@type\":\"ReadAction\",\"target\":[\"https:\\\/\\\/autobaak.nl\\\/bandenspanning-mitsubishi-spacewagon\\\/\"]}]},{\"@type\":\"BreadcrumbList\",\"@id\":\"https:\\\/\\\/autobaak.nl\\\/bandenspanning-mitsubishi-spacewagon\\\/#breadcrumb\",\"itemListElement\":[{\"@type\":\"ListItem\",\"position\":1,\"name\":\"Home\",\"item\":\"https:\\\/\\\/autobaak.nl\\\/\"},{\"@type\":\"ListItem\",\"position\":2,\"name\":\"Bandenspanning Mitsubishi SpaceWagon\"}]},{\"@type\":\"WebSite\",\"@id\":\"https:\\\/\\\/autobaak.nl\\\/#website\",\"url\":\"https:\\\/\\\/autobaak.nl\\\/\",\"name\":\"Autobaak.nl\",\"description\":\"Cars &amp; Racing\",\"potentialAction\":[{\"@type\":\"SearchAction\",\"target\":{\"@type\":\"EntryPoint\",\"urlTemplate\":\"https:\\\/\\\/autobaak.nl\\\/?s={search_term_string}\"},\"query-input\":{\"@type\":\"PropertyValueSpecification\",\"valueRequired\":true,\"valueName\":\"search_term_string\"}}],\"inLanguage\":\"de\"}]}<\/script>\n<!-- \/ Yoast SEO plugin. -->","yoast_head_json":{"title":"Reifendruck Mitsubishi SpaceWagon - Autobaak.de","robots":{"index":"index","follow":"follow","max-snippet":"max-snippet:-1","max-image-preview":"max-image-preview:large","max-video-preview":"max-video-preview:-1"},"canonical":"https:\/\/autobaak.nl\/de\/reifendruck-mitsubishi-spacewagon\/","og_locale":"de_DE","og_type":"article","og_title":"Bandenspanning Mitsubishi SpaceWagon - Autobaak.nl","og_description":"Wat is de juiste bandenspanning voor de Mitsubishi SpaceWagon? Op deze pagina een overzicht van de Mitsubishi SpaceWagon modellen en de bijbehorende Bandenspanning. Mitsubishi SpaceWagon bandenspanning Aandrijving Bandenmaat Bandenspanning voorwielen Bandenspanning achterwielen Voorkant beladen Achterkant beladen 2.0 205 65 R15 94H 2.4 2.2 2.5 2.6 2.4 GDI 16 V 205 65 R15 94H 2.4 2.2 [&hellip;]","og_url":"https:\/\/autobaak.nl\/de\/reifendruck-mitsubishi-spacewagon\/","og_site_name":"Autobaak.nl","twitter_card":"summary_large_image","schema":{"@context":"https:\/\/schema.org","@graph":[{"@type":"WebPage","@id":"https:\/\/autobaak.nl\/bandenspanning-mitsubishi-spacewagon\/","url":"https:\/\/autobaak.nl\/bandenspanning-mitsubishi-spacewagon\/","name":"Reifendruck Mitsubishi SpaceWagon - Autobaak.de","isPartOf":{"@id":"https:\/\/autobaak.nl\/#website"},"datePublished":"2022-06-28T08:05:27+00:00","breadcrumb":{"@id":"https:\/\/autobaak.nl\/bandenspanning-mitsubishi-spacewagon\/#breadcrumb"},"inLanguage":"de","potentialAction":[{"@type":"ReadAction","target":["https:\/\/autobaak.nl\/bandenspanning-mitsubishi-spacewagon\/"]}]},{"@type":"BreadcrumbList","@id":"https:\/\/autobaak.nl\/bandenspanning-mitsubishi-spacewagon\/#breadcrumb","itemListElement":[{"@type":"ListItem","position":1,"name":"Home","item":"https:\/\/autobaak.nl\/"},{"@type":"ListItem","position":2,"name":"Bandenspanning Mitsubishi SpaceWagon"}]},{"@type":"WebSite","@id":"https:\/\/autobaak.nl\/#website","url":"https:\/\/autobaak.nl\/","name":"Autobook.de","description":"Autos &amp; Rennsport","potentialAction":[{"@type":"SearchAction","target":{"@type":"EntryPoint","urlTemplate":"https:\/\/autobaak.nl\/?s={search_term_string}"},"query-input":{"@type":"PropertyValueSpecification","valueRequired":true,"valueName":"search_term_string"}}],"inLanguage":"de"}]}},"_links":{"self":[{"href":"https:\/\/autobaak.nl\/de\/wp-json\/wp\/v2\/pages\/153262","targetHints":{"allow":["GET"]}}],"collection":[{"href":"https:\/\/autobaak.nl\/de\/wp-json\/wp\/v2\/pages"}],"about":[{"href":"https:\/\/autobaak.nl\/de\/wp-json\/wp\/v2\/types\/page"}],"author":[{"embeddable":true,"href":"https:\/\/autobaak.nl\/de\/wp-json\/wp\/v2\/users\/1"}],"replies":[{"embeddable":true,"href":"https:\/\/autobaak.nl\/de\/wp-json\/wp\/v2\/comments?post=153262"}],"version-history":[{"count":0,"href":"https:\/\/autobaak.nl\/de\/wp-json\/wp\/v2\/pages\/153262\/revisions"}],"wp:attachment":[{"href":"https:\/\/autobaak.nl\/de\/wp-json\/wp\/v2\/media?parent=153262"}],"curies":[{"name":"wp","href":"https:\/\/api.w.org\/{rel}","templated":true}]}}