{"id":153348,"date":"2022-07-20T20:00:41","date_gmt":"2022-07-20T18:00:41","guid":{"rendered":"https:\/\/autobaak.nl\/?page_id=153348"},"modified":"2023-02-08T14:01:45","modified_gmt":"2023-02-08T13:01:45","slug":"chevrolet-home","status":"publish","type":"page","link":"https:\/\/autobaak.nl\/de\/chevrolet-home\/","title":{"rendered":"Chevrolet Startseite"},"content":{"rendered":"<p>[et_pb_section fb_built=\"1\u2033 inner_shadow=\"on\" fullwidth=\"on\" _builder_version=\"4.18.0\u2033 background_image=\"https:\/\/autobaak.nl\/wp-content\/uploads\/2022\/08\/pexels-jesse-zheng-1213295.jpg\" global_colors_info=\"{}\"][et_pb_fullwidth_header title=\"Skoda Home\" subhead=\"N\u00fctzliche Informationen \u00fcber Skoda\" text_orientation=\"centre\" _builder_version=\"4.18.0\u2033 content_font_size=\"15px\" background_color=\"rgba(255, 255, 255, 0)\" background_image=\"https:\/\/autobaak.nl\/wp-content\/uploads\/2022\/09\/skoda.jpg\" text_shadow_style=\"preset5\u2033 text_shadow_color=\"rgba(0,0,0,0.52)\" global_colors_info=\"{}\" button_one_text_size__hover_enabled=\"off\" button_one_text_size__hover=\"null\" button_two_text_size__hover_enabled=\"off\" button_two_text_size__hover=\"null\" button_one_text_color__hover_enabled=\"off\" button_one_text_color__hover=\"null\" button_two_text_color__hover_enabled=\"off\" button_two_text_color__hover=\"null\" button_one_border_width__hover_enabled=\"off\" button_one_border_width__hover=\"null\" button_two_border_width__hover_enabled=\"off\" button_two_border_width__hover=\"null\" button_one_border_color__hover_enabled=\"off\" button_one_border_color__hover=\"null\" button_two_border_color__hover_enabled=\"off\" button_two_border_color__hover=\"null\" button_one_border_radius__hover_enabled=\"off\" button_one_border_radius__hover=\"null\" button_two_border_radius__hover_enabled=\"off\" button_two_border_radius__hover=\"null\" button_one_letter_spacing__hover_enabled=\"off\" button_one_letter_spacing__hover=\"null\" button_two_letter_spacing__hover_enabled=\"off\" button_two_letter_spacing__hover=\"null\" button_one_bg_color__hover_enabled=\"off\" button_one_bg_color__hover=\"null\" button_two_bg_color__hover_enabled=\"off\" button_two_bg_color__hover=\"null\"][\/et_pb_fullwidth_header][\/et_pb_section][et_pb_section fb_built=\"1\u2033 _builder_version=\"4.16\u2033 custom_padding=\"2px|0px|3px|0px\" global_colors_info=\"{}\"][et_pb_row _builder_version=\"4.16\u2033 background_size=\"initial\" background_position=\"top_left\" background_repeat=\"repeat\" custom_padding=\"26.3594px|0px|2px|0px\" global_colors_info=\"{}\"][et_pb_column type=\"4_4\u2033 _builder_version=\"4.16\u2033 custom_padding=\"|||\" global_colors_info=\"{}\" custom_padding__hover=\"|||\"][et_pb_text _builder_version=\"4.16\u2033 global_colors_info=\"{}\"]<\/p>\n<h2>Geschichte von Chevrolet<\/h2>\n<p>Der Chevrolet oder kurz Chevy ist eine der bekanntesten amerikanischen Marken und hat seit seiner Gr\u00fcndung im Jahr 1910 viele Klassiker hervorgebracht. Klassische Chevrolet-Muscle-Cars sind f\u00fcr ihre gro\u00dfen Motoren bekannt, die besonders auf den ber\u00fchmten Drag-Race-Strecken und bei illegalen Stra\u00dfenrennen in den 1960er und 1970er Jahren beliebt waren. Seitdem sind sie zu beliebten Sammlerautos geworden, sowohl f\u00fcr diejenigen, die sich auf unber\u00fchrte, klassische Chevy-Autos konzentrieren, als auch f\u00fcr diejenigen, die ein Projektauto in seinem fr\u00fcheren Glanz restaurieren m\u00f6chten. Wenn Sie f\u00fcr den Geruch von rauchendem Gummi und das Dr\u00f6hnen von lauten Motoren auf der Rennstrecke leben, haben Chevys einen ebenso gro\u00dfen Platz in Ihrem Herzen wie in unserem. Es gibt viele ber\u00fchmte Modelle, von denen 2 Modelle seit dem ersten Tag beeindruckt haben, die Corvette, der Camaro und der Chevy Imapala. Auch heute noch sind diese Fahrzeuge auf den Stra\u00dfen zu finden, und es gibt immer noch eine Gruppe von Liebhabern dieser Marke.<\/p>\n<h2>Chevrolet und Daewoo<\/h2>\n<p>Ein weiteres Kapitel in der Geschichte von Chevrolet ist die \u00dcbernahme der bankrotten Marke Daewoo durch General Motors Ende 2004. Das Chevrolet-Logo wurde ab 2011 auf in S\u00fcdkorea hergestellten Kleinwagen wie dem Matiz und dem Spark verwendet. Auf diese Weise wurden diese ehemaligen Daewoo-Fahrzeuge in Europa als Chevrolet vermarktet. Leider waren diese \"Chevys\" nicht sehr zuverl\u00e4ssig. Aufgrund r\u00fcckl\u00e4ufiger Verkaufszahlen und anhaltender finanzieller Verluste erkl\u00e4rte die Marke 2013 ihren R\u00fcckzug vom europ\u00e4ischen Markt im Jahr 2015, was auch das Aus f\u00fcr die Chevrolet-Importeure und -H\u00e4ndler bedeutete.<\/p>\n<p>[\/et_pb_text][\/et_pb_column][\/et_pb_row][et_pb_row _builder_version=\"4.16\u2033 background_size=\"initial\" background_position=\"top_left\" background_repeat=\"repeat\" custom_padding=\"26.3594px|0px|2px|0px\" global_colors_info=\"{}\"][et_pb_column type=\"4_4\u2033 _builder_version=\"4.16\u2033 custom_padding=\"|||\" global_colors_info=\"{}\" custom_padding__hover=\"|||\"][et_pb_text _builder_version=\"4.17.4\u2033 background_color=\"rgba(12,113,195,0.18)\" custom_margin=\"0px|||\" custom_padding=\"10px|20px|10px|20px\" global_colors_info=\"{}\"]<\/p>\n<h2 style=\"text-align: center;\">Datenbank Chevrolet<\/h2>\n<p style=\"text-align: center;\">Die folgenden \u00dcbersichten zeigen Wartungsintervalle, ben\u00f6tigtes Motor\u00f6l und Tipps f\u00fcr die neuesten Chevrolet-Modelle. Die Intervalle und Richtlinien sind nur ein Anhaltspunkt, es k\u00f6nnen Umst\u00e4nde eintreten, die eine Werkstatt veranlassen, eine andere Empfehlung auszusprechen.<\/p>\n<p>[\/et_pb_text][\/et_pb_column][\/et_pb_row][\/et_pb_section][et_pb_section fb_built=\"1\u2033 _builder_version=\"4.16\u2033 custom_padding=\"1px|0px|52.7188px|0px\" global_colors_info=\"{}\"][et_pb_row _builder_version=\"4.16\u2033 background_size=\"initial\" background_position=\"top_left\" background_repeat=\"repeat\" global_colors_info=\"{}\"][et_pb_column type=\"4_4\u2033 _builder_version=\"4.16\u2033 custom_padding=\"|||\" global_colors_info=\"{}\" custom_padding__hover=\"|||\"][et_pb_text _builder_version=\"4.19.4\u2033 hover_enabled=\"0\u2033 global_colors_info=\"{}\" sticky_enabled=\"0\u2033]<\/p>\n<h2>\u00a0<\/h2>\n<h3>Hat der Chevrolet Spark einen Zahnriemen oder eine Kette?<\/h3>\n<p>Die 1,0- und 1,2-l-Motoren des Chevrolet Spark sind mit einer Steuerkette und nicht mit einem Riemen ausgestattet. Die Steuerkette des Spark sollte alle 10 Jahre gem\u00e4\u00df den Anweisungen des Herstellers ausgetauscht werden.<\/p>\n<h3>Hat der Chevrolet Matiz einen Zahnriemen oder eine Kette?<\/h3>\n<p>Jeder Chevrolet Matiz hat einen Zahnriemen, der nach einiger Zeit verschlei\u00dft und ersetzt werden muss. Das Austauschintervall betr\u00e4gt 90.000 km oder 6 Jahre, je nachdem, was zuerst eintritt.<\/p>\n<h3>Lampen f\u00fcr Chevrolet<\/h3>\n<p>Sie m\u00f6chten die Gl\u00fchbirnen in Ihrem Chevrolet ersetzen, wissen aber nicht, welche Art von Gl\u00fchbirne Sie ben\u00f6tigen? Auf diesen <a href=\"https:\/\/autobaak.nl\/de\/chevrolet-autogluhlampen-ubersicht\/\">Chevrolet-Autogl\u00fchlampen<\/a> Seite haben wir eine Liste mit allen Lampen zusammengestellt.<\/p>\n<blockquote class=\"wp-embedded-content\" data-secret=\"dmPSIjlydG\"><p><a href=\"https:\/\/autobaak.nl\/de\/chevrolet-autogluhlampen-ubersicht\/\">Chevrolet Autolampen \u00dcbersicht<\/a><\/p><\/blockquote>\n<p><iframe loading=\"lazy\" class=\"wp-embedded-content\" sandbox=\"allow-scripts\" security=\"restricted\" style=\"position: absolute; clip: rect(1px, 1px, 1px, 1px);\" title=\"&quot;Autolampen Chevrolet \u00dcbersicht&quot; - Autobook alles f\u00fcr und \u00fcber Autos\" src=\"https:\/\/autobaak.nl\/autolampen-chevrolet-overzicht\/embed\/#?secret=HV9WlQaOHt#?secret=dmPSIjlydG\" data-secret=\"dmPSIjlydG\" width=\"600\" height=\"338\" frameborder=\"0\" marginwidth=\"0\" marginheight=\"0\" scrolling=\"no\"><\/iframe><\/p>\n<h3>Chevrolet Reifendruck<\/h3>\n<p>Der Reifendruck Ihres Chevrolets sollte monatlich \u00fcberpr\u00fcft werden, damit Sie eine optimale Leistung genie\u00dfen k\u00f6nnen. Au\u00dferdem kann ein falscher Reifendruck zu einem hohen Kraftstoffverbrauch f\u00fchren und die Reifen k\u00f6nnen schneller oder unregelm\u00e4\u00dfig verschlei\u00dfen. Auf den folgenden Seiten finden Sie eine \u00dcbersicht \u00fcber den Reifendruck f\u00fcr Ihren Chevy:<\/p>\n<ul>\n<li><a href=\"https:\/\/autobaak.nl\/de\/reifendruck-chevrolet-matiz\/\">Chevrolet Matiz<\/a><\/li>\n<li><a href=\"https:\/\/autobaak.nl\/de\/reifendruck-chevrolet-spark\/\">Chevrolet Spark<\/a><\/li>\n<li><a href=\"https:\/\/autobaak.nl\/de\/reifendruck-chevrolet-malibu\/\">Chevrolet Malibu<\/a><\/li>\n<li><a href=\"https:\/\/autobaak.nl\/de\/reifendruck-chevrolet-captiva\/\">Chevrolet Captiva<\/a><\/li>\n<li><a href=\"https:\/\/autobaak.nl\/de\/reifendruck-chevrolet-aveo\/\">Chevrolet Aveo<\/a><\/li>\n<li><a href=\"https:\/\/autobaak.nl\/de\/reifendruck-chevrolet-epica\/\">Chevrolet Epica<\/a><\/li>\n<li><a href=\"https:\/\/autobaak.nl\/de\/reifendruck-chevrolet-trailblazer\/\">Chevrolet Trailblazer<\/a><\/li>\n<\/ul>\n<p>&nbsp;<\/p>\n<p>[\/et_pb_text][\/et_pb_column][\/et_pb_row][et_pb_row column_structure=\"1_2,1_2\u2033 _builder_version=\"4.17.4\u2033 _module_preset=\"default\" global_colors_info=\"{}\"][et_pb_column type=\"1_2\u2033 _builder_version=\"4.17.4\u2033 _module_preset=\"default\" global_colors_info=\"{}\"][et_pb_text _builder_version=\"4.17.4\u2033 _module_preset=\"default\" global_colors_info=\"{}\"]<\/p>\n<h3>Welches Motor\u00f6l Chevrolet<\/h3>\n<p>Der rechtzeitige Wechsel des Motor\u00f6ls ist entscheidend f\u00fcr den Zustand Ihres Motors. Dar\u00fcber hinaus ist es wichtig zu wissen, welches Motor\u00f6l Sie ben\u00f6tigen. Im Serviceheft ist in der Regel immer das passende Motor\u00f6l angegeben. Sie m\u00f6chten wissen, welches Motor\u00f6l Sie in Ihren Chevrolet einf\u00fcllen sollen? Dann nutzen Sie die praktische Suchfunktion von Kroon Oil:<\/p>\n<p>[\/et_pb_text][\/et_pb_column][et_pb_column type=\"1_2\u2033 _builder_version=\"4.17.4\u2033 _module_preset=\"default\" global_colors_info=\"{}\"][et_pb_text _builder_version=\"4.17.4\u2033 _module_preset=\"default\" global_colors_info=\"{}\"]<script type=\"text\/javascript\" src=\"\/\/kroon-oil.com\/adviesbanners\/v3\/bnr-js.php?lang=nl&amp;type=reg&amp;theme=light\"><\/script>[\/et_pb_text][\/et_pb_column][\/et_pb_row][\/et_pb_section].<\/p>","protected":false},"excerpt":{"rendered":"<p>Geschichte Chevrolet Chevrolet oder kurz Chevy ist eine der ber\u00fchmtesten amerikanischen Marken und hat seit ihrer Gr\u00fcndung im Jahr 1910 viele Klassiker hervorgebracht. Klassische Chevrolet-Muscle-Cars sind f\u00fcr ihre gro\u00dfen Motoren bekannt, die vor allem in den 1960er und 1970er Jahren auf ber\u00fchmten Drag-Race-Strecken und bei illegalen Stra\u00dfenrennen beliebt waren. Seitdem [...]<\/p>","protected":false},"author":1,"featured_media":0,"parent":0,"menu_order":0,"comment_status":"closed","ping_status":"closed","template":"","meta":{"_et_pb_use_builder":"on","_et_pb_old_content":"De Chevrolet of kortgezegd Chevy is \u00e9\u00e9n van de bekendste Amerikaanse merken en sinds de oprichting in 1910 heel wat klassiekers heeft voortgebracht. Klassieke Chevrolet muscle-cars staan bekend om hun grote motoren die vooral in de jaren zestig en zeventig erg populair waren op de bekende dragrace banen en illegale straatraces. Sindsdien zijn het populaire verzamelaarsauto's geworden voor zowel degenen die zich richten op ongerepte, klassieke Chevy's als degenen die graag een projectauto in zijn oude glorie willen herstellen. Als je leeft voor de geur van rokend rubber en het gebrul van luide motoren die over de baan scheuren, hebben Chevy's net zo'n grote plaats in je hart als bij ons. Er zijn vele bekende modellen waarvan 2 modellen sinds dag 1 indruk maakten, de Corvette, Camaro en Chevy Imapala. Tot op de dag van vandaag kan je deze auto's nog steeds op de weg vinden en is er nog altijd een toegewijde groep van liefhebbers voor dit merk.\r\n<h2>Chevrolet en Daewoo<\/h2>\r\nEen andere bladzijde in geschiedenis van Chevrolet is het de overname van het failliete merk Daewoo door General Motors eind 2004. Het Chevrolet logo werd vanaf 2011 gebruikt op kleine auto's van Zuid-Koreaanse makelij zoals de Matiz en Spark. Op deze manier werden deze voorheen Daewoo's als Chevrolet op de Europese markt gebracht. Helaas hadden deze \"Chevy's\" een slechte betrouwbaarheid. Door dalende verkopen en aanhoudende financi\u00eble verliezen verklaarde het merk in 2013 dat het zich in 2015 van de Europese markt zal terugtrekken, dit betekende ook het einde voor de importeurs en dealers van Chevrolet.\r\n<h3>Heeft de Chevrolet Spark een distributieriem of ketting?<\/h3>\r\nDe 1.0 en 1.2 l motor van de\u00a0Chevrolet Spark\u00a0is voorzien van een\u00a0distributieketting\u00a0en geen riem. De\u00a0distributieketting\u00a0van de\u00a0Spark\u00a0moet volgens de instructie van de fabrikant elke 10 jaar vervangen worden.\r\n<h3>Heeft de Chevrolet Matiz een distributieriem of ketting?<\/h3>\r\nElke\u00a0Chevrolet Matiz heeft een distributieriem en deze zal na enige tijd slijtage ondergaan en aan vervanging toe zijn. De vervangingsinterval is 90.000 km of 6 jaar, naar gelang welke het eerst wordt bereikt.","_et_gb_content_width":"","footnotes":""},"class_list":["post-153348","page","type-page","status-publish","hentry"],"yoast_head":"<!-- This site is optimized with the Yoast SEO plugin v27.3 - https:\/\/yoast.com\/product\/yoast-seo-wordpress\/ -->\n<title>Chevrolet Home - Autobaak.nl<\/title>\n<meta name=\"robots\" content=\"index, follow, max-snippet:-1, max-image-preview:large, max-video-preview:-1\" \/>\n<link rel=\"canonical\" href=\"https:\/\/autobaak.nl\/de\/chevrolet-home\/\" \/>\n<meta property=\"og:locale\" content=\"de_DE\" \/>\n<meta property=\"og:type\" content=\"article\" \/>\n<meta property=\"og:title\" content=\"Chevrolet Home - Autobaak.nl\" \/>\n<meta property=\"og:description\" content=\"Geschiedenis Chevrolet De Chevrolet of kortgezegd Chevy is \u00e9\u00e9n van de bekendste Amerikaanse merken en sinds de oprichting in 1910 heel wat klassiekers heeft voortgebracht. Klassieke Chevrolet muscle-cars staan bekend om hun grote motoren die vooral in de jaren zestig en zeventig erg populair waren op de bekende dragrace banen en illegale straatraces. Sindsdien zijn [&hellip;]\" \/>\n<meta property=\"og:url\" content=\"https:\/\/autobaak.nl\/de\/chevrolet-home\/\" \/>\n<meta property=\"og:site_name\" content=\"Autobaak.nl\" \/>\n<meta property=\"article:modified_time\" content=\"2023-02-08T13:01:45+00:00\" \/>\n<meta name=\"twitter:card\" content=\"summary_large_image\" \/>\n<meta name=\"twitter:label1\" content=\"Gesch\u00e4tzte Lesezeit\" \/>\n\t<meta name=\"twitter:data1\" content=\"4\u00a0Minuten\" \/>\n<script type=\"application\/ld+json\" class=\"yoast-schema-graph\">{\"@context\":\"https:\\\/\\\/schema.org\",\"@graph\":[{\"@type\":\"WebPage\",\"@id\":\"https:\\\/\\\/autobaak.nl\\\/chevrolet-home\\\/\",\"url\":\"https:\\\/\\\/autobaak.nl\\\/chevrolet-home\\\/\",\"name\":\"Chevrolet Home - Autobaak.nl\",\"isPartOf\":{\"@id\":\"https:\\\/\\\/autobaak.nl\\\/#website\"},\"datePublished\":\"2022-07-20T18:00:41+00:00\",\"dateModified\":\"2023-02-08T13:01:45+00:00\",\"breadcrumb\":{\"@id\":\"https:\\\/\\\/autobaak.nl\\\/chevrolet-home\\\/#breadcrumb\"},\"inLanguage\":\"de\",\"potentialAction\":[{\"@type\":\"ReadAction\",\"target\":[\"https:\\\/\\\/autobaak.nl\\\/chevrolet-home\\\/\"]}]},{\"@type\":\"BreadcrumbList\",\"@id\":\"https:\\\/\\\/autobaak.nl\\\/chevrolet-home\\\/#breadcrumb\",\"itemListElement\":[{\"@type\":\"ListItem\",\"position\":1,\"name\":\"Home\",\"item\":\"https:\\\/\\\/autobaak.nl\\\/\"},{\"@type\":\"ListItem\",\"position\":2,\"name\":\"Chevrolet Home\"}]},{\"@type\":\"WebSite\",\"@id\":\"https:\\\/\\\/autobaak.nl\\\/#website\",\"url\":\"https:\\\/\\\/autobaak.nl\\\/\",\"name\":\"Autobaak.nl\",\"description\":\"Cars &amp; Racing\",\"potentialAction\":[{\"@type\":\"SearchAction\",\"target\":{\"@type\":\"EntryPoint\",\"urlTemplate\":\"https:\\\/\\\/autobaak.nl\\\/?s={search_term_string}\"},\"query-input\":{\"@type\":\"PropertyValueSpecification\",\"valueRequired\":true,\"valueName\":\"search_term_string\"}}],\"inLanguage\":\"de\"}]}<\/script>\n<!-- \/ Yoast SEO plugin. -->","yoast_head_json":{"title":"Chevrolet Startseite - Autobaak.de","robots":{"index":"index","follow":"follow","max-snippet":"max-snippet:-1","max-image-preview":"max-image-preview:large","max-video-preview":"max-video-preview:-1"},"canonical":"https:\/\/autobaak.nl\/de\/chevrolet-home\/","og_locale":"de_DE","og_type":"article","og_title":"Chevrolet Home - Autobaak.nl","og_description":"Geschiedenis Chevrolet De Chevrolet of kortgezegd Chevy is \u00e9\u00e9n van de bekendste Amerikaanse merken en sinds de oprichting in 1910 heel wat klassiekers heeft voortgebracht. Klassieke Chevrolet muscle-cars staan bekend om hun grote motoren die vooral in de jaren zestig en zeventig erg populair waren op de bekende dragrace banen en illegale straatraces. Sindsdien zijn [&hellip;]","og_url":"https:\/\/autobaak.nl\/de\/chevrolet-home\/","og_site_name":"Autobaak.nl","article_modified_time":"2023-02-08T13:01:45+00:00","twitter_card":"summary_large_image","twitter_misc":{"Gesch\u00e4tzte Lesezeit":"4\u00a0Minuten"},"schema":{"@context":"https:\/\/schema.org","@graph":[{"@type":"WebPage","@id":"https:\/\/autobaak.nl\/chevrolet-home\/","url":"https:\/\/autobaak.nl\/chevrolet-home\/","name":"Chevrolet Startseite - Autobaak.de","isPartOf":{"@id":"https:\/\/autobaak.nl\/#website"},"datePublished":"2022-07-20T18:00:41+00:00","dateModified":"2023-02-08T13:01:45+00:00","breadcrumb":{"@id":"https:\/\/autobaak.nl\/chevrolet-home\/#breadcrumb"},"inLanguage":"de","potentialAction":[{"@type":"ReadAction","target":["https:\/\/autobaak.nl\/chevrolet-home\/"]}]},{"@type":"BreadcrumbList","@id":"https:\/\/autobaak.nl\/chevrolet-home\/#breadcrumb","itemListElement":[{"@type":"ListItem","position":1,"name":"Home","item":"https:\/\/autobaak.nl\/"},{"@type":"ListItem","position":2,"name":"Chevrolet Home"}]},{"@type":"WebSite","@id":"https:\/\/autobaak.nl\/#website","url":"https:\/\/autobaak.nl\/","name":"Autobook.de","description":"Autos &amp; Rennsport","potentialAction":[{"@type":"SearchAction","target":{"@type":"EntryPoint","urlTemplate":"https:\/\/autobaak.nl\/?s={search_term_string}"},"query-input":{"@type":"PropertyValueSpecification","valueRequired":true,"valueName":"search_term_string"}}],"inLanguage":"de"}]}},"_links":{"self":[{"href":"https:\/\/autobaak.nl\/de\/wp-json\/wp\/v2\/pages\/153348","targetHints":{"allow":["GET"]}}],"collection":[{"href":"https:\/\/autobaak.nl\/de\/wp-json\/wp\/v2\/pages"}],"about":[{"href":"https:\/\/autobaak.nl\/de\/wp-json\/wp\/v2\/types\/page"}],"author":[{"embeddable":true,"href":"https:\/\/autobaak.nl\/de\/wp-json\/wp\/v2\/users\/1"}],"replies":[{"embeddable":true,"href":"https:\/\/autobaak.nl\/de\/wp-json\/wp\/v2\/comments?post=153348"}],"version-history":[{"count":0,"href":"https:\/\/autobaak.nl\/de\/wp-json\/wp\/v2\/pages\/153348\/revisions"}],"wp:attachment":[{"href":"https:\/\/autobaak.nl\/de\/wp-json\/wp\/v2\/media?parent=153348"}],"curies":[{"name":"wp","href":"https:\/\/api.w.org\/{rel}","templated":true}]}}