{"id":153478,"date":"2022-09-09T13:16:03","date_gmt":"2022-09-09T11:16:03","guid":{"rendered":"https:\/\/autobaak.nl\/?page_id=153478"},"modified":"2023-02-08T14:13:23","modified_gmt":"2023-02-08T13:13:23","slug":"suzuki-home","status":"publish","type":"page","link":"https:\/\/autobaak.nl\/de\/suzuki-home\/","title":{"rendered":"Suzuki Startseite"},"content":{"rendered":"<p>[et_pb_section fb_built=\"1\u2033 inner_shadow=\"on\" fullwidth=\"on\" _builder_version=\"4.18.0\u2033 background_image=\"https:\/\/autobaak.nl\/wp-content\/uploads\/2022\/08\/pexels-jesse-zheng-1213295.jpg\" global_colors_info=\"{}\"][et_pb_fullwidth_header title=\"Skoda Home\" subhead=\"N\u00fctzliche Informationen \u00fcber Skoda\" text_orientation=\"centre\" _builder_version=\"4.18.0\u2033 content_font_size=\"15px\" background_color=\"rgba(255, 255, 255, 0)\" background_image=\"https:\/\/autobaak.nl\/wp-content\/uploads\/2022\/09\/skoda.jpg\" text_shadow_style=\"preset5\u2033 text_shadow_color=\"rgba(0,0,0,0.52)\" global_colors_info=\"{}\" button_one_text_size__hover_enabled=\"off\" button_one_text_size__hover=\"null\" button_two_text_size__hover_enabled=\"off\" button_two_text_size__hover=\"null\" button_one_text_color__hover_enabled=\"off\" button_one_text_color__hover=\"null\" button_two_text_color__hover_enabled=\"off\" button_two_text_color__hover=\"null\" button_one_border_width__hover_enabled=\"off\" button_one_border_width__hover=\"null\" button_two_border_width__hover_enabled=\"off\" button_two_border_width__hover=\"null\" button_one_border_color__hover_enabled=\"off\" button_one_border_color__hover=\"null\" button_two_border_color__hover_enabled=\"off\" button_two_border_color__hover=\"null\" button_one_border_radius__hover_enabled=\"off\" button_one_border_radius__hover=\"null\" button_two_border_radius__hover_enabled=\"off\" button_two_border_radius__hover=\"null\" button_one_letter_spacing__hover_enabled=\"off\" button_one_letter_spacing__hover=\"null\" button_two_letter_spacing__hover_enabled=\"off\" button_two_letter_spacing__hover=\"null\" button_one_bg_color__hover_enabled=\"off\" button_one_bg_color__hover=\"null\" button_two_bg_color__hover_enabled=\"off\" button_two_bg_color__hover=\"null\"][\/et_pb_fullwidth_header][\/et_pb_section][et_pb_section fb_built=\"1\u2033 _builder_version=\"4.16\u2033 custom_padding=\"2px|0px|3px|0px\" global_colors_info=\"{}\"][et_pb_row _builder_version=\"4.16\u2033 background_size=\"initial\" background_position=\"top_left\" background_repeat=\"repeat\" custom_padding=\"26.3594px|0px|2px|0px\" global_colors_info=\"{}\"][et_pb_column type=\"4_4\u2033 _builder_version=\"4.16\u2033 custom_padding=\"|||\" global_colors_info=\"{}\" custom_padding__hover=\"|||\"][et_pb_text _builder_version=\"4.16\u2033 global_colors_info=\"{}\"]<\/p>\n<h2>Suzuki Geschichte<\/h2>\n<p>Suzuki ist eine japanische Automarke, die sich seit ihrer Gr\u00fcndung haupts\u00e4chlich mit der Herstellung von Motorr\u00e4dern und Bootsmotoren besch\u00e4ftigt. In den 1970er Jahren entwickelten die Japaner einen kleinen Gel\u00e4ndewagen mit einfachem, zuschaltbarem Allradantrieb - und wurden von der weltweiten Nachfrage \u00fcberrollt. Dieses Fahrzeug kam in den 1980er Jahren in Europa unter dem Namen LJ 80 auf die Stra\u00dfe. Sp\u00e4ter folgte die etwas gr\u00f6\u00dfere SJ-Baureihe und ab 1998 der Jimny, der auch heute noch produziert wird. Ihm zur Seite steht der deutlich komfortablere Grand Vitara. In den letzten Jahrzehnten hat Suzuki in Europa jedoch vor allem mit dem Suzuki Swift, dem wohl bekanntesten Modell von Suzuki, gro\u00dfen Erfolg gehabt.<\/p>\n<p>Gemessen an den Fahrzeugverk\u00e4ufen ist Suzuki der zehntgr\u00f6\u00dfte Hersteller der Welt und der drittgr\u00f6\u00dfte in Japan. Nicht umsonst kennt jeder den Namen Suzuki!<\/p>\n<h3>Suzuki-Modelle<\/h3>\n<p>Zu den Suzuki-Modellen, denen man auf der Stra\u00dfe begegnen kann, geh\u00f6ren, wie erw\u00e4hnt, der Vitara, Jimny und Swfit, aber auch der Alto, Ciaz, Lapin, Wagon R, Baleno, SX4, Ignis, Kizashi und Carry, um nur einige zu nennen. Das bekannteste Modell ist wohl der Swift, der seit 2000 auf den niederl\u00e4ndischen Stra\u00dfen unterwegs ist. Der Swift ist ein Kleinwagen und nach wie vor ein Verkaufsschlager, sowohl als Neu- als auch als Gebrauchtwagen.<\/p>\n<p>Auf dieser Seite finden Sie weitere Informationen zu Suzuki und insbesondere zu Reifendruck, Zahnriemenintervallen und Motor\u00f6l.<\/p>\n<p>[\/et_pb_text][\/et_pb_column][\/et_pb_row][et_pb_row _builder_version=\"4.16\u2033 background_size=\"initial\" background_position=\"top_left\" background_repeat=\"repeat\" custom_padding=\"26.3594px|0px|2px|0px\" global_colors_info=\"{}\"][et_pb_column type=\"4_4\u2033 _builder_version=\"4.16\u2033 custom_padding=\"|||\" global_colors_info=\"{}\" custom_padding__hover=\"|||\"][et_pb_text _builder_version=\"4.18.0\u2033 background_colour=\"rgba(12,113,195,0.18)\" custom_margin=\"0px|||\" custom_padding=\"10px|20px|10px|20px\" global_colors_info=\"{}\"]<\/p>\n<h2 style=\"text-align: center;\">Suzuki-Datenbank<\/h2>\n<p style=\"text-align: center;\">Die folgenden \u00dcbersichten zeigen Wartungsintervalle, ben\u00f6tigtes Motor\u00f6l und Tipps zu den neuesten Suzuki-Modellen. Die Intervalle und Richtlinien sind nur ein Anhaltspunkt, es k\u00f6nnen Umst\u00e4nde eintreten, die eine Werkstatt veranlassen, eine andere Empfehlung auszusprechen.<\/p>\n<p>[\/et_pb_text][\/et_pb_column][\/et_pb_row][\/et_pb_section][et_pb_section fb_built=\"1\u2033 _builder_version=\"4.16\u2033 custom_padding=\"1px|0px|52.7188px|0px\" global_colors_info=\"{}\"][et_pb_row _builder_version=\"4.16\u2033 background_size=\"initial\" background_position=\"top_left\" background_repeat=\"repeat\" global_colors_info=\"{}\"][et_pb_column type=\"4_4\u2033 _builder_version=\"4.16\u2033 custom_padding=\"|||\" global_colors_info=\"{}\" custom_padding__hover=\"|||\"][et_pb_text _builder_version=\"4.19.4\u2033 hover_enabled=\"0\u2033 global_colors_info=\"{}\" sticky_enabled=\"0\u2033]<\/p>\n<h3>Suzuki Zahnriemen-Intervall<\/h3>\n<p>Sie fragen sich, ob Ihr Suzuki einen Zahnriemen hat und wann er gewechselt werden sollte? Klicken Sie dann auf die unten stehenden Links, um die entsprechenden Intervalle anzuzeigen:<\/p>\n<ul>\n<li><a href=\"https:\/\/autobaak.nl\/de\/zahnriemenintervall-suzuki-alto\/\">Alto<\/a><\/li>\n<li><a href=\"https:\/\/autobaak.nl\/de\/suzuki-swift-zahnriemen-intervall\/\">Schnell<\/a><\/li>\n<li><a href=\"https:\/\/autobaak.nl\/de\/suzuki-sx4-zahnriemenwechsel\/\">SX4<\/a><\/li>\n<li><a href=\"https:\/\/autobaak.nl\/de\/zahnriemenwechselintervall-suzuki-vitara\/\">Vitara<\/a><\/li>\n<\/ul>\n<h3>Suzuki Reifendruck<\/h3>\n<p>Der Reifendruck Ihres Suzukis sollte monatlich \u00fcberpr\u00fcft werden, damit Sie eine optimale Leistung genie\u00dfen k\u00f6nnen. Au\u00dferdem kann ein falscher Reifendruck zu einem hohen Kraftstoffverbrauch f\u00fchren und die Reifen k\u00f6nnen schneller oder unregelm\u00e4\u00dfig verschlei\u00dfen. Auf den folgenden Seiten finden Sie eine \u00dcbersicht der Reifendr\u00fccke f\u00fcr Ihren Suzuki:<\/p>\n<ul>\n<li><a href=\"https:\/\/autobaak.nl\/de\/reifendruck-suzuki-wagon-r\/\">Suzuki Wagon R+<\/a><\/li>\n<li><a href=\"https:\/\/autobaak.nl\/de\/suzuki-swift-reifendruck\/\">Reifendruck Suzuki Swift<\/a><\/li>\n<li><a href=\"https:\/\/autobaak.nl\/de\/reifendruck-suzuki-sx4-s-cross\/\">SX4 S-Cross<\/a><\/li>\n<li><a href=\"https:\/\/autobaak.nl\/de\/reifendruck-suzuki-sx4\/\">SX4<\/a><\/li>\n<li><a href=\"https:\/\/autobaak.nl\/de\/reifendruck-suzuki-kizashi\/\">Kizashi<\/a><\/li>\n<li><a href=\"https:\/\/autobaak.nl\/de\/reifendruck-suzuki-ignis\/\">Ignis<\/a><\/li>\n<li><a href=\"https:\/\/autobaak.nl\/de\/suzuki-vitara-reifendruck\/\">Vitara<\/a><\/li>\n<li><a href=\"https:\/\/autobaak.nl\/de\/suzuki-splash-reifendruck\/\">Spritzwasser<\/a><\/li>\n<li><a href=\"https:\/\/autobaak.nl\/de\/reifendruck-suzuki-jimny\/\">Jimny<\/a><\/li>\n<li><a href=\"https:\/\/autobaak.nl\/de\/suzuki-grand-vitara-reifendruck\/\">Grand Vitara<\/a><\/li>\n<li><a href=\"https:\/\/autobaak.nl\/de\/reifendruck-suzuki-alto\/\">Alto<\/a><\/li>\n<\/ul>\n<h3>Lampen f\u00fcr Suzuki<\/h3>\n<p>Sie m\u00f6chten die Gl\u00fchbirnen in Ihrem Suzuki austauschen, wissen aber nicht, welche Art von Autogl\u00fchbirne Sie ben\u00f6tigen? Auf dieser <a href=\"https:\/\/autobaak.nl\/de\/suzuki-autogluhbirnen-ubersicht\/\">Suzuki Autolampen<\/a> Seite haben wir eine Liste mit allen Lampen zusammengestellt.<\/p>\n<blockquote class=\"wp-embedded-content\" data-secret=\"JO5GabpHQC\"><p><a href=\"https:\/\/autobaak.nl\/de\/suzuki-autogluhbirnen-ubersicht\/\">Suzuki Autolampen \u00dcbersicht<\/a><\/p><\/blockquote>\n<p><iframe loading=\"lazy\" class=\"wp-embedded-content\" sandbox=\"allow-scripts\" security=\"restricted\" style=\"position: absolute; clip: rect(1px, 1px, 1px, 1px);\" title=\"&quot;Autolampen Suzuki \u00dcbersicht&quot; - Autobook alles f\u00fcr und \u00fcber Autos\" src=\"https:\/\/autobaak.nl\/autolampen-suzuki-overzicht\/embed\/#?secret=ObHh6xZDsM#?secret=JO5GabpHQC\" data-secret=\"JO5GabpHQC\" width=\"600\" height=\"338\" frameborder=\"0\" marginwidth=\"0\" marginheight=\"0\" scrolling=\"no\"><\/iframe><\/p>\n<p>&nbsp;<\/p>\n<p>[\/et_pb_text][\/et_pb_column][\/et_pb_row][et_pb_row column_structure=\"1_2,1_2\u2033 _builder_version=\"4.17.4\u2033 _module_preset=\"default\" global_colors_info=\"{}\"][et_pb_column type=\"1_2\u2033 _builder_version=\"4.17.4\u2033 _module_preset=\"default\" global_colors_info=\"{}\"][et_pb_text _builder_version=\"4.18.0\u2033 _module_preset=\"default\" global_colors_info=\"{}\"]<\/p>\n<h3>Welches Motor\u00f6l Suzuki<\/h3>\n<p>Der rechtzeitige Wechsel des Motor\u00f6ls ist entscheidend f\u00fcr den Zustand Ihres Motors. Dar\u00fcber hinaus ist es wichtig zu wissen, welches Motor\u00f6l Sie ben\u00f6tigen. Im Serviceheft ist in der Regel immer das passende Motor\u00f6l angegeben. Sie m\u00f6chten wissen, welches Motor\u00f6l Ihr Suzuki braucht? Dann nutzen Sie die praktische Suchfunktion von Kroon Oil:<\/p>\n<p>[\/et_pb_text][\/et_pb_column][et_pb_column type=\"1_2\u2033 _builder_version=\"4.17.4\u2033 _module_preset=\"default\" global_colors_info=\"{}\"][et_pb_text _builder_version=\"4.18.0\u2033 _module_preset=\"default\" global_colors_info=\"{}\"]<\/p>\n<p><script type=\"text\/javascript\" src=\"\/\/kroon-oil.com\/adviesbanners\/v3\/bnr-js.php?lang=nl&amp;type=reg&amp;theme=light\"><\/script><\/p>\n<p>[\/et_pb_text][\/et_pb_column][\/et_pb_row][\/et_pb_section].<\/p>","protected":false},"excerpt":{"rendered":"<p>Geschichte Suzuki Suzuki ist eine japanische Automarke, die sich seit ihrer Gr\u00fcndung haupts\u00e4chlich mit der Herstellung von Motorr\u00e4dern und Bootsmotoren besch\u00e4ftigte. In den 1970er Jahren entwickelten die Japaner einen kleinen Gel\u00e4ndewagen mit einfachem, zuschaltbarem Allradantrieb - und wurden von der weltweiten Nachfrage geradezu \u00fcberrollt. Dieses Fahrzeug trieb in den 1980er Jahren den [...] in Europa voran.<\/p>","protected":false},"author":1,"featured_media":0,"parent":0,"menu_order":0,"comment_status":"closed","ping_status":"closed","template":"","meta":{"_et_pb_use_builder":"on","_et_pb_old_content":"","_et_gb_content_width":"","footnotes":""},"class_list":["post-153478","page","type-page","status-publish","hentry"],"yoast_head":"<!-- This site is optimized with the Yoast SEO plugin v27.5 - https:\/\/yoast.com\/product\/yoast-seo-wordpress\/ -->\n<title>Suzuki Home - Autobaak.nl<\/title>\n<meta name=\"description\" content=\"Informatie over het merk Suzuki, intervallen en onderhoudstip. Lees meer over Suzuki, motorolie, distributieriem en meer.\" \/>\n<meta name=\"robots\" content=\"index, follow, max-snippet:-1, max-image-preview:large, max-video-preview:-1\" \/>\n<link rel=\"canonical\" href=\"https:\/\/autobaak.nl\/de\/suzuki-home\/\" \/>\n<meta property=\"og:locale\" content=\"de_DE\" \/>\n<meta property=\"og:type\" content=\"article\" \/>\n<meta property=\"og:title\" content=\"Suzuki Home - Autobaak.nl\" \/>\n<meta property=\"og:description\" content=\"Informatie over het merk Suzuki, intervallen en onderhoudstip. Lees meer over Suzuki, motorolie, distributieriem en meer.\" \/>\n<meta property=\"og:url\" content=\"https:\/\/autobaak.nl\/de\/suzuki-home\/\" \/>\n<meta property=\"og:site_name\" content=\"Autobaak.nl\" \/>\n<meta property=\"article:modified_time\" content=\"2023-02-08T13:13:23+00:00\" \/>\n<meta name=\"twitter:card\" content=\"summary_large_image\" \/>\n<meta name=\"twitter:label1\" content=\"Gesch\u00e4tzte Lesezeit\" \/>\n\t<meta name=\"twitter:data1\" content=\"3\u00a0Minuten\" \/>\n<script type=\"application\/ld+json\" class=\"yoast-schema-graph\">{\"@context\":\"https:\\\/\\\/schema.org\",\"@graph\":[{\"@type\":\"WebPage\",\"@id\":\"https:\\\/\\\/autobaak.nl\\\/suzuki-home\\\/\",\"url\":\"https:\\\/\\\/autobaak.nl\\\/suzuki-home\\\/\",\"name\":\"Suzuki Home - Autobaak.nl\",\"isPartOf\":{\"@id\":\"https:\\\/\\\/autobaak.nl\\\/#website\"},\"datePublished\":\"2022-09-09T11:16:03+00:00\",\"dateModified\":\"2023-02-08T13:13:23+00:00\",\"description\":\"Informatie over het merk Suzuki, intervallen en onderhoudstip. Lees meer over Suzuki, motorolie, distributieriem en meer.\",\"breadcrumb\":{\"@id\":\"https:\\\/\\\/autobaak.nl\\\/suzuki-home\\\/#breadcrumb\"},\"inLanguage\":\"de\",\"potentialAction\":[{\"@type\":\"ReadAction\",\"target\":[\"https:\\\/\\\/autobaak.nl\\\/suzuki-home\\\/\"]}]},{\"@type\":\"BreadcrumbList\",\"@id\":\"https:\\\/\\\/autobaak.nl\\\/suzuki-home\\\/#breadcrumb\",\"itemListElement\":[{\"@type\":\"ListItem\",\"position\":1,\"name\":\"Home\",\"item\":\"https:\\\/\\\/autobaak.nl\\\/\"},{\"@type\":\"ListItem\",\"position\":2,\"name\":\"Suzuki Home\"}]},{\"@type\":\"WebSite\",\"@id\":\"https:\\\/\\\/autobaak.nl\\\/#website\",\"url\":\"https:\\\/\\\/autobaak.nl\\\/\",\"name\":\"Autobaak.nl\",\"description\":\"Cars &amp; Racing\",\"potentialAction\":[{\"@type\":\"SearchAction\",\"target\":{\"@type\":\"EntryPoint\",\"urlTemplate\":\"https:\\\/\\\/autobaak.nl\\\/?s={search_term_string}\"},\"query-input\":{\"@type\":\"PropertyValueSpecification\",\"valueRequired\":true,\"valueName\":\"search_term_string\"}}],\"inLanguage\":\"de\"}]}<\/script>\n<!-- \/ Yoast SEO plugin. -->","yoast_head_json":{"title":"Suzuki Startseite - Autobaak.de","description":"Informationen zur Marke Suzuki, Intervalle und Wartungstipps. Lesen Sie \u00fcber Suzuki, Motor\u00f6l, Zahnriemen und mehr.","robots":{"index":"index","follow":"follow","max-snippet":"max-snippet:-1","max-image-preview":"max-image-preview:large","max-video-preview":"max-video-preview:-1"},"canonical":"https:\/\/autobaak.nl\/de\/suzuki-home\/","og_locale":"de_DE","og_type":"article","og_title":"Suzuki Home - Autobaak.nl","og_description":"Informatie over het merk Suzuki, intervallen en onderhoudstip. Lees meer over Suzuki, motorolie, distributieriem en meer.","og_url":"https:\/\/autobaak.nl\/de\/suzuki-home\/","og_site_name":"Autobaak.nl","article_modified_time":"2023-02-08T13:13:23+00:00","twitter_card":"summary_large_image","twitter_misc":{"Gesch\u00e4tzte Lesezeit":"3\u00a0Minuten"},"schema":{"@context":"https:\/\/schema.org","@graph":[{"@type":"WebPage","@id":"https:\/\/autobaak.nl\/suzuki-home\/","url":"https:\/\/autobaak.nl\/suzuki-home\/","name":"Suzuki Startseite - Autobaak.de","isPartOf":{"@id":"https:\/\/autobaak.nl\/#website"},"datePublished":"2022-09-09T11:16:03+00:00","dateModified":"2023-02-08T13:13:23+00:00","description":"Informationen zur Marke Suzuki, Intervalle und Wartungstipps. Lesen Sie \u00fcber Suzuki, Motor\u00f6l, Zahnriemen und mehr.","breadcrumb":{"@id":"https:\/\/autobaak.nl\/suzuki-home\/#breadcrumb"},"inLanguage":"de","potentialAction":[{"@type":"ReadAction","target":["https:\/\/autobaak.nl\/suzuki-home\/"]}]},{"@type":"BreadcrumbList","@id":"https:\/\/autobaak.nl\/suzuki-home\/#breadcrumb","itemListElement":[{"@type":"ListItem","position":1,"name":"Home","item":"https:\/\/autobaak.nl\/"},{"@type":"ListItem","position":2,"name":"Suzuki Home"}]},{"@type":"WebSite","@id":"https:\/\/autobaak.nl\/#website","url":"https:\/\/autobaak.nl\/","name":"Autobook.de","description":"Autos &amp; Rennsport","potentialAction":[{"@type":"SearchAction","target":{"@type":"EntryPoint","urlTemplate":"https:\/\/autobaak.nl\/?s={search_term_string}"},"query-input":{"@type":"PropertyValueSpecification","valueRequired":true,"valueName":"search_term_string"}}],"inLanguage":"de"}]}},"_links":{"self":[{"href":"https:\/\/autobaak.nl\/de\/wp-json\/wp\/v2\/pages\/153478","targetHints":{"allow":["GET"]}}],"collection":[{"href":"https:\/\/autobaak.nl\/de\/wp-json\/wp\/v2\/pages"}],"about":[{"href":"https:\/\/autobaak.nl\/de\/wp-json\/wp\/v2\/types\/page"}],"author":[{"embeddable":true,"href":"https:\/\/autobaak.nl\/de\/wp-json\/wp\/v2\/users\/1"}],"replies":[{"embeddable":true,"href":"https:\/\/autobaak.nl\/de\/wp-json\/wp\/v2\/comments?post=153478"}],"version-history":[{"count":0,"href":"https:\/\/autobaak.nl\/de\/wp-json\/wp\/v2\/pages\/153478\/revisions"}],"wp:attachment":[{"href":"https:\/\/autobaak.nl\/de\/wp-json\/wp\/v2\/media?parent=153478"}],"curies":[{"name":"wp","href":"https:\/\/api.w.org\/{rel}","templated":true}]}}