{"id":153527,"date":"2022-09-09T14:23:59","date_gmt":"2022-09-09T12:23:59","guid":{"rendered":"https:\/\/autobaak.nl\/?page_id=153527"},"modified":"2022-09-09T14:24:03","modified_gmt":"2022-09-09T12:24:03","slug":"suzuki-sx4-zahnriemenwechsel","status":"publish","type":"page","link":"https:\/\/autobaak.nl\/de\/suzuki-sx4-zahnriemenwechsel\/","title":{"rendered":"Suzuki SX4 Zahnriemen austauschen"},"content":{"rendered":"<p>[et_pb_section fb_built=\"1\u2033 custom_padding_last_edited=\"on|desktop\" _builder_version=\"4.16\u2033 background_colour=\"#0c71c3\u2033 custom_padding_tablet=\"50px|0|50px|0\u2033 custom_padding_phone=\"\" transparent_background=\"off\" padding_mobile=\"off\" make_fullwidth=\"off\" use_custom_width=\"off\" width_unit=\"on\" global_colors_info=\"{}\" theme_builder_area=\"post_content\"][et_pb_row _builder_version=\"4.16\u2033 background_size=\"initial\" background_position=\"top_left\" background_repeat=\"repeat\" global_colors_info=\"{}\" theme_builder_area=\"post_content\"][et_pb_column type=\"4_4\u2033 _builder_version=\"4.16\u2033 custom_padding=\"|||\" global_colors_info=\"{}\" custom_padding__hover=\"|||\" theme_builder_area=\"post_content\"][et_pb_text _builder_version=\"4.18.0\u2033 background_size=\"initial\" background_position=\"top_left\" background_repeat=\"repeat\" text_orientation=\"centre\" background_layout=\"dark\" module_alignment=\"centre\" hover_enabled=\"0\u2033 use_border_color=\"off\" border_color=\"#ffffff\" border_style=\"solid\" global_colors_info=\"{}\" theme_builder_area=\"post_content\" sticky_enabled=\"0\u2033]<\/p>\n<h1 style=\"text-align: center;\">Wann ist der Zahnriemen des Suzuki SX4 zu wechseln?<\/h1>\n<p>[\/et_pb_text][\/et_pb_column][\/et_pb_row][\/et_pb_section][et_pb_section fb_built=\"1\u2033 _builder_version=\"4.0.7\u2033 inner_width_tablet=\"50px\" inner_max_width_tablet=\"50px\" custom_margin=\"||-40px|\" custom_padding=\"2px||0px||false|false\" z_index_tablet=\"500\u2033 box_shadow_horizontal_tablet=\"0px\" box_shadow_vertical_tablet=\"0px\" box_shadow_blur_tablet=\"40px\" box_shadow_spread_tablet=\"0px\" global_module=\"1614\u2033 global_colors_info=\"{}\" theme_builder_area=\"post_content\"][et_pb_row _builder_version=\"4.17.4\u2033 _module_preset=\"default\" global_colors_info=\"{}\" theme_builder_area=\"post_content\"][et_pb_column type=\"4_4\u2033 _builder_version=\"4.17.4\u2033 _module_preset=\"default\" global_colors_info=\"{}\" theme_builder_area=\"post_content\"][et_pb_code _builder_version=\"4.17.4\u2033 _module_preset=\"default\" global_colors_info=\"{}\" theme_builder_area=\"post_content\"]<div class=\"et_bloom_inline_form et_bloom_optin et_bloom_make_form_visible et_bloom_optin_2\" style=\"display: none;\" data-success_action_details=\"redirect_url|https:\/\/autobaak.nl\/bedankt-checklist\">\n\t\t\t\t<style type=\"text\/css\">.et_bloom .et_bloom_optin_2 .et_bloom_form_content { background-color: #dddddd !important; } .et_bloom .et_bloom_optin_2 .et_bloom_form_container .et_bloom_form_header { background-color: #1e73be !important; } .et_bloom .et_bloom_optin_2 .carrot_edge .et_bloom_form_content:before { border-top-color: #1e73be !important; } .et_bloom .et_bloom_optin_2 .carrot_edge.et_bloom_form_right .et_bloom_form_content:before, .et_bloom .et_bloom_optin_2 .carrot_edge.et_bloom_form_left .et_bloom_form_content:before { border-top-color: transparent !important; border-left-color: #1e73be !important; }\n\t\t\t\t\t\t@media only screen and ( max-width: 767px ) {.et_bloom .et_bloom_optin_2 .carrot_edge.et_bloom_form_right .et_bloom_form_content:before { border-top-color: #1e73be !important; border-left-color: transparent !important; }.et_bloom .et_bloom_optin_2 .carrot_edge.et_bloom_form_left .et_bloom_form_content:after { border-bottom-color: #1e73be !important; border-left-color: transparent !important; }\n\t\t\t\t\t\t}.et_bloom .et_bloom_optin_2 .et_bloom_form_content button { background-color: #dd9933 !important; } .et_bloom .et_bloom_optin_2 .et_bloom_form_content .et_bloom_fields i { color: #dd9933 !important; } .et_bloom .et_bloom_optin_2 .et_bloom_form_content .et_bloom_custom_field_radio i:before { background: #dd9933 !important; } .et_bloom .et_bloom_optin_2 .et_bloom_form_content button { background-color: #dd9933 !important; } .et_bloom .et_bloom_optin_2 .et_bloom_form_container h2, .et_bloom .et_bloom_optin_2 .et_bloom_form_container h2 span, .et_bloom .et_bloom_optin_2 .et_bloom_form_container h2 strong { font-family: \"Open Sans\", Helvetica, Arial, Lucida, sans-serif; }.et_bloom .et_bloom_optin_2 .et_bloom_form_container p, .et_bloom .et_bloom_optin_2 .et_bloom_form_container p span, .et_bloom .et_bloom_optin_2 .et_bloom_form_container p strong, .et_bloom .et_bloom_optin_2 .et_bloom_form_container form input, .et_bloom .et_bloom_optin_2 .et_bloom_form_container form button span { font-family: \"Open Sans\", Helvetica, Arial, Lucida, sans-serif; } <\/style>\n\t\t\t\t<div class=\"et_bloom_form_container  with_edge carrot_edge et_bloom_rounded et_bloom_form_text_dark et_bloom_form_bottom et_bloom_inline_2_fields et_bloom_success_action\">\n\t\t\t\t\t\n\t\t\t<div class=\"et_bloom_form_container_wrapper clearfix\">\n\t\t\t\t<div class=\"et_bloom_header_outer\">\n\t\t\t\t\t<div class=\"et_bloom_form_header split et_bloom_header_text_light\">\n\t\t\t\t\t\t<img loading=\"lazy\" decoding=\"async\" width=\"610\" height=\"175\" src=\"https:\/\/autobaak.nl\/wp-content\/uploads\/2020\/02\/image-610x175.png\" class=\"et_bloom_hide_mobile et_bloom_image_no_animation et_bloom_image\" alt=\"Checkliste f\u00fcr den Gebrauchtwagenkauf\" srcset=\"https:\/\/autobaak.nl\/wp-content\/uploads\/2020\/02\/image-610x175.png 610w, https:\/\/autobaak.nl\/wp-content\/uploads\/2020\/02\/image-480x138.png 480w\" sizes=\"(min-width: 0px) and (max-width: 480px) 480px, (min-width: 481px) 610px, 100vw\" \/>\n\t\t\t\t\t\t<div class=\"et_bloom_form_text\">\n\t\t\t\t\t\t<h2>Gebrauchtwagen-Checkliste<\/h2><p>Erhalten Sie die Gebrauchtwagen-Checkliste in Ihrem Briefkasten. Anhand der Checkliste k\u00f6nnen Sie alles Schritt f\u00fcr Schritt \u00fcberpr\u00fcfen und einen Fehlkauf vermeiden.<\/p>\n\t\t\t\t\t<\/div>\n\t\t\t\t\t\t\n\t\t\t\t\t<\/div>\n\t\t\t\t<\/div>\n\t\t\t\t<div class=\"et_bloom_form_content et_bloom_2_fields et_bloom_bottom_inline\">\n\t\t\t\t\t\n\t\t\t\t\t\n\t\t\t\t\t<form method=\"post\" class=\"clearfix\" action=\"\">\n\t\t\t\t\t\t<div class=\"et_bloom_fields\">\n\t\t\t\t\t\t\t<p class=\"et_bloom_popup_input et_bloom_subscribe_name\">\n\t\t\t\t\t\t\t\t<input placeholder=\"Name\" maxlength=\"50\">\n\t\t\t\t\t\t\t<\/p>\n\t\t\t\t\t\t\t<p class=\"et_bloom_popup_input et_bloom_subscribe_email\">\n\t\t\t\t\t\t\t\t<input placeholder=\"E-Mail\">\n\t\t\t\t\t\t\t<\/p>\n\t\t\t\t\t\t\t\n\t\t\t\t\t\t\t<button data-optin_id=\"optin_2\" data-service=\"mailerlite\" data-list_id=\"106699396\" data-page_id=\"153527\" data-account=\"Autobaaknl\" data-ip_address=\"true\" class=\"et_bloom_submit_subscription\">\n\t\t\t\t\t\t\t\t<span class=\"et_bloom_subscribe_loader\"><\/span>\n\t\t\t\t\t\t\t\t<span class=\"et_bloom_button_text et_bloom_button_text_color_dark\">Sofort erhalten!<\/span>\n\t\t\t\t\t\t\t<\/button>\n\t\t\t\t\t\t<\/div>\n\t\t\t\t\t<input type=\"hidden\" name=\"trp-form-language\" value=\"de\"\/><\/form>\n\t\t\t\t\t<div class=\"et_bloom_success_container\">\n\t\t\t\t\t\t<span class=\"et_bloom_success_checkmark\"><\/span>\n\t\t\t\t\t<\/div>\n\t\t\t\t\t<h2 class=\"et_bloom_success_message\">\u00dcberpr\u00fcfen Sie auch Ihr Postfach auf Spam. <\/h2>\n\t\t\t\t\t<div class=\"et_bloom_form_footer\"><p><span style=\"color: #333333;\"><em>Mehr als 2.000 Menschen sind vor Ihnen gegangen. Die Abbestellung ist jederzeit m\u00f6glich.\u00a0<\/em><\/span><\/p><\/div>\n\t\t\t\t<\/div>\n\t\t\t<\/div>\n\t\t\t<span class=\"et_bloom_close_button\"><\/span>\n\t\t\t\t<\/div>\n\t\t\t<\/div>[\/et_pb_code][\/et_pb_column][\/et_pb_row][\/et_pb_section][et_pb_section fb_built=\"1\u2033 _builder_version=\"4.16\u2033 custom_padding=\"23px|||||\" global_colors_info=\"{}\" theme_builder_area=\"post_content\"][et_pb_row column_structure=\"2_3,1_3\u2033 _builder_version=\"4.16\u2033 background_size=\"initial\" background_position=\"top_left\" background_repeat=\"repeat\" global_colors_info=\"{}\" theme_builder_area=\"post_content\"][et_pb_column type=\"2_3\u2033 _builder_version=\"4.16\u2033 custom_padding=\"|||\" global_colors_info=\"{}\" custom_padding__hover=\"|||\" theme_builder_area=\"post_content\"][et_pb_text _builder_version=\"4.18.0\u2033 background_size=\"initial\" background_position=\"top_left\" background_repeat=\"repeat\" hover_enabled=\"0\u2033 use_border_color=\"off\" border_color=\"#ffffff\" border_style=\"solid\" global_colors_info=\"{}\" theme_builder_area=\"post_content\" sticky_enabled=\"0\u2033]<\/p>\n<p>Hat der Suzuki SX4 einen Zahnriemen oder eine Kette? Und wann sollten Sie den Riemen wechseln? Nachstehend finden Sie einen \u00dcberblick \u00fcber die <a href=\"https:\/\/autobaak.nl\/de\/wann-der-zahnriemen-zu-wechseln-ist\/#:~:text=De%20distributieriem%20of%20ketting%20is,riem%20of%20ketting%20worden%20aangedreven.\">Steuerriemen<\/a> Austauschintervall f\u00fcr den Suzuki SX4. Bei einigen SX4-Varianten verwendet Suzuki Zahnriemen f\u00fcr die Motorsteuerung. Da sich dieses Bauteil mit der Zeit abnutzt, hat der Hersteller f\u00fcr die entsprechenden Modelle feste Wechselintervalle f\u00fcr den Riemen festgelegt. Bei einem SX4 des Modelljahres 2008 mit 1,6-Liter-Dieselmotor sollte der Zahnriemen laut Suzuki alle 240.000 km gewechselt werden. Es gibt auch Modelle des SX4, die eine Steuerkette verwenden, lesen Sie mehr \u00fcber das Ersetzen einer <a href=\"https:\/\/autobaak.nl\/de\/erklarung-der-steuerkette-vorteile-nachteile-und-probleme\/\">Steuerkette<\/a>.<\/p>\n<p>Wenn Sie nicht wissen, welchen Motor Ihr Auto hat, k\u00f6nnen Sie unten das Kennzeichen eingeben.<\/p>\n<p>[open_rdw_check \"marke\" \"handelsname\" \"fahrzeugtyp\" \"kraftstoff_beschreibung\" \"anzahl_zylinder\" \"hubraum\" \"expiry_apk\"]<\/p>\n<p>[\/et_pb_text][et_pb_text _builder_version=\"4.18.0\u2033 background_size=\"initial\" background_position=\"top_left\" background_repeat=\"repeat\" hover_enabled=\"0\u2033 use_border_color=\"off\" border_color=\"#ffffff\" border_style=\"solid\" global_colors_info=\"{}\" theme_builder_area=\"post_content\" sticky_enabled=\"0\u2033]<\/p>\n<h3><b>Zahnriemen-Intervall Suzuki SX4<\/b><\/h3>\n<ul>\n<li>\n<div class=\"info-title\">SUZUKI SX4 Stufenheck (GY) 1.6 (RW 416) 79 kW, 1586 ccm, 10\/2007 - 12\/2011 = dieses Modell hat eine Steuerkette<\/div>\n<\/li>\n<li>\n<div class=\"info-title\">SUZUKI SX4 Stufenheck (GY) 1.6 88 kW, 1586 ccm, 10\/2007 - 12\/2011 = dieses Modell hat eine Steuerkette<\/div>\n<\/li>\n<li>\n<div class=\"info-title\">SUZUKI SX4 Stufenheck (GY) 1.6 AWD (RW 416) 88 kW, 1586 ccm, 10\/2007 - 12\/2011 = dieses Modell hat eine Steuerkette<\/div>\n<\/li>\n<li>\n<div class=\"info-title\">SUZUKI SX4 S-Cross (JY) 1.6 88 kW, 1586 ccm, 08\/2013 - heute = dieses Modell hat eine Steuerkette<\/div>\n<\/li>\n<li>\n<div class=\"info-title\">SUZUKI SX4 S-Cross (JY) 1.0 82 kW, 998 ccm, 08\/2013 - heute = dieses Modell hat eine Steuerkette<\/div>\n<\/li>\n<li>\n<div class=\"info-title\">SUZUKI SX4 S-Cross (JY) 1.6 DDiS AllGrip (AKK 416D) 88 kW, 1598 ccm, 08\/2013 - heute = alle 140.000 km \/ oder alle 5 Jahre<\/div>\n<\/li>\n<li>\n<div class=\"info-title\">SUZUKI SX4 S-Cross (JY) 1.6 DDiS 88 kW, 1598 ccm, 08\/2013 - heute = alle 140.000 km \/ oder alle 5 Jahre<\/div>\n<\/li>\n<li>\n<div class=\"info-title\">SUZUKI SX4 S-Cross (JY) 1.4 T AllGrip (AKK 414) 103 kW, 1373 ccm, 08\/2013 - heute = dieses Modell hat eine Steuerkette<\/div>\n<\/li>\n<li>\n<div class=\"info-title\">SUZUKI SX4 S-Cross (JY) 1.0 AllGrip (AAK 310) 82 kW, 998 ccm, 08\/2013 - heute = dieses Modell hat eine Steuerkette<\/div>\n<\/li>\n<li>\n<div class=\"info-title\">SUZUKI SX4 (EY, GY) 2.0 DDiS 99 kW, 1956 ccm, 06\/2006 - 12\/2015 = alle 150.000 km \/ oder alle 5 Jahre<\/div>\n<\/li>\n<li>\n<div class=\"info-title\">SUZUKI SX4 (EY, GY) 1.6 VVT 4\u00d74 (RW 416) 79 kW, 1586 ccm, 06\/2006 - 12\/2015 = dieses Modell hat eine Steuerkette<\/div>\n<\/li>\n<li>\n<div class=\"info-title\">SUZUKI SX4 (EY, GY) 1.6 DDiS 66 kW, 1560 ccm, 06\/2006 - 12\/2015 = alle 240.000 km<\/div>\n<\/li>\n<li>\n<div class=\"info-title\">SUZUKI SX4 (EY, GY) 1.6 VVT 4\u00d74 88 kW, 1586 ccm, 06\/2006 - 12\/2015 = dieses Modell hat eine Steuerkette<\/div>\n<\/li>\n<li>\n<div class=\"info-title\">SUZUKI SX4 (EY, GY) 1.6 VVT 4\u00d74 (RW 416) 82 kW, 1586 ccm, 06\/2006 - 12\/2015 = dieses Modell hat eine Steuerkette<\/div>\n<\/li>\n<li>\n<div class=\"info-title\">SUZUKI SX4 (EY, GY) 1.5 73 kW, 1490 ccm, 06\/2006 - 12\/2015 = dieses Modell hat eine Steuerkette<\/div>\n<\/li>\n<li>\n<div class=\"info-title\">SUZUKI SX4 (EY, GY) 1.5 VVT 82 kW, 1490 ccm, 06\/2006 - 12\/2015 = dieses Modell hat eine Steuerkette<\/div>\n<\/li>\n<li>\n<div class=\"info-title\">SUZUKI SX4 (EY, GY) 1.6 VVT 88 kW, 1586 ccm, 06\/2006 - 12\/2015 = dieses Modell hat eine Steuerkette<\/div>\n<\/li>\n<li>\n<div class=\"info-title\">SUZUKI SX4 (EY, GY) 1.9 DDiS (RW 419D) 88 kW, 1910 ccm, 06\/2006 - 12\/2015 = alle 150.000 km \/ oder alle 5 Jahre<\/div>\n<\/li>\n<li>\n<div class=\"info-title\">SUZUKI SX4 (EY, GY) 1.6 VVT (RW 416) 79 kW, 1586 ccm, 06\/2006 - 12\/2015 = dieses Modell hat eine Steuerkette<\/div>\n<\/li>\n<li>\n<div class=\"info-title\">SUZUKI SX4 (EY, GY) 2.0 DDiS 4\u00d74 99 kW, 1956 ccm, 06\/2006 - 12\/2015 = alle 150.000 km \/ oder alle 5 Jahre<\/div>\n<\/li>\n<li>\n<div class=\"info-title\">SUZUKI SX4 (EY, GY) 1.9 DDiS 4\u00d74 (RW 419D) 88 kW, 1910 ccm, 06\/2006 - 12\/2015 = alle 150.000 km \/ oder alle 5 Jahre<\/div>\n<\/li>\n<\/ul>\n<p>[\/et_pb_text][\/et_pb_column][et_pb_column type=\"1_3\u2033 _builder_version=\"4.16\u2033 custom_padding=\"|||\" global_colors_info=\"{}\" custom_padding__hover=\"|||\" theme_builder_area=\"post_content\"][et_pb_code _builder_version=\"4.17.4\u2033 text_orientation=\"center\" z_index_tablet=\"500\u2033 global_module=\"1602\u2033 saved_tabs=\"all\" global_colors_info=\"{}\" theme_builder_area=\"post_content\"][\/et_pb_code][\/et_pb_column][\/et_pb_row][\/et_pb_section]<\/p>","protected":false},"excerpt":{"rendered":"<p>Wann ist der Zahnriemen des Suzuki SX4 zu wechseln?<div class=\"et_bloom_inline_form et_bloom_optin et_bloom_make_form_visible et_bloom_optin_2\" style=\"display: none;\" data-success_action_details=\"redirect_url|https:\/\/autobaak.nl\/bedankt-checklist\">\n\t\t\t\t<style type=\"text\/css\">.et_bloom .et_bloom_optin_2 .et_bloom_form_content { background-color: #dddddd !important; } .et_bloom .et_bloom_optin_2 .et_bloom_form_container .et_bloom_form_header { background-color: #1e73be !important; } .et_bloom .et_bloom_optin_2 .carrot_edge .et_bloom_form_content:before { border-top-color: #1e73be !important; } .et_bloom .et_bloom_optin_2 .carrot_edge.et_bloom_form_right .et_bloom_form_content:before, .et_bloom .et_bloom_optin_2 .carrot_edge.et_bloom_form_left .et_bloom_form_content:before { border-top-color: transparent !important; border-left-color: #1e73be !important; }\n\t\t\t\t\t\t@media only screen and ( max-width: 767px ) {.et_bloom .et_bloom_optin_2 .carrot_edge.et_bloom_form_right .et_bloom_form_content:before { border-top-color: #1e73be !important; border-left-color: transparent !important; }.et_bloom .et_bloom_optin_2 .carrot_edge.et_bloom_form_left .et_bloom_form_content:after { border-bottom-color: #1e73be !important; border-left-color: transparent !important; }\n\t\t\t\t\t\t}.et_bloom .et_bloom_optin_2 .et_bloom_form_content button { background-color: #dd9933 !important; } .et_bloom .et_bloom_optin_2 .et_bloom_form_content .et_bloom_fields i { color: #dd9933 !important; } .et_bloom .et_bloom_optin_2 .et_bloom_form_content .et_bloom_custom_field_radio i:before { background: #dd9933 !important; } .et_bloom .et_bloom_optin_2 .et_bloom_form_content button { background-color: #dd9933 !important; } .et_bloom .et_bloom_optin_2 .et_bloom_form_container h2, .et_bloom .et_bloom_optin_2 .et_bloom_form_container h2 span, .et_bloom .et_bloom_optin_2 .et_bloom_form_container h2 strong { font-family: \"Open Sans\", Helvetica, Arial, Lucida, sans-serif; }.et_bloom .et_bloom_optin_2 .et_bloom_form_container p, .et_bloom .et_bloom_optin_2 .et_bloom_form_container p span, .et_bloom .et_bloom_optin_2 .et_bloom_form_container p strong, .et_bloom .et_bloom_optin_2 .et_bloom_form_container form input, .et_bloom .et_bloom_optin_2 .et_bloom_form_container form button span { font-family: \"Open Sans\", Helvetica, Arial, Lucida, sans-serif; } <\/style>\n\t\t\t\t<div class=\"et_bloom_form_container  with_edge carrot_edge et_bloom_rounded et_bloom_form_text_dark et_bloom_form_bottom et_bloom_inline_2_fields et_bloom_success_action\">\n\t\t\t\t\t\n\t\t\t<div class=\"et_bloom_form_container_wrapper clearfix\">\n\t\t\t\t<div class=\"et_bloom_header_outer\">\n\t\t\t\t\t<div class=\"et_bloom_form_header split et_bloom_header_text_light\">\n\t\t\t\t\t\t<img width=\"610\" height=\"175\" src=\"https:\/\/autobaak.nl\/wp-content\/uploads\/2020\/02\/image-610x175.png\" class=\"et_bloom_hide_mobile et_bloom_image_no_animation et_bloom_image\" alt=\"Checkliste f\u00fcr den Gebrauchtwagenkauf\" decoding=\"async\" loading=\"lazy\" srcset=\"https:\/\/autobaak.nl\/wp-content\/uploads\/2020\/02\/image-610x175.png 610w, https:\/\/autobaak.nl\/wp-content\/uploads\/2020\/02\/image-480x138.png 480w\" sizes=\"(min-width: 0px) and (max-width: 480px) 480px, (min-width: 481px) 610px, 100vw\" \/>\n\t\t\t\t\t\t<div class=\"et_bloom_form_text\">\n\t\t\t\t\t\t<h2>Gebrauchtwagen-Checkliste<\/h2><p>Erhalten Sie die Gebrauchtwagen-Checkliste in Ihrem Briefkasten. Anhand der Checkliste k\u00f6nnen Sie alles Schritt f\u00fcr Schritt \u00fcberpr\u00fcfen und einen Fehlkauf vermeiden.<\/p>\n\t\t\t\t\t<\/div>\n\t\t\t\t\t\t\n\t\t\t\t\t<\/div>\n\t\t\t\t<\/div>\n\t\t\t\t<div class=\"et_bloom_form_content et_bloom_2_fields et_bloom_bottom_inline\">\n\t\t\t\t\t\n\t\t\t\t\t\n\t\t\t\t\t<form method=\"post\" class=\"clearfix\" action=\"\">\n\t\t\t\t\t\t<div class=\"et_bloom_fields\">\n\t\t\t\t\t\t\t<p class=\"et_bloom_popup_input et_bloom_subscribe_name\">\n\t\t\t\t\t\t\t\t<input placeholder=\"Name\" maxlength=\"50\">\n\t\t\t\t\t\t\t<\/p>\n\t\t\t\t\t\t\t<p class=\"et_bloom_popup_input et_bloom_subscribe_email\">\n\t\t\t\t\t\t\t\t<input placeholder=\"E-Mail\">\n\t\t\t\t\t\t\t<\/p>\n\t\t\t\t\t\t\t\n\t\t\t\t\t\t\t<button data-optin_id=\"optin_2\" data-service=\"mailerlite\" data-list_id=\"106699396\" data-page_id=\"153527\" data-account=\"Autobaaknl\" data-ip_address=\"true\" class=\"et_bloom_submit_subscription\">\n\t\t\t\t\t\t\t\t<span class=\"et_bloom_subscribe_loader\"><\/span>\n\t\t\t\t\t\t\t\t<span class=\"et_bloom_button_text et_bloom_button_text_color_dark\">Sofort erhalten!<\/span>\n\t\t\t\t\t\t\t<\/button>\n\t\t\t\t\t\t<\/div>\n\t\t\t\t\t<input type=\"hidden\" name=\"trp-form-language\" value=\"de\"\/><\/form>\n\t\t\t\t\t<div class=\"et_bloom_success_container\">\n\t\t\t\t\t\t<span class=\"et_bloom_success_checkmark\"><\/span>\n\t\t\t\t\t<\/div>\n\t\t\t\t\t<h2 class=\"et_bloom_success_message\">\u00dcberpr\u00fcfen Sie auch Ihr Postfach auf Spam. <\/h2>\n\t\t\t\t\t<div class=\"et_bloom_form_footer\"><p><span style=\"color: #333333;\"><em>Mehr als 2.000 Menschen sind vor Ihnen gegangen. Die Abbestellung ist jederzeit m\u00f6glich.\u00a0<\/em><\/span><\/p><\/div>\n\t\t\t\t<\/div>\n\t\t\t<\/div>\n\t\t\t<span class=\"et_bloom_close_button\"><\/span>\n\t\t\t\t<\/div>\n\t\t\t<\/div>Hat der Suzuki SX4 einen Zahnriemen oder eine Kette? Und wann sollten Sie den Riemen wechseln? Nachfolgend finden Sie eine \u00dcbersicht \u00fcber die Wechselintervalle des Zahnriemens f\u00fcr den Suzuki SX4. Bei einigen SX4-Varianten verwendet Suzuki Zahnriemen f\u00fcr die Motorsteuerung. Da dieses Bauteil mit der Zeit verschlei\u00dft, hat der Hersteller [....]<\/p>","protected":false},"author":1,"featured_media":0,"parent":0,"menu_order":0,"comment_status":"closed","ping_status":"closed","template":"","meta":{"_et_pb_use_builder":"on","_et_pb_old_content":"","_et_gb_content_width":"","footnotes":""},"class_list":["post-153527","page","type-page","status-publish","hentry"],"yoast_head":"<!-- This site is optimized with the Yoast SEO plugin v27.4 - https:\/\/yoast.com\/product\/yoast-seo-wordpress\/ -->\n<title>Distributieriem vervangen Suzuki SX4 - Autobaak.nl<\/title>\n<meta name=\"robots\" content=\"index, follow, max-snippet:-1, max-image-preview:large, max-video-preview:-1\" \/>\n<link rel=\"canonical\" href=\"https:\/\/autobaak.nl\/de\/suzuki-sx4-zahnriemenwechsel\/\" \/>\n<meta property=\"og:locale\" content=\"de_DE\" \/>\n<meta property=\"og:type\" content=\"article\" \/>\n<meta property=\"og:title\" content=\"Distributieriem vervangen Suzuki SX4 - Autobaak.nl\" \/>\n<meta property=\"og:description\" content=\"Wanneer Distributieriem vervangen Suzuki SX4Heeft de Suzuki SX4 een distributieriem of ketting? En wanneer moet je de riem vervangen? Hieronder vind je het overzicht van de distributieriem vervangingsinterval van de Suzuki SX4. Voor sommige SX4 varianten gebruikt Suzuki distributieriemen voor de motortiming. Omdat dit onderdeel na verloop van tijd verslijt, heeft de fabrikant voor [&hellip;]\" \/>\n<meta property=\"og:url\" content=\"https:\/\/autobaak.nl\/de\/suzuki-sx4-zahnriemenwechsel\/\" \/>\n<meta property=\"og:site_name\" content=\"Autobaak.nl\" \/>\n<meta property=\"article:modified_time\" content=\"2022-09-09T12:24:03+00:00\" \/>\n<meta name=\"twitter:card\" content=\"summary_large_image\" \/>\n<script type=\"application\/ld+json\" class=\"yoast-schema-graph\">{\"@context\":\"https:\\\/\\\/schema.org\",\"@graph\":[{\"@type\":\"WebPage\",\"@id\":\"https:\\\/\\\/autobaak.nl\\\/distributieriem-vervangen-suzuki-sx4\\\/\",\"url\":\"https:\\\/\\\/autobaak.nl\\\/distributieriem-vervangen-suzuki-sx4\\\/\",\"name\":\"Distributieriem vervangen Suzuki SX4 - Autobaak.nl\",\"isPartOf\":{\"@id\":\"https:\\\/\\\/autobaak.nl\\\/#website\"},\"datePublished\":\"2022-09-09T12:23:59+00:00\",\"dateModified\":\"2022-09-09T12:24:03+00:00\",\"breadcrumb\":{\"@id\":\"https:\\\/\\\/autobaak.nl\\\/distributieriem-vervangen-suzuki-sx4\\\/#breadcrumb\"},\"inLanguage\":\"de\",\"potentialAction\":[{\"@type\":\"ReadAction\",\"target\":[\"https:\\\/\\\/autobaak.nl\\\/distributieriem-vervangen-suzuki-sx4\\\/\"]}]},{\"@type\":\"BreadcrumbList\",\"@id\":\"https:\\\/\\\/autobaak.nl\\\/distributieriem-vervangen-suzuki-sx4\\\/#breadcrumb\",\"itemListElement\":[{\"@type\":\"ListItem\",\"position\":1,\"name\":\"Home\",\"item\":\"https:\\\/\\\/autobaak.nl\\\/\"},{\"@type\":\"ListItem\",\"position\":2,\"name\":\"Distributieriem vervangen Suzuki SX4\"}]},{\"@type\":\"WebSite\",\"@id\":\"https:\\\/\\\/autobaak.nl\\\/#website\",\"url\":\"https:\\\/\\\/autobaak.nl\\\/\",\"name\":\"Autobaak.nl\",\"description\":\"Cars &amp; Racing\",\"potentialAction\":[{\"@type\":\"SearchAction\",\"target\":{\"@type\":\"EntryPoint\",\"urlTemplate\":\"https:\\\/\\\/autobaak.nl\\\/?s={search_term_string}\"},\"query-input\":{\"@type\":\"PropertyValueSpecification\",\"valueRequired\":true,\"valueName\":\"search_term_string\"}}],\"inLanguage\":\"de\"}]}<\/script>\n<!-- \/ Yoast SEO plugin. -->","yoast_head_json":{"title":"Suzuki SX4 Zahnriemen wechseln - Autobaak.de","robots":{"index":"index","follow":"follow","max-snippet":"max-snippet:-1","max-image-preview":"max-image-preview:large","max-video-preview":"max-video-preview:-1"},"canonical":"https:\/\/autobaak.nl\/de\/suzuki-sx4-zahnriemenwechsel\/","og_locale":"de_DE","og_type":"article","og_title":"Distributieriem vervangen Suzuki SX4 - Autobaak.nl","og_description":"Wanneer Distributieriem vervangen Suzuki SX4Heeft de Suzuki SX4 een distributieriem of ketting? En wanneer moet je de riem vervangen? Hieronder vind je het overzicht van de distributieriem vervangingsinterval van de Suzuki SX4. Voor sommige SX4 varianten gebruikt Suzuki distributieriemen voor de motortiming. Omdat dit onderdeel na verloop van tijd verslijt, heeft de fabrikant voor [&hellip;]","og_url":"https:\/\/autobaak.nl\/de\/suzuki-sx4-zahnriemenwechsel\/","og_site_name":"Autobaak.nl","article_modified_time":"2022-09-09T12:24:03+00:00","twitter_card":"summary_large_image","schema":{"@context":"https:\/\/schema.org","@graph":[{"@type":"WebPage","@id":"https:\/\/autobaak.nl\/distributieriem-vervangen-suzuki-sx4\/","url":"https:\/\/autobaak.nl\/distributieriem-vervangen-suzuki-sx4\/","name":"Suzuki SX4 Zahnriemen wechseln - Autobaak.de","isPartOf":{"@id":"https:\/\/autobaak.nl\/#website"},"datePublished":"2022-09-09T12:23:59+00:00","dateModified":"2022-09-09T12:24:03+00:00","breadcrumb":{"@id":"https:\/\/autobaak.nl\/distributieriem-vervangen-suzuki-sx4\/#breadcrumb"},"inLanguage":"de","potentialAction":[{"@type":"ReadAction","target":["https:\/\/autobaak.nl\/distributieriem-vervangen-suzuki-sx4\/"]}]},{"@type":"BreadcrumbList","@id":"https:\/\/autobaak.nl\/distributieriem-vervangen-suzuki-sx4\/#breadcrumb","itemListElement":[{"@type":"ListItem","position":1,"name":"Home","item":"https:\/\/autobaak.nl\/"},{"@type":"ListItem","position":2,"name":"Distributieriem vervangen Suzuki SX4"}]},{"@type":"WebSite","@id":"https:\/\/autobaak.nl\/#website","url":"https:\/\/autobaak.nl\/","name":"Autobook.de","description":"Autos &amp; Rennsport","potentialAction":[{"@type":"SearchAction","target":{"@type":"EntryPoint","urlTemplate":"https:\/\/autobaak.nl\/?s={search_term_string}"},"query-input":{"@type":"PropertyValueSpecification","valueRequired":true,"valueName":"search_term_string"}}],"inLanguage":"de"}]}},"_links":{"self":[{"href":"https:\/\/autobaak.nl\/de\/wp-json\/wp\/v2\/pages\/153527","targetHints":{"allow":["GET"]}}],"collection":[{"href":"https:\/\/autobaak.nl\/de\/wp-json\/wp\/v2\/pages"}],"about":[{"href":"https:\/\/autobaak.nl\/de\/wp-json\/wp\/v2\/types\/page"}],"author":[{"embeddable":true,"href":"https:\/\/autobaak.nl\/de\/wp-json\/wp\/v2\/users\/1"}],"replies":[{"embeddable":true,"href":"https:\/\/autobaak.nl\/de\/wp-json\/wp\/v2\/comments?post=153527"}],"version-history":[{"count":0,"href":"https:\/\/autobaak.nl\/de\/wp-json\/wp\/v2\/pages\/153527\/revisions"}],"wp:attachment":[{"href":"https:\/\/autobaak.nl\/de\/wp-json\/wp\/v2\/media?parent=153527"}],"curies":[{"name":"wp","href":"https:\/\/api.w.org\/{rel}","templated":true}]}}