{"id":153543,"date":"2022-09-12T13:27:14","date_gmt":"2022-09-12T11:27:14","guid":{"rendered":"https:\/\/autobaak.nl\/?page_id=153543"},"modified":"2023-02-08T14:22:36","modified_gmt":"2023-02-08T13:22:36","slug":"subaru-startseite","status":"publish","type":"page","link":"https:\/\/autobaak.nl\/de\/subaru-startseite\/","title":{"rendered":"Subaru Startseite"},"content":{"rendered":"<p>[et_pb_section fb_built=\"1\u2033 inner_shadow=\"on\" fullwidth=\"on\" _builder_version=\"4.18.0\u2033 background_image=\"https:\/\/autobaak.nl\/wp-content\/uploads\/2022\/08\/pexels-jesse-zheng-1213295.jpg\" global_colors_info=\"{}\"][et_pb_fullwidth_header title=\"Skoda Home\" subhead=\"N\u00fctzliche Informationen \u00fcber Skoda\" text_orientation=\"centre\" _builder_version=\"4.18.0\u2033 content_font_size=\"15px\" background_color=\"rgba(255, 255, 255, 0)\" background_image=\"https:\/\/autobaak.nl\/wp-content\/uploads\/2022\/09\/skoda.jpg\" text_shadow_style=\"preset5\u2033 text_shadow_color=\"rgba(0,0,0,0.52)\" global_colors_info=\"{}\" button_one_text_size__hover_enabled=\"off\" button_one_text_size__hover=\"null\" button_two_text_size__hover_enabled=\"off\" button_two_text_size__hover=\"null\" button_one_text_color__hover_enabled=\"off\" button_one_text_color__hover=\"null\" button_two_text_color__hover_enabled=\"off\" button_two_text_color__hover=\"null\" button_one_border_width__hover_enabled=\"off\" button_one_border_width__hover=\"null\" button_two_border_width__hover_enabled=\"off\" button_two_border_width__hover=\"null\" button_one_border_color__hover_enabled=\"off\" button_one_border_color__hover=\"null\" button_two_border_color__hover_enabled=\"off\" button_two_border_color__hover=\"null\" button_one_border_radius__hover_enabled=\"off\" button_one_border_radius__hover=\"null\" button_two_border_radius__hover_enabled=\"off\" button_two_border_radius__hover=\"null\" button_one_letter_spacing__hover_enabled=\"off\" button_one_letter_spacing__hover=\"null\" button_two_letter_spacing__hover_enabled=\"off\" button_two_letter_spacing__hover=\"null\" button_one_bg_color__hover_enabled=\"off\" button_one_bg_color__hover=\"null\" button_two_bg_color__hover_enabled=\"off\" button_two_bg_color__hover=\"null\"][\/et_pb_fullwidth_header][\/et_pb_section][et_pb_section fb_built=\"1\u2033 _builder_version=\"4.16\u2033 custom_padding=\"2px|0px|3px|0px\" global_colors_info=\"{}\"][et_pb_row _builder_version=\"4.16\u2033 background_size=\"initial\" background_position=\"top_left\" background_repeat=\"repeat\" custom_padding=\"26.3594px|0px|2px|0px\" global_colors_info=\"{}\"][et_pb_column type=\"4_4\u2033 _builder_version=\"4.16\u2033 custom_padding=\"|||\" global_colors_info=\"{}\" custom_padding__hover=\"|||\"][et_pb_text _builder_version=\"4.16\u2033 global_colors_info=\"{}\"]<\/p>\n<h2>Subaru Geschichte<\/h2>\n<p>Subaru ist die Automarke des japanischen Mischkonzerns Fuji Heavy Industries und der gr\u00f6\u00dfte Hersteller von Fahrzeugen mit Allradantrieb in der Welt. Zumindest behauptet das die relativ kleine Marke. Unbestritten ist jedoch, dass Subaru in Sachen Kundenzufriedenheit immer ganz vorne mit dabei ist. Die Marke ist auch f\u00fcr den Motorsport bekannt, insbesondere f\u00fcr die Rallye-Weltmeisterschaft: Von 1995 bis 1997 gewann das Team drei Weltmeisterschaften; Colin McRae (1995), Richard Burns (2001) und Petter Solberg (2003) wurden auf einem Subaru Weltmeister, bevor sich die Marke 2008 aus der Weltmeisterschaft zur\u00fcckzog. Viele der in Europa verkauften Subaru-Autos hatten Allradantrieb, nur der in Zusammenarbeit mit Toyota entwickelte Sportwagen Subaru BRZ (auch bekannt als Toyota GT86) bricht seit 2012 mit dieser Regel und hat nur Hinterradantrieb. Heute reicht die Modellpalette vom Minivan Trezia \u00fcber den Impreza, Legacy und Forester bis hin zum neuen Subaru SV SUV. Ganz zu schweigen vom WRX STI, der mit seinen 300 PS an alten Rallye-Ruhm erinnert.<\/p>\n<p>Der Name \"Subaru\" bezieht sich auf den (japanischen Namen f\u00fcr den) Sternhaufen \"M45\" oder \"The 7 Sisters\". Der \u00dcbertragung zufolge ist eine der Schwestern unsichtbar. Das Subaru-Logo zeigt daher 6 statt 7 Sterne. Diese sechs Sterne beziehen sich gleichzeitig auf die Unternehmen, die bei der Gr\u00fcndung von Fuji Heavy Industries zusammengeschlossen wurden. Auf dieser Seite finden Sie weitere Informationen zu Subaru und speziell zu Reifendruck, Zahnriemenintervallen und Motor\u00f6l.<\/p>\n<p>[\/et_pb_text][\/et_pb_column][\/et_pb_row][et_pb_row _builder_version=\"4.16\u2033 background_size=\"initial\" background_position=\"top_left\" background_repeat=\"repeat\" custom_padding=\"26.3594px|0px|2px|0px\" global_colors_info=\"{}\"][et_pb_column type=\"4_4\u2033 _builder_version=\"4.16\u2033 custom_padding=\"|||\" global_colors_info=\"{}\" custom_padding__hover=\"|||\"][et_pb_text _builder_version=\"4.18.0\u2033 background_colour=\"rgba(12,113,195,0.18)\" custom_margin=\"0px|||\" custom_padding=\"10px|20px|10px|20px\" global_colors_info=\"{}\"]<\/p>\n<h2 style=\"text-align: center;\">Datenbank Subaru<\/h2>\n<p style=\"text-align: center;\">Die folgenden \u00dcbersichten zeigen Wartungsintervalle, ben\u00f6tigtes Motor\u00f6l und Tipps zu den neuesten Subaru-Modellen. Die Intervalle und Richtlinien sind nur ein Anhaltspunkt, es k\u00f6nnen Umst\u00e4nde eintreten, die eine Werkstatt veranlassen, eine andere Empfehlung auszusprechen.<\/p>\n<p>[\/et_pb_text][\/et_pb_column][\/et_pb_row][\/et_pb_section][et_pb_section fb_built=\"1\u2033 _builder_version=\"4.16\u2033 custom_padding=\"1px|0px|52.7188px|0px\" global_colors_info=\"{}\"][et_pb_row _builder_version=\"4.16\u2033 background_size=\"initial\" background_position=\"top_left\" background_repeat=\"repeat\" global_colors_info=\"{}\"][et_pb_column type=\"4_4\u2033 _builder_version=\"4.16\u2033 custom_padding=\"|||\" global_colors_info=\"{}\" custom_padding__hover=\"|||\"][et_pb_text _builder_version=\"4.19.4\u2033 hover_enabled=\"0\u2033 global_colors_info=\"{}\" sticky_enabled=\"0\u2033]<\/p>\n<h3>Subaru Zahnriemen-Intervall<\/h3>\n<p>Sie fragen sich, ob Ihr Subaru einen Zahnriemen hat und wann er gewechselt werden sollte? Klicken Sie dann auf die unten stehenden Links, um die entsprechenden Intervalle anzuzeigen:<\/p>\n<ul>\n<li><a href=\"https:\/\/autobaak.nl\/de\/zahnriemenintervall-subaru-impreza\/\">Zahnriemen-Intervall Subaru Impreza<\/a><\/li>\n<li><a href=\"https:\/\/autobaak.nl\/de\/zahnriemenwechsel-subaru-forester\/\">Zahnriemen-Intervall Subaru Forester<\/a><\/li>\n<li><a href=\"https:\/\/autobaak.nl\/de\/zahnriemenintervall-subaru-legacy\/\">Riemenwechsel Subaru Legacy<\/a><\/li>\n<li><a href=\"https:\/\/autobaak.nl\/de\/subaru-xv-zahnriemen-oder-kette\/\">Der Subaru XV hat keinen Riemen, sondern eine Steuerkette<\/a><\/li>\n<\/ul>\n<h3>Reifendruck Subaru<\/h3>\n<p>Sie sollten den Reifendruck Ihres Subaru monatlich \u00fcberpr\u00fcfen, damit Sie eine optimale Leistung genie\u00dfen k\u00f6nnen. Au\u00dferdem kann ein falscher Reifendruck zu einem hohen Kraftstoffverbrauch und einem schnelleren oder unregelm\u00e4\u00dfigen Verschlei\u00df der Reifen f\u00fchren. Auf den folgenden Seiten finden Sie eine \u00dcbersicht \u00fcber den Reifendruck f\u00fcr Ihren Subaru:<\/p>\n<ul>\n<li><a href=\"https:\/\/autobaak.nl\/de\/reifendruck-subaru-trezia\/\">Trezia<\/a><\/li>\n<li><a href=\"https:\/\/autobaak.nl\/de\/reifendruck-subaru-legacy-outback\/\">Legacy Outback<\/a><\/li>\n<li><a href=\"https:\/\/autobaak.nl\/de\/reifendruck-subaru-impreza\/\">Impreza<\/a><\/li>\n<li><a href=\"https:\/\/autobaak.nl\/de\/reifendruck-subaru-forester\/\">F\u00f6rster<\/a><\/li>\n<li><a href=\"https:\/\/autobaak.nl\/de\/reifendruck-subaru-legacy-sw\/\">Erbe SW<\/a><\/li>\n<li><a href=\"https:\/\/autobaak.nl\/de\/reifendruck-subaru-legacy\/\">Erbe<\/a><\/li>\n<li><a href=\"https:\/\/autobaak.nl\/de\/reifendruck-subaru-g3x-justy\/\">G3X Justy<\/a><\/li>\n<li><a href=\"https:\/\/autobaak.nl\/de\/reifendruck-subaru-b9-tribeca\/\">B9 Tribeca<\/a><\/li>\n<\/ul>\n<h3>Subaru Autolampen<\/h3>\n<p>Sie m\u00f6chten die Gl\u00fchbirnen in Ihrem Subaru austauschen, wissen aber nicht, welche Art von Autogl\u00fchbirne Sie ben\u00f6tigen? Zu diesem <a href=\"https:\/\/autobaak.nl\/de\/subaru-autogluhbirnen-ubersicht\/\">Autogl\u00fchbirnen Subaru<\/a> Seite haben wir eine Liste mit allen Lampen zusammengestellt.<\/p>\n<blockquote class=\"wp-embedded-content\" data-secret=\"AuaAYxbFfq\"><p><a href=\"https:\/\/autobaak.nl\/de\/subaru-autogluhbirnen-ubersicht\/\">Autolampen Subaru \u00dcbersicht<\/a><\/p><\/blockquote>\n<p><iframe loading=\"lazy\" class=\"wp-embedded-content\" sandbox=\"allow-scripts\" security=\"restricted\" style=\"position: absolute; clip: rect(1px, 1px, 1px, 1px);\" title=\"&quot;Autolampen Subaru \u00dcbersicht&quot; - Autobaak alles f\u00fcr und \u00fcber Autos\" src=\"https:\/\/autobaak.nl\/autolampen-subaru-overzicht\/embed\/#?secret=umUjFdkgc5#?secret=AuaAYxbFfq\" data-secret=\"AuaAYxbFfq\" width=\"600\" height=\"338\" frameborder=\"0\" marginwidth=\"0\" marginheight=\"0\" scrolling=\"no\"><\/iframe><\/p>\n<p>&nbsp;<\/p>\n<p>[\/et_pb_text][\/et_pb_column][\/et_pb_row][et_pb_row column_structure=\"1_2,1_2\u2033 _builder_version=\"4.17.4\u2033 _module_preset=\"default\" global_colors_info=\"{}\"][et_pb_column type=\"1_2\u2033 _builder_version=\"4.17.4\u2033 _module_preset=\"default\" global_colors_info=\"{}\"][et_pb_text _builder_version=\"4.18.0\u2033 _module_preset=\"default\" global_colors_info=\"{}\"]<\/p>\n<h3>Welches Motor\u00f6l Subaru<\/h3>\n<p>Der rechtzeitige Wechsel des Motor\u00f6ls ist entscheidend f\u00fcr den Zustand Ihres Motors. Dar\u00fcber hinaus ist es wichtig zu wissen, welches Motor\u00f6l Sie ben\u00f6tigen. Im Serviceheft ist in der Regel immer das passende Motor\u00f6l angegeben. Sie m\u00f6chten wissen, welches Motor\u00f6l Sie in Ihren Subaru einf\u00fcllen sollten? Dann nutzen Sie die praktische Suchfunktion von Kroon Oil:<\/p>\n<p>[\/et_pb_text][\/et_pb_column][et_pb_column type=\"1_2\u2033 _builder_version=\"4.17.4\u2033 _module_preset=\"default\" global_colors_info=\"{}\"][et_pb_text _builder_version=\"4.18.0\u2033 _module_preset=\"default\" global_colors_info=\"{}\"]<\/p>\n<p><script type=\"text\/javascript\" src=\"\/\/kroon-oil.com\/adviesbanners\/v3\/bnr-js.php?lang=nl&amp;type=reg&amp;theme=light\"><\/script><\/p>\n<p>[\/et_pb_text][\/et_pb_column][\/et_pb_row][\/et_pb_section].<\/p>","protected":false},"excerpt":{"rendered":"<p>Geschichte Subaru Subaru ist die Automarke des japanischen Mischkonzerns Fuji Heavy Industries und der weltweit gr\u00f6\u00dfte Hersteller von Fahrzeugen mit Allradantrieb. Zumindest behauptet das die relativ kleine Marke. Unbestritten ist jedoch, dass Subaru stets an der Spitze steht, wenn es um Kundenzufriedenheit geht. Die Marke ist auch f\u00fcr den Motorsport bekannt, insbesondere [...]<\/p>","protected":false},"author":1,"featured_media":0,"parent":0,"menu_order":0,"comment_status":"closed","ping_status":"closed","template":"","meta":{"_et_pb_use_builder":"on","_et_pb_old_content":"","_et_gb_content_width":"","footnotes":""},"class_list":["post-153543","page","type-page","status-publish","hentry"],"yoast_head":"<!-- This site is optimized with the Yoast SEO plugin v27.4 - https:\/\/yoast.com\/product\/yoast-seo-wordpress\/ -->\n<title>Subaru Home - Autobaak.nl<\/title>\n<meta name=\"robots\" content=\"index, follow, max-snippet:-1, max-image-preview:large, max-video-preview:-1\" \/>\n<link rel=\"canonical\" href=\"https:\/\/autobaak.nl\/de\/subaru-startseite\/\" \/>\n<meta property=\"og:locale\" content=\"de_DE\" \/>\n<meta property=\"og:type\" content=\"article\" \/>\n<meta property=\"og:title\" content=\"Subaru Home - Autobaak.nl\" \/>\n<meta property=\"og:description\" content=\"Geschiedenis Subaru Subaru is het automerk van het Japanse conglomeraat Fuji Heavy Industries en de grootste producent van voertuigen met vierwielaandrijving ter wereld. Althans dat beweert het relatief kleine merk. Wat echter onbetwist is, is dat Subaru altijd voorop loopt als het gaat om klanttevredenheid. Ook is het merk bekend van autosport, in het bijzonder [&hellip;]\" \/>\n<meta property=\"og:url\" content=\"https:\/\/autobaak.nl\/de\/subaru-startseite\/\" \/>\n<meta property=\"og:site_name\" content=\"Autobaak.nl\" \/>\n<meta property=\"article:modified_time\" content=\"2023-02-08T13:22:36+00:00\" \/>\n<meta name=\"twitter:card\" content=\"summary_large_image\" \/>\n<meta name=\"twitter:label1\" content=\"Gesch\u00e4tzte Lesezeit\" \/>\n\t<meta name=\"twitter:data1\" content=\"3\u00a0Minuten\" \/>\n<script type=\"application\/ld+json\" class=\"yoast-schema-graph\">{\"@context\":\"https:\\\/\\\/schema.org\",\"@graph\":[{\"@type\":\"WebPage\",\"@id\":\"https:\\\/\\\/autobaak.nl\\\/subaru-home\\\/\",\"url\":\"https:\\\/\\\/autobaak.nl\\\/subaru-home\\\/\",\"name\":\"Subaru Home - Autobaak.nl\",\"isPartOf\":{\"@id\":\"https:\\\/\\\/autobaak.nl\\\/#website\"},\"datePublished\":\"2022-09-12T11:27:14+00:00\",\"dateModified\":\"2023-02-08T13:22:36+00:00\",\"breadcrumb\":{\"@id\":\"https:\\\/\\\/autobaak.nl\\\/subaru-home\\\/#breadcrumb\"},\"inLanguage\":\"de\",\"potentialAction\":[{\"@type\":\"ReadAction\",\"target\":[\"https:\\\/\\\/autobaak.nl\\\/subaru-home\\\/\"]}]},{\"@type\":\"BreadcrumbList\",\"@id\":\"https:\\\/\\\/autobaak.nl\\\/subaru-home\\\/#breadcrumb\",\"itemListElement\":[{\"@type\":\"ListItem\",\"position\":1,\"name\":\"Home\",\"item\":\"https:\\\/\\\/autobaak.nl\\\/\"},{\"@type\":\"ListItem\",\"position\":2,\"name\":\"Subaru Home\"}]},{\"@type\":\"WebSite\",\"@id\":\"https:\\\/\\\/autobaak.nl\\\/#website\",\"url\":\"https:\\\/\\\/autobaak.nl\\\/\",\"name\":\"Autobaak.nl\",\"description\":\"Cars &amp; Racing\",\"potentialAction\":[{\"@type\":\"SearchAction\",\"target\":{\"@type\":\"EntryPoint\",\"urlTemplate\":\"https:\\\/\\\/autobaak.nl\\\/?s={search_term_string}\"},\"query-input\":{\"@type\":\"PropertyValueSpecification\",\"valueRequired\":true,\"valueName\":\"search_term_string\"}}],\"inLanguage\":\"de\"}]}<\/script>\n<!-- \/ Yoast SEO plugin. -->","yoast_head_json":{"title":"Subaru Startseite - Autobaak.de","robots":{"index":"index","follow":"follow","max-snippet":"max-snippet:-1","max-image-preview":"max-image-preview:large","max-video-preview":"max-video-preview:-1"},"canonical":"https:\/\/autobaak.nl\/de\/subaru-startseite\/","og_locale":"de_DE","og_type":"article","og_title":"Subaru Home - Autobaak.nl","og_description":"Geschiedenis Subaru Subaru is het automerk van het Japanse conglomeraat Fuji Heavy Industries en de grootste producent van voertuigen met vierwielaandrijving ter wereld. Althans dat beweert het relatief kleine merk. Wat echter onbetwist is, is dat Subaru altijd voorop loopt als het gaat om klanttevredenheid. Ook is het merk bekend van autosport, in het bijzonder [&hellip;]","og_url":"https:\/\/autobaak.nl\/de\/subaru-startseite\/","og_site_name":"Autobaak.nl","article_modified_time":"2023-02-08T13:22:36+00:00","twitter_card":"summary_large_image","twitter_misc":{"Gesch\u00e4tzte Lesezeit":"3\u00a0Minuten"},"schema":{"@context":"https:\/\/schema.org","@graph":[{"@type":"WebPage","@id":"https:\/\/autobaak.nl\/subaru-home\/","url":"https:\/\/autobaak.nl\/subaru-home\/","name":"Subaru Startseite - Autobaak.de","isPartOf":{"@id":"https:\/\/autobaak.nl\/#website"},"datePublished":"2022-09-12T11:27:14+00:00","dateModified":"2023-02-08T13:22:36+00:00","breadcrumb":{"@id":"https:\/\/autobaak.nl\/subaru-home\/#breadcrumb"},"inLanguage":"de","potentialAction":[{"@type":"ReadAction","target":["https:\/\/autobaak.nl\/subaru-home\/"]}]},{"@type":"BreadcrumbList","@id":"https:\/\/autobaak.nl\/subaru-home\/#breadcrumb","itemListElement":[{"@type":"ListItem","position":1,"name":"Home","item":"https:\/\/autobaak.nl\/"},{"@type":"ListItem","position":2,"name":"Subaru Home"}]},{"@type":"WebSite","@id":"https:\/\/autobaak.nl\/#website","url":"https:\/\/autobaak.nl\/","name":"Autobook.de","description":"Autos &amp; Rennsport","potentialAction":[{"@type":"SearchAction","target":{"@type":"EntryPoint","urlTemplate":"https:\/\/autobaak.nl\/?s={search_term_string}"},"query-input":{"@type":"PropertyValueSpecification","valueRequired":true,"valueName":"search_term_string"}}],"inLanguage":"de"}]}},"_links":{"self":[{"href":"https:\/\/autobaak.nl\/de\/wp-json\/wp\/v2\/pages\/153543","targetHints":{"allow":["GET"]}}],"collection":[{"href":"https:\/\/autobaak.nl\/de\/wp-json\/wp\/v2\/pages"}],"about":[{"href":"https:\/\/autobaak.nl\/de\/wp-json\/wp\/v2\/types\/page"}],"author":[{"embeddable":true,"href":"https:\/\/autobaak.nl\/de\/wp-json\/wp\/v2\/users\/1"}],"replies":[{"embeddable":true,"href":"https:\/\/autobaak.nl\/de\/wp-json\/wp\/v2\/comments?post=153543"}],"version-history":[{"count":0,"href":"https:\/\/autobaak.nl\/de\/wp-json\/wp\/v2\/pages\/153543\/revisions"}],"wp:attachment":[{"href":"https:\/\/autobaak.nl\/de\/wp-json\/wp\/v2\/media?parent=153543"}],"curies":[{"name":"wp","href":"https:\/\/api.w.org\/{rel}","templated":true}]}}