{"id":153547,"date":"2022-09-12T13:28:21","date_gmt":"2022-09-12T11:28:21","guid":{"rendered":"https:\/\/autobaak.nl\/?page_id=153547"},"modified":"2022-09-12T13:28:21","modified_gmt":"2022-09-12T11:28:21","slug":"reifendruck-subaru-b9-tribeca","status":"publish","type":"page","link":"https:\/\/autobaak.nl\/de\/reifendruck-subaru-b9-tribeca\/","title":{"rendered":"Reifendruck Subaru B9 Tribeca"},"content":{"rendered":"<p>Sie besitzen einen Subaru B9 Tribeca und sind auf der Suche nach dem richtigen Reifendruck? In der untenstehenden \u00dcbersicht finden Sie die verf\u00fcgbaren Modelle und die entsprechenden Reifendr\u00fccke.<\/p>\n<h2>Reifendruck\u00fcbersicht Subaru B9 Tribeca<\/h2>\n<table class=\"table table-striped table-bordered table-hover table-responsive\">\n<thead class=\"thead-dark\">\n<tr>\n<th>Antrieb<\/th>\n<th>Gr\u00f6\u00dfe des Reifens<\/th>\n<th>Reifendruck Vorderr\u00e4der<\/th>\n<th>Reifendruck am Hinterrad<\/th>\n<th>Frontlader<\/th>\n<th>Laden Sie die R\u00fcckseite<\/th>\n<\/tr>\n<\/thead>\n<tbody>\n<tr>\n<td data-title=\"Aandrijving\"><strong>3.0 R<\/strong><\/td>\n<td data-title=\"Bandenmaat\">255 55 R18 105V 4\u00d74<\/td>\n<td data-title=\"Bandenspanning voorwielen\">2.3<\/td>\n<td data-title=\"Bandenspanning achterwielen\">2.2<\/td>\n<td data-title=\"Voorkant beladen\">2.3<\/td>\n<td data-title=\"Achterkant beladen\">2.2<\/td>\n<\/tr>\n<\/tbody>\n<\/table>","protected":false},"excerpt":{"rendered":"<p>Sie besitzen einen Subaru B9 Tribeca und sind auf der Suche nach dem richtigen Reifendruck? In der untenstehenden \u00dcbersicht finden Sie die verf\u00fcgbaren Modelle und die entsprechenden Reifendr\u00fccke. Reifendruck-\u00dcbersicht Subaru B9 Tribeca Drive Reifengr\u00f6\u00dfe Reifendruck Vorderr\u00e4der Reifendruck Hinterr\u00e4der Frontloaded Rearloaded 3.0 R 255 55 R18 105V 4\u00d74 2.3 2.2 2.3 2.3 2.2<\/p>","protected":false},"author":1,"featured_media":0,"parent":0,"menu_order":0,"comment_status":"closed","ping_status":"closed","template":"","meta":{"_et_pb_use_builder":"","_et_pb_old_content":"","_et_gb_content_width":"","footnotes":""},"class_list":["post-153547","page","type-page","status-publish","hentry"],"yoast_head":"<!-- This site is optimized with the Yoast SEO plugin v27.5 - https:\/\/yoast.com\/product\/yoast-seo-wordpress\/ -->\n<title>Bandenspanning Subaru B9 Tribeca - Autobaak.nl<\/title>\n<meta name=\"robots\" content=\"index, follow, max-snippet:-1, max-image-preview:large, max-video-preview:-1\" \/>\n<link rel=\"canonical\" href=\"https:\/\/autobaak.nl\/de\/reifendruck-subaru-b9-tribeca\/\" \/>\n<meta property=\"og:locale\" content=\"de_DE\" \/>\n<meta property=\"og:type\" content=\"article\" \/>\n<meta property=\"og:title\" content=\"Bandenspanning Subaru B9 Tribeca - Autobaak.nl\" \/>\n<meta property=\"og:description\" content=\"Heb je een Subaru B9 Tribeca en ben je op zoek naar de juiste bandenspanning? In onderstaand overzicht kan je de beschikbare modellen vinden en bijbehorende bandenspanning. Overzicht bandenspanning Subaru B9 Tribeca Aandrijving Bandenmaat Bandenspanning voorwielen Bandenspanning achterwielen Voorkant beladen Achterkant beladen 3.0 R 255 55 R18 105V 4&#215;4 2.3 2.2 2.3 2.2\" \/>\n<meta property=\"og:url\" content=\"https:\/\/autobaak.nl\/de\/reifendruck-subaru-b9-tribeca\/\" \/>\n<meta property=\"og:site_name\" content=\"Autobaak.nl\" \/>\n<meta name=\"twitter:card\" content=\"summary_large_image\" \/>\n<meta name=\"twitter:label1\" content=\"Gesch\u00e4tzte Lesezeit\" \/>\n\t<meta name=\"twitter:data1\" content=\"1\u00a0Minute\" \/>\n<script type=\"application\/ld+json\" class=\"yoast-schema-graph\">{\"@context\":\"https:\\\/\\\/schema.org\",\"@graph\":[{\"@type\":\"WebPage\",\"@id\":\"https:\\\/\\\/autobaak.nl\\\/bandenspanning-subaru-b9-tribeca\\\/\",\"url\":\"https:\\\/\\\/autobaak.nl\\\/bandenspanning-subaru-b9-tribeca\\\/\",\"name\":\"Bandenspanning Subaru B9 Tribeca - Autobaak.nl\",\"isPartOf\":{\"@id\":\"https:\\\/\\\/autobaak.nl\\\/#website\"},\"datePublished\":\"2022-09-12T11:28:21+00:00\",\"breadcrumb\":{\"@id\":\"https:\\\/\\\/autobaak.nl\\\/bandenspanning-subaru-b9-tribeca\\\/#breadcrumb\"},\"inLanguage\":\"de\",\"potentialAction\":[{\"@type\":\"ReadAction\",\"target\":[\"https:\\\/\\\/autobaak.nl\\\/bandenspanning-subaru-b9-tribeca\\\/\"]}]},{\"@type\":\"BreadcrumbList\",\"@id\":\"https:\\\/\\\/autobaak.nl\\\/bandenspanning-subaru-b9-tribeca\\\/#breadcrumb\",\"itemListElement\":[{\"@type\":\"ListItem\",\"position\":1,\"name\":\"Home\",\"item\":\"https:\\\/\\\/autobaak.nl\\\/\"},{\"@type\":\"ListItem\",\"position\":2,\"name\":\"Bandenspanning Subaru B9 Tribeca\"}]},{\"@type\":\"WebSite\",\"@id\":\"https:\\\/\\\/autobaak.nl\\\/#website\",\"url\":\"https:\\\/\\\/autobaak.nl\\\/\",\"name\":\"Autobaak.nl\",\"description\":\"Cars &amp; Racing\",\"potentialAction\":[{\"@type\":\"SearchAction\",\"target\":{\"@type\":\"EntryPoint\",\"urlTemplate\":\"https:\\\/\\\/autobaak.nl\\\/?s={search_term_string}\"},\"query-input\":{\"@type\":\"PropertyValueSpecification\",\"valueRequired\":true,\"valueName\":\"search_term_string\"}}],\"inLanguage\":\"de\"}]}<\/script>\n<!-- \/ Yoast SEO plugin. -->","yoast_head_json":{"title":"Reifendruck Subaru B9 Tribeca - Autobaak.de","robots":{"index":"index","follow":"follow","max-snippet":"max-snippet:-1","max-image-preview":"max-image-preview:large","max-video-preview":"max-video-preview:-1"},"canonical":"https:\/\/autobaak.nl\/de\/reifendruck-subaru-b9-tribeca\/","og_locale":"de_DE","og_type":"article","og_title":"Bandenspanning Subaru B9 Tribeca - Autobaak.nl","og_description":"Heb je een Subaru B9 Tribeca en ben je op zoek naar de juiste bandenspanning? In onderstaand overzicht kan je de beschikbare modellen vinden en bijbehorende bandenspanning. Overzicht bandenspanning Subaru B9 Tribeca Aandrijving Bandenmaat Bandenspanning voorwielen Bandenspanning achterwielen Voorkant beladen Achterkant beladen 3.0 R 255 55 R18 105V 4&#215;4 2.3 2.2 2.3 2.2","og_url":"https:\/\/autobaak.nl\/de\/reifendruck-subaru-b9-tribeca\/","og_site_name":"Autobaak.nl","twitter_card":"summary_large_image","twitter_misc":{"Gesch\u00e4tzte Lesezeit":"1\u00a0Minute"},"schema":{"@context":"https:\/\/schema.org","@graph":[{"@type":"WebPage","@id":"https:\/\/autobaak.nl\/bandenspanning-subaru-b9-tribeca\/","url":"https:\/\/autobaak.nl\/bandenspanning-subaru-b9-tribeca\/","name":"Reifendruck Subaru B9 Tribeca - Autobaak.de","isPartOf":{"@id":"https:\/\/autobaak.nl\/#website"},"datePublished":"2022-09-12T11:28:21+00:00","breadcrumb":{"@id":"https:\/\/autobaak.nl\/bandenspanning-subaru-b9-tribeca\/#breadcrumb"},"inLanguage":"de","potentialAction":[{"@type":"ReadAction","target":["https:\/\/autobaak.nl\/bandenspanning-subaru-b9-tribeca\/"]}]},{"@type":"BreadcrumbList","@id":"https:\/\/autobaak.nl\/bandenspanning-subaru-b9-tribeca\/#breadcrumb","itemListElement":[{"@type":"ListItem","position":1,"name":"Home","item":"https:\/\/autobaak.nl\/"},{"@type":"ListItem","position":2,"name":"Bandenspanning Subaru B9 Tribeca"}]},{"@type":"WebSite","@id":"https:\/\/autobaak.nl\/#website","url":"https:\/\/autobaak.nl\/","name":"Autobook.de","description":"Autos &amp; Rennsport","potentialAction":[{"@type":"SearchAction","target":{"@type":"EntryPoint","urlTemplate":"https:\/\/autobaak.nl\/?s={search_term_string}"},"query-input":{"@type":"PropertyValueSpecification","valueRequired":true,"valueName":"search_term_string"}}],"inLanguage":"de"}]}},"_links":{"self":[{"href":"https:\/\/autobaak.nl\/de\/wp-json\/wp\/v2\/pages\/153547","targetHints":{"allow":["GET"]}}],"collection":[{"href":"https:\/\/autobaak.nl\/de\/wp-json\/wp\/v2\/pages"}],"about":[{"href":"https:\/\/autobaak.nl\/de\/wp-json\/wp\/v2\/types\/page"}],"author":[{"embeddable":true,"href":"https:\/\/autobaak.nl\/de\/wp-json\/wp\/v2\/users\/1"}],"replies":[{"embeddable":true,"href":"https:\/\/autobaak.nl\/de\/wp-json\/wp\/v2\/comments?post=153547"}],"version-history":[{"count":0,"href":"https:\/\/autobaak.nl\/de\/wp-json\/wp\/v2\/pages\/153547\/revisions"}],"wp:attachment":[{"href":"https:\/\/autobaak.nl\/de\/wp-json\/wp\/v2\/media?parent=153547"}],"curies":[{"name":"wp","href":"https:\/\/api.w.org\/{rel}","templated":true}]}}