{"id":153561,"date":"2022-09-12T13:33:19","date_gmt":"2022-09-12T11:33:19","guid":{"rendered":"https:\/\/autobaak.nl\/?page_id=153561"},"modified":"2022-09-12T13:33:19","modified_gmt":"2022-09-12T11:33:19","slug":"reifendruck-subaru-trezia","status":"publish","type":"page","link":"https:\/\/autobaak.nl\/de\/reifendruck-subaru-trezia\/","title":{"rendered":"Reifendruck Subaru Trezia"},"content":{"rendered":"<p>Sie haben einen Subaru Trezia und suchen nach dem richtigen Reifendruck? In der untenstehenden \u00dcbersicht finden Sie die verf\u00fcgbaren Modelle und die entsprechenden Reifendr\u00fccke.<\/p>\n<h2>Reifendruck\u00fcbersicht Subaru Trezia<\/h2>\n<div class=\"col-12 col-md-8\">\n<div class=\"row\">\n<div class=\"col-sm-12 text-center no-more-tables\">\n<table class=\"table table-striped table-bordered table-hover table-responsive\">\n<thead class=\"thead-dark\">\n<tr>\n<th>Antrieb<\/th>\n<th>Gr\u00f6\u00dfe des Reifens<\/th>\n<th>Reifendruck Vorderr\u00e4der<\/th>\n<th>Reifendruck am Hinterrad<\/th>\n<th>Frontlader<\/th>\n<th>Laden Sie die R\u00fcckseite<\/th>\n<\/tr>\n<\/thead>\n<tbody>\n<tr>\n<td data-title=\"Aandrijving\"><strong>1.3<\/strong><\/td>\n<td data-title=\"Bandenmaat\">185 60 R16 86T<\/td>\n<td data-title=\"Bandenspanning voorwielen\">2.3<\/td>\n<td data-title=\"Bandenspanning achterwielen\">2.3<\/td>\n<td data-title=\"Voorkant beladen\">2.3<\/td>\n<td data-title=\"Achterkant beladen\">2.3<\/td>\n<\/tr>\n<tr>\n<td data-title=\"Aandrijving\"><strong>1.3<\/strong><\/td>\n<td data-title=\"Bandenmaat\">185 65 R15 88T<\/td>\n<td data-title=\"Bandenspanning voorwielen\">2.3<\/td>\n<td data-title=\"Bandenspanning achterwielen\">2.3<\/td>\n<td data-title=\"Voorkant beladen\">2.3<\/td>\n<td data-title=\"Achterkant beladen\">2.3<\/td>\n<\/tr>\n<\/tbody>\n<\/table>\n<\/div>\n<\/div>\n<\/div>\n<div class=\"col-12 col-md-4\"><\/div>","protected":false},"excerpt":{"rendered":"<p>Sie haben einen Subaru Trezia und suchen nach dem richtigen Reifendruck? In der untenstehenden \u00dcbersicht finden Sie die verf\u00fcgbaren Modelle und die entsprechenden Reifendr\u00fccke. Reifendruck-\u00dcbersicht Subaru Trezia Drive Reifengr\u00f6\u00dfe Reifendruck Vorderr\u00e4der Reifendruck Hinterr\u00e4der Vorderachse Hinterachse 1.3 185 60 R16 86T 2.3 2.3 2.3 2.3 1.3 185 65 R15 88T 2.3 [...]<\/p>","protected":false},"author":1,"featured_media":0,"parent":0,"menu_order":0,"comment_status":"closed","ping_status":"closed","template":"","meta":{"_et_pb_use_builder":"","_et_pb_old_content":"","_et_gb_content_width":"","footnotes":""},"class_list":["post-153561","page","type-page","status-publish","hentry"],"yoast_head":"<!-- This site is optimized with the Yoast SEO plugin v27.4 - https:\/\/yoast.com\/product\/yoast-seo-wordpress\/ -->\n<title>Bandenspanning Subaru Trezia - Autobaak.nl<\/title>\n<meta name=\"robots\" content=\"index, follow, max-snippet:-1, max-image-preview:large, max-video-preview:-1\" \/>\n<link rel=\"canonical\" href=\"https:\/\/autobaak.nl\/de\/reifendruck-subaru-trezia\/\" \/>\n<meta property=\"og:locale\" content=\"de_DE\" \/>\n<meta property=\"og:type\" content=\"article\" \/>\n<meta property=\"og:title\" content=\"Bandenspanning Subaru Trezia - Autobaak.nl\" \/>\n<meta property=\"og:description\" content=\"Heb je een Subaru Trezia en ben je op zoek naar de juiste bandenspanning? In onderstaand overzicht kan je de beschikbare modellen vinden en bijbehorende bandenspanning. Overzicht bandenspanning Subaru Trezia Aandrijving Bandenmaat Bandenspanning voorwielen Bandenspanning achterwielen Voorkant beladen Achterkant beladen 1.3 185 60 R16 86T 2.3 2.3 2.3 2.3 1.3 185 65 R15 88T 2.3 [&hellip;]\" \/>\n<meta property=\"og:url\" content=\"https:\/\/autobaak.nl\/de\/reifendruck-subaru-trezia\/\" \/>\n<meta property=\"og:site_name\" content=\"Autobaak.nl\" \/>\n<meta name=\"twitter:card\" content=\"summary_large_image\" \/>\n<meta name=\"twitter:label1\" content=\"Gesch\u00e4tzte Lesezeit\" \/>\n\t<meta name=\"twitter:data1\" content=\"1\u00a0Minute\" \/>\n<script type=\"application\/ld+json\" class=\"yoast-schema-graph\">{\"@context\":\"https:\\\/\\\/schema.org\",\"@graph\":[{\"@type\":\"WebPage\",\"@id\":\"https:\\\/\\\/autobaak.nl\\\/bandenspanning-subaru-trezia\\\/\",\"url\":\"https:\\\/\\\/autobaak.nl\\\/bandenspanning-subaru-trezia\\\/\",\"name\":\"Bandenspanning Subaru Trezia - Autobaak.nl\",\"isPartOf\":{\"@id\":\"https:\\\/\\\/autobaak.nl\\\/#website\"},\"datePublished\":\"2022-09-12T11:33:19+00:00\",\"breadcrumb\":{\"@id\":\"https:\\\/\\\/autobaak.nl\\\/bandenspanning-subaru-trezia\\\/#breadcrumb\"},\"inLanguage\":\"de\",\"potentialAction\":[{\"@type\":\"ReadAction\",\"target\":[\"https:\\\/\\\/autobaak.nl\\\/bandenspanning-subaru-trezia\\\/\"]}]},{\"@type\":\"BreadcrumbList\",\"@id\":\"https:\\\/\\\/autobaak.nl\\\/bandenspanning-subaru-trezia\\\/#breadcrumb\",\"itemListElement\":[{\"@type\":\"ListItem\",\"position\":1,\"name\":\"Home\",\"item\":\"https:\\\/\\\/autobaak.nl\\\/\"},{\"@type\":\"ListItem\",\"position\":2,\"name\":\"Bandenspanning Subaru Trezia\"}]},{\"@type\":\"WebSite\",\"@id\":\"https:\\\/\\\/autobaak.nl\\\/#website\",\"url\":\"https:\\\/\\\/autobaak.nl\\\/\",\"name\":\"Autobaak.nl\",\"description\":\"Cars &amp; Racing\",\"potentialAction\":[{\"@type\":\"SearchAction\",\"target\":{\"@type\":\"EntryPoint\",\"urlTemplate\":\"https:\\\/\\\/autobaak.nl\\\/?s={search_term_string}\"},\"query-input\":{\"@type\":\"PropertyValueSpecification\",\"valueRequired\":true,\"valueName\":\"search_term_string\"}}],\"inLanguage\":\"de\"}]}<\/script>\n<!-- \/ Yoast SEO plugin. -->","yoast_head_json":{"title":"Reifendruck Subaru Trezia - Autobaak.de","robots":{"index":"index","follow":"follow","max-snippet":"max-snippet:-1","max-image-preview":"max-image-preview:large","max-video-preview":"max-video-preview:-1"},"canonical":"https:\/\/autobaak.nl\/de\/reifendruck-subaru-trezia\/","og_locale":"de_DE","og_type":"article","og_title":"Bandenspanning Subaru Trezia - Autobaak.nl","og_description":"Heb je een Subaru Trezia en ben je op zoek naar de juiste bandenspanning? In onderstaand overzicht kan je de beschikbare modellen vinden en bijbehorende bandenspanning. Overzicht bandenspanning Subaru Trezia Aandrijving Bandenmaat Bandenspanning voorwielen Bandenspanning achterwielen Voorkant beladen Achterkant beladen 1.3 185 60 R16 86T 2.3 2.3 2.3 2.3 1.3 185 65 R15 88T 2.3 [&hellip;]","og_url":"https:\/\/autobaak.nl\/de\/reifendruck-subaru-trezia\/","og_site_name":"Autobaak.nl","twitter_card":"summary_large_image","twitter_misc":{"Gesch\u00e4tzte Lesezeit":"1\u00a0Minute"},"schema":{"@context":"https:\/\/schema.org","@graph":[{"@type":"WebPage","@id":"https:\/\/autobaak.nl\/bandenspanning-subaru-trezia\/","url":"https:\/\/autobaak.nl\/bandenspanning-subaru-trezia\/","name":"Reifendruck Subaru Trezia - Autobaak.de","isPartOf":{"@id":"https:\/\/autobaak.nl\/#website"},"datePublished":"2022-09-12T11:33:19+00:00","breadcrumb":{"@id":"https:\/\/autobaak.nl\/bandenspanning-subaru-trezia\/#breadcrumb"},"inLanguage":"de","potentialAction":[{"@type":"ReadAction","target":["https:\/\/autobaak.nl\/bandenspanning-subaru-trezia\/"]}]},{"@type":"BreadcrumbList","@id":"https:\/\/autobaak.nl\/bandenspanning-subaru-trezia\/#breadcrumb","itemListElement":[{"@type":"ListItem","position":1,"name":"Home","item":"https:\/\/autobaak.nl\/"},{"@type":"ListItem","position":2,"name":"Bandenspanning Subaru Trezia"}]},{"@type":"WebSite","@id":"https:\/\/autobaak.nl\/#website","url":"https:\/\/autobaak.nl\/","name":"Autobook.de","description":"Autos &amp; Rennsport","potentialAction":[{"@type":"SearchAction","target":{"@type":"EntryPoint","urlTemplate":"https:\/\/autobaak.nl\/?s={search_term_string}"},"query-input":{"@type":"PropertyValueSpecification","valueRequired":true,"valueName":"search_term_string"}}],"inLanguage":"de"}]}},"_links":{"self":[{"href":"https:\/\/autobaak.nl\/de\/wp-json\/wp\/v2\/pages\/153561","targetHints":{"allow":["GET"]}}],"collection":[{"href":"https:\/\/autobaak.nl\/de\/wp-json\/wp\/v2\/pages"}],"about":[{"href":"https:\/\/autobaak.nl\/de\/wp-json\/wp\/v2\/types\/page"}],"author":[{"embeddable":true,"href":"https:\/\/autobaak.nl\/de\/wp-json\/wp\/v2\/users\/1"}],"replies":[{"embeddable":true,"href":"https:\/\/autobaak.nl\/de\/wp-json\/wp\/v2\/comments?post=153561"}],"version-history":[{"count":0,"href":"https:\/\/autobaak.nl\/de\/wp-json\/wp\/v2\/pages\/153561\/revisions"}],"wp:attachment":[{"href":"https:\/\/autobaak.nl\/de\/wp-json\/wp\/v2\/media?parent=153561"}],"curies":[{"name":"wp","href":"https:\/\/api.w.org\/{rel}","templated":true}]}}