{"id":153594,"date":"2022-09-12T14:53:26","date_gmt":"2022-09-12T12:53:26","guid":{"rendered":"https:\/\/autobaak.nl\/?page_id=153594"},"modified":"2022-09-12T14:53:26","modified_gmt":"2022-09-12T12:53:26","slug":"volvo-v60-reifendruck","status":"publish","type":"page","link":"https:\/\/autobaak.nl\/de\/volvo-v60-reifendruck\/","title":{"rendered":"Reifendruck Volvo V60"},"content":{"rendered":"<p>Sie suchen den Reifendruck f\u00fcr Ihren Volvo V60? Auf dieser Seite sind die V60-Modelle und der richtige Reifendruck aufgef\u00fchrt.<\/p>\n<h2>Volvo V60 Reifendruck \u00dcbersicht<\/h2>\n<table class=\"table table-striped table-bordered table-hover table-responsive\">\n<thead class=\"thead-dark\">\n<tr>\n<th>Antrieb<\/th>\n<th>Gr\u00f6\u00dfe des Reifens<\/th>\n<th>Reifendruck Vorderr\u00e4der<\/th>\n<th>Reifendruck am Hinterrad<\/th>\n<th>Frontlader<\/th>\n<th>Laden Sie die R\u00fcckseite<\/th>\n<\/tr>\n<\/thead>\n<tbody>\n<tr>\n<td data-title=\"Aandrijving\"><strong>1.6 T3<\/strong><\/td>\n<td data-title=\"Bandenmaat\">205 60 R16 92V<\/td>\n<td data-title=\"Bandenspanning voorwielen\">2.6<\/td>\n<td data-title=\"Bandenspanning achterwielen\">2.4<\/td>\n<td data-title=\"Voorkant beladen\">2.8<\/td>\n<td data-title=\"Achterkant beladen\">2.6<\/td>\n<\/tr>\n<tr>\n<td data-title=\"Aandrijving\"><strong>1.6 T3<\/strong><\/td>\n<td data-title=\"Bandenmaat\">215 50 R17 95W XL<\/td>\n<td data-title=\"Bandenspanning voorwielen\">2.6<\/td>\n<td data-title=\"Bandenspanning achterwielen\">2.4<\/td>\n<td data-title=\"Voorkant beladen\">2.8<\/td>\n<td data-title=\"Achterkant beladen\">2.6<\/td>\n<\/tr>\n<tr>\n<td data-title=\"Aandrijving\"><strong>1.6 T3<\/strong><\/td>\n<td data-title=\"Bandenmaat\">215 55 R16 93W<\/td>\n<td data-title=\"Bandenspanning voorwielen\">2.6<\/td>\n<td data-title=\"Bandenspanning achterwielen\">2.4<\/td>\n<td data-title=\"Voorkant beladen\">2.8<\/td>\n<td data-title=\"Achterkant beladen\">2.6<\/td>\n<\/tr>\n<tr>\n<td data-title=\"Aandrijving\"><strong>1.6 T3<\/strong><\/td>\n<td data-title=\"Bandenmaat\">235 40 R18 95W XL<\/td>\n<td data-title=\"Bandenspanning voorwielen\">2.6<\/td>\n<td data-title=\"Bandenspanning achterwielen\">2.4<\/td>\n<td data-title=\"Voorkant beladen\">2.8<\/td>\n<td data-title=\"Achterkant beladen\">2.6<\/td>\n<\/tr>\n<tr>\n<td data-title=\"Aandrijving\"><strong>1.6 T3<\/strong><\/td>\n<td data-title=\"Bandenmaat\">235 45 R17 94W<\/td>\n<td data-title=\"Bandenspanning voorwielen\">2.6<\/td>\n<td data-title=\"Bandenspanning achterwielen\">2.4<\/td>\n<td data-title=\"Voorkant beladen\">2.8<\/td>\n<td data-title=\"Achterkant beladen\">2.6<\/td>\n<\/tr>\n<tr>\n<td data-title=\"Aandrijving\"><strong>1.6 T3<\/strong><\/td>\n<td data-title=\"Bandenmaat\">235 45 R17 94W SSR<\/td>\n<td data-title=\"Bandenspanning voorwielen\">2.6<\/td>\n<td data-title=\"Bandenspanning achterwielen\">2.6<\/td>\n<td data-title=\"Voorkant beladen\">2.8<\/td>\n<td data-title=\"Achterkant beladen\">2.8<\/td>\n<\/tr>\n<tr>\n<td data-title=\"Aandrijving\"><strong>2.0 T<\/strong><\/td>\n<td data-title=\"Bandenmaat\">215 50 R17 95W XL<\/td>\n<td data-title=\"Bandenspanning voorwielen\">2.6<\/td>\n<td data-title=\"Bandenspanning achterwielen\">2.4<\/td>\n<td data-title=\"Voorkant beladen\">2.8<\/td>\n<td data-title=\"Achterkant beladen\">2.6<\/td>\n<\/tr>\n<tr>\n<td data-title=\"Aandrijving\"><strong>2.0 T<\/strong><\/td>\n<td data-title=\"Bandenmaat\">215 55 R16 93W<\/td>\n<td data-title=\"Bandenspanning voorwielen\">2.6<\/td>\n<td data-title=\"Bandenspanning achterwielen\">2.4<\/td>\n<td data-title=\"Voorkant beladen\">2.8<\/td>\n<td data-title=\"Achterkant beladen\">2.6<\/td>\n<\/tr>\n<tr>\n<td data-title=\"Aandrijving\"><strong>2.0 T<\/strong><\/td>\n<td data-title=\"Bandenmaat\">235 40 R18 95W XL<\/td>\n<td data-title=\"Bandenspanning voorwielen\">2.6<\/td>\n<td data-title=\"Bandenspanning achterwielen\">2.4<\/td>\n<td data-title=\"Voorkant beladen\">2.8<\/td>\n<td data-title=\"Achterkant beladen\">2.6<\/td>\n<\/tr>\n<tr>\n<td data-title=\"Aandrijving\"><strong>2.0 T<\/strong><\/td>\n<td data-title=\"Bandenmaat\">235 45 R17 94W<\/td>\n<td data-title=\"Bandenspanning voorwielen\">2.6<\/td>\n<td data-title=\"Bandenspanning achterwielen\">2.4<\/td>\n<td data-title=\"Voorkant beladen\">2.8<\/td>\n<td data-title=\"Achterkant beladen\">2.6<\/td>\n<\/tr>\n<tr>\n<td data-title=\"Aandrijving\"><strong>2.0 T<\/strong><\/td>\n<td data-title=\"Bandenmaat\">235 45 R17 94W SSR<\/td>\n<td data-title=\"Bandenspanning voorwielen\">2.6<\/td>\n<td data-title=\"Bandenspanning achterwielen\">2.6<\/td>\n<td data-title=\"Voorkant beladen\">2.8<\/td>\n<td data-title=\"Achterkant beladen\">2.8<\/td>\n<\/tr>\n<tr>\n<td data-title=\"Aandrijving\"><strong>3.0 T6 AWD<\/strong><\/td>\n<td data-title=\"Bandenmaat\">215 50 R17 95Y XL<\/td>\n<td data-title=\"Bandenspanning voorwielen\">3.0<\/td>\n<td data-title=\"Bandenspanning achterwielen\">2.4<\/td>\n<td data-title=\"Voorkant beladen\">3.2<\/td>\n<td data-title=\"Achterkant beladen\">2.8<\/td>\n<\/tr>\n<tr>\n<td data-title=\"Aandrijving\"><strong>3.0 T6 AWD<\/strong><\/td>\n<td data-title=\"Bandenmaat\">215 55 R16 93Y<\/td>\n<td data-title=\"Bandenspanning voorwielen\">2.8<\/td>\n<td data-title=\"Bandenspanning achterwielen\">2.4<\/td>\n<td data-title=\"Voorkant beladen\">3.0<\/td>\n<td data-title=\"Achterkant beladen\">2.6<\/td>\n<\/tr>\n<tr>\n<td data-title=\"Aandrijving\"><strong>3.0 T6 AWD<\/strong><\/td>\n<td data-title=\"Bandenmaat\">235 40 R18 95Y XL<\/td>\n<td data-title=\"Bandenspanning voorwielen\">3.0<\/td>\n<td data-title=\"Bandenspanning achterwielen\">2.4<\/td>\n<td data-title=\"Voorkant beladen\">3.2<\/td>\n<td data-title=\"Achterkant beladen\">2.8<\/td>\n<\/tr>\n<tr>\n<td data-title=\"Aandrijving\"><strong>3.0 T6 AWD<\/strong><\/td>\n<td data-title=\"Bandenmaat\">235 45 R17 94Y<\/td>\n<td data-title=\"Bandenspanning voorwielen\">2.8<\/td>\n<td data-title=\"Bandenspanning achterwielen\">2.4<\/td>\n<td data-title=\"Voorkant beladen\">3.0<\/td>\n<td data-title=\"Achterkant beladen\">2.6<\/td>\n<\/tr>\n<tr>\n<td data-title=\"Aandrijving\"><strong>3.0 T6 AWD<\/strong><\/td>\n<td data-title=\"Bandenmaat\">235 45 R17 94Y SSR<\/td>\n<td data-title=\"Bandenspanning voorwielen\">2.8<\/td>\n<td data-title=\"Bandenspanning achterwielen\">2.8<\/td>\n<td data-title=\"Voorkant beladen\">3.0<\/td>\n<td data-title=\"Achterkant beladen\">3.0<\/td>\n<\/tr>\n<\/tbody>\n<\/table>","protected":false},"excerpt":{"rendered":"<p>Sie suchen den Reifendruck f\u00fcr Ihren Volvo V60? Auf dieser Seite finden Sie eine \u00dcbersicht \u00fcber die V60-Versionen und den richtigen Reifendruck. Volvo V60 Reifendruck\u00fcbersicht Antriebsstrang Reifengr\u00f6\u00dfe Reifendruck Vorderr\u00e4der Reifendruck Hinterr\u00e4der Vorderachse Hinterachse 1.6 T3 205 60 R16 92V 2.6 2.4 2.8 2.6 1.6 T3 215 50 R17 95W XL 2.6 2.4 2.8 [...]<\/p>","protected":false},"author":1,"featured_media":0,"parent":0,"menu_order":0,"comment_status":"closed","ping_status":"closed","template":"","meta":{"_et_pb_use_builder":"","_et_pb_old_content":"","_et_gb_content_width":"","footnotes":""},"class_list":["post-153594","page","type-page","status-publish","hentry"],"yoast_head":"<!-- This site is optimized with the Yoast SEO plugin v27.6 - https:\/\/yoast.com\/product\/yoast-seo-wordpress\/ -->\n<title>Bandenspanning Volvo V60 - Autobaak.nl<\/title>\n<meta name=\"robots\" content=\"index, follow, max-snippet:-1, max-image-preview:large, max-video-preview:-1\" \/>\n<link rel=\"canonical\" href=\"https:\/\/autobaak.nl\/de\/volvo-v60-reifendruck\/\" \/>\n<meta property=\"og:locale\" content=\"de_DE\" \/>\n<meta property=\"og:type\" content=\"article\" \/>\n<meta property=\"og:title\" content=\"Bandenspanning Volvo V60 - Autobaak.nl\" \/>\n<meta property=\"og:description\" content=\"Op zoek naar de bandenspanning voor uw Volvo V60? Op deze pagina een overzicht van de V60 uitvoeringen en de juiste bandenspanning. Overzicht Volvo V60bandenspanning Aandrijving Bandenmaat Bandenspanning voorwielen Bandenspanning achterwielen Voorkant beladen Achterkant beladen 1.6 T3 205 60 R16 92V 2.6 2.4 2.8 2.6 1.6 T3 215 50 R17 95W XL 2.6 2.4 2.8 [&hellip;]\" \/>\n<meta property=\"og:url\" content=\"https:\/\/autobaak.nl\/de\/volvo-v60-reifendruck\/\" \/>\n<meta property=\"og:site_name\" content=\"Autobaak.nl\" \/>\n<meta name=\"twitter:card\" content=\"summary_large_image\" \/>\n<meta name=\"twitter:label1\" content=\"Gesch\u00e4tzte Lesezeit\" \/>\n\t<meta name=\"twitter:data1\" content=\"1\u00a0Minute\" \/>\n<script type=\"application\/ld+json\" class=\"yoast-schema-graph\">{\"@context\":\"https:\\\/\\\/schema.org\",\"@graph\":[{\"@type\":\"WebPage\",\"@id\":\"https:\\\/\\\/autobaak.nl\\\/bandenspanning-volvo-v60\\\/\",\"url\":\"https:\\\/\\\/autobaak.nl\\\/bandenspanning-volvo-v60\\\/\",\"name\":\"Bandenspanning Volvo V60 - Autobaak.nl\",\"isPartOf\":{\"@id\":\"https:\\\/\\\/autobaak.nl\\\/#website\"},\"datePublished\":\"2022-09-12T12:53:26+00:00\",\"breadcrumb\":{\"@id\":\"https:\\\/\\\/autobaak.nl\\\/bandenspanning-volvo-v60\\\/#breadcrumb\"},\"inLanguage\":\"de\",\"potentialAction\":[{\"@type\":\"ReadAction\",\"target\":[\"https:\\\/\\\/autobaak.nl\\\/bandenspanning-volvo-v60\\\/\"]}]},{\"@type\":\"BreadcrumbList\",\"@id\":\"https:\\\/\\\/autobaak.nl\\\/bandenspanning-volvo-v60\\\/#breadcrumb\",\"itemListElement\":[{\"@type\":\"ListItem\",\"position\":1,\"name\":\"Home\",\"item\":\"https:\\\/\\\/autobaak.nl\\\/\"},{\"@type\":\"ListItem\",\"position\":2,\"name\":\"Bandenspanning Volvo V60\"}]},{\"@type\":\"WebSite\",\"@id\":\"https:\\\/\\\/autobaak.nl\\\/#website\",\"url\":\"https:\\\/\\\/autobaak.nl\\\/\",\"name\":\"Autobaak.nl\",\"description\":\"Cars &amp; Racing\",\"potentialAction\":[{\"@type\":\"SearchAction\",\"target\":{\"@type\":\"EntryPoint\",\"urlTemplate\":\"https:\\\/\\\/autobaak.nl\\\/?s={search_term_string}\"},\"query-input\":{\"@type\":\"PropertyValueSpecification\",\"valueRequired\":true,\"valueName\":\"search_term_string\"}}],\"inLanguage\":\"de\"}]}<\/script>\n<!-- \/ Yoast SEO plugin. -->","yoast_head_json":{"title":"Reifendruck Volvo V60 - Autobaak.de","robots":{"index":"index","follow":"follow","max-snippet":"max-snippet:-1","max-image-preview":"max-image-preview:large","max-video-preview":"max-video-preview:-1"},"canonical":"https:\/\/autobaak.nl\/de\/volvo-v60-reifendruck\/","og_locale":"de_DE","og_type":"article","og_title":"Bandenspanning Volvo V60 - Autobaak.nl","og_description":"Op zoek naar de bandenspanning voor uw Volvo V60? Op deze pagina een overzicht van de V60 uitvoeringen en de juiste bandenspanning. Overzicht Volvo V60bandenspanning Aandrijving Bandenmaat Bandenspanning voorwielen Bandenspanning achterwielen Voorkant beladen Achterkant beladen 1.6 T3 205 60 R16 92V 2.6 2.4 2.8 2.6 1.6 T3 215 50 R17 95W XL 2.6 2.4 2.8 [&hellip;]","og_url":"https:\/\/autobaak.nl\/de\/volvo-v60-reifendruck\/","og_site_name":"Autobaak.nl","twitter_card":"summary_large_image","twitter_misc":{"Gesch\u00e4tzte Lesezeit":"1\u00a0Minute"},"schema":{"@context":"https:\/\/schema.org","@graph":[{"@type":"WebPage","@id":"https:\/\/autobaak.nl\/bandenspanning-volvo-v60\/","url":"https:\/\/autobaak.nl\/bandenspanning-volvo-v60\/","name":"Reifendruck Volvo V60 - Autobaak.de","isPartOf":{"@id":"https:\/\/autobaak.nl\/#website"},"datePublished":"2022-09-12T12:53:26+00:00","breadcrumb":{"@id":"https:\/\/autobaak.nl\/bandenspanning-volvo-v60\/#breadcrumb"},"inLanguage":"de","potentialAction":[{"@type":"ReadAction","target":["https:\/\/autobaak.nl\/bandenspanning-volvo-v60\/"]}]},{"@type":"BreadcrumbList","@id":"https:\/\/autobaak.nl\/bandenspanning-volvo-v60\/#breadcrumb","itemListElement":[{"@type":"ListItem","position":1,"name":"Home","item":"https:\/\/autobaak.nl\/"},{"@type":"ListItem","position":2,"name":"Bandenspanning Volvo V60"}]},{"@type":"WebSite","@id":"https:\/\/autobaak.nl\/#website","url":"https:\/\/autobaak.nl\/","name":"Autobook.de","description":"Autos &amp; Rennsport","potentialAction":[{"@type":"SearchAction","target":{"@type":"EntryPoint","urlTemplate":"https:\/\/autobaak.nl\/?s={search_term_string}"},"query-input":{"@type":"PropertyValueSpecification","valueRequired":true,"valueName":"search_term_string"}}],"inLanguage":"de"}]}},"_links":{"self":[{"href":"https:\/\/autobaak.nl\/de\/wp-json\/wp\/v2\/pages\/153594","targetHints":{"allow":["GET"]}}],"collection":[{"href":"https:\/\/autobaak.nl\/de\/wp-json\/wp\/v2\/pages"}],"about":[{"href":"https:\/\/autobaak.nl\/de\/wp-json\/wp\/v2\/types\/page"}],"author":[{"embeddable":true,"href":"https:\/\/autobaak.nl\/de\/wp-json\/wp\/v2\/users\/1"}],"replies":[{"embeddable":true,"href":"https:\/\/autobaak.nl\/de\/wp-json\/wp\/v2\/comments?post=153594"}],"version-history":[{"count":0,"href":"https:\/\/autobaak.nl\/de\/wp-json\/wp\/v2\/pages\/153594\/revisions"}],"wp:attachment":[{"href":"https:\/\/autobaak.nl\/de\/wp-json\/wp\/v2\/media?parent=153594"}],"curies":[{"name":"wp","href":"https:\/\/api.w.org\/{rel}","templated":true}]}}