{"id":153598,"date":"2022-09-12T14:54:30","date_gmt":"2022-09-12T12:54:30","guid":{"rendered":"https:\/\/autobaak.nl\/?page_id=153598"},"modified":"2022-09-12T14:54:30","modified_gmt":"2022-09-12T12:54:30","slug":"volvo-xc90-reifendruck","status":"publish","type":"page","link":"https:\/\/autobaak.nl\/de\/volvo-xc90-reifendruck\/","title":{"rendered":"Reifendruck Volvo XC90"},"content":{"rendered":"<p>Sie suchen den richtigen Reifendruck f\u00fcr Ihren Volvo XC90? Diese Seite listet die XC90-Modelle und den korrekten Reifendruck auf.<\/p>\n<h2>Volvo XC90 Reifendruck \u00dcbersicht<\/h2>\n<div class=\"col-12 col-md-8\">\n<div class=\"row\">\n<div class=\"col-sm-12 text-center no-more-tables\">\n<table class=\"table table-striped table-bordered table-hover table-responsive\">\n<thead class=\"thead-dark\">\n<tr>\n<th>Antrieb<\/th>\n<th>Gr\u00f6\u00dfe des Reifens<\/th>\n<th>Reifendruck Vorderr\u00e4der<\/th>\n<th>Reifendruck am Hinterrad<\/th>\n<th>Frontlader<\/th>\n<th>Laden Sie die R\u00fcckseite<\/th>\n<\/tr>\n<\/thead>\n<tbody>\n<tr>\n<td data-title=\"Aandrijving\"><strong>2.0 T5<\/strong><\/td>\n<td data-title=\"Bandenmaat\">235 55 R19 105V XL 4\u00d74<\/td>\n<td data-title=\"Bandenspanning voorwielen\">2.2<\/td>\n<td data-title=\"Bandenspanning achterwielen\">2.2<\/td>\n<td data-title=\"Voorkant beladen\">2.7<\/td>\n<td data-title=\"Achterkant beladen\">2.7<\/td>\n<\/tr>\n<tr>\n<td data-title=\"Aandrijving\"><strong>2.0 T5<\/strong><\/td>\n<td data-title=\"Bandenmaat\">235 60 R18 107V XL 4\u00d74<\/td>\n<td data-title=\"Bandenspanning voorwielen\">2.2<\/td>\n<td data-title=\"Bandenspanning achterwielen\">2.2<\/td>\n<td data-title=\"Voorkant beladen\">2.7<\/td>\n<td data-title=\"Achterkant beladen\">2.7<\/td>\n<\/tr>\n<tr>\n<td data-title=\"Aandrijving\"><strong>2.0 T5<\/strong><\/td>\n<td data-title=\"Bandenmaat\">275 35 R22 104W XL 4\u00d74<\/td>\n<td data-title=\"Bandenspanning voorwielen\">2.2<\/td>\n<td data-title=\"Bandenspanning achterwielen\">2.2<\/td>\n<td data-title=\"Voorkant beladen\">2.7<\/td>\n<td data-title=\"Achterkant beladen\">2.7<\/td>\n<\/tr>\n<tr>\n<td data-title=\"Aandrijving\"><strong>2.0 T5<\/strong><\/td>\n<td data-title=\"Bandenmaat\">275 40 R21 107W XL 4\u00d74<\/td>\n<td data-title=\"Bandenspanning voorwielen\">2.2<\/td>\n<td data-title=\"Bandenspanning achterwielen\">2.2<\/td>\n<td data-title=\"Voorkant beladen\">2.7<\/td>\n<td data-title=\"Achterkant beladen\">2.7<\/td>\n<\/tr>\n<tr>\n<td data-title=\"Aandrijving\"><strong>2.0 T5<\/strong><\/td>\n<td data-title=\"Bandenmaat\">275 45 R20 110V XL 4\u00d74<\/td>\n<td data-title=\"Bandenspanning voorwielen\">2.2<\/td>\n<td data-title=\"Bandenspanning achterwielen\">2.2<\/td>\n<td data-title=\"Voorkant beladen\">2.7<\/td>\n<td data-title=\"Achterkant beladen\">2.7<\/td>\n<\/tr>\n<tr>\n<td data-title=\"Aandrijving\"><strong>2.0 T8 Twin (Hybrid)<\/strong><\/td>\n<td data-title=\"Bandenmaat\">235 55 R19 105V XL 4\u00d74<\/td>\n<td data-title=\"Bandenspanning voorwielen\">2.2<\/td>\n<td data-title=\"Bandenspanning achterwielen\">2.2<\/td>\n<td data-title=\"Voorkant beladen\">2.7<\/td>\n<td data-title=\"Achterkant beladen\">2.7<\/td>\n<\/tr>\n<tr>\n<td data-title=\"Aandrijving\"><strong>2.0 T8 Twin (Hybrid)<\/strong><\/td>\n<td data-title=\"Bandenmaat\">275 35 R22 104W XL 4\u00d74<\/td>\n<td data-title=\"Bandenspanning voorwielen\">2.2<\/td>\n<td data-title=\"Bandenspanning achterwielen\">2.2<\/td>\n<td data-title=\"Voorkant beladen\">2.7<\/td>\n<td data-title=\"Achterkant beladen\">2.7<\/td>\n<\/tr>\n<tr>\n<td data-title=\"Aandrijving\"><strong>2.0 T8 Twin (Hybrid)<\/strong><\/td>\n<td data-title=\"Bandenmaat\">275 40 R21 107W XL 4\u00d74<\/td>\n<td data-title=\"Bandenspanning voorwielen\">2.2<\/td>\n<td data-title=\"Bandenspanning achterwielen\">2.2<\/td>\n<td data-title=\"Voorkant beladen\">2.7<\/td>\n<td data-title=\"Achterkant beladen\">2.7<\/td>\n<\/tr>\n<tr>\n<td data-title=\"Aandrijving\"><strong>2.0 T8 Twin (Hybrid)<\/strong><\/td>\n<td data-title=\"Bandenmaat\">275 45 R20 110V XL 4\u00d74<\/td>\n<td data-title=\"Bandenspanning voorwielen\">2.2<\/td>\n<td data-title=\"Bandenspanning achterwielen\">2.2<\/td>\n<td data-title=\"Voorkant beladen\">2.7<\/td>\n<td data-title=\"Achterkant beladen\">2.7<\/td>\n<\/tr>\n<tr>\n<td data-title=\"Aandrijving\"><strong>2.4 CDI D5<\/strong><\/td>\n<td data-title=\"Bandenmaat\">225 70 R16 102H 4\u00d74<\/td>\n<td data-title=\"Bandenspanning voorwielen\">2.2<\/td>\n<td data-title=\"Bandenspanning achterwielen\">2.2<\/td>\n<td data-title=\"Voorkant beladen\">2.7<\/td>\n<td data-title=\"Achterkant beladen\">2.7<\/td>\n<\/tr>\n<tr>\n<td data-title=\"Aandrijving\"><strong>2.4 CDI D5<\/strong><\/td>\n<td data-title=\"Bandenmaat\">235 60 R18 103V 4\u00d74<\/td>\n<td data-title=\"Bandenspanning voorwielen\">2.2<\/td>\n<td data-title=\"Bandenspanning achterwielen\">2.2<\/td>\n<td data-title=\"Voorkant beladen\">2.7<\/td>\n<td data-title=\"Achterkant beladen\">2.7<\/td>\n<\/tr>\n<tr>\n<td data-title=\"Aandrijving\"><strong>2.4 CDI D5<\/strong><\/td>\n<td data-title=\"Bandenmaat\">235 65 R17 104V 4\u00d74<\/td>\n<td data-title=\"Bandenspanning voorwielen\">2.2<\/td>\n<td data-title=\"Bandenspanning achterwielen\">2.2<\/td>\n<td data-title=\"Voorkant beladen\">2.7<\/td>\n<td data-title=\"Achterkant beladen\">2.7<\/td>\n<\/tr>\n<tr>\n<td data-title=\"Aandrijving\"><strong>2.5 Turbo<\/strong><\/td>\n<td data-title=\"Bandenmaat\">235 60 R18 103V 4\u00d74<\/td>\n<td data-title=\"Bandenspanning voorwielen\">2.2<\/td>\n<td data-title=\"Bandenspanning achterwielen\">2.2<\/td>\n<td data-title=\"Voorkant beladen\">2.7<\/td>\n<td data-title=\"Achterkant beladen\">2.7<\/td>\n<\/tr>\n<tr>\n<td data-title=\"Aandrijving\"><strong>2.5 Turbo<\/strong><\/td>\n<td data-title=\"Bandenmaat\">235 65 R17 104V 4\u00d74<\/td>\n<td data-title=\"Bandenspanning voorwielen\">2.2<\/td>\n<td data-title=\"Bandenspanning achterwielen\">2.2<\/td>\n<td data-title=\"Voorkant beladen\">2.7<\/td>\n<td data-title=\"Achterkant beladen\">2.7<\/td>\n<\/tr>\n<tr>\n<td data-title=\"Aandrijving\"><strong>2.9 T6<\/strong><\/td>\n<td data-title=\"Bandenmaat\">235 60 R18 103V 4\u00d74<\/td>\n<td data-title=\"Bandenspanning voorwielen\">2.2<\/td>\n<td data-title=\"Bandenspanning achterwielen\">2.2<\/td>\n<td data-title=\"Voorkant beladen\">2.7<\/td>\n<td data-title=\"Achterkant beladen\">2.7<\/td>\n<\/tr>\n<tr>\n<td data-title=\"Aandrijving\"><strong>2.9 T6<\/strong><\/td>\n<td data-title=\"Bandenmaat\">255 50 R19 103W 4\u00d74<\/td>\n<td data-title=\"Bandenspanning voorwielen\">2.2<\/td>\n<td data-title=\"Bandenspanning achterwielen\">2.2<\/td>\n<td data-title=\"Voorkant beladen\">2.7<\/td>\n<td data-title=\"Achterkant beladen\">2.7<\/td>\n<\/tr>\n<tr>\n<td data-title=\"Aandrijving\"><strong>4.4 V8<\/strong><\/td>\n<td data-title=\"Bandenmaat\">235 60 R18 103V 4\u00d74<\/td>\n<td data-title=\"Bandenspanning voorwielen\">2.2<\/td>\n<td data-title=\"Bandenspanning achterwielen\">2.2<\/td>\n<td data-title=\"Voorkant beladen\">2.7<\/td>\n<td data-title=\"Achterkant beladen\">2.7<\/td>\n<\/tr>\n<tr>\n<td data-title=\"Aandrijving\"><strong>4.4 V8<\/strong><\/td>\n<td data-title=\"Bandenmaat\">255 50 R19 103W 4\u00d74<\/td>\n<td data-title=\"Bandenspanning voorwielen\">2.2<\/td>\n<td data-title=\"Bandenspanning achterwielen\">2.2<\/td>\n<td data-title=\"Voorkant beladen\">2.7<\/td>\n<td data-title=\"Achterkant beladen\">2.7<\/td>\n<\/tr>\n<tr>\n<td data-title=\"Aandrijving\"><strong>4.4 V8<\/strong><\/td>\n<td data-title=\"Bandenmaat\">265 45 R20 104W 4\u00d74<\/td>\n<td data-title=\"Bandenspanning voorwielen\">2.2<\/td>\n<td data-title=\"Bandenspanning achterwielen\">2.2<\/td>\n<td data-title=\"Voorkant beladen\">2.7<\/td>\n<td data-title=\"Achterkant beladen\">2.7<\/td>\n<\/tr>\n<\/tbody>\n<\/table>\n<\/div>\n<\/div>\n<\/div>","protected":false},"excerpt":{"rendered":"<p>Sie suchen den richtigen Reifendruck f\u00fcr Ihren Volvo XC90? Diese Seite listet die XC90-Versionen und den korrekten Reifendruck auf. Volvo XC90 Reifendruck-\u00dcbersicht Antrieb Reifengr\u00f6\u00dfe Reifendruck Vorderr\u00e4der Reifendruck Hinterr\u00e4der Vorderachse Hinterachse 2.0 T5 235 55 R19 105V XL 4\u00d74 2.2 2.2 2.7 2.7 2.0 T5 235 60 R18 107V XL [...]<\/p>","protected":false},"author":1,"featured_media":0,"parent":0,"menu_order":0,"comment_status":"closed","ping_status":"closed","template":"","meta":{"_et_pb_use_builder":"","_et_pb_old_content":"","_et_gb_content_width":"","footnotes":""},"class_list":["post-153598","page","type-page","status-publish","hentry"],"yoast_head":"<!-- This site is optimized with the Yoast SEO plugin v27.4 - https:\/\/yoast.com\/product\/yoast-seo-wordpress\/ -->\n<title>Bandenspanning Volvo XC90 - Autobaak.nl<\/title>\n<meta name=\"robots\" content=\"index, follow, max-snippet:-1, max-image-preview:large, max-video-preview:-1\" \/>\n<link rel=\"canonical\" href=\"https:\/\/autobaak.nl\/de\/volvo-xc90-reifendruck\/\" \/>\n<meta property=\"og:locale\" content=\"de_DE\" \/>\n<meta property=\"og:type\" content=\"article\" \/>\n<meta property=\"og:title\" content=\"Bandenspanning Volvo XC90 - Autobaak.nl\" \/>\n<meta property=\"og:description\" content=\"Op zoek naar de bandenspanning voor uw Volvo XC90? Op deze pagina een overzicht van de XC90 uitvoeringen en de juiste bandenspanning. Overzicht Volvo XC90 bandenspanning Aandrijving Bandenmaat Bandenspanning voorwielen Bandenspanning achterwielen Voorkant beladen Achterkant beladen 2.0 T5 235 55 R19 105V XL 4&#215;4 2.2 2.2 2.7 2.7 2.0 T5 235 60 R18 107V XL [&hellip;]\" \/>\n<meta property=\"og:url\" content=\"https:\/\/autobaak.nl\/de\/volvo-xc90-reifendruck\/\" \/>\n<meta property=\"og:site_name\" content=\"Autobaak.nl\" \/>\n<meta name=\"twitter:card\" content=\"summary_large_image\" \/>\n<meta name=\"twitter:label1\" content=\"Gesch\u00e4tzte Lesezeit\" \/>\n\t<meta name=\"twitter:data1\" content=\"2\u00a0Minuten\" \/>\n<script type=\"application\/ld+json\" class=\"yoast-schema-graph\">{\"@context\":\"https:\\\/\\\/schema.org\",\"@graph\":[{\"@type\":\"WebPage\",\"@id\":\"https:\\\/\\\/autobaak.nl\\\/bandenspanning-volvo-xc90\\\/\",\"url\":\"https:\\\/\\\/autobaak.nl\\\/bandenspanning-volvo-xc90\\\/\",\"name\":\"Bandenspanning Volvo XC90 - Autobaak.nl\",\"isPartOf\":{\"@id\":\"https:\\\/\\\/autobaak.nl\\\/#website\"},\"datePublished\":\"2022-09-12T12:54:30+00:00\",\"breadcrumb\":{\"@id\":\"https:\\\/\\\/autobaak.nl\\\/bandenspanning-volvo-xc90\\\/#breadcrumb\"},\"inLanguage\":\"de\",\"potentialAction\":[{\"@type\":\"ReadAction\",\"target\":[\"https:\\\/\\\/autobaak.nl\\\/bandenspanning-volvo-xc90\\\/\"]}]},{\"@type\":\"BreadcrumbList\",\"@id\":\"https:\\\/\\\/autobaak.nl\\\/bandenspanning-volvo-xc90\\\/#breadcrumb\",\"itemListElement\":[{\"@type\":\"ListItem\",\"position\":1,\"name\":\"Home\",\"item\":\"https:\\\/\\\/autobaak.nl\\\/\"},{\"@type\":\"ListItem\",\"position\":2,\"name\":\"Bandenspanning Volvo XC90\"}]},{\"@type\":\"WebSite\",\"@id\":\"https:\\\/\\\/autobaak.nl\\\/#website\",\"url\":\"https:\\\/\\\/autobaak.nl\\\/\",\"name\":\"Autobaak.nl\",\"description\":\"Cars &amp; Racing\",\"potentialAction\":[{\"@type\":\"SearchAction\",\"target\":{\"@type\":\"EntryPoint\",\"urlTemplate\":\"https:\\\/\\\/autobaak.nl\\\/?s={search_term_string}\"},\"query-input\":{\"@type\":\"PropertyValueSpecification\",\"valueRequired\":true,\"valueName\":\"search_term_string\"}}],\"inLanguage\":\"de\"}]}<\/script>\n<!-- \/ Yoast SEO plugin. -->","yoast_head_json":{"title":"Reifendruck Volvo XC90 - Autobaak.de","robots":{"index":"index","follow":"follow","max-snippet":"max-snippet:-1","max-image-preview":"max-image-preview:large","max-video-preview":"max-video-preview:-1"},"canonical":"https:\/\/autobaak.nl\/de\/volvo-xc90-reifendruck\/","og_locale":"de_DE","og_type":"article","og_title":"Bandenspanning Volvo XC90 - Autobaak.nl","og_description":"Op zoek naar de bandenspanning voor uw Volvo XC90? Op deze pagina een overzicht van de XC90 uitvoeringen en de juiste bandenspanning. Overzicht Volvo XC90 bandenspanning Aandrijving Bandenmaat Bandenspanning voorwielen Bandenspanning achterwielen Voorkant beladen Achterkant beladen 2.0 T5 235 55 R19 105V XL 4&#215;4 2.2 2.2 2.7 2.7 2.0 T5 235 60 R18 107V XL [&hellip;]","og_url":"https:\/\/autobaak.nl\/de\/volvo-xc90-reifendruck\/","og_site_name":"Autobaak.nl","twitter_card":"summary_large_image","twitter_misc":{"Gesch\u00e4tzte Lesezeit":"2\u00a0Minuten"},"schema":{"@context":"https:\/\/schema.org","@graph":[{"@type":"WebPage","@id":"https:\/\/autobaak.nl\/bandenspanning-volvo-xc90\/","url":"https:\/\/autobaak.nl\/bandenspanning-volvo-xc90\/","name":"Reifendruck Volvo XC90 - Autobaak.de","isPartOf":{"@id":"https:\/\/autobaak.nl\/#website"},"datePublished":"2022-09-12T12:54:30+00:00","breadcrumb":{"@id":"https:\/\/autobaak.nl\/bandenspanning-volvo-xc90\/#breadcrumb"},"inLanguage":"de","potentialAction":[{"@type":"ReadAction","target":["https:\/\/autobaak.nl\/bandenspanning-volvo-xc90\/"]}]},{"@type":"BreadcrumbList","@id":"https:\/\/autobaak.nl\/bandenspanning-volvo-xc90\/#breadcrumb","itemListElement":[{"@type":"ListItem","position":1,"name":"Home","item":"https:\/\/autobaak.nl\/"},{"@type":"ListItem","position":2,"name":"Bandenspanning Volvo XC90"}]},{"@type":"WebSite","@id":"https:\/\/autobaak.nl\/#website","url":"https:\/\/autobaak.nl\/","name":"Autobook.de","description":"Autos &amp; Rennsport","potentialAction":[{"@type":"SearchAction","target":{"@type":"EntryPoint","urlTemplate":"https:\/\/autobaak.nl\/?s={search_term_string}"},"query-input":{"@type":"PropertyValueSpecification","valueRequired":true,"valueName":"search_term_string"}}],"inLanguage":"de"}]}},"_links":{"self":[{"href":"https:\/\/autobaak.nl\/de\/wp-json\/wp\/v2\/pages\/153598","targetHints":{"allow":["GET"]}}],"collection":[{"href":"https:\/\/autobaak.nl\/de\/wp-json\/wp\/v2\/pages"}],"about":[{"href":"https:\/\/autobaak.nl\/de\/wp-json\/wp\/v2\/types\/page"}],"author":[{"embeddable":true,"href":"https:\/\/autobaak.nl\/de\/wp-json\/wp\/v2\/users\/1"}],"replies":[{"embeddable":true,"href":"https:\/\/autobaak.nl\/de\/wp-json\/wp\/v2\/comments?post=153598"}],"version-history":[{"count":0,"href":"https:\/\/autobaak.nl\/de\/wp-json\/wp\/v2\/pages\/153598\/revisions"}],"wp:attachment":[{"href":"https:\/\/autobaak.nl\/de\/wp-json\/wp\/v2\/media?parent=153598"}],"curies":[{"name":"wp","href":"https:\/\/api.w.org\/{rel}","templated":true}]}}