{"id":153617,"date":"2022-09-13T20:06:02","date_gmt":"2022-09-13T18:06:02","guid":{"rendered":"https:\/\/autobaak.nl\/?page_id=153617"},"modified":"2023-02-09T10:44:07","modified_gmt":"2023-02-09T09:44:07","slug":"chrysler-home","status":"publish","type":"page","link":"https:\/\/autobaak.nl\/de\/chrysler-home\/","title":{"rendered":"Chrysler Startseite"},"content":{"rendered":"<p>[et_pb_section fb_built=\"1\u2033 inner_shadow=\"on\" fullwidth=\"on\" _builder_version=\"4.18.0\u2033 background_image=\"https:\/\/autobaak.nl\/wp-content\/uploads\/2022\/08\/pexels-jesse-zheng-1213295.jpg\" global_colors_info=\"{}\"][et_pb_fullwidth_header title=\"Skoda Home\" subhead=\"N\u00fctzliche Informationen \u00fcber Skoda\" text_orientation=\"centre\" _builder_version=\"4.18.0\u2033 content_font_size=\"15px\" background_color=\"rgba(255, 255, 255, 0)\" background_image=\"https:\/\/autobaak.nl\/wp-content\/uploads\/2022\/09\/skoda.jpg\" text_shadow_style=\"preset5\u2033 text_shadow_color=\"rgba(0,0,0,0.52)\" global_colors_info=\"{}\" button_one_text_size__hover_enabled=\"off\" button_one_text_size__hover=\"null\" button_two_text_size__hover_enabled=\"off\" button_two_text_size__hover=\"null\" button_one_text_color__hover_enabled=\"off\" button_one_text_color__hover=\"null\" button_two_text_color__hover_enabled=\"off\" button_two_text_color__hover=\"null\" button_one_border_width__hover_enabled=\"off\" button_one_border_width__hover=\"null\" button_two_border_width__hover_enabled=\"off\" button_two_border_width__hover=\"null\" button_one_border_color__hover_enabled=\"off\" button_one_border_color__hover=\"null\" button_two_border_color__hover_enabled=\"off\" button_two_border_color__hover=\"null\" button_one_border_radius__hover_enabled=\"off\" button_one_border_radius__hover=\"null\" button_two_border_radius__hover_enabled=\"off\" button_two_border_radius__hover=\"null\" button_one_letter_spacing__hover_enabled=\"off\" button_one_letter_spacing__hover=\"null\" button_two_letter_spacing__hover_enabled=\"off\" button_two_letter_spacing__hover=\"null\" button_one_bg_color__hover_enabled=\"off\" button_one_bg_color__hover=\"null\" button_two_bg_color__hover_enabled=\"off\" button_two_bg_color__hover=\"null\"][\/et_pb_fullwidth_header][\/et_pb_section][et_pb_section fb_built=\"1\u2033 _builder_version=\"4.16\u2033 custom_padding=\"2px|0px|3px|0px\" global_colors_info=\"{}\"][et_pb_row _builder_version=\"4.16\u2033 background_size=\"initial\" background_position=\"top_left\" background_repeat=\"repeat\" custom_padding=\"26.3594px|0px|2px|0px\" global_colors_info=\"{}\"][et_pb_column type=\"4_4\u2033 _builder_version=\"4.16\u2033 custom_padding=\"|||\" global_colors_info=\"{}\" custom_padding__hover=\"|||\"][et_pb_text _builder_version=\"4.16\u2033 global_colors_info=\"{}\"]<\/p>\n<h2>Informationen zu Chrysler<\/h2>\n<p>Nach mehreren Stationen in den Chefetagen anderer Automobilhersteller gr\u00fcndete Walter P. Chrysler 1925 unter seinem Namen eine der bekanntesten amerikanischen Marken. Nur drei Jahre sp\u00e4ter erwarb er die viel gr\u00f6\u00dferen Dodge Brothers und integrierte auch De Soto, Imperial und Plymouth - die Basis f\u00fcr den drittgr\u00f6\u00dften US-Hersteller nach General Motors und Ford. Chrysler ging es gut, die Autos waren f\u00fcr ihre gute Qualit\u00e4t bekannt und sie waren im Rennsport erfolgreich. Und doch war Chrysler Ende 1977 bankrott. Doch dem neuen Chef Lee Iacocca gelang es, den drohenden Konkurs abzuwenden und mit neuen, kompakteren Modellen gegen die wachsende Konkurrenz aus Japan zu bestehen.<\/p>\n<p>Im Jahr 1998 wurde der deutsch-amerikanische Konzern DaimlerChrysler durch eine Fusion gegr\u00fcndet. Im Januar 2014 wurde der urspr\u00fcnglich italienische Fiat Eigent\u00fcmer der Automarke, um sie mit Lancia zu fusionieren. Das bedeutet, dass Chrysler in Europa als Lancia verkauft wird und keine Autos mehr auf den europ\u00e4ischen Markt gebracht werden. Chrysler-Gebrauchtwagen sind jedoch immer noch in gro\u00dfem Umfang erh\u00e4ltlich.<\/p>\n<h3>Welche Modelle gibt es bei Chrysler?<\/h3>\n<p>Obwohl kein neuer Chrysler mehr auf den europ\u00e4ischen Markt kommt, sind immer noch viele Chrysler aus zweiter Hand zu finden. Die bekanntesten Modelle sind:<\/p>\n<ul>\n<li>PT Cruiser, ein Auto mit unverwechselbarem Aussehen, das immer noch regelm\u00e4\u00dfig auf niederl\u00e4ndischen Stra\u00dfen anzutreffen ist. Ein ausgezeichnetes Familienauto.<\/li>\n<li>Der Voyager und Grand Voyager, 1 der ersten MPVs auf dem Markt.<\/li>\n<li>Das Cabriolet Le Baron, ein edles Luxus-Cabriolet.<\/li>\n<li>Der Crossfire, ein sportlicher Wagen, der als Coup\u00e9 und Cabriolet erh\u00e4ltlich ist.<\/li>\n<li>Der gro\u00dfe Chrysler 300C, der immer noch viel auf der Stra\u00dfe zu sehen ist und wegen seines vielen Chroms und seines imposanten Aussehens sehr gut erkennbar ist.<\/li>\n<\/ul>\n<p>Auf dieser Seite finden Sie weitere Informationen \u00fcber Chrysler und insbesondere \u00fcber Reifendruck, Zahnriemenintervalle und Motor\u00f6l.<\/p>\n<p>[\/et_pb_text][\/et_pb_column][\/et_pb_row][et_pb_row _builder_version=\"4.16\u2033 background_size=\"initial\" background_position=\"top_left\" background_repeat=\"repeat\" custom_padding=\"26.3594px|0px|2px|0px\" global_colors_info=\"{}\"][et_pb_column type=\"4_4\u2033 _builder_version=\"4.16\u2033 custom_padding=\"|||\" global_colors_info=\"{}\" custom_padding__hover=\"|||\"][et_pb_text _builder_version=\"4.18.0\u2033 background_colour=\"rgba(12,113,195,0.18)\" custom_margin=\"0px|||\" custom_padding=\"10px|20px|10px|20px\" global_colors_info=\"{}\"]<\/p>\n<h2 style=\"text-align: center;\">Datenbank Chrysler<\/h2>\n<p style=\"text-align: center;\">Die folgenden \u00dcbersichten zeigen die Wartungsintervalle, das erforderliche Motor\u00f6l und Tipps f\u00fcr die neuesten Chrysler-Modelle. Die Intervalle und Richtlinien sind nur ein Anhaltspunkt, es k\u00f6nnen Umst\u00e4nde eintreten, die eine Werkstatt veranlassen, eine andere Empfehlung auszusprechen.<\/p>\n<p>[\/et_pb_text][\/et_pb_column][\/et_pb_row][\/et_pb_section][et_pb_section fb_built=\"1\u2033 _builder_version=\"4.16\u2033 custom_padding=\"1px|0px|52.7188px|0px\" global_colors_info=\"{}\"][et_pb_row _builder_version=\"4.16\u2033 background_size=\"initial\" background_position=\"top_left\" background_repeat=\"repeat\" global_colors_info=\"{}\"][et_pb_column type=\"4_4\u2033 _builder_version=\"4.16\u2033 custom_padding=\"|||\" global_colors_info=\"{}\" custom_padding__hover=\"|||\"][et_pb_text _builder_version=\"4.19.5\u2033 hover_enabled=\"0\u2033 global_colors_info=\"{}\" sticky_enabled=\"0\u2033]<\/p>\n<h3>Chrysler Zahnriemen-Intervall<\/h3>\n<p>Sie fragen sich, ob Ihr Chrysler einen Zahnriemen oder eine Kette hat und wann er gewechselt werden sollte? Dann klicken Sie auf die untenstehenden Links, um die entsprechenden Intervalle zu erfahren:<\/p>\n<blockquote class=\"wp-embedded-content\" data-secret=\"k9o12y1xBe\"><p><a href=\"https:\/\/autobaak.nl\/de\/chrysler-a-zahnkette-oder-riemen\/\">Chrysler eine Steuerkette oder einen Riemen?<\/a><\/p><\/blockquote>\n<p><iframe loading=\"lazy\" class=\"wp-embedded-content\" sandbox=\"allow-scripts\" security=\"restricted\" style=\"position: absolute; clip: rect(1px, 1px, 1px, 1px);\" title=\"&quot;Chrysler - Steuerkette oder Riemen?&quot; - Autobook alles f\u00fcr und \u00fcber Autos\" src=\"https:\/\/autobaak.nl\/chrysler-een-distributieketting-of-riem\/embed\/#?secret=o0380R6u2u#?secret=k9o12y1xBe\" data-secret=\"k9o12y1xBe\" width=\"600\" height=\"338\" frameborder=\"0\" marginwidth=\"0\" marginheight=\"0\" scrolling=\"no\"><\/iframe><\/p>\n<h3>Lampen f\u00fcr Chrysler<\/h3>\n<p>Sie m\u00f6chten die Gl\u00fchbirnen in Ihrem Chrysler ersetzen, wissen aber nicht, welche Art von Gl\u00fchbirne Sie ben\u00f6tigen? Auf dieser <a href=\"https:\/\/autobaak.nl\/de\/chrysler-autogluhbirnen-ubersicht\/\">Autogl\u00fchbirnen Chrysler<\/a> Seite haben wir eine Liste mit allen Lampen zusammengestellt.<\/p>\n<blockquote class=\"wp-embedded-content\" data-secret=\"7jYVp5RBAs\"><p><a href=\"https:\/\/autobaak.nl\/de\/chrysler-autogluhbirnen-ubersicht\/\">Autolampen Chrysler \u00dcbersicht<\/a><\/p><\/blockquote>\n<p><iframe loading=\"lazy\" class=\"wp-embedded-content\" sandbox=\"allow-scripts\" security=\"restricted\" style=\"position: absolute; clip: rect(1px, 1px, 1px, 1px);\" title=\"&quot;Autolampen Chrysler \u00dcbersicht&quot; - Autobook alles f\u00fcr und \u00fcber Autos\" src=\"https:\/\/autobaak.nl\/autolampen-chrysler-overzicht\/embed\/#?secret=4xAUvj8Jtw#?secret=7jYVp5RBAs\" data-secret=\"7jYVp5RBAs\" width=\"600\" height=\"338\" frameborder=\"0\" marginwidth=\"0\" marginheight=\"0\" scrolling=\"no\"><\/iframe><\/p>\n<h3>Reifendruck Chrysler<\/h3>\n<p>Der Reifendruck Ihres Chryslers sollte monatlich \u00fcberpr\u00fcft werden, damit Sie eine optimale Leistung genie\u00dfen k\u00f6nnen. Au\u00dferdem kann ein falscher Reifendruck zu einem hohen Kraftstoffverbrauch f\u00fchren und die Reifen k\u00f6nnen schneller oder unregelm\u00e4\u00dfig verschlei\u00dfen. Auf den folgenden Seiten finden Sie eine \u00dcbersicht der Reifendr\u00fccke f\u00fcr Ihren Chrysler:<\/p>\n<ul>\n<li><a href=\"https:\/\/autobaak.nl\/de\/reifendruck-chrysler-pt-cruiser\/\">PT Kreuzer<\/a><\/li>\n<li><a href=\"https:\/\/autobaak.nl\/de\/reifendruck-chrysler-pt-cruiser-cabrio\/\">PT Cruiser Cabrio<\/a><\/li>\n<li><a href=\"https:\/\/autobaak.nl\/de\/reifendruck-chrysler-grand-voyager\/\">Grand Voyager<\/a><\/li>\n<li><a href=\"https:\/\/autobaak.nl\/de\/reifendruck-chrysler-crossfire\/\">Kreuzfeuer<\/a><\/li>\n<li><a href=\"https:\/\/autobaak.nl\/de\/reifendruck-chrysler-voyager-2\/\">Voyager 2<\/a><\/li>\n<li><a href=\"https:\/\/autobaak.nl\/de\/reifendruck-chrysler-sebring\/\">Sebring<\/a><\/li>\n<li><a href=\"https:\/\/autobaak.nl\/de\/reifendruck-chrysler-crossfire-roadster\/\">Crossfire Roadster<\/a><\/li>\n<li><a href=\"https:\/\/autobaak.nl\/de\/reifendruck-chrysler-304-c-touring\/\">304 C Touring<\/a><\/li>\n<li><a href=\"https:\/\/autobaak.nl\/de\/reifendruck-chrysler-303-c-touring\/\">303 C Touring<\/a><\/li>\n<li><a href=\"https:\/\/autobaak.nl\/de\/reifendruck-chrysler-300m\/\">300 M<\/a><\/li>\n<li><a href=\"https:\/\/autobaak.nl\/de\/reifendruck-chrysler-300c\/\">300 C<\/a><\/li>\n<\/ul>\n<p>&nbsp;<\/p>\n<p>&nbsp;<\/p>\n<p>[\/et_pb_text][\/et_pb_column][\/et_pb_row][et_pb_row column_structure=\"1_2,1_2\u2033 _builder_version=\"4.17.4\u2033 _module_preset=\"default\" global_colors_info=\"{}\"][et_pb_column type=\"1_2\u2033 _builder_version=\"4.17.4\u2033 _module_preset=\"default\" global_colors_info=\"{}\"][et_pb_text _builder_version=\"4.18.0\u2033 _module_preset=\"default\" global_colors_info=\"{}\"]<\/p>\n<h3>Welches Motor\u00f6l Chrysler<\/h3>\n<p>Der rechtzeitige Wechsel des Motor\u00f6ls ist entscheidend f\u00fcr den Zustand Ihres Motors. Dar\u00fcber hinaus ist es wichtig zu wissen, welches Motor\u00f6l Sie ben\u00f6tigen. Im Serviceheft ist in der Regel immer das passende Motor\u00f6l angegeben. Sie m\u00f6chten wissen, welches Motor\u00f6l Sie in Ihren Chrysler einf\u00fcllen sollen? Dann nutzen Sie die praktische Suchfunktion von Kroon Oil:<\/p>\n<p>[\/et_pb_text][\/et_pb_column][et_pb_column type=\"1_2\u2033 _builder_version=\"4.17.4\u2033 _module_preset=\"default\" global_colors_info=\"{}\"][et_pb_text _builder_version=\"4.18.0\u2033 _module_preset=\"default\" global_colors_info=\"{}\"]<\/p>\n<p><script type=\"text\/javascript\" src=\"\/\/kroon-oil.com\/adviesbanners\/v3\/bnr-js.php?lang=nl&amp;type=reg&amp;theme=light\"><\/script><\/p>\n<p>[\/et_pb_text][\/et_pb_column][\/et_pb_row][\/et_pb_section].<\/p>","protected":false},"excerpt":{"rendered":"<p>Information Chrysler Nach mehreren Stationen in den Chefetagen anderer Automobilhersteller gr\u00fcndete Walter P. Chrysler 1925 unter seinem Namen eine der bekanntesten amerikanischen Marken. Nur drei Jahre sp\u00e4ter erwarb er die weitaus gr\u00f6\u00dferen Dodge Brothers und integrierte De Soto, Imperial und Plymouth - die Basis f\u00fcr das [...]<\/p>","protected":false},"author":1,"featured_media":0,"parent":0,"menu_order":0,"comment_status":"closed","ping_status":"closed","template":"","meta":{"_et_pb_use_builder":"on","_et_pb_old_content":"","_et_gb_content_width":"","footnotes":""},"class_list":["post-153617","page","type-page","status-publish","hentry"],"yoast_head":"<!-- This site is optimized with the Yoast SEO plugin v27.3 - https:\/\/yoast.com\/product\/yoast-seo-wordpress\/ -->\n<title>Chrysler Home - Autobaak.nl<\/title>\n<meta name=\"robots\" content=\"index, follow, max-snippet:-1, max-image-preview:large, max-video-preview:-1\" \/>\n<link rel=\"canonical\" href=\"https:\/\/autobaak.nl\/de\/chrysler-home\/\" \/>\n<meta property=\"og:locale\" content=\"de_DE\" \/>\n<meta property=\"og:type\" content=\"article\" \/>\n<meta property=\"og:title\" content=\"Chrysler Home - Autobaak.nl\" \/>\n<meta property=\"og:description\" content=\"Informatie Chrysler Na verschillende banen op de directievloeren van andere autofabrikanten, richtte Walter P. Chrysler in 1925 een van de meest spraakmakende Amerikaanse merken onder zijn naam op. Slechts drie jaar later nam hij de veel grotere Dodge Brothers over en integreerde daarmee ook De Soto, Imperial en Plymouth - de basis voor de op [&hellip;]\" \/>\n<meta property=\"og:url\" content=\"https:\/\/autobaak.nl\/de\/chrysler-home\/\" \/>\n<meta property=\"og:site_name\" content=\"Autobaak.nl\" \/>\n<meta property=\"article:modified_time\" content=\"2023-02-09T09:44:07+00:00\" \/>\n<meta name=\"twitter:card\" content=\"summary_large_image\" \/>\n<meta name=\"twitter:label1\" content=\"Gesch\u00e4tzte Lesezeit\" \/>\n\t<meta name=\"twitter:data1\" content=\"4\u00a0Minuten\" \/>\n<script type=\"application\/ld+json\" class=\"yoast-schema-graph\">{\"@context\":\"https:\\\/\\\/schema.org\",\"@graph\":[{\"@type\":\"WebPage\",\"@id\":\"https:\\\/\\\/autobaak.nl\\\/chrysler-home\\\/\",\"url\":\"https:\\\/\\\/autobaak.nl\\\/chrysler-home\\\/\",\"name\":\"Chrysler Home - Autobaak.nl\",\"isPartOf\":{\"@id\":\"https:\\\/\\\/autobaak.nl\\\/#website\"},\"datePublished\":\"2022-09-13T18:06:02+00:00\",\"dateModified\":\"2023-02-09T09:44:07+00:00\",\"breadcrumb\":{\"@id\":\"https:\\\/\\\/autobaak.nl\\\/chrysler-home\\\/#breadcrumb\"},\"inLanguage\":\"de\",\"potentialAction\":[{\"@type\":\"ReadAction\",\"target\":[\"https:\\\/\\\/autobaak.nl\\\/chrysler-home\\\/\"]}]},{\"@type\":\"BreadcrumbList\",\"@id\":\"https:\\\/\\\/autobaak.nl\\\/chrysler-home\\\/#breadcrumb\",\"itemListElement\":[{\"@type\":\"ListItem\",\"position\":1,\"name\":\"Home\",\"item\":\"https:\\\/\\\/autobaak.nl\\\/\"},{\"@type\":\"ListItem\",\"position\":2,\"name\":\"Chrysler Home\"}]},{\"@type\":\"WebSite\",\"@id\":\"https:\\\/\\\/autobaak.nl\\\/#website\",\"url\":\"https:\\\/\\\/autobaak.nl\\\/\",\"name\":\"Autobaak.nl\",\"description\":\"Cars &amp; Racing\",\"potentialAction\":[{\"@type\":\"SearchAction\",\"target\":{\"@type\":\"EntryPoint\",\"urlTemplate\":\"https:\\\/\\\/autobaak.nl\\\/?s={search_term_string}\"},\"query-input\":{\"@type\":\"PropertyValueSpecification\",\"valueRequired\":true,\"valueName\":\"search_term_string\"}}],\"inLanguage\":\"de\"}]}<\/script>\n<!-- \/ Yoast SEO plugin. -->","yoast_head_json":{"title":"Chrysler Startseite - Autobaak.de","robots":{"index":"index","follow":"follow","max-snippet":"max-snippet:-1","max-image-preview":"max-image-preview:large","max-video-preview":"max-video-preview:-1"},"canonical":"https:\/\/autobaak.nl\/de\/chrysler-home\/","og_locale":"de_DE","og_type":"article","og_title":"Chrysler Home - Autobaak.nl","og_description":"Informatie Chrysler Na verschillende banen op de directievloeren van andere autofabrikanten, richtte Walter P. Chrysler in 1925 een van de meest spraakmakende Amerikaanse merken onder zijn naam op. Slechts drie jaar later nam hij de veel grotere Dodge Brothers over en integreerde daarmee ook De Soto, Imperial en Plymouth - de basis voor de op [&hellip;]","og_url":"https:\/\/autobaak.nl\/de\/chrysler-home\/","og_site_name":"Autobaak.nl","article_modified_time":"2023-02-09T09:44:07+00:00","twitter_card":"summary_large_image","twitter_misc":{"Gesch\u00e4tzte Lesezeit":"4\u00a0Minuten"},"schema":{"@context":"https:\/\/schema.org","@graph":[{"@type":"WebPage","@id":"https:\/\/autobaak.nl\/chrysler-home\/","url":"https:\/\/autobaak.nl\/chrysler-home\/","name":"Chrysler Startseite - Autobaak.de","isPartOf":{"@id":"https:\/\/autobaak.nl\/#website"},"datePublished":"2022-09-13T18:06:02+00:00","dateModified":"2023-02-09T09:44:07+00:00","breadcrumb":{"@id":"https:\/\/autobaak.nl\/chrysler-home\/#breadcrumb"},"inLanguage":"de","potentialAction":[{"@type":"ReadAction","target":["https:\/\/autobaak.nl\/chrysler-home\/"]}]},{"@type":"BreadcrumbList","@id":"https:\/\/autobaak.nl\/chrysler-home\/#breadcrumb","itemListElement":[{"@type":"ListItem","position":1,"name":"Home","item":"https:\/\/autobaak.nl\/"},{"@type":"ListItem","position":2,"name":"Chrysler Home"}]},{"@type":"WebSite","@id":"https:\/\/autobaak.nl\/#website","url":"https:\/\/autobaak.nl\/","name":"Autobook.de","description":"Autos &amp; Rennsport","potentialAction":[{"@type":"SearchAction","target":{"@type":"EntryPoint","urlTemplate":"https:\/\/autobaak.nl\/?s={search_term_string}"},"query-input":{"@type":"PropertyValueSpecification","valueRequired":true,"valueName":"search_term_string"}}],"inLanguage":"de"}]}},"_links":{"self":[{"href":"https:\/\/autobaak.nl\/de\/wp-json\/wp\/v2\/pages\/153617","targetHints":{"allow":["GET"]}}],"collection":[{"href":"https:\/\/autobaak.nl\/de\/wp-json\/wp\/v2\/pages"}],"about":[{"href":"https:\/\/autobaak.nl\/de\/wp-json\/wp\/v2\/types\/page"}],"author":[{"embeddable":true,"href":"https:\/\/autobaak.nl\/de\/wp-json\/wp\/v2\/users\/1"}],"replies":[{"embeddable":true,"href":"https:\/\/autobaak.nl\/de\/wp-json\/wp\/v2\/comments?post=153617"}],"version-history":[{"count":0,"href":"https:\/\/autobaak.nl\/de\/wp-json\/wp\/v2\/pages\/153617\/revisions"}],"wp:attachment":[{"href":"https:\/\/autobaak.nl\/de\/wp-json\/wp\/v2\/media?parent=153617"}],"curies":[{"name":"wp","href":"https:\/\/api.w.org\/{rel}","templated":true}]}}