{"id":153625,"date":"2022-09-13T20:12:37","date_gmt":"2022-09-13T18:12:37","guid":{"rendered":"https:\/\/autobaak.nl\/?page_id=153625"},"modified":"2022-09-13T20:12:37","modified_gmt":"2022-09-13T18:12:37","slug":"reifendruck-chrysler-300m","status":"publish","type":"page","link":"https:\/\/autobaak.nl\/de\/reifendruck-chrysler-300m\/","title":{"rendered":"Reifendruck Chrysler 300M"},"content":{"rendered":"<p>Sie suchen den richtigen Reifendruck f\u00fcr Ihren Chrysler 300M? Unten finden Sie eine \u00dcbersicht \u00fcber den richtigen Reifendruck:<\/p>\n<div class=\"col-12 col-md-8\">\n<div class=\"row\">\n<div class=\"col-sm-12 text-center no-more-tables\">\n<table class=\"table table-striped table-bordered table-hover table-responsive\">\n<thead class=\"thead-dark\">\n<tr>\n<th>Antrieb<\/th>\n<th>Gr\u00f6\u00dfe des Reifens<\/th>\n<th>Reifendruck Vorderr\u00e4der<\/th>\n<th>Reifendruck am Hinterrad<\/th>\n<th>Frontlader<\/th>\n<th>Laden Sie die R\u00fcckseite<\/th>\n<\/tr>\n<\/thead>\n<tbody>\n<tr>\n<td data-title=\"Aandrijving\"><strong>2,7 24 V V 6<\/strong><\/td>\n<td data-title=\"Bandenmaat\">225 55 R17 97W<\/td>\n<td data-title=\"Bandenspanning voorwielen\">2.3<\/td>\n<td data-title=\"Bandenspanning achterwielen\">2.3<\/td>\n<td data-title=\"Voorkant beladen\">2.3<\/td>\n<td data-title=\"Achterkant beladen\">2.3<\/td>\n<\/tr>\n<tr>\n<td data-title=\"Aandrijving\"><strong>2,7 24 V V 6<\/strong><\/td>\n<td data-title=\"Bandenmaat\">225 60 R16 98W<\/td>\n<td data-title=\"Bandenspanning voorwielen\">2.3<\/td>\n<td data-title=\"Bandenspanning achterwielen\">2.3<\/td>\n<td data-title=\"Voorkant beladen\">2.3<\/td>\n<td data-title=\"Achterkant beladen\">2.3<\/td>\n<\/tr>\n<tr>\n<td data-title=\"Aandrijving\"><strong>3,5 24 V V 6<\/strong><\/td>\n<td data-title=\"Bandenmaat\">225 55 R17 97W<\/td>\n<td data-title=\"Bandenspanning voorwielen\">2.3<\/td>\n<td data-title=\"Bandenspanning achterwielen\">2.3<\/td>\n<td data-title=\"Voorkant beladen\">2.3<\/td>\n<td data-title=\"Achterkant beladen\">2.3<\/td>\n<\/tr>\n<tr>\n<td data-title=\"Aandrijving\"><strong>3,5 24 V V 6<\/strong><\/td>\n<td data-title=\"Bandenmaat\">225 60 R16 98W<\/td>\n<td data-title=\"Bandenspanning voorwielen\">2.3<\/td>\n<td data-title=\"Bandenspanning achterwielen\">2.3<\/td>\n<td data-title=\"Voorkant beladen\">2.3<\/td>\n<td data-title=\"Achterkant beladen\">2.3<\/td>\n<\/tr>\n<\/tbody>\n<\/table>\n<\/div>\n<\/div>\n<\/div>\n<div class=\"col-12 col-md-4\"><ins class=\"adsbygoogle\" data-ad-client=\"ca-pub-1512690136417911\" data-ad-slot=\"1909528067\" data-ad-format=\"auto\" data-full-width-responsive=\"true\" data-adsbygoogle-status=\"done\" data-ad-status=\"unfilled\"><\/p>\n<div id=\"aswift_2_host\" tabindex=\"0\" title=\"Anzeige\" aria-label=\"Anzeige\"><iframe loading=\"lazy\" id=\"aswift_2\" src=\"https:\/\/googleads.g.doubleclick.net\/pagead\/ads?gdpr=1&amp;gdpr_consent=CPfPdAAPfPdAABcAIENLCgCgAP_AAH_AABpYIDwJgABQAKAAsACoAGQAQAAqABbADQANQAigBNAC3AGEAYgA5QCDAIQATAAnQBSAC4AHoAQgAjoBdQDOgGiANeAbQBHYCPQEvAJ_AXmAxcBjIDJAHJgOoAekBAcEB4CwACwAKgAZABBADQANQAigBiAD8AIQATABCACLAEdALqAaIA14BtAEegLzAYIAySByYHKAAA&amp;addtl_consent=1~2577.587.1097.89.326.2572.2677&amp;client=ca-pub-1512690136417911&amp;output=html&amp;h=600&amp;slotname=1909528067&amp;adk=3636396641&amp;adf=3076450515&amp;pi=t.ma~as.1909528067&amp;w=210&amp;fwrn=4&amp;fwrnh=100&amp;lmt=1663092735&amp;rafmt=1&amp;psa=0&amp;format=210x600&amp;url=https%3A%2F%2Fwww.allebandenspanning.nl%2Fpressures%2Fchrysler%2F300-m&amp;fwr=0&amp;fwrattr=true&amp;rpe=1&amp;resp_fmts=4&amp;wgl=1&amp;uach=WyJXaW5kb3dzIiwiMTQuMC4wIiwieDg2IiwiIiwiMTA1LjAuNTE5NS4xMDIiLFtdLGZhbHNlLG51bGwsIjY0IixbWyJHb29nbGUgQ2hyb21lIiwiMTA1LjAuNTE5NS4xMDIiXSxbIk5vdClBO0JyYW5kIiwiOC4wLjAuMCJdLFsiQ2hyb21pdW0iLCIxMDUuMC41MTk1LjEwMiJdXSxmYWxzZV0.&amp;dt=1663092735119&amp;bpp=1&amp;bdt=565&amp;idt=111&amp;shv=r20220908&amp;mjsv=m202209080101&amp;ptt=9&amp;saldr=aa&amp;abxe=1&amp;cookie=ID%3D9749b28219bae8fa-2206f5f4a4cd002e%3AT%3D1654170969%3ART%3D1654170969%3AS%3DALNI_MbMiZMmb6Ht9WKiOyzyFBCccC0s1w&amp;prev_fmts=0x0%2C690x280&amp;nras=1&amp;correlator=1360794036121&amp;frm=20&amp;pv=1&amp;ga_vid=23418577.1654170981&amp;ga_sid=1663092735&amp;ga_hid=1378371997&amp;ga_fc=1&amp;u_tz=120&amp;u_his=1&amp;u_h=1080&amp;u_w=1920&amp;u_ah=1032&amp;u_aw=1920&amp;u_cd=24&amp;u_sd=1&amp;dmc=8&amp;adx=606&amp;ady=553&amp;biw=941&amp;bih=951&amp;scr_x=0&amp;scr_y=0&amp;eid=44759875%2C44759926%2C44759837%2C44768832%2C44772928&amp;oid=2&amp;pvsid=3297976543811439&amp;tmod=1125915023&amp;uas=0&amp;nvt=1&amp;ref=https%3A%2F%2Fwww.allebandenspanning.nl%2Fpressures%2Fchrysler&amp;eae=0&amp;fc=1920&amp;brdim=0%2C0%2C0%2C0%2C1920%2C0%2C0%2C0%2C958%2C951&amp;vis=2&amp;rsz=%7C%7CpeEr%7C&amp;abl=CS&amp;pfx=0&amp;fu=128&amp;bc=31&amp;ifi=3&amp;uci=a!3&amp;fsb=1&amp;xpc=1XHK0Pl6P5&amp;p=https%3A\/\/www.allebandenspanning.nl&amp;dtd=115\" name=\"aswift_2\" width=\"210\" height=\"0\" frameborder=\"0\" marginwidth=\"0\" marginheight=\"0\" scrolling=\"no\" sandbox=\"allow-forms allow-popups allow-popups-to-escape-sandbox allow-same-origin allow-scripts allow-top-navigation-by-user-activation\" data-google-container-id=\"a!3\" data-google-query-id=\"CLKU1p2vkvoCFaCIgwcdaOMKvQ\" data-load-complete=\"true\" data-mce-fragment=\"1\"><\/iframe><\/div>\n<p><\/ins><\/div>","protected":false},"excerpt":{"rendered":"<p>Sie suchen nach dem Reifendruck f\u00fcr den Chrysler 300M? Nachfolgend finden Sie eine \u00dcbersicht \u00fcber den korrekten Reifendruck: Antrieb Reifengr\u00f6\u00dfe Reifendruck Vorderr\u00e4der Reifendruck Hinterr\u00e4der Vorderradbeladung Hinterradbeladung 2.7 24 V V 6 225 55 R17 97W 2.3 2.3 2.3 2.3 2.3 2.3 2.7 24 V V 6 225 60 R16 98W 2.3 2.3 2.3 2.3 3 3.5 [...]<\/p>","protected":false},"author":1,"featured_media":0,"parent":0,"menu_order":0,"comment_status":"closed","ping_status":"closed","template":"","meta":{"_et_pb_use_builder":"","_et_pb_old_content":"","_et_gb_content_width":"","footnotes":""},"class_list":["post-153625","page","type-page","status-publish","hentry"],"yoast_head":"<!-- This site is optimized with the Yoast SEO plugin v27.6 - https:\/\/yoast.com\/product\/yoast-seo-wordpress\/ -->\n<title>Bandenspanning Chrysler 300M - Autobaak.nl<\/title>\n<meta name=\"robots\" content=\"index, follow, max-snippet:-1, max-image-preview:large, max-video-preview:-1\" \/>\n<link rel=\"canonical\" href=\"https:\/\/autobaak.nl\/de\/reifendruck-chrysler-300m\/\" \/>\n<meta property=\"og:locale\" content=\"de_DE\" \/>\n<meta property=\"og:type\" content=\"article\" \/>\n<meta property=\"og:title\" content=\"Bandenspanning Chrysler 300M - Autobaak.nl\" \/>\n<meta property=\"og:description\" content=\"Ben je op zoek naar de bandenspanning voor de Chrysler 300M? Hieronder een overzicht van de juiste bandenspanning: Aandrijving Bandenmaat Bandenspanning voorwielen Bandenspanning achterwielen Voorkant beladen Achterkant beladen 2.7 24 V V 6 225 55 R17 97W 2.3 2.3 2.3 2.3 2.7 24 V V 6 225 60 R16 98W 2.3 2.3 2.3 2.3 3.5 [&hellip;]\" \/>\n<meta property=\"og:url\" content=\"https:\/\/autobaak.nl\/de\/reifendruck-chrysler-300m\/\" \/>\n<meta property=\"og:site_name\" content=\"Autobaak.nl\" \/>\n<meta name=\"twitter:card\" content=\"summary_large_image\" \/>\n<meta name=\"twitter:label1\" content=\"Gesch\u00e4tzte Lesezeit\" \/>\n\t<meta name=\"twitter:data1\" content=\"1\u00a0Minute\" \/>\n<script type=\"application\/ld+json\" class=\"yoast-schema-graph\">{\"@context\":\"https:\\\/\\\/schema.org\",\"@graph\":[{\"@type\":\"WebPage\",\"@id\":\"https:\\\/\\\/autobaak.nl\\\/bandenspanning-chrysler-300m\\\/\",\"url\":\"https:\\\/\\\/autobaak.nl\\\/bandenspanning-chrysler-300m\\\/\",\"name\":\"Bandenspanning Chrysler 300M - Autobaak.nl\",\"isPartOf\":{\"@id\":\"https:\\\/\\\/autobaak.nl\\\/#website\"},\"datePublished\":\"2022-09-13T18:12:37+00:00\",\"breadcrumb\":{\"@id\":\"https:\\\/\\\/autobaak.nl\\\/bandenspanning-chrysler-300m\\\/#breadcrumb\"},\"inLanguage\":\"de\",\"potentialAction\":[{\"@type\":\"ReadAction\",\"target\":[\"https:\\\/\\\/autobaak.nl\\\/bandenspanning-chrysler-300m\\\/\"]}]},{\"@type\":\"BreadcrumbList\",\"@id\":\"https:\\\/\\\/autobaak.nl\\\/bandenspanning-chrysler-300m\\\/#breadcrumb\",\"itemListElement\":[{\"@type\":\"ListItem\",\"position\":1,\"name\":\"Home\",\"item\":\"https:\\\/\\\/autobaak.nl\\\/\"},{\"@type\":\"ListItem\",\"position\":2,\"name\":\"Bandenspanning Chrysler 300M\"}]},{\"@type\":\"WebSite\",\"@id\":\"https:\\\/\\\/autobaak.nl\\\/#website\",\"url\":\"https:\\\/\\\/autobaak.nl\\\/\",\"name\":\"Autobaak.nl\",\"description\":\"Cars &amp; Racing\",\"potentialAction\":[{\"@type\":\"SearchAction\",\"target\":{\"@type\":\"EntryPoint\",\"urlTemplate\":\"https:\\\/\\\/autobaak.nl\\\/?s={search_term_string}\"},\"query-input\":{\"@type\":\"PropertyValueSpecification\",\"valueRequired\":true,\"valueName\":\"search_term_string\"}}],\"inLanguage\":\"de\"}]}<\/script>\n<!-- \/ Yoast SEO plugin. -->","yoast_head_json":{"title":"Reifendruck Chrysler 300M - Autobaak.de","robots":{"index":"index","follow":"follow","max-snippet":"max-snippet:-1","max-image-preview":"max-image-preview:large","max-video-preview":"max-video-preview:-1"},"canonical":"https:\/\/autobaak.nl\/de\/reifendruck-chrysler-300m\/","og_locale":"de_DE","og_type":"article","og_title":"Bandenspanning Chrysler 300M - Autobaak.nl","og_description":"Ben je op zoek naar de bandenspanning voor de Chrysler 300M? Hieronder een overzicht van de juiste bandenspanning: Aandrijving Bandenmaat Bandenspanning voorwielen Bandenspanning achterwielen Voorkant beladen Achterkant beladen 2.7 24 V V 6 225 55 R17 97W 2.3 2.3 2.3 2.3 2.7 24 V V 6 225 60 R16 98W 2.3 2.3 2.3 2.3 3.5 [&hellip;]","og_url":"https:\/\/autobaak.nl\/de\/reifendruck-chrysler-300m\/","og_site_name":"Autobaak.nl","twitter_card":"summary_large_image","twitter_misc":{"Gesch\u00e4tzte Lesezeit":"1\u00a0Minute"},"schema":{"@context":"https:\/\/schema.org","@graph":[{"@type":"WebPage","@id":"https:\/\/autobaak.nl\/bandenspanning-chrysler-300m\/","url":"https:\/\/autobaak.nl\/bandenspanning-chrysler-300m\/","name":"Reifendruck Chrysler 300M - Autobaak.de","isPartOf":{"@id":"https:\/\/autobaak.nl\/#website"},"datePublished":"2022-09-13T18:12:37+00:00","breadcrumb":{"@id":"https:\/\/autobaak.nl\/bandenspanning-chrysler-300m\/#breadcrumb"},"inLanguage":"de","potentialAction":[{"@type":"ReadAction","target":["https:\/\/autobaak.nl\/bandenspanning-chrysler-300m\/"]}]},{"@type":"BreadcrumbList","@id":"https:\/\/autobaak.nl\/bandenspanning-chrysler-300m\/#breadcrumb","itemListElement":[{"@type":"ListItem","position":1,"name":"Home","item":"https:\/\/autobaak.nl\/"},{"@type":"ListItem","position":2,"name":"Bandenspanning Chrysler 300M"}]},{"@type":"WebSite","@id":"https:\/\/autobaak.nl\/#website","url":"https:\/\/autobaak.nl\/","name":"Autobook.de","description":"Autos &amp; Rennsport","potentialAction":[{"@type":"SearchAction","target":{"@type":"EntryPoint","urlTemplate":"https:\/\/autobaak.nl\/?s={search_term_string}"},"query-input":{"@type":"PropertyValueSpecification","valueRequired":true,"valueName":"search_term_string"}}],"inLanguage":"de"}]}},"_links":{"self":[{"href":"https:\/\/autobaak.nl\/de\/wp-json\/wp\/v2\/pages\/153625","targetHints":{"allow":["GET"]}}],"collection":[{"href":"https:\/\/autobaak.nl\/de\/wp-json\/wp\/v2\/pages"}],"about":[{"href":"https:\/\/autobaak.nl\/de\/wp-json\/wp\/v2\/types\/page"}],"author":[{"embeddable":true,"href":"https:\/\/autobaak.nl\/de\/wp-json\/wp\/v2\/users\/1"}],"replies":[{"embeddable":true,"href":"https:\/\/autobaak.nl\/de\/wp-json\/wp\/v2\/comments?post=153625"}],"version-history":[{"count":0,"href":"https:\/\/autobaak.nl\/de\/wp-json\/wp\/v2\/pages\/153625\/revisions"}],"wp:attachment":[{"href":"https:\/\/autobaak.nl\/de\/wp-json\/wp\/v2\/media?parent=153625"}],"curies":[{"name":"wp","href":"https:\/\/api.w.org\/{rel}","templated":true}]}}