{"id":153634,"date":"2022-09-13T20:16:01","date_gmt":"2022-09-13T18:16:01","guid":{"rendered":"https:\/\/autobaak.nl\/?page_id=153634"},"modified":"2022-09-13T20:16:01","modified_gmt":"2022-09-13T18:16:01","slug":"reifendruck-chrysler-pt-cruiser","status":"publish","type":"page","link":"https:\/\/autobaak.nl\/de\/reifendruck-chrysler-pt-cruiser\/","title":{"rendered":"Reifendruck Chrysler PT Cruiser"},"content":{"rendered":"<p>Sie sind auf der Suche nach dem Reifendruck f\u00fcr den Chrysler PT Cruiser? Nachfolgend finden Sie eine \u00dcbersicht des korrekten Reifendrucks f\u00fcr die Chrysler PT Cruiser Modelle.<\/p>\n<h2>Chrysler PT Cruiser Reifendruck \u00dcbersicht<\/h2>\n<table class=\"table table-striped table-bordered table-hover table-responsive\">\n<thead class=\"thead-dark\">\n<tr>\n<th>Antrieb<\/th>\n<th>Gr\u00f6\u00dfe des Reifens<\/th>\n<th>Reifendruck Vorderr\u00e4der<\/th>\n<th>Reifendruck am Hinterrad<\/th>\n<th>Frontlader<\/th>\n<th>Laden Sie die R\u00fcckseite<\/th>\n<\/tr>\n<\/thead>\n<tbody>\n<tr>\n<td data-title=\"Aandrijving\"><strong>1.6 16V<\/strong><\/td>\n<td data-title=\"Bandenmaat\">195 65 R15 91T<\/td>\n<td data-title=\"Bandenspanning voorwielen\">2.2<\/td>\n<td data-title=\"Bandenspanning achterwielen\">2.2<\/td>\n<td data-title=\"Voorkant beladen\">2.4<\/td>\n<td data-title=\"Achterkant beladen\">2.4<\/td>\n<\/tr>\n<tr>\n<td data-title=\"Aandrijving\"><strong>1.6 16V<\/strong><\/td>\n<td data-title=\"Bandenmaat\">205 55 R16 91T<\/td>\n<td data-title=\"Bandenspanning voorwielen\">2.2<\/td>\n<td data-title=\"Bandenspanning achterwielen\">2.2<\/td>\n<td data-title=\"Voorkant beladen\">2.4<\/td>\n<td data-title=\"Achterkant beladen\">2.4<\/td>\n<\/tr>\n<tr>\n<td data-title=\"Aandrijving\"><strong>1.6 16V<\/strong><\/td>\n<td data-title=\"Bandenmaat\">225 45 R17 91V<\/td>\n<td data-title=\"Bandenspanning voorwielen\">2.2<\/td>\n<td data-title=\"Bandenspanning achterwielen\">2.2<\/td>\n<td data-title=\"Voorkant beladen\">2.4<\/td>\n<td data-title=\"Achterkant beladen\">2.4<\/td>\n<\/tr>\n<tr>\n<td data-title=\"Aandrijving\"><strong>2.0<\/strong><\/td>\n<td data-title=\"Bandenmaat\">195 65 R15 91H<\/td>\n<td data-title=\"Bandenspanning voorwielen\">2.2<\/td>\n<td data-title=\"Bandenspanning achterwielen\">2.2<\/td>\n<td data-title=\"Voorkant beladen\">2.4<\/td>\n<td data-title=\"Achterkant beladen\">2.4<\/td>\n<\/tr>\n<tr>\n<td data-title=\"Aandrijving\"><strong>2.0<\/strong><\/td>\n<td data-title=\"Bandenmaat\">205 55 R16 91H<\/td>\n<td data-title=\"Bandenspanning voorwielen\">2.2<\/td>\n<td data-title=\"Bandenspanning achterwielen\">2.2<\/td>\n<td data-title=\"Voorkant beladen\">2.4<\/td>\n<td data-title=\"Achterkant beladen\">2.4<\/td>\n<\/tr>\n<tr>\n<td data-title=\"Aandrijving\"><strong>2.0<\/strong><\/td>\n<td data-title=\"Bandenmaat\">225 45 R17 91V<\/td>\n<td data-title=\"Bandenspanning voorwielen\">2.2<\/td>\n<td data-title=\"Bandenspanning achterwielen\">2.2<\/td>\n<td data-title=\"Voorkant beladen\">2.4<\/td>\n<td data-title=\"Achterkant beladen\">2.4<\/td>\n<\/tr>\n<tr>\n<td data-title=\"Aandrijving\"><strong>2.4<\/strong><\/td>\n<td data-title=\"Bandenmaat\">205 55 R16 91H<\/td>\n<td data-title=\"Bandenspanning voorwielen\">2.2<\/td>\n<td data-title=\"Bandenspanning achterwielen\">2.2<\/td>\n<td data-title=\"Voorkant beladen\">2.4<\/td>\n<td data-title=\"Achterkant beladen\">2.4<\/td>\n<\/tr>\n<tr>\n<td data-title=\"Aandrijving\"><strong>2.4<\/strong><\/td>\n<td data-title=\"Bandenmaat\">225 45 R17 91V<\/td>\n<td data-title=\"Bandenspanning voorwielen\">2.2<\/td>\n<td data-title=\"Bandenspanning achterwielen\">2.2<\/td>\n<td data-title=\"Voorkant beladen\">2.4<\/td>\n<td data-title=\"Achterkant beladen\">2.4<\/td>\n<\/tr>\n<tr>\n<td data-title=\"Aandrijving\"><strong>2.4 Turbo GT<\/strong><\/td>\n<td data-title=\"Bandenmaat\">205 50 R17 89V<\/td>\n<td data-title=\"Bandenspanning voorwielen\">2.2<\/td>\n<td data-title=\"Bandenspanning achterwielen\">2.2<\/td>\n<td data-title=\"Voorkant beladen\">2.4<\/td>\n<td data-title=\"Achterkant beladen\">2.4<\/td>\n<\/tr>\n<tr>\n<td data-title=\"Aandrijving\"><strong>2.4 Turbo GT<\/strong><\/td>\n<td data-title=\"Bandenmaat\">225 45 R17 91V<\/td>\n<td data-title=\"Bandenspanning voorwielen\">2.2<\/td>\n<td data-title=\"Bandenspanning achterwielen\">2.2<\/td>\n<td data-title=\"Voorkant beladen\">2.4<\/td>\n<td data-title=\"Achterkant beladen\">2.4<\/td>\n<\/tr>\n<\/tbody>\n<\/table>","protected":false},"excerpt":{"rendered":"<p>Sie sind auf der Suche nach dem Reifendruck f\u00fcr den Chrysler PT Cruiser? Nachfolgend finden Sie eine \u00dcbersicht des korrekten Reifendrucks f\u00fcr die Chrysler PT Cruiser Modelle. Reifendruck\u00fcbersicht Chrysler PT Cruiser Drive Reifengr\u00f6\u00dfe Reifendruck Vorderr\u00e4der Reifendruck Hinterr\u00e4der Vorne beladen Hinten beladen 1.6 16V 195 65 R15 91T 2.2 2.2 2.4 2.4 1.6 16V 205 55 R16 [...]<\/p>","protected":false},"author":1,"featured_media":0,"parent":0,"menu_order":0,"comment_status":"closed","ping_status":"closed","template":"","meta":{"_et_pb_use_builder":"","_et_pb_old_content":"","_et_gb_content_width":"","footnotes":""},"class_list":["post-153634","page","type-page","status-publish","hentry"],"yoast_head":"<!-- This site is optimized with the Yoast SEO plugin v27.6 - https:\/\/yoast.com\/product\/yoast-seo-wordpress\/ -->\n<title>Bandenspanning Chrysler PT Cruiser - Autobaak.nl<\/title>\n<meta name=\"robots\" content=\"index, follow, max-snippet:-1, max-image-preview:large, max-video-preview:-1\" \/>\n<link rel=\"canonical\" href=\"https:\/\/autobaak.nl\/de\/reifendruck-chrysler-pt-cruiser\/\" \/>\n<meta property=\"og:locale\" content=\"de_DE\" \/>\n<meta property=\"og:type\" content=\"article\" \/>\n<meta property=\"og:title\" content=\"Bandenspanning Chrysler PT Cruiser - Autobaak.nl\" \/>\n<meta property=\"og:description\" content=\"Ben je op zoek naar de bandenspanning voor de Chrysler PT Cruiser? Hieronder een overzicht van de juiste bandenspanning voor de Chrysler PT Cruiser modellen. Overzicht bandenspanning Chrysler PT Cruiser Aandrijving Bandenmaat Bandenspanning voorwielen Bandenspanning achterwielen Voorkant beladen Achterkant beladen 1.6 16V 195 65 R15 91T 2.2 2.2 2.4 2.4 1.6 16V 205 55 R16 [&hellip;]\" \/>\n<meta property=\"og:url\" content=\"https:\/\/autobaak.nl\/de\/reifendruck-chrysler-pt-cruiser\/\" \/>\n<meta property=\"og:site_name\" content=\"Autobaak.nl\" \/>\n<meta name=\"twitter:card\" content=\"summary_large_image\" \/>\n<meta name=\"twitter:label1\" content=\"Gesch\u00e4tzte Lesezeit\" \/>\n\t<meta name=\"twitter:data1\" content=\"1\u00a0Minute\" \/>\n<script type=\"application\/ld+json\" class=\"yoast-schema-graph\">{\"@context\":\"https:\\\/\\\/schema.org\",\"@graph\":[{\"@type\":\"WebPage\",\"@id\":\"https:\\\/\\\/autobaak.nl\\\/bandenspanning-chrysler-pt-cruiser\\\/\",\"url\":\"https:\\\/\\\/autobaak.nl\\\/bandenspanning-chrysler-pt-cruiser\\\/\",\"name\":\"Bandenspanning Chrysler PT Cruiser - Autobaak.nl\",\"isPartOf\":{\"@id\":\"https:\\\/\\\/autobaak.nl\\\/#website\"},\"datePublished\":\"2022-09-13T18:16:01+00:00\",\"breadcrumb\":{\"@id\":\"https:\\\/\\\/autobaak.nl\\\/bandenspanning-chrysler-pt-cruiser\\\/#breadcrumb\"},\"inLanguage\":\"de\",\"potentialAction\":[{\"@type\":\"ReadAction\",\"target\":[\"https:\\\/\\\/autobaak.nl\\\/bandenspanning-chrysler-pt-cruiser\\\/\"]}]},{\"@type\":\"BreadcrumbList\",\"@id\":\"https:\\\/\\\/autobaak.nl\\\/bandenspanning-chrysler-pt-cruiser\\\/#breadcrumb\",\"itemListElement\":[{\"@type\":\"ListItem\",\"position\":1,\"name\":\"Home\",\"item\":\"https:\\\/\\\/autobaak.nl\\\/\"},{\"@type\":\"ListItem\",\"position\":2,\"name\":\"Bandenspanning Chrysler PT Cruiser\"}]},{\"@type\":\"WebSite\",\"@id\":\"https:\\\/\\\/autobaak.nl\\\/#website\",\"url\":\"https:\\\/\\\/autobaak.nl\\\/\",\"name\":\"Autobaak.nl\",\"description\":\"Cars &amp; Racing\",\"potentialAction\":[{\"@type\":\"SearchAction\",\"target\":{\"@type\":\"EntryPoint\",\"urlTemplate\":\"https:\\\/\\\/autobaak.nl\\\/?s={search_term_string}\"},\"query-input\":{\"@type\":\"PropertyValueSpecification\",\"valueRequired\":true,\"valueName\":\"search_term_string\"}}],\"inLanguage\":\"de\"}]}<\/script>\n<!-- \/ Yoast SEO plugin. -->","yoast_head_json":{"title":"Reifendruck Chrysler PT Cruiser - Autobaak.de","robots":{"index":"index","follow":"follow","max-snippet":"max-snippet:-1","max-image-preview":"max-image-preview:large","max-video-preview":"max-video-preview:-1"},"canonical":"https:\/\/autobaak.nl\/de\/reifendruck-chrysler-pt-cruiser\/","og_locale":"de_DE","og_type":"article","og_title":"Bandenspanning Chrysler PT Cruiser - Autobaak.nl","og_description":"Ben je op zoek naar de bandenspanning voor de Chrysler PT Cruiser? Hieronder een overzicht van de juiste bandenspanning voor de Chrysler PT Cruiser modellen. Overzicht bandenspanning Chrysler PT Cruiser Aandrijving Bandenmaat Bandenspanning voorwielen Bandenspanning achterwielen Voorkant beladen Achterkant beladen 1.6 16V 195 65 R15 91T 2.2 2.2 2.4 2.4 1.6 16V 205 55 R16 [&hellip;]","og_url":"https:\/\/autobaak.nl\/de\/reifendruck-chrysler-pt-cruiser\/","og_site_name":"Autobaak.nl","twitter_card":"summary_large_image","twitter_misc":{"Gesch\u00e4tzte Lesezeit":"1\u00a0Minute"},"schema":{"@context":"https:\/\/schema.org","@graph":[{"@type":"WebPage","@id":"https:\/\/autobaak.nl\/bandenspanning-chrysler-pt-cruiser\/","url":"https:\/\/autobaak.nl\/bandenspanning-chrysler-pt-cruiser\/","name":"Reifendruck Chrysler PT Cruiser - Autobaak.de","isPartOf":{"@id":"https:\/\/autobaak.nl\/#website"},"datePublished":"2022-09-13T18:16:01+00:00","breadcrumb":{"@id":"https:\/\/autobaak.nl\/bandenspanning-chrysler-pt-cruiser\/#breadcrumb"},"inLanguage":"de","potentialAction":[{"@type":"ReadAction","target":["https:\/\/autobaak.nl\/bandenspanning-chrysler-pt-cruiser\/"]}]},{"@type":"BreadcrumbList","@id":"https:\/\/autobaak.nl\/bandenspanning-chrysler-pt-cruiser\/#breadcrumb","itemListElement":[{"@type":"ListItem","position":1,"name":"Home","item":"https:\/\/autobaak.nl\/"},{"@type":"ListItem","position":2,"name":"Bandenspanning Chrysler PT Cruiser"}]},{"@type":"WebSite","@id":"https:\/\/autobaak.nl\/#website","url":"https:\/\/autobaak.nl\/","name":"Autobook.de","description":"Autos &amp; Rennsport","potentialAction":[{"@type":"SearchAction","target":{"@type":"EntryPoint","urlTemplate":"https:\/\/autobaak.nl\/?s={search_term_string}"},"query-input":{"@type":"PropertyValueSpecification","valueRequired":true,"valueName":"search_term_string"}}],"inLanguage":"de"}]}},"_links":{"self":[{"href":"https:\/\/autobaak.nl\/de\/wp-json\/wp\/v2\/pages\/153634","targetHints":{"allow":["GET"]}}],"collection":[{"href":"https:\/\/autobaak.nl\/de\/wp-json\/wp\/v2\/pages"}],"about":[{"href":"https:\/\/autobaak.nl\/de\/wp-json\/wp\/v2\/types\/page"}],"author":[{"embeddable":true,"href":"https:\/\/autobaak.nl\/de\/wp-json\/wp\/v2\/users\/1"}],"replies":[{"embeddable":true,"href":"https:\/\/autobaak.nl\/de\/wp-json\/wp\/v2\/comments?post=153634"}],"version-history":[{"count":0,"href":"https:\/\/autobaak.nl\/de\/wp-json\/wp\/v2\/pages\/153634\/revisions"}],"wp:attachment":[{"href":"https:\/\/autobaak.nl\/de\/wp-json\/wp\/v2\/media?parent=153634"}],"curies":[{"name":"wp","href":"https:\/\/api.w.org\/{rel}","templated":true}]}}