{"id":153658,"date":"2022-09-15T15:20:31","date_gmt":"2022-09-15T13:20:31","guid":{"rendered":"https:\/\/autobaak.nl\/?page_id=153658"},"modified":"2023-02-08T14:16:06","modified_gmt":"2023-02-08T13:16:06","slug":"mini-heim","status":"publish","type":"page","link":"https:\/\/autobaak.nl\/de\/mini-heim\/","title":{"rendered":"Mini-Heim"},"content":{"rendered":"<p>[et_pb_section fb_built=\"1\u2033 inner_shadow=\"on\" fullwidth=\"on\" _builder_version=\"4.18.0\u2033 background_image=\"https:\/\/autobaak.nl\/wp-content\/uploads\/2022\/08\/pexels-jesse-zheng-1213295.jpg\" global_colors_info=\"{}\"][et_pb_fullwidth_header title=\"Skoda Home\" subhead=\"N\u00fctzliche Informationen \u00fcber Skoda\" text_orientation=\"centre\" _builder_version=\"4.18.0\u2033 content_font_size=\"15px\" background_color=\"rgba(255, 255, 255, 0)\" background_image=\"https:\/\/autobaak.nl\/wp-content\/uploads\/2022\/09\/skoda.jpg\" text_shadow_style=\"preset5\u2033 text_shadow_color=\"rgba(0,0,0,0.52)\" global_colors_info=\"{}\" button_one_text_size__hover_enabled=\"off\" button_one_text_size__hover=\"null\" button_two_text_size__hover_enabled=\"off\" button_two_text_size__hover=\"null\" button_one_text_color__hover_enabled=\"off\" button_one_text_color__hover=\"null\" button_two_text_color__hover_enabled=\"off\" button_two_text_color__hover=\"null\" button_one_border_width__hover_enabled=\"off\" button_one_border_width__hover=\"null\" button_two_border_width__hover_enabled=\"off\" button_two_border_width__hover=\"null\" button_one_border_color__hover_enabled=\"off\" button_one_border_color__hover=\"null\" button_two_border_color__hover_enabled=\"off\" button_two_border_color__hover=\"null\" button_one_border_radius__hover_enabled=\"off\" button_one_border_radius__hover=\"null\" button_two_border_radius__hover_enabled=\"off\" button_two_border_radius__hover=\"null\" button_one_letter_spacing__hover_enabled=\"off\" button_one_letter_spacing__hover=\"null\" button_two_letter_spacing__hover_enabled=\"off\" button_two_letter_spacing__hover=\"null\" button_one_bg_color__hover_enabled=\"off\" button_one_bg_color__hover=\"null\" button_two_bg_color__hover_enabled=\"off\" button_two_bg_color__hover=\"null\"][\/et_pb_fullwidth_header][\/et_pb_section][et_pb_section fb_built=\"1\u2033 _builder_version=\"4.16\u2033 custom_padding=\"2px|0px|3px|0px\" global_colors_info=\"{}\"][et_pb_row _builder_version=\"4.16\u2033 background_size=\"initial\" background_position=\"top_left\" background_repeat=\"repeat\" custom_padding=\"26.3594px|0px|2px|0px\" global_colors_info=\"{}\"][et_pb_column type=\"4_4\u2033 _builder_version=\"4.16\u2033 custom_padding=\"|||\" global_colors_info=\"{}\" custom_padding__hover=\"|||\"][et_pb_text _builder_version=\"4.16\u2033 global_colors_info=\"{}\"]<\/p>\n<h2>Informationen Mini<\/h2>\n<p>Der Mini ist eine Ikone und das aus gutem Grund. Der Mini hat seit seiner Einf\u00fchrung im Jahr 1959 mehrere Auszeichnungen erhalten. Vor allem das urspr\u00fcngliche Modell der Jahre ist ein Musterbeispiel britischer Kultur (man denke an Mr. Bean) und bis heute ein beliebter Anlass. Der Mini wurde 1999 sogar zum einflussreichsten Modell des 20. Jahrhunderts gew\u00e4hlt. Das ist keine kleine Leistung!<\/p>\n<h3>\u00dcbernahme von MINI durch BMW<\/h3>\n<p>Im Jahr 1994 wurde Mini von BMW vom damaligen Hersteller Rover \u00fcbernommen. Kurz nach der \u00dcbernahme verkaufte BMW alle Teile weiter, behielt aber die Rechte an der Marke Mini und verlegte die Produktion nach M\u00fcnchen. Ein Jahr sp\u00e4ter erschien der neue Mini, der unverkennbar als solcher zu erkennen war. Dieses erste Modell wurde offiziell MINI Hatch genannt. Im Jahr 2007 kam dann der Mini Clubman, eine Art Kombi mit einer doppelten Heckt\u00fcr und zwei T\u00fcren auf der rechten Seite, aber nur einer auf der linken Seite. Im Jahr 2010 folgte der SUV Countryman und 2011 das etwas skurrile Coup\u00e9 von Mini. Letzteres wurde 2015 vom Markt genommen. Und weil Schr\u00e4gd\u00e4cher damals in Mode waren, bot Mini von 2012 bis 2016 den viersitzigen Paceman an.<\/p>\n<p>Auf dieser Seite finden Sie weitere Informationen zu MINI und insbesondere zu Reifendruck, Zahnriemenintervallen und Motor\u00f6l.<\/p>\n<p>[\/et_pb_text][\/et_pb_column][\/et_pb_row][et_pb_row _builder_version=\"4.16\u2033 background_size=\"initial\" background_position=\"top_left\" background_repeat=\"repeat\" custom_padding=\"26.3594px|0px|2px|0px\" global_colors_info=\"{}\"][et_pb_column type=\"4_4\u2033 _builder_version=\"4.16\u2033 custom_padding=\"|||\" global_colors_info=\"{}\" custom_padding__hover=\"|||\"][et_pb_text _builder_version=\"4.18.0\u2033 background_colour=\"rgba(12,113,195,0.18)\" custom_margin=\"0px|||\" custom_padding=\"10px|20px|10px|20px\" global_colors_info=\"{}\"]<\/p>\n<h2 style=\"text-align: center;\">Datenbank Mini<\/h2>\n<p style=\"text-align: center;\">Die folgenden \u00dcbersichten zeigen Wartungsintervalle, Motor\u00f6lbedarf und Tipps f\u00fcr die neuesten Mini-Modelle. Die Intervalle und Richtlinien sind nur ein Anhaltspunkt, es k\u00f6nnen Umst\u00e4nde eintreten, die eine Werkstatt veranlassen, eine andere Empfehlung auszusprechen.<\/p>\n<p>[\/et_pb_text][\/et_pb_column][\/et_pb_row][\/et_pb_section][et_pb_section fb_built=\"1\u2033 _builder_version=\"4.16\u2033 custom_padding=\"1px|0px|52.7188px|0px\" global_colors_info=\"{}\"][et_pb_row _builder_version=\"4.16\u2033 background_size=\"initial\" background_position=\"top_left\" background_repeat=\"repeat\" global_colors_info=\"{}\"][et_pb_column type=\"4_4\u2033 _builder_version=\"4.16\u2033 custom_padding=\"|||\" global_colors_info=\"{}\" custom_padding__hover=\"|||\"][et_pb_text _builder_version=\"4.19.4\u2033 hover_enabled=\"0\u2033 global_colors_info=\"{}\" sticky_enabled=\"0\u2033]<\/p>\n<h3>Steuerkette Mini<\/h3>\n<p>Beim Mini-Motor sorgt eine Steuerkette daf\u00fcr, dass Nockenwelle und Kurbelwelle miteinander verbunden sind. Dies gilt f\u00fcr alle Mini-Modelle wie den Mini Countryman, den Mini Paceman und den Mini Cooper. <a href=\"https:\/\/autobaak.nl\/de\/hat-der-mini-eine-steuerkette-oder-einen-riemen\/\">Klicken Sie hier<\/a> f\u00fcr weitere Informationen \u00fcber die Steuerkette im Mini.<\/p>\n<h3>Reifendruck Mini<\/h3>\n<p>Der Reifendruck Ihres Mini sollte monatlich \u00fcberpr\u00fcft werden, damit Sie eine optimale Leistung genie\u00dfen k\u00f6nnen. Au\u00dferdem kann ein falscher Reifendruck zu einem hohen Kraftstoffverbrauch f\u00fchren und die Reifen k\u00f6nnen schneller oder ungleichm\u00e4\u00dfig verschlei\u00dfen. Auf den folgenden Seiten finden Sie eine \u00dcbersicht der Reifendr\u00fccke f\u00fcr Ihren Mini:<\/p>\n<ul>\n<li><a href=\"https:\/\/autobaak.nl\/de\/reifendruck-mini\/\">Mini<\/a><\/li>\n<li><a href=\"https:\/\/autobaak.nl\/de\/reifendruck-mini-countryman\/\">Mini Countryman<\/a><\/li>\n<li><a href=\"https:\/\/autobaak.nl\/de\/reifendruck-mini-cooper\/\">Mini Cooper<\/a><\/li>\n<li><a href=\"https:\/\/autobaak.nl\/de\/reifendruck-mini-cabrio\/\">Mini Cabrio<\/a><\/li>\n<li><a href=\"https:\/\/autobaak.nl\/de\/reifendruck-mini-paceman\/\">Mini Paceman<\/a><\/li>\n<li><a href=\"https:\/\/autobaak.nl\/de\/reifendruck-mini-cooper-cabrio\/\">Mini Cooper Cabrio<\/a><\/li>\n<li><a href=\"https:\/\/autobaak.nl\/de\/reifendruck-mini-clubman\/\">Mini Clubman<\/a><\/li>\n<\/ul>\n<h3>Mini-Autolampen<\/h3>\n<p>Sie m\u00f6chten die Gl\u00fchbirnen in Ihrem Mini austauschen, wissen aber nicht, welche Art von Autogl\u00fchbirne Sie ben\u00f6tigen? Zu diesem <a href=\"https:\/\/autobaak.nl\/de\/autogluhbirnen-mini-ubersicht\/\">Autogl\u00fchbirnen Mini<\/a> Seite haben wir eine Liste mit allen Lampen zusammengestellt.<\/p>\n<blockquote class=\"wp-embedded-content\" data-secret=\"iecqSmdBce\"><p><a href=\"https:\/\/autobaak.nl\/de\/autogluhbirnen-mini-ubersicht\/\">Autolampen Mini \u00dcbersicht<\/a><\/p><\/blockquote>\n<p><iframe loading=\"lazy\" class=\"wp-embedded-content\" sandbox=\"allow-scripts\" security=\"restricted\" style=\"position: absolute; clip: rect(1px, 1px, 1px, 1px);\" title=\"&quot;Autolampen Mini \u00dcbersicht&quot; - Autobook alles f\u00fcr und \u00fcber Autos\" src=\"https:\/\/autobaak.nl\/autolampen-mini-overzicht\/embed\/#?secret=2jJQxpgqdD#?secret=iecqSmdBce\" data-secret=\"iecqSmdBce\" width=\"600\" height=\"338\" frameborder=\"0\" marginwidth=\"0\" marginheight=\"0\" scrolling=\"no\"><\/iframe><\/p>\n<p>&nbsp;<\/p>\n<p>[\/et_pb_text][\/et_pb_column][\/et_pb_row][et_pb_row column_structure=\"1_2,1_2\u2033 _builder_version=\"4.17.4\u2033 _module_preset=\"default\" global_colors_info=\"{}\"][et_pb_column type=\"1_2\u2033 _builder_version=\"4.17.4\u2033 _module_preset=\"default\" global_colors_info=\"{}\"][et_pb_text _builder_version=\"4.18.0\u2033 _module_preset=\"default\" global_colors_info=\"{}\"]<\/p>\n<h3>Welches Motor\u00f6l Mini<\/h3>\n<p>Der rechtzeitige Wechsel des Motor\u00f6ls ist entscheidend f\u00fcr den Zustand Ihres Motors. Dar\u00fcber hinaus ist es wichtig zu wissen, welches Motor\u00f6l Sie ben\u00f6tigen. Im Serviceheft ist in der Regel immer das passende Motor\u00f6l angegeben. Sie m\u00f6chten wissen, welches Motor\u00f6l Sie in Ihren Mini einf\u00fcllen sollten? Dann nutzen Sie die praktische Suchfunktion von Kroon Oil:<\/p>\n<p>[\/et_pb_text][\/et_pb_column][et_pb_column type=\"1_2\u2033 _builder_version=\"4.17.4\u2033 _module_preset=\"default\" global_colors_info=\"{}\"][et_pb_text _builder_version=\"4.18.0\u2033 _module_preset=\"default\" global_colors_info=\"{}\"]<\/p>\n<p><script type=\"text\/javascript\" src=\"\/\/kroon-oil.com\/adviesbanners\/v3\/bnr-js.php?lang=nl&amp;type=reg&amp;theme=light\"><\/script><\/p>\n<p>[\/et_pb_text][\/et_pb_column][\/et_pb_row][\/et_pb_section].<\/p>","protected":false},"excerpt":{"rendered":"<p>Informationen zum Mini Der Mini ist ein Kultauto, und das aus gutem Grund. Seit seiner Einf\u00fchrung im Jahr 1959 hat der Mini mehrere Preise gewonnen. Vor allem das urspr\u00fcngliche Modell der Jahre ist ein Aush\u00e4ngeschild der britischen Kultur (man denke nur an Mr. Bean) und ist bis heute beliebt. Der Mini war [...]<\/p>","protected":false},"author":1,"featured_media":0,"parent":0,"menu_order":0,"comment_status":"closed","ping_status":"closed","template":"","meta":{"_et_pb_use_builder":"on","_et_pb_old_content":"","_et_gb_content_width":"","footnotes":""},"class_list":["post-153658","page","type-page","status-publish","hentry"],"yoast_head":"<!-- This site is optimized with the Yoast SEO plugin v27.3 - https:\/\/yoast.com\/product\/yoast-seo-wordpress\/ -->\n<title>Mini Home - Autobaak.nl<\/title>\n<meta name=\"robots\" content=\"index, follow, max-snippet:-1, max-image-preview:large, max-video-preview:-1\" \/>\n<link rel=\"canonical\" href=\"https:\/\/autobaak.nl\/de\/mini-heim\/\" \/>\n<meta property=\"og:locale\" content=\"de_DE\" \/>\n<meta property=\"og:type\" content=\"article\" \/>\n<meta property=\"og:title\" content=\"Mini Home - Autobaak.nl\" \/>\n<meta property=\"og:description\" content=\"Informatie Mini De Mini is een iconische auto en dat niet zonder reden. De Mini heeft diverse prijzen gewonnen sinds de oprichting in 1959. Vooral het originele model uit de jaren staat model voor de Britse cultuur (denk aan Mr. Bean) en blijft tot op de dag van vandaag een populaire occasion. De Mini werd [&hellip;]\" \/>\n<meta property=\"og:url\" content=\"https:\/\/autobaak.nl\/de\/mini-heim\/\" \/>\n<meta property=\"og:site_name\" content=\"Autobaak.nl\" \/>\n<meta property=\"article:modified_time\" content=\"2023-02-08T13:16:06+00:00\" \/>\n<meta name=\"twitter:card\" content=\"summary_large_image\" \/>\n<meta name=\"twitter:label1\" content=\"Gesch\u00e4tzte Lesezeit\" \/>\n\t<meta name=\"twitter:data1\" content=\"3\u00a0Minuten\" \/>\n<script type=\"application\/ld+json\" class=\"yoast-schema-graph\">{\"@context\":\"https:\\\/\\\/schema.org\",\"@graph\":[{\"@type\":\"WebPage\",\"@id\":\"https:\\\/\\\/autobaak.nl\\\/mini-home\\\/\",\"url\":\"https:\\\/\\\/autobaak.nl\\\/mini-home\\\/\",\"name\":\"Mini Home - Autobaak.nl\",\"isPartOf\":{\"@id\":\"https:\\\/\\\/autobaak.nl\\\/#website\"},\"datePublished\":\"2022-09-15T13:20:31+00:00\",\"dateModified\":\"2023-02-08T13:16:06+00:00\",\"breadcrumb\":{\"@id\":\"https:\\\/\\\/autobaak.nl\\\/mini-home\\\/#breadcrumb\"},\"inLanguage\":\"de\",\"potentialAction\":[{\"@type\":\"ReadAction\",\"target\":[\"https:\\\/\\\/autobaak.nl\\\/mini-home\\\/\"]}]},{\"@type\":\"BreadcrumbList\",\"@id\":\"https:\\\/\\\/autobaak.nl\\\/mini-home\\\/#breadcrumb\",\"itemListElement\":[{\"@type\":\"ListItem\",\"position\":1,\"name\":\"Home\",\"item\":\"https:\\\/\\\/autobaak.nl\\\/\"},{\"@type\":\"ListItem\",\"position\":2,\"name\":\"Mini Home\"}]},{\"@type\":\"WebSite\",\"@id\":\"https:\\\/\\\/autobaak.nl\\\/#website\",\"url\":\"https:\\\/\\\/autobaak.nl\\\/\",\"name\":\"Autobaak.nl\",\"description\":\"Cars &amp; Racing\",\"potentialAction\":[{\"@type\":\"SearchAction\",\"target\":{\"@type\":\"EntryPoint\",\"urlTemplate\":\"https:\\\/\\\/autobaak.nl\\\/?s={search_term_string}\"},\"query-input\":{\"@type\":\"PropertyValueSpecification\",\"valueRequired\":true,\"valueName\":\"search_term_string\"}}],\"inLanguage\":\"de\"}]}<\/script>\n<!-- \/ Yoast SEO plugin. -->","yoast_head_json":{"title":"Mini Home - Autobaak.de","robots":{"index":"index","follow":"follow","max-snippet":"max-snippet:-1","max-image-preview":"max-image-preview:large","max-video-preview":"max-video-preview:-1"},"canonical":"https:\/\/autobaak.nl\/de\/mini-heim\/","og_locale":"de_DE","og_type":"article","og_title":"Mini Home - Autobaak.nl","og_description":"Informatie Mini De Mini is een iconische auto en dat niet zonder reden. De Mini heeft diverse prijzen gewonnen sinds de oprichting in 1959. Vooral het originele model uit de jaren staat model voor de Britse cultuur (denk aan Mr. Bean) en blijft tot op de dag van vandaag een populaire occasion. De Mini werd [&hellip;]","og_url":"https:\/\/autobaak.nl\/de\/mini-heim\/","og_site_name":"Autobaak.nl","article_modified_time":"2023-02-08T13:16:06+00:00","twitter_card":"summary_large_image","twitter_misc":{"Gesch\u00e4tzte Lesezeit":"3\u00a0Minuten"},"schema":{"@context":"https:\/\/schema.org","@graph":[{"@type":"WebPage","@id":"https:\/\/autobaak.nl\/mini-home\/","url":"https:\/\/autobaak.nl\/mini-home\/","name":"Mini Home - Autobaak.de","isPartOf":{"@id":"https:\/\/autobaak.nl\/#website"},"datePublished":"2022-09-15T13:20:31+00:00","dateModified":"2023-02-08T13:16:06+00:00","breadcrumb":{"@id":"https:\/\/autobaak.nl\/mini-home\/#breadcrumb"},"inLanguage":"de","potentialAction":[{"@type":"ReadAction","target":["https:\/\/autobaak.nl\/mini-home\/"]}]},{"@type":"BreadcrumbList","@id":"https:\/\/autobaak.nl\/mini-home\/#breadcrumb","itemListElement":[{"@type":"ListItem","position":1,"name":"Home","item":"https:\/\/autobaak.nl\/"},{"@type":"ListItem","position":2,"name":"Mini Home"}]},{"@type":"WebSite","@id":"https:\/\/autobaak.nl\/#website","url":"https:\/\/autobaak.nl\/","name":"Autobook.de","description":"Autos &amp; Rennsport","potentialAction":[{"@type":"SearchAction","target":{"@type":"EntryPoint","urlTemplate":"https:\/\/autobaak.nl\/?s={search_term_string}"},"query-input":{"@type":"PropertyValueSpecification","valueRequired":true,"valueName":"search_term_string"}}],"inLanguage":"de"}]}},"_links":{"self":[{"href":"https:\/\/autobaak.nl\/de\/wp-json\/wp\/v2\/pages\/153658","targetHints":{"allow":["GET"]}}],"collection":[{"href":"https:\/\/autobaak.nl\/de\/wp-json\/wp\/v2\/pages"}],"about":[{"href":"https:\/\/autobaak.nl\/de\/wp-json\/wp\/v2\/types\/page"}],"author":[{"embeddable":true,"href":"https:\/\/autobaak.nl\/de\/wp-json\/wp\/v2\/users\/1"}],"replies":[{"embeddable":true,"href":"https:\/\/autobaak.nl\/de\/wp-json\/wp\/v2\/comments?post=153658"}],"version-history":[{"count":0,"href":"https:\/\/autobaak.nl\/de\/wp-json\/wp\/v2\/pages\/153658\/revisions"}],"wp:attachment":[{"href":"https:\/\/autobaak.nl\/de\/wp-json\/wp\/v2\/media?parent=153658"}],"curies":[{"name":"wp","href":"https:\/\/api.w.org\/{rel}","templated":true}]}}