{"id":153675,"date":"2022-09-15T15:24:03","date_gmt":"2022-09-15T13:24:03","guid":{"rendered":"https:\/\/autobaak.nl\/?page_id=153675"},"modified":"2022-09-15T15:24:03","modified_gmt":"2022-09-15T13:24:03","slug":"reifendruck-mini-countryman","status":"publish","type":"page","link":"https:\/\/autobaak.nl\/de\/reifendruck-mini-countryman\/","title":{"rendered":"Reifendruck Mini Countryman"},"content":{"rendered":"<p>Sie sind auf der Suche nach dem richtigen Reifendruck f\u00fcr Ihren Mini Countryman? Auf dieser Seite finden Sie einen \u00dcberblick \u00fcber den Reifendruck:<\/p>\n<table class=\"table table-striped table-bordered table-hover table-responsive\">\n<thead class=\"thead-dark\">\n<tr>\n<th>Antrieb<\/th>\n<th>Gr\u00f6\u00dfe des Reifens<\/th>\n<th>Reifendruck Vorderr\u00e4der<\/th>\n<th>Reifendruck am Hinterrad<\/th>\n<th>Frontlader<\/th>\n<th>Laden Sie die R\u00fcckseite<\/th>\n<\/tr>\n<\/thead>\n<tbody>\n<tr>\n<td data-title=\"Aandrijving\"><strong>1.6<\/strong><\/td>\n<td data-title=\"Bandenmaat\">205 55 R17 91V<\/td>\n<td data-title=\"Bandenspanning voorwielen\">2.2<\/td>\n<td data-title=\"Bandenspanning achterwielen\">2.2<\/td>\n<td data-title=\"Voorkant beladen\">2.4<\/td>\n<td data-title=\"Achterkant beladen\">2.4<\/td>\n<\/tr>\n<tr>\n<td data-title=\"Aandrijving\"><strong>1.6<\/strong><\/td>\n<td data-title=\"Bandenmaat\">205 55 R17 91V SSR<\/td>\n<td data-title=\"Bandenspanning voorwielen\">2.2<\/td>\n<td data-title=\"Bandenspanning achterwielen\">2.2<\/td>\n<td data-title=\"Voorkant beladen\">2.4<\/td>\n<td data-title=\"Achterkant beladen\">2.4<\/td>\n<\/tr>\n<tr>\n<td data-title=\"Aandrijving\"><strong>1.6<\/strong><\/td>\n<td data-title=\"Bandenmaat\">205 60 R16 92H<\/td>\n<td data-title=\"Bandenspanning voorwielen\">2.2<\/td>\n<td data-title=\"Bandenspanning achterwielen\">2.2<\/td>\n<td data-title=\"Voorkant beladen\">2.4<\/td>\n<td data-title=\"Achterkant beladen\">2.4<\/td>\n<\/tr>\n<tr>\n<td data-title=\"Aandrijving\"><strong>1.6<\/strong><\/td>\n<td data-title=\"Bandenmaat\">205 60 R16 92H SSR<\/td>\n<td data-title=\"Bandenspanning voorwielen\">2.2<\/td>\n<td data-title=\"Bandenspanning achterwielen\">2.2<\/td>\n<td data-title=\"Voorkant beladen\">2.4<\/td>\n<td data-title=\"Achterkant beladen\">2.4<\/td>\n<\/tr>\n<tr>\n<td data-title=\"Aandrijving\"><strong>1.6<\/strong><\/td>\n<td data-title=\"Bandenmaat\">225 40 R19 89Y SSR<\/td>\n<td data-title=\"Bandenspanning voorwielen\">2.2<\/td>\n<td data-title=\"Bandenspanning achterwielen\">2.2<\/td>\n<td data-title=\"Voorkant beladen\">2.4<\/td>\n<td data-title=\"Achterkant beladen\">2.4<\/td>\n<\/tr>\n<tr>\n<td data-title=\"Aandrijving\"><strong>1.6<\/strong><\/td>\n<td data-title=\"Bandenmaat\">225 45 R18 91V SSR<\/td>\n<td data-title=\"Bandenspanning voorwielen\">2.2<\/td>\n<td data-title=\"Bandenspanning achterwielen\">2.2<\/td>\n<td data-title=\"Voorkant beladen\">2.4<\/td>\n<td data-title=\"Achterkant beladen\">2.4<\/td>\n<\/tr>\n<tr>\n<td data-title=\"Aandrijving\"><strong>1.6 Fassbinder S<\/strong><\/td>\n<td data-title=\"Bandenmaat\">205 55 R17 91V<\/td>\n<td data-title=\"Bandenspanning voorwielen\">2.4<\/td>\n<td data-title=\"Bandenspanning achterwielen\">2.4<\/td>\n<td data-title=\"Voorkant beladen\">2.6<\/td>\n<td data-title=\"Achterkant beladen\">2.6<\/td>\n<\/tr>\n<tr>\n<td data-title=\"Aandrijving\"><strong>1.6 Fassbinder S<\/strong><\/td>\n<td data-title=\"Bandenmaat\">205 55 R17 91V SSR<\/td>\n<td data-title=\"Bandenspanning voorwielen\">2.4<\/td>\n<td data-title=\"Bandenspanning achterwielen\">2.4<\/td>\n<td data-title=\"Voorkant beladen\">2.6<\/td>\n<td data-title=\"Achterkant beladen\">2.6<\/td>\n<\/tr>\n<tr>\n<td data-title=\"Aandrijving\"><strong>1.6 Fassbinder S<\/strong><\/td>\n<td data-title=\"Bandenmaat\">225 40 R19 89Y SSR<\/td>\n<td data-title=\"Bandenspanning voorwielen\">2.4<\/td>\n<td data-title=\"Bandenspanning achterwielen\">2.4<\/td>\n<td data-title=\"Voorkant beladen\">2.6<\/td>\n<td data-title=\"Achterkant beladen\">2.6<\/td>\n<\/tr>\n<tr>\n<td data-title=\"Aandrijving\"><strong>1.6 Fassbinder S<\/strong><\/td>\n<td data-title=\"Bandenmaat\">225 45 R18 91V SSR<\/td>\n<td data-title=\"Bandenspanning voorwielen\">2.4<\/td>\n<td data-title=\"Bandenspanning achterwielen\">2.4<\/td>\n<td data-title=\"Voorkant beladen\">2.6<\/td>\n<td data-title=\"Achterkant beladen\">2.6<\/td>\n<\/tr>\n<tr>\n<td data-title=\"Aandrijving\"><strong>1.6 D<\/strong><\/td>\n<td data-title=\"Bandenmaat\">205 55 R17 91V<\/td>\n<td data-title=\"Bandenspanning voorwielen\">2.2<\/td>\n<td data-title=\"Bandenspanning achterwielen\">2.2<\/td>\n<td data-title=\"Voorkant beladen\">2.4<\/td>\n<td data-title=\"Achterkant beladen\">2.4<\/td>\n<\/tr>\n<tr>\n<td data-title=\"Aandrijving\"><strong>1.6 D<\/strong><\/td>\n<td data-title=\"Bandenmaat\">205 55 R17 91V SSR<\/td>\n<td data-title=\"Bandenspanning voorwielen\">2.2<\/td>\n<td data-title=\"Bandenspanning achterwielen\">2.2<\/td>\n<td data-title=\"Voorkant beladen\">2.4<\/td>\n<td data-title=\"Achterkant beladen\">2.4<\/td>\n<\/tr>\n<tr>\n<td data-title=\"Aandrijving\"><strong>1.6 D<\/strong><\/td>\n<td data-title=\"Bandenmaat\">205 60 R16 92H<\/td>\n<td data-title=\"Bandenspanning voorwielen\">2.2<\/td>\n<td data-title=\"Bandenspanning achterwielen\">2.2<\/td>\n<td data-title=\"Voorkant beladen\">2.4<\/td>\n<td data-title=\"Achterkant beladen\">2.4<\/td>\n<\/tr>\n<tr>\n<td data-title=\"Aandrijving\"><strong>1.6 D<\/strong><\/td>\n<td data-title=\"Bandenmaat\">205 60 R16 92H SSR<\/td>\n<td data-title=\"Bandenspanning voorwielen\">2.2<\/td>\n<td data-title=\"Bandenspanning achterwielen\">2.2<\/td>\n<td data-title=\"Voorkant beladen\">2.4<\/td>\n<td data-title=\"Achterkant beladen\">2.4<\/td>\n<\/tr>\n<tr>\n<td data-title=\"Aandrijving\"><strong>1.6 D<\/strong><\/td>\n<td data-title=\"Bandenmaat\">225 40 R19 89Y SSR<\/td>\n<td data-title=\"Bandenspanning voorwielen\">2.2<\/td>\n<td data-title=\"Bandenspanning achterwielen\">2.2<\/td>\n<td data-title=\"Voorkant beladen\">2.4<\/td>\n<td data-title=\"Achterkant beladen\">2.4<\/td>\n<\/tr>\n<tr>\n<td data-title=\"Aandrijving\"><strong>1.6 D<\/strong><\/td>\n<td data-title=\"Bandenmaat\">225 45 R18 91V SSR<\/td>\n<td data-title=\"Bandenspanning voorwielen\">2.2<\/td>\n<td data-title=\"Bandenspanning achterwielen\">2.2<\/td>\n<td data-title=\"Voorkant beladen\">2.4<\/td>\n<td data-title=\"Achterkant beladen\">2.4<\/td>\n<\/tr>\n<tr>\n<td data-title=\"Aandrijving\"><strong>1.6 JCW All4<\/strong><\/td>\n<td data-title=\"Bandenmaat\">225 40 R19 89Y SSR<\/td>\n<td data-title=\"Bandenspanning voorwielen\">2.4<\/td>\n<td data-title=\"Bandenspanning achterwielen\">2.4<\/td>\n<td data-title=\"Voorkant beladen\">2.6<\/td>\n<td data-title=\"Achterkant beladen\">2.6<\/td>\n<\/tr>\n<tr>\n<td data-title=\"Aandrijving\"><strong>1.6 JCW All4<\/strong><\/td>\n<td data-title=\"Bandenmaat\">225 45 R18 91V SSR<\/td>\n<td data-title=\"Bandenspanning voorwielen\">2.4<\/td>\n<td data-title=\"Bandenspanning achterwielen\">2.4<\/td>\n<td data-title=\"Voorkant beladen\">2.6<\/td>\n<td data-title=\"Achterkant beladen\">2.6<\/td>\n<\/tr>\n<\/tbody>\n<\/table>","protected":false},"excerpt":{"rendered":"<p>Sie suchen den richtigen Reifendruck f\u00fcr Ihren Mini Countryman? Auf dieser Seite finden Sie eine \u00dcbersicht der Reifendr\u00fccke: Antrieb Reifengr\u00f6\u00dfe Reifendruck Vorderr\u00e4der Reifendruck Hinterr\u00e4der Vorderradbeladung Hinterradbeladung 1.6 205 55 R17 91V 2.2 2.2 2.4 2.4 1.6 205 55 R17 91V SSR 2.2 2 2.2 2.4 2.4 1.6 205 60 R16 92H 2.2 [...]<\/p>","protected":false},"author":1,"featured_media":0,"parent":0,"menu_order":0,"comment_status":"closed","ping_status":"closed","template":"","meta":{"_et_pb_use_builder":"","_et_pb_old_content":"","_et_gb_content_width":"","footnotes":""},"class_list":["post-153675","page","type-page","status-publish","hentry"],"yoast_head":"<!-- This site is optimized with the Yoast SEO plugin v27.4 - https:\/\/yoast.com\/product\/yoast-seo-wordpress\/ -->\n<title>Bandenspanning Mini Countryman - Autobaak.nl<\/title>\n<meta name=\"robots\" content=\"index, follow, max-snippet:-1, max-image-preview:large, max-video-preview:-1\" \/>\n<link rel=\"canonical\" href=\"https:\/\/autobaak.nl\/de\/reifendruck-mini-countryman\/\" \/>\n<meta property=\"og:locale\" content=\"de_DE\" \/>\n<meta property=\"og:type\" content=\"article\" \/>\n<meta property=\"og:title\" content=\"Bandenspanning Mini Countryman - Autobaak.nl\" \/>\n<meta property=\"og:description\" content=\"Ben je op zoek naar de juiste bandenspanning voor jouw Mini Countryman? Op deze pagina een overzicht van de bandenspanning: Aandrijving Bandenmaat Bandenspanning voorwielen Bandenspanning achterwielen Voorkant beladen Achterkant beladen 1.6 205 55 R17 91V 2.2 2.2 2.4 2.4 1.6 205 55 R17 91V SSR 2.2 2.2 2.4 2.4 1.6 205 60 R16 92H 2.2 [&hellip;]\" \/>\n<meta property=\"og:url\" content=\"https:\/\/autobaak.nl\/de\/reifendruck-mini-countryman\/\" \/>\n<meta property=\"og:site_name\" content=\"Autobaak.nl\" \/>\n<meta name=\"twitter:card\" content=\"summary_large_image\" \/>\n<meta name=\"twitter:label1\" content=\"Gesch\u00e4tzte Lesezeit\" \/>\n\t<meta name=\"twitter:data1\" content=\"1\u00a0Minute\" \/>\n<script type=\"application\/ld+json\" class=\"yoast-schema-graph\">{\"@context\":\"https:\\\/\\\/schema.org\",\"@graph\":[{\"@type\":\"WebPage\",\"@id\":\"https:\\\/\\\/autobaak.nl\\\/bandenspanning-mini-countryman\\\/\",\"url\":\"https:\\\/\\\/autobaak.nl\\\/bandenspanning-mini-countryman\\\/\",\"name\":\"Bandenspanning Mini Countryman - Autobaak.nl\",\"isPartOf\":{\"@id\":\"https:\\\/\\\/autobaak.nl\\\/#website\"},\"datePublished\":\"2022-09-15T13:24:03+00:00\",\"breadcrumb\":{\"@id\":\"https:\\\/\\\/autobaak.nl\\\/bandenspanning-mini-countryman\\\/#breadcrumb\"},\"inLanguage\":\"de\",\"potentialAction\":[{\"@type\":\"ReadAction\",\"target\":[\"https:\\\/\\\/autobaak.nl\\\/bandenspanning-mini-countryman\\\/\"]}]},{\"@type\":\"BreadcrumbList\",\"@id\":\"https:\\\/\\\/autobaak.nl\\\/bandenspanning-mini-countryman\\\/#breadcrumb\",\"itemListElement\":[{\"@type\":\"ListItem\",\"position\":1,\"name\":\"Home\",\"item\":\"https:\\\/\\\/autobaak.nl\\\/\"},{\"@type\":\"ListItem\",\"position\":2,\"name\":\"Bandenspanning Mini Countryman\"}]},{\"@type\":\"WebSite\",\"@id\":\"https:\\\/\\\/autobaak.nl\\\/#website\",\"url\":\"https:\\\/\\\/autobaak.nl\\\/\",\"name\":\"Autobaak.nl\",\"description\":\"Cars &amp; Racing\",\"potentialAction\":[{\"@type\":\"SearchAction\",\"target\":{\"@type\":\"EntryPoint\",\"urlTemplate\":\"https:\\\/\\\/autobaak.nl\\\/?s={search_term_string}\"},\"query-input\":{\"@type\":\"PropertyValueSpecification\",\"valueRequired\":true,\"valueName\":\"search_term_string\"}}],\"inLanguage\":\"de\"}]}<\/script>\n<!-- \/ Yoast SEO plugin. -->","yoast_head_json":{"title":"Reifendruck Mini Countryman - Autobaak.de","robots":{"index":"index","follow":"follow","max-snippet":"max-snippet:-1","max-image-preview":"max-image-preview:large","max-video-preview":"max-video-preview:-1"},"canonical":"https:\/\/autobaak.nl\/de\/reifendruck-mini-countryman\/","og_locale":"de_DE","og_type":"article","og_title":"Bandenspanning Mini Countryman - Autobaak.nl","og_description":"Ben je op zoek naar de juiste bandenspanning voor jouw Mini Countryman? Op deze pagina een overzicht van de bandenspanning: Aandrijving Bandenmaat Bandenspanning voorwielen Bandenspanning achterwielen Voorkant beladen Achterkant beladen 1.6 205 55 R17 91V 2.2 2.2 2.4 2.4 1.6 205 55 R17 91V SSR 2.2 2.2 2.4 2.4 1.6 205 60 R16 92H 2.2 [&hellip;]","og_url":"https:\/\/autobaak.nl\/de\/reifendruck-mini-countryman\/","og_site_name":"Autobaak.nl","twitter_card":"summary_large_image","twitter_misc":{"Gesch\u00e4tzte Lesezeit":"1\u00a0Minute"},"schema":{"@context":"https:\/\/schema.org","@graph":[{"@type":"WebPage","@id":"https:\/\/autobaak.nl\/bandenspanning-mini-countryman\/","url":"https:\/\/autobaak.nl\/bandenspanning-mini-countryman\/","name":"Reifendruck Mini Countryman - Autobaak.de","isPartOf":{"@id":"https:\/\/autobaak.nl\/#website"},"datePublished":"2022-09-15T13:24:03+00:00","breadcrumb":{"@id":"https:\/\/autobaak.nl\/bandenspanning-mini-countryman\/#breadcrumb"},"inLanguage":"de","potentialAction":[{"@type":"ReadAction","target":["https:\/\/autobaak.nl\/bandenspanning-mini-countryman\/"]}]},{"@type":"BreadcrumbList","@id":"https:\/\/autobaak.nl\/bandenspanning-mini-countryman\/#breadcrumb","itemListElement":[{"@type":"ListItem","position":1,"name":"Home","item":"https:\/\/autobaak.nl\/"},{"@type":"ListItem","position":2,"name":"Bandenspanning Mini Countryman"}]},{"@type":"WebSite","@id":"https:\/\/autobaak.nl\/#website","url":"https:\/\/autobaak.nl\/","name":"Autobook.de","description":"Autos &amp; Rennsport","potentialAction":[{"@type":"SearchAction","target":{"@type":"EntryPoint","urlTemplate":"https:\/\/autobaak.nl\/?s={search_term_string}"},"query-input":{"@type":"PropertyValueSpecification","valueRequired":true,"valueName":"search_term_string"}}],"inLanguage":"de"}]}},"_links":{"self":[{"href":"https:\/\/autobaak.nl\/de\/wp-json\/wp\/v2\/pages\/153675","targetHints":{"allow":["GET"]}}],"collection":[{"href":"https:\/\/autobaak.nl\/de\/wp-json\/wp\/v2\/pages"}],"about":[{"href":"https:\/\/autobaak.nl\/de\/wp-json\/wp\/v2\/types\/page"}],"author":[{"embeddable":true,"href":"https:\/\/autobaak.nl\/de\/wp-json\/wp\/v2\/users\/1"}],"replies":[{"embeddable":true,"href":"https:\/\/autobaak.nl\/de\/wp-json\/wp\/v2\/comments?post=153675"}],"version-history":[{"count":0,"href":"https:\/\/autobaak.nl\/de\/wp-json\/wp\/v2\/pages\/153675\/revisions"}],"wp:attachment":[{"href":"https:\/\/autobaak.nl\/de\/wp-json\/wp\/v2\/media?parent=153675"}],"curies":[{"name":"wp","href":"https:\/\/api.w.org\/{rel}","templated":true}]}}