{"id":153698,"date":"2022-09-18T11:15:20","date_gmt":"2022-09-18T09:15:20","guid":{"rendered":"https:\/\/autobaak.nl\/?page_id=153698"},"modified":"2022-09-18T11:15:20","modified_gmt":"2022-09-18T09:15:20","slug":"reifendruck-volkswagen-bora","status":"publish","type":"page","link":"https:\/\/autobaak.nl\/de\/reifendruck-volkswagen-bora\/","title":{"rendered":"Reifendruck Volkswagen Bora"},"content":{"rendered":"<p>Sie suchen den Reifendruck f\u00fcr Ihren Volkswagen Bora? Unten finden Sie eine \u00dcbersicht \u00fcber den Reifendruck f\u00fcr VW Bora-Modelle:<\/p>\n<table class=\"table table-striped table-bordered table-hover table-responsive\">\n<thead class=\"thead-dark\">\n<tr>\n<th>Antrieb<\/th>\n<th>Gr\u00f6\u00dfe des Reifens<\/th>\n<th>Reifendruck Vorderr\u00e4der<\/th>\n<th>Reifendruck am Hinterrad<\/th>\n<th>Frontlader<\/th>\n<th>Laden Sie die R\u00fcckseite<\/th>\n<\/tr>\n<\/thead>\n<tbody>\n<tr>\n<td data-title=\"Aandrijving\"><strong>1.4 16V<\/strong><\/td>\n<td data-title=\"Bandenmaat\">195 65 R15 91T<\/td>\n<td data-title=\"Bandenspanning voorwielen\">1.9<\/td>\n<td data-title=\"Bandenspanning achterwielen\">1.9<\/td>\n<td data-title=\"Voorkant beladen\">2.1<\/td>\n<td data-title=\"Achterkant beladen\">2.8<\/td>\n<\/tr>\n<tr>\n<td data-title=\"Aandrijving\"><strong>1.4 16V<\/strong><\/td>\n<td data-title=\"Bandenmaat\">205 55 R16 91W<\/td>\n<td data-title=\"Bandenspanning voorwielen\">1.9<\/td>\n<td data-title=\"Bandenspanning achterwielen\">1.9<\/td>\n<td data-title=\"Voorkant beladen\">2.1<\/td>\n<td data-title=\"Achterkant beladen\">2.8<\/td>\n<\/tr>\n<tr>\n<td data-title=\"Aandrijving\"><strong>1.4 16V<\/strong><\/td>\n<td data-title=\"Bandenmaat\">205 60 R15 91V<\/td>\n<td data-title=\"Bandenspanning voorwielen\">1.9<\/td>\n<td data-title=\"Bandenspanning achterwielen\">1.9<\/td>\n<td data-title=\"Voorkant beladen\">2.1<\/td>\n<td data-title=\"Achterkant beladen\">2.8<\/td>\n<\/tr>\n<tr>\n<td data-title=\"Aandrijving\"><strong>1.4 16V<\/strong><\/td>\n<td data-title=\"Bandenmaat\">225 45 R17 91W<\/td>\n<td data-title=\"Bandenspanning voorwielen\">1.9<\/td>\n<td data-title=\"Bandenspanning achterwielen\">1.9<\/td>\n<td data-title=\"Voorkant beladen\">2.1<\/td>\n<td data-title=\"Achterkant beladen\">2.8<\/td>\n<\/tr>\n<tr>\n<td data-title=\"Aandrijving\"><strong>1.6<\/strong><\/td>\n<td data-title=\"Bandenmaat\">195 65 R15 91T<\/td>\n<td data-title=\"Bandenspanning voorwielen\">1.9<\/td>\n<td data-title=\"Bandenspanning achterwielen\">1.9<\/td>\n<td data-title=\"Voorkant beladen\">2.1<\/td>\n<td data-title=\"Achterkant beladen\">2.8<\/td>\n<\/tr>\n<tr>\n<td data-title=\"Aandrijving\"><strong>1.6<\/strong><\/td>\n<td data-title=\"Bandenmaat\">205 55 R16 91W<\/td>\n<td data-title=\"Bandenspanning voorwielen\">1.9<\/td>\n<td data-title=\"Bandenspanning achterwielen\">1.9<\/td>\n<td data-title=\"Voorkant beladen\">2.1<\/td>\n<td data-title=\"Achterkant beladen\">2.8<\/td>\n<\/tr>\n<tr>\n<td data-title=\"Aandrijving\"><strong>1.6<\/strong><\/td>\n<td data-title=\"Bandenmaat\">205 60 R15 91V<\/td>\n<td data-title=\"Bandenspanning voorwielen\">1.9<\/td>\n<td data-title=\"Bandenspanning achterwielen\">1.9<\/td>\n<td data-title=\"Voorkant beladen\">2.1<\/td>\n<td data-title=\"Achterkant beladen\">2.8<\/td>\n<\/tr>\n<tr>\n<td data-title=\"Aandrijving\"><strong>1.6<\/strong><\/td>\n<td data-title=\"Bandenmaat\">225 45 R17 91W<\/td>\n<td data-title=\"Bandenspanning voorwielen\">1.9<\/td>\n<td data-title=\"Bandenspanning achterwielen\">1.9<\/td>\n<td data-title=\"Voorkant beladen\">2.1<\/td>\n<td data-title=\"Achterkant beladen\">2.8<\/td>\n<\/tr>\n<tr>\n<td data-title=\"Aandrijving\"><strong>1.6 Autom.<\/strong><\/td>\n<td data-title=\"Bandenmaat\">195 65 R15 91T<\/td>\n<td data-title=\"Bandenspanning voorwielen\">1.9<\/td>\n<td data-title=\"Bandenspanning achterwielen\">1.9<\/td>\n<td data-title=\"Voorkant beladen\">2.1<\/td>\n<td data-title=\"Achterkant beladen\">2.8<\/td>\n<\/tr>\n<tr>\n<td data-title=\"Aandrijving\"><strong>1.6 Autom.<\/strong><\/td>\n<td data-title=\"Bandenmaat\">205 55 R16 91W<\/td>\n<td data-title=\"Bandenspanning voorwielen\">1.9<\/td>\n<td data-title=\"Bandenspanning achterwielen\">1.9<\/td>\n<td data-title=\"Voorkant beladen\">2.1<\/td>\n<td data-title=\"Achterkant beladen\">2.8<\/td>\n<\/tr>\n<tr>\n<td data-title=\"Aandrijving\"><strong>1.6 Autom.<\/strong><\/td>\n<td data-title=\"Bandenmaat\">205 60 R15 91V<\/td>\n<td data-title=\"Bandenspanning voorwielen\">1.9<\/td>\n<td data-title=\"Bandenspanning achterwielen\">1.9<\/td>\n<td data-title=\"Voorkant beladen\">2.1<\/td>\n<td data-title=\"Achterkant beladen\">2.8<\/td>\n<\/tr>\n<tr>\n<td data-title=\"Aandrijving\"><strong>1.6 Autom.<\/strong><\/td>\n<td data-title=\"Bandenmaat\">225 45 R17 91W<\/td>\n<td data-title=\"Bandenspanning voorwielen\">1.9<\/td>\n<td data-title=\"Bandenspanning achterwielen\">1.9<\/td>\n<td data-title=\"Voorkant beladen\">2.1<\/td>\n<td data-title=\"Achterkant beladen\">2.8<\/td>\n<\/tr>\n<tr>\n<td data-title=\"Aandrijving\"><strong>1.6 FSI<\/strong><\/td>\n<td data-title=\"Bandenmaat\">195 65 R15 91V<\/td>\n<td data-title=\"Bandenspanning voorwielen\">1.9<\/td>\n<td data-title=\"Bandenspanning achterwielen\">1.9<\/td>\n<td data-title=\"Voorkant beladen\">2.1<\/td>\n<td data-title=\"Achterkant beladen\">2.8<\/td>\n<\/tr>\n<tr>\n<td data-title=\"Aandrijving\"><strong>1.6 FSI<\/strong><\/td>\n<td data-title=\"Bandenmaat\">205 55 R16 91W<\/td>\n<td data-title=\"Bandenspanning voorwielen\">1.9<\/td>\n<td data-title=\"Bandenspanning achterwielen\">1.9<\/td>\n<td data-title=\"Voorkant beladen\">2.1<\/td>\n<td data-title=\"Achterkant beladen\">2.8<\/td>\n<\/tr>\n<tr>\n<td data-title=\"Aandrijving\"><strong>1.6 FSI<\/strong><\/td>\n<td data-title=\"Bandenmaat\">205 60 R15 91V<\/td>\n<td data-title=\"Bandenspanning voorwielen\">1.9<\/td>\n<td data-title=\"Bandenspanning achterwielen\">1.9<\/td>\n<td data-title=\"Voorkant beladen\">2.1<\/td>\n<td data-title=\"Achterkant beladen\">2.8<\/td>\n<\/tr>\n<tr>\n<td data-title=\"Aandrijving\"><strong>1.6 FSI<\/strong><\/td>\n<td data-title=\"Bandenmaat\">225 45 R17 91W<\/td>\n<td data-title=\"Bandenspanning voorwielen\">1.9<\/td>\n<td data-title=\"Bandenspanning achterwielen\">1.9<\/td>\n<td data-title=\"Voorkant beladen\">2.1<\/td>\n<td data-title=\"Achterkant beladen\">2.8<\/td>\n<\/tr>\n<tr>\n<td data-title=\"Aandrijving\"><strong>1.8<\/strong><\/td>\n<td data-title=\"Bandenmaat\">195 65 R15 91V<\/td>\n<td data-title=\"Bandenspanning voorwielen\">1.9<\/td>\n<td data-title=\"Bandenspanning achterwielen\">1.9<\/td>\n<td data-title=\"Voorkant beladen\">2.1<\/td>\n<td data-title=\"Achterkant beladen\">2.8<\/td>\n<\/tr>\n<tr>\n<td data-title=\"Aandrijving\"><strong>1.8<\/strong><\/td>\n<td data-title=\"Bandenmaat\">205 55 R16 91W<\/td>\n<td data-title=\"Bandenspanning voorwielen\">1.9<\/td>\n<td data-title=\"Bandenspanning achterwielen\">1.9<\/td>\n<td data-title=\"Voorkant beladen\">2.1<\/td>\n<td data-title=\"Achterkant beladen\">2.8<\/td>\n<\/tr>\n<tr>\n<td data-title=\"Aandrijving\"><strong>1.8<\/strong><\/td>\n<td data-title=\"Bandenmaat\">205 60 R15 91V<\/td>\n<td data-title=\"Bandenspanning voorwielen\">1.9<\/td>\n<td data-title=\"Bandenspanning achterwielen\">1.9<\/td>\n<td data-title=\"Voorkant beladen\">2.1<\/td>\n<td data-title=\"Achterkant beladen\">2.8<\/td>\n<\/tr>\n<tr>\n<td data-title=\"Aandrijving\"><strong>1.8<\/strong><\/td>\n<td data-title=\"Bandenmaat\">225 45 R17 91W<\/td>\n<td data-title=\"Bandenspanning voorwielen\">1.9<\/td>\n<td data-title=\"Bandenspanning achterwielen\">1.9<\/td>\n<td data-title=\"Voorkant beladen\">2.1<\/td>\n<td data-title=\"Achterkant beladen\">2.8<\/td>\n<\/tr>\n<tr>\n<td data-title=\"Aandrijving\"><strong>1.8 T<\/strong><\/td>\n<td data-title=\"Bandenmaat\">195 65 R15 91V<\/td>\n<td data-title=\"Bandenspanning voorwielen\">2.1<\/td>\n<td data-title=\"Bandenspanning achterwielen\">1.9<\/td>\n<td data-title=\"Voorkant beladen\">2.3<\/td>\n<td data-title=\"Achterkant beladen\">2.9<\/td>\n<\/tr>\n<tr>\n<td data-title=\"Aandrijving\"><strong>1.8 T<\/strong><\/td>\n<td data-title=\"Bandenmaat\">205 55 R16 91W<\/td>\n<td data-title=\"Bandenspanning voorwielen\">2.1<\/td>\n<td data-title=\"Bandenspanning achterwielen\">1.9<\/td>\n<td data-title=\"Voorkant beladen\">2.3<\/td>\n<td data-title=\"Achterkant beladen\">2.9<\/td>\n<\/tr>\n<tr>\n<td data-title=\"Aandrijving\"><strong>1.8 T<\/strong><\/td>\n<td data-title=\"Bandenmaat\">205 55 R16 91W<\/td>\n<td data-title=\"Bandenspanning voorwielen\">2.3<\/td>\n<td data-title=\"Bandenspanning achterwielen\">2.1<\/td>\n<td data-title=\"Voorkant beladen\">2.5<\/td>\n<td data-title=\"Achterkant beladen\">3.0<\/td>\n<\/tr>\n<tr>\n<td data-title=\"Aandrijving\"><strong>1.8 T<\/strong><\/td>\n<td data-title=\"Bandenmaat\">225 45 R17 91W<\/td>\n<td data-title=\"Bandenspanning voorwielen\">2.1<\/td>\n<td data-title=\"Bandenspanning achterwielen\">1.9<\/td>\n<td data-title=\"Voorkant beladen\">2.3<\/td>\n<td data-title=\"Achterkant beladen\">2.9<\/td>\n<\/tr>\n<tr>\n<td data-title=\"Aandrijving\"><strong>1.9 TDI<\/strong><\/td>\n<td data-title=\"Bandenmaat\">195 65 R15 91V<\/td>\n<td data-title=\"Bandenspanning voorwielen\">1.9<\/td>\n<td data-title=\"Bandenspanning achterwielen\">1.9<\/td>\n<td data-title=\"Voorkant beladen\">2.1<\/td>\n<td data-title=\"Achterkant beladen\">2.8<\/td>\n<\/tr>\n<tr>\n<td data-title=\"Aandrijving\"><strong>1.9 TDI<\/strong><\/td>\n<td data-title=\"Bandenmaat\">195 65 R15 91V<\/td>\n<td data-title=\"Bandenspanning voorwielen\">2.0<\/td>\n<td data-title=\"Bandenspanning achterwielen\">1.9<\/td>\n<td data-title=\"Voorkant beladen\">2.2<\/td>\n<td data-title=\"Achterkant beladen\">2.8<\/td>\n<\/tr>\n<tr>\n<td data-title=\"Aandrijving\"><strong>1.9 TDI<\/strong><\/td>\n<td data-title=\"Bandenmaat\">195 65 R15 91V<\/td>\n<td data-title=\"Bandenspanning voorwielen\">2.1<\/td>\n<td data-title=\"Bandenspanning achterwielen\">1.9<\/td>\n<td data-title=\"Voorkant beladen\">2.3<\/td>\n<td data-title=\"Achterkant beladen\">2.9<\/td>\n<\/tr>\n<tr>\n<td data-title=\"Aandrijving\"><strong>1.9 TDI<\/strong><\/td>\n<td data-title=\"Bandenmaat\">205 55 R16 91W<\/td>\n<td data-title=\"Bandenspanning voorwielen\">1.9<\/td>\n<td data-title=\"Bandenspanning achterwielen\">1.9<\/td>\n<td data-title=\"Voorkant beladen\">2.1<\/td>\n<td data-title=\"Achterkant beladen\">2.8<\/td>\n<\/tr>\n<tr>\n<td data-title=\"Aandrijving\"><strong>1.9 TDI<\/strong><\/td>\n<td data-title=\"Bandenmaat\">205 55 R16 91W<\/td>\n<td data-title=\"Bandenspanning voorwielen\">2.0<\/td>\n<td data-title=\"Bandenspanning achterwielen\">1.9<\/td>\n<td data-title=\"Voorkant beladen\">2.2<\/td>\n<td data-title=\"Achterkant beladen\">2.8<\/td>\n<\/tr>\n<tr>\n<td data-title=\"Aandrijving\"><strong>1.9 TDI<\/strong><\/td>\n<td data-title=\"Bandenmaat\">205 55 R16 91W<\/td>\n<td data-title=\"Bandenspanning voorwielen\">2.1<\/td>\n<td data-title=\"Bandenspanning achterwielen\">1.9<\/td>\n<td data-title=\"Voorkant beladen\">2.3<\/td>\n<td data-title=\"Achterkant beladen\">2.9<\/td>\n<\/tr>\n<tr>\n<td data-title=\"Aandrijving\"><strong>1.9 TDI<\/strong><\/td>\n<td data-title=\"Bandenmaat\">205 60 R15 91V<\/td>\n<td data-title=\"Bandenspanning voorwielen\">1.9<\/td>\n<td data-title=\"Bandenspanning achterwielen\">1.9<\/td>\n<td data-title=\"Voorkant beladen\">2.1<\/td>\n<td data-title=\"Achterkant beladen\">2.8<\/td>\n<\/tr>\n<tr>\n<td data-title=\"Aandrijving\"><strong>1.9 TDI<\/strong><\/td>\n<td data-title=\"Bandenmaat\">205 60 R15 91V<\/td>\n<td data-title=\"Bandenspanning voorwielen\">2.0<\/td>\n<td data-title=\"Bandenspanning achterwielen\">1.9<\/td>\n<td data-title=\"Voorkant beladen\">2.2<\/td>\n<td data-title=\"Achterkant beladen\">2.8<\/td>\n<\/tr>\n<tr>\n<td data-title=\"Aandrijving\"><strong>1.9 TDI<\/strong><\/td>\n<td data-title=\"Bandenmaat\">225 45 R17 91W<\/td>\n<td data-title=\"Bandenspanning voorwielen\">1.9<\/td>\n<td data-title=\"Bandenspanning achterwielen\">1.9<\/td>\n<td data-title=\"Voorkant beladen\">2.1<\/td>\n<td data-title=\"Achterkant beladen\">2.8<\/td>\n<\/tr>\n<tr>\n<td data-title=\"Aandrijving\"><strong>1.9 TDI<\/strong><\/td>\n<td data-title=\"Bandenmaat\">225 45 R17 91W<\/td>\n<td data-title=\"Bandenspanning voorwielen\">2.0<\/td>\n<td data-title=\"Bandenspanning achterwielen\">1.9<\/td>\n<td data-title=\"Voorkant beladen\">2.2<\/td>\n<td data-title=\"Achterkant beladen\">2.8<\/td>\n<\/tr>\n<tr>\n<td data-title=\"Aandrijving\"><strong>1.9 TDI 4motion<\/strong><\/td>\n<td data-title=\"Bandenmaat\">195 65 R15 91T\/H<\/td>\n<td data-title=\"Bandenspanning voorwielen\">1.9<\/td>\n<td data-title=\"Bandenspanning achterwielen\">1.9<\/td>\n<td data-title=\"Voorkant beladen\">2.4<\/td>\n<td data-title=\"Achterkant beladen\">3.0<\/td>\n<\/tr>\n<tr>\n<td data-title=\"Aandrijving\"><strong>1.9 TDI 4motion<\/strong><\/td>\n<td data-title=\"Bandenmaat\">195 65 R15 91V<\/td>\n<td data-title=\"Bandenspanning voorwielen\">1.9<\/td>\n<td data-title=\"Bandenspanning achterwielen\">1.9<\/td>\n<td data-title=\"Voorkant beladen\">2.4<\/td>\n<td data-title=\"Achterkant beladen\">3.0<\/td>\n<\/tr>\n<tr>\n<td data-title=\"Aandrijving\"><strong>1.9 TDI 4motion<\/strong><\/td>\n<td data-title=\"Bandenmaat\">205 55 R16 91W<\/td>\n<td data-title=\"Bandenspanning voorwielen\">1.9<\/td>\n<td data-title=\"Bandenspanning achterwielen\">1.9<\/td>\n<td data-title=\"Voorkant beladen\">2.4<\/td>\n<td data-title=\"Achterkant beladen\">3.0<\/td>\n<\/tr>\n<tr>\n<td data-title=\"Aandrijving\"><strong>1.9 TDI 4motion<\/strong><\/td>\n<td data-title=\"Bandenmaat\">225 45 R17 91W<\/td>\n<td data-title=\"Bandenspanning voorwielen\">1.9<\/td>\n<td data-title=\"Bandenspanning achterwielen\">1.9<\/td>\n<td data-title=\"Voorkant beladen\">2.4<\/td>\n<td data-title=\"Achterkant beladen\">3.0<\/td>\n<\/tr>\n<tr>\n<td data-title=\"Aandrijving\"><strong>2.0<\/strong><\/td>\n<td data-title=\"Bandenmaat\">195 65 R15 91V<\/td>\n<td data-title=\"Bandenspanning voorwielen\">1.9<\/td>\n<td data-title=\"Bandenspanning achterwielen\">1.9<\/td>\n<td data-title=\"Voorkant beladen\">2.1<\/td>\n<td data-title=\"Achterkant beladen\">2.8<\/td>\n<\/tr>\n<tr>\n<td data-title=\"Aandrijving\"><strong>2.0<\/strong><\/td>\n<td data-title=\"Bandenmaat\">205 55 R16 91W<\/td>\n<td data-title=\"Bandenspanning voorwielen\">1.9<\/td>\n<td data-title=\"Bandenspanning achterwielen\">1.9<\/td>\n<td data-title=\"Voorkant beladen\">2.1<\/td>\n<td data-title=\"Achterkant beladen\">2.8<\/td>\n<\/tr>\n<tr>\n<td data-title=\"Aandrijving\"><strong>2.0<\/strong><\/td>\n<td data-title=\"Bandenmaat\">205 60 R15 91V<\/td>\n<td data-title=\"Bandenspanning voorwielen\">1.9<\/td>\n<td data-title=\"Bandenspanning achterwielen\">1.9<\/td>\n<td data-title=\"Voorkant beladen\">2.1<\/td>\n<td data-title=\"Achterkant beladen\">2.8<\/td>\n<\/tr>\n<tr>\n<td data-title=\"Aandrijving\"><strong>2.0<\/strong><\/td>\n<td data-title=\"Bandenmaat\">225 45 R17 91W<\/td>\n<td data-title=\"Bandenspanning voorwielen\">1.9<\/td>\n<td data-title=\"Bandenspanning achterwielen\">1.9<\/td>\n<td data-title=\"Voorkant beladen\">2.1<\/td>\n<td data-title=\"Achterkant beladen\">2.8<\/td>\n<\/tr>\n<tr>\n<td data-title=\"Aandrijving\"><strong>2.0 4motion<\/strong><\/td>\n<td data-title=\"Bandenmaat\">195 65 R15 91T\/H<\/td>\n<td data-title=\"Bandenspanning voorwielen\">1.9<\/td>\n<td data-title=\"Bandenspanning achterwielen\">1.9<\/td>\n<td data-title=\"Voorkant beladen\">2.4<\/td>\n<td data-title=\"Achterkant beladen\">3.0<\/td>\n<\/tr>\n<tr>\n<td data-title=\"Aandrijving\"><strong>2.0 4motion<\/strong><\/td>\n<td data-title=\"Bandenmaat\">205 55 R16 91W<\/td>\n<td data-title=\"Bandenspanning voorwielen\">1.9<\/td>\n<td data-title=\"Bandenspanning achterwielen\">1.9<\/td>\n<td data-title=\"Voorkant beladen\">2.4<\/td>\n<td data-title=\"Achterkant beladen\">3.0<\/td>\n<\/tr>\n<tr>\n<td data-title=\"Aandrijving\"><strong>2.3 V 5<\/strong><\/td>\n<td data-title=\"Bandenmaat\">195 65 R15 91V<\/td>\n<td data-title=\"Bandenspanning voorwielen\">2.1<\/td>\n<td data-title=\"Bandenspanning achterwielen\">1.9<\/td>\n<td data-title=\"Voorkant beladen\">2.3<\/td>\n<td data-title=\"Achterkant beladen\">2.9<\/td>\n<\/tr>\n<tr>\n<td data-title=\"Aandrijving\"><strong>2.3 V 5<\/strong><\/td>\n<td data-title=\"Bandenmaat\">205 55 R16 91W<\/td>\n<td data-title=\"Bandenspanning voorwielen\">2.1<\/td>\n<td data-title=\"Bandenspanning achterwielen\">1.9<\/td>\n<td data-title=\"Voorkant beladen\">2.3<\/td>\n<td data-title=\"Achterkant beladen\">2.9<\/td>\n<\/tr>\n<tr>\n<td data-title=\"Aandrijving\"><strong>2.3 V 5<\/strong><\/td>\n<td data-title=\"Bandenmaat\">205 55 R16 91W<\/td>\n<td data-title=\"Bandenspanning voorwielen\">2.3<\/td>\n<td data-title=\"Bandenspanning achterwielen\">2.1<\/td>\n<td data-title=\"Voorkant beladen\">2.5<\/td>\n<td data-title=\"Achterkant beladen\">3.0<\/td>\n<\/tr>\n<tr>\n<td data-title=\"Aandrijving\"><strong>2.3 V 5<\/strong><\/td>\n<td data-title=\"Bandenmaat\">225 45 R17 91W<\/td>\n<td data-title=\"Bandenspanning voorwielen\">2.1<\/td>\n<td data-title=\"Bandenspanning achterwielen\">1.9<\/td>\n<td data-title=\"Voorkant beladen\">2.3<\/td>\n<td data-title=\"Achterkant beladen\">2.9<\/td>\n<\/tr>\n<tr>\n<td data-title=\"Aandrijving\"><strong>2.8 V 6 4motion<\/strong><\/td>\n<td data-title=\"Bandenmaat\">205 55 R16 91W<\/td>\n<td data-title=\"Bandenspanning voorwielen\">2.3<\/td>\n<td data-title=\"Bandenspanning achterwielen\">2.2<\/td>\n<td data-title=\"Voorkant beladen\">2.5<\/td>\n<td data-title=\"Achterkant beladen\">3.1<\/td>\n<\/tr>\n<tr>\n<td data-title=\"Aandrijving\"><strong>2.8 V 6 4motion<\/strong><\/td>\n<td data-title=\"Bandenmaat\">225 45 R17 91W<\/td>\n<td data-title=\"Bandenspanning voorwielen\">2.3<\/td>\n<td data-title=\"Bandenspanning achterwielen\">2.2<\/td>\n<td data-title=\"Voorkant beladen\">2.5<\/td>\n<td data-title=\"Achterkant beladen\">3.1<\/td>\n<\/tr>\n<\/tbody>\n<\/table>","protected":false},"excerpt":{"rendered":"<p>Sie suchen den Reifendruck f\u00fcr Ihren Volkswagen Bora? Unten finden Sie eine \u00dcbersicht der Reifendr\u00fccke f\u00fcr VW Bora-Modelle: Antriebsstrang Reifengr\u00f6\u00dfe Reifendruck Vorderr\u00e4der Reifendruck Hinterr\u00e4der Vorderachse Hinterachse 1.4 16V 195 65 R15 91T 1.9 1.9 2.1 2.8 1.4 16V 205 55 R16 91W 1.9 1.9 2.1 2.8 1.4 16V 205 60 R15 [...]<\/p>","protected":false},"author":1,"featured_media":0,"parent":0,"menu_order":0,"comment_status":"closed","ping_status":"closed","template":"","meta":{"_et_pb_use_builder":"","_et_pb_old_content":"","_et_gb_content_width":"","footnotes":""},"class_list":["post-153698","page","type-page","status-publish","hentry"],"yoast_head":"<!-- This site is optimized with the Yoast SEO plugin v27.3 - https:\/\/yoast.com\/product\/yoast-seo-wordpress\/ -->\n<title>Bandenspanning Volkswagen Bora - Autobaak.nl<\/title>\n<meta name=\"robots\" content=\"index, follow, max-snippet:-1, max-image-preview:large, max-video-preview:-1\" \/>\n<link rel=\"canonical\" href=\"https:\/\/autobaak.nl\/de\/reifendruck-volkswagen-bora\/\" \/>\n<meta property=\"og:locale\" content=\"de_DE\" \/>\n<meta property=\"og:type\" content=\"article\" \/>\n<meta property=\"og:title\" content=\"Bandenspanning Volkswagen Bora - Autobaak.nl\" \/>\n<meta property=\"og:description\" content=\"Op zoek naar de bandenspanning voor de Volkswagen Bora? Hieronder een overzicht van de bandenspanning voor de VW Bora modellen: Aandrijving Bandenmaat Bandenspanning voorwielen Bandenspanning achterwielen Voorkant beladen Achterkant beladen 1.4 16V 195 65 R15 91T 1.9 1.9 2.1 2.8 1.4 16V 205 55 R16 91W 1.9 1.9 2.1 2.8 1.4 16V 205 60 R15 [&hellip;]\" \/>\n<meta property=\"og:url\" content=\"https:\/\/autobaak.nl\/de\/reifendruck-volkswagen-bora\/\" \/>\n<meta property=\"og:site_name\" content=\"Autobaak.nl\" \/>\n<meta name=\"twitter:card\" content=\"summary_large_image\" \/>\n<meta name=\"twitter:label1\" content=\"Gesch\u00e4tzte Lesezeit\" \/>\n\t<meta name=\"twitter:data1\" content=\"1\u00a0Minute\" \/>\n<script type=\"application\/ld+json\" class=\"yoast-schema-graph\">{\"@context\":\"https:\\\/\\\/schema.org\",\"@graph\":[{\"@type\":\"WebPage\",\"@id\":\"https:\\\/\\\/autobaak.nl\\\/bandenspanning-volkswagen-bora\\\/\",\"url\":\"https:\\\/\\\/autobaak.nl\\\/bandenspanning-volkswagen-bora\\\/\",\"name\":\"Bandenspanning Volkswagen Bora - Autobaak.nl\",\"isPartOf\":{\"@id\":\"https:\\\/\\\/autobaak.nl\\\/#website\"},\"datePublished\":\"2022-09-18T09:15:20+00:00\",\"breadcrumb\":{\"@id\":\"https:\\\/\\\/autobaak.nl\\\/bandenspanning-volkswagen-bora\\\/#breadcrumb\"},\"inLanguage\":\"de\",\"potentialAction\":[{\"@type\":\"ReadAction\",\"target\":[\"https:\\\/\\\/autobaak.nl\\\/bandenspanning-volkswagen-bora\\\/\"]}]},{\"@type\":\"BreadcrumbList\",\"@id\":\"https:\\\/\\\/autobaak.nl\\\/bandenspanning-volkswagen-bora\\\/#breadcrumb\",\"itemListElement\":[{\"@type\":\"ListItem\",\"position\":1,\"name\":\"Home\",\"item\":\"https:\\\/\\\/autobaak.nl\\\/\"},{\"@type\":\"ListItem\",\"position\":2,\"name\":\"Bandenspanning Volkswagen Bora\"}]},{\"@type\":\"WebSite\",\"@id\":\"https:\\\/\\\/autobaak.nl\\\/#website\",\"url\":\"https:\\\/\\\/autobaak.nl\\\/\",\"name\":\"Autobaak.nl\",\"description\":\"Cars &amp; Racing\",\"potentialAction\":[{\"@type\":\"SearchAction\",\"target\":{\"@type\":\"EntryPoint\",\"urlTemplate\":\"https:\\\/\\\/autobaak.nl\\\/?s={search_term_string}\"},\"query-input\":{\"@type\":\"PropertyValueSpecification\",\"valueRequired\":true,\"valueName\":\"search_term_string\"}}],\"inLanguage\":\"de\"}]}<\/script>\n<!-- \/ Yoast SEO plugin. -->","yoast_head_json":{"title":"Reifendruck Volkswagen Bora - Autobaak.de","robots":{"index":"index","follow":"follow","max-snippet":"max-snippet:-1","max-image-preview":"max-image-preview:large","max-video-preview":"max-video-preview:-1"},"canonical":"https:\/\/autobaak.nl\/de\/reifendruck-volkswagen-bora\/","og_locale":"de_DE","og_type":"article","og_title":"Bandenspanning Volkswagen Bora - Autobaak.nl","og_description":"Op zoek naar de bandenspanning voor de Volkswagen Bora? Hieronder een overzicht van de bandenspanning voor de VW Bora modellen: Aandrijving Bandenmaat Bandenspanning voorwielen Bandenspanning achterwielen Voorkant beladen Achterkant beladen 1.4 16V 195 65 R15 91T 1.9 1.9 2.1 2.8 1.4 16V 205 55 R16 91W 1.9 1.9 2.1 2.8 1.4 16V 205 60 R15 [&hellip;]","og_url":"https:\/\/autobaak.nl\/de\/reifendruck-volkswagen-bora\/","og_site_name":"Autobaak.nl","twitter_card":"summary_large_image","twitter_misc":{"Gesch\u00e4tzte Lesezeit":"1\u00a0Minute"},"schema":{"@context":"https:\/\/schema.org","@graph":[{"@type":"WebPage","@id":"https:\/\/autobaak.nl\/bandenspanning-volkswagen-bora\/","url":"https:\/\/autobaak.nl\/bandenspanning-volkswagen-bora\/","name":"Reifendruck Volkswagen Bora - Autobaak.de","isPartOf":{"@id":"https:\/\/autobaak.nl\/#website"},"datePublished":"2022-09-18T09:15:20+00:00","breadcrumb":{"@id":"https:\/\/autobaak.nl\/bandenspanning-volkswagen-bora\/#breadcrumb"},"inLanguage":"de","potentialAction":[{"@type":"ReadAction","target":["https:\/\/autobaak.nl\/bandenspanning-volkswagen-bora\/"]}]},{"@type":"BreadcrumbList","@id":"https:\/\/autobaak.nl\/bandenspanning-volkswagen-bora\/#breadcrumb","itemListElement":[{"@type":"ListItem","position":1,"name":"Home","item":"https:\/\/autobaak.nl\/"},{"@type":"ListItem","position":2,"name":"Bandenspanning Volkswagen Bora"}]},{"@type":"WebSite","@id":"https:\/\/autobaak.nl\/#website","url":"https:\/\/autobaak.nl\/","name":"Autobook.de","description":"Autos &amp; Rennsport","potentialAction":[{"@type":"SearchAction","target":{"@type":"EntryPoint","urlTemplate":"https:\/\/autobaak.nl\/?s={search_term_string}"},"query-input":{"@type":"PropertyValueSpecification","valueRequired":true,"valueName":"search_term_string"}}],"inLanguage":"de"}]}},"_links":{"self":[{"href":"https:\/\/autobaak.nl\/de\/wp-json\/wp\/v2\/pages\/153698","targetHints":{"allow":["GET"]}}],"collection":[{"href":"https:\/\/autobaak.nl\/de\/wp-json\/wp\/v2\/pages"}],"about":[{"href":"https:\/\/autobaak.nl\/de\/wp-json\/wp\/v2\/types\/page"}],"author":[{"embeddable":true,"href":"https:\/\/autobaak.nl\/de\/wp-json\/wp\/v2\/users\/1"}],"replies":[{"embeddable":true,"href":"https:\/\/autobaak.nl\/de\/wp-json\/wp\/v2\/comments?post=153698"}],"version-history":[{"count":0,"href":"https:\/\/autobaak.nl\/de\/wp-json\/wp\/v2\/pages\/153698\/revisions"}],"wp:attachment":[{"href":"https:\/\/autobaak.nl\/de\/wp-json\/wp\/v2\/media?parent=153698"}],"curies":[{"name":"wp","href":"https:\/\/api.w.org\/{rel}","templated":true}]}}