{"id":153772,"date":"2022-09-18T11:40:50","date_gmt":"2022-09-18T09:40:50","guid":{"rendered":"https:\/\/autobaak.nl\/?page_id=153772"},"modified":"2022-09-18T11:40:50","modified_gmt":"2022-09-18T09:40:50","slug":"reifendruck-volkswagen-golf-plus","status":"publish","type":"page","link":"https:\/\/autobaak.nl\/de\/reifendruck-volkswagen-golf-plus\/","title":{"rendered":"Reifendruck Volkswagen Golf Plus"},"content":{"rendered":"<div class=\"entry-content\">\n<p>Sie suchen den Reifendruck f\u00fcr den Volkswagen Golf Plus? Nachfolgend finden Sie eine \u00dcbersicht \u00fcber den Reifendruck f\u00fcr VW Golf Plus Modelle:<\/p>\n<h2>Volkswagen Golf Plus Reifendruck \u00dcbersicht<\/h2>\n<table class=\"table table-striped table-bordered table-hover table-responsive\">\n<thead class=\"thead-dark\">\n<tr>\n<th>Antrieb<\/th>\n<th>Gr\u00f6\u00dfe des Reifens<\/th>\n<th>Reifendruck Vorderr\u00e4der<\/th>\n<th>Reifendruck am Hinterrad<\/th>\n<th>Frontlader<\/th>\n<th>Laden Sie die R\u00fcckseite<\/th>\n<\/tr>\n<\/thead>\n<tbody>\n<tr>\n<td data-title=\"Aandrijving\"><strong>1.4<\/strong><\/td>\n<td data-title=\"Bandenmaat\">195 65 R15 91H<\/td>\n<td data-title=\"Bandenspanning voorwielen\">2.2<\/td>\n<td data-title=\"Bandenspanning achterwielen\">2.2<\/td>\n<td data-title=\"Voorkant beladen\">2.4<\/td>\n<td data-title=\"Achterkant beladen\">2.9<\/td>\n<\/tr>\n<tr>\n<td data-title=\"Aandrijving\"><strong>1.4<\/strong><\/td>\n<td data-title=\"Bandenmaat\">205 50 R17 93V XL ContiSeal<\/td>\n<td data-title=\"Bandenspanning voorwielen\">2.6<\/td>\n<td data-title=\"Bandenspanning achterwielen\">2.6<\/td>\n<td data-title=\"Voorkant beladen\">2.8<\/td>\n<td data-title=\"Achterkant beladen\">3.0<\/td>\n<\/tr>\n<tr>\n<td data-title=\"Aandrijving\"><strong>1.4<\/strong><\/td>\n<td data-title=\"Bandenmaat\">205 55 R16 91V<\/td>\n<td data-title=\"Bandenspanning voorwielen\">2.2<\/td>\n<td data-title=\"Bandenspanning achterwielen\">2.2<\/td>\n<td data-title=\"Voorkant beladen\">2.4<\/td>\n<td data-title=\"Achterkant beladen\">2.9<\/td>\n<\/tr>\n<tr>\n<td data-title=\"Aandrijving\"><strong>1.4<\/strong><\/td>\n<td data-title=\"Bandenmaat\">225 45 R17 91W<\/td>\n<td data-title=\"Bandenspanning voorwielen\">2.2<\/td>\n<td data-title=\"Bandenspanning achterwielen\">2.2<\/td>\n<td data-title=\"Voorkant beladen\">2.4<\/td>\n<td data-title=\"Achterkant beladen\">2.9<\/td>\n<\/tr>\n<tr>\n<td data-title=\"Aandrijving\"><strong>1.4 16V<\/strong><\/td>\n<td data-title=\"Bandenmaat\">195 65 R15 91T<\/td>\n<td data-title=\"Bandenspanning voorwielen\">2.2<\/td>\n<td data-title=\"Bandenspanning achterwielen\">2.2<\/td>\n<td data-title=\"Voorkant beladen\">2.4<\/td>\n<td data-title=\"Achterkant beladen\">2.9<\/td>\n<\/tr>\n<tr>\n<td data-title=\"Aandrijving\"><strong>1.4 16V<\/strong><\/td>\n<td data-title=\"Bandenmaat\">205 55 R16 91V<\/td>\n<td data-title=\"Bandenspanning voorwielen\">2.2<\/td>\n<td data-title=\"Bandenspanning achterwielen\">2.2<\/td>\n<td data-title=\"Voorkant beladen\">2.4<\/td>\n<td data-title=\"Achterkant beladen\">2.9<\/td>\n<\/tr>\n<tr>\n<td data-title=\"Aandrijving\"><strong>1.4 16V<\/strong><\/td>\n<td data-title=\"Bandenmaat\">215 45 R17 91W XL<\/td>\n<td data-title=\"Bandenspanning voorwielen\">2.6<\/td>\n<td data-title=\"Bandenspanning achterwielen\">2.6<\/td>\n<td data-title=\"Voorkant beladen\">2.8<\/td>\n<td data-title=\"Achterkant beladen\">3.0<\/td>\n<\/tr>\n<tr>\n<td data-title=\"Aandrijving\"><strong>1.4 16V<\/strong><\/td>\n<td data-title=\"Bandenmaat\">225 40 R18 92Y XL<\/td>\n<td data-title=\"Bandenspanning voorwielen\">2.6<\/td>\n<td data-title=\"Bandenspanning achterwielen\">2.6<\/td>\n<td data-title=\"Voorkant beladen\">2.8<\/td>\n<td data-title=\"Achterkant beladen\">3.0<\/td>\n<\/tr>\n<tr>\n<td data-title=\"Aandrijving\"><strong>1.4 16V<\/strong><\/td>\n<td data-title=\"Bandenmaat\">225 45 R17 91W<\/td>\n<td data-title=\"Bandenspanning voorwielen\">2.2<\/td>\n<td data-title=\"Bandenspanning achterwielen\">2.2<\/td>\n<td data-title=\"Voorkant beladen\">2.4<\/td>\n<td data-title=\"Achterkant beladen\">2.9<\/td>\n<\/tr>\n<tr>\n<td data-title=\"Aandrijving\"><strong>1.4 TSI<\/strong><\/td>\n<td data-title=\"Bandenmaat\">205 50 R17 93V XL ContiSeal<\/td>\n<td data-title=\"Bandenspanning voorwielen\">2.6<\/td>\n<td data-title=\"Bandenspanning achterwielen\">2.6<\/td>\n<td data-title=\"Voorkant beladen\">2.8<\/td>\n<td data-title=\"Achterkant beladen\">3.0<\/td>\n<\/tr>\n<tr>\n<td data-title=\"Aandrijving\"><strong>1.4 TSI<\/strong><\/td>\n<td data-title=\"Bandenmaat\">205 55 R16 91V<\/td>\n<td data-title=\"Bandenspanning voorwielen\">2.3<\/td>\n<td data-title=\"Bandenspanning achterwielen\">2.3<\/td>\n<td data-title=\"Voorkant beladen\">2.5<\/td>\n<td data-title=\"Achterkant beladen\">3.0<\/td>\n<\/tr>\n<tr>\n<td data-title=\"Aandrijving\"><strong>1.4 TSI<\/strong><\/td>\n<td data-title=\"Bandenmaat\">225 40 R18 92W XL<\/td>\n<td data-title=\"Bandenspanning voorwielen\">2.6<\/td>\n<td data-title=\"Bandenspanning achterwielen\">2.6<\/td>\n<td data-title=\"Voorkant beladen\">2.8<\/td>\n<td data-title=\"Achterkant beladen\">3.0<\/td>\n<\/tr>\n<tr>\n<td data-title=\"Aandrijving\"><strong>1.4 TSI<\/strong><\/td>\n<td data-title=\"Bandenmaat\">225 45 R17 91W<\/td>\n<td data-title=\"Bandenspanning voorwielen\">2.3<\/td>\n<td data-title=\"Bandenspanning achterwielen\">2.3<\/td>\n<td data-title=\"Voorkant beladen\">2.5<\/td>\n<td data-title=\"Achterkant beladen\">3.0<\/td>\n<\/tr>\n<tr>\n<td data-title=\"Aandrijving\"><strong>1.6 FSI<\/strong><\/td>\n<td data-title=\"Bandenmaat\">195 65 R15 91H<\/td>\n<td data-title=\"Bandenspanning voorwielen\">2.2<\/td>\n<td data-title=\"Bandenspanning achterwielen\">2.2<\/td>\n<td data-title=\"Voorkant beladen\">2.4<\/td>\n<td data-title=\"Achterkant beladen\">2.9<\/td>\n<\/tr>\n<tr>\n<td data-title=\"Aandrijving\"><strong>1.6 FSI<\/strong><\/td>\n<td data-title=\"Bandenmaat\">205 55 R16 91V<\/td>\n<td data-title=\"Bandenspanning voorwielen\">2.2<\/td>\n<td data-title=\"Bandenspanning achterwielen\">2.2<\/td>\n<td data-title=\"Voorkant beladen\">2.4<\/td>\n<td data-title=\"Achterkant beladen\">2.9<\/td>\n<\/tr>\n<tr>\n<td data-title=\"Aandrijving\"><strong>1.6 FSI<\/strong><\/td>\n<td data-title=\"Bandenmaat\">215 45 R17 91W XL<\/td>\n<td data-title=\"Bandenspanning voorwielen\">2.6<\/td>\n<td data-title=\"Bandenspanning achterwielen\">2.6<\/td>\n<td data-title=\"Voorkant beladen\">2.8<\/td>\n<td data-title=\"Achterkant beladen\">3.0<\/td>\n<\/tr>\n<tr>\n<td data-title=\"Aandrijving\"><strong>1.6 FSI<\/strong><\/td>\n<td data-title=\"Bandenmaat\">225 40 R18 92Y XL<\/td>\n<td data-title=\"Bandenspanning voorwielen\">2.6<\/td>\n<td data-title=\"Bandenspanning achterwielen\">2.6<\/td>\n<td data-title=\"Voorkant beladen\">2.8<\/td>\n<td data-title=\"Achterkant beladen\">3.0<\/td>\n<\/tr>\n<tr>\n<td data-title=\"Aandrijving\"><strong>1.6 FSI<\/strong><\/td>\n<td data-title=\"Bandenmaat\">225 45 R17 91W<\/td>\n<td data-title=\"Bandenspanning voorwielen\">2.2<\/td>\n<td data-title=\"Bandenspanning achterwielen\">2.2<\/td>\n<td data-title=\"Voorkant beladen\">2.4<\/td>\n<td data-title=\"Achterkant beladen\">2.9<\/td>\n<\/tr>\n<tr>\n<td data-title=\"Aandrijving\"><strong>1.9 TDI<\/strong><\/td>\n<td data-title=\"Bandenmaat\">195 65 R15 91H<\/td>\n<td data-title=\"Bandenspanning voorwielen\">2.2<\/td>\n<td data-title=\"Bandenspanning achterwielen\">2.2<\/td>\n<td data-title=\"Voorkant beladen\">2.4<\/td>\n<td data-title=\"Achterkant beladen\">2.9<\/td>\n<\/tr>\n<tr>\n<td data-title=\"Aandrijving\"><strong>1.9 TDI<\/strong><\/td>\n<td data-title=\"Bandenmaat\">205 55 R16 91V<\/td>\n<td data-title=\"Bandenspanning voorwielen\">2.2<\/td>\n<td data-title=\"Bandenspanning achterwielen\">2.2<\/td>\n<td data-title=\"Voorkant beladen\">2.4<\/td>\n<td data-title=\"Achterkant beladen\">2.9<\/td>\n<\/tr>\n<tr>\n<td data-title=\"Aandrijving\"><strong>1.9 TDI<\/strong><\/td>\n<td data-title=\"Bandenmaat\">215 45 R17 91W XL<\/td>\n<td data-title=\"Bandenspanning voorwielen\">2.6<\/td>\n<td data-title=\"Bandenspanning achterwielen\">2.6<\/td>\n<td data-title=\"Voorkant beladen\">2.8<\/td>\n<td data-title=\"Achterkant beladen\">3.0<\/td>\n<\/tr>\n<tr>\n<td data-title=\"Aandrijving\"><strong>1.9 TDI<\/strong><\/td>\n<td data-title=\"Bandenmaat\">225 40 R18 92Y XL<\/td>\n<td data-title=\"Bandenspanning voorwielen\">2.6<\/td>\n<td data-title=\"Bandenspanning achterwielen\">2.6<\/td>\n<td data-title=\"Voorkant beladen\">2.8<\/td>\n<td data-title=\"Achterkant beladen\">3.0<\/td>\n<\/tr>\n<tr>\n<td data-title=\"Aandrijving\"><strong>1.9 TDI<\/strong><\/td>\n<td data-title=\"Bandenmaat\">225 45 R17 91W<\/td>\n<td data-title=\"Bandenspanning voorwielen\">2.2<\/td>\n<td data-title=\"Bandenspanning achterwielen\">2.2<\/td>\n<td data-title=\"Voorkant beladen\">2.4<\/td>\n<td data-title=\"Achterkant beladen\">2.9<\/td>\n<\/tr>\n<tr>\n<td data-title=\"Aandrijving\"><strong>2.0 TDI 16V<\/strong><\/td>\n<td data-title=\"Bandenmaat\">195 65 R15 91V<\/td>\n<td data-title=\"Bandenspanning voorwielen\">2.3<\/td>\n<td data-title=\"Bandenspanning achterwielen\">2.3<\/td>\n<td data-title=\"Voorkant beladen\">2.5<\/td>\n<td data-title=\"Achterkant beladen\">3.0<\/td>\n<\/tr>\n<tr>\n<td data-title=\"Aandrijving\"><strong>2.0 TDI 16V<\/strong><\/td>\n<td data-title=\"Bandenmaat\">205 55 R16 91V<\/td>\n<td data-title=\"Bandenspanning voorwielen\">2.3<\/td>\n<td data-title=\"Bandenspanning achterwielen\">2.3<\/td>\n<td data-title=\"Voorkant beladen\">2.5<\/td>\n<td data-title=\"Achterkant beladen\">3.0<\/td>\n<\/tr>\n<tr>\n<td data-title=\"Aandrijving\"><strong>2.0 TDI 16V<\/strong><\/td>\n<td data-title=\"Bandenmaat\">215 45 R17 91W XL<\/td>\n<td data-title=\"Bandenspanning voorwielen\">2.6<\/td>\n<td data-title=\"Bandenspanning achterwielen\">2.6<\/td>\n<td data-title=\"Voorkant beladen\">2.8<\/td>\n<td data-title=\"Achterkant beladen\">3.0<\/td>\n<\/tr>\n<tr>\n<td data-title=\"Aandrijving\"><strong>2.0 TDI 16V<\/strong><\/td>\n<td data-title=\"Bandenmaat\">225 40 R18 92Y XL<\/td>\n<td data-title=\"Bandenspanning voorwielen\">2.6<\/td>\n<td data-title=\"Bandenspanning achterwielen\">2.6<\/td>\n<td data-title=\"Voorkant beladen\">2.8<\/td>\n<td data-title=\"Achterkant beladen\">3.0<\/td>\n<\/tr>\n<tr>\n<td data-title=\"Aandrijving\"><strong>2.0 TDI 16V<\/strong><\/td>\n<td data-title=\"Bandenmaat\">225 45 R17 91W<\/td>\n<td data-title=\"Bandenspanning voorwielen\">2.3<\/td>\n<td data-title=\"Bandenspanning achterwielen\">2.3<\/td>\n<td data-title=\"Voorkant beladen\">2.5<\/td>\n<td data-title=\"Achterkant beladen\">3.0<\/td>\n<\/tr>\n<\/tbody>\n<\/table>\n<\/div>","protected":false},"excerpt":{"rendered":"<p>Sie suchen den Reifendruck f\u00fcr den Volkswagen Golf Plus? Nachfolgend finden Sie eine \u00dcbersicht \u00fcber den Reifendruck f\u00fcr VW Golf Plus Modelle: Reifendruck-\u00dcbersicht Volkswagen Golf Plus Drive Reifengr\u00f6\u00dfe Reifendruck Vorderr\u00e4der Reifendruck Hinterr\u00e4der Vorderachse Hinterachse 1,4 195 65 R15 91H 2,2 2,2 2,4 2,9 1,4 205 50 R17 93V XL ContiSeal 2,6 2,6 [...]<\/p>","protected":false},"author":1,"featured_media":0,"parent":0,"menu_order":0,"comment_status":"closed","ping_status":"closed","template":"","meta":{"_et_pb_use_builder":"","_et_pb_old_content":"","_et_gb_content_width":"","footnotes":""},"class_list":["post-153772","page","type-page","status-publish","hentry"],"yoast_head":"<!-- This site is optimized with the Yoast SEO plugin v27.4 - https:\/\/yoast.com\/product\/yoast-seo-wordpress\/ -->\n<title>Bandenspanning Volkswagen Golf Plus - Autobaak.nl<\/title>\n<meta name=\"robots\" content=\"index, follow, max-snippet:-1, max-image-preview:large, max-video-preview:-1\" \/>\n<link rel=\"canonical\" href=\"https:\/\/autobaak.nl\/de\/reifendruck-volkswagen-golf-plus\/\" \/>\n<meta property=\"og:locale\" content=\"de_DE\" \/>\n<meta property=\"og:type\" content=\"article\" \/>\n<meta property=\"og:title\" content=\"Bandenspanning Volkswagen Golf Plus - Autobaak.nl\" \/>\n<meta property=\"og:description\" content=\"Op zoek naar de bandenspanning voor de Volkswagen Golf Plus? Hieronder een overzicht van de bandenspanning voor de VW Golf Plus modellen: Overzicht bandenspanning Volkswagen Golf Plus Aandrijving Bandenmaat Bandenspanning voorwielen Bandenspanning achterwielen Voorkant beladen Achterkant beladen 1.4 195 65 R15 91H 2.2 2.2 2.4 2.9 1.4 205 50 R17 93V XL ContiSeal 2.6 2.6 [&hellip;]\" \/>\n<meta property=\"og:url\" content=\"https:\/\/autobaak.nl\/de\/reifendruck-volkswagen-golf-plus\/\" \/>\n<meta property=\"og:site_name\" content=\"Autobaak.nl\" \/>\n<meta name=\"twitter:card\" content=\"summary_large_image\" \/>\n<meta name=\"twitter:label1\" content=\"Gesch\u00e4tzte Lesezeit\" \/>\n\t<meta name=\"twitter:data1\" content=\"2\u00a0Minuten\" \/>\n<script type=\"application\/ld+json\" class=\"yoast-schema-graph\">{\"@context\":\"https:\\\/\\\/schema.org\",\"@graph\":[{\"@type\":\"WebPage\",\"@id\":\"https:\\\/\\\/autobaak.nl\\\/bandenspanning-volkswagen-golf-plus\\\/\",\"url\":\"https:\\\/\\\/autobaak.nl\\\/bandenspanning-volkswagen-golf-plus\\\/\",\"name\":\"Bandenspanning Volkswagen Golf Plus - Autobaak.nl\",\"isPartOf\":{\"@id\":\"https:\\\/\\\/autobaak.nl\\\/#website\"},\"datePublished\":\"2022-09-18T09:40:50+00:00\",\"breadcrumb\":{\"@id\":\"https:\\\/\\\/autobaak.nl\\\/bandenspanning-volkswagen-golf-plus\\\/#breadcrumb\"},\"inLanguage\":\"de\",\"potentialAction\":[{\"@type\":\"ReadAction\",\"target\":[\"https:\\\/\\\/autobaak.nl\\\/bandenspanning-volkswagen-golf-plus\\\/\"]}]},{\"@type\":\"BreadcrumbList\",\"@id\":\"https:\\\/\\\/autobaak.nl\\\/bandenspanning-volkswagen-golf-plus\\\/#breadcrumb\",\"itemListElement\":[{\"@type\":\"ListItem\",\"position\":1,\"name\":\"Home\",\"item\":\"https:\\\/\\\/autobaak.nl\\\/\"},{\"@type\":\"ListItem\",\"position\":2,\"name\":\"Bandenspanning Volkswagen Golf Plus\"}]},{\"@type\":\"WebSite\",\"@id\":\"https:\\\/\\\/autobaak.nl\\\/#website\",\"url\":\"https:\\\/\\\/autobaak.nl\\\/\",\"name\":\"Autobaak.nl\",\"description\":\"Cars &amp; Racing\",\"potentialAction\":[{\"@type\":\"SearchAction\",\"target\":{\"@type\":\"EntryPoint\",\"urlTemplate\":\"https:\\\/\\\/autobaak.nl\\\/?s={search_term_string}\"},\"query-input\":{\"@type\":\"PropertyValueSpecification\",\"valueRequired\":true,\"valueName\":\"search_term_string\"}}],\"inLanguage\":\"de\"}]}<\/script>\n<!-- \/ Yoast SEO plugin. -->","yoast_head_json":{"title":"Reifendruck Volkswagen Golf Plus - Autobaak.de","robots":{"index":"index","follow":"follow","max-snippet":"max-snippet:-1","max-image-preview":"max-image-preview:large","max-video-preview":"max-video-preview:-1"},"canonical":"https:\/\/autobaak.nl\/de\/reifendruck-volkswagen-golf-plus\/","og_locale":"de_DE","og_type":"article","og_title":"Bandenspanning Volkswagen Golf Plus - Autobaak.nl","og_description":"Op zoek naar de bandenspanning voor de Volkswagen Golf Plus? Hieronder een overzicht van de bandenspanning voor de VW Golf Plus modellen: Overzicht bandenspanning Volkswagen Golf Plus Aandrijving Bandenmaat Bandenspanning voorwielen Bandenspanning achterwielen Voorkant beladen Achterkant beladen 1.4 195 65 R15 91H 2.2 2.2 2.4 2.9 1.4 205 50 R17 93V XL ContiSeal 2.6 2.6 [&hellip;]","og_url":"https:\/\/autobaak.nl\/de\/reifendruck-volkswagen-golf-plus\/","og_site_name":"Autobaak.nl","twitter_card":"summary_large_image","twitter_misc":{"Gesch\u00e4tzte Lesezeit":"2\u00a0Minuten"},"schema":{"@context":"https:\/\/schema.org","@graph":[{"@type":"WebPage","@id":"https:\/\/autobaak.nl\/bandenspanning-volkswagen-golf-plus\/","url":"https:\/\/autobaak.nl\/bandenspanning-volkswagen-golf-plus\/","name":"Reifendruck Volkswagen Golf Plus - Autobaak.de","isPartOf":{"@id":"https:\/\/autobaak.nl\/#website"},"datePublished":"2022-09-18T09:40:50+00:00","breadcrumb":{"@id":"https:\/\/autobaak.nl\/bandenspanning-volkswagen-golf-plus\/#breadcrumb"},"inLanguage":"de","potentialAction":[{"@type":"ReadAction","target":["https:\/\/autobaak.nl\/bandenspanning-volkswagen-golf-plus\/"]}]},{"@type":"BreadcrumbList","@id":"https:\/\/autobaak.nl\/bandenspanning-volkswagen-golf-plus\/#breadcrumb","itemListElement":[{"@type":"ListItem","position":1,"name":"Home","item":"https:\/\/autobaak.nl\/"},{"@type":"ListItem","position":2,"name":"Bandenspanning Volkswagen Golf Plus"}]},{"@type":"WebSite","@id":"https:\/\/autobaak.nl\/#website","url":"https:\/\/autobaak.nl\/","name":"Autobook.de","description":"Autos &amp; Rennsport","potentialAction":[{"@type":"SearchAction","target":{"@type":"EntryPoint","urlTemplate":"https:\/\/autobaak.nl\/?s={search_term_string}"},"query-input":{"@type":"PropertyValueSpecification","valueRequired":true,"valueName":"search_term_string"}}],"inLanguage":"de"}]}},"_links":{"self":[{"href":"https:\/\/autobaak.nl\/de\/wp-json\/wp\/v2\/pages\/153772","targetHints":{"allow":["GET"]}}],"collection":[{"href":"https:\/\/autobaak.nl\/de\/wp-json\/wp\/v2\/pages"}],"about":[{"href":"https:\/\/autobaak.nl\/de\/wp-json\/wp\/v2\/types\/page"}],"author":[{"embeddable":true,"href":"https:\/\/autobaak.nl\/de\/wp-json\/wp\/v2\/users\/1"}],"replies":[{"embeddable":true,"href":"https:\/\/autobaak.nl\/de\/wp-json\/wp\/v2\/comments?post=153772"}],"version-history":[{"count":0,"href":"https:\/\/autobaak.nl\/de\/wp-json\/wp\/v2\/pages\/153772\/revisions"}],"wp:attachment":[{"href":"https:\/\/autobaak.nl\/de\/wp-json\/wp\/v2\/media?parent=153772"}],"curies":[{"name":"wp","href":"https:\/\/api.w.org\/{rel}","templated":true}]}}