{"id":153810,"date":"2022-09-18T11:47:44","date_gmt":"2022-09-18T09:47:44","guid":{"rendered":"https:\/\/autobaak.nl\/?page_id=153810"},"modified":"2022-09-18T11:47:44","modified_gmt":"2022-09-18T09:47:44","slug":"reifendruck-volkswagen-phaeton","status":"publish","type":"page","link":"https:\/\/autobaak.nl\/de\/reifendruck-volkswagen-phaeton\/","title":{"rendered":"Reifendruck Volkswagen Phaeton"},"content":{"rendered":"<div class=\"entry-content\">\n<p>Sie suchen den Reifendruck f\u00fcr den Volkswagen Phaeton? Unten finden Sie eine \u00dcbersicht \u00fcber den Reifendruck f\u00fcr VW Phaeton Modelle:<\/p>\n<h2>Volkswagen Phaeton Reifendruck \u00dcbersicht<\/h2>\n<table class=\"table table-striped table-bordered table-hover table-responsive\">\n<thead class=\"thead-dark\">\n<tr>\n<th>Antrieb<\/th>\n<th>Gr\u00f6\u00dfe des Reifens<\/th>\n<th>Reifendruck Vorderr\u00e4der<\/th>\n<th>Reifendruck am Hinterrad<\/th>\n<th>Frontlader<\/th>\n<th>Laden Sie die R\u00fcckseite<\/th>\n<\/tr>\n<\/thead>\n<tbody>\n<tr>\n<td data-title=\"Aandrijving\"><strong>3.2 V6 24V<\/strong><\/td>\n<td data-title=\"Bandenmaat\">235 50 R18 101Y XL<\/td>\n<td data-title=\"Bandenspanning voorwielen\">2.5<\/td>\n<td data-title=\"Bandenspanning achterwielen\">2.3<\/td>\n<td data-title=\"Voorkant beladen\">2.7<\/td>\n<td data-title=\"Achterkant beladen\">3.1<\/td>\n<\/tr>\n<tr>\n<td data-title=\"Aandrijving\"><strong>3.2 V6 24V<\/strong><\/td>\n<td data-title=\"Bandenmaat\">235 55 R17 99Y<\/td>\n<td data-title=\"Bandenspanning voorwielen\">2.3<\/td>\n<td data-title=\"Bandenspanning achterwielen\">2.1<\/td>\n<td data-title=\"Voorkant beladen\">2.5<\/td>\n<td data-title=\"Achterkant beladen\">2.9<\/td>\n<\/tr>\n<tr>\n<td data-title=\"Aandrijving\"><strong>3.2 V6 24V<\/strong><\/td>\n<td data-title=\"Bandenmaat\">235 60 R16 100Y<\/td>\n<td data-title=\"Bandenspanning voorwielen\">2.2<\/td>\n<td data-title=\"Bandenspanning achterwielen\">2.0<\/td>\n<td data-title=\"Voorkant beladen\">2.4<\/td>\n<td data-title=\"Achterkant beladen\">2.8<\/td>\n<\/tr>\n<tr>\n<td data-title=\"Aandrijving\"><strong>3.2 V6 24V<\/strong><\/td>\n<td data-title=\"Bandenmaat\">255 40 R19 100Y XL<\/td>\n<td data-title=\"Bandenspanning voorwielen\">2.5<\/td>\n<td data-title=\"Bandenspanning achterwielen\">2.3<\/td>\n<td data-title=\"Voorkant beladen\">2.7<\/td>\n<td data-title=\"Achterkant beladen\">3.1<\/td>\n<\/tr>\n<tr>\n<td data-title=\"Aandrijving\"><strong>3.2 V6 24V<\/strong><\/td>\n<td data-title=\"Bandenmaat\">255 45 R18 103Y XL<\/td>\n<td data-title=\"Bandenspanning voorwielen\">2.3<\/td>\n<td data-title=\"Bandenspanning achterwielen\">2.1<\/td>\n<td data-title=\"Voorkant beladen\">2.5<\/td>\n<td data-title=\"Achterkant beladen\">2.9<\/td>\n<\/tr>\n<tr>\n<td data-title=\"Aandrijving\"><strong>4.2 V8<\/strong><\/td>\n<td data-title=\"Bandenmaat\">235 50 R18 101Y XL<\/td>\n<td data-title=\"Bandenspanning voorwielen\">2.7<\/td>\n<td data-title=\"Bandenspanning achterwielen\">2.3<\/td>\n<td data-title=\"Voorkant beladen\">2.9<\/td>\n<td data-title=\"Achterkant beladen\">3.1<\/td>\n<\/tr>\n<tr>\n<td data-title=\"Aandrijving\"><strong>4.2 V8<\/strong><\/td>\n<td data-title=\"Bandenmaat\">235 55 R17 99Y<\/td>\n<td data-title=\"Bandenspanning voorwielen\">2.5<\/td>\n<td data-title=\"Bandenspanning achterwielen\">2.3<\/td>\n<td data-title=\"Voorkant beladen\">2.7<\/td>\n<td data-title=\"Achterkant beladen\">3.1<\/td>\n<\/tr>\n<tr>\n<td data-title=\"Aandrijving\"><strong>4.2 V8<\/strong><\/td>\n<td data-title=\"Bandenmaat\">255 40 R19 100Y XL<\/td>\n<td data-title=\"Bandenspanning voorwielen\">2.7<\/td>\n<td data-title=\"Bandenspanning achterwielen\">2.3<\/td>\n<td data-title=\"Voorkant beladen\">2.9<\/td>\n<td data-title=\"Achterkant beladen\">3.1<\/td>\n<\/tr>\n<tr>\n<td data-title=\"Aandrijving\"><strong>4.2 V8<\/strong><\/td>\n<td data-title=\"Bandenmaat\">255 45 R18 103Y XL<\/td>\n<td data-title=\"Bandenspanning voorwielen\">2.5<\/td>\n<td data-title=\"Bandenspanning achterwielen\">2.3<\/td>\n<td data-title=\"Voorkant beladen\">2.7<\/td>\n<td data-title=\"Achterkant beladen\">3.1<\/td>\n<\/tr>\n<tr>\n<td data-title=\"Aandrijving\"><strong>5.0 V10 TDI<\/strong><\/td>\n<td data-title=\"Bandenmaat\">235 50 R18 101Y XL<\/td>\n<td data-title=\"Bandenspanning voorwielen\">3.1<\/td>\n<td data-title=\"Bandenspanning achterwielen\">2.9<\/td>\n<td data-title=\"Voorkant beladen\">3.3<\/td>\n<td data-title=\"Achterkant beladen\">3.5<\/td>\n<\/tr>\n<tr>\n<td data-title=\"Aandrijving\"><strong>5.0 V10 TDI<\/strong><\/td>\n<td data-title=\"Bandenmaat\">255 40 R19 100Y XL<\/td>\n<td data-title=\"Bandenspanning voorwielen\">3.1<\/td>\n<td data-title=\"Bandenspanning achterwielen\">2.9<\/td>\n<td data-title=\"Voorkant beladen\">3.3<\/td>\n<td data-title=\"Achterkant beladen\">3.5<\/td>\n<\/tr>\n<tr>\n<td data-title=\"Aandrijving\"><strong>5.0 V10 TDI<\/strong><\/td>\n<td data-title=\"Bandenmaat\">255 45 R18 103Y XL<\/td>\n<td data-title=\"Bandenspanning voorwielen\">2.9<\/td>\n<td data-title=\"Bandenspanning achterwielen\">2.7<\/td>\n<td data-title=\"Voorkant beladen\">3.1<\/td>\n<td data-title=\"Achterkant beladen\">3.5<\/td>\n<\/tr>\n<tr>\n<td data-title=\"Aandrijving\"><strong>6.0 W12<\/strong><\/td>\n<td data-title=\"Bandenmaat\">235 50 R18 101Y XL<\/td>\n<td data-title=\"Bandenspanning voorwielen\">2.8<\/td>\n<td data-title=\"Bandenspanning achterwielen\">2.6<\/td>\n<td data-title=\"Voorkant beladen\">3.0<\/td>\n<td data-title=\"Achterkant beladen\">3.4<\/td>\n<\/tr>\n<tr>\n<td data-title=\"Aandrijving\"><strong>6.0 W12<\/strong><\/td>\n<td data-title=\"Bandenmaat\">255 40 R19 100Y XL<\/td>\n<td data-title=\"Bandenspanning voorwielen\">2.8<\/td>\n<td data-title=\"Bandenspanning achterwielen\">2.6<\/td>\n<td data-title=\"Voorkant beladen\">3.0<\/td>\n<td data-title=\"Achterkant beladen\">3.4<\/td>\n<\/tr>\n<tr>\n<td data-title=\"Aandrijving\"><strong>6.0 W12<\/strong><\/td>\n<td data-title=\"Bandenmaat\">255 45 R18 103Y XL<\/td>\n<td data-title=\"Bandenspanning voorwielen\">2.6<\/td>\n<td data-title=\"Bandenspanning achterwielen\">2.4<\/td>\n<td data-title=\"Voorkant beladen\">2.8<\/td>\n<td data-title=\"Achterkant beladen\">3.2<\/td>\n<\/tr>\n<\/tbody>\n<\/table>\n<\/div>\n<div class=\"et_post_meta_wrapper\">\n<section id=\"comment-wrap\">\n<div id=\"comment-section\" class=\"nocomments\"><\/div>\n<\/section>\n<\/div>","protected":false},"excerpt":{"rendered":"<p>Sie suchen den Reifendruck f\u00fcr den Volkswagen Phaeton? Unten finden Sie eine \u00dcbersicht der Reifendr\u00fccke f\u00fcr VW Phaeton Modelle: Reifendruck-\u00dcbersicht Volkswagen Phaeton Antrieb Reifengr\u00f6\u00dfe Reifendruck Vorderr\u00e4der Reifendruck Hinterr\u00e4der Vorderachse Hinterachse 3.2 V6 24V 235 50 R18 101Y XL 2.5 2.3 2.7 3.1 3.2 V6 24V 235 55 R17 99Y 2.3 2.1 [...]<\/p>","protected":false},"author":1,"featured_media":0,"parent":0,"menu_order":0,"comment_status":"closed","ping_status":"closed","template":"","meta":{"_et_pb_use_builder":"","_et_pb_old_content":"","_et_gb_content_width":"","footnotes":""},"class_list":["post-153810","page","type-page","status-publish","hentry"],"yoast_head":"<!-- This site is optimized with the Yoast SEO plugin v27.4 - https:\/\/yoast.com\/product\/yoast-seo-wordpress\/ -->\n<title>Bandenspanning Volkswagen Phaeton - Autobaak.nl<\/title>\n<meta name=\"robots\" content=\"index, follow, max-snippet:-1, max-image-preview:large, max-video-preview:-1\" \/>\n<link rel=\"canonical\" href=\"https:\/\/autobaak.nl\/de\/reifendruck-volkswagen-phaeton\/\" \/>\n<meta property=\"og:locale\" content=\"de_DE\" \/>\n<meta property=\"og:type\" content=\"article\" \/>\n<meta property=\"og:title\" content=\"Bandenspanning Volkswagen Phaeton - Autobaak.nl\" \/>\n<meta property=\"og:description\" content=\"Op zoek naar de bandenspanning voor de Volkswagen Phaeton? Hieronder een overzicht van de bandenspanning voor de VW Phaeton modellen: Overzicht bandenspanning Volkswagen Phaeton Aandrijving Bandenmaat Bandenspanning voorwielen Bandenspanning achterwielen Voorkant beladen Achterkant beladen 3.2 V6 24V 235 50 R18 101Y XL 2.5 2.3 2.7 3.1 3.2 V6 24V 235 55 R17 99Y 2.3 2.1 [&hellip;]\" \/>\n<meta property=\"og:url\" content=\"https:\/\/autobaak.nl\/de\/reifendruck-volkswagen-phaeton\/\" \/>\n<meta property=\"og:site_name\" content=\"Autobaak.nl\" \/>\n<meta name=\"twitter:card\" content=\"summary_large_image\" \/>\n<script type=\"application\/ld+json\" class=\"yoast-schema-graph\">{\"@context\":\"https:\\\/\\\/schema.org\",\"@graph\":[{\"@type\":\"WebPage\",\"@id\":\"https:\\\/\\\/autobaak.nl\\\/bandenspanning-volkswagen-phaeton\\\/\",\"url\":\"https:\\\/\\\/autobaak.nl\\\/bandenspanning-volkswagen-phaeton\\\/\",\"name\":\"Bandenspanning Volkswagen Phaeton - Autobaak.nl\",\"isPartOf\":{\"@id\":\"https:\\\/\\\/autobaak.nl\\\/#website\"},\"datePublished\":\"2022-09-18T09:47:44+00:00\",\"breadcrumb\":{\"@id\":\"https:\\\/\\\/autobaak.nl\\\/bandenspanning-volkswagen-phaeton\\\/#breadcrumb\"},\"inLanguage\":\"de\",\"potentialAction\":[{\"@type\":\"ReadAction\",\"target\":[\"https:\\\/\\\/autobaak.nl\\\/bandenspanning-volkswagen-phaeton\\\/\"]}]},{\"@type\":\"BreadcrumbList\",\"@id\":\"https:\\\/\\\/autobaak.nl\\\/bandenspanning-volkswagen-phaeton\\\/#breadcrumb\",\"itemListElement\":[{\"@type\":\"ListItem\",\"position\":1,\"name\":\"Home\",\"item\":\"https:\\\/\\\/autobaak.nl\\\/\"},{\"@type\":\"ListItem\",\"position\":2,\"name\":\"Bandenspanning Volkswagen Phaeton\"}]},{\"@type\":\"WebSite\",\"@id\":\"https:\\\/\\\/autobaak.nl\\\/#website\",\"url\":\"https:\\\/\\\/autobaak.nl\\\/\",\"name\":\"Autobaak.nl\",\"description\":\"Cars &amp; Racing\",\"potentialAction\":[{\"@type\":\"SearchAction\",\"target\":{\"@type\":\"EntryPoint\",\"urlTemplate\":\"https:\\\/\\\/autobaak.nl\\\/?s={search_term_string}\"},\"query-input\":{\"@type\":\"PropertyValueSpecification\",\"valueRequired\":true,\"valueName\":\"search_term_string\"}}],\"inLanguage\":\"de\"}]}<\/script>\n<!-- \/ Yoast SEO plugin. -->","yoast_head_json":{"title":"Reifendruck Volkswagen Phaeton - Autobaak.de","robots":{"index":"index","follow":"follow","max-snippet":"max-snippet:-1","max-image-preview":"max-image-preview:large","max-video-preview":"max-video-preview:-1"},"canonical":"https:\/\/autobaak.nl\/de\/reifendruck-volkswagen-phaeton\/","og_locale":"de_DE","og_type":"article","og_title":"Bandenspanning Volkswagen Phaeton - Autobaak.nl","og_description":"Op zoek naar de bandenspanning voor de Volkswagen Phaeton? Hieronder een overzicht van de bandenspanning voor de VW Phaeton modellen: Overzicht bandenspanning Volkswagen Phaeton Aandrijving Bandenmaat Bandenspanning voorwielen Bandenspanning achterwielen Voorkant beladen Achterkant beladen 3.2 V6 24V 235 50 R18 101Y XL 2.5 2.3 2.7 3.1 3.2 V6 24V 235 55 R17 99Y 2.3 2.1 [&hellip;]","og_url":"https:\/\/autobaak.nl\/de\/reifendruck-volkswagen-phaeton\/","og_site_name":"Autobaak.nl","twitter_card":"summary_large_image","schema":{"@context":"https:\/\/schema.org","@graph":[{"@type":"WebPage","@id":"https:\/\/autobaak.nl\/bandenspanning-volkswagen-phaeton\/","url":"https:\/\/autobaak.nl\/bandenspanning-volkswagen-phaeton\/","name":"Reifendruck Volkswagen Phaeton - Autobaak.de","isPartOf":{"@id":"https:\/\/autobaak.nl\/#website"},"datePublished":"2022-09-18T09:47:44+00:00","breadcrumb":{"@id":"https:\/\/autobaak.nl\/bandenspanning-volkswagen-phaeton\/#breadcrumb"},"inLanguage":"de","potentialAction":[{"@type":"ReadAction","target":["https:\/\/autobaak.nl\/bandenspanning-volkswagen-phaeton\/"]}]},{"@type":"BreadcrumbList","@id":"https:\/\/autobaak.nl\/bandenspanning-volkswagen-phaeton\/#breadcrumb","itemListElement":[{"@type":"ListItem","position":1,"name":"Home","item":"https:\/\/autobaak.nl\/"},{"@type":"ListItem","position":2,"name":"Bandenspanning Volkswagen Phaeton"}]},{"@type":"WebSite","@id":"https:\/\/autobaak.nl\/#website","url":"https:\/\/autobaak.nl\/","name":"Autobook.de","description":"Autos &amp; Rennsport","potentialAction":[{"@type":"SearchAction","target":{"@type":"EntryPoint","urlTemplate":"https:\/\/autobaak.nl\/?s={search_term_string}"},"query-input":{"@type":"PropertyValueSpecification","valueRequired":true,"valueName":"search_term_string"}}],"inLanguage":"de"}]}},"_links":{"self":[{"href":"https:\/\/autobaak.nl\/de\/wp-json\/wp\/v2\/pages\/153810","targetHints":{"allow":["GET"]}}],"collection":[{"href":"https:\/\/autobaak.nl\/de\/wp-json\/wp\/v2\/pages"}],"about":[{"href":"https:\/\/autobaak.nl\/de\/wp-json\/wp\/v2\/types\/page"}],"author":[{"embeddable":true,"href":"https:\/\/autobaak.nl\/de\/wp-json\/wp\/v2\/users\/1"}],"replies":[{"embeddable":true,"href":"https:\/\/autobaak.nl\/de\/wp-json\/wp\/v2\/comments?post=153810"}],"version-history":[{"count":0,"href":"https:\/\/autobaak.nl\/de\/wp-json\/wp\/v2\/pages\/153810\/revisions"}],"wp:attachment":[{"href":"https:\/\/autobaak.nl\/de\/wp-json\/wp\/v2\/media?parent=153810"}],"curies":[{"name":"wp","href":"https:\/\/api.w.org\/{rel}","templated":true}]}}