{"id":153827,"date":"2022-09-18T12:04:31","date_gmt":"2022-09-18T10:04:31","guid":{"rendered":"https:\/\/autobaak.nl\/?page_id=153827"},"modified":"2022-09-18T12:04:31","modified_gmt":"2022-09-18T10:04:31","slug":"reifendruck-toyota-auris","status":"publish","type":"page","link":"https:\/\/autobaak.nl\/de\/reifendruck-toyota-auris\/","title":{"rendered":"Toyota Auris Reifendruck"},"content":{"rendered":"<p>Sie m\u00f6chten den Reifendruck Ihres Toyota Auris wissen? Die folgende Liste zeigt den korrekten Reifendruck f\u00fcr Toyota Auris Modelle:<\/p>\n<table class=\"table table-striped table-bordered table-hover table-responsive\">\n<thead class=\"thead-dark\">\n<tr>\n<th>Antrieb<\/th>\n<th>Gr\u00f6\u00dfe des Reifens<\/th>\n<th>Reifendruck Vorderr\u00e4der<\/th>\n<th>Reifendruck am Hinterrad<\/th>\n<th>Frontlader<\/th>\n<th>Laden Sie die R\u00fcckseite<\/th>\n<\/tr>\n<\/thead>\n<tbody>\n<tr>\n<td data-title=\"Aandrijving\"><strong>1.3<\/strong><\/td>\n<td data-title=\"Bandenmaat\">195 65 R15 91H<\/td>\n<td data-title=\"Bandenspanning voorwielen\">2.6<\/td>\n<td data-title=\"Bandenspanning achterwielen\">2.6<\/td>\n<td data-title=\"Voorkant beladen\">2.6<\/td>\n<td data-title=\"Achterkant beladen\">2.6<\/td>\n<\/tr>\n<tr>\n<td data-title=\"Aandrijving\"><strong>1.3<\/strong><\/td>\n<td data-title=\"Bandenmaat\">205 55 R16 91V<\/td>\n<td data-title=\"Bandenspanning voorwielen\">2.6<\/td>\n<td data-title=\"Bandenspanning achterwielen\">2.6<\/td>\n<td data-title=\"Voorkant beladen\">2.6<\/td>\n<td data-title=\"Achterkant beladen\">2.6<\/td>\n<\/tr>\n<tr>\n<td data-title=\"Aandrijving\"><strong>1.3<\/strong><\/td>\n<td data-title=\"Bandenmaat\">215 45 R17 91V XL<\/td>\n<td data-title=\"Bandenspanning voorwielen\">2.6<\/td>\n<td data-title=\"Bandenspanning achterwielen\">2.6<\/td>\n<td data-title=\"Voorkant beladen\">2.6<\/td>\n<td data-title=\"Achterkant beladen\">2.6<\/td>\n<\/tr>\n<tr>\n<td data-title=\"Aandrijving\"><strong>1.4 VVT-i<\/strong><\/td>\n<td data-title=\"Bandenmaat\">195 65 R15 91H<\/td>\n<td data-title=\"Bandenspanning voorwielen\">2.4<\/td>\n<td data-title=\"Bandenspanning achterwielen\">2.2<\/td>\n<td data-title=\"Voorkant beladen\">2.7<\/td>\n<td data-title=\"Achterkant beladen\">2.5<\/td>\n<\/tr>\n<tr>\n<td data-title=\"Aandrijving\"><strong>1.4 VVT-i<\/strong><\/td>\n<td data-title=\"Bandenmaat\">205 55 R16 91V<\/td>\n<td data-title=\"Bandenspanning voorwielen\">2.4<\/td>\n<td data-title=\"Bandenspanning achterwielen\">2.2<\/td>\n<td data-title=\"Voorkant beladen\">2.7<\/td>\n<td data-title=\"Achterkant beladen\">2.5<\/td>\n<\/tr>\n<tr>\n<td data-title=\"Aandrijving\"><strong>1.4 VVT-i<\/strong><\/td>\n<td data-title=\"Bandenmaat\">225 40 R18 92Y XL<\/td>\n<td data-title=\"Bandenspanning voorwielen\">2.4<\/td>\n<td data-title=\"Bandenspanning achterwielen\">2.2<\/td>\n<td data-title=\"Voorkant beladen\">2.7<\/td>\n<td data-title=\"Achterkant beladen\">2.5<\/td>\n<\/tr>\n<tr>\n<td data-title=\"Aandrijving\"><strong>1.4 VVT-i<\/strong><\/td>\n<td data-title=\"Bandenmaat\">225 45 R17 91W<\/td>\n<td data-title=\"Bandenspanning voorwielen\">2.4<\/td>\n<td data-title=\"Bandenspanning achterwielen\">2.2<\/td>\n<td data-title=\"Voorkant beladen\">2.7<\/td>\n<td data-title=\"Achterkant beladen\">2.5<\/td>\n<\/tr>\n<tr>\n<td data-title=\"Aandrijving\"><strong>1.6<\/strong><\/td>\n<td data-title=\"Bandenmaat\">205 55 R16 91V<\/td>\n<td data-title=\"Bandenspanning voorwielen\">2.6<\/td>\n<td data-title=\"Bandenspanning achterwielen\">2.6<\/td>\n<td data-title=\"Voorkant beladen\">2.6<\/td>\n<td data-title=\"Achterkant beladen\">2.6<\/td>\n<\/tr>\n<tr>\n<td data-title=\"Aandrijving\"><strong>1.6<\/strong><\/td>\n<td data-title=\"Bandenmaat\">205 55 R16 91V<\/td>\n<td data-title=\"Bandenspanning voorwielen\">2.4<\/td>\n<td data-title=\"Bandenspanning achterwielen\">2.2<\/td>\n<td data-title=\"Voorkant beladen\">2.7<\/td>\n<td data-title=\"Achterkant beladen\">2.5<\/td>\n<\/tr>\n<tr>\n<td data-title=\"Aandrijving\"><strong>1.6<\/strong><\/td>\n<td data-title=\"Bandenmaat\">215 45 R17 91V XL<\/td>\n<td data-title=\"Bandenspanning voorwielen\">2.6<\/td>\n<td data-title=\"Bandenspanning achterwielen\">2.6<\/td>\n<td data-title=\"Voorkant beladen\">2.6<\/td>\n<td data-title=\"Achterkant beladen\">2.6<\/td>\n<\/tr>\n<tr>\n<td data-title=\"Aandrijving\"><strong>1.6<\/strong><\/td>\n<td data-title=\"Bandenmaat\">225 40 R18 92Y XL<\/td>\n<td data-title=\"Bandenspanning voorwielen\">2.4<\/td>\n<td data-title=\"Bandenspanning achterwielen\">2.2<\/td>\n<td data-title=\"Voorkant beladen\">2.7<\/td>\n<td data-title=\"Achterkant beladen\">2.5<\/td>\n<\/tr>\n<tr>\n<td data-title=\"Aandrijving\"><strong>1.6<\/strong><\/td>\n<td data-title=\"Bandenmaat\">225 45 R17 91W<\/td>\n<td data-title=\"Bandenspanning voorwielen\">2.4<\/td>\n<td data-title=\"Bandenspanning achterwielen\">2.2<\/td>\n<td data-title=\"Voorkant beladen\">2.7<\/td>\n<td data-title=\"Achterkant beladen\">2.5<\/td>\n<\/tr>\n<tr>\n<td data-title=\"Aandrijving\"><strong>1.8 Hybrid<\/strong><\/td>\n<td data-title=\"Bandenmaat\">195 65 R15 91H<\/td>\n<td data-title=\"Bandenspanning voorwielen\">2.6<\/td>\n<td data-title=\"Bandenspanning achterwielen\">2.6<\/td>\n<td data-title=\"Voorkant beladen\">2.6<\/td>\n<td data-title=\"Achterkant beladen\">2.6<\/td>\n<\/tr>\n<tr>\n<td data-title=\"Aandrijving\"><strong>1.8 Hybrid<\/strong><\/td>\n<td data-title=\"Bandenmaat\">205 55 R16 91V<\/td>\n<td data-title=\"Bandenspanning voorwielen\">2.6<\/td>\n<td data-title=\"Bandenspanning achterwielen\">2.6<\/td>\n<td data-title=\"Voorkant beladen\">2.6<\/td>\n<td data-title=\"Achterkant beladen\">2.6<\/td>\n<\/tr>\n<tr>\n<td data-title=\"Aandrijving\"><strong>2.2 D-CAT<\/strong><\/td>\n<td data-title=\"Bandenmaat\">225 40 R18 92Y XL<\/td>\n<td data-title=\"Bandenspanning voorwielen\">2.4<\/td>\n<td data-title=\"Bandenspanning achterwielen\">2.2<\/td>\n<td data-title=\"Voorkant beladen\">2.7<\/td>\n<td data-title=\"Achterkant beladen\">2.5<\/td>\n<\/tr>\n<tr>\n<td data-title=\"Aandrijving\"><strong>2.2 D-CAT<\/strong><\/td>\n<td data-title=\"Bandenmaat\">225 45 R17 91W<\/td>\n<td data-title=\"Bandenspanning voorwielen\">2.4<\/td>\n<td data-title=\"Bandenspanning achterwielen\">2.2<\/td>\n<td data-title=\"Voorkant beladen\">2.7<\/td>\n<td data-title=\"Achterkant beladen\">2.5<\/td>\n<\/tr>\n<\/tbody>\n<\/table>","protected":false},"excerpt":{"rendered":"<p>Sie m\u00f6chten den Reifendruck Ihres Toyota Auris wissen? Die folgende Liste zeigt den korrekten Reifendruck f\u00fcr Toyota Auris Modelle: Antrieb Reifengr\u00f6\u00dfe Reifendruck Vorderr\u00e4der Reifendruck Hinterr\u00e4der Vorderradbeladung Hinterradbeladung 1.3 195 65 R15 91H 2.6 2.6 2.6 2.6 2.6 1.3 205 55 R16 91V 2.6 2.6 2.6 2.6 1.3 215 45 R17 91V XL 2.6 [...]<\/p>","protected":false},"author":1,"featured_media":0,"parent":0,"menu_order":0,"comment_status":"closed","ping_status":"closed","template":"","meta":{"_et_pb_use_builder":"","_et_pb_old_content":"","_et_gb_content_width":"","footnotes":""},"class_list":["post-153827","page","type-page","status-publish","hentry"],"yoast_head":"<!-- This site is optimized with the Yoast SEO plugin v27.4 - https:\/\/yoast.com\/product\/yoast-seo-wordpress\/ -->\n<title>Bandenspanning Toyota Auris - Autobaak.nl<\/title>\n<meta name=\"robots\" content=\"index, follow, max-snippet:-1, max-image-preview:large, max-video-preview:-1\" \/>\n<link rel=\"canonical\" href=\"https:\/\/autobaak.nl\/de\/reifendruck-toyota-auris\/\" \/>\n<meta property=\"og:locale\" content=\"de_DE\" \/>\n<meta property=\"og:type\" content=\"article\" \/>\n<meta property=\"og:title\" content=\"Bandenspanning Toyota Auris - Autobaak.nl\" \/>\n<meta property=\"og:description\" content=\"Wil je de bandenspanning weten van jouw Toyota Auris? In onderstaande lijst de juiste bandenspanning van de Toyota Auris modellen: Aandrijving Bandenmaat Bandenspanning voorwielen Bandenspanning achterwielen Voorkant beladen Achterkant beladen 1.3 195 65 R15 91H 2.6 2.6 2.6 2.6 1.3 205 55 R16 91V 2.6 2.6 2.6 2.6 1.3 215 45 R17 91V XL 2.6 [&hellip;]\" \/>\n<meta property=\"og:url\" content=\"https:\/\/autobaak.nl\/de\/reifendruck-toyota-auris\/\" \/>\n<meta property=\"og:site_name\" content=\"Autobaak.nl\" \/>\n<meta name=\"twitter:card\" content=\"summary_large_image\" \/>\n<meta name=\"twitter:label1\" content=\"Gesch\u00e4tzte Lesezeit\" \/>\n\t<meta name=\"twitter:data1\" content=\"1\u00a0Minute\" \/>\n<script type=\"application\/ld+json\" class=\"yoast-schema-graph\">{\"@context\":\"https:\\\/\\\/schema.org\",\"@graph\":[{\"@type\":\"WebPage\",\"@id\":\"https:\\\/\\\/autobaak.nl\\\/bandenspanning-toyota-auris\\\/\",\"url\":\"https:\\\/\\\/autobaak.nl\\\/bandenspanning-toyota-auris\\\/\",\"name\":\"Bandenspanning Toyota Auris - Autobaak.nl\",\"isPartOf\":{\"@id\":\"https:\\\/\\\/autobaak.nl\\\/#website\"},\"datePublished\":\"2022-09-18T10:04:31+00:00\",\"breadcrumb\":{\"@id\":\"https:\\\/\\\/autobaak.nl\\\/bandenspanning-toyota-auris\\\/#breadcrumb\"},\"inLanguage\":\"de\",\"potentialAction\":[{\"@type\":\"ReadAction\",\"target\":[\"https:\\\/\\\/autobaak.nl\\\/bandenspanning-toyota-auris\\\/\"]}]},{\"@type\":\"BreadcrumbList\",\"@id\":\"https:\\\/\\\/autobaak.nl\\\/bandenspanning-toyota-auris\\\/#breadcrumb\",\"itemListElement\":[{\"@type\":\"ListItem\",\"position\":1,\"name\":\"Home\",\"item\":\"https:\\\/\\\/autobaak.nl\\\/\"},{\"@type\":\"ListItem\",\"position\":2,\"name\":\"Bandenspanning Toyota Auris\"}]},{\"@type\":\"WebSite\",\"@id\":\"https:\\\/\\\/autobaak.nl\\\/#website\",\"url\":\"https:\\\/\\\/autobaak.nl\\\/\",\"name\":\"Autobaak.nl\",\"description\":\"Cars &amp; Racing\",\"potentialAction\":[{\"@type\":\"SearchAction\",\"target\":{\"@type\":\"EntryPoint\",\"urlTemplate\":\"https:\\\/\\\/autobaak.nl\\\/?s={search_term_string}\"},\"query-input\":{\"@type\":\"PropertyValueSpecification\",\"valueRequired\":true,\"valueName\":\"search_term_string\"}}],\"inLanguage\":\"de\"}]}<\/script>\n<!-- \/ Yoast SEO plugin. -->","yoast_head_json":{"title":"Reifendruck Toyota Auris - Autobaak.de","robots":{"index":"index","follow":"follow","max-snippet":"max-snippet:-1","max-image-preview":"max-image-preview:large","max-video-preview":"max-video-preview:-1"},"canonical":"https:\/\/autobaak.nl\/de\/reifendruck-toyota-auris\/","og_locale":"de_DE","og_type":"article","og_title":"Bandenspanning Toyota Auris - Autobaak.nl","og_description":"Wil je de bandenspanning weten van jouw Toyota Auris? In onderstaande lijst de juiste bandenspanning van de Toyota Auris modellen: Aandrijving Bandenmaat Bandenspanning voorwielen Bandenspanning achterwielen Voorkant beladen Achterkant beladen 1.3 195 65 R15 91H 2.6 2.6 2.6 2.6 1.3 205 55 R16 91V 2.6 2.6 2.6 2.6 1.3 215 45 R17 91V XL 2.6 [&hellip;]","og_url":"https:\/\/autobaak.nl\/de\/reifendruck-toyota-auris\/","og_site_name":"Autobaak.nl","twitter_card":"summary_large_image","twitter_misc":{"Gesch\u00e4tzte Lesezeit":"1\u00a0Minute"},"schema":{"@context":"https:\/\/schema.org","@graph":[{"@type":"WebPage","@id":"https:\/\/autobaak.nl\/bandenspanning-toyota-auris\/","url":"https:\/\/autobaak.nl\/bandenspanning-toyota-auris\/","name":"Reifendruck Toyota Auris - Autobaak.de","isPartOf":{"@id":"https:\/\/autobaak.nl\/#website"},"datePublished":"2022-09-18T10:04:31+00:00","breadcrumb":{"@id":"https:\/\/autobaak.nl\/bandenspanning-toyota-auris\/#breadcrumb"},"inLanguage":"de","potentialAction":[{"@type":"ReadAction","target":["https:\/\/autobaak.nl\/bandenspanning-toyota-auris\/"]}]},{"@type":"BreadcrumbList","@id":"https:\/\/autobaak.nl\/bandenspanning-toyota-auris\/#breadcrumb","itemListElement":[{"@type":"ListItem","position":1,"name":"Home","item":"https:\/\/autobaak.nl\/"},{"@type":"ListItem","position":2,"name":"Bandenspanning Toyota Auris"}]},{"@type":"WebSite","@id":"https:\/\/autobaak.nl\/#website","url":"https:\/\/autobaak.nl\/","name":"Autobook.de","description":"Autos &amp; Rennsport","potentialAction":[{"@type":"SearchAction","target":{"@type":"EntryPoint","urlTemplate":"https:\/\/autobaak.nl\/?s={search_term_string}"},"query-input":{"@type":"PropertyValueSpecification","valueRequired":true,"valueName":"search_term_string"}}],"inLanguage":"de"}]}},"_links":{"self":[{"href":"https:\/\/autobaak.nl\/de\/wp-json\/wp\/v2\/pages\/153827","targetHints":{"allow":["GET"]}}],"collection":[{"href":"https:\/\/autobaak.nl\/de\/wp-json\/wp\/v2\/pages"}],"about":[{"href":"https:\/\/autobaak.nl\/de\/wp-json\/wp\/v2\/types\/page"}],"author":[{"embeddable":true,"href":"https:\/\/autobaak.nl\/de\/wp-json\/wp\/v2\/users\/1"}],"replies":[{"embeddable":true,"href":"https:\/\/autobaak.nl\/de\/wp-json\/wp\/v2\/comments?post=153827"}],"version-history":[{"count":0,"href":"https:\/\/autobaak.nl\/de\/wp-json\/wp\/v2\/pages\/153827\/revisions"}],"wp:attachment":[{"href":"https:\/\/autobaak.nl\/de\/wp-json\/wp\/v2\/media?parent=153827"}],"curies":[{"name":"wp","href":"https:\/\/api.w.org\/{rel}","templated":true}]}}