{"id":153911,"date":"2022-09-21T16:10:48","date_gmt":"2022-09-21T14:10:48","guid":{"rendered":"https:\/\/autobaak.nl\/?page_id=153911"},"modified":"2022-09-21T16:21:05","modified_gmt":"2022-09-21T14:21:05","slug":"zahnriemenintervall-subaru-legacy","status":"publish","type":"page","link":"https:\/\/autobaak.nl\/de\/zahnriemenintervall-subaru-legacy\/","title":{"rendered":"Zahnriemen-Intervall Subaru Legacy"},"content":{"rendered":"<p>[et_pb_section fb_built=\"1\u2033 custom_padding_last_edited=\"on|desktop\" _builder_version=\"4.16\u2033 background_color=\"#0c71c3\u2033 custom_padding_tablet=\"50px|0|50px|0\u2033 custom_padding_phone=\"\" transparent_background=\"off\" padding_mobile=\"off\" make_fullwidth=\"off\" use_custom_width=\"off\" width_unit=\"on\" global_colors_info=\"{}\"][et_pb_row _builder_version=\"4.16\u2033 background_size=\"initial\" background_position=\"top_left\" background_repeat=\"repeat\" global_colors_info=\"{}\"][et_pb_column type=\"4_4\u2033 _builder_version=\"4.16\u2033 custom_padding=\"|||\" global_colors_info=\"{}\" custom_padding__hover=\"|||\"][et_pb_text _builder_version=\"4.18.0\u2033 background_size=\"initial\" background_position=\"top_left\" background_repeat=\"repeat\" text_orientation=\"centre\" background_layout=\"dark\" module_alignment=\"centre\" hover_enabled=\"0\u2033 use_border_color=\"off\" border_color=\"#ffffff\" border_style=\"solid\" global_colors_info=\"{}\" sticky_enabled=\"0\u2033][et_pb_text _builder_version=\"4.18.<\/p>\n<h1 style=\"text-align: center;\">Wann ist der Zahnriemen zu wechseln Subaru Legacy<\/h1>\n<p>[\/et_pb_text][\/et_pb_column][\/et_pb_row][\/et_pb_section][et_pb_section fb_built=\"1\u2033 _builder_version=\"4.0.7\u2033 inner_width_tablet=\"50px\" inner_max_width_tablet=\"50px\" custom_margin=\"||-40px|\" custom_padding=\"2px||0px||false|false\" z_index_tablet=\"500\u2033 box_shadow_horizontal_tablet=\"0px\" box_shadow_vertical_tablet=\"0px\" box_shadow_blur_tablet=\"40px\" box_shadow_spread_tablet=\"0px\" global_module=\"1614\u2033 global_colors_info=\"{}\"][et_pb_row _builder_version=\"4.17.4\u2033 _module_preset=\"default\" global_colors_info=\"{}\"][et_pb_column type=\"4_4\u2033 _builder_version=\"4.17.4\u2033 _module_preset=\"default\" global_colors_info=\"{}\"][et_pb_code _builder_version=\"4.17.4\u2033 _module_preset=\"default\" global_colors_info=\"{}\"]<div class=\"et_bloom_inline_form et_bloom_optin et_bloom_make_form_visible et_bloom_optin_2\" style=\"display: none;\" data-success_action_details=\"redirect_url|https:\/\/autobaak.nl\/bedankt-checklist\">\n\t\t\t\t<style type=\"text\/css\">.et_bloom .et_bloom_optin_2 .et_bloom_form_content { background-color: #dddddd !important; } .et_bloom .et_bloom_optin_2 .et_bloom_form_container .et_bloom_form_header { background-color: #1e73be !important; } .et_bloom .et_bloom_optin_2 .carrot_edge .et_bloom_form_content:before { border-top-color: #1e73be !important; } .et_bloom .et_bloom_optin_2 .carrot_edge.et_bloom_form_right .et_bloom_form_content:before, .et_bloom .et_bloom_optin_2 .carrot_edge.et_bloom_form_left .et_bloom_form_content:before { border-top-color: transparent !important; border-left-color: #1e73be !important; }\n\t\t\t\t\t\t@media only screen and ( max-width: 767px ) {.et_bloom .et_bloom_optin_2 .carrot_edge.et_bloom_form_right .et_bloom_form_content:before { border-top-color: #1e73be !important; border-left-color: transparent !important; }.et_bloom .et_bloom_optin_2 .carrot_edge.et_bloom_form_left .et_bloom_form_content:after { border-bottom-color: #1e73be !important; border-left-color: transparent !important; }\n\t\t\t\t\t\t}.et_bloom .et_bloom_optin_2 .et_bloom_form_content button { background-color: #dd9933 !important; } .et_bloom .et_bloom_optin_2 .et_bloom_form_content .et_bloom_fields i { color: #dd9933 !important; } .et_bloom .et_bloom_optin_2 .et_bloom_form_content .et_bloom_custom_field_radio i:before { background: #dd9933 !important; } .et_bloom .et_bloom_optin_2 .et_bloom_form_content button { background-color: #dd9933 !important; } .et_bloom .et_bloom_optin_2 .et_bloom_form_container h2, .et_bloom .et_bloom_optin_2 .et_bloom_form_container h2 span, .et_bloom .et_bloom_optin_2 .et_bloom_form_container h2 strong { font-family: \"Open Sans\", Helvetica, Arial, Lucida, sans-serif; }.et_bloom .et_bloom_optin_2 .et_bloom_form_container p, .et_bloom .et_bloom_optin_2 .et_bloom_form_container p span, .et_bloom .et_bloom_optin_2 .et_bloom_form_container p strong, .et_bloom .et_bloom_optin_2 .et_bloom_form_container form input, .et_bloom .et_bloom_optin_2 .et_bloom_form_container form button span { font-family: \"Open Sans\", Helvetica, Arial, Lucida, sans-serif; } <\/style>\n\t\t\t\t<div class=\"et_bloom_form_container  with_edge carrot_edge et_bloom_rounded et_bloom_form_text_dark et_bloom_form_bottom et_bloom_inline_2_fields et_bloom_success_action\">\n\t\t\t\t\t\n\t\t\t<div class=\"et_bloom_form_container_wrapper clearfix\">\n\t\t\t\t<div class=\"et_bloom_header_outer\">\n\t\t\t\t\t<div class=\"et_bloom_form_header split et_bloom_header_text_light\">\n\t\t\t\t\t\t<img loading=\"lazy\" decoding=\"async\" width=\"610\" height=\"175\" src=\"https:\/\/autobaak.nl\/wp-content\/uploads\/2020\/02\/image-610x175.png\" class=\"et_bloom_hide_mobile et_bloom_image_no_animation et_bloom_image\" alt=\"Checkliste f\u00fcr den Gebrauchtwagenkauf\" srcset=\"https:\/\/autobaak.nl\/wp-content\/uploads\/2020\/02\/image-610x175.png 610w, https:\/\/autobaak.nl\/wp-content\/uploads\/2020\/02\/image-480x138.png 480w\" sizes=\"(min-width: 0px) and (max-width: 480px) 480px, (min-width: 481px) 610px, 100vw\" \/>\n\t\t\t\t\t\t<div class=\"et_bloom_form_text\">\n\t\t\t\t\t\t<h2>Gebrauchtwagen-Checkliste<\/h2><p>Erhalten Sie die Gebrauchtwagen-Checkliste in Ihrem Briefkasten. Anhand der Checkliste k\u00f6nnen Sie alles Schritt f\u00fcr Schritt \u00fcberpr\u00fcfen und einen Fehlkauf vermeiden.<\/p>\n\t\t\t\t\t<\/div>\n\t\t\t\t\t\t\n\t\t\t\t\t<\/div>\n\t\t\t\t<\/div>\n\t\t\t\t<div class=\"et_bloom_form_content et_bloom_2_fields et_bloom_bottom_inline\">\n\t\t\t\t\t\n\t\t\t\t\t\n\t\t\t\t\t<form method=\"post\" class=\"clearfix\" action=\"\">\n\t\t\t\t\t\t<div class=\"et_bloom_fields\">\n\t\t\t\t\t\t\t<p class=\"et_bloom_popup_input et_bloom_subscribe_name\">\n\t\t\t\t\t\t\t\t<input placeholder=\"Name\" maxlength=\"50\">\n\t\t\t\t\t\t\t<\/p>\n\t\t\t\t\t\t\t<p class=\"et_bloom_popup_input et_bloom_subscribe_email\">\n\t\t\t\t\t\t\t\t<input placeholder=\"E-Mail\">\n\t\t\t\t\t\t\t<\/p>\n\t\t\t\t\t\t\t\n\t\t\t\t\t\t\t<button data-optin_id=\"optin_2\" data-service=\"mailerlite\" data-list_id=\"106699396\" data-page_id=\"153911\" data-account=\"Autobaaknl\" data-ip_address=\"true\" class=\"et_bloom_submit_subscription\">\n\t\t\t\t\t\t\t\t<span class=\"et_bloom_subscribe_loader\"><\/span>\n\t\t\t\t\t\t\t\t<span class=\"et_bloom_button_text et_bloom_button_text_color_dark\">Sofort erhalten!<\/span>\n\t\t\t\t\t\t\t<\/button>\n\t\t\t\t\t\t<\/div>\n\t\t\t\t\t<input type=\"hidden\" name=\"trp-form-language\" value=\"de\"\/><\/form>\n\t\t\t\t\t<div class=\"et_bloom_success_container\">\n\t\t\t\t\t\t<span class=\"et_bloom_success_checkmark\"><\/span>\n\t\t\t\t\t<\/div>\n\t\t\t\t\t<h2 class=\"et_bloom_success_message\">\u00dcberpr\u00fcfen Sie auch Ihr Postfach auf Spam. <\/h2>\n\t\t\t\t\t<div class=\"et_bloom_form_footer\"><p><span style=\"color: #333333;\"><em>Mehr als 2.000 Menschen sind vor Ihnen gegangen. Die Abbestellung ist jederzeit m\u00f6glich.\u00a0<\/em><\/span><\/p><\/div>\n\t\t\t\t<\/div>\n\t\t\t<\/div>\n\t\t\t<span class=\"et_bloom_close_button\"><\/span>\n\t\t\t\t<\/div>\n\t\t\t<\/div>[\/et_pb_code][\/et_pb_column][\/et_pb_row][\/et_pb_section][et_pb_section fb_built=\"1\u2033 _builder_version=\"4.16\u2033 custom_padding=\"23px|||||\" global_colors_info=\"{}\"][et_pb_row column_structure=\"2_3,1_3\u2033 _builder_version=\"4.16\u2033 background_size=\"initial\" background_position=\"top_left\" background_repeat=\"repeat\" global_colors_info=\"{}\"][et_pb_column type=\"2_3\u2033 _builder_version=\"4.16\u2033 custom_padding=\"|||\" global_colors_info=\"{}\" custom_padding__hover=\"|||\"][et_pb_text _builder_version=\"4.18.0\u2033 background_size=\"initial\" background_position=\"top_left\" background_repeat=\"repeat\" hover_enabled=\"0\u2033 use_border_color=\"off\" border_color=\"#ffffff\" border_style=\"solid\" global_colors_info=\"{}\" sticky_enabled=\"0\u2033]<\/p>\n<p>Hat der Subaru Legacy einen Zahnriemen oder eine Kette? Und wann sollten Sie den Riemen wechseln? Nachfolgend finden Sie eine \u00dcbersicht \u00fcber die <a href=\"https:\/\/autobaak.nl\/de\/wann-der-zahnriemen-zu-wechseln-ist\/#:~:text=De%20distributieriem%20of%20ketting%20is,riem%20of%20ketting%20worden%20aangedreven.\">Steuerriemen<\/a> Austauschintervall f\u00fcr den Subaru Legacy. Einige Modelle haben einen Zahnriemen, aber es gibt auch Legacy's, die eine Steuerkette verwenden, lesen Sie mehr \u00fcber das Ersetzen eines <a href=\"https:\/\/autobaak.nl\/de\/erklarung-der-steuerkette-vorteile-nachteile-und-probleme\/\">Steuerkette<\/a>.<\/p>\n<p>Wenn Sie nicht wissen, welchen Motor Ihr Auto hat, k\u00f6nnen Sie unten das Kennzeichen eingeben.<\/p>\n<p>[open_rdw_check \"marke\" \"handelsname\" \"fahrzeugtyp\" \"kraftstoff_beschreibung\" \"anzahl_zylinder\" \"hubraum\" \"expiry_apk\"]<\/p>\n<p>[\/et_pb_text][et_pb_text _builder_version=\"4.18.0\u2033 background_size=\"initial\" background_position=\"top_left\" background_repeat=\"repeat\" hover_enabled=\"0\u2033 use_border_color=\"off\" border_color=\"#ffffff\" border_style=\"solid\" global_colors_info=\"{}\" sticky_enabled=\"0\u2033]<\/p>\n<h3><b>Zahnriemen-Intervall Subaru Legacy<\/b><\/h3>\n<ul>\n<li class=\"info-title\">SUBARU LEGACY V Station Wagon (BR) 2.0 D AWD 110 kW, 1998 ccm, 09\/2009 - 12\/2014 = dieses Modell hat eine Steuerkette<\/li>\n<li>\n<div class=\"info-title\">SUBARU LEGACY V Station Wagon (BR) 2.0 i AWD 110 kW, 1994 ccm, 09\/2009 - 12\/2014 = alle 105.000 km \/ oder alle 7 Jahre<\/div>\n<\/li>\n<li>\n<div class=\"info-title\">SUBARU LEGACY V Station Wagon (BR) 2.5 GT AWD (BR9) 195 kW, 2457 ccm, 09\/2009 - 12\/2014 = alle 160.000 km<\/div>\n<\/li>\n<li>\n<div class=\"info-title\">SUBARU LEGACY V Station Wagon (BR) 2.5 i AWD 123 kW, 2457 ccm, 09\/2009 - 12\/2014 = alle 160.000 km<\/div>\n<\/li>\n<li>\n<div class=\"info-title\">SUBARU LEGACY V Station Wagon (BR) 2.5 i AWD 127 kW, 2498 ccm, 09\/2009 - 12\/2014 = dieses Modell hat eine Steuerkette<\/div>\n<\/li>\n<li>\n<div class=\"info-title\">SUBARU LEGACY V (BM) 2.5 GT AWD (BM9) 195 kW, 2457 ccm, 09\/2009 - 12\/2014 = alle 160.000 km<\/div>\n<\/li>\n<li>\n<div class=\"info-title\">SUBARU LEGACY V (BM) 2.0 D AWD 110 kW, 1998 ccm, 09\/2009 - 12\/2014 = dieses Modell hat eine Steuerkette<\/div>\n<\/li>\n<li>\n<div class=\"info-title\">SUBARU LEGACY V (BM) 2.0 i AWD 110 kW, 1994 ccm, 09\/2009 - 12\/2014 = alle 105.000 km \/ oder alle 7 Jahre<\/div>\n<\/li>\n<li>\n<div class=\"info-title\">SUBARU LEGACY V (BM) 2.5 i AWD 123 kW, 2457 ccm, 09\/2009 - 12\/2014 = alle 160.000 km<\/div>\n<\/li>\n<li>\n<div class=\"info-title\">SUBARU LEGACY IV Station Wagon (BP) 2.5 i AWD 127 kW, 2457 ccm, 09\/2003 - 12\/2009 = alle 105.000 km \/ oder alle 7 Jahre<\/div>\n<\/li>\n<li>\n<div class=\"info-title\">SUBARU LEGACY IV Station Wagon (BP) 2.0 AWD (BP5) 101 kW, 1994 ccm, 09\/2003 - 12\/2009 = alle 105.000 km \/ oder alle 7 Jahre<\/div>\n<\/li>\n<li>\n<div class=\"info-title\">SUBARU LEGACY IV Station Wagon (BP) 2.0 AWD (BP5) 121 kW, 1994 ccm, 09\/2003 - 12\/2009 = alle 105.000 km \/ oder alle 7 Jahre<\/div>\n<\/li>\n<li>\n<div class=\"info-title\">SUBARU LEGACY IV Station Wagon (BP) 2.0 D AWD 110 kW, 1998 ccm, 09\/2003 - 12\/2009 = dieses Modell hat eine Steuerkette<\/div>\n<\/li>\n<li>\n<div class=\"info-title\">SUBARU LEGACY IV Station Wagon (BP) 2.0 R AWD 110 kW, 1994 ccm, 09\/2003 - 12\/2009 = alle 105.000 km \/ oder alle 7 Jahre<\/div>\n<\/li>\n<li>\n<div class=\"info-title\">SUBARU LEGACY IV Station Wagon (BP) 2.5 AWD (BP9) 121 kW, 2457 ccm, 09\/2003 - 12\/2009 = alle 105.000 km \/ oder alle 7 Jahre<\/div>\n<\/li>\n<li>\n<div class=\"info-title\">SUBARU LEGACY IV (BL) 3.0 R AWD (BLE) 180 kW, 3000 ccm, 09\/2003 - 03\/2012 = dieses Modell hat eine Steuerkette<\/div>\n<\/li>\n<li>\n<div class=\"info-title\">SUBARU LEGACY IV (BL) 2.5 i AWD (BL9) 127 kW, 2457 ccm, 09\/2003 - 03\/2012 = alle 105.000 km \/ oder alle 7 Jahre<\/div>\n<\/li>\n<li>\n<div class=\"info-title\">SUBARU LEGACY IV (BL) 2.5 AWD 121 kW, 2457 ccm, 09\/2003 - 03\/2012 = alle 105.000 km \/ oder alle 7 Jahre<\/div>\n<\/li>\n<li>\n<div class=\"info-title\">SUBARU LEGACY IV (BL) 2.0 R AWD 110 kW, 1994 ccm, 09\/2003 - 03\/2012 = alle 105.000 km \/ oder alle 7 Jahre<\/div>\n<\/li>\n<li>\n<div class=\"info-title\">SUBARU LEGACY III Station Wagon (BH) 2.0 AWD (BH5) 92 kW, 1994 ccm, 12\/1998 - 08\/2003 = alle 105.000 km \/ oder alle 7 Jahre<\/div>\n<\/li>\n<li>\n<div class=\"info-title\">SUBARU LEGACY III Station Wagon (BH) 2.5 AWD (BH9) 115 kW, 2457 ccm, 12\/1998 - 08\/2003 = alle 105.000 km \/ oder alle 7 Jahre<\/div>\n<\/li>\n<li>\n<div class=\"info-title\">SUBARU LEGACY III (BE) 2.5 AWD (BE9) 115 kW, 2457 ccm, 10\/1998 - 08\/2003 = alle 105.000 km \/ oder alle 7 Jahre<\/div>\n<\/li>\n<li>\n<div class=\"info-title\">SUBARU LEGACY III (BE) 2.0 AWD (BE5) 92 kW, 1994 ccm, 10\/1998 - 08\/2003 = alle 105.000 km \/ oder alle 7 Jahre<\/div>\n<\/li>\n<li>\n<div class=\"info-title\">SUBARU LEGACY II Kombi (BG) 2.5 i 4WD 110 kW, 2457 ccm, 02\/1994 - 12\/1998 = alle 100.000 km \/ oder alle 4 Jahre<\/div>\n<\/li>\n<li>\n<div class=\"info-title\">SUBARU LEGACY II Kombi (BG) 2.2 i 4WD 96 kW, 2212 ccm, 02\/1994 - 12\/1998 = alle 100.000 km \/ oder alle 4 Jahre<\/div>\n<\/li>\n<li>\n<div class=\"info-title\">SUBARU LEGACY II Kombi (BG) 2.0 i 85 kW, 1994 ccm, 02\/1994 - 12\/1998 = alle 100.000 km \/ oder alle 4 Jahre<\/div>\n<\/li>\n<li>\n<div class=\"info-title\">SUBARU LEGACY II Kombi (BG) 2.0 i 4WD 85 kW, 1994 ccm, 02\/1994 - 12\/1998 = alle 100.000 km \/ oder alle 4 Jahre<\/div>\n<\/li>\n<li>\n<div class=\"info-title\">SUBARU LEGACY II Kombi (BG) 2.2 i 4WD 94 kW, 2212 ccm, 02\/1994 - 12\/1998 = alle 100.000 km \/ oder alle 4 Jahre<\/div>\n<\/li>\n<li>\n<div class=\"info-title\">SUBARU LEGACY II (BD) 2.2 i 4WD (BD7) 94 kW, 2212 ccm, 09\/1994 - 03\/1999 = alle 100.000 km \/ oder alle 4 Jahre<\/div>\n<\/li>\n<li>\n<div class=\"info-title\">SUBARU LEGACY II (BD) 2.0 i 85 kW, 1994 ccm, 09\/1994 - 03\/1999 = alle 100.000 km \/ oder alle 4 Jahre<\/div>\n<\/li>\n<li>\n<div class=\"info-title\">SUBARU LEGACY II (BD) 2.0 i 4WD 85 kW, 1994 ccm, 09\/1994 - 03\/1999 = alle 100.000 km \/ oder alle 4 Jahre<\/div>\n<\/li>\n<li>\n<div class=\"info-title\">SUBARU LEGACY II (BD) 2.2 i 4WD 96 kW, 2212 ccm, 09\/1994 - 03\/1999 = alle 100.000 km \/ oder alle 4 Jahre<\/div>\n<\/li>\n<li>\n<div class=\"info-title\">SUBARU LEGACY II (BD) 2.5 i 4WD 110 kW, 2457 ccm, 09\/1994 - 03\/1999 = alle 100.000 km \/ oder alle 4 Jahre<\/div>\n<\/li>\n<\/ul>\n<p>[\/et_pb_text][\/et_pb_column][et_pb_column type=\"1_3\u2033 _builder_version=\"4.16\u2033 custom_padding=\"|||\" global_colors_info=\"{}\" custom_padding__hover=\"|||\"][et_pb_code _builder_version=\"4.17.4\u2033 text_orientation=\"centre\" z_index_tablet=\"500\u2033 global_module=\"1602\u2033 saved_tabs=\"all\" global_colors_info=\"{}\"][\/et_pb_code][\/et_pb_column][\/et_pb_row][\/et_pb_section]<\/p>","protected":false},"excerpt":{"rendered":"<p>Wann ist der Zahnriemen zu wechseln Subaru Legacy<div class=\"et_bloom_inline_form et_bloom_optin et_bloom_make_form_visible et_bloom_optin_2\" style=\"display: none;\" data-success_action_details=\"redirect_url|https:\/\/autobaak.nl\/bedankt-checklist\">\n\t\t\t\t<style type=\"text\/css\">.et_bloom .et_bloom_optin_2 .et_bloom_form_content { background-color: #dddddd !important; } .et_bloom .et_bloom_optin_2 .et_bloom_form_container .et_bloom_form_header { background-color: #1e73be !important; } .et_bloom .et_bloom_optin_2 .carrot_edge .et_bloom_form_content:before { border-top-color: #1e73be !important; } .et_bloom .et_bloom_optin_2 .carrot_edge.et_bloom_form_right .et_bloom_form_content:before, .et_bloom .et_bloom_optin_2 .carrot_edge.et_bloom_form_left .et_bloom_form_content:before { border-top-color: transparent !important; border-left-color: #1e73be !important; }\n\t\t\t\t\t\t@media only screen and ( max-width: 767px ) {.et_bloom .et_bloom_optin_2 .carrot_edge.et_bloom_form_right .et_bloom_form_content:before { border-top-color: #1e73be !important; border-left-color: transparent !important; }.et_bloom .et_bloom_optin_2 .carrot_edge.et_bloom_form_left .et_bloom_form_content:after { border-bottom-color: #1e73be !important; border-left-color: transparent !important; }\n\t\t\t\t\t\t}.et_bloom .et_bloom_optin_2 .et_bloom_form_content button { background-color: #dd9933 !important; } .et_bloom .et_bloom_optin_2 .et_bloom_form_content .et_bloom_fields i { color: #dd9933 !important; } .et_bloom .et_bloom_optin_2 .et_bloom_form_content .et_bloom_custom_field_radio i:before { background: #dd9933 !important; } .et_bloom .et_bloom_optin_2 .et_bloom_form_content button { background-color: #dd9933 !important; } .et_bloom .et_bloom_optin_2 .et_bloom_form_container h2, .et_bloom .et_bloom_optin_2 .et_bloom_form_container h2 span, .et_bloom .et_bloom_optin_2 .et_bloom_form_container h2 strong { font-family: \"Open Sans\", Helvetica, Arial, Lucida, sans-serif; }.et_bloom .et_bloom_optin_2 .et_bloom_form_container p, .et_bloom .et_bloom_optin_2 .et_bloom_form_container p span, .et_bloom .et_bloom_optin_2 .et_bloom_form_container p strong, .et_bloom .et_bloom_optin_2 .et_bloom_form_container form input, .et_bloom .et_bloom_optin_2 .et_bloom_form_container form button span { font-family: \"Open Sans\", Helvetica, Arial, Lucida, sans-serif; } <\/style>\n\t\t\t\t<div class=\"et_bloom_form_container  with_edge carrot_edge et_bloom_rounded et_bloom_form_text_dark et_bloom_form_bottom et_bloom_inline_2_fields et_bloom_success_action\">\n\t\t\t\t\t\n\t\t\t<div class=\"et_bloom_form_container_wrapper clearfix\">\n\t\t\t\t<div class=\"et_bloom_header_outer\">\n\t\t\t\t\t<div class=\"et_bloom_form_header split et_bloom_header_text_light\">\n\t\t\t\t\t\t<img width=\"610\" height=\"175\" src=\"https:\/\/autobaak.nl\/wp-content\/uploads\/2020\/02\/image-610x175.png\" class=\"et_bloom_hide_mobile et_bloom_image_no_animation et_bloom_image\" alt=\"Checkliste f\u00fcr den Gebrauchtwagenkauf\" decoding=\"async\" loading=\"lazy\" srcset=\"https:\/\/autobaak.nl\/wp-content\/uploads\/2020\/02\/image-610x175.png 610w, https:\/\/autobaak.nl\/wp-content\/uploads\/2020\/02\/image-480x138.png 480w\" sizes=\"(min-width: 0px) and (max-width: 480px) 480px, (min-width: 481px) 610px, 100vw\" \/>\n\t\t\t\t\t\t<div class=\"et_bloom_form_text\">\n\t\t\t\t\t\t<h2>Gebrauchtwagen-Checkliste<\/h2><p>Erhalten Sie die Gebrauchtwagen-Checkliste in Ihrem Briefkasten. Anhand der Checkliste k\u00f6nnen Sie alles Schritt f\u00fcr Schritt \u00fcberpr\u00fcfen und einen Fehlkauf vermeiden.<\/p>\n\t\t\t\t\t<\/div>\n\t\t\t\t\t\t\n\t\t\t\t\t<\/div>\n\t\t\t\t<\/div>\n\t\t\t\t<div class=\"et_bloom_form_content et_bloom_2_fields et_bloom_bottom_inline\">\n\t\t\t\t\t\n\t\t\t\t\t\n\t\t\t\t\t<form method=\"post\" class=\"clearfix\" action=\"\">\n\t\t\t\t\t\t<div class=\"et_bloom_fields\">\n\t\t\t\t\t\t\t<p class=\"et_bloom_popup_input et_bloom_subscribe_name\">\n\t\t\t\t\t\t\t\t<input placeholder=\"Name\" maxlength=\"50\">\n\t\t\t\t\t\t\t<\/p>\n\t\t\t\t\t\t\t<p class=\"et_bloom_popup_input et_bloom_subscribe_email\">\n\t\t\t\t\t\t\t\t<input placeholder=\"E-Mail\">\n\t\t\t\t\t\t\t<\/p>\n\t\t\t\t\t\t\t\n\t\t\t\t\t\t\t<button data-optin_id=\"optin_2\" data-service=\"mailerlite\" data-list_id=\"106699396\" data-page_id=\"153911\" data-account=\"Autobaaknl\" data-ip_address=\"true\" class=\"et_bloom_submit_subscription\">\n\t\t\t\t\t\t\t\t<span class=\"et_bloom_subscribe_loader\"><\/span>\n\t\t\t\t\t\t\t\t<span class=\"et_bloom_button_text et_bloom_button_text_color_dark\">Sofort erhalten!<\/span>\n\t\t\t\t\t\t\t<\/button>\n\t\t\t\t\t\t<\/div>\n\t\t\t\t\t<input type=\"hidden\" name=\"trp-form-language\" value=\"de\"\/><\/form>\n\t\t\t\t\t<div class=\"et_bloom_success_container\">\n\t\t\t\t\t\t<span class=\"et_bloom_success_checkmark\"><\/span>\n\t\t\t\t\t<\/div>\n\t\t\t\t\t<h2 class=\"et_bloom_success_message\">\u00dcberpr\u00fcfen Sie auch Ihr Postfach auf Spam. <\/h2>\n\t\t\t\t\t<div class=\"et_bloom_form_footer\"><p><span style=\"color: #333333;\"><em>Mehr als 2.000 Menschen sind vor Ihnen gegangen. Die Abbestellung ist jederzeit m\u00f6glich.\u00a0<\/em><\/span><\/p><\/div>\n\t\t\t\t<\/div>\n\t\t\t<\/div>\n\t\t\t<span class=\"et_bloom_close_button\"><\/span>\n\t\t\t\t<\/div>\n\t\t\t<\/div>Hat der Subaru Legacy einen Zahnriemen oder eine Kette? Und wann sollten Sie den Riemen wechseln? Nachfolgend finden Sie eine \u00dcbersicht \u00fcber die Wechselintervalle des Zahnriemens beim Subaru Legacy. Einige Modelle haben einen Zahnriemen, aber es gibt auch Legacy's, die eine Steuerkette verwenden, lesen Sie mehr \u00fcber das Ersetzen [...] hier.<\/p>","protected":false},"author":1,"featured_media":0,"parent":0,"menu_order":0,"comment_status":"closed","ping_status":"closed","template":"","meta":{"_et_pb_use_builder":"on","_et_pb_old_content":"","_et_gb_content_width":"","footnotes":""},"class_list":["post-153911","page","type-page","status-publish","hentry"],"yoast_head":"<!-- This site is optimized with the Yoast SEO plugin v27.3 - https:\/\/yoast.com\/product\/yoast-seo-wordpress\/ -->\n<title>Distributieriem interval Subaru Legacy - Autobaak.nl<\/title>\n<meta name=\"robots\" content=\"index, follow, max-snippet:-1, max-image-preview:large, max-video-preview:-1\" \/>\n<link rel=\"canonical\" href=\"https:\/\/autobaak.nl\/de\/zahnriemenintervall-subaru-legacy\/\" \/>\n<meta property=\"og:locale\" content=\"de_DE\" \/>\n<meta property=\"og:type\" content=\"article\" \/>\n<meta property=\"og:title\" content=\"Distributieriem interval Subaru Legacy - Autobaak.nl\" \/>\n<meta property=\"og:description\" content=\"Wanneer distributieriem vervangen Subaru LegacyHeeft de Subaru Legacy een distributieriem of ketting? En wanneer moet je de riem vervangen? Hieronder vind je het overzicht van de distributieriem vervangingsinterval van de Subaru Legacy. Sommige modellen hebben een distributieriem maar er zijn ook Legacy&#039;s die gebruik maken van een distributieketting, lees hier meer over het vervangen [&hellip;]\" \/>\n<meta property=\"og:url\" content=\"https:\/\/autobaak.nl\/de\/zahnriemenintervall-subaru-legacy\/\" \/>\n<meta property=\"og:site_name\" content=\"Autobaak.nl\" \/>\n<meta property=\"article:modified_time\" content=\"2022-09-21T14:21:05+00:00\" \/>\n<meta name=\"twitter:card\" content=\"summary_large_image\" \/>\n<meta name=\"twitter:label1\" content=\"Gesch\u00e4tzte Lesezeit\" \/>\n\t<meta name=\"twitter:data1\" content=\"6\u00a0Minuten\" \/>\n<script type=\"application\/ld+json\" class=\"yoast-schema-graph\">{\"@context\":\"https:\\\/\\\/schema.org\",\"@graph\":[{\"@type\":\"WebPage\",\"@id\":\"https:\\\/\\\/autobaak.nl\\\/distributieriem-interval-subaru-legacy\\\/\",\"url\":\"https:\\\/\\\/autobaak.nl\\\/distributieriem-interval-subaru-legacy\\\/\",\"name\":\"Distributieriem interval Subaru Legacy - Autobaak.nl\",\"isPartOf\":{\"@id\":\"https:\\\/\\\/autobaak.nl\\\/#website\"},\"datePublished\":\"2022-09-21T14:10:48+00:00\",\"dateModified\":\"2022-09-21T14:21:05+00:00\",\"breadcrumb\":{\"@id\":\"https:\\\/\\\/autobaak.nl\\\/distributieriem-interval-subaru-legacy\\\/#breadcrumb\"},\"inLanguage\":\"de\",\"potentialAction\":[{\"@type\":\"ReadAction\",\"target\":[\"https:\\\/\\\/autobaak.nl\\\/distributieriem-interval-subaru-legacy\\\/\"]}]},{\"@type\":\"BreadcrumbList\",\"@id\":\"https:\\\/\\\/autobaak.nl\\\/distributieriem-interval-subaru-legacy\\\/#breadcrumb\",\"itemListElement\":[{\"@type\":\"ListItem\",\"position\":1,\"name\":\"Home\",\"item\":\"https:\\\/\\\/autobaak.nl\\\/\"},{\"@type\":\"ListItem\",\"position\":2,\"name\":\"Distributieriem interval Subaru Legacy\"}]},{\"@type\":\"WebSite\",\"@id\":\"https:\\\/\\\/autobaak.nl\\\/#website\",\"url\":\"https:\\\/\\\/autobaak.nl\\\/\",\"name\":\"Autobaak.nl\",\"description\":\"Cars &amp; Racing\",\"potentialAction\":[{\"@type\":\"SearchAction\",\"target\":{\"@type\":\"EntryPoint\",\"urlTemplate\":\"https:\\\/\\\/autobaak.nl\\\/?s={search_term_string}\"},\"query-input\":{\"@type\":\"PropertyValueSpecification\",\"valueRequired\":true,\"valueName\":\"search_term_string\"}}],\"inLanguage\":\"de\"}]}<\/script>\n<!-- \/ Yoast SEO plugin. -->","yoast_head_json":{"title":"Zahnriemen-Intervall Subaru Legacy - Autobaak.de","robots":{"index":"index","follow":"follow","max-snippet":"max-snippet:-1","max-image-preview":"max-image-preview:large","max-video-preview":"max-video-preview:-1"},"canonical":"https:\/\/autobaak.nl\/de\/zahnriemenintervall-subaru-legacy\/","og_locale":"de_DE","og_type":"article","og_title":"Distributieriem interval Subaru Legacy - Autobaak.nl","og_description":"Wanneer distributieriem vervangen Subaru LegacyHeeft de Subaru Legacy een distributieriem of ketting? En wanneer moet je de riem vervangen? Hieronder vind je het overzicht van de distributieriem vervangingsinterval van de Subaru Legacy. Sommige modellen hebben een distributieriem maar er zijn ook Legacy's die gebruik maken van een distributieketting, lees hier meer over het vervangen [&hellip;]","og_url":"https:\/\/autobaak.nl\/de\/zahnriemenintervall-subaru-legacy\/","og_site_name":"Autobaak.nl","article_modified_time":"2022-09-21T14:21:05+00:00","twitter_card":"summary_large_image","twitter_misc":{"Gesch\u00e4tzte Lesezeit":"6\u00a0Minuten"},"schema":{"@context":"https:\/\/schema.org","@graph":[{"@type":"WebPage","@id":"https:\/\/autobaak.nl\/distributieriem-interval-subaru-legacy\/","url":"https:\/\/autobaak.nl\/distributieriem-interval-subaru-legacy\/","name":"Zahnriemen-Intervall Subaru Legacy - Autobaak.de","isPartOf":{"@id":"https:\/\/autobaak.nl\/#website"},"datePublished":"2022-09-21T14:10:48+00:00","dateModified":"2022-09-21T14:21:05+00:00","breadcrumb":{"@id":"https:\/\/autobaak.nl\/distributieriem-interval-subaru-legacy\/#breadcrumb"},"inLanguage":"de","potentialAction":[{"@type":"ReadAction","target":["https:\/\/autobaak.nl\/distributieriem-interval-subaru-legacy\/"]}]},{"@type":"BreadcrumbList","@id":"https:\/\/autobaak.nl\/distributieriem-interval-subaru-legacy\/#breadcrumb","itemListElement":[{"@type":"ListItem","position":1,"name":"Home","item":"https:\/\/autobaak.nl\/"},{"@type":"ListItem","position":2,"name":"Distributieriem interval Subaru Legacy"}]},{"@type":"WebSite","@id":"https:\/\/autobaak.nl\/#website","url":"https:\/\/autobaak.nl\/","name":"Autobook.de","description":"Autos &amp; Rennsport","potentialAction":[{"@type":"SearchAction","target":{"@type":"EntryPoint","urlTemplate":"https:\/\/autobaak.nl\/?s={search_term_string}"},"query-input":{"@type":"PropertyValueSpecification","valueRequired":true,"valueName":"search_term_string"}}],"inLanguage":"de"}]}},"_links":{"self":[{"href":"https:\/\/autobaak.nl\/de\/wp-json\/wp\/v2\/pages\/153911","targetHints":{"allow":["GET"]}}],"collection":[{"href":"https:\/\/autobaak.nl\/de\/wp-json\/wp\/v2\/pages"}],"about":[{"href":"https:\/\/autobaak.nl\/de\/wp-json\/wp\/v2\/types\/page"}],"author":[{"embeddable":true,"href":"https:\/\/autobaak.nl\/de\/wp-json\/wp\/v2\/users\/1"}],"replies":[{"embeddable":true,"href":"https:\/\/autobaak.nl\/de\/wp-json\/wp\/v2\/comments?post=153911"}],"version-history":[{"count":0,"href":"https:\/\/autobaak.nl\/de\/wp-json\/wp\/v2\/pages\/153911\/revisions"}],"wp:attachment":[{"href":"https:\/\/autobaak.nl\/de\/wp-json\/wp\/v2\/media?parent=153911"}],"curies":[{"name":"wp","href":"https:\/\/api.w.org\/{rel}","templated":true}]}}