{"id":153917,"date":"2022-09-21T16:24:34","date_gmt":"2022-09-21T14:24:34","guid":{"rendered":"https:\/\/autobaak.nl\/?page_id=153917"},"modified":"2022-09-21T16:25:26","modified_gmt":"2022-09-21T14:25:26","slug":"subaru-xv-zahnriemen-oder-kette","status":"publish","type":"page","link":"https:\/\/autobaak.nl\/de\/subaru-xv-zahnriemen-oder-kette\/","title":{"rendered":"Subaru XV Zahnriemen oder Kette?"},"content":{"rendered":"<p>[et_pb_section fb_built=\"1\u2033 _builder_version=\"4.16\u2033 custom_padding=\"23px|||||\" global_colors_info=\"{}\"][et_pb_row column_structure=\"2_3,1_3\u2033 _builder_version=\"4.16\u2033 background_size=\"initial\" background_position=\"top_left\" background_repeat=\"repeat\" global_colors_info=\"{}\"][et_pb_column type=\"2_3\u2033 _builder_version=\"4.16\u2033 custom_padding=\"|||\" global_colors_info=\"{}\" custom_padding__hover=\"|||\"][et_pb_text _builder_version=\"4.18.0\u2033 background_size=\"initial\" background_position=\"top_left\" background_repeat=\"repeat\" use_border_color=\"off\" border_color=\"#ffffff\" border_style=\"solid\" global_colors_info=\"{}\"]<\/p>\n<h2>Hat der Subaru XV einen Zahnriemen oder eine Kette?<\/h2>\n<p>Beim XV der ersten Generation verwendet Subaru wartungsarme Steuerketten f\u00fcr den Antrieb des Motors. Daher ist der Austausch des Zahnriemens bei diesem XV kein Thema. Allerdings sollte die Steuerkette Ihres XV bei h\u00f6herer Laufleistung von der Werkstatt \u00fcberpr\u00fcft werden, um die korrekte Spannung der Kette zu kontrollieren. Lesen Sie mehr \u00fcber das Ersetzen eines <a href=\"https:\/\/autobaak.nl\/de\/erklarung-der-steuerkette-vorteile-nachteile-und-probleme\/\">Steuerkette<\/a>.<\/p>\n<p>[\/et_pb_text][\/et_pb_column][et_pb_column type=\"1_3\u2033 _builder_version=\"4.16\u2033 custom_padding=\"|||\" global_colors_info=\"{}\" custom_padding__hover=\"|||\"][et_pb_code _builder_version=\"4.17.4\u2033 text_orientation=\"centre\" z_index_tablet=\"500\u2033 global_module=\"1602\u2033 saved_tabs=\"all\" global_colors_info=\"{}\"][\/et_pb_code][\/et_pb_column][\/et_pb_row][\/et_pb_section]<\/p>","protected":false},"excerpt":{"rendered":"<p>Ist der Subaru XV mit einem Zahnriemen oder einer Kette ausgestattet? Bei der ersten Generation des XV verwendet Subaru wartungsarme Steuerketten f\u00fcr den Antrieb des Motors. Daher ist der Austausch des Zahnriemens bei diesem XV kein Thema. Allerdings sollte die Steuerkette Ihres XV bei h\u00f6heren Laufleistungen von der Werkstatt \u00fcberpr\u00fcft werden, um sicherzustellen, dass die [...]<\/p>","protected":false},"author":1,"featured_media":0,"parent":0,"menu_order":0,"comment_status":"closed","ping_status":"closed","template":"","meta":{"_et_pb_use_builder":"on","_et_pb_old_content":"","_et_gb_content_width":"","footnotes":""},"class_list":["post-153917","page","type-page","status-publish","hentry"],"yoast_head":"<!-- This site is optimized with the Yoast SEO plugin v27.5 - https:\/\/yoast.com\/product\/yoast-seo-wordpress\/ -->\n<title>Subaru XV distributieriem of ketting? - Autobaak.nl<\/title>\n<meta name=\"robots\" content=\"index, follow, max-snippet:-1, max-image-preview:large, max-video-preview:-1\" \/>\n<link rel=\"canonical\" href=\"https:\/\/autobaak.nl\/de\/subaru-xv-zahnriemen-oder-kette\/\" \/>\n<meta property=\"og:locale\" content=\"de_DE\" \/>\n<meta property=\"og:type\" content=\"article\" \/>\n<meta property=\"og:title\" content=\"Subaru XV distributieriem of ketting? - Autobaak.nl\" \/>\n<meta property=\"og:description\" content=\"Heeft de Subaru XV een distributieriem of ketting? Voor de eerste generatie XV gebruikt Subaru onderhoudsarme distributiekettingen om de motor aan te sturen. Het vervangen van de distributieriem is bij deze XV dan ook niet aan de orde. De distributieketting van uw XV moet echter bij hogere kilometerstanden door de werkplaats worden gecontroleerd om de [&hellip;]\" \/>\n<meta property=\"og:url\" content=\"https:\/\/autobaak.nl\/de\/subaru-xv-zahnriemen-oder-kette\/\" \/>\n<meta property=\"og:site_name\" content=\"Autobaak.nl\" \/>\n<meta property=\"article:modified_time\" content=\"2022-09-21T14:25:26+00:00\" \/>\n<meta name=\"twitter:card\" content=\"summary_large_image\" \/>\n<meta name=\"twitter:label1\" content=\"Gesch\u00e4tzte Lesezeit\" \/>\n\t<meta name=\"twitter:data1\" content=\"1\u00a0Minute\" \/>\n<script type=\"application\/ld+json\" class=\"yoast-schema-graph\">{\"@context\":\"https:\\\/\\\/schema.org\",\"@graph\":[{\"@type\":\"WebPage\",\"@id\":\"https:\\\/\\\/autobaak.nl\\\/subaru-xv-distributieriem-of-ketting\\\/\",\"url\":\"https:\\\/\\\/autobaak.nl\\\/subaru-xv-distributieriem-of-ketting\\\/\",\"name\":\"Subaru XV distributieriem of ketting? - Autobaak.nl\",\"isPartOf\":{\"@id\":\"https:\\\/\\\/autobaak.nl\\\/#website\"},\"datePublished\":\"2022-09-21T14:24:34+00:00\",\"dateModified\":\"2022-09-21T14:25:26+00:00\",\"breadcrumb\":{\"@id\":\"https:\\\/\\\/autobaak.nl\\\/subaru-xv-distributieriem-of-ketting\\\/#breadcrumb\"},\"inLanguage\":\"de\",\"potentialAction\":[{\"@type\":\"ReadAction\",\"target\":[\"https:\\\/\\\/autobaak.nl\\\/subaru-xv-distributieriem-of-ketting\\\/\"]}]},{\"@type\":\"BreadcrumbList\",\"@id\":\"https:\\\/\\\/autobaak.nl\\\/subaru-xv-distributieriem-of-ketting\\\/#breadcrumb\",\"itemListElement\":[{\"@type\":\"ListItem\",\"position\":1,\"name\":\"Home\",\"item\":\"https:\\\/\\\/autobaak.nl\\\/\"},{\"@type\":\"ListItem\",\"position\":2,\"name\":\"Subaru XV distributieriem of ketting?\"}]},{\"@type\":\"WebSite\",\"@id\":\"https:\\\/\\\/autobaak.nl\\\/#website\",\"url\":\"https:\\\/\\\/autobaak.nl\\\/\",\"name\":\"Autobaak.nl\",\"description\":\"Cars &amp; Racing\",\"potentialAction\":[{\"@type\":\"SearchAction\",\"target\":{\"@type\":\"EntryPoint\",\"urlTemplate\":\"https:\\\/\\\/autobaak.nl\\\/?s={search_term_string}\"},\"query-input\":{\"@type\":\"PropertyValueSpecification\",\"valueRequired\":true,\"valueName\":\"search_term_string\"}}],\"inLanguage\":\"de\"}]}<\/script>\n<!-- \/ Yoast SEO plugin. -->","yoast_head_json":{"title":"Subaru XV Zahnriemen oder Kette? - Autobaak.de","robots":{"index":"index","follow":"follow","max-snippet":"max-snippet:-1","max-image-preview":"max-image-preview:large","max-video-preview":"max-video-preview:-1"},"canonical":"https:\/\/autobaak.nl\/de\/subaru-xv-zahnriemen-oder-kette\/","og_locale":"de_DE","og_type":"article","og_title":"Subaru XV distributieriem of ketting? - Autobaak.nl","og_description":"Heeft de Subaru XV een distributieriem of ketting? Voor de eerste generatie XV gebruikt Subaru onderhoudsarme distributiekettingen om de motor aan te sturen. Het vervangen van de distributieriem is bij deze XV dan ook niet aan de orde. De distributieketting van uw XV moet echter bij hogere kilometerstanden door de werkplaats worden gecontroleerd om de [&hellip;]","og_url":"https:\/\/autobaak.nl\/de\/subaru-xv-zahnriemen-oder-kette\/","og_site_name":"Autobaak.nl","article_modified_time":"2022-09-21T14:25:26+00:00","twitter_card":"summary_large_image","twitter_misc":{"Gesch\u00e4tzte Lesezeit":"1\u00a0Minute"},"schema":{"@context":"https:\/\/schema.org","@graph":[{"@type":"WebPage","@id":"https:\/\/autobaak.nl\/subaru-xv-distributieriem-of-ketting\/","url":"https:\/\/autobaak.nl\/subaru-xv-distributieriem-of-ketting\/","name":"Subaru XV Zahnriemen oder Kette? - Autobaak.de","isPartOf":{"@id":"https:\/\/autobaak.nl\/#website"},"datePublished":"2022-09-21T14:24:34+00:00","dateModified":"2022-09-21T14:25:26+00:00","breadcrumb":{"@id":"https:\/\/autobaak.nl\/subaru-xv-distributieriem-of-ketting\/#breadcrumb"},"inLanguage":"de","potentialAction":[{"@type":"ReadAction","target":["https:\/\/autobaak.nl\/subaru-xv-distributieriem-of-ketting\/"]}]},{"@type":"BreadcrumbList","@id":"https:\/\/autobaak.nl\/subaru-xv-distributieriem-of-ketting\/#breadcrumb","itemListElement":[{"@type":"ListItem","position":1,"name":"Home","item":"https:\/\/autobaak.nl\/"},{"@type":"ListItem","position":2,"name":"Subaru XV distributieriem of ketting?"}]},{"@type":"WebSite","@id":"https:\/\/autobaak.nl\/#website","url":"https:\/\/autobaak.nl\/","name":"Autobook.de","description":"Autos &amp; Rennsport","potentialAction":[{"@type":"SearchAction","target":{"@type":"EntryPoint","urlTemplate":"https:\/\/autobaak.nl\/?s={search_term_string}"},"query-input":{"@type":"PropertyValueSpecification","valueRequired":true,"valueName":"search_term_string"}}],"inLanguage":"de"}]}},"_links":{"self":[{"href":"https:\/\/autobaak.nl\/de\/wp-json\/wp\/v2\/pages\/153917","targetHints":{"allow":["GET"]}}],"collection":[{"href":"https:\/\/autobaak.nl\/de\/wp-json\/wp\/v2\/pages"}],"about":[{"href":"https:\/\/autobaak.nl\/de\/wp-json\/wp\/v2\/types\/page"}],"author":[{"embeddable":true,"href":"https:\/\/autobaak.nl\/de\/wp-json\/wp\/v2\/users\/1"}],"replies":[{"embeddable":true,"href":"https:\/\/autobaak.nl\/de\/wp-json\/wp\/v2\/comments?post=153917"}],"version-history":[{"count":0,"href":"https:\/\/autobaak.nl\/de\/wp-json\/wp\/v2\/pages\/153917\/revisions"}],"wp:attachment":[{"href":"https:\/\/autobaak.nl\/de\/wp-json\/wp\/v2\/media?parent=153917"}],"curies":[{"name":"wp","href":"https:\/\/api.w.org\/{rel}","templated":true}]}}