{"id":153951,"date":"2022-09-21T19:58:07","date_gmt":"2022-09-21T17:58:07","guid":{"rendered":"https:\/\/autobaak.nl\/?page_id=153951"},"modified":"2022-09-21T19:58:07","modified_gmt":"2022-09-21T17:58:07","slug":"reifendruck-skoda-superb-combi","status":"publish","type":"page","link":"https:\/\/autobaak.nl\/de\/reifendruck-skoda-superb-combi\/","title":{"rendered":"Reifendruck Skoda Superb Combi"},"content":{"rendered":"<p>Sie suchen den Reifendruck f\u00fcr den Skoda Crossblade? In der untenstehenden \u00dcbersicht finden Sie die Skoda Crossblade Modelle und den richtigen Reifendruck:<\/p>\n<table class=\"table table-striped table-bordered table-hover table-responsive\">\n<thead class=\"thead-dark\">\n<tr>\n<th>Antrieb<\/th>\n<th>Gr\u00f6\u00dfe des Reifens<\/th>\n<th>Reifendruck Vorderr\u00e4der<\/th>\n<th>Reifendruck am Hinterrad<\/th>\n<th>Frontlader<\/th>\n<th>Laden Sie die R\u00fcckseite<\/th>\n<\/tr>\n<\/thead>\n<tbody>\n<tr>\n<td data-title=\"Aandrijving\"><strong>1.8 TSI<\/strong><\/td>\n<td data-title=\"Bandenmaat\">205 55 R16 94V XL<\/td>\n<td data-title=\"Bandenspanning voorwielen\">2.2<\/td>\n<td data-title=\"Bandenspanning achterwielen\">2.5<\/td>\n<td data-title=\"Voorkant beladen\">2.6<\/td>\n<td data-title=\"Achterkant beladen\">3.1<\/td>\n<\/tr>\n<tr>\n<td data-title=\"Aandrijving\"><strong>1.8 TSI<\/strong><\/td>\n<td data-title=\"Bandenmaat\">225 40 R18 92Y XL<\/td>\n<td data-title=\"Bandenspanning voorwielen\">2.2<\/td>\n<td data-title=\"Bandenspanning achterwielen\">2.2<\/td>\n<td data-title=\"Voorkant beladen\">2.5<\/td>\n<td data-title=\"Achterkant beladen\">2.9<\/td>\n<\/tr>\n<tr>\n<td data-title=\"Aandrijving\"><strong>1.8 TSI<\/strong><\/td>\n<td data-title=\"Bandenmaat\">225 45 R17 94W XL<\/td>\n<td data-title=\"Bandenspanning voorwielen\">2.2<\/td>\n<td data-title=\"Bandenspanning achterwielen\">2.2<\/td>\n<td data-title=\"Voorkant beladen\">2.5<\/td>\n<td data-title=\"Achterkant beladen\">3.0<\/td>\n<\/tr>\n<tr>\n<td data-title=\"Aandrijving\"><strong>3.6 V6 4\u00d74<\/strong><\/td>\n<td data-title=\"Bandenmaat\">225 40 R18 92Y XL<\/td>\n<td data-title=\"Bandenspanning voorwielen\">2.1<\/td>\n<td data-title=\"Bandenspanning achterwielen\">2.3<\/td>\n<td data-title=\"Voorkant beladen\">2.5<\/td>\n<td data-title=\"Achterkant beladen\">3.0<\/td>\n<\/tr>\n<tr>\n<td data-title=\"Aandrijving\"><strong>3.6 V6 4\u00d74<\/strong><\/td>\n<td data-title=\"Bandenmaat\">225 45 R17 94W XL<\/td>\n<td data-title=\"Bandenspanning voorwielen\">2.2<\/td>\n<td data-title=\"Bandenspanning achterwielen\">2.2<\/td>\n<td data-title=\"Voorkant beladen\">2.5<\/td>\n<td data-title=\"Achterkant beladen\">3.1<\/td>\n<\/tr>\n<\/tbody>\n<\/table>","protected":false},"excerpt":{"rendered":"<p>Sie suchen den Reifendruck f\u00fcr den Skoda Crossblade? In der folgenden \u00dcbersicht finden Sie die Skoda Crossblade-Modelle und den korrekten Reifendruck: Antrieb Reifengr\u00f6\u00dfe Reifendruck Vorderr\u00e4der Reifendruck Hinterr\u00e4der Vorderachse Hinterachse 1.8 TSI 205 55 R16 94V XL 2.2 2.5 2.6 3.1 1.8 TSI 225 40 R18 92Y XL 2.2 2.2 2.5 2.9 1.8 [...]<\/p>","protected":false},"author":1,"featured_media":0,"parent":0,"menu_order":0,"comment_status":"closed","ping_status":"closed","template":"","meta":{"_et_pb_use_builder":"","_et_pb_old_content":"","_et_gb_content_width":"","footnotes":""},"class_list":["post-153951","page","type-page","status-publish","hentry"],"yoast_head":"<!-- This site is optimized with the Yoast SEO plugin v27.4 - https:\/\/yoast.com\/product\/yoast-seo-wordpress\/ -->\n<title>Bandenspanning Skoda Superb Combi - Autobaak.nl<\/title>\n<meta name=\"robots\" content=\"index, follow, max-snippet:-1, max-image-preview:large, max-video-preview:-1\" \/>\n<link rel=\"canonical\" href=\"https:\/\/autobaak.nl\/de\/reifendruck-skoda-superb-combi\/\" \/>\n<meta property=\"og:locale\" content=\"de_DE\" \/>\n<meta property=\"og:type\" content=\"article\" \/>\n<meta property=\"og:title\" content=\"Bandenspanning Skoda Superb Combi - Autobaak.nl\" \/>\n<meta property=\"og:description\" content=\"Ben je op zoek naar de bandenspanning voor de Skoda Crossblade? In onderstaand overzicht de Skoda Crossblade modellen en de juiste bandenspanning: Aandrijving Bandenmaat Bandenspanning voorwielen Bandenspanning achterwielen Voorkant beladen Achterkant beladen 1.8 TSI 205 55 R16 94V XL 2.2 2.5 2.6 3.1 1.8 TSI 225 40 R18 92Y XL 2.2 2.2 2.5 2.9 1.8 [&hellip;]\" \/>\n<meta property=\"og:url\" content=\"https:\/\/autobaak.nl\/de\/reifendruck-skoda-superb-combi\/\" \/>\n<meta property=\"og:site_name\" content=\"Autobaak.nl\" \/>\n<meta name=\"twitter:card\" content=\"summary_large_image\" \/>\n<meta name=\"twitter:label1\" content=\"Gesch\u00e4tzte Lesezeit\" \/>\n\t<meta name=\"twitter:data1\" content=\"1\u00a0Minute\" \/>\n<script type=\"application\/ld+json\" class=\"yoast-schema-graph\">{\"@context\":\"https:\\\/\\\/schema.org\",\"@graph\":[{\"@type\":\"WebPage\",\"@id\":\"https:\\\/\\\/autobaak.nl\\\/bandenspanning-skoda-superb-combi\\\/\",\"url\":\"https:\\\/\\\/autobaak.nl\\\/bandenspanning-skoda-superb-combi\\\/\",\"name\":\"Bandenspanning Skoda Superb Combi - Autobaak.nl\",\"isPartOf\":{\"@id\":\"https:\\\/\\\/autobaak.nl\\\/#website\"},\"datePublished\":\"2022-09-21T17:58:07+00:00\",\"breadcrumb\":{\"@id\":\"https:\\\/\\\/autobaak.nl\\\/bandenspanning-skoda-superb-combi\\\/#breadcrumb\"},\"inLanguage\":\"de\",\"potentialAction\":[{\"@type\":\"ReadAction\",\"target\":[\"https:\\\/\\\/autobaak.nl\\\/bandenspanning-skoda-superb-combi\\\/\"]}]},{\"@type\":\"BreadcrumbList\",\"@id\":\"https:\\\/\\\/autobaak.nl\\\/bandenspanning-skoda-superb-combi\\\/#breadcrumb\",\"itemListElement\":[{\"@type\":\"ListItem\",\"position\":1,\"name\":\"Home\",\"item\":\"https:\\\/\\\/autobaak.nl\\\/\"},{\"@type\":\"ListItem\",\"position\":2,\"name\":\"Bandenspanning Skoda Superb Combi\"}]},{\"@type\":\"WebSite\",\"@id\":\"https:\\\/\\\/autobaak.nl\\\/#website\",\"url\":\"https:\\\/\\\/autobaak.nl\\\/\",\"name\":\"Autobaak.nl\",\"description\":\"Cars &amp; Racing\",\"potentialAction\":[{\"@type\":\"SearchAction\",\"target\":{\"@type\":\"EntryPoint\",\"urlTemplate\":\"https:\\\/\\\/autobaak.nl\\\/?s={search_term_string}\"},\"query-input\":{\"@type\":\"PropertyValueSpecification\",\"valueRequired\":true,\"valueName\":\"search_term_string\"}}],\"inLanguage\":\"de\"}]}<\/script>\n<!-- \/ Yoast SEO plugin. -->","yoast_head_json":{"title":"Reifendruck Skoda Superb Combi - Autobaak.de","robots":{"index":"index","follow":"follow","max-snippet":"max-snippet:-1","max-image-preview":"max-image-preview:large","max-video-preview":"max-video-preview:-1"},"canonical":"https:\/\/autobaak.nl\/de\/reifendruck-skoda-superb-combi\/","og_locale":"de_DE","og_type":"article","og_title":"Bandenspanning Skoda Superb Combi - Autobaak.nl","og_description":"Ben je op zoek naar de bandenspanning voor de Skoda Crossblade? In onderstaand overzicht de Skoda Crossblade modellen en de juiste bandenspanning: Aandrijving Bandenmaat Bandenspanning voorwielen Bandenspanning achterwielen Voorkant beladen Achterkant beladen 1.8 TSI 205 55 R16 94V XL 2.2 2.5 2.6 3.1 1.8 TSI 225 40 R18 92Y XL 2.2 2.2 2.5 2.9 1.8 [&hellip;]","og_url":"https:\/\/autobaak.nl\/de\/reifendruck-skoda-superb-combi\/","og_site_name":"Autobaak.nl","twitter_card":"summary_large_image","twitter_misc":{"Gesch\u00e4tzte Lesezeit":"1\u00a0Minute"},"schema":{"@context":"https:\/\/schema.org","@graph":[{"@type":"WebPage","@id":"https:\/\/autobaak.nl\/bandenspanning-skoda-superb-combi\/","url":"https:\/\/autobaak.nl\/bandenspanning-skoda-superb-combi\/","name":"Reifendruck Skoda Superb Combi - Autobaak.de","isPartOf":{"@id":"https:\/\/autobaak.nl\/#website"},"datePublished":"2022-09-21T17:58:07+00:00","breadcrumb":{"@id":"https:\/\/autobaak.nl\/bandenspanning-skoda-superb-combi\/#breadcrumb"},"inLanguage":"de","potentialAction":[{"@type":"ReadAction","target":["https:\/\/autobaak.nl\/bandenspanning-skoda-superb-combi\/"]}]},{"@type":"BreadcrumbList","@id":"https:\/\/autobaak.nl\/bandenspanning-skoda-superb-combi\/#breadcrumb","itemListElement":[{"@type":"ListItem","position":1,"name":"Home","item":"https:\/\/autobaak.nl\/"},{"@type":"ListItem","position":2,"name":"Bandenspanning Skoda Superb Combi"}]},{"@type":"WebSite","@id":"https:\/\/autobaak.nl\/#website","url":"https:\/\/autobaak.nl\/","name":"Autobook.de","description":"Autos &amp; Rennsport","potentialAction":[{"@type":"SearchAction","target":{"@type":"EntryPoint","urlTemplate":"https:\/\/autobaak.nl\/?s={search_term_string}"},"query-input":{"@type":"PropertyValueSpecification","valueRequired":true,"valueName":"search_term_string"}}],"inLanguage":"de"}]}},"_links":{"self":[{"href":"https:\/\/autobaak.nl\/de\/wp-json\/wp\/v2\/pages\/153951","targetHints":{"allow":["GET"]}}],"collection":[{"href":"https:\/\/autobaak.nl\/de\/wp-json\/wp\/v2\/pages"}],"about":[{"href":"https:\/\/autobaak.nl\/de\/wp-json\/wp\/v2\/types\/page"}],"author":[{"embeddable":true,"href":"https:\/\/autobaak.nl\/de\/wp-json\/wp\/v2\/users\/1"}],"replies":[{"embeddable":true,"href":"https:\/\/autobaak.nl\/de\/wp-json\/wp\/v2\/comments?post=153951"}],"version-history":[{"count":0,"href":"https:\/\/autobaak.nl\/de\/wp-json\/wp\/v2\/pages\/153951\/revisions"}],"wp:attachment":[{"href":"https:\/\/autobaak.nl\/de\/wp-json\/wp\/v2\/media?parent=153951"}],"curies":[{"name":"wp","href":"https:\/\/api.w.org\/{rel}","templated":true}]}}