{"id":154096,"date":"2022-09-23T14:18:16","date_gmt":"2022-09-23T12:18:16","guid":{"rendered":"https:\/\/autobaak.nl\/?page_id=154096"},"modified":"2022-09-23T14:18:16","modified_gmt":"2022-09-23T12:18:16","slug":"peugeot-607-reifendruck","status":"publish","type":"page","link":"https:\/\/autobaak.nl\/de\/peugeot-607-reifendruck\/","title":{"rendered":"Reifendruck Peugeot 607"},"content":{"rendered":"<p>Was ist der richtige Reifendruck f\u00fcr den Peugeot 607? Eine \u00dcbersicht auf dieser Seite:<\/p>\n<table class=\"table table-striped table-bordered table-hover table-responsive\">\n<thead class=\"thead-dark\">\n<tr>\n<th>Antrieb<\/th>\n<th>Gr\u00f6\u00dfe des Reifens<\/th>\n<th>Reifendruck Vorderr\u00e4der<\/th>\n<th>Reifendruck am Hinterrad<\/th>\n<th>Frontlader<\/th>\n<th>Laden Sie die R\u00fcckseite<\/th>\n<\/tr>\n<\/thead>\n<tbody>\n<tr>\n<td data-title=\"Aandrijving\"><strong>2.0<\/strong><\/td>\n<td data-title=\"Bandenmaat\">225 50 R17 94W<\/td>\n<td data-title=\"Bandenspanning voorwielen\">2.3<\/td>\n<td data-title=\"Bandenspanning achterwielen\">2.3<\/td>\n<td data-title=\"Voorkant beladen\">2.3<\/td>\n<td data-title=\"Achterkant beladen\">2.3<\/td>\n<\/tr>\n<tr>\n<td data-title=\"Aandrijving\"><strong>2.0<\/strong><\/td>\n<td data-title=\"Bandenmaat\">225 55 R16 95W<\/td>\n<td data-title=\"Bandenspanning voorwielen\">2.3<\/td>\n<td data-title=\"Bandenspanning achterwielen\">2.3<\/td>\n<td data-title=\"Voorkant beladen\">2.3<\/td>\n<td data-title=\"Achterkant beladen\">2.3<\/td>\n<\/tr>\n<tr>\n<td data-title=\"Aandrijving\"><strong>2.0 HDI<\/strong><\/td>\n<td data-title=\"Bandenmaat\">205 65 R15 94H<\/td>\n<td data-title=\"Bandenspanning voorwielen\">2.3<\/td>\n<td data-title=\"Bandenspanning achterwielen\">2.3<\/td>\n<td data-title=\"Voorkant beladen\">2.3<\/td>\n<td data-title=\"Achterkant beladen\">2.3<\/td>\n<\/tr>\n<tr>\n<td data-title=\"Aandrijving\"><strong>2.0 HDI<\/strong><\/td>\n<td data-title=\"Bandenmaat\">215 60 R16 95V<\/td>\n<td data-title=\"Bandenspanning voorwielen\">2.3<\/td>\n<td data-title=\"Bandenspanning achterwielen\">2.3<\/td>\n<td data-title=\"Voorkant beladen\">2.3<\/td>\n<td data-title=\"Achterkant beladen\">2.3<\/td>\n<\/tr>\n<tr>\n<td data-title=\"Aandrijving\"><strong>2.0 HDI<\/strong><\/td>\n<td data-title=\"Bandenmaat\">225 55 R16 95W<\/td>\n<td data-title=\"Bandenspanning voorwielen\">2.3<\/td>\n<td data-title=\"Bandenspanning achterwielen\">2.3<\/td>\n<td data-title=\"Voorkant beladen\">2.3<\/td>\n<td data-title=\"Achterkant beladen\">2.3<\/td>\n<\/tr>\n<tr>\n<td data-title=\"Aandrijving\"><strong>2.2 HDI - 135<\/strong><\/td>\n<td data-title=\"Bandenmaat\">215 60 R16 95V<\/td>\n<td data-title=\"Bandenspanning voorwielen\">2.3<\/td>\n<td data-title=\"Bandenspanning achterwielen\">2.3<\/td>\n<td data-title=\"Voorkant beladen\">2.3<\/td>\n<td data-title=\"Achterkant beladen\">2.3<\/td>\n<\/tr>\n<tr>\n<td data-title=\"Aandrijving\"><strong>2.2 HDI - 135<\/strong><\/td>\n<td data-title=\"Bandenmaat\">225 50 R17 94W<\/td>\n<td data-title=\"Bandenspanning voorwielen\">2.3<\/td>\n<td data-title=\"Bandenspanning achterwielen\">2.3<\/td>\n<td data-title=\"Voorkant beladen\">2.3<\/td>\n<td data-title=\"Achterkant beladen\">2.3<\/td>\n<\/tr>\n<tr>\n<td data-title=\"Aandrijving\"><strong>2.2 HDI - 135<\/strong><\/td>\n<td data-title=\"Bandenmaat\">225 55 R16 95W<\/td>\n<td data-title=\"Bandenspanning voorwielen\">2.3<\/td>\n<td data-title=\"Bandenspanning achterwielen\">2.3<\/td>\n<td data-title=\"Voorkant beladen\">2.3<\/td>\n<td data-title=\"Achterkant beladen\">2.3<\/td>\n<\/tr>\n<tr>\n<td data-title=\"Aandrijving\"><strong>2.2 - 160<\/strong><\/td>\n<td data-title=\"Bandenmaat\">215 60 R16 95V<\/td>\n<td data-title=\"Bandenspanning voorwielen\">2.3<\/td>\n<td data-title=\"Bandenspanning achterwielen\">2.3<\/td>\n<td data-title=\"Voorkant beladen\">2.3<\/td>\n<td data-title=\"Achterkant beladen\">2.3<\/td>\n<\/tr>\n<tr>\n<td data-title=\"Aandrijving\"><strong>2.2 - 160<\/strong><\/td>\n<td data-title=\"Bandenmaat\">225 50 R17 94W<\/td>\n<td data-title=\"Bandenspanning voorwielen\">2.3<\/td>\n<td data-title=\"Bandenspanning achterwielen\">2.3<\/td>\n<td data-title=\"Voorkant beladen\">2.3<\/td>\n<td data-title=\"Achterkant beladen\">2.3<\/td>\n<\/tr>\n<tr>\n<td data-title=\"Aandrijving\"><strong>2.2 - 160<\/strong><\/td>\n<td data-title=\"Bandenmaat\">225 55 R16 95W<\/td>\n<td data-title=\"Bandenspanning voorwielen\">2.3<\/td>\n<td data-title=\"Bandenspanning achterwielen\">2.3<\/td>\n<td data-title=\"Voorkant beladen\">2.3<\/td>\n<td data-title=\"Achterkant beladen\">2.3<\/td>\n<\/tr>\n<tr>\n<td data-title=\"Aandrijving\"><strong>2.7 HDI - 205<\/strong><\/td>\n<td data-title=\"Bandenmaat\">225 50 R17 94W<\/td>\n<td data-title=\"Bandenspanning voorwielen\">2.5<\/td>\n<td data-title=\"Bandenspanning achterwielen\">2.3<\/td>\n<td data-title=\"Voorkant beladen\">2.5<\/td>\n<td data-title=\"Achterkant beladen\">2.3<\/td>\n<\/tr>\n<tr>\n<td data-title=\"Aandrijving\"><strong>3.0 V6<\/strong><\/td>\n<td data-title=\"Bandenmaat\">215 60 R16 95W<\/td>\n<td data-title=\"Bandenspanning voorwielen\">2.3<\/td>\n<td data-title=\"Bandenspanning achterwielen\">2.3<\/td>\n<td data-title=\"Voorkant beladen\">2.3<\/td>\n<td data-title=\"Achterkant beladen\">2.3<\/td>\n<\/tr>\n<tr>\n<td data-title=\"Aandrijving\"><strong>3.0 V6<\/strong><\/td>\n<td data-title=\"Bandenmaat\">225 50 R17 94W<\/td>\n<td data-title=\"Bandenspanning voorwielen\">2.3<\/td>\n<td data-title=\"Bandenspanning achterwielen\">2.3<\/td>\n<td data-title=\"Voorkant beladen\">2.3<\/td>\n<td data-title=\"Achterkant beladen\">2.3<\/td>\n<\/tr>\n<tr>\n<td data-title=\"Aandrijving\"><strong>3.0 V6<\/strong><\/td>\n<td data-title=\"Bandenmaat\">225 55 R16 95W<\/td>\n<td data-title=\"Bandenspanning voorwielen\">2.3<\/td>\n<td data-title=\"Bandenspanning achterwielen\">2.3<\/td>\n<td data-title=\"Voorkant beladen\">2.3<\/td>\n<td data-title=\"Achterkant beladen\">2.3<\/td>\n<\/tr>\n<\/tbody>\n<\/table>","protected":false},"excerpt":{"rendered":"<p>Was ist der richtige Reifendruck f\u00fcr den Peugeot 607? Eine \u00dcbersicht auf dieser Seite: Antriebsstrang Reifengr\u00f6\u00dfe Reifendruck Vorderr\u00e4der Reifendruck Hinterr\u00e4der Vorne beladen Hinten beladen 2.0 225 50 R17 94W 2.3 2.3 2.3 2.3 2.0 225 55 R16 95W 2.3 2.3 2.3 2.3 2.3 2.0 HDI 205 65 R15 94H 2.3 2.3 2.3 2.3 2.0 HDI 215 [...]<\/p>","protected":false},"author":1,"featured_media":0,"parent":0,"menu_order":0,"comment_status":"closed","ping_status":"closed","template":"","meta":{"_et_pb_use_builder":"","_et_pb_old_content":"","_et_gb_content_width":"","footnotes":""},"class_list":["post-154096","page","type-page","status-publish","hentry"],"yoast_head":"<!-- This site is optimized with the Yoast SEO plugin v27.5 - https:\/\/yoast.com\/product\/yoast-seo-wordpress\/ -->\n<title>Bandenspanning Peugeot 607 - Autobaak.nl<\/title>\n<meta name=\"robots\" content=\"index, follow, max-snippet:-1, max-image-preview:large, max-video-preview:-1\" \/>\n<link rel=\"canonical\" href=\"https:\/\/autobaak.nl\/de\/peugeot-607-reifendruck\/\" \/>\n<meta property=\"og:locale\" content=\"de_DE\" \/>\n<meta property=\"og:type\" content=\"article\" \/>\n<meta property=\"og:title\" content=\"Bandenspanning Peugeot 607 - Autobaak.nl\" \/>\n<meta property=\"og:description\" content=\"Wat is de juiste bandenspanning voor de Peugeot 607? Op deze pagina een overzicht: Aandrijving Bandenmaat Bandenspanning voorwielen Bandenspanning achterwielen Voorkant beladen Achterkant beladen 2.0 225 50 R17 94W 2.3 2.3 2.3 2.3 2.0 225 55 R16 95W 2.3 2.3 2.3 2.3 2.0 HDI 205 65 R15 94H 2.3 2.3 2.3 2.3 2.0 HDI 215 [&hellip;]\" \/>\n<meta property=\"og:url\" content=\"https:\/\/autobaak.nl\/de\/peugeot-607-reifendruck\/\" \/>\n<meta property=\"og:site_name\" content=\"Autobaak.nl\" \/>\n<meta name=\"twitter:card\" content=\"summary_large_image\" \/>\n<meta name=\"twitter:label1\" content=\"Gesch\u00e4tzte Lesezeit\" \/>\n\t<meta name=\"twitter:data1\" content=\"1\u00a0Minute\" \/>\n<script type=\"application\/ld+json\" class=\"yoast-schema-graph\">{\"@context\":\"https:\\\/\\\/schema.org\",\"@graph\":[{\"@type\":\"WebPage\",\"@id\":\"https:\\\/\\\/autobaak.nl\\\/bandenspanning-peugeot-607\\\/\",\"url\":\"https:\\\/\\\/autobaak.nl\\\/bandenspanning-peugeot-607\\\/\",\"name\":\"Bandenspanning Peugeot 607 - Autobaak.nl\",\"isPartOf\":{\"@id\":\"https:\\\/\\\/autobaak.nl\\\/#website\"},\"datePublished\":\"2022-09-23T12:18:16+00:00\",\"breadcrumb\":{\"@id\":\"https:\\\/\\\/autobaak.nl\\\/bandenspanning-peugeot-607\\\/#breadcrumb\"},\"inLanguage\":\"de\",\"potentialAction\":[{\"@type\":\"ReadAction\",\"target\":[\"https:\\\/\\\/autobaak.nl\\\/bandenspanning-peugeot-607\\\/\"]}]},{\"@type\":\"BreadcrumbList\",\"@id\":\"https:\\\/\\\/autobaak.nl\\\/bandenspanning-peugeot-607\\\/#breadcrumb\",\"itemListElement\":[{\"@type\":\"ListItem\",\"position\":1,\"name\":\"Home\",\"item\":\"https:\\\/\\\/autobaak.nl\\\/\"},{\"@type\":\"ListItem\",\"position\":2,\"name\":\"Bandenspanning Peugeot 607\"}]},{\"@type\":\"WebSite\",\"@id\":\"https:\\\/\\\/autobaak.nl\\\/#website\",\"url\":\"https:\\\/\\\/autobaak.nl\\\/\",\"name\":\"Autobaak.nl\",\"description\":\"Cars &amp; Racing\",\"potentialAction\":[{\"@type\":\"SearchAction\",\"target\":{\"@type\":\"EntryPoint\",\"urlTemplate\":\"https:\\\/\\\/autobaak.nl\\\/?s={search_term_string}\"},\"query-input\":{\"@type\":\"PropertyValueSpecification\",\"valueRequired\":true,\"valueName\":\"search_term_string\"}}],\"inLanguage\":\"de\"}]}<\/script>\n<!-- \/ Yoast SEO plugin. -->","yoast_head_json":{"title":"Reifendruck Peugeot 607 - Autobaak.de","robots":{"index":"index","follow":"follow","max-snippet":"max-snippet:-1","max-image-preview":"max-image-preview:large","max-video-preview":"max-video-preview:-1"},"canonical":"https:\/\/autobaak.nl\/de\/peugeot-607-reifendruck\/","og_locale":"de_DE","og_type":"article","og_title":"Bandenspanning Peugeot 607 - Autobaak.nl","og_description":"Wat is de juiste bandenspanning voor de Peugeot 607? Op deze pagina een overzicht: Aandrijving Bandenmaat Bandenspanning voorwielen Bandenspanning achterwielen Voorkant beladen Achterkant beladen 2.0 225 50 R17 94W 2.3 2.3 2.3 2.3 2.0 225 55 R16 95W 2.3 2.3 2.3 2.3 2.0 HDI 205 65 R15 94H 2.3 2.3 2.3 2.3 2.0 HDI 215 [&hellip;]","og_url":"https:\/\/autobaak.nl\/de\/peugeot-607-reifendruck\/","og_site_name":"Autobaak.nl","twitter_card":"summary_large_image","twitter_misc":{"Gesch\u00e4tzte Lesezeit":"1\u00a0Minute"},"schema":{"@context":"https:\/\/schema.org","@graph":[{"@type":"WebPage","@id":"https:\/\/autobaak.nl\/bandenspanning-peugeot-607\/","url":"https:\/\/autobaak.nl\/bandenspanning-peugeot-607\/","name":"Reifendruck Peugeot 607 - Autobaak.de","isPartOf":{"@id":"https:\/\/autobaak.nl\/#website"},"datePublished":"2022-09-23T12:18:16+00:00","breadcrumb":{"@id":"https:\/\/autobaak.nl\/bandenspanning-peugeot-607\/#breadcrumb"},"inLanguage":"de","potentialAction":[{"@type":"ReadAction","target":["https:\/\/autobaak.nl\/bandenspanning-peugeot-607\/"]}]},{"@type":"BreadcrumbList","@id":"https:\/\/autobaak.nl\/bandenspanning-peugeot-607\/#breadcrumb","itemListElement":[{"@type":"ListItem","position":1,"name":"Home","item":"https:\/\/autobaak.nl\/"},{"@type":"ListItem","position":2,"name":"Bandenspanning Peugeot 607"}]},{"@type":"WebSite","@id":"https:\/\/autobaak.nl\/#website","url":"https:\/\/autobaak.nl\/","name":"Autobook.de","description":"Autos &amp; Rennsport","potentialAction":[{"@type":"SearchAction","target":{"@type":"EntryPoint","urlTemplate":"https:\/\/autobaak.nl\/?s={search_term_string}"},"query-input":{"@type":"PropertyValueSpecification","valueRequired":true,"valueName":"search_term_string"}}],"inLanguage":"de"}]}},"_links":{"self":[{"href":"https:\/\/autobaak.nl\/de\/wp-json\/wp\/v2\/pages\/154096","targetHints":{"allow":["GET"]}}],"collection":[{"href":"https:\/\/autobaak.nl\/de\/wp-json\/wp\/v2\/pages"}],"about":[{"href":"https:\/\/autobaak.nl\/de\/wp-json\/wp\/v2\/types\/page"}],"author":[{"embeddable":true,"href":"https:\/\/autobaak.nl\/de\/wp-json\/wp\/v2\/users\/1"}],"replies":[{"embeddable":true,"href":"https:\/\/autobaak.nl\/de\/wp-json\/wp\/v2\/comments?post=154096"}],"version-history":[{"count":0,"href":"https:\/\/autobaak.nl\/de\/wp-json\/wp\/v2\/pages\/154096\/revisions"}],"wp:attachment":[{"href":"https:\/\/autobaak.nl\/de\/wp-json\/wp\/v2\/media?parent=154096"}],"curies":[{"name":"wp","href":"https:\/\/api.w.org\/{rel}","templated":true}]}}