{"id":154113,"date":"2022-09-23T15:42:58","date_gmt":"2022-09-23T13:42:58","guid":{"rendered":"https:\/\/autobaak.nl\/?page_id=154113"},"modified":"2022-09-23T15:52:45","modified_gmt":"2022-09-23T13:52:45","slug":"reifendruck-kia-niro","status":"publish","type":"page","link":"https:\/\/autobaak.nl\/de\/reifendruck-kia-niro\/","title":{"rendered":"Reifendruck Kia Niro"},"content":{"rendered":"<p>Der richtige Reifendruck Kia Niro im \u00dcberblick. Sie suchen den richtigen Reifendruck? In der folgenden \u00dcbersicht finden Sie die Modelle und die entsprechenden <a href=\"https:\/\/autobaak.nl\/de\/reifendruck-auto\/\">Reifendruck<\/a>:<\/p>\n<h2>Kia Niro 1.6 Plugin-Hybrid 141<\/h2>\n<div class=\"Pressures_tableContainer__17W9a\">\n<table class=\"Pressures_tablePressures__1WkUq\">\n<caption>\u00a0<\/caption>\n<tbody>\n<tr class=\"Pressures_tableTitles__3CcWE\">\n<th scope=\"col\">Gr\u00f6\u00dfe des Reifens<\/th>\n<th scope=\"col\">Reifendruck f\u00fcr<\/th>\n<th scope=\"col\">Reifendruck hinten<\/th>\n<th scope=\"col\">Reifendruck bei voller Beladung<\/th>\n<th scope=\"col\">Reifendruck hinten bei voller Beladung<\/th>\n<\/tr>\n<tr class=\"Pressures_rowPressures__m5i7q\">\n<th scope=\"row\">205\/60 R16 92H<\/th>\n<td>2,5 bar<\/td>\n<td>2,5 bar<\/td>\n<td>2,5 bar<\/td>\n<td>2,5 bar<\/td>\n<\/tr>\n<tr class=\"Pressures_rowPressures__m5i7q\">\n<th scope=\"row\">225\/45 R18 91W<\/th>\n<td>2,5 bar<\/td>\n<td>2,5 bar<\/td>\n<td>2,5 bar<\/td>\n<td>2,5 bar<\/td>\n<\/tr>\n<\/tbody>\n<\/table>\n<\/div>\n<h3>Kia Niro 1.6 Hybrid 141<\/h3>\n<div class=\"Pressures_tableContainer__17W9a\">\n<table class=\"Pressures_tablePressures__1WkUq\">\n<caption>\u00a0<\/caption>\n<tbody>\n<tr class=\"Pressures_tableTitles__3CcWE\">\n<th scope=\"col\">Gr\u00f6\u00dfe des Reifens<\/th>\n<th scope=\"col\">Reifendruck f\u00fcr<\/th>\n<th scope=\"col\">Reifendruck hinten<\/th>\n<th scope=\"col\">Reifendruck bei voller Beladung<\/th>\n<th scope=\"col\">Reifendruck hinten bei voller Beladung<\/th>\n<\/tr>\n<tr class=\"Pressures_rowPressures__m5i7q\">\n<th scope=\"row\">205\/60 R16 92H<\/th>\n<td>2,5 bar<\/td>\n<td>2,5 bar<\/td>\n<td>2,5 bar<\/td>\n<td>2,5 bar<\/td>\n<\/tr>\n<tr class=\"Pressures_rowPressures__m5i7q\">\n<th scope=\"row\">225\/45 R18 91W<\/th>\n<td>2,5 bar<\/td>\n<td>2,5 bar<\/td>\n<td>2,5 bar<\/td>\n<td>2,5 bar<\/td>\n<\/tr>\n<\/tbody>\n<\/table>\n<\/div>","protected":false},"excerpt":{"rendered":"<p>Der richtige Reifendruck Kia Niro im \u00dcberblick. Sie suchen nach dem richtigen Reifendruck f\u00fcr Ihren Kia Niro? In der folgenden \u00dcbersicht finden Sie die Modelle und den dazugeh\u00f6rigen Reifendruck: Kia Niro 1.6 Plugin Hybrid 141 Reifengr\u00f6\u00dfe Reifendruck vorne Reifendruck hinten Reifendruck vorne bei voller Beladung Reifendruck hinten bei voller Beladung 205\/60 R16 92H 2.5 bar 2.5<\/p>","protected":false},"author":1,"featured_media":154119,"parent":0,"menu_order":0,"comment_status":"closed","ping_status":"closed","template":"","meta":{"_et_pb_use_builder":"","_et_pb_old_content":"","_et_gb_content_width":"","footnotes":""},"class_list":["post-154113","page","type-page","status-publish","has-post-thumbnail","hentry"],"yoast_head":"<!-- This site is optimized with the Yoast SEO plugin v27.4 - https:\/\/yoast.com\/product\/yoast-seo-wordpress\/ -->\n<title>Bandenspanning Kia Niro - Autobaak.nl<\/title>\n<meta name=\"description\" content=\"Overzicht juiste bandenspanning Kia Niro. Op deze pagina een lijst met de aanbevolen bandenspanning voor jouw Kia Niro.\" \/>\n<meta name=\"robots\" content=\"index, follow, max-snippet:-1, max-image-preview:large, max-video-preview:-1\" \/>\n<link rel=\"canonical\" href=\"https:\/\/autobaak.nl\/de\/reifendruck-kia-niro\/\" \/>\n<meta property=\"og:locale\" content=\"de_DE\" \/>\n<meta property=\"og:type\" content=\"article\" \/>\n<meta property=\"og:title\" content=\"Bandenspanning Kia Niro - Autobaak.nl\" \/>\n<meta property=\"og:description\" content=\"Overzicht juiste bandenspanning Kia Niro. Op deze pagina een lijst met de aanbevolen bandenspanning voor jouw Kia Niro.\" \/>\n<meta property=\"og:url\" content=\"https:\/\/autobaak.nl\/de\/reifendruck-kia-niro\/\" \/>\n<meta property=\"og:site_name\" content=\"Autobaak.nl\" \/>\n<meta property=\"article:modified_time\" content=\"2022-09-23T13:52:45+00:00\" \/>\n<meta property=\"og:image\" content=\"https:\/\/autobaak.nl\/wp-content\/uploads\/2022\/09\/kia.jpg\" \/>\n\t<meta property=\"og:image:width\" content=\"1455\" \/>\n\t<meta property=\"og:image:height\" content=\"952\" \/>\n\t<meta property=\"og:image:type\" content=\"image\/jpeg\" \/>\n<meta name=\"twitter:card\" content=\"summary_large_image\" \/>\n<meta name=\"twitter:label1\" content=\"Gesch\u00e4tzte Lesezeit\" \/>\n\t<meta name=\"twitter:data1\" content=\"1\u00a0Minute\" \/>\n<script type=\"application\/ld+json\" class=\"yoast-schema-graph\">{\"@context\":\"https:\\\/\\\/schema.org\",\"@graph\":[{\"@type\":\"WebPage\",\"@id\":\"https:\\\/\\\/autobaak.nl\\\/bandenspanning-kia-niro\\\/\",\"url\":\"https:\\\/\\\/autobaak.nl\\\/bandenspanning-kia-niro\\\/\",\"name\":\"Bandenspanning Kia Niro - Autobaak.nl\",\"isPartOf\":{\"@id\":\"https:\\\/\\\/autobaak.nl\\\/#website\"},\"primaryImageOfPage\":{\"@id\":\"https:\\\/\\\/autobaak.nl\\\/bandenspanning-kia-niro\\\/#primaryimage\"},\"image\":{\"@id\":\"https:\\\/\\\/autobaak.nl\\\/bandenspanning-kia-niro\\\/#primaryimage\"},\"thumbnailUrl\":\"https:\\\/\\\/autobaak.nl\\\/wp-content\\\/uploads\\\/2022\\\/09\\\/kia.jpg\",\"datePublished\":\"2022-09-23T13:42:58+00:00\",\"dateModified\":\"2022-09-23T13:52:45+00:00\",\"description\":\"Overzicht juiste bandenspanning Kia Niro. Op deze pagina een lijst met de aanbevolen bandenspanning voor jouw Kia Niro.\",\"breadcrumb\":{\"@id\":\"https:\\\/\\\/autobaak.nl\\\/bandenspanning-kia-niro\\\/#breadcrumb\"},\"inLanguage\":\"de\",\"potentialAction\":[{\"@type\":\"ReadAction\",\"target\":[\"https:\\\/\\\/autobaak.nl\\\/bandenspanning-kia-niro\\\/\"]}]},{\"@type\":\"ImageObject\",\"inLanguage\":\"de\",\"@id\":\"https:\\\/\\\/autobaak.nl\\\/bandenspanning-kia-niro\\\/#primaryimage\",\"url\":\"https:\\\/\\\/autobaak.nl\\\/wp-content\\\/uploads\\\/2022\\\/09\\\/kia.jpg\",\"contentUrl\":\"https:\\\/\\\/autobaak.nl\\\/wp-content\\\/uploads\\\/2022\\\/09\\\/kia.jpg\",\"width\":1455,\"height\":952},{\"@type\":\"BreadcrumbList\",\"@id\":\"https:\\\/\\\/autobaak.nl\\\/bandenspanning-kia-niro\\\/#breadcrumb\",\"itemListElement\":[{\"@type\":\"ListItem\",\"position\":1,\"name\":\"Home\",\"item\":\"https:\\\/\\\/autobaak.nl\\\/\"},{\"@type\":\"ListItem\",\"position\":2,\"name\":\"Bandenspanning Kia Niro\"}]},{\"@type\":\"WebSite\",\"@id\":\"https:\\\/\\\/autobaak.nl\\\/#website\",\"url\":\"https:\\\/\\\/autobaak.nl\\\/\",\"name\":\"Autobaak.nl\",\"description\":\"Cars &amp; Racing\",\"potentialAction\":[{\"@type\":\"SearchAction\",\"target\":{\"@type\":\"EntryPoint\",\"urlTemplate\":\"https:\\\/\\\/autobaak.nl\\\/?s={search_term_string}\"},\"query-input\":{\"@type\":\"PropertyValueSpecification\",\"valueRequired\":true,\"valueName\":\"search_term_string\"}}],\"inLanguage\":\"de\"}]}<\/script>\n<!-- \/ Yoast SEO plugin. -->","yoast_head_json":{"title":"Reifendruck Kia Niro - Autobaak.de","description":"\u00dcbersicht richtiger Reifendruck Kia Niro. Auf dieser Seite finden Sie die empfohlenen Reifendr\u00fccke f\u00fcr Ihren Kia Niro.","robots":{"index":"index","follow":"follow","max-snippet":"max-snippet:-1","max-image-preview":"max-image-preview:large","max-video-preview":"max-video-preview:-1"},"canonical":"https:\/\/autobaak.nl\/de\/reifendruck-kia-niro\/","og_locale":"de_DE","og_type":"article","og_title":"Bandenspanning Kia Niro - Autobaak.nl","og_description":"Overzicht juiste bandenspanning Kia Niro. Op deze pagina een lijst met de aanbevolen bandenspanning voor jouw Kia Niro.","og_url":"https:\/\/autobaak.nl\/de\/reifendruck-kia-niro\/","og_site_name":"Autobaak.nl","article_modified_time":"2022-09-23T13:52:45+00:00","og_image":[{"width":1455,"height":952,"url":"https:\/\/autobaak.nl\/wp-content\/uploads\/2022\/09\/kia.jpg","type":"image\/jpeg"}],"twitter_card":"summary_large_image","twitter_misc":{"Gesch\u00e4tzte Lesezeit":"1\u00a0Minute"},"schema":{"@context":"https:\/\/schema.org","@graph":[{"@type":"WebPage","@id":"https:\/\/autobaak.nl\/bandenspanning-kia-niro\/","url":"https:\/\/autobaak.nl\/bandenspanning-kia-niro\/","name":"Reifendruck Kia Niro - Autobaak.de","isPartOf":{"@id":"https:\/\/autobaak.nl\/#website"},"primaryImageOfPage":{"@id":"https:\/\/autobaak.nl\/bandenspanning-kia-niro\/#primaryimage"},"image":{"@id":"https:\/\/autobaak.nl\/bandenspanning-kia-niro\/#primaryimage"},"thumbnailUrl":"https:\/\/autobaak.nl\/wp-content\/uploads\/2022\/09\/kia.jpg","datePublished":"2022-09-23T13:42:58+00:00","dateModified":"2022-09-23T13:52:45+00:00","description":"\u00dcbersicht richtiger Reifendruck Kia Niro. Auf dieser Seite finden Sie die empfohlenen Reifendr\u00fccke f\u00fcr Ihren Kia Niro.","breadcrumb":{"@id":"https:\/\/autobaak.nl\/bandenspanning-kia-niro\/#breadcrumb"},"inLanguage":"de","potentialAction":[{"@type":"ReadAction","target":["https:\/\/autobaak.nl\/bandenspanning-kia-niro\/"]}]},{"@type":"ImageObject","inLanguage":"de","@id":"https:\/\/autobaak.nl\/bandenspanning-kia-niro\/#primaryimage","url":"https:\/\/autobaak.nl\/wp-content\/uploads\/2022\/09\/kia.jpg","contentUrl":"https:\/\/autobaak.nl\/wp-content\/uploads\/2022\/09\/kia.jpg","width":1455,"height":952},{"@type":"BreadcrumbList","@id":"https:\/\/autobaak.nl\/bandenspanning-kia-niro\/#breadcrumb","itemListElement":[{"@type":"ListItem","position":1,"name":"Home","item":"https:\/\/autobaak.nl\/"},{"@type":"ListItem","position":2,"name":"Bandenspanning Kia Niro"}]},{"@type":"WebSite","@id":"https:\/\/autobaak.nl\/#website","url":"https:\/\/autobaak.nl\/","name":"Autobook.de","description":"Autos &amp; Rennsport","potentialAction":[{"@type":"SearchAction","target":{"@type":"EntryPoint","urlTemplate":"https:\/\/autobaak.nl\/?s={search_term_string}"},"query-input":{"@type":"PropertyValueSpecification","valueRequired":true,"valueName":"search_term_string"}}],"inLanguage":"de"}]}},"_links":{"self":[{"href":"https:\/\/autobaak.nl\/de\/wp-json\/wp\/v2\/pages\/154113","targetHints":{"allow":["GET"]}}],"collection":[{"href":"https:\/\/autobaak.nl\/de\/wp-json\/wp\/v2\/pages"}],"about":[{"href":"https:\/\/autobaak.nl\/de\/wp-json\/wp\/v2\/types\/page"}],"author":[{"embeddable":true,"href":"https:\/\/autobaak.nl\/de\/wp-json\/wp\/v2\/users\/1"}],"replies":[{"embeddable":true,"href":"https:\/\/autobaak.nl\/de\/wp-json\/wp\/v2\/comments?post=154113"}],"version-history":[{"count":0,"href":"https:\/\/autobaak.nl\/de\/wp-json\/wp\/v2\/pages\/154113\/revisions"}],"wp:featuredmedia":[{"embeddable":true,"href":"https:\/\/autobaak.nl\/de\/wp-json\/wp\/v2\/media\/154119"}],"wp:attachment":[{"href":"https:\/\/autobaak.nl\/de\/wp-json\/wp\/v2\/media?parent=154113"}],"curies":[{"name":"wp","href":"https:\/\/api.w.org\/{rel}","templated":true}]}}