{"id":154126,"date":"2022-09-23T16:38:03","date_gmt":"2022-09-23T14:38:03","guid":{"rendered":"https:\/\/autobaak.nl\/?page_id=154126"},"modified":"2022-09-26T14:14:22","modified_gmt":"2022-09-26T12:14:22","slug":"volvo-xc40-reifendruck","status":"publish","type":"page","link":"https:\/\/autobaak.nl\/de\/volvo-xc40-reifendruck\/","title":{"rendered":"Reifendruck Volvo XC40"},"content":{"rendered":"<p>Sie suchen den Reifendruck f\u00fcr den Volvo XC40? Sie k\u00f6nnen dies leicht \u00fcber den Aufkleber in der T\u00fcrs\u00e4ule auf der Fahrerseite finden. \u00d6ffnen Sie also die T\u00fcr auf der Fahrerseite und Sie werden dort einen Aufkleber mit dem richtigen Reifendruck sehen.<\/p>\n<p><img loading=\"lazy\" decoding=\"async\" class=\"size-medium wp-image-154127 alignright\" src=\"https:\/\/autobaak.nl\/wp-content\/uploads\/2022\/09\/volvo-xc40-300x200.jpg\" alt=\"\" width=\"300\" height=\"200\" \/>Auf dem Aufkleber sind die Bezeichnung der werkseitig montierten Reifen sowie die maximale Tragf\u00e4higkeit und der Reifendruck angegeben.<\/p>\n<p>Wenn Sie in der Regel mit einer leichten Ladung (max. 3 Personen) und nicht schneller als 160 km fahren, k\u00f6nnen Sie den ECO-Reifendruck verwenden.<\/p>\n<h2>Reifendruck\u00fcbersicht Volvo XC40<\/h2>\n<p>In der untenstehenden \u00dcbersicht finden Sie den richtigen Reifendruck f\u00fcr Ihren Volvo XC40:<\/p>\n<div id=\"tablepress-41-scroll-wrapper\" class=\"tablepress-scroll-wrapper\">\n\n<table id=\"tablepress-41\" class=\"tablepress tablepress-id-41 tablepress-responsive\">\n<thead>\n<tr class=\"row-1 odd\">\n\t<th class=\"column-1\">Motor XC40<\/th><th class=\"column-2\">Gr\u00f6\u00dfe des Reifens<\/th><th class=\"column-3\">Geschwindigkeit<\/th><th colspan=\"2\" class=\"column-4\">Verladung von 1-3 Passagieren<\/th><th colspan=\"2\" class=\"column-6\">Maximale Belastung<\/th><th colspan=\"2\" class=\"column-8\">ECO-Reifendruck<\/th>\n<\/tr>\n<\/thead>\n<tbody class=\"row-hover\">\n<tr class=\"row-2 even\">\n\t<td class=\"column-1\"><\/td><td class=\"column-2\"><\/td><td class=\"column-3\"><\/td><td class=\"column-4\">Vorderseite (Stange)<\/td><td class=\"column-5\">Hinten (Bar)<\/td><td class=\"column-6\">Vorderseite (Stange)<\/td><td class=\"column-7\">Hinten (Bar)<\/td><td class=\"column-8\">Vorderseite (Stange)<\/td><td class=\"column-9\">Hinten (Bar)<\/td>\n<\/tr>\n<tr class=\"row-3 odd\">\n\t<td class=\"column-1\">Alle Motoren<\/td><td class=\"column-2\">Alle Gr\u00f6\u00dfen<\/td><td class=\"column-3\">0-160 km\/h (0-100 mph)<\/td><td class=\"column-4\">2,3<\/td><td class=\"column-5\">2,3<\/td><td class=\"column-6\">2,6<\/td><td class=\"column-7\">2,6<\/td><td class=\"column-8\">2,6<\/td><td class=\"column-9\">2,6<\/td>\n<\/tr>\n<tr class=\"row-4 even\">\n\t<td class=\"column-1\">Alle Motoren<\/td><td class=\"column-2\">Alle Gr\u00f6\u00dfen<\/td><td class=\"column-3\">160+ km\/h (100+ mph)<\/td><td class=\"column-4\">2,4<\/td><td class=\"column-5\">2,4<\/td><td class=\"column-6\">2,6<\/td><td class=\"column-7\">2,6<\/td><td class=\"column-8\">-<\/td><td class=\"column-9\">-<\/td>\n<\/tr>\n<\/tbody>\n<\/table>\n\n<\/div><!-- #tablepress-41 from cache -->","protected":false},"excerpt":{"rendered":"<p>Sie suchen den Reifendruck f\u00fcr Ihren Volvo XC40? Diesen k\u00f6nnen Sie leicht \u00fcber den Aufkleber im T\u00fcrholm auf der Fahrerseite finden. \u00d6ffnen Sie also die T\u00fcr auf der Fahrerseite und Sie werden dort einen Aufkleber mit dem richtigen Reifendruck sehen. Der Aufkleber zeigt die Bezeichnung f\u00fcr die werkseitig montierten Reifen<\/p>","protected":false},"author":1,"featured_media":0,"parent":0,"menu_order":0,"comment_status":"closed","ping_status":"closed","template":"","meta":{"_et_pb_use_builder":"","_et_pb_old_content":"","_et_gb_content_width":"","footnotes":""},"class_list":["post-154126","page","type-page","status-publish","hentry"],"yoast_head":"<!-- This site is optimized with the Yoast SEO plugin v27.4 - https:\/\/yoast.com\/product\/yoast-seo-wordpress\/ -->\n<title>Bandenspanning Volvo XC40 - Autobaak.nl<\/title>\n<meta name=\"description\" content=\"Ben je op zoek naar de bandenspanning Volvo XC40? Op deze pagina een overzicht van de juiste bandenspanning per model.\" \/>\n<meta name=\"robots\" content=\"index, follow, max-snippet:-1, max-image-preview:large, max-video-preview:-1\" \/>\n<link rel=\"canonical\" href=\"https:\/\/autobaak.nl\/de\/volvo-xc40-reifendruck\/\" \/>\n<meta property=\"og:locale\" content=\"de_DE\" \/>\n<meta property=\"og:type\" content=\"article\" \/>\n<meta property=\"og:title\" content=\"Bandenspanning Volvo XC40 - Autobaak.nl\" \/>\n<meta property=\"og:description\" content=\"Ben je op zoek naar de bandenspanning Volvo XC40? Op deze pagina een overzicht van de juiste bandenspanning per model.\" \/>\n<meta property=\"og:url\" content=\"https:\/\/autobaak.nl\/de\/volvo-xc40-reifendruck\/\" \/>\n<meta property=\"og:site_name\" content=\"Autobaak.nl\" \/>\n<meta property=\"article:modified_time\" content=\"2022-09-26T12:14:22+00:00\" \/>\n<meta property=\"og:image\" content=\"https:\/\/autobaak.nl\/wp-content\/uploads\/2022\/09\/volvo-xc40-300x200.jpg\" \/>\n<meta name=\"twitter:card\" content=\"summary_large_image\" \/>\n<meta name=\"twitter:label1\" content=\"Gesch\u00e4tzte Lesezeit\" \/>\n\t<meta name=\"twitter:data1\" content=\"1\u00a0Minute\" \/>\n<script type=\"application\/ld+json\" class=\"yoast-schema-graph\">{\"@context\":\"https:\\\/\\\/schema.org\",\"@graph\":[{\"@type\":\"WebPage\",\"@id\":\"https:\\\/\\\/autobaak.nl\\\/bandenspanning-volvo-xc40\\\/\",\"url\":\"https:\\\/\\\/autobaak.nl\\\/bandenspanning-volvo-xc40\\\/\",\"name\":\"Bandenspanning Volvo XC40 - Autobaak.nl\",\"isPartOf\":{\"@id\":\"https:\\\/\\\/autobaak.nl\\\/#website\"},\"primaryImageOfPage\":{\"@id\":\"https:\\\/\\\/autobaak.nl\\\/bandenspanning-volvo-xc40\\\/#primaryimage\"},\"image\":{\"@id\":\"https:\\\/\\\/autobaak.nl\\\/bandenspanning-volvo-xc40\\\/#primaryimage\"},\"thumbnailUrl\":\"https:\\\/\\\/autobaak.nl\\\/wp-content\\\/uploads\\\/2022\\\/09\\\/volvo-xc40-300x200.jpg\",\"datePublished\":\"2022-09-23T14:38:03+00:00\",\"dateModified\":\"2022-09-26T12:14:22+00:00\",\"description\":\"Ben je op zoek naar de bandenspanning Volvo XC40? Op deze pagina een overzicht van de juiste bandenspanning per model.\",\"breadcrumb\":{\"@id\":\"https:\\\/\\\/autobaak.nl\\\/bandenspanning-volvo-xc40\\\/#breadcrumb\"},\"inLanguage\":\"de\",\"potentialAction\":[{\"@type\":\"ReadAction\",\"target\":[\"https:\\\/\\\/autobaak.nl\\\/bandenspanning-volvo-xc40\\\/\"]}]},{\"@type\":\"ImageObject\",\"inLanguage\":\"de\",\"@id\":\"https:\\\/\\\/autobaak.nl\\\/bandenspanning-volvo-xc40\\\/#primaryimage\",\"url\":\"https:\\\/\\\/autobaak.nl\\\/wp-content\\\/uploads\\\/2022\\\/09\\\/volvo-xc40-300x200.jpg\",\"contentUrl\":\"https:\\\/\\\/autobaak.nl\\\/wp-content\\\/uploads\\\/2022\\\/09\\\/volvo-xc40-300x200.jpg\"},{\"@type\":\"BreadcrumbList\",\"@id\":\"https:\\\/\\\/autobaak.nl\\\/bandenspanning-volvo-xc40\\\/#breadcrumb\",\"itemListElement\":[{\"@type\":\"ListItem\",\"position\":1,\"name\":\"Home\",\"item\":\"https:\\\/\\\/autobaak.nl\\\/\"},{\"@type\":\"ListItem\",\"position\":2,\"name\":\"Bandenspanning Volvo XC40\"}]},{\"@type\":\"WebSite\",\"@id\":\"https:\\\/\\\/autobaak.nl\\\/#website\",\"url\":\"https:\\\/\\\/autobaak.nl\\\/\",\"name\":\"Autobaak.nl\",\"description\":\"Cars &amp; Racing\",\"potentialAction\":[{\"@type\":\"SearchAction\",\"target\":{\"@type\":\"EntryPoint\",\"urlTemplate\":\"https:\\\/\\\/autobaak.nl\\\/?s={search_term_string}\"},\"query-input\":{\"@type\":\"PropertyValueSpecification\",\"valueRequired\":true,\"valueName\":\"search_term_string\"}}],\"inLanguage\":\"de\"}]}<\/script>\n<!-- \/ Yoast SEO plugin. -->","yoast_head_json":{"title":"Reifendruck Volvo XC40 - Autobaak.de","description":"Sie suchen den Reifendruck f\u00fcr den Volvo XC40? Auf dieser Seite finden Sie den richtigen Reifendruck f\u00fcr jedes Modell.","robots":{"index":"index","follow":"follow","max-snippet":"max-snippet:-1","max-image-preview":"max-image-preview:large","max-video-preview":"max-video-preview:-1"},"canonical":"https:\/\/autobaak.nl\/de\/volvo-xc40-reifendruck\/","og_locale":"de_DE","og_type":"article","og_title":"Bandenspanning Volvo XC40 - Autobaak.nl","og_description":"Ben je op zoek naar de bandenspanning Volvo XC40? Op deze pagina een overzicht van de juiste bandenspanning per model.","og_url":"https:\/\/autobaak.nl\/de\/volvo-xc40-reifendruck\/","og_site_name":"Autobaak.nl","article_modified_time":"2022-09-26T12:14:22+00:00","og_image":[{"url":"https:\/\/autobaak.nl\/wp-content\/uploads\/2022\/09\/volvo-xc40-300x200.jpg","type":"","width":"","height":""}],"twitter_card":"summary_large_image","twitter_misc":{"Gesch\u00e4tzte Lesezeit":"1\u00a0Minute"},"schema":{"@context":"https:\/\/schema.org","@graph":[{"@type":"WebPage","@id":"https:\/\/autobaak.nl\/bandenspanning-volvo-xc40\/","url":"https:\/\/autobaak.nl\/bandenspanning-volvo-xc40\/","name":"Reifendruck Volvo XC40 - Autobaak.de","isPartOf":{"@id":"https:\/\/autobaak.nl\/#website"},"primaryImageOfPage":{"@id":"https:\/\/autobaak.nl\/bandenspanning-volvo-xc40\/#primaryimage"},"image":{"@id":"https:\/\/autobaak.nl\/bandenspanning-volvo-xc40\/#primaryimage"},"thumbnailUrl":"https:\/\/autobaak.nl\/wp-content\/uploads\/2022\/09\/volvo-xc40-300x200.jpg","datePublished":"2022-09-23T14:38:03+00:00","dateModified":"2022-09-26T12:14:22+00:00","description":"Sie suchen den Reifendruck f\u00fcr den Volvo XC40? Auf dieser Seite finden Sie den richtigen Reifendruck f\u00fcr jedes Modell.","breadcrumb":{"@id":"https:\/\/autobaak.nl\/bandenspanning-volvo-xc40\/#breadcrumb"},"inLanguage":"de","potentialAction":[{"@type":"ReadAction","target":["https:\/\/autobaak.nl\/bandenspanning-volvo-xc40\/"]}]},{"@type":"ImageObject","inLanguage":"de","@id":"https:\/\/autobaak.nl\/bandenspanning-volvo-xc40\/#primaryimage","url":"https:\/\/autobaak.nl\/wp-content\/uploads\/2022\/09\/volvo-xc40-300x200.jpg","contentUrl":"https:\/\/autobaak.nl\/wp-content\/uploads\/2022\/09\/volvo-xc40-300x200.jpg"},{"@type":"BreadcrumbList","@id":"https:\/\/autobaak.nl\/bandenspanning-volvo-xc40\/#breadcrumb","itemListElement":[{"@type":"ListItem","position":1,"name":"Home","item":"https:\/\/autobaak.nl\/"},{"@type":"ListItem","position":2,"name":"Bandenspanning Volvo XC40"}]},{"@type":"WebSite","@id":"https:\/\/autobaak.nl\/#website","url":"https:\/\/autobaak.nl\/","name":"Autobook.de","description":"Autos &amp; Rennsport","potentialAction":[{"@type":"SearchAction","target":{"@type":"EntryPoint","urlTemplate":"https:\/\/autobaak.nl\/?s={search_term_string}"},"query-input":{"@type":"PropertyValueSpecification","valueRequired":true,"valueName":"search_term_string"}}],"inLanguage":"de"}]}},"_links":{"self":[{"href":"https:\/\/autobaak.nl\/de\/wp-json\/wp\/v2\/pages\/154126","targetHints":{"allow":["GET"]}}],"collection":[{"href":"https:\/\/autobaak.nl\/de\/wp-json\/wp\/v2\/pages"}],"about":[{"href":"https:\/\/autobaak.nl\/de\/wp-json\/wp\/v2\/types\/page"}],"author":[{"embeddable":true,"href":"https:\/\/autobaak.nl\/de\/wp-json\/wp\/v2\/users\/1"}],"replies":[{"embeddable":true,"href":"https:\/\/autobaak.nl\/de\/wp-json\/wp\/v2\/comments?post=154126"}],"version-history":[{"count":0,"href":"https:\/\/autobaak.nl\/de\/wp-json\/wp\/v2\/pages\/154126\/revisions"}],"wp:attachment":[{"href":"https:\/\/autobaak.nl\/de\/wp-json\/wp\/v2\/media?parent=154126"}],"curies":[{"name":"wp","href":"https:\/\/api.w.org\/{rel}","templated":true}]}}