{"id":154138,"date":"2022-09-27T10:59:56","date_gmt":"2022-09-27T08:59:56","guid":{"rendered":"https:\/\/autobaak.nl\/?page_id=154138"},"modified":"2022-09-27T10:59:56","modified_gmt":"2022-09-27T08:59:56","slug":"volvo-xc40-zahnriemen","status":"publish","type":"page","link":"https:\/\/autobaak.nl\/de\/volvo-xc40-zahnriemen\/","title":{"rendered":"Volvo XC40 Zahnriemen"},"content":{"rendered":"<p>Da die Motoren des Volvo XC40 mit einem <a href=\"https:\/\/autobaak.nl\/de\/wann-der-zahnriemen-zu-wechseln-ist\/\">Steuerriemen<\/a> Sie sollte zusammen mit der Wasserpumpe gem\u00e4\u00df den Angaben im Wartungsplan ausgetauscht werden. Es ist sehr wichtig, den Zahnriemen rechtzeitig zu wechseln, denn wenn der Riemen rei\u00dft, ist man weiter weg von zu Hause und die Reparaturkosten sind sehr hoch.<\/p>\n<p>Das Austauschintervall f\u00fcr Hybrid- und Verbrennungsmotormodelle betr\u00e4gt 150.000 \/ 240.000 km oder sp\u00e4testens nach 10 Jahren.<\/p>\n<p>Lassen Sie dies also regelm\u00e4\u00dfig \u00fcberpr\u00fcfen!<\/p>","protected":false},"excerpt":{"rendered":"<p>Da die Motoren des Volvo XC40 mit einem Zahnriemen ausgestattet sind, sollte dieser zusammen mit der Wasserpumpe gem\u00e4\u00df den Angaben im Wartungsplan ausgetauscht werden. Es ist sehr wichtig, den Zahnriemen rechtzeitig zu wechseln, denn wenn der Riemen rei\u00dft, ist man weiter weg von zu Hause und die Reparaturkosten sind sehr hoch. Das Austauschintervall [...]<\/p>","protected":false},"author":1,"featured_media":0,"parent":0,"menu_order":0,"comment_status":"closed","ping_status":"closed","template":"","meta":{"_et_pb_use_builder":"","_et_pb_old_content":"","_et_gb_content_width":"","footnotes":""},"class_list":["post-154138","page","type-page","status-publish","hentry"],"yoast_head":"<!-- This site is optimized with the Yoast SEO plugin v27.5 - https:\/\/yoast.com\/product\/yoast-seo-wordpress\/ -->\n<title>Distributieriem Volvo XC40 - Autobaak.nl<\/title>\n<meta name=\"robots\" content=\"index, follow, max-snippet:-1, max-image-preview:large, max-video-preview:-1\" \/>\n<link rel=\"canonical\" href=\"https:\/\/autobaak.nl\/de\/volvo-xc40-zahnriemen\/\" \/>\n<meta property=\"og:locale\" content=\"de_DE\" \/>\n<meta property=\"og:type\" content=\"article\" \/>\n<meta property=\"og:title\" content=\"Distributieriem Volvo XC40 - Autobaak.nl\" \/>\n<meta property=\"og:description\" content=\"Aangezien de motoren in de Volvo XC40 zijn voorzien van een distributieriem dient deze samen met de waterpomp vervangen te worden volgens de specificaties in het onderhoudsschema. Het is erg belangrijk om de distributieriem op tijd te vervangen, als de riem knapt ben je verder van huis en zijn de reparatiekosten erg hoog. De vervangingsinterval [&hellip;]\" \/>\n<meta property=\"og:url\" content=\"https:\/\/autobaak.nl\/de\/volvo-xc40-zahnriemen\/\" \/>\n<meta property=\"og:site_name\" content=\"Autobaak.nl\" \/>\n<meta name=\"twitter:card\" content=\"summary_large_image\" \/>\n<meta name=\"twitter:label1\" content=\"Gesch\u00e4tzte Lesezeit\" \/>\n\t<meta name=\"twitter:data1\" content=\"1\u00a0Minute\" \/>\n<script type=\"application\/ld+json\" class=\"yoast-schema-graph\">{\"@context\":\"https:\\\/\\\/schema.org\",\"@graph\":[{\"@type\":\"WebPage\",\"@id\":\"https:\\\/\\\/autobaak.nl\\\/distributieriem-volvo-xc40\\\/\",\"url\":\"https:\\\/\\\/autobaak.nl\\\/distributieriem-volvo-xc40\\\/\",\"name\":\"Distributieriem Volvo XC40 - Autobaak.nl\",\"isPartOf\":{\"@id\":\"https:\\\/\\\/autobaak.nl\\\/#website\"},\"datePublished\":\"2022-09-27T08:59:56+00:00\",\"breadcrumb\":{\"@id\":\"https:\\\/\\\/autobaak.nl\\\/distributieriem-volvo-xc40\\\/#breadcrumb\"},\"inLanguage\":\"de\",\"potentialAction\":[{\"@type\":\"ReadAction\",\"target\":[\"https:\\\/\\\/autobaak.nl\\\/distributieriem-volvo-xc40\\\/\"]}]},{\"@type\":\"BreadcrumbList\",\"@id\":\"https:\\\/\\\/autobaak.nl\\\/distributieriem-volvo-xc40\\\/#breadcrumb\",\"itemListElement\":[{\"@type\":\"ListItem\",\"position\":1,\"name\":\"Home\",\"item\":\"https:\\\/\\\/autobaak.nl\\\/\"},{\"@type\":\"ListItem\",\"position\":2,\"name\":\"Distributieriem Volvo XC40\"}]},{\"@type\":\"WebSite\",\"@id\":\"https:\\\/\\\/autobaak.nl\\\/#website\",\"url\":\"https:\\\/\\\/autobaak.nl\\\/\",\"name\":\"Autobaak.nl\",\"description\":\"Cars &amp; Racing\",\"potentialAction\":[{\"@type\":\"SearchAction\",\"target\":{\"@type\":\"EntryPoint\",\"urlTemplate\":\"https:\\\/\\\/autobaak.nl\\\/?s={search_term_string}\"},\"query-input\":{\"@type\":\"PropertyValueSpecification\",\"valueRequired\":true,\"valueName\":\"search_term_string\"}}],\"inLanguage\":\"de\"}]}<\/script>\n<!-- \/ Yoast SEO plugin. -->","yoast_head_json":{"title":"Volvo XC40 Zahnriemen - Autobaak.de","robots":{"index":"index","follow":"follow","max-snippet":"max-snippet:-1","max-image-preview":"max-image-preview:large","max-video-preview":"max-video-preview:-1"},"canonical":"https:\/\/autobaak.nl\/de\/volvo-xc40-zahnriemen\/","og_locale":"de_DE","og_type":"article","og_title":"Distributieriem Volvo XC40 - Autobaak.nl","og_description":"Aangezien de motoren in de Volvo XC40 zijn voorzien van een distributieriem dient deze samen met de waterpomp vervangen te worden volgens de specificaties in het onderhoudsschema. Het is erg belangrijk om de distributieriem op tijd te vervangen, als de riem knapt ben je verder van huis en zijn de reparatiekosten erg hoog. De vervangingsinterval [&hellip;]","og_url":"https:\/\/autobaak.nl\/de\/volvo-xc40-zahnriemen\/","og_site_name":"Autobaak.nl","twitter_card":"summary_large_image","twitter_misc":{"Gesch\u00e4tzte Lesezeit":"1\u00a0Minute"},"schema":{"@context":"https:\/\/schema.org","@graph":[{"@type":"WebPage","@id":"https:\/\/autobaak.nl\/distributieriem-volvo-xc40\/","url":"https:\/\/autobaak.nl\/distributieriem-volvo-xc40\/","name":"Volvo XC40 Zahnriemen - Autobaak.de","isPartOf":{"@id":"https:\/\/autobaak.nl\/#website"},"datePublished":"2022-09-27T08:59:56+00:00","breadcrumb":{"@id":"https:\/\/autobaak.nl\/distributieriem-volvo-xc40\/#breadcrumb"},"inLanguage":"de","potentialAction":[{"@type":"ReadAction","target":["https:\/\/autobaak.nl\/distributieriem-volvo-xc40\/"]}]},{"@type":"BreadcrumbList","@id":"https:\/\/autobaak.nl\/distributieriem-volvo-xc40\/#breadcrumb","itemListElement":[{"@type":"ListItem","position":1,"name":"Home","item":"https:\/\/autobaak.nl\/"},{"@type":"ListItem","position":2,"name":"Distributieriem Volvo XC40"}]},{"@type":"WebSite","@id":"https:\/\/autobaak.nl\/#website","url":"https:\/\/autobaak.nl\/","name":"Autobook.de","description":"Autos &amp; Rennsport","potentialAction":[{"@type":"SearchAction","target":{"@type":"EntryPoint","urlTemplate":"https:\/\/autobaak.nl\/?s={search_term_string}"},"query-input":{"@type":"PropertyValueSpecification","valueRequired":true,"valueName":"search_term_string"}}],"inLanguage":"de"}]}},"_links":{"self":[{"href":"https:\/\/autobaak.nl\/de\/wp-json\/wp\/v2\/pages\/154138","targetHints":{"allow":["GET"]}}],"collection":[{"href":"https:\/\/autobaak.nl\/de\/wp-json\/wp\/v2\/pages"}],"about":[{"href":"https:\/\/autobaak.nl\/de\/wp-json\/wp\/v2\/types\/page"}],"author":[{"embeddable":true,"href":"https:\/\/autobaak.nl\/de\/wp-json\/wp\/v2\/users\/1"}],"replies":[{"embeddable":true,"href":"https:\/\/autobaak.nl\/de\/wp-json\/wp\/v2\/comments?post=154138"}],"version-history":[{"count":0,"href":"https:\/\/autobaak.nl\/de\/wp-json\/wp\/v2\/pages\/154138\/revisions"}],"wp:attachment":[{"href":"https:\/\/autobaak.nl\/de\/wp-json\/wp\/v2\/media?parent=154138"}],"curies":[{"name":"wp","href":"https:\/\/api.w.org\/{rel}","templated":true}]}}