{"id":154172,"date":"2022-10-01T12:28:58","date_gmt":"2022-10-01T10:28:58","guid":{"rendered":"https:\/\/autobaak.nl\/?page_id=154172"},"modified":"2022-10-01T12:28:58","modified_gmt":"2022-10-01T10:28:58","slug":"opel-combo-reifendruck","status":"publish","type":"page","link":"https:\/\/autobaak.nl\/de\/opel-combo-reifendruck\/","title":{"rendered":"Reifendruck Opel Combo"},"content":{"rendered":"<p>Der richtige Reifendruck f\u00fcr Ihren Opel Combo? Nachfolgend finden Sie eine \u00dcbersicht \u00fcber die Opel Combo-Modelle und den entsprechenden Reifendruck:<\/p>\n<table class=\"table table-striped table-bordered table-hover table-responsive\">\n<thead class=\"thead-dark\">\n<tr>\n<th>Antrieb<\/th>\n<th>Gr\u00f6\u00dfe des Reifens<\/th>\n<th>Reifendruck Vorderr\u00e4der<\/th>\n<th>Reifendruck am Hinterrad<\/th>\n<th>Frontlader<\/th>\n<th>Laden Sie die R\u00fcckseite<\/th>\n<\/tr>\n<\/thead>\n<tbody>\n<tr>\n<td data-title=\"Aandrijving\"><strong>1.3 CDTI<\/strong><\/td>\n<td data-title=\"Bandenmaat\">185 65 R15 92T XL<\/td>\n<td data-title=\"Bandenspanning voorwielen\">2.5<\/td>\n<td data-title=\"Bandenspanning achterwielen\">2.5<\/td>\n<td data-title=\"Voorkant beladen\">2.9<\/td>\n<td data-title=\"Achterkant beladen\">2.9<\/td>\n<\/tr>\n<tr>\n<td data-title=\"Aandrijving\"><strong>1.3 CDTI<\/strong><\/td>\n<td data-title=\"Bandenmaat\">195 60 R16 93H XL<\/td>\n<td data-title=\"Bandenspanning voorwielen\">2.5<\/td>\n<td data-title=\"Bandenspanning achterwielen\">2.5<\/td>\n<td data-title=\"Voorkant beladen\">2.9<\/td>\n<td data-title=\"Achterkant beladen\">2.9<\/td>\n<\/tr>\n<tr>\n<td data-title=\"Aandrijving\"><strong>1.3 CDTI<\/strong><\/td>\n<td data-title=\"Bandenmaat\">195 65 R15 95H XL<\/td>\n<td data-title=\"Bandenspanning voorwielen\">2.4<\/td>\n<td data-title=\"Bandenspanning achterwielen\">2.4<\/td>\n<td data-title=\"Voorkant beladen\">2.6<\/td>\n<td data-title=\"Achterkant beladen\">2.6<\/td>\n<\/tr>\n<tr>\n<td data-title=\"Aandrijving\"><strong>1.4<\/strong><\/td>\n<td data-title=\"Bandenmaat\">175 65 R14 86T XL<\/td>\n<td data-title=\"Bandenspanning voorwielen\">2.4<\/td>\n<td data-title=\"Bandenspanning achterwielen\">2.4<\/td>\n<td data-title=\"Voorkant beladen\">2.4<\/td>\n<td data-title=\"Achterkant beladen\">2.4<\/td>\n<\/tr>\n<tr>\n<td data-title=\"Aandrijving\"><strong>1.4<\/strong><\/td>\n<td data-title=\"Bandenmaat\">175 70 R14 84T<\/td>\n<td data-title=\"Bandenspanning voorwielen\">2.4<\/td>\n<td data-title=\"Bandenspanning achterwielen\">2.4<\/td>\n<td data-title=\"Voorkant beladen\">2.4<\/td>\n<td data-title=\"Achterkant beladen\">3.5<\/td>\n<\/tr>\n<tr>\n<td data-title=\"Aandrijving\"><strong>1.4<\/strong><\/td>\n<td data-title=\"Bandenmaat\">185 55 R15 90T C 6PR<\/td>\n<td data-title=\"Bandenspanning voorwielen\">2.4<\/td>\n<td data-title=\"Bandenspanning achterwielen\">2.4<\/td>\n<td data-title=\"Voorkant beladen\">2.4<\/td>\n<td data-title=\"Achterkant beladen\">2.4<\/td>\n<\/tr>\n<tr>\n<td data-title=\"Aandrijving\"><strong>1.4<\/strong><\/td>\n<td data-title=\"Bandenmaat\">185 60 R15 84T<\/td>\n<td data-title=\"Bandenspanning voorwielen\">2.4<\/td>\n<td data-title=\"Bandenspanning achterwielen\">2.4<\/td>\n<td data-title=\"Voorkant beladen\">2.4<\/td>\n<td data-title=\"Achterkant beladen\">3.5<\/td>\n<\/tr>\n<tr>\n<td data-title=\"Aandrijving\"><strong>1.4<\/strong><\/td>\n<td data-title=\"Bandenmaat\">185 60 R15 88H XL<\/td>\n<td data-title=\"Bandenspanning voorwielen\">2.4<\/td>\n<td data-title=\"Bandenspanning achterwielen\">2.4<\/td>\n<td data-title=\"Voorkant beladen\">2.4<\/td>\n<td data-title=\"Achterkant beladen\">3.5<\/td>\n<\/tr>\n<tr>\n<td data-title=\"Aandrijving\"><strong>1.4<\/strong><\/td>\n<td data-title=\"Bandenmaat\">195 45 R16 84V XL<\/td>\n<td data-title=\"Bandenspanning voorwielen\">2.4<\/td>\n<td data-title=\"Bandenspanning achterwielen\">2.4<\/td>\n<td data-title=\"Voorkant beladen\">2.4<\/td>\n<td data-title=\"Achterkant beladen\">3.5<\/td>\n<\/tr>\n<tr>\n<td data-title=\"Aandrijving\"><strong>1.4<\/strong><\/td>\n<td data-title=\"Bandenmaat\">195 50 R16 88H XL<\/td>\n<td data-title=\"Bandenspanning voorwielen\">2.4<\/td>\n<td data-title=\"Bandenspanning achterwielen\">2.4<\/td>\n<td data-title=\"Voorkant beladen\">2.4<\/td>\n<td data-title=\"Achterkant beladen\">3.5<\/td>\n<\/tr>\n<tr>\n<td data-title=\"Aandrijving\"><strong>1.4<\/strong><\/td>\n<td data-title=\"Bandenmaat\">195 60 R16 93H XL<\/td>\n<td data-title=\"Bandenspanning voorwielen\">2.5<\/td>\n<td data-title=\"Bandenspanning achterwielen\">2.5<\/td>\n<td data-title=\"Voorkant beladen\">2.9<\/td>\n<td data-title=\"Achterkant beladen\">2.9<\/td>\n<\/tr>\n<tr>\n<td data-title=\"Aandrijving\"><strong>1.6<\/strong><\/td>\n<td data-title=\"Bandenmaat\">185 55 R15 90T C 6PR<\/td>\n<td data-title=\"Bandenspanning voorwielen\">2.4<\/td>\n<td data-title=\"Bandenspanning achterwielen\">2.4<\/td>\n<td data-title=\"Voorkant beladen\">2.4<\/td>\n<td data-title=\"Achterkant beladen\">2.4<\/td>\n<\/tr>\n<tr>\n<td data-title=\"Aandrijving\"><strong>1.6<\/strong><\/td>\n<td data-title=\"Bandenmaat\">185 60 R15 88T XL<\/td>\n<td data-title=\"Bandenspanning voorwielen\">2.4<\/td>\n<td data-title=\"Bandenspanning achterwielen\">2.4<\/td>\n<td data-title=\"Voorkant beladen\">2.4<\/td>\n<td data-title=\"Achterkant beladen\">2.4<\/td>\n<\/tr>\n<tr>\n<td data-title=\"Aandrijving\"><strong>1.6<\/strong><\/td>\n<td data-title=\"Bandenmaat\">195 50 R16 88H XL<\/td>\n<td data-title=\"Bandenspanning voorwielen\">2.4<\/td>\n<td data-title=\"Bandenspanning achterwielen\">2.4<\/td>\n<td data-title=\"Voorkant beladen\">2.4<\/td>\n<td data-title=\"Achterkant beladen\">3.5<\/td>\n<\/tr>\n<\/tbody>\n<\/table>","protected":false},"excerpt":{"rendered":"<p>Der richtige Reifendruck f\u00fcr Ihren Opel Combo? Nachfolgend finden Sie eine \u00dcbersicht der Opel Combo-Modelle und den dazugeh\u00f6rigen Reifendruck: Antrieb Reifengr\u00f6\u00dfe Reifendruck Vorderr\u00e4der Reifendruck Hinterr\u00e4der Vorderradbeladung Hinterradbeladung 1,3 CDTI 185 65 R15 92T XL 2,5 2,5 2,9 2,9 1,3 CDTI 195 60 R16 93H XL 2,5 2,5 2,9 2,9 1,3 CDTI 195 65 [...]<\/p>","protected":false},"author":1,"featured_media":0,"parent":0,"menu_order":0,"comment_status":"closed","ping_status":"closed","template":"","meta":{"_et_pb_use_builder":"","_et_pb_old_content":"","_et_gb_content_width":"","footnotes":""},"class_list":["post-154172","page","type-page","status-publish","hentry"],"yoast_head":"<!-- This site is optimized with the Yoast SEO plugin v27.4 - https:\/\/yoast.com\/product\/yoast-seo-wordpress\/ -->\n<title>Bandenspanning Opel Combo - Autobaak.nl<\/title>\n<meta name=\"robots\" content=\"index, follow, max-snippet:-1, max-image-preview:large, max-video-preview:-1\" \/>\n<link rel=\"canonical\" href=\"https:\/\/autobaak.nl\/de\/opel-combo-reifendruck\/\" \/>\n<meta property=\"og:locale\" content=\"de_DE\" \/>\n<meta property=\"og:type\" content=\"article\" \/>\n<meta property=\"og:title\" content=\"Bandenspanning Opel Combo - Autobaak.nl\" \/>\n<meta property=\"og:description\" content=\"De juiste bandenspanning voor jouw Opel Combo? Hieronder een overzicht van de Opel Combo modellen en de bijbehorende bandenspanning: Aandrijving Bandenmaat Bandenspanning voorwielen Bandenspanning achterwielen Voorkant beladen Achterkant beladen 1.3 CDTI 185 65 R15 92T XL 2.5 2.5 2.9 2.9 1.3 CDTI 195 60 R16 93H XL 2.5 2.5 2.9 2.9 1.3 CDTI 195 65 [&hellip;]\" \/>\n<meta property=\"og:url\" content=\"https:\/\/autobaak.nl\/de\/opel-combo-reifendruck\/\" \/>\n<meta property=\"og:site_name\" content=\"Autobaak.nl\" \/>\n<meta name=\"twitter:card\" content=\"summary_large_image\" \/>\n<meta name=\"twitter:label1\" content=\"Gesch\u00e4tzte Lesezeit\" \/>\n\t<meta name=\"twitter:data1\" content=\"1\u00a0Minute\" \/>\n<script type=\"application\/ld+json\" class=\"yoast-schema-graph\">{\"@context\":\"https:\\\/\\\/schema.org\",\"@graph\":[{\"@type\":\"WebPage\",\"@id\":\"https:\\\/\\\/autobaak.nl\\\/bandenspanning-opel-combo\\\/\",\"url\":\"https:\\\/\\\/autobaak.nl\\\/bandenspanning-opel-combo\\\/\",\"name\":\"Bandenspanning Opel Combo - Autobaak.nl\",\"isPartOf\":{\"@id\":\"https:\\\/\\\/autobaak.nl\\\/#website\"},\"datePublished\":\"2022-10-01T10:28:58+00:00\",\"breadcrumb\":{\"@id\":\"https:\\\/\\\/autobaak.nl\\\/bandenspanning-opel-combo\\\/#breadcrumb\"},\"inLanguage\":\"de\",\"potentialAction\":[{\"@type\":\"ReadAction\",\"target\":[\"https:\\\/\\\/autobaak.nl\\\/bandenspanning-opel-combo\\\/\"]}]},{\"@type\":\"BreadcrumbList\",\"@id\":\"https:\\\/\\\/autobaak.nl\\\/bandenspanning-opel-combo\\\/#breadcrumb\",\"itemListElement\":[{\"@type\":\"ListItem\",\"position\":1,\"name\":\"Home\",\"item\":\"https:\\\/\\\/autobaak.nl\\\/\"},{\"@type\":\"ListItem\",\"position\":2,\"name\":\"Bandenspanning Opel Combo\"}]},{\"@type\":\"WebSite\",\"@id\":\"https:\\\/\\\/autobaak.nl\\\/#website\",\"url\":\"https:\\\/\\\/autobaak.nl\\\/\",\"name\":\"Autobaak.nl\",\"description\":\"Cars &amp; Racing\",\"potentialAction\":[{\"@type\":\"SearchAction\",\"target\":{\"@type\":\"EntryPoint\",\"urlTemplate\":\"https:\\\/\\\/autobaak.nl\\\/?s={search_term_string}\"},\"query-input\":{\"@type\":\"PropertyValueSpecification\",\"valueRequired\":true,\"valueName\":\"search_term_string\"}}],\"inLanguage\":\"de\"}]}<\/script>\n<!-- \/ Yoast SEO plugin. -->","yoast_head_json":{"title":"Reifendruck Opel Combo - Autobaak.nl","robots":{"index":"index","follow":"follow","max-snippet":"max-snippet:-1","max-image-preview":"max-image-preview:large","max-video-preview":"max-video-preview:-1"},"canonical":"https:\/\/autobaak.nl\/de\/opel-combo-reifendruck\/","og_locale":"de_DE","og_type":"article","og_title":"Bandenspanning Opel Combo - Autobaak.nl","og_description":"De juiste bandenspanning voor jouw Opel Combo? Hieronder een overzicht van de Opel Combo modellen en de bijbehorende bandenspanning: Aandrijving Bandenmaat Bandenspanning voorwielen Bandenspanning achterwielen Voorkant beladen Achterkant beladen 1.3 CDTI 185 65 R15 92T XL 2.5 2.5 2.9 2.9 1.3 CDTI 195 60 R16 93H XL 2.5 2.5 2.9 2.9 1.3 CDTI 195 65 [&hellip;]","og_url":"https:\/\/autobaak.nl\/de\/opel-combo-reifendruck\/","og_site_name":"Autobaak.nl","twitter_card":"summary_large_image","twitter_misc":{"Gesch\u00e4tzte Lesezeit":"1\u00a0Minute"},"schema":{"@context":"https:\/\/schema.org","@graph":[{"@type":"WebPage","@id":"https:\/\/autobaak.nl\/bandenspanning-opel-combo\/","url":"https:\/\/autobaak.nl\/bandenspanning-opel-combo\/","name":"Reifendruck Opel Combo - Autobaak.nl","isPartOf":{"@id":"https:\/\/autobaak.nl\/#website"},"datePublished":"2022-10-01T10:28:58+00:00","breadcrumb":{"@id":"https:\/\/autobaak.nl\/bandenspanning-opel-combo\/#breadcrumb"},"inLanguage":"de","potentialAction":[{"@type":"ReadAction","target":["https:\/\/autobaak.nl\/bandenspanning-opel-combo\/"]}]},{"@type":"BreadcrumbList","@id":"https:\/\/autobaak.nl\/bandenspanning-opel-combo\/#breadcrumb","itemListElement":[{"@type":"ListItem","position":1,"name":"Home","item":"https:\/\/autobaak.nl\/"},{"@type":"ListItem","position":2,"name":"Bandenspanning Opel Combo"}]},{"@type":"WebSite","@id":"https:\/\/autobaak.nl\/#website","url":"https:\/\/autobaak.nl\/","name":"Autobook.de","description":"Autos &amp; Rennsport","potentialAction":[{"@type":"SearchAction","target":{"@type":"EntryPoint","urlTemplate":"https:\/\/autobaak.nl\/?s={search_term_string}"},"query-input":{"@type":"PropertyValueSpecification","valueRequired":true,"valueName":"search_term_string"}}],"inLanguage":"de"}]}},"_links":{"self":[{"href":"https:\/\/autobaak.nl\/de\/wp-json\/wp\/v2\/pages\/154172","targetHints":{"allow":["GET"]}}],"collection":[{"href":"https:\/\/autobaak.nl\/de\/wp-json\/wp\/v2\/pages"}],"about":[{"href":"https:\/\/autobaak.nl\/de\/wp-json\/wp\/v2\/types\/page"}],"author":[{"embeddable":true,"href":"https:\/\/autobaak.nl\/de\/wp-json\/wp\/v2\/users\/1"}],"replies":[{"embeddable":true,"href":"https:\/\/autobaak.nl\/de\/wp-json\/wp\/v2\/comments?post=154172"}],"version-history":[{"count":0,"href":"https:\/\/autobaak.nl\/de\/wp-json\/wp\/v2\/pages\/154172\/revisions"}],"wp:attachment":[{"href":"https:\/\/autobaak.nl\/de\/wp-json\/wp\/v2\/media?parent=154172"}],"curies":[{"name":"wp","href":"https:\/\/api.w.org\/{rel}","templated":true}]}}