{"id":154185,"date":"2022-10-01T12:32:47","date_gmt":"2022-10-01T10:32:47","guid":{"rendered":"https:\/\/autobaak.nl\/?page_id=154185"},"modified":"2022-10-01T12:33:11","modified_gmt":"2022-10-01T10:33:11","slug":"reifendruck-opel-tigra","status":"publish","type":"page","link":"https:\/\/autobaak.nl\/de\/reifendruck-opel-tigra\/","title":{"rendered":"Reifendruck Opel Tigra"},"content":{"rendered":"<p>Der richtige Reifendruck f\u00fcr Ihren Opel Tigra? Unten finden Sie eine \u00dcbersicht \u00fcber die Opel Tigra-Modelle und die dazugeh\u00f6rigen Reifendr\u00fccke:<\/p>\n<table class=\"table table-striped table-bordered table-hover table-responsive\" style=\"height: 329px;\">\n<thead class=\"thead-dark\">\n<tr style=\"height: 47px;\">\n<th style=\"height: 47px; width: 77.0139px;\">Antrieb<\/th>\n<th style=\"height: 47px; width: 84.0278px;\">Gr\u00f6\u00dfe des Reifens<\/th>\n<th style=\"height: 47px; width: 113.559px;\">Reifendruck Vorderr\u00e4der<\/th>\n<th style=\"height: 47px; width: 113.559px;\">Reifendruck am Hinterrad<\/th>\n<th style=\"height: 47px; width: 59.6528px;\">Frontlader<\/th>\n<th style=\"height: 47px; width: 73.1424px;\">Laden Sie die R\u00fcckseite<\/th>\n<\/tr>\n<\/thead>\n<tbody>\n<tr style=\"height: 47px;\">\n<td style=\"height: 47px; width: 77.0139px;\" data-title=\"Aandrijving\"><strong>1.4<\/strong><\/td>\n<td style=\"height: 47px; width: 84.0278px;\" data-title=\"Bandenmaat\">185 60 R15 84H<\/td>\n<td style=\"height: 47px; width: 113.559px;\" data-title=\"Bandenspanning voorwielen\">2.3<\/td>\n<td style=\"height: 47px; width: 113.559px;\" data-title=\"Bandenspanning achterwielen\">2.1<\/td>\n<td style=\"height: 47px; width: 59.6528px;\" data-title=\"Voorkant beladen\">2.3<\/td>\n<td style=\"height: 47px; width: 73.1424px;\" data-title=\"Achterkant beladen\">2.1<\/td>\n<\/tr>\n<tr style=\"height: 47px;\">\n<td style=\"height: 47px; width: 77.0139px;\" data-title=\"Aandrijving\"><strong>1.4<\/strong><\/td>\n<td style=\"height: 47px; width: 84.0278px;\" data-title=\"Bandenmaat\">205 45 R17 84H<\/td>\n<td style=\"height: 47px; width: 113.559px;\" data-title=\"Bandenspanning voorwielen\">2.3<\/td>\n<td style=\"height: 47px; width: 113.559px;\" data-title=\"Bandenspanning achterwielen\">2.1<\/td>\n<td style=\"height: 47px; width: 59.6528px;\" data-title=\"Voorkant beladen\">2.3<\/td>\n<td style=\"height: 47px; width: 73.1424px;\" data-title=\"Achterkant beladen\">2.1<\/td>\n<\/tr>\n<tr style=\"height: 47px;\">\n<td style=\"height: 47px; width: 77.0139px;\" data-title=\"Aandrijving\"><strong>1.4<\/strong><\/td>\n<td style=\"height: 47px; width: 84.0278px;\" data-title=\"Bandenmaat\">205 50 R16 87H<\/td>\n<td style=\"height: 47px; width: 113.559px;\" data-title=\"Bandenspanning voorwielen\">2.3<\/td>\n<td style=\"height: 47px; width: 113.559px;\" data-title=\"Bandenspanning achterwielen\">2.1<\/td>\n<td style=\"height: 47px; width: 59.6528px;\" data-title=\"Voorkant beladen\">2.3<\/td>\n<td style=\"height: 47px; width: 73.1424px;\" data-title=\"Achterkant beladen\">2.1<\/td>\n<\/tr>\n<tr style=\"height: 47px;\">\n<td style=\"height: 47px; width: 77.0139px;\" data-title=\"Aandrijving\"><strong>1.8<\/strong><\/td>\n<td style=\"height: 47px; width: 84.0278px;\" data-title=\"Bandenmaat\">185 60 R15 84V<\/td>\n<td style=\"height: 47px; width: 113.559px;\" data-title=\"Bandenspanning voorwielen\">2.3<\/td>\n<td style=\"height: 47px; width: 113.559px;\" data-title=\"Bandenspanning achterwielen\">2.1<\/td>\n<td style=\"height: 47px; width: 59.6528px;\" data-title=\"Voorkant beladen\">2.3<\/td>\n<td style=\"height: 47px; width: 73.1424px;\" data-title=\"Achterkant beladen\">2.1<\/td>\n<\/tr>\n<tr style=\"height: 47px;\">\n<td style=\"height: 47px; width: 77.0139px;\" data-title=\"Aandrijving\"><strong>1.8<\/strong><\/td>\n<td style=\"height: 47px; width: 84.0278px;\" data-title=\"Bandenmaat\">205 45 R17 84V<\/td>\n<td style=\"height: 47px; width: 113.559px;\" data-title=\"Bandenspanning voorwielen\">2.3<\/td>\n<td style=\"height: 47px; width: 113.559px;\" data-title=\"Bandenspanning achterwielen\">2.1<\/td>\n<td style=\"height: 47px; width: 59.6528px;\" data-title=\"Voorkant beladen\">2.3<\/td>\n<td style=\"height: 47px; width: 73.1424px;\" data-title=\"Achterkant beladen\">2.1<\/td>\n<\/tr>\n<tr style=\"height: 47px;\">\n<td style=\"height: 47px; width: 77.0139px;\" data-title=\"Aandrijving\"><strong>1.8<\/strong><\/td>\n<td style=\"height: 47px; width: 84.0278px;\" data-title=\"Bandenmaat\">205 50 R16 87V<\/td>\n<td style=\"height: 47px; width: 113.559px;\" data-title=\"Bandenspanning voorwielen\">2.3<\/td>\n<td style=\"height: 47px; width: 113.559px;\" data-title=\"Bandenspanning achterwielen\">2.1<\/td>\n<td style=\"height: 47px; width: 59.6528px;\" data-title=\"Voorkant beladen\">2.3<\/td>\n<td style=\"height: 47px; width: 73.1424px;\" data-title=\"Achterkant beladen\">2.1<\/td>\n<\/tr>\n<\/tbody>\n<\/table>\n<h2>Reifendruck Tigra Twintop<\/h2>\n<table class=\"table table-striped table-bordered table-hover table-responsive\">\n<thead class=\"thead-dark\">\n<tr>\n<th>Antrieb<\/th>\n<th>Gr\u00f6\u00dfe des Reifens<\/th>\n<th>Reifendruck Vorderr\u00e4der<\/th>\n<th>Reifendruck am Hinterrad<\/th>\n<th>Frontlader<\/th>\n<th>Laden Sie die R\u00fcckseite<\/th>\n<\/tr>\n<\/thead>\n<tbody>\n<tr>\n<td data-title=\"Aandrijving\"><strong>1.3 CDTI<\/strong><\/td>\n<td data-title=\"Bandenmaat\">185 60 R15 84H<\/td>\n<td data-title=\"Bandenspanning voorwielen\">2.3<\/td>\n<td data-title=\"Bandenspanning achterwielen\">2.1<\/td>\n<td data-title=\"Voorkant beladen\">2.3<\/td>\n<td data-title=\"Achterkant beladen\">2.1<\/td>\n<\/tr>\n<tr>\n<td data-title=\"Aandrijving\"><strong>1.3 CDTI<\/strong><\/td>\n<td data-title=\"Bandenmaat\">205 45 R17 84H<\/td>\n<td data-title=\"Bandenspanning voorwielen\">2.3<\/td>\n<td data-title=\"Bandenspanning achterwielen\">2.1<\/td>\n<td data-title=\"Voorkant beladen\">2.3<\/td>\n<td data-title=\"Achterkant beladen\">2.1<\/td>\n<\/tr>\n<tr>\n<td data-title=\"Aandrijving\"><strong>1.3 CDTI<\/strong><\/td>\n<td data-title=\"Bandenmaat\">205 50 R16 87H<\/td>\n<td data-title=\"Bandenspanning voorwielen\">2.3<\/td>\n<td data-title=\"Bandenspanning achterwielen\">2.1<\/td>\n<td data-title=\"Voorkant beladen\">2.3<\/td>\n<td data-title=\"Achterkant beladen\">2.1<\/td>\n<\/tr>\n<tr>\n<td data-title=\"Aandrijving\"><strong>1.4<\/strong><\/td>\n<td data-title=\"Bandenmaat\">185 60 R15 84H<\/td>\n<td data-title=\"Bandenspanning voorwielen\">2.3<\/td>\n<td data-title=\"Bandenspanning achterwielen\">2.1<\/td>\n<td data-title=\"Voorkant beladen\">2.3<\/td>\n<td data-title=\"Achterkant beladen\">2.1<\/td>\n<\/tr>\n<tr>\n<td data-title=\"Aandrijving\"><strong>1.4<\/strong><\/td>\n<td data-title=\"Bandenmaat\">205 45 R17 84H<\/td>\n<td data-title=\"Bandenspanning voorwielen\">2.3<\/td>\n<td data-title=\"Bandenspanning achterwielen\">2.1<\/td>\n<td data-title=\"Voorkant beladen\">2.3<\/td>\n<td data-title=\"Achterkant beladen\">2.1<\/td>\n<\/tr>\n<tr>\n<td data-title=\"Aandrijving\"><strong>1.4<\/strong><\/td>\n<td data-title=\"Bandenmaat\">205 50 R16 87H<\/td>\n<td data-title=\"Bandenspanning voorwielen\">2.3<\/td>\n<td data-title=\"Bandenspanning achterwielen\">2.1<\/td>\n<td data-title=\"Voorkant beladen\">2.3<\/td>\n<td data-title=\"Achterkant beladen\">2.1<\/td>\n<\/tr>\n<tr>\n<td data-title=\"Aandrijving\"><strong>1.8<\/strong><\/td>\n<td data-title=\"Bandenmaat\">185 60 R15 84V<\/td>\n<td data-title=\"Bandenspanning voorwielen\">2.3<\/td>\n<td data-title=\"Bandenspanning achterwielen\">2.1<\/td>\n<td data-title=\"Voorkant beladen\">2.3<\/td>\n<td data-title=\"Achterkant beladen\">2.1<\/td>\n<\/tr>\n<tr>\n<td data-title=\"Aandrijving\"><strong>1.8<\/strong><\/td>\n<td data-title=\"Bandenmaat\">205 45 R17 84V<\/td>\n<td data-title=\"Bandenspanning voorwielen\">2.3<\/td>\n<td data-title=\"Bandenspanning achterwielen\">2.1<\/td>\n<td data-title=\"Voorkant beladen\">2.3<\/td>\n<td data-title=\"Achterkant beladen\">2.1<\/td>\n<\/tr>\n<tr>\n<td data-title=\"Aandrijving\"><strong>1.8<\/strong><\/td>\n<td data-title=\"Bandenmaat\">205 50 R16 87V<\/td>\n<td data-title=\"Bandenspanning voorwielen\">2.3<\/td>\n<td data-title=\"Bandenspanning achterwielen\">2.1<\/td>\n<td data-title=\"Voorkant beladen\">2.3<\/td>\n<td data-title=\"Achterkant beladen\">2.1<\/td>\n<\/tr>\n<\/tbody>\n<\/table>","protected":false},"excerpt":{"rendered":"<p>Der richtige Reifendruck f\u00fcr Ihren Opel Tigra? Nachfolgend finden Sie eine \u00dcbersicht der Opel Tigra-Modelle und des dazugeh\u00f6rigen Reifendrucks: Antrieb Reifengr\u00f6\u00dfe Reifendruck Vorderr\u00e4der Reifendruck Hinterr\u00e4der Vorderachse Hinterachse 1.4 185 60 R15 84H 2.3 2.1 2.3 2.1 1.4 205 45 R17 84H 2.3 2.1 2.3 2.1 1.4 205 50 R16 87H 2.3 2.1 2.3 [...]<\/p>","protected":false},"author":1,"featured_media":0,"parent":0,"menu_order":0,"comment_status":"closed","ping_status":"closed","template":"","meta":{"_et_pb_use_builder":"","_et_pb_old_content":"","_et_gb_content_width":"","footnotes":""},"class_list":["post-154185","page","type-page","status-publish","hentry"],"yoast_head":"<!-- This site is optimized with the Yoast SEO plugin v27.6 - https:\/\/yoast.com\/product\/yoast-seo-wordpress\/ -->\n<title>Bandenspanning Opel Tigra - Autobaak.nl<\/title>\n<meta name=\"robots\" content=\"index, follow, max-snippet:-1, max-image-preview:large, max-video-preview:-1\" \/>\n<link rel=\"canonical\" href=\"https:\/\/autobaak.nl\/de\/reifendruck-opel-tigra\/\" \/>\n<meta property=\"og:locale\" content=\"de_DE\" \/>\n<meta property=\"og:type\" content=\"article\" \/>\n<meta property=\"og:title\" content=\"Bandenspanning Opel Tigra - Autobaak.nl\" \/>\n<meta property=\"og:description\" content=\"De juiste bandenspanning voor jouw Opel Tigra? Hieronder een overzicht van de Opel Tigra modellen en de bijbehorende bandenspanning: Aandrijving Bandenmaat Bandenspanning voorwielen Bandenspanning achterwielen Voorkant beladen Achterkant beladen 1.4 185 60 R15 84H 2.3 2.1 2.3 2.1 1.4 205 45 R17 84H 2.3 2.1 2.3 2.1 1.4 205 50 R16 87H 2.3 2.1 2.3 [&hellip;]\" \/>\n<meta property=\"og:url\" content=\"https:\/\/autobaak.nl\/de\/reifendruck-opel-tigra\/\" \/>\n<meta property=\"og:site_name\" content=\"Autobaak.nl\" \/>\n<meta property=\"article:modified_time\" content=\"2022-10-01T10:33:11+00:00\" \/>\n<meta name=\"twitter:card\" content=\"summary_large_image\" \/>\n<meta name=\"twitter:label1\" content=\"Gesch\u00e4tzte Lesezeit\" \/>\n\t<meta name=\"twitter:data1\" content=\"1\u00a0Minute\" \/>\n<script type=\"application\/ld+json\" class=\"yoast-schema-graph\">{\"@context\":\"https:\\\/\\\/schema.org\",\"@graph\":[{\"@type\":\"WebPage\",\"@id\":\"https:\\\/\\\/autobaak.nl\\\/bandenspanning-opel-tigra\\\/\",\"url\":\"https:\\\/\\\/autobaak.nl\\\/bandenspanning-opel-tigra\\\/\",\"name\":\"Bandenspanning Opel Tigra - Autobaak.nl\",\"isPartOf\":{\"@id\":\"https:\\\/\\\/autobaak.nl\\\/#website\"},\"datePublished\":\"2022-10-01T10:32:47+00:00\",\"dateModified\":\"2022-10-01T10:33:11+00:00\",\"breadcrumb\":{\"@id\":\"https:\\\/\\\/autobaak.nl\\\/bandenspanning-opel-tigra\\\/#breadcrumb\"},\"inLanguage\":\"de\",\"potentialAction\":[{\"@type\":\"ReadAction\",\"target\":[\"https:\\\/\\\/autobaak.nl\\\/bandenspanning-opel-tigra\\\/\"]}]},{\"@type\":\"BreadcrumbList\",\"@id\":\"https:\\\/\\\/autobaak.nl\\\/bandenspanning-opel-tigra\\\/#breadcrumb\",\"itemListElement\":[{\"@type\":\"ListItem\",\"position\":1,\"name\":\"Home\",\"item\":\"https:\\\/\\\/autobaak.nl\\\/\"},{\"@type\":\"ListItem\",\"position\":2,\"name\":\"Bandenspanning Opel Tigra\"}]},{\"@type\":\"WebSite\",\"@id\":\"https:\\\/\\\/autobaak.nl\\\/#website\",\"url\":\"https:\\\/\\\/autobaak.nl\\\/\",\"name\":\"Autobaak.nl\",\"description\":\"Cars &amp; Racing\",\"potentialAction\":[{\"@type\":\"SearchAction\",\"target\":{\"@type\":\"EntryPoint\",\"urlTemplate\":\"https:\\\/\\\/autobaak.nl\\\/?s={search_term_string}\"},\"query-input\":{\"@type\":\"PropertyValueSpecification\",\"valueRequired\":true,\"valueName\":\"search_term_string\"}}],\"inLanguage\":\"de\"}]}<\/script>\n<!-- \/ Yoast SEO plugin. -->","yoast_head_json":{"title":"Reifendruck Opel Tigra - Autobaak.de","robots":{"index":"index","follow":"follow","max-snippet":"max-snippet:-1","max-image-preview":"max-image-preview:large","max-video-preview":"max-video-preview:-1"},"canonical":"https:\/\/autobaak.nl\/de\/reifendruck-opel-tigra\/","og_locale":"de_DE","og_type":"article","og_title":"Bandenspanning Opel Tigra - Autobaak.nl","og_description":"De juiste bandenspanning voor jouw Opel Tigra? Hieronder een overzicht van de Opel Tigra modellen en de bijbehorende bandenspanning: Aandrijving Bandenmaat Bandenspanning voorwielen Bandenspanning achterwielen Voorkant beladen Achterkant beladen 1.4 185 60 R15 84H 2.3 2.1 2.3 2.1 1.4 205 45 R17 84H 2.3 2.1 2.3 2.1 1.4 205 50 R16 87H 2.3 2.1 2.3 [&hellip;]","og_url":"https:\/\/autobaak.nl\/de\/reifendruck-opel-tigra\/","og_site_name":"Autobaak.nl","article_modified_time":"2022-10-01T10:33:11+00:00","twitter_card":"summary_large_image","twitter_misc":{"Gesch\u00e4tzte Lesezeit":"1\u00a0Minute"},"schema":{"@context":"https:\/\/schema.org","@graph":[{"@type":"WebPage","@id":"https:\/\/autobaak.nl\/bandenspanning-opel-tigra\/","url":"https:\/\/autobaak.nl\/bandenspanning-opel-tigra\/","name":"Reifendruck Opel Tigra - Autobaak.de","isPartOf":{"@id":"https:\/\/autobaak.nl\/#website"},"datePublished":"2022-10-01T10:32:47+00:00","dateModified":"2022-10-01T10:33:11+00:00","breadcrumb":{"@id":"https:\/\/autobaak.nl\/bandenspanning-opel-tigra\/#breadcrumb"},"inLanguage":"de","potentialAction":[{"@type":"ReadAction","target":["https:\/\/autobaak.nl\/bandenspanning-opel-tigra\/"]}]},{"@type":"BreadcrumbList","@id":"https:\/\/autobaak.nl\/bandenspanning-opel-tigra\/#breadcrumb","itemListElement":[{"@type":"ListItem","position":1,"name":"Home","item":"https:\/\/autobaak.nl\/"},{"@type":"ListItem","position":2,"name":"Bandenspanning Opel Tigra"}]},{"@type":"WebSite","@id":"https:\/\/autobaak.nl\/#website","url":"https:\/\/autobaak.nl\/","name":"Autobook.de","description":"Autos &amp; Rennsport","potentialAction":[{"@type":"SearchAction","target":{"@type":"EntryPoint","urlTemplate":"https:\/\/autobaak.nl\/?s={search_term_string}"},"query-input":{"@type":"PropertyValueSpecification","valueRequired":true,"valueName":"search_term_string"}}],"inLanguage":"de"}]}},"_links":{"self":[{"href":"https:\/\/autobaak.nl\/de\/wp-json\/wp\/v2\/pages\/154185","targetHints":{"allow":["GET"]}}],"collection":[{"href":"https:\/\/autobaak.nl\/de\/wp-json\/wp\/v2\/pages"}],"about":[{"href":"https:\/\/autobaak.nl\/de\/wp-json\/wp\/v2\/types\/page"}],"author":[{"embeddable":true,"href":"https:\/\/autobaak.nl\/de\/wp-json\/wp\/v2\/users\/1"}],"replies":[{"embeddable":true,"href":"https:\/\/autobaak.nl\/de\/wp-json\/wp\/v2\/comments?post=154185"}],"version-history":[{"count":0,"href":"https:\/\/autobaak.nl\/de\/wp-json\/wp\/v2\/pages\/154185\/revisions"}],"wp:attachment":[{"href":"https:\/\/autobaak.nl\/de\/wp-json\/wp\/v2\/media?parent=154185"}],"curies":[{"name":"wp","href":"https:\/\/api.w.org\/{rel}","templated":true}]}}