{"id":154203,"date":"2022-10-01T12:47:49","date_gmt":"2022-10-01T10:47:49","guid":{"rendered":"https:\/\/autobaak.nl\/?page_id=154203"},"modified":"2022-10-01T12:47:49","modified_gmt":"2022-10-01T10:47:49","slug":"reifendruck-nissan-370z","status":"publish","type":"page","link":"https:\/\/autobaak.nl\/de\/reifendruck-nissan-370z\/","title":{"rendered":"Reifendruck Nissan 370Z"},"content":{"rendered":"<p>Richtiger Reifendruck Nissan 370Z? Unten sehen Sie eine \u00dcbersicht aller Modelle des Nissan 370Z und die dazugeh\u00f6rigen Reifendr\u00fccke:<\/p>\n<table class=\"table table-striped table-bordered table-hover table-responsive\">\n<thead class=\"thead-dark\">\n<tr>\n<th>Antrieb<\/th>\n<th>Gr\u00f6\u00dfe des Reifens<\/th>\n<th>Reifendruck Vorderr\u00e4der<\/th>\n<th>Reifendruck am Hinterrad<\/th>\n<th>Frontlader<\/th>\n<th>Laden Sie die R\u00fcckseite<\/th>\n<\/tr>\n<\/thead>\n<tbody>\n<tr>\n<td data-title=\"Aandrijving\"><strong>3.7 Nismo<\/strong><\/td>\n<td data-title=\"Bandenmaat\">245 40 R19 98Y VA XL<\/td>\n<td data-title=\"Bandenspanning voorwielen\"><\/td>\n<td data-title=\"Bandenspanning achterwielen\">2.4<\/td>\n<td data-title=\"Voorkant beladen\"><\/td>\n<td data-title=\"Achterkant beladen\">2.4<\/td>\n<\/tr>\n<tr>\n<td data-title=\"Aandrijving\"><strong>3.7 Nismo<\/strong><\/td>\n<td data-title=\"Bandenmaat\">285 35 R19 99Y HA<\/td>\n<td data-title=\"Bandenspanning voorwielen\">2.4<\/td>\n<td data-title=\"Bandenspanning achterwielen\"><\/td>\n<td data-title=\"Voorkant beladen\">2.4<\/td>\n<td data-title=\"Achterkant beladen\"><\/td>\n<\/tr>\n<tr>\n<td data-title=\"Aandrijving\"><strong>3.7 V6 Coup\u00e9<\/strong><\/td>\n<td data-title=\"Bandenmaat\">225 50 R18 95W VA<\/td>\n<td data-title=\"Bandenspanning voorwielen\"><\/td>\n<td data-title=\"Bandenspanning achterwielen\">2.4<\/td>\n<td data-title=\"Voorkant beladen\"><\/td>\n<td data-title=\"Achterkant beladen\">2.4<\/td>\n<\/tr>\n<tr>\n<td data-title=\"Aandrijving\"><strong>3.7 V6 Coup\u00e9<\/strong><\/td>\n<td data-title=\"Bandenmaat\">245 40 R19 94W VA<\/td>\n<td data-title=\"Bandenspanning voorwielen\"><\/td>\n<td data-title=\"Bandenspanning achterwielen\">2.4<\/td>\n<td data-title=\"Voorkant beladen\"><\/td>\n<td data-title=\"Achterkant beladen\">2.4<\/td>\n<\/tr>\n<tr>\n<td data-title=\"Aandrijving\"><strong>3.7 V6 Coup\u00e9<\/strong><\/td>\n<td data-title=\"Bandenmaat\">245 45 R18 96W HA<\/td>\n<td data-title=\"Bandenspanning voorwielen\">2.4<\/td>\n<td data-title=\"Bandenspanning achterwielen\"><\/td>\n<td data-title=\"Voorkant beladen\">2.4<\/td>\n<td data-title=\"Achterkant beladen\"><\/td>\n<\/tr>\n<tr>\n<td data-title=\"Aandrijving\"><strong>3.7 V6 Coup\u00e9<\/strong><\/td>\n<td data-title=\"Bandenmaat\">275 35 R19 96W HA<\/td>\n<td data-title=\"Bandenspanning voorwielen\">2.4<\/td>\n<td data-title=\"Bandenspanning achterwielen\"><\/td>\n<td data-title=\"Voorkant beladen\">2.4<\/td>\n<td data-title=\"Achterkant beladen\"><\/td>\n<\/tr>\n<tr>\n<td data-title=\"Aandrijving\"><strong>3.7 V6 Roadster<\/strong><\/td>\n<td data-title=\"Bandenmaat\">225 50 R18 95W VA<\/td>\n<td data-title=\"Bandenspanning voorwielen\"><\/td>\n<td data-title=\"Bandenspanning achterwielen\">2.6<\/td>\n<td data-title=\"Voorkant beladen\"><\/td>\n<td data-title=\"Achterkant beladen\">2.6<\/td>\n<\/tr>\n<tr>\n<td data-title=\"Aandrijving\"><strong>3.7 V6 Roadster<\/strong><\/td>\n<td data-title=\"Bandenmaat\">245 40 R19 94W VA<\/td>\n<td data-title=\"Bandenspanning voorwielen\"><\/td>\n<td data-title=\"Bandenspanning achterwielen\">2.4<\/td>\n<td data-title=\"Voorkant beladen\"><\/td>\n<td data-title=\"Achterkant beladen\">2.4<\/td>\n<\/tr>\n<tr>\n<td data-title=\"Aandrijving\"><strong>3.7 V6 Roadster<\/strong><\/td>\n<td data-title=\"Bandenmaat\">245 45 R18 96W HA<\/td>\n<td data-title=\"Bandenspanning voorwielen\">2.6<\/td>\n<td data-title=\"Bandenspanning achterwielen\"><\/td>\n<td data-title=\"Voorkant beladen\">2.6<\/td>\n<td data-title=\"Achterkant beladen\"><\/td>\n<\/tr>\n<tr>\n<td data-title=\"Aandrijving\"><strong>3.7 V6 Roadster<\/strong><\/td>\n<td data-title=\"Bandenmaat\">275 35 R19 96W HA<\/td>\n<td data-title=\"Bandenspanning voorwielen\">2.4<\/td>\n<td data-title=\"Bandenspanning achterwielen\"><\/td>\n<td data-title=\"Voorkant beladen\">2.4<\/td>\n<td data-title=\"Achterkant beladen\"><\/td>\n<\/tr>\n<\/tbody>\n<\/table>","protected":false},"excerpt":{"rendered":"<p>Richtiger Reifendruck Nissan 370Z? Nachfolgend finden Sie eine \u00dcbersicht der Nissan 370Z-Modelle und des dazugeh\u00f6rigen Reifendrucks: Antrieb Reifengr\u00f6\u00dfe Reifendruck Vorderr\u00e4der Reifendruck Hinterr\u00e4der Vorderachse Hinterachse 3.7 Nismo 245 40 R19 98Y VA XL 2.4 2.4 3.7 Nismo 285 35 R19 99Y HA 2.4 2.4 3.7 V6 Coupe 225 50 R18 95W VA 2.4 2.4 [...]<\/p>","protected":false},"author":1,"featured_media":0,"parent":0,"menu_order":0,"comment_status":"closed","ping_status":"closed","template":"","meta":{"_et_pb_use_builder":"","_et_pb_old_content":"","_et_gb_content_width":"","footnotes":""},"class_list":["post-154203","page","type-page","status-publish","hentry"],"yoast_head":"<!-- This site is optimized with the Yoast SEO plugin v27.5 - https:\/\/yoast.com\/product\/yoast-seo-wordpress\/ -->\n<title>Bandenspanning Nissan 370Z - Autobaak.nl<\/title>\n<meta name=\"robots\" content=\"index, follow, max-snippet:-1, max-image-preview:large, max-video-preview:-1\" \/>\n<link rel=\"canonical\" href=\"https:\/\/autobaak.nl\/de\/reifendruck-nissan-370z\/\" \/>\n<meta property=\"og:locale\" content=\"de_DE\" \/>\n<meta property=\"og:type\" content=\"article\" \/>\n<meta property=\"og:title\" content=\"Bandenspanning Nissan 370Z - Autobaak.nl\" \/>\n<meta property=\"og:description\" content=\"Juiste bandenspanning Nissan 370Z? Hieronder een overzicht van de Nissan 370Z modellen en de bijbehorende bandenspanning: Aandrijving Bandenmaat Bandenspanning voorwielen Bandenspanning achterwielen Voorkant beladen Achterkant beladen 3.7 Nismo 245 40 R19 98Y VA XL 2.4 2.4 3.7 Nismo 285 35 R19 99Y HA 2.4 2.4 3.7 V6 Coup\u00e9 225 50 R18 95W VA 2.4 2.4 [&hellip;]\" \/>\n<meta property=\"og:url\" content=\"https:\/\/autobaak.nl\/de\/reifendruck-nissan-370z\/\" \/>\n<meta property=\"og:site_name\" content=\"Autobaak.nl\" \/>\n<meta name=\"twitter:card\" content=\"summary_large_image\" \/>\n<meta name=\"twitter:label1\" content=\"Gesch\u00e4tzte Lesezeit\" \/>\n\t<meta name=\"twitter:data1\" content=\"1\u00a0Minute\" \/>\n<script type=\"application\/ld+json\" class=\"yoast-schema-graph\">{\"@context\":\"https:\\\/\\\/schema.org\",\"@graph\":[{\"@type\":\"WebPage\",\"@id\":\"https:\\\/\\\/autobaak.nl\\\/bandenspanning-nissan-370z\\\/\",\"url\":\"https:\\\/\\\/autobaak.nl\\\/bandenspanning-nissan-370z\\\/\",\"name\":\"Bandenspanning Nissan 370Z - Autobaak.nl\",\"isPartOf\":{\"@id\":\"https:\\\/\\\/autobaak.nl\\\/#website\"},\"datePublished\":\"2022-10-01T10:47:49+00:00\",\"breadcrumb\":{\"@id\":\"https:\\\/\\\/autobaak.nl\\\/bandenspanning-nissan-370z\\\/#breadcrumb\"},\"inLanguage\":\"de\",\"potentialAction\":[{\"@type\":\"ReadAction\",\"target\":[\"https:\\\/\\\/autobaak.nl\\\/bandenspanning-nissan-370z\\\/\"]}]},{\"@type\":\"BreadcrumbList\",\"@id\":\"https:\\\/\\\/autobaak.nl\\\/bandenspanning-nissan-370z\\\/#breadcrumb\",\"itemListElement\":[{\"@type\":\"ListItem\",\"position\":1,\"name\":\"Home\",\"item\":\"https:\\\/\\\/autobaak.nl\\\/\"},{\"@type\":\"ListItem\",\"position\":2,\"name\":\"Bandenspanning Nissan 370Z\"}]},{\"@type\":\"WebSite\",\"@id\":\"https:\\\/\\\/autobaak.nl\\\/#website\",\"url\":\"https:\\\/\\\/autobaak.nl\\\/\",\"name\":\"Autobaak.nl\",\"description\":\"Cars &amp; Racing\",\"potentialAction\":[{\"@type\":\"SearchAction\",\"target\":{\"@type\":\"EntryPoint\",\"urlTemplate\":\"https:\\\/\\\/autobaak.nl\\\/?s={search_term_string}\"},\"query-input\":{\"@type\":\"PropertyValueSpecification\",\"valueRequired\":true,\"valueName\":\"search_term_string\"}}],\"inLanguage\":\"de\"}]}<\/script>\n<!-- \/ Yoast SEO plugin. -->","yoast_head_json":{"title":"Reifendruck Nissan 370Z - Autobaak.de","robots":{"index":"index","follow":"follow","max-snippet":"max-snippet:-1","max-image-preview":"max-image-preview:large","max-video-preview":"max-video-preview:-1"},"canonical":"https:\/\/autobaak.nl\/de\/reifendruck-nissan-370z\/","og_locale":"de_DE","og_type":"article","og_title":"Bandenspanning Nissan 370Z - Autobaak.nl","og_description":"Juiste bandenspanning Nissan 370Z? Hieronder een overzicht van de Nissan 370Z modellen en de bijbehorende bandenspanning: Aandrijving Bandenmaat Bandenspanning voorwielen Bandenspanning achterwielen Voorkant beladen Achterkant beladen 3.7 Nismo 245 40 R19 98Y VA XL 2.4 2.4 3.7 Nismo 285 35 R19 99Y HA 2.4 2.4 3.7 V6 Coup\u00e9 225 50 R18 95W VA 2.4 2.4 [&hellip;]","og_url":"https:\/\/autobaak.nl\/de\/reifendruck-nissan-370z\/","og_site_name":"Autobaak.nl","twitter_card":"summary_large_image","twitter_misc":{"Gesch\u00e4tzte Lesezeit":"1\u00a0Minute"},"schema":{"@context":"https:\/\/schema.org","@graph":[{"@type":"WebPage","@id":"https:\/\/autobaak.nl\/bandenspanning-nissan-370z\/","url":"https:\/\/autobaak.nl\/bandenspanning-nissan-370z\/","name":"Reifendruck Nissan 370Z - Autobaak.de","isPartOf":{"@id":"https:\/\/autobaak.nl\/#website"},"datePublished":"2022-10-01T10:47:49+00:00","breadcrumb":{"@id":"https:\/\/autobaak.nl\/bandenspanning-nissan-370z\/#breadcrumb"},"inLanguage":"de","potentialAction":[{"@type":"ReadAction","target":["https:\/\/autobaak.nl\/bandenspanning-nissan-370z\/"]}]},{"@type":"BreadcrumbList","@id":"https:\/\/autobaak.nl\/bandenspanning-nissan-370z\/#breadcrumb","itemListElement":[{"@type":"ListItem","position":1,"name":"Home","item":"https:\/\/autobaak.nl\/"},{"@type":"ListItem","position":2,"name":"Bandenspanning Nissan 370Z"}]},{"@type":"WebSite","@id":"https:\/\/autobaak.nl\/#website","url":"https:\/\/autobaak.nl\/","name":"Autobook.de","description":"Autos &amp; Rennsport","potentialAction":[{"@type":"SearchAction","target":{"@type":"EntryPoint","urlTemplate":"https:\/\/autobaak.nl\/?s={search_term_string}"},"query-input":{"@type":"PropertyValueSpecification","valueRequired":true,"valueName":"search_term_string"}}],"inLanguage":"de"}]}},"_links":{"self":[{"href":"https:\/\/autobaak.nl\/de\/wp-json\/wp\/v2\/pages\/154203","targetHints":{"allow":["GET"]}}],"collection":[{"href":"https:\/\/autobaak.nl\/de\/wp-json\/wp\/v2\/pages"}],"about":[{"href":"https:\/\/autobaak.nl\/de\/wp-json\/wp\/v2\/types\/page"}],"author":[{"embeddable":true,"href":"https:\/\/autobaak.nl\/de\/wp-json\/wp\/v2\/users\/1"}],"replies":[{"embeddable":true,"href":"https:\/\/autobaak.nl\/de\/wp-json\/wp\/v2\/comments?post=154203"}],"version-history":[{"count":0,"href":"https:\/\/autobaak.nl\/de\/wp-json\/wp\/v2\/pages\/154203\/revisions"}],"wp:attachment":[{"href":"https:\/\/autobaak.nl\/de\/wp-json\/wp\/v2\/media?parent=154203"}],"curies":[{"name":"wp","href":"https:\/\/api.w.org\/{rel}","templated":true}]}}