{"id":154235,"date":"2022-10-01T12:55:54","date_gmt":"2022-10-01T10:55:54","guid":{"rendered":"https:\/\/autobaak.nl\/?page_id=154235"},"modified":"2022-10-01T12:55:54","modified_gmt":"2022-10-01T10:55:54","slug":"reifendruck-nissan-qashqai","status":"publish","type":"page","link":"https:\/\/autobaak.nl\/de\/reifendruck-nissan-qashqai\/","title":{"rendered":"Reifendruck Nissan Qashqai"},"content":{"rendered":"<p>Richtiger Reifendruck Nissan Qashqai? Nachfolgend finden Sie eine \u00dcbersicht der Nissan Qashqai Modelle und deren Reifendruck:<\/p>\n<table class=\"table table-striped table-bordered table-hover table-responsive\">\n<thead class=\"thead-dark\">\n<tr>\n<th>Antrieb<\/th>\n<th>Gr\u00f6\u00dfe des Reifens<\/th>\n<th>Reifendruck Vorderr\u00e4der<\/th>\n<th>Reifendruck am Hinterrad<\/th>\n<th>Frontlader<\/th>\n<th>Laden Sie die R\u00fcckseite<\/th>\n<\/tr>\n<\/thead>\n<tbody>\n<tr>\n<td data-title=\"Aandrijving\"><strong>1.2<\/strong><\/td>\n<td data-title=\"Bandenmaat\">215 55 R18 99V XL 4\u00d74<\/td>\n<td data-title=\"Bandenspanning voorwielen\">2.3<\/td>\n<td data-title=\"Bandenspanning achterwielen\">2.1<\/td>\n<td data-title=\"Voorkant beladen\">2.3<\/td>\n<td data-title=\"Achterkant beladen\">2.6<\/td>\n<\/tr>\n<tr>\n<td data-title=\"Aandrijving\"><strong>1.2<\/strong><\/td>\n<td data-title=\"Bandenmaat\">215 60 R17 96H 4\u00d74<\/td>\n<td data-title=\"Bandenspanning voorwielen\">2.3<\/td>\n<td data-title=\"Bandenspanning achterwielen\">2.1<\/td>\n<td data-title=\"Voorkant beladen\">2.3<\/td>\n<td data-title=\"Achterkant beladen\">2.6<\/td>\n<\/tr>\n<tr>\n<td data-title=\"Aandrijving\"><strong>1.2<\/strong><\/td>\n<td data-title=\"Bandenmaat\">215 65 R16 98H 4\u00d74<\/td>\n<td data-title=\"Bandenspanning voorwielen\">2.6<\/td>\n<td data-title=\"Bandenspanning achterwielen\">2.4<\/td>\n<td data-title=\"Voorkant beladen\">2.6<\/td>\n<td data-title=\"Achterkant beladen\">2.6<\/td>\n<\/tr>\n<tr>\n<td data-title=\"Aandrijving\"><strong>1.2<\/strong><\/td>\n<td data-title=\"Bandenmaat\">225 45 R19 96W XL 4\u00d74<\/td>\n<td data-title=\"Bandenspanning voorwielen\">2.3<\/td>\n<td data-title=\"Bandenspanning achterwielen\">2.1<\/td>\n<td data-title=\"Voorkant beladen\">2.3<\/td>\n<td data-title=\"Achterkant beladen\">2.6<\/td>\n<\/tr>\n<tr>\n<td data-title=\"Aandrijving\"><strong>1.6<\/strong><\/td>\n<td data-title=\"Bandenmaat\">215 60 R17 96H 4\u00d74<\/td>\n<td data-title=\"Bandenspanning voorwielen\">2.3<\/td>\n<td data-title=\"Bandenspanning achterwielen\">2.3<\/td>\n<td data-title=\"Voorkant beladen\">2.6<\/td>\n<td data-title=\"Achterkant beladen\">2.7<\/td>\n<\/tr>\n<tr>\n<td data-title=\"Aandrijving\"><strong>1.6<\/strong><\/td>\n<td data-title=\"Bandenmaat\">215 65 R16 98H 4\u00d74<\/td>\n<td data-title=\"Bandenspanning voorwielen\">2.3<\/td>\n<td data-title=\"Bandenspanning achterwielen\">2.3<\/td>\n<td data-title=\"Voorkant beladen\">2.6<\/td>\n<td data-title=\"Achterkant beladen\">2.7<\/td>\n<\/tr>\n<tr>\n<td data-title=\"Aandrijving\"><strong>1,6 dCi<\/strong><\/td>\n<td data-title=\"Bandenmaat\">215 55 R18 99V XL 4\u00d74<\/td>\n<td data-title=\"Bandenspanning voorwielen\">2.3<\/td>\n<td data-title=\"Bandenspanning achterwielen\">2.1<\/td>\n<td data-title=\"Voorkant beladen\">2.3<\/td>\n<td data-title=\"Achterkant beladen\">2.6<\/td>\n<\/tr>\n<tr>\n<td data-title=\"Aandrijving\"><strong>1,6 dCi<\/strong><\/td>\n<td data-title=\"Bandenmaat\">215 60 R17 96H 4\u00d74<\/td>\n<td data-title=\"Bandenspanning voorwielen\">2.3<\/td>\n<td data-title=\"Bandenspanning achterwielen\">2.1<\/td>\n<td data-title=\"Voorkant beladen\">2.3<\/td>\n<td data-title=\"Achterkant beladen\">2.6<\/td>\n<\/tr>\n<tr>\n<td data-title=\"Aandrijving\"><strong>1,6 dCi<\/strong><\/td>\n<td data-title=\"Bandenmaat\">225 45 R19 96W XL 4\u00d74<\/td>\n<td data-title=\"Bandenspanning voorwielen\">2.3<\/td>\n<td data-title=\"Bandenspanning achterwielen\">2.1<\/td>\n<td data-title=\"Voorkant beladen\">2.3<\/td>\n<td data-title=\"Achterkant beladen\">2.6<\/td>\n<\/tr>\n<tr>\n<td data-title=\"Aandrijving\"><strong>2.0<\/strong><\/td>\n<td data-title=\"Bandenmaat\">215 55 R18 95H 4\u00d74<\/td>\n<td data-title=\"Bandenspanning voorwielen\">2.3<\/td>\n<td data-title=\"Bandenspanning achterwielen\">2.1<\/td>\n<td data-title=\"Voorkant beladen\">2.3<\/td>\n<td data-title=\"Achterkant beladen\">2.6<\/td>\n<\/tr>\n<tr>\n<td data-title=\"Aandrijving\"><strong>2.0<\/strong><\/td>\n<td data-title=\"Bandenmaat\">215 60 R17 96H 4\u00d74<\/td>\n<td data-title=\"Bandenspanning voorwielen\">2.3<\/td>\n<td data-title=\"Bandenspanning achterwielen\">2.1<\/td>\n<td data-title=\"Voorkant beladen\">2.3<\/td>\n<td data-title=\"Achterkant beladen\">2.6<\/td>\n<\/tr>\n<\/tbody>\n<\/table>","protected":false},"excerpt":{"rendered":"<p>Richtiger Reifendruck Nissan Qashqai? Nachfolgend finden Sie eine \u00dcbersicht der Nissan Qashqai-Modelle und des dazugeh\u00f6rigen Reifendrucks: Antrieb Reifengr\u00f6\u00dfe Reifendruck Vorderr\u00e4der Reifendruck Hinterr\u00e4der Vorderrad beladen Hinterrad beladen 1,2 215 55 R18 99V XL 4\u00d74 2,3 2,1 2,3 2,6 1,2 215 60 R17 96H 4\u00d74 2,3 2,1 2,3 2,6 1,2 215 65 R16 98H 4\u00d74 2,6 2,4 [...]<\/p>","protected":false},"author":1,"featured_media":0,"parent":0,"menu_order":0,"comment_status":"closed","ping_status":"closed","template":"","meta":{"_et_pb_use_builder":"","_et_pb_old_content":"","_et_gb_content_width":"","footnotes":""},"class_list":["post-154235","page","type-page","status-publish","hentry"],"yoast_head":"<!-- This site is optimized with the Yoast SEO plugin v27.6 - https:\/\/yoast.com\/product\/yoast-seo-wordpress\/ -->\n<title>Bandenspanning Nissan Qashqai - Autobaak.nl<\/title>\n<meta name=\"robots\" content=\"index, follow, max-snippet:-1, max-image-preview:large, max-video-preview:-1\" \/>\n<link rel=\"canonical\" href=\"https:\/\/autobaak.nl\/de\/reifendruck-nissan-qashqai\/\" \/>\n<meta property=\"og:locale\" content=\"de_DE\" \/>\n<meta property=\"og:type\" content=\"article\" \/>\n<meta property=\"og:title\" content=\"Bandenspanning Nissan Qashqai - Autobaak.nl\" \/>\n<meta property=\"og:description\" content=\"Juiste bandenspanning Nissan Qashqai? Hieronder een overzicht van de Nissan Qashqai modellen en de bijbehorende bandenspanning: Aandrijving Bandenmaat Bandenspanning voorwielen Bandenspanning achterwielen Voorkant beladen Achterkant beladen 1.2 215 55 R18 99V XL 4&#215;4 2.3 2.1 2.3 2.6 1.2 215 60 R17 96H 4&#215;4 2.3 2.1 2.3 2.6 1.2 215 65 R16 98H 4&#215;4 2.6 2.4 [&hellip;]\" \/>\n<meta property=\"og:url\" content=\"https:\/\/autobaak.nl\/de\/reifendruck-nissan-qashqai\/\" \/>\n<meta property=\"og:site_name\" content=\"Autobaak.nl\" \/>\n<meta name=\"twitter:card\" content=\"summary_large_image\" \/>\n<meta name=\"twitter:label1\" content=\"Gesch\u00e4tzte Lesezeit\" \/>\n\t<meta name=\"twitter:data1\" content=\"1\u00a0Minute\" \/>\n<script type=\"application\/ld+json\" class=\"yoast-schema-graph\">{\"@context\":\"https:\\\/\\\/schema.org\",\"@graph\":[{\"@type\":\"WebPage\",\"@id\":\"https:\\\/\\\/autobaak.nl\\\/bandenspanning-nissan-qashqai\\\/\",\"url\":\"https:\\\/\\\/autobaak.nl\\\/bandenspanning-nissan-qashqai\\\/\",\"name\":\"Bandenspanning Nissan Qashqai - Autobaak.nl\",\"isPartOf\":{\"@id\":\"https:\\\/\\\/autobaak.nl\\\/#website\"},\"datePublished\":\"2022-10-01T10:55:54+00:00\",\"breadcrumb\":{\"@id\":\"https:\\\/\\\/autobaak.nl\\\/bandenspanning-nissan-qashqai\\\/#breadcrumb\"},\"inLanguage\":\"de\",\"potentialAction\":[{\"@type\":\"ReadAction\",\"target\":[\"https:\\\/\\\/autobaak.nl\\\/bandenspanning-nissan-qashqai\\\/\"]}]},{\"@type\":\"BreadcrumbList\",\"@id\":\"https:\\\/\\\/autobaak.nl\\\/bandenspanning-nissan-qashqai\\\/#breadcrumb\",\"itemListElement\":[{\"@type\":\"ListItem\",\"position\":1,\"name\":\"Home\",\"item\":\"https:\\\/\\\/autobaak.nl\\\/\"},{\"@type\":\"ListItem\",\"position\":2,\"name\":\"Bandenspanning Nissan Qashqai\"}]},{\"@type\":\"WebSite\",\"@id\":\"https:\\\/\\\/autobaak.nl\\\/#website\",\"url\":\"https:\\\/\\\/autobaak.nl\\\/\",\"name\":\"Autobaak.nl\",\"description\":\"Cars &amp; Racing\",\"potentialAction\":[{\"@type\":\"SearchAction\",\"target\":{\"@type\":\"EntryPoint\",\"urlTemplate\":\"https:\\\/\\\/autobaak.nl\\\/?s={search_term_string}\"},\"query-input\":{\"@type\":\"PropertyValueSpecification\",\"valueRequired\":true,\"valueName\":\"search_term_string\"}}],\"inLanguage\":\"de\"}]}<\/script>\n<!-- \/ Yoast SEO plugin. -->","yoast_head_json":{"title":"Reifendruck Nissan Qashqai - Autobaak.de","robots":{"index":"index","follow":"follow","max-snippet":"max-snippet:-1","max-image-preview":"max-image-preview:large","max-video-preview":"max-video-preview:-1"},"canonical":"https:\/\/autobaak.nl\/de\/reifendruck-nissan-qashqai\/","og_locale":"de_DE","og_type":"article","og_title":"Bandenspanning Nissan Qashqai - Autobaak.nl","og_description":"Juiste bandenspanning Nissan Qashqai? Hieronder een overzicht van de Nissan Qashqai modellen en de bijbehorende bandenspanning: Aandrijving Bandenmaat Bandenspanning voorwielen Bandenspanning achterwielen Voorkant beladen Achterkant beladen 1.2 215 55 R18 99V XL 4&#215;4 2.3 2.1 2.3 2.6 1.2 215 60 R17 96H 4&#215;4 2.3 2.1 2.3 2.6 1.2 215 65 R16 98H 4&#215;4 2.6 2.4 [&hellip;]","og_url":"https:\/\/autobaak.nl\/de\/reifendruck-nissan-qashqai\/","og_site_name":"Autobaak.nl","twitter_card":"summary_large_image","twitter_misc":{"Gesch\u00e4tzte Lesezeit":"1\u00a0Minute"},"schema":{"@context":"https:\/\/schema.org","@graph":[{"@type":"WebPage","@id":"https:\/\/autobaak.nl\/bandenspanning-nissan-qashqai\/","url":"https:\/\/autobaak.nl\/bandenspanning-nissan-qashqai\/","name":"Reifendruck Nissan Qashqai - Autobaak.de","isPartOf":{"@id":"https:\/\/autobaak.nl\/#website"},"datePublished":"2022-10-01T10:55:54+00:00","breadcrumb":{"@id":"https:\/\/autobaak.nl\/bandenspanning-nissan-qashqai\/#breadcrumb"},"inLanguage":"de","potentialAction":[{"@type":"ReadAction","target":["https:\/\/autobaak.nl\/bandenspanning-nissan-qashqai\/"]}]},{"@type":"BreadcrumbList","@id":"https:\/\/autobaak.nl\/bandenspanning-nissan-qashqai\/#breadcrumb","itemListElement":[{"@type":"ListItem","position":1,"name":"Home","item":"https:\/\/autobaak.nl\/"},{"@type":"ListItem","position":2,"name":"Bandenspanning Nissan Qashqai"}]},{"@type":"WebSite","@id":"https:\/\/autobaak.nl\/#website","url":"https:\/\/autobaak.nl\/","name":"Autobook.de","description":"Autos &amp; Rennsport","potentialAction":[{"@type":"SearchAction","target":{"@type":"EntryPoint","urlTemplate":"https:\/\/autobaak.nl\/?s={search_term_string}"},"query-input":{"@type":"PropertyValueSpecification","valueRequired":true,"valueName":"search_term_string"}}],"inLanguage":"de"}]}},"_links":{"self":[{"href":"https:\/\/autobaak.nl\/de\/wp-json\/wp\/v2\/pages\/154235","targetHints":{"allow":["GET"]}}],"collection":[{"href":"https:\/\/autobaak.nl\/de\/wp-json\/wp\/v2\/pages"}],"about":[{"href":"https:\/\/autobaak.nl\/de\/wp-json\/wp\/v2\/types\/page"}],"author":[{"embeddable":true,"href":"https:\/\/autobaak.nl\/de\/wp-json\/wp\/v2\/users\/1"}],"replies":[{"embeddable":true,"href":"https:\/\/autobaak.nl\/de\/wp-json\/wp\/v2\/comments?post=154235"}],"version-history":[{"count":0,"href":"https:\/\/autobaak.nl\/de\/wp-json\/wp\/v2\/pages\/154235\/revisions"}],"wp:attachment":[{"href":"https:\/\/autobaak.nl\/de\/wp-json\/wp\/v2\/media?parent=154235"}],"curies":[{"name":"wp","href":"https:\/\/api.w.org\/{rel}","templated":true}]}}