{"id":154305,"date":"2022-11-06T12:56:14","date_gmt":"2022-11-06T11:56:14","guid":{"rendered":"https:\/\/autobaak.nl\/?page_id=154305"},"modified":"2022-11-06T12:56:14","modified_gmt":"2022-11-06T11:56:14","slug":"reifendruck-mazda-6","status":"publish","type":"page","link":"https:\/\/autobaak.nl\/de\/reifendruck-mazda-6\/","title":{"rendered":"Reifendruck Mazda 6"},"content":{"rendered":"<p>Welchen Reifendruck hat Ihr Mazda 6? Die folgende Tabelle zeigt den richtigen Reifendruck f\u00fcr jedes Modell (6, 6 Kombi, 6 Sport Kombi und 6 SW):<\/p>\n<h2>Mazda 6 Reifendruck<\/h2>\n<table class=\"table table-striped table-bordered table-hover table-responsive\">\n<thead class=\"thead-dark\">\n<tr>\n<th>Antrieb<\/th>\n<th>Gr\u00f6\u00dfe des Reifens<\/th>\n<th>Reifendruck Vorderr\u00e4der<\/th>\n<th>Reifendruck am Hinterrad<\/th>\n<th>Frontlader<\/th>\n<th>Laden Sie die R\u00fcckseite<\/th>\n<\/tr>\n<\/thead>\n<tbody>\n<tr>\n<td data-title=\"Aandrijving\"><strong>1.8 MZR<\/strong><\/td>\n<td data-title=\"Bandenmaat\">195 65 R16 92V<\/td>\n<td data-title=\"Bandenspanning voorwielen\">2.2<\/td>\n<td data-title=\"Bandenspanning achterwielen\">2.2<\/td>\n<td data-title=\"Voorkant beladen\">2.5<\/td>\n<td data-title=\"Achterkant beladen\">3.0<\/td>\n<\/tr>\n<tr>\n<td data-title=\"Aandrijving\"><strong>1.8 MZR<\/strong><\/td>\n<td data-title=\"Bandenmaat\">205 60 R16 92V<\/td>\n<td data-title=\"Bandenspanning voorwielen\">2.2<\/td>\n<td data-title=\"Bandenspanning achterwielen\">2.2<\/td>\n<td data-title=\"Voorkant beladen\">2.6<\/td>\n<td data-title=\"Achterkant beladen\">3.1<\/td>\n<\/tr>\n<tr>\n<td data-title=\"Aandrijving\"><strong>1.8 MZR<\/strong><\/td>\n<td data-title=\"Bandenmaat\">215 50 R17 91W<\/td>\n<td data-title=\"Bandenspanning voorwielen\">2.2<\/td>\n<td data-title=\"Bandenspanning achterwielen\">2.2<\/td>\n<td data-title=\"Voorkant beladen\">2.6<\/td>\n<td data-title=\"Achterkant beladen\">3.0<\/td>\n<\/tr>\n<tr>\n<td data-title=\"Aandrijving\"><strong>1.8 MZR<\/strong><\/td>\n<td data-title=\"Bandenmaat\">225 45 R18 91W<\/td>\n<td data-title=\"Bandenspanning voorwielen\">2.2<\/td>\n<td data-title=\"Bandenspanning achterwielen\">2.2<\/td>\n<td data-title=\"Voorkant beladen\">2.6<\/td>\n<td data-title=\"Achterkant beladen\">3.1<\/td>\n<\/tr>\n<tr>\n<td data-title=\"Aandrijving\"><strong>2.0<\/strong><\/td>\n<td data-title=\"Bandenmaat\">225 45 R19 96W XL<\/td>\n<td data-title=\"Bandenspanning voorwielen\">2.3<\/td>\n<td data-title=\"Bandenspanning achterwielen\">2.3<\/td>\n<td data-title=\"Voorkant beladen\">2.5<\/td>\n<td data-title=\"Achterkant beladen\">3.2<\/td>\n<\/tr>\n<tr>\n<td data-title=\"Aandrijving\"><strong>2.0<\/strong><\/td>\n<td data-title=\"Bandenmaat\">225 55 R17 97V<\/td>\n<td data-title=\"Bandenspanning voorwielen\">2.3<\/td>\n<td data-title=\"Bandenspanning achterwielen\">2.3<\/td>\n<td data-title=\"Voorkant beladen\">2.5<\/td>\n<td data-title=\"Achterkant beladen\">3.2<\/td>\n<\/tr>\n<tr>\n<td data-title=\"Aandrijving\"><strong>2.0 MZR<\/strong><\/td>\n<td data-title=\"Bandenmaat\">195 65 R16 92V<\/td>\n<td data-title=\"Bandenspanning voorwielen\">2.2<\/td>\n<td data-title=\"Bandenspanning achterwielen\">2.2<\/td>\n<td data-title=\"Voorkant beladen\">2.5<\/td>\n<td data-title=\"Achterkant beladen\">3.0<\/td>\n<\/tr>\n<tr>\n<td data-title=\"Aandrijving\"><strong>2.0 MZR<\/strong><\/td>\n<td data-title=\"Bandenmaat\">205 60 R16 92V<\/td>\n<td data-title=\"Bandenspanning voorwielen\">2.2<\/td>\n<td data-title=\"Bandenspanning achterwielen\">2.2<\/td>\n<td data-title=\"Voorkant beladen\">2.6<\/td>\n<td data-title=\"Achterkant beladen\">3.1<\/td>\n<\/tr>\n<tr>\n<td data-title=\"Aandrijving\"><strong>2.0 MZR<\/strong><\/td>\n<td data-title=\"Bandenmaat\">215 50 R17 91W<\/td>\n<td data-title=\"Bandenspanning voorwielen\">2.2<\/td>\n<td data-title=\"Bandenspanning achterwielen\">2.2<\/td>\n<td data-title=\"Voorkant beladen\">2.6<\/td>\n<td data-title=\"Achterkant beladen\">3.0<\/td>\n<\/tr>\n<tr>\n<td data-title=\"Aandrijving\"><strong>2.0 MZR<\/strong><\/td>\n<td data-title=\"Bandenmaat\">225 45 R18 91W<\/td>\n<td data-title=\"Bandenspanning voorwielen\">2.2<\/td>\n<td data-title=\"Bandenspanning achterwielen\">2.2<\/td>\n<td data-title=\"Voorkant beladen\">2.6<\/td>\n<td data-title=\"Achterkant beladen\">3.1<\/td>\n<\/tr>\n<tr>\n<td data-title=\"Aandrijving\"><strong>2.5<\/strong><\/td>\n<td data-title=\"Bandenmaat\">225 45 R19 96W XL<\/td>\n<td data-title=\"Bandenspanning voorwielen\">2.3<\/td>\n<td data-title=\"Bandenspanning achterwielen\">2.3<\/td>\n<td data-title=\"Voorkant beladen\">2.5<\/td>\n<td data-title=\"Achterkant beladen\">3.2<\/td>\n<\/tr>\n<tr>\n<td data-title=\"Aandrijving\"><strong>2,5 MZR<\/strong><\/td>\n<td data-title=\"Bandenmaat\">195 65 R16 92V<\/td>\n<td data-title=\"Bandenspanning voorwielen\">2.2<\/td>\n<td data-title=\"Bandenspanning achterwielen\">2.2<\/td>\n<td data-title=\"Voorkant beladen\">2.5<\/td>\n<td data-title=\"Achterkant beladen\">3.0<\/td>\n<\/tr>\n<tr>\n<td data-title=\"Aandrijving\"><strong>2,5 MZR<\/strong><\/td>\n<td data-title=\"Bandenmaat\">205 60 R16 92V<\/td>\n<td data-title=\"Bandenspanning voorwielen\">2.2<\/td>\n<td data-title=\"Bandenspanning achterwielen\">2.2<\/td>\n<td data-title=\"Voorkant beladen\">2.6<\/td>\n<td data-title=\"Achterkant beladen\">3.1<\/td>\n<\/tr>\n<tr>\n<td data-title=\"Aandrijving\"><strong>2,5 MZR<\/strong><\/td>\n<td data-title=\"Bandenmaat\">215 50 R17 91W<\/td>\n<td data-title=\"Bandenspanning voorwielen\">2.2<\/td>\n<td data-title=\"Bandenspanning achterwielen\">2.2<\/td>\n<td data-title=\"Voorkant beladen\">2.6<\/td>\n<td data-title=\"Achterkant beladen\">3.0<\/td>\n<\/tr>\n<tr>\n<td data-title=\"Aandrijving\"><strong>2,5 MZR<\/strong><\/td>\n<td data-title=\"Bandenmaat\">225 45 R18 91W<\/td>\n<td data-title=\"Bandenspanning voorwielen\">2.2<\/td>\n<td data-title=\"Bandenspanning achterwielen\">2.2<\/td>\n<td data-title=\"Voorkant beladen\">2.6<\/td>\n<td data-title=\"Achterkant beladen\">3.1<\/td>\n<\/tr>\n<\/tbody>\n<\/table>\n<h3>Reifendruck Mazda 6 Kombi<\/h3>\n<table class=\"table table-striped table-bordered table-hover table-responsive\">\n<thead class=\"thead-dark\">\n<tr>\n<th>Antrieb<\/th>\n<th>Gr\u00f6\u00dfe des Reifens<\/th>\n<th>Reifendruck Vorderr\u00e4der<\/th>\n<th>Reifendruck am Hinterrad<\/th>\n<th>Frontlader<\/th>\n<th>Laden Sie die R\u00fcckseite<\/th>\n<\/tr>\n<\/thead>\n<tbody>\n<tr>\n<td data-title=\"Aandrijving\"><strong>2.0<\/strong><\/td>\n<td data-title=\"Bandenmaat\">225 45 R19 96W XL<\/td>\n<td data-title=\"Bandenspanning voorwielen\">2.3<\/td>\n<td data-title=\"Bandenspanning achterwielen\">2.3<\/td>\n<td data-title=\"Voorkant beladen\">2.5<\/td>\n<td data-title=\"Achterkant beladen\">3.2<\/td>\n<\/tr>\n<tr>\n<td data-title=\"Aandrijving\"><strong>2.0<\/strong><\/td>\n<td data-title=\"Bandenmaat\">225 55 R17 97V<\/td>\n<td data-title=\"Bandenspanning voorwielen\">2.3<\/td>\n<td data-title=\"Bandenspanning achterwielen\">2.3<\/td>\n<td data-title=\"Voorkant beladen\">2.5<\/td>\n<td data-title=\"Achterkant beladen\">3.2<\/td>\n<\/tr>\n<\/tbody>\n<\/table>\n<h3>Reifendruck Mazda 6 SW<\/h3>\n<table class=\"table table-striped table-bordered table-hover table-responsive\">\n<thead class=\"thead-dark\">\n<tr>\n<th>Antrieb<\/th>\n<th>Gr\u00f6\u00dfe des Reifens<\/th>\n<th>Reifendruck Vorderr\u00e4der<\/th>\n<th>Reifendruck am Hinterrad<\/th>\n<th>Frontlader<\/th>\n<th>Laden Sie die R\u00fcckseite<\/th>\n<\/tr>\n<\/thead>\n<tbody>\n<tr>\n<td data-title=\"Aandrijving\"><strong>1.8 16V<\/strong><\/td>\n<td data-title=\"Bandenmaat\">195 65 R15 91V<\/td>\n<td data-title=\"Bandenspanning voorwielen\">2.2<\/td>\n<td data-title=\"Bandenspanning achterwielen\">2.2<\/td>\n<td data-title=\"Voorkant beladen\">2.4<\/td>\n<td data-title=\"Achterkant beladen\">2.8<\/td>\n<\/tr>\n<tr>\n<td data-title=\"Aandrijving\"><strong>1.8 16V<\/strong><\/td>\n<td data-title=\"Bandenmaat\">205 55 R16 91V<\/td>\n<td data-title=\"Bandenspanning voorwielen\">2.2<\/td>\n<td data-title=\"Bandenspanning achterwielen\">2.2<\/td>\n<td data-title=\"Voorkant beladen\">2.4<\/td>\n<td data-title=\"Achterkant beladen\">2.8<\/td>\n<\/tr>\n<tr>\n<td data-title=\"Aandrijving\"><strong>2.0 MZR<\/strong><\/td>\n<td data-title=\"Bandenmaat\">205 55 R16 91V<\/td>\n<td data-title=\"Bandenspanning voorwielen\">2.2<\/td>\n<td data-title=\"Bandenspanning achterwielen\">2.2<\/td>\n<td data-title=\"Voorkant beladen\">2.4<\/td>\n<td data-title=\"Achterkant beladen\">2.8<\/td>\n<\/tr>\n<tr>\n<td data-title=\"Aandrijving\"><strong>2.0 MZR-CD<\/strong><\/td>\n<td data-title=\"Bandenmaat\">195 65 R15 91V<\/td>\n<td data-title=\"Bandenspanning voorwielen\">2.4<\/td>\n<td data-title=\"Bandenspanning achterwielen\">2.4<\/td>\n<td data-title=\"Voorkant beladen\">2.6<\/td>\n<td data-title=\"Achterkant beladen\">3.0<\/td>\n<\/tr>\n<tr>\n<td data-title=\"Aandrijving\"><strong>2.0 MZR-CD<\/strong><\/td>\n<td data-title=\"Bandenmaat\">205 55 R16 91V<\/td>\n<td data-title=\"Bandenspanning voorwielen\">2.4<\/td>\n<td data-title=\"Bandenspanning achterwielen\">2.4<\/td>\n<td data-title=\"Voorkant beladen\">2.6<\/td>\n<td data-title=\"Achterkant beladen\">3.0<\/td>\n<\/tr>\n<tr>\n<td data-title=\"Aandrijving\"><strong>2.3 16V<\/strong><\/td>\n<td data-title=\"Bandenmaat\">215 45 R17 91W XL<\/td>\n<td data-title=\"Bandenspanning voorwielen\">2.2<\/td>\n<td data-title=\"Bandenspanning achterwielen\">2.3<\/td>\n<td data-title=\"Voorkant beladen\">2.4<\/td>\n<td data-title=\"Achterkant beladen\">2.8<\/td>\n<\/tr>\n<tr>\n<td data-title=\"Aandrijving\"><strong>2.3 16V<\/strong><\/td>\n<td data-title=\"Bandenmaat\">215 45 R18 89W<\/td>\n<td data-title=\"Bandenspanning voorwielen\">2.2<\/td>\n<td data-title=\"Bandenspanning achterwielen\">2.3<\/td>\n<td data-title=\"Voorkant beladen\">2.4<\/td>\n<td data-title=\"Achterkant beladen\">2.8<\/td>\n<\/tr>\n<\/tbody>\n<\/table>\n<h3>Reifendruck Mazda 6 Sport Combi<\/h3>\n<div class=\"col-12 col-md-8\">\n<div class=\"row\">\n<div class=\"col-sm-12 text-center no-more-tables\">\n<table class=\"table table-striped table-bordered table-hover table-responsive\">\n<thead class=\"thead-dark\">\n<tr>\n<th>Antrieb<\/th>\n<th>Gr\u00f6\u00dfe des Reifens<\/th>\n<th>Reifendruck Vorderr\u00e4der<\/th>\n<th>Reifendruck am Hinterrad<\/th>\n<th>Frontlader<\/th>\n<th>Laden Sie die R\u00fcckseite<\/th>\n<\/tr>\n<\/thead>\n<tbody>\n<tr>\n<td data-title=\"Aandrijving\"><strong>1.8 16V<\/strong><\/td>\n<td data-title=\"Bandenmaat\">195 65 R15 91V<\/td>\n<td data-title=\"Bandenspanning voorwielen\">2.2<\/td>\n<td data-title=\"Bandenspanning achterwielen\">2.2<\/td>\n<td data-title=\"Voorkant beladen\">2.4<\/td>\n<td data-title=\"Achterkant beladen\">2.8<\/td>\n<\/tr>\n<tr>\n<td data-title=\"Aandrijving\"><strong>1.8 16V<\/strong><\/td>\n<td data-title=\"Bandenmaat\">205 55 R16 91V<\/td>\n<td data-title=\"Bandenspanning voorwielen\">2.2<\/td>\n<td data-title=\"Bandenspanning achterwielen\">2.2<\/td>\n<td data-title=\"Voorkant beladen\">2.4<\/td>\n<td data-title=\"Achterkant beladen\">2.8<\/td>\n<\/tr>\n<tr>\n<td data-title=\"Aandrijving\"><strong>1.8 MZR<\/strong><\/td>\n<td data-title=\"Bandenmaat\">195 65 R16 92V<\/td>\n<td data-title=\"Bandenspanning voorwielen\">2.2<\/td>\n<td data-title=\"Bandenspanning achterwielen\">2.2<\/td>\n<td data-title=\"Voorkant beladen\">2.5<\/td>\n<td data-title=\"Achterkant beladen\">3.0<\/td>\n<\/tr>\n<tr>\n<td data-title=\"Aandrijving\"><strong>1.8 MZR<\/strong><\/td>\n<td data-title=\"Bandenmaat\">205 60 R16 92V<\/td>\n<td data-title=\"Bandenspanning voorwielen\">2.2<\/td>\n<td data-title=\"Bandenspanning achterwielen\">2.2<\/td>\n<td data-title=\"Voorkant beladen\">2.6<\/td>\n<td data-title=\"Achterkant beladen\">3.1<\/td>\n<\/tr>\n<tr>\n<td data-title=\"Aandrijving\"><strong>1.8 MZR<\/strong><\/td>\n<td data-title=\"Bandenmaat\">215 50 R17 91W<\/td>\n<td data-title=\"Bandenspanning voorwielen\">2.2<\/td>\n<td data-title=\"Bandenspanning achterwielen\">2.2<\/td>\n<td data-title=\"Voorkant beladen\">2.6<\/td>\n<td data-title=\"Achterkant beladen\">3.0<\/td>\n<\/tr>\n<tr>\n<td data-title=\"Aandrijving\"><strong>1.8 MZR<\/strong><\/td>\n<td data-title=\"Bandenmaat\">225 45 R18 91W<\/td>\n<td data-title=\"Bandenspanning voorwielen\">2.2<\/td>\n<td data-title=\"Bandenspanning achterwielen\">2.2<\/td>\n<td data-title=\"Voorkant beladen\">2.6<\/td>\n<td data-title=\"Achterkant beladen\">3.1<\/td>\n<\/tr>\n<tr>\n<td data-title=\"Aandrijving\"><strong>2.0 MZR<\/strong><\/td>\n<td data-title=\"Bandenmaat\">195 65 R16 92V<\/td>\n<td data-title=\"Bandenspanning voorwielen\">2.2<\/td>\n<td data-title=\"Bandenspanning achterwielen\">2.2<\/td>\n<td data-title=\"Voorkant beladen\">2.5<\/td>\n<td data-title=\"Achterkant beladen\">3.0<\/td>\n<\/tr>\n<tr>\n<td data-title=\"Aandrijving\"><strong>2.0 MZR<\/strong><\/td>\n<td data-title=\"Bandenmaat\">205 55 R16 91V<\/td>\n<td data-title=\"Bandenspanning voorwielen\">2.2<\/td>\n<td data-title=\"Bandenspanning achterwielen\">2.2<\/td>\n<td data-title=\"Voorkant beladen\">2.4<\/td>\n<td data-title=\"Achterkant beladen\">2.8<\/td>\n<\/tr>\n<tr>\n<td data-title=\"Aandrijving\"><strong>2.0 MZR<\/strong><\/td>\n<td data-title=\"Bandenmaat\">205 60 R16 92V<\/td>\n<td data-title=\"Bandenspanning voorwielen\">2.2<\/td>\n<td data-title=\"Bandenspanning achterwielen\">2.2<\/td>\n<td data-title=\"Voorkant beladen\">2.6<\/td>\n<td data-title=\"Achterkant beladen\">3.1<\/td>\n<\/tr>\n<tr>\n<td data-title=\"Aandrijving\"><strong>2.0 MZR<\/strong><\/td>\n<td data-title=\"Bandenmaat\">215 50 R17 91W<\/td>\n<td data-title=\"Bandenspanning voorwielen\">2.2<\/td>\n<td data-title=\"Bandenspanning achterwielen\">2.2<\/td>\n<td data-title=\"Voorkant beladen\">2.6<\/td>\n<td data-title=\"Achterkant beladen\">3.0<\/td>\n<\/tr>\n<tr>\n<td data-title=\"Aandrijving\"><strong>2.0 MZR<\/strong><\/td>\n<td data-title=\"Bandenmaat\">225 45 R18 91W<\/td>\n<td data-title=\"Bandenspanning voorwielen\">2.2<\/td>\n<td data-title=\"Bandenspanning achterwielen\">2.2<\/td>\n<td data-title=\"Voorkant beladen\">2.6<\/td>\n<td data-title=\"Achterkant beladen\">3.1<\/td>\n<\/tr>\n<tr>\n<td data-title=\"Aandrijving\"><strong>2.0 MZR-CD<\/strong><\/td>\n<td data-title=\"Bandenmaat\">195 65 R15 91V<\/td>\n<td data-title=\"Bandenspanning voorwielen\">2.4<\/td>\n<td data-title=\"Bandenspanning achterwielen\">2.4<\/td>\n<td data-title=\"Voorkant beladen\">2.6<\/td>\n<td data-title=\"Achterkant beladen\">3.0<\/td>\n<\/tr>\n<tr>\n<td data-title=\"Aandrijving\"><strong>2.0 MZR-CD<\/strong><\/td>\n<td data-title=\"Bandenmaat\">205 55 R16 91V<\/td>\n<td data-title=\"Bandenspanning voorwielen\">2.4<\/td>\n<td data-title=\"Bandenspanning achterwielen\">2.4<\/td>\n<td data-title=\"Voorkant beladen\">2.6<\/td>\n<td data-title=\"Achterkant beladen\">3.0<\/td>\n<\/tr>\n<tr>\n<td data-title=\"Aandrijving\"><strong>2.3 16V<\/strong><\/td>\n<td data-title=\"Bandenmaat\">215 45 R17 91W XL<\/td>\n<td data-title=\"Bandenspanning voorwielen\">2.2<\/td>\n<td data-title=\"Bandenspanning achterwielen\">2.3<\/td>\n<td data-title=\"Voorkant beladen\">2.4<\/td>\n<td data-title=\"Achterkant beladen\">2.8<\/td>\n<\/tr>\n<tr>\n<td data-title=\"Aandrijving\"><strong>2.3 16V<\/strong><\/td>\n<td data-title=\"Bandenmaat\">215 45 R18 89W<\/td>\n<td data-title=\"Bandenspanning voorwielen\">2.2<\/td>\n<td data-title=\"Bandenspanning achterwielen\">2.3<\/td>\n<td data-title=\"Voorkant beladen\">2.4<\/td>\n<td data-title=\"Achterkant beladen\">2.8<\/td>\n<\/tr>\n<tr>\n<td data-title=\"Aandrijving\"><strong>2,5 MZR<\/strong><\/td>\n<td data-title=\"Bandenmaat\">195 65 R16 92V<\/td>\n<td data-title=\"Bandenspanning voorwielen\">2.2<\/td>\n<td data-title=\"Bandenspanning achterwielen\">2.2<\/td>\n<td data-title=\"Voorkant beladen\">2.5<\/td>\n<td data-title=\"Achterkant beladen\">3.0<\/td>\n<\/tr>\n<tr>\n<td data-title=\"Aandrijving\"><strong>2,5 MZR<\/strong><\/td>\n<td data-title=\"Bandenmaat\">205 60 R16 92V<\/td>\n<td data-title=\"Bandenspanning voorwielen\">2.2<\/td>\n<td data-title=\"Bandenspanning achterwielen\">2.2<\/td>\n<td data-title=\"Voorkant beladen\">2.6<\/td>\n<td data-title=\"Achterkant beladen\">3.1<\/td>\n<\/tr>\n<tr>\n<td data-title=\"Aandrijving\"><strong>2,5 MZR<\/strong><\/td>\n<td data-title=\"Bandenmaat\">215 50 R17 91W<\/td>\n<td data-title=\"Bandenspanning voorwielen\">2.2<\/td>\n<td data-title=\"Bandenspanning achterwielen\">2.2<\/td>\n<td data-title=\"Voorkant beladen\">2.6<\/td>\n<td data-title=\"Achterkant beladen\">3.0<\/td>\n<\/tr>\n<tr>\n<td data-title=\"Aandrijving\"><strong>2,5 MZR<\/strong><\/td>\n<td data-title=\"Bandenmaat\">225 45 R18 91W<\/td>\n<td data-title=\"Bandenspanning voorwielen\">2.2<\/td>\n<td data-title=\"Bandenspanning achterwielen\">2.2<\/td>\n<td data-title=\"Voorkant beladen\">2.6<\/td>\n<td data-title=\"Achterkant beladen\">3.1<\/td>\n<\/tr>\n<\/tbody>\n<\/table>\n<\/div>\n<\/div>\n<\/div>\n<p>&nbsp;<\/p>","protected":false},"excerpt":{"rendered":"<p>Welchen Reifendruck hat Ihr Mazda 6? Die folgende Tabelle zeigt den richtigen Reifendruck f\u00fcr jedes Modell (6, 6 Kombi, 6 Sport Kombi und 6 SW): Mazda 6 Reifendruck Antriebsstrang Reifengr\u00f6\u00dfe Reifendruck Vorderr\u00e4der Reifendruck Hinterr\u00e4der Vorderachse Hinterachse 1.8 MZR 195 65 R16 92V 2.2 2.2 2.5 3.0 1.8 MZR 205 60 R16 92V 2.2 2.2 2.6 [...]<\/p>","protected":false},"author":1,"featured_media":0,"parent":0,"menu_order":0,"comment_status":"closed","ping_status":"closed","template":"","meta":{"_et_pb_use_builder":"","_et_pb_old_content":"","_et_gb_content_width":"","footnotes":""},"class_list":["post-154305","page","type-page","status-publish","hentry"],"yoast_head":"<!-- This site is optimized with the Yoast SEO plugin v27.5 - https:\/\/yoast.com\/product\/yoast-seo-wordpress\/ -->\n<title>Bandenspanning Mazda 6 - Autobaak.nl<\/title>\n<meta name=\"robots\" content=\"index, follow, max-snippet:-1, max-image-preview:large, max-video-preview:-1\" \/>\n<link rel=\"canonical\" href=\"https:\/\/autobaak.nl\/de\/reifendruck-mazda-6\/\" \/>\n<meta property=\"og:locale\" content=\"de_DE\" \/>\n<meta property=\"og:type\" content=\"article\" \/>\n<meta property=\"og:title\" content=\"Bandenspanning Mazda 6 - Autobaak.nl\" \/>\n<meta property=\"og:description\" content=\"Welke bandenspanning heeft jouw Mazda 6? In onderstaand overzicht de juiste bandenspanning per model (6, 6 Kombi, 6 Sport Kombi en 6 SW): Mazda 6 bandenspanning Aandrijving Bandenmaat Bandenspanning voorwielen Bandenspanning achterwielen Voorkant beladen Achterkant beladen 1.8 MZR 195 65 R16 92V 2.2 2.2 2.5 3.0 1.8 MZR 205 60 R16 92V 2.2 2.2 2.6 [&hellip;]\" \/>\n<meta property=\"og:url\" content=\"https:\/\/autobaak.nl\/de\/reifendruck-mazda-6\/\" \/>\n<meta property=\"og:site_name\" content=\"Autobaak.nl\" \/>\n<meta name=\"twitter:card\" content=\"summary_large_image\" \/>\n<meta name=\"twitter:label1\" content=\"Gesch\u00e4tzte Lesezeit\" \/>\n\t<meta name=\"twitter:data1\" content=\"3\u00a0Minuten\" \/>\n<script type=\"application\/ld+json\" class=\"yoast-schema-graph\">{\"@context\":\"https:\\\/\\\/schema.org\",\"@graph\":[{\"@type\":\"WebPage\",\"@id\":\"https:\\\/\\\/autobaak.nl\\\/bandenspanning-mazda-6\\\/\",\"url\":\"https:\\\/\\\/autobaak.nl\\\/bandenspanning-mazda-6\\\/\",\"name\":\"Bandenspanning Mazda 6 - Autobaak.nl\",\"isPartOf\":{\"@id\":\"https:\\\/\\\/autobaak.nl\\\/#website\"},\"datePublished\":\"2022-11-06T11:56:14+00:00\",\"breadcrumb\":{\"@id\":\"https:\\\/\\\/autobaak.nl\\\/bandenspanning-mazda-6\\\/#breadcrumb\"},\"inLanguage\":\"de\",\"potentialAction\":[{\"@type\":\"ReadAction\",\"target\":[\"https:\\\/\\\/autobaak.nl\\\/bandenspanning-mazda-6\\\/\"]}]},{\"@type\":\"BreadcrumbList\",\"@id\":\"https:\\\/\\\/autobaak.nl\\\/bandenspanning-mazda-6\\\/#breadcrumb\",\"itemListElement\":[{\"@type\":\"ListItem\",\"position\":1,\"name\":\"Home\",\"item\":\"https:\\\/\\\/autobaak.nl\\\/\"},{\"@type\":\"ListItem\",\"position\":2,\"name\":\"Bandenspanning Mazda 6\"}]},{\"@type\":\"WebSite\",\"@id\":\"https:\\\/\\\/autobaak.nl\\\/#website\",\"url\":\"https:\\\/\\\/autobaak.nl\\\/\",\"name\":\"Autobaak.nl\",\"description\":\"Cars &amp; Racing\",\"potentialAction\":[{\"@type\":\"SearchAction\",\"target\":{\"@type\":\"EntryPoint\",\"urlTemplate\":\"https:\\\/\\\/autobaak.nl\\\/?s={search_term_string}\"},\"query-input\":{\"@type\":\"PropertyValueSpecification\",\"valueRequired\":true,\"valueName\":\"search_term_string\"}}],\"inLanguage\":\"de\"}]}<\/script>\n<!-- \/ Yoast SEO plugin. -->","yoast_head_json":{"title":"Reifendruck Mazda 6 - Autobaak.de","robots":{"index":"index","follow":"follow","max-snippet":"max-snippet:-1","max-image-preview":"max-image-preview:large","max-video-preview":"max-video-preview:-1"},"canonical":"https:\/\/autobaak.nl\/de\/reifendruck-mazda-6\/","og_locale":"de_DE","og_type":"article","og_title":"Bandenspanning Mazda 6 - Autobaak.nl","og_description":"Welke bandenspanning heeft jouw Mazda 6? In onderstaand overzicht de juiste bandenspanning per model (6, 6 Kombi, 6 Sport Kombi en 6 SW): Mazda 6 bandenspanning Aandrijving Bandenmaat Bandenspanning voorwielen Bandenspanning achterwielen Voorkant beladen Achterkant beladen 1.8 MZR 195 65 R16 92V 2.2 2.2 2.5 3.0 1.8 MZR 205 60 R16 92V 2.2 2.2 2.6 [&hellip;]","og_url":"https:\/\/autobaak.nl\/de\/reifendruck-mazda-6\/","og_site_name":"Autobaak.nl","twitter_card":"summary_large_image","twitter_misc":{"Gesch\u00e4tzte Lesezeit":"3\u00a0Minuten"},"schema":{"@context":"https:\/\/schema.org","@graph":[{"@type":"WebPage","@id":"https:\/\/autobaak.nl\/bandenspanning-mazda-6\/","url":"https:\/\/autobaak.nl\/bandenspanning-mazda-6\/","name":"Reifendruck Mazda 6 - Autobaak.de","isPartOf":{"@id":"https:\/\/autobaak.nl\/#website"},"datePublished":"2022-11-06T11:56:14+00:00","breadcrumb":{"@id":"https:\/\/autobaak.nl\/bandenspanning-mazda-6\/#breadcrumb"},"inLanguage":"de","potentialAction":[{"@type":"ReadAction","target":["https:\/\/autobaak.nl\/bandenspanning-mazda-6\/"]}]},{"@type":"BreadcrumbList","@id":"https:\/\/autobaak.nl\/bandenspanning-mazda-6\/#breadcrumb","itemListElement":[{"@type":"ListItem","position":1,"name":"Home","item":"https:\/\/autobaak.nl\/"},{"@type":"ListItem","position":2,"name":"Bandenspanning Mazda 6"}]},{"@type":"WebSite","@id":"https:\/\/autobaak.nl\/#website","url":"https:\/\/autobaak.nl\/","name":"Autobook.de","description":"Autos &amp; Rennsport","potentialAction":[{"@type":"SearchAction","target":{"@type":"EntryPoint","urlTemplate":"https:\/\/autobaak.nl\/?s={search_term_string}"},"query-input":{"@type":"PropertyValueSpecification","valueRequired":true,"valueName":"search_term_string"}}],"inLanguage":"de"}]}},"_links":{"self":[{"href":"https:\/\/autobaak.nl\/de\/wp-json\/wp\/v2\/pages\/154305","targetHints":{"allow":["GET"]}}],"collection":[{"href":"https:\/\/autobaak.nl\/de\/wp-json\/wp\/v2\/pages"}],"about":[{"href":"https:\/\/autobaak.nl\/de\/wp-json\/wp\/v2\/types\/page"}],"author":[{"embeddable":true,"href":"https:\/\/autobaak.nl\/de\/wp-json\/wp\/v2\/users\/1"}],"replies":[{"embeddable":true,"href":"https:\/\/autobaak.nl\/de\/wp-json\/wp\/v2\/comments?post=154305"}],"version-history":[{"count":0,"href":"https:\/\/autobaak.nl\/de\/wp-json\/wp\/v2\/pages\/154305\/revisions"}],"wp:attachment":[{"href":"https:\/\/autobaak.nl\/de\/wp-json\/wp\/v2\/media?parent=154305"}],"curies":[{"name":"wp","href":"https:\/\/api.w.org\/{rel}","templated":true}]}}