{"id":154408,"date":"2022-12-09T08:45:26","date_gmt":"2022-12-09T07:45:26","guid":{"rendered":"https:\/\/autobaak.nl\/?page_id=154408"},"modified":"2022-12-09T08:45:26","modified_gmt":"2022-12-09T07:45:26","slug":"reifendruck-audi-a6-allroad","status":"publish","type":"page","link":"https:\/\/autobaak.nl\/de\/reifendruck-audi-a6-allroad\/","title":{"rendered":"Reifendruck Audi A6 Allroad"},"content":{"rendered":"<p>Auf der Suche nach dem <strong>Reifendruck<\/strong> f\u00fcr Ihre <strong>Audi A6 Allroad<\/strong>? Nachfolgend finden Sie die Reifendrucktabelle f\u00fcr den A6 Allroad.<\/p>\n<h2>Reifendruck\u00fcbersicht Audi A6 Allroad<\/h2>\n<table class=\"table table-striped table-bordered table-hover table-responsive\">\n<thead class=\"thead-dark\">\n<tr>\n<th>Antrieb<\/th>\n<th>Gr\u00f6\u00dfe des Reifens<\/th>\n<th>Reifendruck Vorderr\u00e4der<\/th>\n<th>Reifendruck am Hinterrad<\/th>\n<th>Frontlader<\/th>\n<th>Laden Sie die R\u00fcckseite<\/th>\n<\/tr>\n<\/thead>\n<tbody>\n<tr>\n<td data-title=\"Aandrijving\"><strong>3.0 TDI<\/strong><\/td>\n<td data-title=\"Bandenmaat\">235 55 R18 100Y<\/td>\n<td data-title=\"Bandenspanning voorwielen\">2.4<\/td>\n<td data-title=\"Bandenspanning achterwielen\">2.4<\/td>\n<td data-title=\"Voorkant beladen\">2.7<\/td>\n<td data-title=\"Achterkant beladen\">2.9<\/td>\n<\/tr>\n<tr>\n<td data-title=\"Aandrijving\"><strong>3.0 TDI<\/strong><\/td>\n<td data-title=\"Bandenmaat\">255 40 R20 101Y XL<\/td>\n<td data-title=\"Bandenspanning voorwielen\">2.4<\/td>\n<td data-title=\"Bandenspanning achterwielen\">2.4<\/td>\n<td data-title=\"Voorkant beladen\">2.7<\/td>\n<td data-title=\"Achterkant beladen\">2.9<\/td>\n<\/tr>\n<tr>\n<td data-title=\"Aandrijving\"><strong>3.0 TDI<\/strong><\/td>\n<td data-title=\"Bandenmaat\">255 45 R19 100Y<\/td>\n<td data-title=\"Bandenspanning voorwielen\">2.4<\/td>\n<td data-title=\"Bandenspanning achterwielen\">2.4<\/td>\n<td data-title=\"Voorkant beladen\">2.7<\/td>\n<td data-title=\"Achterkant beladen\">2.9<\/td>\n<\/tr>\n<tr>\n<td data-title=\"Aandrijving\"><strong>3.0 TFSI<\/strong><\/td>\n<td data-title=\"Bandenmaat\">235 55 R18 100Y<\/td>\n<td data-title=\"Bandenspanning voorwielen\">2.4<\/td>\n<td data-title=\"Bandenspanning achterwielen\">2.4<\/td>\n<td data-title=\"Voorkant beladen\">2.7<\/td>\n<td data-title=\"Achterkant beladen\">2.9<\/td>\n<\/tr>\n<tr>\n<td data-title=\"Aandrijving\"><strong>3.0 TFSI<\/strong><\/td>\n<td data-title=\"Bandenmaat\">255 40 R20 101Y XL<\/td>\n<td data-title=\"Bandenspanning voorwielen\">2.4<\/td>\n<td data-title=\"Bandenspanning achterwielen\">2.4<\/td>\n<td data-title=\"Voorkant beladen\">2.7<\/td>\n<td data-title=\"Achterkant beladen\">2.9<\/td>\n<\/tr>\n<tr>\n<td data-title=\"Aandrijving\"><strong>3.0 TFSI<\/strong><\/td>\n<td data-title=\"Bandenmaat\">255 45 R19 100Y<\/td>\n<td data-title=\"Bandenspanning voorwielen\">2.4<\/td>\n<td data-title=\"Bandenspanning achterwielen\">2.4<\/td>\n<td data-title=\"Voorkant beladen\">2.7<\/td>\n<td data-title=\"Achterkant beladen\">2.9<\/td>\n<\/tr>\n<tr>\n<td data-title=\"Aandrijving\"><strong>3.2 FSI<\/strong><\/td>\n<td data-title=\"Bandenmaat\">225 55 R17 97W<\/td>\n<td data-title=\"Bandenspanning voorwielen\">2.4<\/td>\n<td data-title=\"Bandenspanning achterwielen\">2.4<\/td>\n<td data-title=\"Voorkant beladen\">2.7<\/td>\n<td data-title=\"Achterkant beladen\">2.9<\/td>\n<\/tr>\n<tr>\n<td data-title=\"Aandrijving\"><strong>3.2 FSI<\/strong><\/td>\n<td data-title=\"Bandenmaat\">245 45 R18 96Y<\/td>\n<td data-title=\"Bandenspanning voorwielen\">2.2<\/td>\n<td data-title=\"Bandenspanning achterwielen\">2.2<\/td>\n<td data-title=\"Voorkant beladen\">2.7<\/td>\n<td data-title=\"Achterkant beladen\">2.9<\/td>\n<\/tr>\n<tr>\n<td data-title=\"Aandrijving\"><strong>4.2 FSI<\/strong><\/td>\n<td data-title=\"Bandenmaat\">245 45 R18 96Y<\/td>\n<td data-title=\"Bandenspanning voorwielen\">2.2<\/td>\n<td data-title=\"Bandenspanning achterwielen\">2.2<\/td>\n<td data-title=\"Voorkant beladen\">2.7<\/td>\n<td data-title=\"Achterkant beladen\">2.9<\/td>\n<\/tr>\n<\/tbody>\n<\/table>","protected":false},"excerpt":{"rendered":"<p>Sie suchen den Reifendruck f\u00fcr Ihren Audi A6 Allroad? Nachfolgend finden Sie die Reifendrucktabelle f\u00fcr den A6 Allroad. Reifendrucktabelle Audi A6 Allroad Drive Reifengr\u00f6\u00dfe Reifendruck Vorderr\u00e4der Reifendruck Hinterr\u00e4der Vorderachse Hinterachse 3.0 TDI 235 55 R18 100Y 2.4 2.4 2.7 2.9 3.0 TDI 255 40 R20 101Y XL 2.4 2.4 2.7 2.9 [...]<\/p>","protected":false},"author":1,"featured_media":0,"parent":0,"menu_order":0,"comment_status":"closed","ping_status":"closed","template":"","meta":{"_et_pb_use_builder":"","_et_pb_old_content":"","_et_gb_content_width":"","footnotes":""},"class_list":["post-154408","page","type-page","status-publish","hentry"],"yoast_head":"<!-- This site is optimized with the Yoast SEO plugin v27.4 - https:\/\/yoast.com\/product\/yoast-seo-wordpress\/ -->\n<title>Bandenspanning Audi A6 Allroad - Autobaak.nl<\/title>\n<meta name=\"robots\" content=\"index, follow, max-snippet:-1, max-image-preview:large, max-video-preview:-1\" \/>\n<link rel=\"canonical\" href=\"https:\/\/autobaak.nl\/de\/reifendruck-audi-a6-allroad\/\" \/>\n<meta property=\"og:locale\" content=\"de_DE\" \/>\n<meta property=\"og:type\" content=\"article\" \/>\n<meta property=\"og:title\" content=\"Bandenspanning Audi A6 Allroad - Autobaak.nl\" \/>\n<meta property=\"og:description\" content=\"Op zoek naar de bandenspanning voor jouw Audi A6 Allroad? Hieronder vindt je de bandenspanningstabel voor de A6 Allroad. Overzicht bandenspanning Audi A6 Allroad Aandrijving Bandenmaat Bandenspanning voorwielen Bandenspanning achterwielen Voorkant beladen Achterkant beladen 3.0 TDI 235 55 R18 100Y 2.4 2.4 2.7 2.9 3.0 TDI 255 40 R20 101Y XL 2.4 2.4 2.7 2.9 [&hellip;]\" \/>\n<meta property=\"og:url\" content=\"https:\/\/autobaak.nl\/de\/reifendruck-audi-a6-allroad\/\" \/>\n<meta property=\"og:site_name\" content=\"Autobaak.nl\" \/>\n<meta name=\"twitter:card\" content=\"summary_large_image\" \/>\n<meta name=\"twitter:label1\" content=\"Gesch\u00e4tzte Lesezeit\" \/>\n\t<meta name=\"twitter:data1\" content=\"1\u00a0Minute\" \/>\n<script type=\"application\/ld+json\" class=\"yoast-schema-graph\">{\"@context\":\"https:\\\/\\\/schema.org\",\"@graph\":[{\"@type\":\"WebPage\",\"@id\":\"https:\\\/\\\/autobaak.nl\\\/bandenspanning-audi-a6-allroad\\\/\",\"url\":\"https:\\\/\\\/autobaak.nl\\\/bandenspanning-audi-a6-allroad\\\/\",\"name\":\"Bandenspanning Audi A6 Allroad - Autobaak.nl\",\"isPartOf\":{\"@id\":\"https:\\\/\\\/autobaak.nl\\\/#website\"},\"datePublished\":\"2022-12-09T07:45:26+00:00\",\"breadcrumb\":{\"@id\":\"https:\\\/\\\/autobaak.nl\\\/bandenspanning-audi-a6-allroad\\\/#breadcrumb\"},\"inLanguage\":\"de\",\"potentialAction\":[{\"@type\":\"ReadAction\",\"target\":[\"https:\\\/\\\/autobaak.nl\\\/bandenspanning-audi-a6-allroad\\\/\"]}]},{\"@type\":\"BreadcrumbList\",\"@id\":\"https:\\\/\\\/autobaak.nl\\\/bandenspanning-audi-a6-allroad\\\/#breadcrumb\",\"itemListElement\":[{\"@type\":\"ListItem\",\"position\":1,\"name\":\"Home\",\"item\":\"https:\\\/\\\/autobaak.nl\\\/\"},{\"@type\":\"ListItem\",\"position\":2,\"name\":\"Bandenspanning Audi A6 Allroad\"}]},{\"@type\":\"WebSite\",\"@id\":\"https:\\\/\\\/autobaak.nl\\\/#website\",\"url\":\"https:\\\/\\\/autobaak.nl\\\/\",\"name\":\"Autobaak.nl\",\"description\":\"Cars &amp; Racing\",\"potentialAction\":[{\"@type\":\"SearchAction\",\"target\":{\"@type\":\"EntryPoint\",\"urlTemplate\":\"https:\\\/\\\/autobaak.nl\\\/?s={search_term_string}\"},\"query-input\":{\"@type\":\"PropertyValueSpecification\",\"valueRequired\":true,\"valueName\":\"search_term_string\"}}],\"inLanguage\":\"de\"}]}<\/script>\n<!-- \/ Yoast SEO plugin. -->","yoast_head_json":{"title":"Reifendruck Audi A6 Allroad - Autobaak.de","robots":{"index":"index","follow":"follow","max-snippet":"max-snippet:-1","max-image-preview":"max-image-preview:large","max-video-preview":"max-video-preview:-1"},"canonical":"https:\/\/autobaak.nl\/de\/reifendruck-audi-a6-allroad\/","og_locale":"de_DE","og_type":"article","og_title":"Bandenspanning Audi A6 Allroad - Autobaak.nl","og_description":"Op zoek naar de bandenspanning voor jouw Audi A6 Allroad? Hieronder vindt je de bandenspanningstabel voor de A6 Allroad. Overzicht bandenspanning Audi A6 Allroad Aandrijving Bandenmaat Bandenspanning voorwielen Bandenspanning achterwielen Voorkant beladen Achterkant beladen 3.0 TDI 235 55 R18 100Y 2.4 2.4 2.7 2.9 3.0 TDI 255 40 R20 101Y XL 2.4 2.4 2.7 2.9 [&hellip;]","og_url":"https:\/\/autobaak.nl\/de\/reifendruck-audi-a6-allroad\/","og_site_name":"Autobaak.nl","twitter_card":"summary_large_image","twitter_misc":{"Gesch\u00e4tzte Lesezeit":"1\u00a0Minute"},"schema":{"@context":"https:\/\/schema.org","@graph":[{"@type":"WebPage","@id":"https:\/\/autobaak.nl\/bandenspanning-audi-a6-allroad\/","url":"https:\/\/autobaak.nl\/bandenspanning-audi-a6-allroad\/","name":"Reifendruck Audi A6 Allroad - Autobaak.de","isPartOf":{"@id":"https:\/\/autobaak.nl\/#website"},"datePublished":"2022-12-09T07:45:26+00:00","breadcrumb":{"@id":"https:\/\/autobaak.nl\/bandenspanning-audi-a6-allroad\/#breadcrumb"},"inLanguage":"de","potentialAction":[{"@type":"ReadAction","target":["https:\/\/autobaak.nl\/bandenspanning-audi-a6-allroad\/"]}]},{"@type":"BreadcrumbList","@id":"https:\/\/autobaak.nl\/bandenspanning-audi-a6-allroad\/#breadcrumb","itemListElement":[{"@type":"ListItem","position":1,"name":"Home","item":"https:\/\/autobaak.nl\/"},{"@type":"ListItem","position":2,"name":"Bandenspanning Audi A6 Allroad"}]},{"@type":"WebSite","@id":"https:\/\/autobaak.nl\/#website","url":"https:\/\/autobaak.nl\/","name":"Autobook.de","description":"Autos &amp; Rennsport","potentialAction":[{"@type":"SearchAction","target":{"@type":"EntryPoint","urlTemplate":"https:\/\/autobaak.nl\/?s={search_term_string}"},"query-input":{"@type":"PropertyValueSpecification","valueRequired":true,"valueName":"search_term_string"}}],"inLanguage":"de"}]}},"_links":{"self":[{"href":"https:\/\/autobaak.nl\/de\/wp-json\/wp\/v2\/pages\/154408","targetHints":{"allow":["GET"]}}],"collection":[{"href":"https:\/\/autobaak.nl\/de\/wp-json\/wp\/v2\/pages"}],"about":[{"href":"https:\/\/autobaak.nl\/de\/wp-json\/wp\/v2\/types\/page"}],"author":[{"embeddable":true,"href":"https:\/\/autobaak.nl\/de\/wp-json\/wp\/v2\/users\/1"}],"replies":[{"embeddable":true,"href":"https:\/\/autobaak.nl\/de\/wp-json\/wp\/v2\/comments?post=154408"}],"version-history":[{"count":0,"href":"https:\/\/autobaak.nl\/de\/wp-json\/wp\/v2\/pages\/154408\/revisions"}],"wp:attachment":[{"href":"https:\/\/autobaak.nl\/de\/wp-json\/wp\/v2\/media?parent=154408"}],"curies":[{"name":"wp","href":"https:\/\/api.w.org\/{rel}","templated":true}]}}