{"id":154422,"date":"2022-12-09T08:50:08","date_gmt":"2022-12-09T07:50:08","guid":{"rendered":"https:\/\/autobaak.nl\/?page_id=154422"},"modified":"2022-12-09T08:50:08","modified_gmt":"2022-12-09T07:50:08","slug":"reifendruck-audi-r8","status":"publish","type":"page","link":"https:\/\/autobaak.nl\/de\/reifendruck-audi-r8\/","title":{"rendered":"Reifendruck Audi R8"},"content":{"rendered":"<p>Auf der Suche nach dem <strong>Reifendruck<\/strong> f\u00fcr Ihre <strong>Audi R8<\/strong>? Nachfolgend finden Sie die Reifendrucktabelle f\u00fcr das R8 Coup\u00e9 und den R8 Spyder. Sehr feine K\u00f6rper, bei denen der richtige Reifendruck besonders wichtig ist.<\/p>\n<h2>Reifendruck\u00fcbersicht Audi R8 Coup\u00e9<\/h2>\n<table class=\"table table-striped table-bordered table-hover table-responsive\">\n<thead class=\"thead-dark\">\n<tr>\n<th style=\"width: 80.4375px;\">Antrieb<\/th>\n<th style=\"width: 90.1406px;\">Gr\u00f6\u00dfe des Reifens<\/th>\n<th style=\"width: 117.469px;\">Reifendruck Vorderr\u00e4der<\/th>\n<th style=\"width: 117.469px;\">Reifendruck am Hinterrad<\/th>\n<th style=\"width: 65.2188px;\">Frontlader<\/th>\n<th style=\"width: 79.1875px;\">Laden Sie die R\u00fcckseite<\/th>\n<\/tr>\n<\/thead>\n<tbody>\n<tr>\n<td style=\"width: 80.4375px;\" data-title=\"Aandrijving\"><strong>5.2 FSI Quattro<\/strong><\/td>\n<td style=\"width: 90.1406px;\" data-title=\"Bandenmaat\">235 35 R19 91Y VA XL<\/td>\n<td style=\"width: 117.469px;\" data-title=\"Bandenspanning voorwielen\">3.1<\/td>\n<td style=\"width: 117.469px;\" data-title=\"Bandenspanning achterwielen\"><\/td>\n<td style=\"width: 65.2188px;\" data-title=\"Voorkant beladen\">3.1<\/td>\n<td style=\"width: 79.1875px;\" data-title=\"Achterkant beladen\"><\/td>\n<\/tr>\n<tr>\n<td style=\"width: 80.4375px;\" data-title=\"Aandrijving\"><strong>5.2 FSI Quattro<\/strong><\/td>\n<td style=\"width: 90.1406px;\" data-title=\"Bandenmaat\">295 30 R19 100Y HA XL<\/td>\n<td style=\"width: 117.469px;\" data-title=\"Bandenspanning voorwielen\"><\/td>\n<td style=\"width: 117.469px;\" data-title=\"Bandenspanning achterwielen\">2.8<\/td>\n<td style=\"width: 65.2188px;\" data-title=\"Voorkant beladen\"><\/td>\n<td style=\"width: 79.1875px;\" data-title=\"Achterkant beladen\">2.8<\/td>\n<\/tr>\n<tr>\n<td style=\"width: 80.4375px;\" data-title=\"Aandrijving\"><strong>5.2 FSI Quattro<\/strong><\/td>\n<td style=\"width: 90.1406px;\" data-title=\"Bandenmaat\">305 30 R19 102Y HA XL<\/td>\n<td style=\"width: 117.469px;\" data-title=\"Bandenspanning voorwielen\"><\/td>\n<td style=\"width: 117.469px;\" data-title=\"Bandenspanning achterwielen\">2.8<\/td>\n<td style=\"width: 65.2188px;\" data-title=\"Voorkant beladen\"><\/td>\n<td style=\"width: 79.1875px;\" data-title=\"Achterkant beladen\">2.8<\/td>\n<\/tr>\n<\/tbody>\n<\/table>\n<h3>Audi R8 Spyder<\/h3>\n<table class=\"table table-striped table-bordered table-hover table-responsive\">\n<thead class=\"thead-dark\">\n<tr>\n<th>Antrieb<\/th>\n<th>Gr\u00f6\u00dfe des Reifens<\/th>\n<th>Reifendruck Vorderr\u00e4der<\/th>\n<th>Reifendruck am Hinterrad<\/th>\n<th>Frontlader<\/th>\n<th>Laden Sie die R\u00fcckseite<\/th>\n<\/tr>\n<\/thead>\n<tbody>\n<tr>\n<td data-title=\"Aandrijving\"><strong>5.2 FSI Quattro<\/strong><\/td>\n<td data-title=\"Bandenmaat\">235 35 R19 91Y VA XL<\/td>\n<td data-title=\"Bandenspanning voorwielen\">3.1<\/td>\n<td data-title=\"Bandenspanning achterwielen\"><\/td>\n<td data-title=\"Voorkant beladen\">3.1<\/td>\n<td data-title=\"Achterkant beladen\"><\/td>\n<\/tr>\n<tr>\n<td data-title=\"Aandrijving\"><strong>5.2 FSI Quattro<\/strong><\/td>\n<td data-title=\"Bandenmaat\">295 30 R19 100Y HA XL<\/td>\n<td data-title=\"Bandenspanning voorwielen\"><\/td>\n<td data-title=\"Bandenspanning achterwielen\">2.8<\/td>\n<td data-title=\"Voorkant beladen\"><\/td>\n<td data-title=\"Achterkant beladen\">2.8<\/td>\n<\/tr>\n<tr>\n<td data-title=\"Aandrijving\"><strong>5.2 FSI Quattro<\/strong><\/td>\n<td data-title=\"Bandenmaat\">305 30 R19 102Y HA XL<\/td>\n<td data-title=\"Bandenspanning voorwielen\"><\/td>\n<td data-title=\"Bandenspanning achterwielen\">2.8<\/td>\n<td data-title=\"Voorkant beladen\"><\/td>\n<td data-title=\"Achterkant beladen\">2.8<\/td>\n<\/tr>\n<\/tbody>\n<\/table>\n<p>&nbsp;<\/p>","protected":false},"excerpt":{"rendered":"<p>Sie suchen den Reifendruck f\u00fcr Ihren Audi R8? Nachfolgend finden Sie die Reifendrucktabelle f\u00fcr das R8 Coup\u00e9 und den R8 Spyder. Sehr feine K\u00f6rper, bei denen der richtige Reifendruck besonders wichtig ist. Reifendrucktabelle Audi R8 Coup\u00e9 Antrieb Reifengr\u00f6\u00dfe Reifendruck Vorderr\u00e4der Reifendruck Hinterr\u00e4der Vorderradf\u00fcllung Hinterradf\u00fcllung 5.2 FSI Quattro 235 [...]<\/p>","protected":false},"author":1,"featured_media":0,"parent":0,"menu_order":0,"comment_status":"closed","ping_status":"closed","template":"","meta":{"_et_pb_use_builder":"","_et_pb_old_content":"","_et_gb_content_width":"","footnotes":""},"class_list":["post-154422","page","type-page","status-publish","hentry"],"yoast_head":"<!-- This site is optimized with the Yoast SEO plugin v27.4 - https:\/\/yoast.com\/product\/yoast-seo-wordpress\/ -->\n<title>Bandenspanning Audi R8 - Autobaak.nl<\/title>\n<meta name=\"robots\" content=\"index, follow, max-snippet:-1, max-image-preview:large, max-video-preview:-1\" \/>\n<link rel=\"canonical\" href=\"https:\/\/autobaak.nl\/de\/reifendruck-audi-r8\/\" \/>\n<meta property=\"og:locale\" content=\"de_DE\" \/>\n<meta property=\"og:type\" content=\"article\" \/>\n<meta property=\"og:title\" content=\"Bandenspanning Audi R8 - Autobaak.nl\" \/>\n<meta property=\"og:description\" content=\"Op zoek naar de bandenspanning voor jouw Audi R8? Hieronder vindt je de bandenspanningstabel voor zowel de R8 Coup\u00e9 als de R8 Spyder. Hele fijne bakken waarbij een juiste spanning van de banden extra belangrijk is. Overzicht bandenspanning Audi R8 Coup\u00e9 Aandrijving Bandenmaat Bandenspanning voorwielen Bandenspanning achterwielen Voorkant beladen Achterkant beladen 5.2 FSI Quattro 235 [&hellip;]\" \/>\n<meta property=\"og:url\" content=\"https:\/\/autobaak.nl\/de\/reifendruck-audi-r8\/\" \/>\n<meta property=\"og:site_name\" content=\"Autobaak.nl\" \/>\n<meta name=\"twitter:card\" content=\"summary_large_image\" \/>\n<meta name=\"twitter:label1\" content=\"Gesch\u00e4tzte Lesezeit\" \/>\n\t<meta name=\"twitter:data1\" content=\"1\u00a0Minute\" \/>\n<script type=\"application\/ld+json\" class=\"yoast-schema-graph\">{\"@context\":\"https:\\\/\\\/schema.org\",\"@graph\":[{\"@type\":\"WebPage\",\"@id\":\"https:\\\/\\\/autobaak.nl\\\/bandenspanning-audi-r8\\\/\",\"url\":\"https:\\\/\\\/autobaak.nl\\\/bandenspanning-audi-r8\\\/\",\"name\":\"Bandenspanning Audi R8 - Autobaak.nl\",\"isPartOf\":{\"@id\":\"https:\\\/\\\/autobaak.nl\\\/#website\"},\"datePublished\":\"2022-12-09T07:50:08+00:00\",\"breadcrumb\":{\"@id\":\"https:\\\/\\\/autobaak.nl\\\/bandenspanning-audi-r8\\\/#breadcrumb\"},\"inLanguage\":\"de\",\"potentialAction\":[{\"@type\":\"ReadAction\",\"target\":[\"https:\\\/\\\/autobaak.nl\\\/bandenspanning-audi-r8\\\/\"]}]},{\"@type\":\"BreadcrumbList\",\"@id\":\"https:\\\/\\\/autobaak.nl\\\/bandenspanning-audi-r8\\\/#breadcrumb\",\"itemListElement\":[{\"@type\":\"ListItem\",\"position\":1,\"name\":\"Home\",\"item\":\"https:\\\/\\\/autobaak.nl\\\/\"},{\"@type\":\"ListItem\",\"position\":2,\"name\":\"Bandenspanning Audi R8\"}]},{\"@type\":\"WebSite\",\"@id\":\"https:\\\/\\\/autobaak.nl\\\/#website\",\"url\":\"https:\\\/\\\/autobaak.nl\\\/\",\"name\":\"Autobaak.nl\",\"description\":\"Cars &amp; Racing\",\"potentialAction\":[{\"@type\":\"SearchAction\",\"target\":{\"@type\":\"EntryPoint\",\"urlTemplate\":\"https:\\\/\\\/autobaak.nl\\\/?s={search_term_string}\"},\"query-input\":{\"@type\":\"PropertyValueSpecification\",\"valueRequired\":true,\"valueName\":\"search_term_string\"}}],\"inLanguage\":\"de\"}]}<\/script>\n<!-- \/ Yoast SEO plugin. -->","yoast_head_json":{"title":"Reifendruck Audi R8 - Autobaak.de","robots":{"index":"index","follow":"follow","max-snippet":"max-snippet:-1","max-image-preview":"max-image-preview:large","max-video-preview":"max-video-preview:-1"},"canonical":"https:\/\/autobaak.nl\/de\/reifendruck-audi-r8\/","og_locale":"de_DE","og_type":"article","og_title":"Bandenspanning Audi R8 - Autobaak.nl","og_description":"Op zoek naar de bandenspanning voor jouw Audi R8? Hieronder vindt je de bandenspanningstabel voor zowel de R8 Coup\u00e9 als de R8 Spyder. Hele fijne bakken waarbij een juiste spanning van de banden extra belangrijk is. Overzicht bandenspanning Audi R8 Coup\u00e9 Aandrijving Bandenmaat Bandenspanning voorwielen Bandenspanning achterwielen Voorkant beladen Achterkant beladen 5.2 FSI Quattro 235 [&hellip;]","og_url":"https:\/\/autobaak.nl\/de\/reifendruck-audi-r8\/","og_site_name":"Autobaak.nl","twitter_card":"summary_large_image","twitter_misc":{"Gesch\u00e4tzte Lesezeit":"1\u00a0Minute"},"schema":{"@context":"https:\/\/schema.org","@graph":[{"@type":"WebPage","@id":"https:\/\/autobaak.nl\/bandenspanning-audi-r8\/","url":"https:\/\/autobaak.nl\/bandenspanning-audi-r8\/","name":"Reifendruck Audi R8 - Autobaak.de","isPartOf":{"@id":"https:\/\/autobaak.nl\/#website"},"datePublished":"2022-12-09T07:50:08+00:00","breadcrumb":{"@id":"https:\/\/autobaak.nl\/bandenspanning-audi-r8\/#breadcrumb"},"inLanguage":"de","potentialAction":[{"@type":"ReadAction","target":["https:\/\/autobaak.nl\/bandenspanning-audi-r8\/"]}]},{"@type":"BreadcrumbList","@id":"https:\/\/autobaak.nl\/bandenspanning-audi-r8\/#breadcrumb","itemListElement":[{"@type":"ListItem","position":1,"name":"Home","item":"https:\/\/autobaak.nl\/"},{"@type":"ListItem","position":2,"name":"Bandenspanning Audi R8"}]},{"@type":"WebSite","@id":"https:\/\/autobaak.nl\/#website","url":"https:\/\/autobaak.nl\/","name":"Autobook.de","description":"Autos &amp; Rennsport","potentialAction":[{"@type":"SearchAction","target":{"@type":"EntryPoint","urlTemplate":"https:\/\/autobaak.nl\/?s={search_term_string}"},"query-input":{"@type":"PropertyValueSpecification","valueRequired":true,"valueName":"search_term_string"}}],"inLanguage":"de"}]}},"_links":{"self":[{"href":"https:\/\/autobaak.nl\/de\/wp-json\/wp\/v2\/pages\/154422","targetHints":{"allow":["GET"]}}],"collection":[{"href":"https:\/\/autobaak.nl\/de\/wp-json\/wp\/v2\/pages"}],"about":[{"href":"https:\/\/autobaak.nl\/de\/wp-json\/wp\/v2\/types\/page"}],"author":[{"embeddable":true,"href":"https:\/\/autobaak.nl\/de\/wp-json\/wp\/v2\/users\/1"}],"replies":[{"embeddable":true,"href":"https:\/\/autobaak.nl\/de\/wp-json\/wp\/v2\/comments?post=154422"}],"version-history":[{"count":0,"href":"https:\/\/autobaak.nl\/de\/wp-json\/wp\/v2\/pages\/154422\/revisions"}],"wp:attachment":[{"href":"https:\/\/autobaak.nl\/de\/wp-json\/wp\/v2\/media?parent=154422"}],"curies":[{"name":"wp","href":"https:\/\/api.w.org\/{rel}","templated":true}]}}