{"id":154472,"date":"2022-12-09T13:31:32","date_gmt":"2022-12-09T12:31:32","guid":{"rendered":"https:\/\/autobaak.nl\/?page_id=154472"},"modified":"2022-12-09T13:31:32","modified_gmt":"2022-12-09T12:31:32","slug":"reifendruck-jaguar-xj","status":"publish","type":"page","link":"https:\/\/autobaak.nl\/de\/reifendruck-jaguar-xj\/","title":{"rendered":"Reifendruck Jaguar XJ"},"content":{"rendered":"<p>Richtiger Reifendruck f\u00fcr den Jaguar XJ? Unten finden Sie die Reifendrucktabelle:<\/p>\n<table class=\"table table-striped table-bordered table-hover table-responsive\">\n<thead class=\"thead-dark\">\n<tr>\n<th>Antrieb<\/th>\n<th>Gr\u00f6\u00dfe des Reifens<\/th>\n<th>Reifendruck Vorderr\u00e4der<\/th>\n<th>Reifendruck am Hinterrad<\/th>\n<th>Frontlader<\/th>\n<th>Laden Sie die R\u00fcckseite<\/th>\n<\/tr>\n<\/thead>\n<tbody>\n<tr>\n<td data-title=\"Aandrijving\"><strong>2.5 V6<\/strong><\/td>\n<td data-title=\"Bandenmaat\">225 55 R16 95V<\/td>\n<td data-title=\"Bandenspanning voorwielen\">2.2<\/td>\n<td data-title=\"Bandenspanning achterwielen\">2.3<\/td>\n<td data-title=\"Voorkant beladen\">2.2<\/td>\n<td data-title=\"Achterkant beladen\">2.3<\/td>\n<\/tr>\n<tr>\n<td data-title=\"Aandrijving\"><strong>2.5 V6<\/strong><\/td>\n<td data-title=\"Bandenmaat\">225 60 R16 98V<\/td>\n<td data-title=\"Bandenspanning voorwielen\">2.2<\/td>\n<td data-title=\"Bandenspanning achterwielen\">2.3<\/td>\n<td data-title=\"Voorkant beladen\">2.2<\/td>\n<td data-title=\"Achterkant beladen\">2.3<\/td>\n<\/tr>\n<tr>\n<td data-title=\"Aandrijving\"><strong>2.5 V6<\/strong><\/td>\n<td data-title=\"Bandenmaat\">235 50 R17 96V<\/td>\n<td data-title=\"Bandenspanning voorwielen\">2.2<\/td>\n<td data-title=\"Bandenspanning achterwielen\">2.3<\/td>\n<td data-title=\"Voorkant beladen\">2.2<\/td>\n<td data-title=\"Achterkant beladen\">2.3<\/td>\n<\/tr>\n<tr>\n<td data-title=\"Aandrijving\"><strong>3.0 V6 XJ 6<\/strong><\/td>\n<td data-title=\"Bandenmaat\">235 50 R18 97W<\/td>\n<td data-title=\"Bandenspanning voorwielen\">2.5<\/td>\n<td data-title=\"Bandenspanning achterwielen\">2.6<\/td>\n<td data-title=\"Voorkant beladen\">2.5<\/td>\n<td data-title=\"Achterkant beladen\">2.6<\/td>\n<\/tr>\n<tr>\n<td data-title=\"Aandrijving\"><strong>3.0 V6 XJ 6<\/strong><\/td>\n<td data-title=\"Bandenmaat\">235 55 R17 99W<\/td>\n<td data-title=\"Bandenspanning voorwielen\">2.2<\/td>\n<td data-title=\"Bandenspanning achterwielen\">2.3<\/td>\n<td data-title=\"Voorkant beladen\">2.2<\/td>\n<td data-title=\"Achterkant beladen\">2.3<\/td>\n<\/tr>\n<tr>\n<td data-title=\"Aandrijving\"><strong>3.0 V6 XJ 6<\/strong><\/td>\n<td data-title=\"Bandenmaat\">255 35 ZR20 Y<\/td>\n<td data-title=\"Bandenspanning voorwielen\">2.3<\/td>\n<td data-title=\"Bandenspanning achterwielen\">2.5<\/td>\n<td data-title=\"Voorkant beladen\">2.3<\/td>\n<td data-title=\"Achterkant beladen\">2.5<\/td>\n<\/tr>\n<tr>\n<td data-title=\"Aandrijving\"><strong>3.0 V6 XJ 6<\/strong><\/td>\n<td data-title=\"Bandenmaat\">255 40 R19 96Y<\/td>\n<td data-title=\"Bandenspanning voorwielen\">2.2<\/td>\n<td data-title=\"Bandenspanning achterwielen\">2.3<\/td>\n<td data-title=\"Voorkant beladen\">2.2<\/td>\n<td data-title=\"Achterkant beladen\">2.3<\/td>\n<\/tr>\n<tr>\n<td data-title=\"Aandrijving\"><strong>4.2 V8 XJ 8<\/strong><\/td>\n<td data-title=\"Bandenmaat\">235 50 R18 97W<\/td>\n<td data-title=\"Bandenspanning voorwielen\">2.5<\/td>\n<td data-title=\"Bandenspanning achterwielen\">2.6<\/td>\n<td data-title=\"Voorkant beladen\">2.5<\/td>\n<td data-title=\"Achterkant beladen\">2.6<\/td>\n<\/tr>\n<tr>\n<td data-title=\"Aandrijving\"><strong>4.2 V8 XJ 8<\/strong><\/td>\n<td data-title=\"Bandenmaat\">235 55 R17 99W<\/td>\n<td data-title=\"Bandenspanning voorwielen\">2.2<\/td>\n<td data-title=\"Bandenspanning achterwielen\">2.3<\/td>\n<td data-title=\"Voorkant beladen\">2.2<\/td>\n<td data-title=\"Achterkant beladen\">2.3<\/td>\n<\/tr>\n<tr>\n<td data-title=\"Aandrijving\"><strong>4.2 V8 XJ 8<\/strong><\/td>\n<td data-title=\"Bandenmaat\">255 35 ZR20 Y<\/td>\n<td data-title=\"Bandenspanning voorwielen\">2.3<\/td>\n<td data-title=\"Bandenspanning achterwielen\">2.5<\/td>\n<td data-title=\"Voorkant beladen\">2.3<\/td>\n<td data-title=\"Achterkant beladen\">2.5<\/td>\n<\/tr>\n<tr>\n<td data-title=\"Aandrijving\"><strong>4.2 V8 XJ 8<\/strong><\/td>\n<td data-title=\"Bandenmaat\">255 40 R19 96Y<\/td>\n<td data-title=\"Bandenspanning voorwielen\">2.2<\/td>\n<td data-title=\"Bandenspanning achterwielen\">2.3<\/td>\n<td data-title=\"Voorkant beladen\">2.2<\/td>\n<td data-title=\"Achterkant beladen\">2.3<\/td>\n<\/tr>\n<tr>\n<td data-title=\"Aandrijving\"><strong>5.0 V8<\/strong><\/td>\n<td data-title=\"Bandenmaat\">245 40 ZR20 Y VA XL<\/td>\n<td data-title=\"Bandenspanning voorwielen\"><\/td>\n<td data-title=\"Bandenspanning achterwielen\">2.2<\/td>\n<td data-title=\"Voorkant beladen\"><\/td>\n<td data-title=\"Achterkant beladen\">2.2<\/td>\n<\/tr>\n<tr>\n<td data-title=\"Aandrijving\"><strong>5.0 V8<\/strong><\/td>\n<td data-title=\"Bandenmaat\">245 45 ZR19 Y VA XL<\/td>\n<td data-title=\"Bandenspanning voorwielen\"><\/td>\n<td data-title=\"Bandenspanning achterwielen\">2.2<\/td>\n<td data-title=\"Voorkant beladen\"><\/td>\n<td data-title=\"Achterkant beladen\">2.2<\/td>\n<\/tr>\n<tr>\n<td data-title=\"Aandrijving\"><strong>5.0 V8<\/strong><\/td>\n<td data-title=\"Bandenmaat\">245 50 ZR18 Y VA XL<\/td>\n<td data-title=\"Bandenspanning voorwielen\"><\/td>\n<td data-title=\"Bandenspanning achterwielen\">2.2<\/td>\n<td data-title=\"Voorkant beladen\"><\/td>\n<td data-title=\"Achterkant beladen\">2.2<\/td>\n<\/tr>\n<tr>\n<td data-title=\"Aandrijving\"><strong>5.0 V8<\/strong><\/td>\n<td data-title=\"Bandenmaat\">275 35 ZR20 Y HA XL<\/td>\n<td data-title=\"Bandenspanning voorwielen\">2.2<\/td>\n<td data-title=\"Bandenspanning achterwielen\"><\/td>\n<td data-title=\"Voorkant beladen\">2.2<\/td>\n<td data-title=\"Achterkant beladen\"><\/td>\n<\/tr>\n<tr>\n<td data-title=\"Aandrijving\"><strong>5.0 V8<\/strong><\/td>\n<td data-title=\"Bandenmaat\">275 40 ZR19 Y HA XL<\/td>\n<td data-title=\"Bandenspanning voorwielen\">2.2<\/td>\n<td data-title=\"Bandenspanning achterwielen\"><\/td>\n<td data-title=\"Voorkant beladen\">2.2<\/td>\n<td data-title=\"Achterkant beladen\"><\/td>\n<\/tr>\n<tr>\n<td data-title=\"Aandrijving\"><strong>5.0 V8<\/strong><\/td>\n<td data-title=\"Bandenmaat\">275 45 ZR18 Y HA<\/td>\n<td data-title=\"Bandenspanning voorwielen\">2.2<\/td>\n<td data-title=\"Bandenspanning achterwielen\"><\/td>\n<td data-title=\"Voorkant beladen\">2.2<\/td>\n<td data-title=\"Achterkant beladen\"><\/td>\n<\/tr>\n<tr>\n<td data-title=\"Aandrijving\"><strong>5.0 V8 Kompr.<\/strong><\/td>\n<td data-title=\"Bandenmaat\">245 40 ZR20 Y VA XL<\/td>\n<td data-title=\"Bandenspanning voorwielen\"><\/td>\n<td data-title=\"Bandenspanning achterwielen\">2.2<\/td>\n<td data-title=\"Voorkant beladen\"><\/td>\n<td data-title=\"Achterkant beladen\">2.2<\/td>\n<\/tr>\n<tr>\n<td data-title=\"Aandrijving\"><strong>5.0 V8 Kompr.<\/strong><\/td>\n<td data-title=\"Bandenmaat\">245 45 ZR19 Y VA XL<\/td>\n<td data-title=\"Bandenspanning voorwielen\"><\/td>\n<td data-title=\"Bandenspanning achterwielen\">2.2<\/td>\n<td data-title=\"Voorkant beladen\"><\/td>\n<td data-title=\"Achterkant beladen\">2.2<\/td>\n<\/tr>\n<tr>\n<td data-title=\"Aandrijving\"><strong>5.0 V8 Kompr.<\/strong><\/td>\n<td data-title=\"Bandenmaat\">275 35 ZR20 Y HA XL<\/td>\n<td data-title=\"Bandenspanning voorwielen\">2.2<\/td>\n<td data-title=\"Bandenspanning achterwielen\"><\/td>\n<td data-title=\"Voorkant beladen\">2.2<\/td>\n<td data-title=\"Achterkant beladen\"><\/td>\n<\/tr>\n<tr>\n<td data-title=\"Aandrijving\"><strong>5.0 V8 Kompr.<\/strong><\/td>\n<td data-title=\"Bandenmaat\">275 40 ZR19 Y HA XL<\/td>\n<td data-title=\"Bandenspanning voorwielen\">2.2<\/td>\n<td data-title=\"Bandenspanning achterwielen\"><\/td>\n<td data-title=\"Voorkant beladen\">2.2<\/td>\n<td data-title=\"Achterkant beladen\"><\/td>\n<\/tr>\n<\/tbody>\n<\/table>","protected":false},"excerpt":{"rendered":"<p>Richtiger Reifendruck f\u00fcr den Jaguar XJ? Nachstehend finden Sie die Reifendrucktabelle: Antrieb Reifengr\u00f6\u00dfe Reifendruck Vorderr\u00e4der Reifendruck Hinterr\u00e4der Vorne beladen Hinten beladen 2.5 V6 225 55 R16 95V 2.2 2.3 2.2 2.3 2.5 V6 225 60 R16 98V 2.2 2.3 2.2 2.3 2.3 2.3 2.5 V6 235 50 R17 96V 2.2 2.3 2.3 2.3 2.3 2.3 2.3 2.3 2.3 2.3 2.3 2.3 2.3 2.3 2.3 2.3 2.3 2.3 2.3 2.5 V6 XJ 6 235 50 [...]<\/p>","protected":false},"author":1,"featured_media":0,"parent":0,"menu_order":0,"comment_status":"closed","ping_status":"closed","template":"","meta":{"_et_pb_use_builder":"","_et_pb_old_content":"","_et_gb_content_width":"","footnotes":""},"class_list":["post-154472","page","type-page","status-publish","hentry"],"yoast_head":"<!-- This site is optimized with the Yoast SEO plugin v27.4 - https:\/\/yoast.com\/product\/yoast-seo-wordpress\/ -->\n<title>Bandenspanning Jaguar XJ - Autobaak.nl<\/title>\n<meta name=\"robots\" content=\"index, follow, max-snippet:-1, max-image-preview:large, max-video-preview:-1\" \/>\n<link rel=\"canonical\" href=\"https:\/\/autobaak.nl\/de\/reifendruck-jaguar-xj\/\" \/>\n<meta property=\"og:locale\" content=\"de_DE\" \/>\n<meta property=\"og:type\" content=\"article\" \/>\n<meta property=\"og:title\" content=\"Bandenspanning Jaguar XJ - Autobaak.nl\" \/>\n<meta property=\"og:description\" content=\"Juiste bandenspanning voor de Jaguar XJ? Hieronder de bandenspanningstabel: Aandrijving Bandenmaat Bandenspanning voorwielen Bandenspanning achterwielen Voorkant beladen Achterkant beladen 2.5 V6 225 55 R16 95V 2.2 2.3 2.2 2.3 2.5 V6 225 60 R16 98V 2.2 2.3 2.2 2.3 2.5 V6 235 50 R17 96V 2.2 2.3 2.2 2.3 3.0 V6 XJ 6 235 50 [&hellip;]\" \/>\n<meta property=\"og:url\" content=\"https:\/\/autobaak.nl\/de\/reifendruck-jaguar-xj\/\" \/>\n<meta property=\"og:site_name\" content=\"Autobaak.nl\" \/>\n<meta name=\"twitter:card\" content=\"summary_large_image\" \/>\n<meta name=\"twitter:label1\" content=\"Gesch\u00e4tzte Lesezeit\" \/>\n\t<meta name=\"twitter:data1\" content=\"1\u00a0Minute\" \/>\n<script type=\"application\/ld+json\" class=\"yoast-schema-graph\">{\"@context\":\"https:\\\/\\\/schema.org\",\"@graph\":[{\"@type\":\"WebPage\",\"@id\":\"https:\\\/\\\/autobaak.nl\\\/bandenspanning-jaguar-xj\\\/\",\"url\":\"https:\\\/\\\/autobaak.nl\\\/bandenspanning-jaguar-xj\\\/\",\"name\":\"Bandenspanning Jaguar XJ - Autobaak.nl\",\"isPartOf\":{\"@id\":\"https:\\\/\\\/autobaak.nl\\\/#website\"},\"datePublished\":\"2022-12-09T12:31:32+00:00\",\"breadcrumb\":{\"@id\":\"https:\\\/\\\/autobaak.nl\\\/bandenspanning-jaguar-xj\\\/#breadcrumb\"},\"inLanguage\":\"de\",\"potentialAction\":[{\"@type\":\"ReadAction\",\"target\":[\"https:\\\/\\\/autobaak.nl\\\/bandenspanning-jaguar-xj\\\/\"]}]},{\"@type\":\"BreadcrumbList\",\"@id\":\"https:\\\/\\\/autobaak.nl\\\/bandenspanning-jaguar-xj\\\/#breadcrumb\",\"itemListElement\":[{\"@type\":\"ListItem\",\"position\":1,\"name\":\"Home\",\"item\":\"https:\\\/\\\/autobaak.nl\\\/\"},{\"@type\":\"ListItem\",\"position\":2,\"name\":\"Bandenspanning Jaguar XJ\"}]},{\"@type\":\"WebSite\",\"@id\":\"https:\\\/\\\/autobaak.nl\\\/#website\",\"url\":\"https:\\\/\\\/autobaak.nl\\\/\",\"name\":\"Autobaak.nl\",\"description\":\"Cars &amp; Racing\",\"potentialAction\":[{\"@type\":\"SearchAction\",\"target\":{\"@type\":\"EntryPoint\",\"urlTemplate\":\"https:\\\/\\\/autobaak.nl\\\/?s={search_term_string}\"},\"query-input\":{\"@type\":\"PropertyValueSpecification\",\"valueRequired\":true,\"valueName\":\"search_term_string\"}}],\"inLanguage\":\"de\"}]}<\/script>\n<!-- \/ Yoast SEO plugin. -->","yoast_head_json":{"title":"Reifendruck Jaguar XJ - Autobaak.de","robots":{"index":"index","follow":"follow","max-snippet":"max-snippet:-1","max-image-preview":"max-image-preview:large","max-video-preview":"max-video-preview:-1"},"canonical":"https:\/\/autobaak.nl\/de\/reifendruck-jaguar-xj\/","og_locale":"de_DE","og_type":"article","og_title":"Bandenspanning Jaguar XJ - Autobaak.nl","og_description":"Juiste bandenspanning voor de Jaguar XJ? Hieronder de bandenspanningstabel: Aandrijving Bandenmaat Bandenspanning voorwielen Bandenspanning achterwielen Voorkant beladen Achterkant beladen 2.5 V6 225 55 R16 95V 2.2 2.3 2.2 2.3 2.5 V6 225 60 R16 98V 2.2 2.3 2.2 2.3 2.5 V6 235 50 R17 96V 2.2 2.3 2.2 2.3 3.0 V6 XJ 6 235 50 [&hellip;]","og_url":"https:\/\/autobaak.nl\/de\/reifendruck-jaguar-xj\/","og_site_name":"Autobaak.nl","twitter_card":"summary_large_image","twitter_misc":{"Gesch\u00e4tzte Lesezeit":"1\u00a0Minute"},"schema":{"@context":"https:\/\/schema.org","@graph":[{"@type":"WebPage","@id":"https:\/\/autobaak.nl\/bandenspanning-jaguar-xj\/","url":"https:\/\/autobaak.nl\/bandenspanning-jaguar-xj\/","name":"Reifendruck Jaguar XJ - Autobaak.de","isPartOf":{"@id":"https:\/\/autobaak.nl\/#website"},"datePublished":"2022-12-09T12:31:32+00:00","breadcrumb":{"@id":"https:\/\/autobaak.nl\/bandenspanning-jaguar-xj\/#breadcrumb"},"inLanguage":"de","potentialAction":[{"@type":"ReadAction","target":["https:\/\/autobaak.nl\/bandenspanning-jaguar-xj\/"]}]},{"@type":"BreadcrumbList","@id":"https:\/\/autobaak.nl\/bandenspanning-jaguar-xj\/#breadcrumb","itemListElement":[{"@type":"ListItem","position":1,"name":"Home","item":"https:\/\/autobaak.nl\/"},{"@type":"ListItem","position":2,"name":"Bandenspanning Jaguar XJ"}]},{"@type":"WebSite","@id":"https:\/\/autobaak.nl\/#website","url":"https:\/\/autobaak.nl\/","name":"Autobook.de","description":"Autos &amp; Rennsport","potentialAction":[{"@type":"SearchAction","target":{"@type":"EntryPoint","urlTemplate":"https:\/\/autobaak.nl\/?s={search_term_string}"},"query-input":{"@type":"PropertyValueSpecification","valueRequired":true,"valueName":"search_term_string"}}],"inLanguage":"de"}]}},"_links":{"self":[{"href":"https:\/\/autobaak.nl\/de\/wp-json\/wp\/v2\/pages\/154472","targetHints":{"allow":["GET"]}}],"collection":[{"href":"https:\/\/autobaak.nl\/de\/wp-json\/wp\/v2\/pages"}],"about":[{"href":"https:\/\/autobaak.nl\/de\/wp-json\/wp\/v2\/types\/page"}],"author":[{"embeddable":true,"href":"https:\/\/autobaak.nl\/de\/wp-json\/wp\/v2\/users\/1"}],"replies":[{"embeddable":true,"href":"https:\/\/autobaak.nl\/de\/wp-json\/wp\/v2\/comments?post=154472"}],"version-history":[{"count":0,"href":"https:\/\/autobaak.nl\/de\/wp-json\/wp\/v2\/pages\/154472\/revisions"}],"wp:attachment":[{"href":"https:\/\/autobaak.nl\/de\/wp-json\/wp\/v2\/media?parent=154472"}],"curies":[{"name":"wp","href":"https:\/\/api.w.org\/{rel}","templated":true}]}}