{"id":154629,"date":"2022-12-23T14:48:46","date_gmt":"2022-12-23T13:48:46","guid":{"rendered":"https:\/\/autobaak.nl\/?page_id=154629"},"modified":"2022-12-23T14:48:46","modified_gmt":"2022-12-23T13:48:46","slug":"reifendruck-dacia-logan","status":"publish","type":"page","link":"https:\/\/autobaak.nl\/de\/reifendruck-dacia-logan\/","title":{"rendered":"Reifendruck Dacia Logan"},"content":{"rendered":"<p>Sie suchen den richtigen Reifendruck f\u00fcr Ihren Dacia Logan? Hier finden Sie eine \u00dcbersicht:<\/p>\n<h2>Dacia Logan<\/h2>\n<table class=\"table table-striped table-bordered table-hover table-responsive\">\n<thead class=\"thead-dark\">\n<tr>\n<th>Antrieb<\/th>\n<th>Gr\u00f6\u00dfe des Reifens<\/th>\n<th>Reifendruck Vorderr\u00e4der<\/th>\n<th>Reifendruck am Hinterrad<\/th>\n<th>Frontlader<\/th>\n<th>Laden Sie die R\u00fcckseite<\/th>\n<\/tr>\n<\/thead>\n<tbody>\n<tr>\n<td data-title=\"Aandrijving\"><strong>1.4 MPI<\/strong><\/td>\n<td data-title=\"Bandenmaat\">185 65 R15 88T<\/td>\n<td data-title=\"Bandenspanning voorwielen\">1.9<\/td>\n<td data-title=\"Bandenspanning achterwielen\">2.1<\/td>\n<td data-title=\"Voorkant beladen\">2.1<\/td>\n<td data-title=\"Achterkant beladen\">2.3<\/td>\n<\/tr>\n<tr>\n<td data-title=\"Aandrijving\"><strong>1.6 16V<\/strong><\/td>\n<td data-title=\"Bandenmaat\">185 65 R15 88H<\/td>\n<td data-title=\"Bandenspanning voorwielen\">1.9<\/td>\n<td data-title=\"Bandenspanning achterwielen\">2.1<\/td>\n<td data-title=\"Voorkant beladen\">2.1<\/td>\n<td data-title=\"Achterkant beladen\">2.3<\/td>\n<\/tr>\n<\/tbody>\n<\/table>\n<h3 class=\"h1_jumbo\">Dacia Logan Express<\/h3>\n<table class=\"table table-striped table-bordered table-hover table-responsive\">\n<thead class=\"thead-dark\">\n<tr>\n<th>Antrieb<\/th>\n<th>Gr\u00f6\u00dfe des Reifens<\/th>\n<th>Reifendruck Vorderr\u00e4der<\/th>\n<th>Reifendruck am Hinterrad<\/th>\n<th>Frontlader<\/th>\n<th>Laden Sie die R\u00fcckseite<\/th>\n<\/tr>\n<\/thead>\n<tbody>\n<tr>\n<td data-title=\"Aandrijving\"><strong>1.4 MPI<\/strong><\/td>\n<td data-title=\"Bandenmaat\">185 65 R15 88T<\/td>\n<td data-title=\"Bandenspanning voorwielen\">2.4<\/td>\n<td data-title=\"Bandenspanning achterwielen\">3.0<\/td>\n<td data-title=\"Voorkant beladen\">2.4<\/td>\n<td data-title=\"Achterkant beladen\">3.0<\/td>\n<\/tr>\n<\/tbody>\n<\/table>\n<h3 class=\"h1_jumbo\">Dacia Logan MCV<\/h3>\n<table class=\"table table-striped table-bordered table-hover table-responsive\">\n<thead class=\"thead-dark\">\n<tr>\n<th>Antrieb<\/th>\n<th>Gr\u00f6\u00dfe des Reifens<\/th>\n<th>Reifendruck Vorderr\u00e4der<\/th>\n<th>Reifendruck am Hinterrad<\/th>\n<th>Frontlader<\/th>\n<th>Laden Sie die R\u00fcckseite<\/th>\n<\/tr>\n<\/thead>\n<tbody>\n<tr>\n<td data-title=\"Aandrijving\"><strong>1.0<\/strong><\/td>\n<td data-title=\"Bandenmaat\">185 65 R15 88T<\/td>\n<td data-title=\"Bandenspanning voorwielen\">2.4<\/td>\n<td data-title=\"Bandenspanning achterwielen\">2.6<\/td>\n<td data-title=\"Voorkant beladen\">2.4<\/td>\n<td data-title=\"Achterkant beladen\">2.6<\/td>\n<\/tr>\n<tr>\n<td data-title=\"Aandrijving\"><strong>1.4 MPI<\/strong><\/td>\n<td data-title=\"Bandenmaat\">185 65 R15 88T<\/td>\n<td data-title=\"Bandenspanning voorwielen\">2.4<\/td>\n<td data-title=\"Bandenspanning achterwielen\">2.6<\/td>\n<td data-title=\"Voorkant beladen\">2.4<\/td>\n<td data-title=\"Achterkant beladen\">2.6<\/td>\n<\/tr>\n<tr>\n<td data-title=\"Aandrijving\"><strong>1.4 MPI<\/strong><\/td>\n<td data-title=\"Bandenmaat\">185 70 R14 88T<\/td>\n<td data-title=\"Bandenspanning voorwielen\">2.4<\/td>\n<td data-title=\"Bandenspanning achterwielen\">2.6<\/td>\n<td data-title=\"Voorkant beladen\">2.4<\/td>\n<td data-title=\"Achterkant beladen\">2.6<\/td>\n<\/tr>\n<tr>\n<td data-title=\"Aandrijving\"><strong>1.6 MPI \/ LPG<\/strong><\/td>\n<td data-title=\"Bandenmaat\">185 65 R15 88T<\/td>\n<td data-title=\"Bandenspanning voorwielen\">2.4<\/td>\n<td data-title=\"Bandenspanning achterwielen\">2.6<\/td>\n<td data-title=\"Voorkant beladen\">2.4<\/td>\n<td data-title=\"Achterkant beladen\">2.6<\/td>\n<\/tr>\n<\/tbody>\n<\/table>","protected":false},"excerpt":{"rendered":"<p>Sie suchen den richtigen Reifendruck f\u00fcr Ihren Dacia Logan? Hier ist eine \u00dcbersicht: Dacia Logan Drive Reifengr\u00f6\u00dfe Reifendruck Vorderr\u00e4der Reifendruck Hinterr\u00e4der Vorderachse Hinterachse 1.4 MPI 185 65 R15 88T 1.9 2.1 2.1 2.3 1.6 16V 185 65 R15 88H 1.9 2.1 2.1 2.3 Dacia Logan Express Drive Reifengr\u00f6\u00dfe Reifendruck Vorderr\u00e4der Reifendruck Hinterr\u00e4der Vorderachse [...]<\/p>","protected":false},"author":1,"featured_media":0,"parent":0,"menu_order":0,"comment_status":"closed","ping_status":"closed","template":"","meta":{"_et_pb_use_builder":"","_et_pb_old_content":"","_et_gb_content_width":"","footnotes":""},"class_list":["post-154629","page","type-page","status-publish","hentry"],"yoast_head":"<!-- This site is optimized with the Yoast SEO plugin v27.3 - https:\/\/yoast.com\/product\/yoast-seo-wordpress\/ -->\n<title>Bandenspanning Dacia Logan - Autobaak.nl<\/title>\n<meta name=\"robots\" content=\"index, follow, max-snippet:-1, max-image-preview:large, max-video-preview:-1\" \/>\n<link rel=\"canonical\" href=\"https:\/\/autobaak.nl\/de\/reifendruck-dacia-logan\/\" \/>\n<meta property=\"og:locale\" content=\"de_DE\" \/>\n<meta property=\"og:type\" content=\"article\" \/>\n<meta property=\"og:title\" content=\"Bandenspanning Dacia Logan - Autobaak.nl\" \/>\n<meta property=\"og:description\" content=\"Op zoek naar de juiste bandenspanning voor de Dacia Logan? Hieronder een overzicht: Dacia Logan Aandrijving Bandenmaat Bandenspanning voorwielen Bandenspanning achterwielen Voorkant beladen Achterkant beladen 1.4 MPI 185 65 R15 88T 1.9 2.1 2.1 2.3 1.6 16V 185 65 R15 88H 1.9 2.1 2.1 2.3 Dacia Logan Express Aandrijving Bandenmaat Bandenspanning voorwielen Bandenspanning achterwielen Voorkant [&hellip;]\" \/>\n<meta property=\"og:url\" content=\"https:\/\/autobaak.nl\/de\/reifendruck-dacia-logan\/\" \/>\n<meta property=\"og:site_name\" content=\"Autobaak.nl\" \/>\n<meta name=\"twitter:card\" content=\"summary_large_image\" \/>\n<meta name=\"twitter:label1\" content=\"Gesch\u00e4tzte Lesezeit\" \/>\n\t<meta name=\"twitter:data1\" content=\"1\u00a0Minute\" \/>\n<script type=\"application\/ld+json\" class=\"yoast-schema-graph\">{\"@context\":\"https:\\\/\\\/schema.org\",\"@graph\":[{\"@type\":\"WebPage\",\"@id\":\"https:\\\/\\\/autobaak.nl\\\/bandenspanning-dacia-logan\\\/\",\"url\":\"https:\\\/\\\/autobaak.nl\\\/bandenspanning-dacia-logan\\\/\",\"name\":\"Bandenspanning Dacia Logan - Autobaak.nl\",\"isPartOf\":{\"@id\":\"https:\\\/\\\/autobaak.nl\\\/#website\"},\"datePublished\":\"2022-12-23T13:48:46+00:00\",\"breadcrumb\":{\"@id\":\"https:\\\/\\\/autobaak.nl\\\/bandenspanning-dacia-logan\\\/#breadcrumb\"},\"inLanguage\":\"de\",\"potentialAction\":[{\"@type\":\"ReadAction\",\"target\":[\"https:\\\/\\\/autobaak.nl\\\/bandenspanning-dacia-logan\\\/\"]}]},{\"@type\":\"BreadcrumbList\",\"@id\":\"https:\\\/\\\/autobaak.nl\\\/bandenspanning-dacia-logan\\\/#breadcrumb\",\"itemListElement\":[{\"@type\":\"ListItem\",\"position\":1,\"name\":\"Home\",\"item\":\"https:\\\/\\\/autobaak.nl\\\/\"},{\"@type\":\"ListItem\",\"position\":2,\"name\":\"Bandenspanning Dacia Logan\"}]},{\"@type\":\"WebSite\",\"@id\":\"https:\\\/\\\/autobaak.nl\\\/#website\",\"url\":\"https:\\\/\\\/autobaak.nl\\\/\",\"name\":\"Autobaak.nl\",\"description\":\"Cars &amp; Racing\",\"potentialAction\":[{\"@type\":\"SearchAction\",\"target\":{\"@type\":\"EntryPoint\",\"urlTemplate\":\"https:\\\/\\\/autobaak.nl\\\/?s={search_term_string}\"},\"query-input\":{\"@type\":\"PropertyValueSpecification\",\"valueRequired\":true,\"valueName\":\"search_term_string\"}}],\"inLanguage\":\"de\"}]}<\/script>\n<!-- \/ Yoast SEO plugin. -->","yoast_head_json":{"title":"Reifendruck Dacia Logan - Autobaak.de","robots":{"index":"index","follow":"follow","max-snippet":"max-snippet:-1","max-image-preview":"max-image-preview:large","max-video-preview":"max-video-preview:-1"},"canonical":"https:\/\/autobaak.nl\/de\/reifendruck-dacia-logan\/","og_locale":"de_DE","og_type":"article","og_title":"Bandenspanning Dacia Logan - Autobaak.nl","og_description":"Op zoek naar de juiste bandenspanning voor de Dacia Logan? Hieronder een overzicht: Dacia Logan Aandrijving Bandenmaat Bandenspanning voorwielen Bandenspanning achterwielen Voorkant beladen Achterkant beladen 1.4 MPI 185 65 R15 88T 1.9 2.1 2.1 2.3 1.6 16V 185 65 R15 88H 1.9 2.1 2.1 2.3 Dacia Logan Express Aandrijving Bandenmaat Bandenspanning voorwielen Bandenspanning achterwielen Voorkant [&hellip;]","og_url":"https:\/\/autobaak.nl\/de\/reifendruck-dacia-logan\/","og_site_name":"Autobaak.nl","twitter_card":"summary_large_image","twitter_misc":{"Gesch\u00e4tzte Lesezeit":"1\u00a0Minute"},"schema":{"@context":"https:\/\/schema.org","@graph":[{"@type":"WebPage","@id":"https:\/\/autobaak.nl\/bandenspanning-dacia-logan\/","url":"https:\/\/autobaak.nl\/bandenspanning-dacia-logan\/","name":"Reifendruck Dacia Logan - Autobaak.de","isPartOf":{"@id":"https:\/\/autobaak.nl\/#website"},"datePublished":"2022-12-23T13:48:46+00:00","breadcrumb":{"@id":"https:\/\/autobaak.nl\/bandenspanning-dacia-logan\/#breadcrumb"},"inLanguage":"de","potentialAction":[{"@type":"ReadAction","target":["https:\/\/autobaak.nl\/bandenspanning-dacia-logan\/"]}]},{"@type":"BreadcrumbList","@id":"https:\/\/autobaak.nl\/bandenspanning-dacia-logan\/#breadcrumb","itemListElement":[{"@type":"ListItem","position":1,"name":"Home","item":"https:\/\/autobaak.nl\/"},{"@type":"ListItem","position":2,"name":"Bandenspanning Dacia Logan"}]},{"@type":"WebSite","@id":"https:\/\/autobaak.nl\/#website","url":"https:\/\/autobaak.nl\/","name":"Autobook.de","description":"Autos &amp; Rennsport","potentialAction":[{"@type":"SearchAction","target":{"@type":"EntryPoint","urlTemplate":"https:\/\/autobaak.nl\/?s={search_term_string}"},"query-input":{"@type":"PropertyValueSpecification","valueRequired":true,"valueName":"search_term_string"}}],"inLanguage":"de"}]}},"_links":{"self":[{"href":"https:\/\/autobaak.nl\/de\/wp-json\/wp\/v2\/pages\/154629","targetHints":{"allow":["GET"]}}],"collection":[{"href":"https:\/\/autobaak.nl\/de\/wp-json\/wp\/v2\/pages"}],"about":[{"href":"https:\/\/autobaak.nl\/de\/wp-json\/wp\/v2\/types\/page"}],"author":[{"embeddable":true,"href":"https:\/\/autobaak.nl\/de\/wp-json\/wp\/v2\/users\/1"}],"replies":[{"embeddable":true,"href":"https:\/\/autobaak.nl\/de\/wp-json\/wp\/v2\/comments?post=154629"}],"version-history":[{"count":0,"href":"https:\/\/autobaak.nl\/de\/wp-json\/wp\/v2\/pages\/154629\/revisions"}],"wp:attachment":[{"href":"https:\/\/autobaak.nl\/de\/wp-json\/wp\/v2\/media?parent=154629"}],"curies":[{"name":"wp","href":"https:\/\/api.w.org\/{rel}","templated":true}]}}