{"id":154655,"date":"2022-12-23T15:09:13","date_gmt":"2022-12-23T14:09:13","guid":{"rendered":"https:\/\/autobaak.nl\/?page_id=154655"},"modified":"2022-12-23T15:09:13","modified_gmt":"2022-12-23T14:09:13","slug":"reifendruck-citroen-c4-cactus","status":"publish","type":"page","link":"https:\/\/autobaak.nl\/de\/reifendruck-citroen-c4-cactus\/","title":{"rendered":"Reifendruck Citro\u00ebn C4 Cactus"},"content":{"rendered":"<p>Sie suchen den Reifendruck f\u00fcr Ihren Citro\u00ebn C4 Cactus? Unten finden Sie eine \u00dcbersicht \u00fcber den Reifendruck f\u00fcr jedes Modell:<\/p>\n<table class=\"table table-striped table-bordered table-hover table-responsive\">\n<thead class=\"thead-dark\">\n<tr>\n<th>Antrieb<\/th>\n<th>Gr\u00f6\u00dfe des Reifens<\/th>\n<th>Reifendruck Vorderr\u00e4der<\/th>\n<th>Reifendruck am Hinterrad<\/th>\n<th>Frontlader<\/th>\n<th>Laden Sie die R\u00fcckseite<\/th>\n<\/tr>\n<\/thead>\n<tbody>\n<tr>\n<td data-title=\"Aandrijving\"><strong>1.2 VTi 75<\/strong><\/td>\n<td data-title=\"Bandenmaat\">195 65 R15 91H<\/td>\n<td data-title=\"Bandenspanning voorwielen\">2.1<\/td>\n<td data-title=\"Bandenspanning achterwielen\">2.1<\/td>\n<td data-title=\"Voorkant beladen\">2.3<\/td>\n<td data-title=\"Achterkant beladen\">2.5<\/td>\n<\/tr>\n<tr>\n<td data-title=\"Aandrijving\"><strong>1.2 VTi 75<\/strong><\/td>\n<td data-title=\"Bandenmaat\">205 50 R17 89V<\/td>\n<td data-title=\"Bandenspanning voorwielen\">2.1<\/td>\n<td data-title=\"Bandenspanning achterwielen\">2.1<\/td>\n<td data-title=\"Voorkant beladen\">2.3<\/td>\n<td data-title=\"Achterkant beladen\">2.5<\/td>\n<\/tr>\n<tr>\n<td data-title=\"Aandrijving\"><strong>1.2 VTi 75<\/strong><\/td>\n<td data-title=\"Bandenmaat\">205 55 R16 91H<\/td>\n<td data-title=\"Bandenspanning voorwielen\">2.1<\/td>\n<td data-title=\"Bandenspanning achterwielen\">2.1<\/td>\n<td data-title=\"Voorkant beladen\">2.3<\/td>\n<td data-title=\"Achterkant beladen\">2.5<\/td>\n<\/tr>\n<tr>\n<td data-title=\"Aandrijving\"><strong>1.2 VTi 82<\/strong><\/td>\n<td data-title=\"Bandenmaat\">205 50 R17 89V<\/td>\n<td data-title=\"Bandenspanning voorwielen\">2.3<\/td>\n<td data-title=\"Bandenspanning achterwielen\">2.3<\/td>\n<td data-title=\"Voorkant beladen\">2.3<\/td>\n<td data-title=\"Achterkant beladen\">2.6<\/td>\n<\/tr>\n<tr>\n<td data-title=\"Aandrijving\"><strong>1.2 VTi 82<\/strong><\/td>\n<td data-title=\"Bandenmaat\">205 55 R16 91H<\/td>\n<td data-title=\"Bandenspanning voorwielen\">2.3<\/td>\n<td data-title=\"Bandenspanning achterwielen\">2.3<\/td>\n<td data-title=\"Voorkant beladen\">2.3<\/td>\n<td data-title=\"Achterkant beladen\">2.6<\/td>\n<\/tr>\n<\/tbody>\n<\/table>\n<p>&nbsp;<\/p>","protected":false},"excerpt":{"rendered":"<p>Sie suchen den Reifendruck f\u00fcr Ihren Citro\u00ebn C4 Cactus? Unten finden Sie eine \u00dcbersicht des Reifendrucks f\u00fcr jedes Modell: Antrieb Reifengr\u00f6\u00dfe Reifendruck Vorderr\u00e4der Reifendruck Hinterr\u00e4der Vorderachse Hinterachse 1.2 VTi 75 195 65 R15 91H 2.1 2.1 2.3 2.5 1.2 VTi 75 205 50 R17 89V 2.1 2.1 2.3 2.5 1.2 VTi 75 205 55 [...]<\/p>","protected":false},"author":1,"featured_media":0,"parent":0,"menu_order":0,"comment_status":"closed","ping_status":"closed","template":"","meta":{"_et_pb_use_builder":"","_et_pb_old_content":"","_et_gb_content_width":"","footnotes":""},"class_list":["post-154655","page","type-page","status-publish","hentry"],"yoast_head":"<!-- This site is optimized with the Yoast SEO plugin v27.4 - https:\/\/yoast.com\/product\/yoast-seo-wordpress\/ -->\n<title>Bandenspanning Citro\u00ebn C4 Cactus - Autobaak.nl<\/title>\n<meta name=\"robots\" content=\"index, follow, max-snippet:-1, max-image-preview:large, max-video-preview:-1\" \/>\n<link rel=\"canonical\" href=\"https:\/\/autobaak.nl\/de\/reifendruck-citroen-c4-cactus\/\" \/>\n<meta property=\"og:locale\" content=\"de_DE\" \/>\n<meta property=\"og:type\" content=\"article\" \/>\n<meta property=\"og:title\" content=\"Bandenspanning Citro\u00ebn C4 Cactus - Autobaak.nl\" \/>\n<meta property=\"og:description\" content=\"Op zoek naar de bandenspanning voor jouw Citro\u00ebn C4 Cactus? Hieronder een overzicht van de bandenspanning per model: Aandrijving Bandenmaat Bandenspanning voorwielen Bandenspanning achterwielen Voorkant beladen Achterkant beladen 1.2 VTi 75 195 65 R15 91H 2.1 2.1 2.3 2.5 1.2 VTi 75 205 50 R17 89V 2.1 2.1 2.3 2.5 1.2 VTi 75 205 55 [&hellip;]\" \/>\n<meta property=\"og:url\" content=\"https:\/\/autobaak.nl\/de\/reifendruck-citroen-c4-cactus\/\" \/>\n<meta property=\"og:site_name\" content=\"Autobaak.nl\" \/>\n<meta name=\"twitter:card\" content=\"summary_large_image\" \/>\n<meta name=\"twitter:label1\" content=\"Gesch\u00e4tzte Lesezeit\" \/>\n\t<meta name=\"twitter:data1\" content=\"1\u00a0Minute\" \/>\n<script type=\"application\/ld+json\" class=\"yoast-schema-graph\">{\"@context\":\"https:\\\/\\\/schema.org\",\"@graph\":[{\"@type\":\"WebPage\",\"@id\":\"https:\\\/\\\/autobaak.nl\\\/bandenspanning-citroen-c4-cactus\\\/\",\"url\":\"https:\\\/\\\/autobaak.nl\\\/bandenspanning-citroen-c4-cactus\\\/\",\"name\":\"Bandenspanning Citro\u00ebn C4 Cactus - Autobaak.nl\",\"isPartOf\":{\"@id\":\"https:\\\/\\\/autobaak.nl\\\/#website\"},\"datePublished\":\"2022-12-23T14:09:13+00:00\",\"breadcrumb\":{\"@id\":\"https:\\\/\\\/autobaak.nl\\\/bandenspanning-citroen-c4-cactus\\\/#breadcrumb\"},\"inLanguage\":\"de\",\"potentialAction\":[{\"@type\":\"ReadAction\",\"target\":[\"https:\\\/\\\/autobaak.nl\\\/bandenspanning-citroen-c4-cactus\\\/\"]}]},{\"@type\":\"BreadcrumbList\",\"@id\":\"https:\\\/\\\/autobaak.nl\\\/bandenspanning-citroen-c4-cactus\\\/#breadcrumb\",\"itemListElement\":[{\"@type\":\"ListItem\",\"position\":1,\"name\":\"Home\",\"item\":\"https:\\\/\\\/autobaak.nl\\\/\"},{\"@type\":\"ListItem\",\"position\":2,\"name\":\"Bandenspanning Citro\u00ebn C4 Cactus\"}]},{\"@type\":\"WebSite\",\"@id\":\"https:\\\/\\\/autobaak.nl\\\/#website\",\"url\":\"https:\\\/\\\/autobaak.nl\\\/\",\"name\":\"Autobaak.nl\",\"description\":\"Cars &amp; Racing\",\"potentialAction\":[{\"@type\":\"SearchAction\",\"target\":{\"@type\":\"EntryPoint\",\"urlTemplate\":\"https:\\\/\\\/autobaak.nl\\\/?s={search_term_string}\"},\"query-input\":{\"@type\":\"PropertyValueSpecification\",\"valueRequired\":true,\"valueName\":\"search_term_string\"}}],\"inLanguage\":\"de\"}]}<\/script>\n<!-- \/ Yoast SEO plugin. -->","yoast_head_json":{"title":"Reifendruck Citro\u00ebn C4 Cactus - Autobaak.de","robots":{"index":"index","follow":"follow","max-snippet":"max-snippet:-1","max-image-preview":"max-image-preview:large","max-video-preview":"max-video-preview:-1"},"canonical":"https:\/\/autobaak.nl\/de\/reifendruck-citroen-c4-cactus\/","og_locale":"de_DE","og_type":"article","og_title":"Bandenspanning Citro\u00ebn C4 Cactus - Autobaak.nl","og_description":"Op zoek naar de bandenspanning voor jouw Citro\u00ebn C4 Cactus? Hieronder een overzicht van de bandenspanning per model: Aandrijving Bandenmaat Bandenspanning voorwielen Bandenspanning achterwielen Voorkant beladen Achterkant beladen 1.2 VTi 75 195 65 R15 91H 2.1 2.1 2.3 2.5 1.2 VTi 75 205 50 R17 89V 2.1 2.1 2.3 2.5 1.2 VTi 75 205 55 [&hellip;]","og_url":"https:\/\/autobaak.nl\/de\/reifendruck-citroen-c4-cactus\/","og_site_name":"Autobaak.nl","twitter_card":"summary_large_image","twitter_misc":{"Gesch\u00e4tzte Lesezeit":"1\u00a0Minute"},"schema":{"@context":"https:\/\/schema.org","@graph":[{"@type":"WebPage","@id":"https:\/\/autobaak.nl\/bandenspanning-citroen-c4-cactus\/","url":"https:\/\/autobaak.nl\/bandenspanning-citroen-c4-cactus\/","name":"Reifendruck Citro\u00ebn C4 Cactus - Autobaak.de","isPartOf":{"@id":"https:\/\/autobaak.nl\/#website"},"datePublished":"2022-12-23T14:09:13+00:00","breadcrumb":{"@id":"https:\/\/autobaak.nl\/bandenspanning-citroen-c4-cactus\/#breadcrumb"},"inLanguage":"de","potentialAction":[{"@type":"ReadAction","target":["https:\/\/autobaak.nl\/bandenspanning-citroen-c4-cactus\/"]}]},{"@type":"BreadcrumbList","@id":"https:\/\/autobaak.nl\/bandenspanning-citroen-c4-cactus\/#breadcrumb","itemListElement":[{"@type":"ListItem","position":1,"name":"Home","item":"https:\/\/autobaak.nl\/"},{"@type":"ListItem","position":2,"name":"Bandenspanning Citro\u00ebn C4 Cactus"}]},{"@type":"WebSite","@id":"https:\/\/autobaak.nl\/#website","url":"https:\/\/autobaak.nl\/","name":"Autobook.de","description":"Autos &amp; Rennsport","potentialAction":[{"@type":"SearchAction","target":{"@type":"EntryPoint","urlTemplate":"https:\/\/autobaak.nl\/?s={search_term_string}"},"query-input":{"@type":"PropertyValueSpecification","valueRequired":true,"valueName":"search_term_string"}}],"inLanguage":"de"}]}},"_links":{"self":[{"href":"https:\/\/autobaak.nl\/de\/wp-json\/wp\/v2\/pages\/154655","targetHints":{"allow":["GET"]}}],"collection":[{"href":"https:\/\/autobaak.nl\/de\/wp-json\/wp\/v2\/pages"}],"about":[{"href":"https:\/\/autobaak.nl\/de\/wp-json\/wp\/v2\/types\/page"}],"author":[{"embeddable":true,"href":"https:\/\/autobaak.nl\/de\/wp-json\/wp\/v2\/users\/1"}],"replies":[{"embeddable":true,"href":"https:\/\/autobaak.nl\/de\/wp-json\/wp\/v2\/comments?post=154655"}],"version-history":[{"count":0,"href":"https:\/\/autobaak.nl\/de\/wp-json\/wp\/v2\/pages\/154655\/revisions"}],"wp:attachment":[{"href":"https:\/\/autobaak.nl\/de\/wp-json\/wp\/v2\/media?parent=154655"}],"curies":[{"name":"wp","href":"https:\/\/api.w.org\/{rel}","templated":true}]}}