{"id":154889,"date":"2023-02-08T13:32:23","date_gmt":"2023-02-08T12:32:23","guid":{"rendered":"https:\/\/autobaak.nl\/?page_id=154889"},"modified":"2023-09-29T15:31:28","modified_gmt":"2023-09-29T13:31:28","slug":"lexus-autogluhbirnen-ubersicht","status":"publish","type":"page","link":"https:\/\/autobaak.nl\/de\/lexus-autogluhbirnen-ubersicht\/","title":{"rendered":"Autolampen Lexus \u00dcbersicht"},"content":{"rendered":"<p class=\"entry-title main_title\">Suchen Sie nach Gl\u00fchbirnen f\u00fcr Ihren Lexus? Sind Ihre Scheinwerfer oder R\u00fcckleuchten kaputt und m\u00fcssen ersetzt werden? Im<strong> Autozwiebeln Lexus \u00dcbersicht<\/strong> Nachstehend finden Sie die Gl\u00fchbirnen, die Sie f\u00fcr Abblendlicht, Fernlicht, Nebelscheinwerfer, Blinker, Standlicht usw. ben\u00f6tigen.<\/p>\n<h2 class=\"entry-title main_title\">Welche Autozwiebeln Lexus<\/h2>\n<p class=\"entry-title main_title\">Heutzutage werden am h\u00e4ufigsten H4- und H7-Gl\u00fchbirnen verwendet. Bei den neueren Modellen werden auch h\u00e4ufig LED-Leuchten verwendet. Hinter den Modellen ist in Klammern das Herstellungsjahr des Modells angegeben; dies ist das Jahr der Einf\u00fchrung des jeweiligen Modells. Verwenden Sie die Suchfunktion oben in der Lexus Autolampen-\u00dcbersicht, um Ihr Modell schnell zu finden.<\/p>\n<p><a href=\"https:\/\/autobaak.nl\/de\/produktkategorie\/fahrzeugleuchten\/\"><img loading=\"lazy\" decoding=\"async\" class=\"aligncenter size-full wp-image-156730\" src=\"https:\/\/autobaak.nl\/wp-content\/uploads\/2023\/09\/Lampen-shop_Autobaak.nl_LargeLeaderboard_139-1.png\" alt=\"\" width=\"970\" height=\"90\" srcset=\"https:\/\/autobaak.nl\/wp-content\/uploads\/2023\/09\/Lampen-shop_Autobaak.nl_LargeLeaderboard_139-1.png 970w, https:\/\/autobaak.nl\/wp-content\/uploads\/2023\/09\/Lampen-shop_Autobaak.nl_LargeLeaderboard_139-1-480x45.png 480w\" sizes=\"(min-width: 0px) and (max-width: 480px) 480px, (min-width: 481px) 970px, 100vw\" \/><\/a><\/p>\n<h3>\u00dcbersicht der Lampen f\u00fcr Ihren Lexus<\/h3>\n<div id=\"tablepress-56-scroll-wrapper\" class=\"tablepress-scroll-wrapper\">\n\n<table id=\"tablepress-56\" class=\"tablepress tablepress-id-56 tablepress-responsive\">\n<thead>\n<tr class=\"row-1 odd\">\n\t<th class=\"column-1\">LEXUS<\/th><th class=\"column-2\">Abblendlicht<\/th><th class=\"column-3\">Fernlicht<\/th><th class=\"column-4\">Nebelscheinwerfer<\/th><th class=\"column-5\">Tagfahrlicht<\/th><th class=\"column-6\">Blinker vorne\/hinten<\/th><th class=\"column-7\">Seitliche Blinkleuchte<\/th><th class=\"column-8\">Lampe positionieren<\/th><th class=\"column-9\">Bremslicht<\/th><th class=\"column-10\">Bremslicht<\/th><th class=\"column-11\">R\u00fccklicht<\/th><th class=\"column-12\">Nebelschlussleuchte<\/th><th class=\"column-13\">R\u00fcckfahrscheinwerfer<\/th><th class=\"column-14\">Nummernschildbeleuchtung<\/th>\n<\/tr>\n<\/thead>\n<tbody class=\"row-hover\">\n<tr class=\"row-2 even\">\n\t<td class=\"column-1\">CT (ZWA1_) 12\/10 \u2192<\/td><td class=\"column-2\">H11<\/td><td class=\"column-3\">HB3<\/td><td class=\"column-4\">H11<\/td><td class=\"column-5\">LED<\/td><td class=\"column-6\">WY21W \/ WY21W<\/td><td class=\"column-7\">LED<\/td><td class=\"column-8\">LED<\/td><td class=\"column-9\"><\/td><td class=\"column-10\">LED<\/td><td class=\"column-11\">LED<\/td><td class=\"column-12\">W16W<\/td><td class=\"column-13\">W16W<\/td><td class=\"column-14\">W5W<\/td>\n<\/tr>\n<tr class=\"row-3 odd\">\n\t<td class=\"column-1\">CT (ZWA1_) 12\/10 \u2192 GEF\u00dcHRT<\/td><td class=\"column-2\">LED<\/td><td class=\"column-3\">HB3<\/td><td class=\"column-4\">H11<\/td><td class=\"column-5\">LED<\/td><td class=\"column-6\">WY21W \/ WY21W<\/td><td class=\"column-7\">LED<\/td><td class=\"column-8\">LED<\/td><td class=\"column-9\"><\/td><td class=\"column-10\">LED<\/td><td class=\"column-11\">LED<\/td><td class=\"column-12\">W16W<\/td><td class=\"column-13\">W16W<\/td><td class=\"column-14\">W5W<\/td>\n<\/tr>\n<tr class=\"row-4 even\">\n\t<td class=\"column-1\">GS (JZS147) 03\/93 \u2192 08\/97<\/td><td class=\"column-2\">HB4<\/td><td class=\"column-3\">HB3<\/td><td class=\"column-4\">H3<\/td><td class=\"column-5\"><\/td><td class=\"column-6\">P21W \/ P21W<\/td><td class=\"column-7\">W5W<\/td><td class=\"column-8\">W5W<\/td><td class=\"column-9\"><\/td><td class=\"column-10\">P21W<\/td><td class=\"column-11\">R5W<\/td><td class=\"column-12\">P21W<\/td><td class=\"column-13\">P21W<\/td><td class=\"column-14\">W5W<\/td>\n<\/tr>\n<tr class=\"row-5 odd\">\n\t<td class=\"column-1\">GS (UZS161, JZS160) 08\/97 \u2192 03\/05<\/td><td class=\"column-2\">HB4<\/td><td class=\"column-3\">HB3<\/td><td class=\"column-4\">HB4<\/td><td class=\"column-5\"><\/td><td class=\"column-6\">W21W \/ W21W<\/td><td class=\"column-7\">W5W<\/td><td class=\"column-8\">W5W<\/td><td class=\"column-9\">W5W<\/td><td class=\"column-10\">W21\/5W<\/td><td class=\"column-11\">W21\/5W<\/td><td class=\"column-12\">W21W<\/td><td class=\"column-13\">W21W<\/td><td class=\"column-14\">W5W<\/td>\n<\/tr>\n<tr class=\"row-6 even\">\n\t<td class=\"column-1\">GS (UZS161, JZS160) 08\/97 \u2192 03\/05 XENON<\/td><td class=\"column-2\">D2R<\/td><td class=\"column-3\">HB3<\/td><td class=\"column-4\">HB4<\/td><td class=\"column-5\"><\/td><td class=\"column-6\">W21W \/ W21W<\/td><td class=\"column-7\">W5W<\/td><td class=\"column-8\">W5W<\/td><td class=\"column-9\">W5W<\/td><td class=\"column-10\">W21\/5W<\/td><td class=\"column-11\">W21\/5W<\/td><td class=\"column-12\">W21W<\/td><td class=\"column-13\">W21W<\/td><td class=\"column-14\">W5W<\/td>\n<\/tr>\n<tr class=\"row-7 odd\">\n\t<td class=\"column-1\">GS (GRS19_, UZS19_, GWS19_) 04\/05 \u2192 11\/11 XENON<\/td><td class=\"column-2\">D2S<\/td><td class=\"column-3\">HB3<\/td><td class=\"column-4\">HB4<\/td><td class=\"column-5\"><\/td><td class=\"column-6\">PY21W \/ P21W<\/td><td class=\"column-7\"><\/td><td class=\"column-8\">W5W<\/td><td class=\"column-9\"><\/td><td class=\"column-10\">LED<\/td><td class=\"column-11\">LED<\/td><td class=\"column-12\">W21W<\/td><td class=\"column-13\">W21W<\/td><td class=\"column-14\">W5W<\/td>\n<\/tr>\n<tr class=\"row-8 even\">\n\t<td class=\"column-1\">GS (GRL1_, GWL1_) 11\/11 \u2192 XENON<\/td><td class=\"column-2\">D4S<\/td><td class=\"column-3\">D4S<\/td><td class=\"column-4\">H11<\/td><td class=\"column-5\">LED<\/td><td class=\"column-6\">WY21W \/ W21W<\/td><td class=\"column-7\"><\/td><td class=\"column-8\">LED<\/td><td class=\"column-9\"><\/td><td class=\"column-10\">LED<\/td><td class=\"column-11\">LED<\/td><td class=\"column-12\">LED<\/td><td class=\"column-13\">W16W<\/td><td class=\"column-14\">LED<\/td>\n<\/tr>\n<tr class=\"row-9 odd\">\n\t<td class=\"column-1\">IST I (JCE1_, GXE1_) 04\/99 - 07\/05<\/td><td class=\"column-2\">HB4<\/td><td class=\"column-3\">HB3<\/td><td class=\"column-4\">HB4 \/ H3<\/td><td class=\"column-5\"><\/td><td class=\"column-6\">PY21W \/ WY21W<\/td><td class=\"column-7\">W5W<\/td><td class=\"column-8\">W5W<\/td><td class=\"column-9\">W21W<\/td><td class=\"column-10\">W21\/5W<\/td><td class=\"column-11\">W21\/5W<\/td><td class=\"column-12\">W21W<\/td><td class=\"column-13\">W16W<\/td><td class=\"column-14\">W5W<\/td>\n<\/tr>\n<tr class=\"row-10 even\">\n\t<td class=\"column-1\">IS SportCross 10\/01 - 10\/05<\/td><td class=\"column-2\">HB4<\/td><td class=\"column-3\">HB3<\/td><td class=\"column-4\">HB4 \/ H3<\/td><td class=\"column-5\"><\/td><td class=\"column-6\">PY21W \/ PY21W<\/td><td class=\"column-7\">W5W<\/td><td class=\"column-8\">W5W<\/td><td class=\"column-9\"><\/td><td class=\"column-10\">W21\/5W<\/td><td class=\"column-11\">W21\/5W<\/td><td class=\"column-12\">W21W<\/td><td class=\"column-13\">W16W<\/td><td class=\"column-14\">W5W<\/td>\n<\/tr>\n<tr class=\"row-11 odd\">\n\t<td class=\"column-1\">IS II (GSE2_, ALE2_, USE2_) 10\/05 \u2192 07\/10<\/td><td class=\"column-2\">H11<\/td><td class=\"column-3\">HB3<\/td><td class=\"column-4\">HB4<\/td><td class=\"column-5\"><\/td><td class=\"column-6\">WY21W \/ W21W<\/td><td class=\"column-7\"><\/td><td class=\"column-8\">W5W<\/td><td class=\"column-9\"><\/td><td class=\"column-10\">LED<\/td><td class=\"column-11\">LED<\/td><td class=\"column-12\">W21W<\/td><td class=\"column-13\">W16W<\/td><td class=\"column-14\"><\/td>\n<\/tr>\n<tr class=\"row-12 even\">\n\t<td class=\"column-1\">IS II (GSE2_, ALE2_, USE2_) 08\/10 \u2192<\/td><td class=\"column-2\">H11<\/td><td class=\"column-3\">HB3<\/td><td class=\"column-4\">H11<\/td><td class=\"column-5\"><\/td><td class=\"column-6\">WY21W \/ W21W<\/td><td class=\"column-7\"><\/td><td class=\"column-8\">W5W<\/td><td class=\"column-9\"><\/td><td class=\"column-10\">LED<\/td><td class=\"column-11\">LED<\/td><td class=\"column-12\">W21W<\/td><td class=\"column-13\">W16W<\/td><td class=\"column-14\"><\/td>\n<\/tr>\n<tr class=\"row-13 odd\">\n\t<td class=\"column-1\">IS II (GSE2_, ALE2_, USE2_) 10\/05 \u2192 07\/10 XENON<\/td><td class=\"column-2\">D4S<\/td><td class=\"column-3\">HB3<\/td><td class=\"column-4\">HB4<\/td><td class=\"column-5\"><\/td><td class=\"column-6\">WY21W \/ W21W<\/td><td class=\"column-7\"><\/td><td class=\"column-8\">W5W<\/td><td class=\"column-9\"><\/td><td class=\"column-10\">LED<\/td><td class=\"column-11\">LED<\/td><td class=\"column-12\">W21W<\/td><td class=\"column-13\">W16W<\/td><td class=\"column-14\"><\/td>\n<\/tr>\n<tr class=\"row-14 even\">\n\t<td class=\"column-1\">IS II (GSE2_, ALE2_, USE2_) 08\/10 \u2192 XENON<\/td><td class=\"column-2\">D4S<\/td><td class=\"column-3\">HB3<\/td><td class=\"column-4\">H11<\/td><td class=\"column-5\"><\/td><td class=\"column-6\">WY21W \/ W21W<\/td><td class=\"column-7\"><\/td><td class=\"column-8\">W5W<\/td><td class=\"column-9\"><\/td><td class=\"column-10\">LED<\/td><td class=\"column-11\">LED<\/td><td class=\"column-12\">W21W<\/td><td class=\"column-13\">W16W<\/td><td class=\"column-14\"><\/td>\n<\/tr>\n<tr class=\"row-15 odd\">\n\t<td class=\"column-1\">IS III (GSE3_, AVE3_) 04\/13 \u2192 BI-XENON<\/td><td class=\"column-2\">D4S<\/td><td class=\"column-3\">D4S<\/td><td class=\"column-4\"><\/td><td class=\"column-5\">LED<\/td><td class=\"column-6\">WY21W \/ WY21W<\/td><td class=\"column-7\"><\/td><td class=\"column-8\">LED<\/td><td class=\"column-9\"><\/td><td class=\"column-10\">LED<\/td><td class=\"column-11\">LED<\/td><td class=\"column-12\">LED<\/td><td class=\"column-13\">W16W<\/td><td class=\"column-14\">LED<\/td>\n<\/tr>\n<tr class=\"row-16 even\">\n\t<td class=\"column-1\">IST C (SE2_) 04\/09 \u2192<\/td><td class=\"column-2\">H11<\/td><td class=\"column-3\">HB3<\/td><td class=\"column-4\">H11<\/td><td class=\"column-5\"><\/td><td class=\"column-6\">WY21W \/ WY21W<\/td><td class=\"column-7\"><\/td><td class=\"column-8\">W5W<\/td><td class=\"column-9\"><\/td><td class=\"column-10\">LED<\/td><td class=\"column-11\">LED<\/td><td class=\"column-12\">W21W<\/td><td class=\"column-13\">W16W<\/td><td class=\"column-14\"><\/td>\n<\/tr>\n<tr class=\"row-17 odd\">\n\t<td class=\"column-1\">IST C (SE2_) 04\/09 \u2192 XENON<\/td><td class=\"column-2\">D4S<\/td><td class=\"column-3\">HB3<\/td><td class=\"column-4\">H11<\/td><td class=\"column-5\"><\/td><td class=\"column-6\">WY21W \/ WY21W<\/td><td class=\"column-7\"><\/td><td class=\"column-8\">W5W<\/td><td class=\"column-9\"><\/td><td class=\"column-10\">LED<\/td><td class=\"column-11\">LED<\/td><td class=\"column-12\">W21W<\/td><td class=\"column-13\">W16W<\/td><td class=\"column-14\"><\/td>\n<\/tr>\n<tr class=\"row-18 even\">\n\t<td class=\"column-1\">LFA (LFA10_) 12\/10 \u2192 11\/12 BI-XENON<\/td><td class=\"column-2\">D4S<\/td><td class=\"column-3\">D4S<\/td><td class=\"column-4\"><\/td><td class=\"column-5\"><\/td><td class=\"column-6\">WY21W \/ W21W<\/td><td class=\"column-7\"><\/td><td class=\"column-8\">LED<\/td><td class=\"column-9\"><\/td><td class=\"column-10\">LED<\/td><td class=\"column-11\">LED<\/td><td class=\"column-12\">P21W<\/td><td class=\"column-13\">P21W<\/td><td class=\"column-14\">W5W<\/td>\n<\/tr>\n<tr class=\"row-19 odd\">\n\t<td class=\"column-1\">LS (UCF20) 12\/94 \u2192 08\/97<\/td><td class=\"column-2\">H4<\/td><td class=\"column-3\">HB3<\/td><td class=\"column-4\">HB4<\/td><td class=\"column-5\"><\/td><td class=\"column-6\">P21W \/ P21W<\/td><td class=\"column-7\">W5W<\/td><td class=\"column-8\">W5W<\/td><td class=\"column-9\">W16W<\/td><td class=\"column-10\">W21\/5W<\/td><td class=\"column-11\">W21\/5W<\/td><td class=\"column-12\">P21W<\/td><td class=\"column-13\">P21W<\/td><td class=\"column-14\">W5W<\/td>\n<\/tr>\n<tr class=\"row-20 even\">\n\t<td class=\"column-1\">LS (UCF20 09\/97 \u2192 10\/00 XENON<\/td><td class=\"column-2\">D2R<\/td><td class=\"column-3\">HB3<\/td><td class=\"column-4\">HB4<\/td><td class=\"column-5\"><\/td><td class=\"column-6\">W21W \/ W21W<\/td><td class=\"column-7\">W5W<\/td><td class=\"column-8\">W5W<\/td><td class=\"column-9\">W16W<\/td><td class=\"column-10\">W21\/5W<\/td><td class=\"column-11\">W21\/5W<\/td><td class=\"column-12\">W21W<\/td><td class=\"column-13\">W21W<\/td><td class=\"column-14\">W5W<\/td>\n<\/tr>\n<tr class=\"row-21 odd\">\n\t<td class=\"column-1\">LS (UCF30) 10\/00 \u2192 08\/06 XENON<\/td><td class=\"column-2\">D2R<\/td><td class=\"column-3\">HB3<\/td><td class=\"column-4\">HB4<\/td><td class=\"column-5\"><\/td><td class=\"column-6\">PY21W \/ PY21W<\/td><td class=\"column-7\">W5W<\/td><td class=\"column-8\">W5W<\/td><td class=\"column-9\">W21W<\/td><td class=\"column-10\">W21\/5W<\/td><td class=\"column-11\">W21\/5W<\/td><td class=\"column-12\">W21W<\/td><td class=\"column-13\">W21W<\/td><td class=\"column-14\">W5W<\/td>\n<\/tr>\n<tr class=\"row-22 even\">\n\t<td class=\"column-1\">LS (UVF4_, USF4_) 04\/06 \u2192 10\/09 XENON<\/td><td class=\"column-2\">D4S<\/td><td class=\"column-3\">HB3<\/td><td class=\"column-4\">HB4<\/td><td class=\"column-5\"><\/td><td class=\"column-6\">WY21W \/ W16W<\/td><td class=\"column-7\">W5W<\/td><td class=\"column-8\">W5W<\/td><td class=\"column-9\"><\/td><td class=\"column-10\">LED<\/td><td class=\"column-11\">LED<\/td><td class=\"column-12\">W21W<\/td><td class=\"column-13\">W16W<\/td><td class=\"column-14\"><\/td>\n<\/tr>\n<tr class=\"row-23 odd\">\n\t<td class=\"column-1\">LS (UVF4_, USF4_) 11\/09 \u2192 XENON<\/td><td class=\"column-2\">D4S<\/td><td class=\"column-3\">HB3<\/td><td class=\"column-4\">HB4<\/td><td class=\"column-5\"><\/td><td class=\"column-6\">WY21W \/ W21W<\/td><td class=\"column-7\">W5W<\/td><td class=\"column-8\">W5W<\/td><td class=\"column-9\"><\/td><td class=\"column-10\">LED<\/td><td class=\"column-11\">LED<\/td><td class=\"column-12\">W21W<\/td><td class=\"column-13\">W16W<\/td><td class=\"column-14\"><\/td>\n<\/tr>\n<tr class=\"row-24 even\">\n\t<td class=\"column-1\">LX (UZJ100) 09\/97 \u2192 03\/08<\/td><td class=\"column-2\">H1<\/td><td class=\"column-3\">HB3<\/td><td class=\"column-4\">H3<\/td><td class=\"column-5\"><\/td><td class=\"column-6\">PY21W \/ -<\/td><td class=\"column-7\">W5W<\/td><td class=\"column-8\">W5W<\/td><td class=\"column-9\"><\/td><td class=\"column-10\">W21\/5W<\/td><td class=\"column-11\">W21\/5W<\/td><td class=\"column-12\">W21W<\/td><td class=\"column-13\">W21W<\/td><td class=\"column-14\">W5W<\/td>\n<\/tr>\n<tr class=\"row-25 odd\">\n\t<td class=\"column-1\">LX (UZJ100) 09\/97 \u2192 03\/08 XENON<\/td><td class=\"column-2\">D2S<\/td><td class=\"column-3\">H1<\/td><td class=\"column-4\">H3<\/td><td class=\"column-5\"><\/td><td class=\"column-6\">PY21W \/ -<\/td><td class=\"column-7\">W5W<\/td><td class=\"column-8\">W5W<\/td><td class=\"column-9\"><\/td><td class=\"column-10\">W21\/5W<\/td><td class=\"column-11\">W21\/5W<\/td><td class=\"column-12\">W21W<\/td><td class=\"column-13\">W21W<\/td><td class=\"column-14\">W5W<\/td>\n<\/tr>\n<tr class=\"row-26 even\">\n\t<td class=\"column-1\">RX (GLY1_, GGL15, AGL10) 12\/08 \u2192 08\/13<\/td><td class=\"column-2\">H11<\/td><td class=\"column-3\">H9<\/td><td class=\"column-4\">H11<\/td><td class=\"column-5\">LED<\/td><td class=\"column-6\">WY21W \/ WY21W<\/td><td class=\"column-7\"><\/td><td class=\"column-8\">W5W<\/td><td class=\"column-9\"><\/td><td class=\"column-10\">LED<\/td><td class=\"column-11\">LED<\/td><td class=\"column-12\">W21W<\/td><td class=\"column-13\">W16W<\/td><td class=\"column-14\">LED<\/td>\n<\/tr>\n<tr class=\"row-27 odd\">\n\t<td class=\"column-1\">RX (GLY1_, GGL15, AGL10) 12\/08 \u2192 08\/13 XENON<\/td><td class=\"column-2\">D4S<\/td><td class=\"column-3\">HB3<\/td><td class=\"column-4\">H11<\/td><td class=\"column-5\">LED<\/td><td class=\"column-6\">WY21W \/ WY21W<\/td><td class=\"column-7\"><\/td><td class=\"column-8\">W5W<\/td><td class=\"column-9\"><\/td><td class=\"column-10\">LED<\/td><td class=\"column-11\">LED<\/td><td class=\"column-12\">W21W<\/td><td class=\"column-13\">W16W<\/td><td class=\"column-14\">LED<\/td>\n<\/tr>\n<tr class=\"row-28 even\">\n\t<td class=\"column-1\">RX (GLY1_, GGL15, AGL10) 09\/13 \u2192<\/td><td class=\"column-2\">H11<\/td><td class=\"column-3\">H9<\/td><td class=\"column-4\">H16<\/td><td class=\"column-5\">LED<\/td><td class=\"column-6\">WY21W \/ WY21W<\/td><td class=\"column-7\"><\/td><td class=\"column-8\">W5W<\/td><td class=\"column-9\"><\/td><td class=\"column-10\">LED<\/td><td class=\"column-11\">LED<\/td><td class=\"column-12\">W21W<\/td><td class=\"column-13\">W16W<\/td><td class=\"column-14\">LED<\/td>\n<\/tr>\n<tr class=\"row-29 odd\">\n\t<td class=\"column-1\">RX (GLY1_, GGL15, AGL10) 09\/13 \u2192 XENON<\/td><td class=\"column-2\">D4S<\/td><td class=\"column-3\">HB3<\/td><td class=\"column-4\">H16<\/td><td class=\"column-5\">LED<\/td><td class=\"column-6\">WY21W \/ WY21W<\/td><td class=\"column-7\"><\/td><td class=\"column-8\">W5W<\/td><td class=\"column-9\"><\/td><td class=\"column-10\">LED<\/td><td class=\"column-11\">LED<\/td><td class=\"column-12\">W21W<\/td><td class=\"column-13\">W16W<\/td><td class=\"column-14\">LED<\/td>\n<\/tr>\n<tr class=\"row-30 even\">\n\t<td class=\"column-1\">SC (UZZ40_) 05\/01 \u2192 07\/10 XENON<\/td><td class=\"column-2\">D2S<\/td><td class=\"column-3\">HB3<\/td><td class=\"column-4\">H3<\/td><td class=\"column-5\"><\/td><td class=\"column-6\">PY21W \/ W21W<\/td><td class=\"column-7\">W5W<\/td><td class=\"column-8\">W5W<\/td><td class=\"column-9\"><\/td><td class=\"column-10\">W21\/5W<\/td><td class=\"column-11\">W21\/5W<\/td><td class=\"column-12\">P21W<\/td><td class=\"column-13\">W21W<\/td><td class=\"column-14\">W5W<\/td>\n<\/tr>\n<\/tbody>\n<\/table>\n\n<\/div><!-- #tablepress-56 from cache -->\n<p>M\u00f6chten Sie mehr \u00fcber Lexus und wartungsbezogene Themen wie Reifendruck, Zahnriemen-\/Kettenintervalle und Motor\u00f6l lesen? Dann lesen Sie mehr auf unserer <a href=\"https:\/\/autobaak.nl\/de\/lexus-home\/\">Lexus<\/a> Seite. F\u00fcr weitere Informationen \u00fcber Autolampen und die Unterschiede, lesen Sie bitte weiter auf unserer allgemeinen <a href=\"https:\/\/autobaak.nl\/de\/autogluhbirnen-prufen-sie-welche-gluhbirne-in-ihrem-auto-ist\/\">Fahrzeugleuchten<\/a> Seite.<\/p>\n<p>&nbsp;<\/p>\n<p>&nbsp;<\/p>\n<p>&nbsp;<\/p>","protected":false},"excerpt":{"rendered":"<p>Suchen Sie nach Gl\u00fchbirnen f\u00fcr Ihren Lexus? Sind Ihre Scheinwerfer oder R\u00fcckleuchten kaputt und m\u00fcssen ersetzt werden? In der untenstehenden \u00dcbersicht der Lexus-Gl\u00fchbirnen finden Sie die Gl\u00fchbirnen, die Sie f\u00fcr Abblendlicht, Fernlicht, Nebelscheinwerfer, Blinker, Standlicht usw. ben\u00f6tigen. Welche Autolampen Lexus Heutzutage sind die am h\u00e4ufigsten verwendeten Lampen die H4- und H7-Lampen. [...]<\/p>","protected":false},"author":1,"featured_media":0,"parent":0,"menu_order":0,"comment_status":"closed","ping_status":"closed","template":"","meta":{"_et_pb_use_builder":"","_et_pb_old_content":"","_et_gb_content_width":"","footnotes":""},"class_list":["post-154889","page","type-page","status-publish","hentry"],"yoast_head":"<!-- This site is optimized with the Yoast SEO plugin v27.3 - https:\/\/yoast.com\/product\/yoast-seo-wordpress\/ -->\n<title>Autolampen Lexus overzicht - Autobaak.nl<\/title>\n<meta name=\"robots\" content=\"index, follow, max-snippet:-1, max-image-preview:large, max-video-preview:-1\" \/>\n<link rel=\"canonical\" href=\"https:\/\/autobaak.nl\/de\/lexus-autogluhbirnen-ubersicht\/\" \/>\n<meta property=\"og:locale\" content=\"de_DE\" \/>\n<meta property=\"og:type\" content=\"article\" \/>\n<meta property=\"og:title\" content=\"Autolampen Lexus overzicht - Autobaak.nl\" \/>\n<meta property=\"og:description\" content=\"Op zoek naar lampen voor jouw Lexus ? Zijn de koplampen of achterlichten kapot en aan vervanging toe? In het autolampen Lexus overzicht hieronder vind je de lampen die je nodig hebt voor het dimlicht, grootlicht, mistlicht, de knipperlichten, parkeerlicht etc. Welke autolampen Lexus Tegenwoordig zijn de meest gebruikte lichten de H4 en H7 lampen. [&hellip;]\" \/>\n<meta property=\"og:url\" content=\"https:\/\/autobaak.nl\/de\/lexus-autogluhbirnen-ubersicht\/\" \/>\n<meta property=\"og:site_name\" content=\"Autobaak.nl\" \/>\n<meta property=\"article:modified_time\" content=\"2023-09-29T13:31:28+00:00\" \/>\n<meta property=\"og:image\" content=\"https:\/\/autobaak.nl\/wp-content\/uploads\/2023\/09\/Lampen-shop_Autobaak.nl_LargeLeaderboard_139-1.png\" \/>\n<meta name=\"twitter:card\" content=\"summary_large_image\" \/>\n<meta name=\"twitter:label1\" content=\"Gesch\u00e4tzte Lesezeit\" \/>\n\t<meta name=\"twitter:data1\" content=\"1\u00a0Minute\" \/>\n<script type=\"application\/ld+json\" class=\"yoast-schema-graph\">{\"@context\":\"https:\\\/\\\/schema.org\",\"@graph\":[{\"@type\":\"WebPage\",\"@id\":\"https:\\\/\\\/autobaak.nl\\\/autolampen-lexus-overzicht\\\/\",\"url\":\"https:\\\/\\\/autobaak.nl\\\/autolampen-lexus-overzicht\\\/\",\"name\":\"Autolampen Lexus overzicht - Autobaak.nl\",\"isPartOf\":{\"@id\":\"https:\\\/\\\/autobaak.nl\\\/#website\"},\"primaryImageOfPage\":{\"@id\":\"https:\\\/\\\/autobaak.nl\\\/autolampen-lexus-overzicht\\\/#primaryimage\"},\"image\":{\"@id\":\"https:\\\/\\\/autobaak.nl\\\/autolampen-lexus-overzicht\\\/#primaryimage\"},\"thumbnailUrl\":\"https:\\\/\\\/autobaak.nl\\\/wp-content\\\/uploads\\\/2023\\\/09\\\/Lampen-shop_Autobaak.nl_LargeLeaderboard_139-1.png\",\"datePublished\":\"2023-02-08T12:32:23+00:00\",\"dateModified\":\"2023-09-29T13:31:28+00:00\",\"breadcrumb\":{\"@id\":\"https:\\\/\\\/autobaak.nl\\\/autolampen-lexus-overzicht\\\/#breadcrumb\"},\"inLanguage\":\"de\",\"potentialAction\":[{\"@type\":\"ReadAction\",\"target\":[\"https:\\\/\\\/autobaak.nl\\\/autolampen-lexus-overzicht\\\/\"]}]},{\"@type\":\"ImageObject\",\"inLanguage\":\"de\",\"@id\":\"https:\\\/\\\/autobaak.nl\\\/autolampen-lexus-overzicht\\\/#primaryimage\",\"url\":\"https:\\\/\\\/autobaak.nl\\\/wp-content\\\/uploads\\\/2023\\\/09\\\/Lampen-shop_Autobaak.nl_LargeLeaderboard_139-1.png\",\"contentUrl\":\"https:\\\/\\\/autobaak.nl\\\/wp-content\\\/uploads\\\/2023\\\/09\\\/Lampen-shop_Autobaak.nl_LargeLeaderboard_139-1.png\"},{\"@type\":\"BreadcrumbList\",\"@id\":\"https:\\\/\\\/autobaak.nl\\\/autolampen-lexus-overzicht\\\/#breadcrumb\",\"itemListElement\":[{\"@type\":\"ListItem\",\"position\":1,\"name\":\"Home\",\"item\":\"https:\\\/\\\/autobaak.nl\\\/\"},{\"@type\":\"ListItem\",\"position\":2,\"name\":\"Autolampen Lexus overzicht\"}]},{\"@type\":\"WebSite\",\"@id\":\"https:\\\/\\\/autobaak.nl\\\/#website\",\"url\":\"https:\\\/\\\/autobaak.nl\\\/\",\"name\":\"Autobaak.nl\",\"description\":\"Cars &amp; Racing\",\"potentialAction\":[{\"@type\":\"SearchAction\",\"target\":{\"@type\":\"EntryPoint\",\"urlTemplate\":\"https:\\\/\\\/autobaak.nl\\\/?s={search_term_string}\"},\"query-input\":{\"@type\":\"PropertyValueSpecification\",\"valueRequired\":true,\"valueName\":\"search_term_string\"}}],\"inLanguage\":\"de\"}]}<\/script>\n<!-- \/ Yoast SEO plugin. -->","yoast_head_json":{"title":"Autolampen Lexus \u00dcbersicht - Autobaak.de","robots":{"index":"index","follow":"follow","max-snippet":"max-snippet:-1","max-image-preview":"max-image-preview:large","max-video-preview":"max-video-preview:-1"},"canonical":"https:\/\/autobaak.nl\/de\/lexus-autogluhbirnen-ubersicht\/","og_locale":"de_DE","og_type":"article","og_title":"Autolampen Lexus overzicht - Autobaak.nl","og_description":"Op zoek naar lampen voor jouw Lexus ? Zijn de koplampen of achterlichten kapot en aan vervanging toe? In het autolampen Lexus overzicht hieronder vind je de lampen die je nodig hebt voor het dimlicht, grootlicht, mistlicht, de knipperlichten, parkeerlicht etc. Welke autolampen Lexus Tegenwoordig zijn de meest gebruikte lichten de H4 en H7 lampen. [&hellip;]","og_url":"https:\/\/autobaak.nl\/de\/lexus-autogluhbirnen-ubersicht\/","og_site_name":"Autobaak.nl","article_modified_time":"2023-09-29T13:31:28+00:00","og_image":[{"url":"https:\/\/autobaak.nl\/wp-content\/uploads\/2023\/09\/Lampen-shop_Autobaak.nl_LargeLeaderboard_139-1.png","type":"","width":"","height":""}],"twitter_card":"summary_large_image","twitter_misc":{"Gesch\u00e4tzte Lesezeit":"1\u00a0Minute"},"schema":{"@context":"https:\/\/schema.org","@graph":[{"@type":"WebPage","@id":"https:\/\/autobaak.nl\/autolampen-lexus-overzicht\/","url":"https:\/\/autobaak.nl\/autolampen-lexus-overzicht\/","name":"Autolampen Lexus \u00dcbersicht - Autobaak.de","isPartOf":{"@id":"https:\/\/autobaak.nl\/#website"},"primaryImageOfPage":{"@id":"https:\/\/autobaak.nl\/autolampen-lexus-overzicht\/#primaryimage"},"image":{"@id":"https:\/\/autobaak.nl\/autolampen-lexus-overzicht\/#primaryimage"},"thumbnailUrl":"https:\/\/autobaak.nl\/wp-content\/uploads\/2023\/09\/Lampen-shop_Autobaak.nl_LargeLeaderboard_139-1.png","datePublished":"2023-02-08T12:32:23+00:00","dateModified":"2023-09-29T13:31:28+00:00","breadcrumb":{"@id":"https:\/\/autobaak.nl\/autolampen-lexus-overzicht\/#breadcrumb"},"inLanguage":"de","potentialAction":[{"@type":"ReadAction","target":["https:\/\/autobaak.nl\/autolampen-lexus-overzicht\/"]}]},{"@type":"ImageObject","inLanguage":"de","@id":"https:\/\/autobaak.nl\/autolampen-lexus-overzicht\/#primaryimage","url":"https:\/\/autobaak.nl\/wp-content\/uploads\/2023\/09\/Lampen-shop_Autobaak.nl_LargeLeaderboard_139-1.png","contentUrl":"https:\/\/autobaak.nl\/wp-content\/uploads\/2023\/09\/Lampen-shop_Autobaak.nl_LargeLeaderboard_139-1.png"},{"@type":"BreadcrumbList","@id":"https:\/\/autobaak.nl\/autolampen-lexus-overzicht\/#breadcrumb","itemListElement":[{"@type":"ListItem","position":1,"name":"Home","item":"https:\/\/autobaak.nl\/"},{"@type":"ListItem","position":2,"name":"Autolampen Lexus overzicht"}]},{"@type":"WebSite","@id":"https:\/\/autobaak.nl\/#website","url":"https:\/\/autobaak.nl\/","name":"Autobook.de","description":"Autos &amp; Rennsport","potentialAction":[{"@type":"SearchAction","target":{"@type":"EntryPoint","urlTemplate":"https:\/\/autobaak.nl\/?s={search_term_string}"},"query-input":{"@type":"PropertyValueSpecification","valueRequired":true,"valueName":"search_term_string"}}],"inLanguage":"de"}]}},"_links":{"self":[{"href":"https:\/\/autobaak.nl\/de\/wp-json\/wp\/v2\/pages\/154889","targetHints":{"allow":["GET"]}}],"collection":[{"href":"https:\/\/autobaak.nl\/de\/wp-json\/wp\/v2\/pages"}],"about":[{"href":"https:\/\/autobaak.nl\/de\/wp-json\/wp\/v2\/types\/page"}],"author":[{"embeddable":true,"href":"https:\/\/autobaak.nl\/de\/wp-json\/wp\/v2\/users\/1"}],"replies":[{"embeddable":true,"href":"https:\/\/autobaak.nl\/de\/wp-json\/wp\/v2\/comments?post=154889"}],"version-history":[{"count":1,"href":"https:\/\/autobaak.nl\/de\/wp-json\/wp\/v2\/pages\/154889\/revisions"}],"predecessor-version":[{"id":156798,"href":"https:\/\/autobaak.nl\/de\/wp-json\/wp\/v2\/pages\/154889\/revisions\/156798"}],"wp:attachment":[{"href":"https:\/\/autobaak.nl\/de\/wp-json\/wp\/v2\/media?parent=154889"}],"curies":[{"name":"wp","href":"https:\/\/api.w.org\/{rel}","templated":true}]}}