{"id":154892,"date":"2023-02-08T13:33:17","date_gmt":"2023-02-08T12:33:17","guid":{"rendered":"https:\/\/autobaak.nl\/?page_id=154892"},"modified":"2023-09-29T15:31:37","modified_gmt":"2023-09-29T13:31:37","slug":"autogluhbirnen-lotus-ubersicht","status":"publish","type":"page","link":"https:\/\/autobaak.nl\/de\/autogluhbirnen-lotus-ubersicht\/","title":{"rendered":"Autolampen Lotus \u00dcbersicht"},"content":{"rendered":"<p class=\"entry-title main_title\">Suchen Sie nach Gl\u00fchbirnen f\u00fcr Ihren Lotus? Sind Ihre Scheinwerfer oder R\u00fccklichter kaputt und m\u00fcssen ersetzt werden? Im<strong> Autolampen Lotus \u00dcbersicht<\/strong> Nachstehend finden Sie die Gl\u00fchbirnen, die Sie f\u00fcr Abblendlicht, Fernlicht, Nebelscheinwerfer, Blinker, Standlicht usw. ben\u00f6tigen.<\/p>\n<h2 class=\"entry-title main_title\">Welche Autoscheinwerfer Lotus<\/h2>\n<p class=\"entry-title main_title\">Heutzutage werden am h\u00e4ufigsten H4- und H7-Gl\u00fchbirnen verwendet. Bei den neueren Modellen werden auch h\u00e4ufig LED-Leuchten verwendet. Hinter den Modellen ist in Klammern das Herstellungsjahr des Modells angegeben; dies ist das Jahr der Einf\u00fchrung des jeweiligen Modells. Verwenden Sie die Suchfunktion oben in der \u00dcbersicht der Autolampen Lotus, um Ihr Modell schnell zu finden.<\/p>\n<p><a href=\"https:\/\/autobaak.nl\/de\/produktkategorie\/fahrzeugleuchten\/\"><img loading=\"lazy\" decoding=\"async\" class=\"aligncenter size-full wp-image-156730\" src=\"https:\/\/autobaak.nl\/wp-content\/uploads\/2023\/09\/Lampen-shop_Autobaak.nl_LargeLeaderboard_139-1.png\" alt=\"\" width=\"970\" height=\"90\" srcset=\"https:\/\/autobaak.nl\/wp-content\/uploads\/2023\/09\/Lampen-shop_Autobaak.nl_LargeLeaderboard_139-1.png 970w, https:\/\/autobaak.nl\/wp-content\/uploads\/2023\/09\/Lampen-shop_Autobaak.nl_LargeLeaderboard_139-1-480x45.png 480w\" sizes=\"(min-width: 0px) and (max-width: 480px) 480px, (min-width: 481px) 970px, 100vw\" \/><\/a><\/p>\n<h3>\u00dcbersicht der Lampen f\u00fcr Lotus<\/h3>\n<div id=\"tablepress-55-scroll-wrapper\" class=\"tablepress-scroll-wrapper\">\n\n<table id=\"tablepress-55\" class=\"tablepress tablepress-id-55 tablepress-responsive\">\n<thead>\n<tr class=\"row-1 odd\">\n\t<th class=\"column-1\">LOTUS<\/th><th class=\"column-2\">Abblendlicht<\/th><th class=\"column-3\">Fernlicht<\/th><th class=\"column-4\">Nebelscheinwerfer<\/th><th class=\"column-5\">Tagfahrlicht<\/th><th class=\"column-6\">Blinker vorne\/hinten<\/th><th class=\"column-7\">Seitliche Blinkleuchte<\/th><th class=\"column-8\">Lampe positionieren<\/th><th class=\"column-9\">Bremslicht<\/th><th class=\"column-10\">Bremslicht<\/th><th class=\"column-11\">R\u00fccklicht<\/th><th class=\"column-12\">Nebelschlussleuchte<\/th><th class=\"column-13\">R\u00fcckfahrscheinwerfer<\/th><th class=\"column-14\">Nummernschildbeleuchtung<\/th>\n<\/tr>\n<\/thead>\n<tbody class=\"row-hover\">\n<tr class=\"row-2 even\">\n\t<td class=\"column-1\">ELISE 08\/95 \u2192 11\/00<\/td><td class=\"column-2\">H7<\/td><td class=\"column-3\">H1<\/td><td class=\"column-4\"><\/td><td class=\"column-5\"><\/td><td class=\"column-6\">P21W \/ P21W<\/td><td class=\"column-7\"><\/td><td class=\"column-8\">W5W<\/td><td class=\"column-9\"><\/td><td class=\"column-10\">P21\/4W<\/td><td class=\"column-11\">P21\/4W<\/td><td class=\"column-12\">P21\/4W<\/td><td class=\"column-13\">P21W<\/td><td class=\"column-14\">R5W<\/td>\n<\/tr>\n<tr class=\"row-3 odd\">\n\t<td class=\"column-1\">ELISE 11\/00 \u2192.<\/td><td class=\"column-2\">H7<\/td><td class=\"column-3\">H7<\/td><td class=\"column-4\">H1<\/td><td class=\"column-5\"><\/td><td class=\"column-6\">P21W \/ P21W<\/td><td class=\"column-7\">W5W<\/td><td class=\"column-8\">W5W<\/td><td class=\"column-9\"><\/td><td class=\"column-10\">P21\/4W<\/td><td class=\"column-11\">P21\/4W<\/td><td class=\"column-12\">P21\/4W<\/td><td class=\"column-13\">P21W<\/td><td class=\"column-14\">R5W<\/td>\n<\/tr>\n<tr class=\"row-4 even\">\n\t<td class=\"column-1\">ESPRIT S4 (082) 05\/89 \u2192 06\/03<\/td><td class=\"column-2\">H4<\/td><td class=\"column-3\">H4<\/td><td class=\"column-4\">H3<\/td><td class=\"column-5\"><\/td><td class=\"column-6\">P21W \/ P21W<\/td><td class=\"column-7\">W5W<\/td><td class=\"column-8\">W5W<\/td><td class=\"column-9\"><\/td><td class=\"column-10\">P21\/5W<\/td><td class=\"column-11\">P21\/5W<\/td><td class=\"column-12\">P21W<\/td><td class=\"column-13\">P21W<\/td><td class=\"column-14\">R5W<\/td>\n<\/tr>\n<\/tbody>\n<\/table>\n\n<\/div><!-- #tablepress-55 from cache -->\n<p>F\u00fcr weitere Informationen \u00fcber Autolampen und die Unterschiede, lesen Sie bitte weiter auf unserer allgemeinen <a href=\"https:\/\/autobaak.nl\/de\/autogluhbirnen-prufen-sie-welche-gluhbirne-in-ihrem-auto-ist\/\">Fahrzeugleuchten<\/a> Seite.<\/p>\n<p>&nbsp;<\/p>\n<p>&nbsp;<\/p>","protected":false},"excerpt":{"rendered":"<p>Suchen Sie nach Gl\u00fchbirnen f\u00fcr Ihren Lotus? Sind Ihre Scheinwerfer oder R\u00fcckleuchten kaputt und m\u00fcssen ersetzt werden? In der untenstehenden \u00dcbersicht der Autolampen Lotus finden Sie die Lampen, die Sie f\u00fcr Abblendlicht, Fernlicht, Nebelscheinwerfer, Blinker, Standlicht usw. ben\u00f6tigen. Welche Autolampen Lotus Heutzutage sind die am h\u00e4ufigsten verwendeten Lampen die H4- und H7-Lampen. [...]<\/p>","protected":false},"author":1,"featured_media":0,"parent":0,"menu_order":0,"comment_status":"closed","ping_status":"closed","template":"","meta":{"_et_pb_use_builder":"","_et_pb_old_content":"","_et_gb_content_width":"","footnotes":""},"class_list":["post-154892","page","type-page","status-publish","hentry"],"yoast_head":"<!-- This site is optimized with the Yoast SEO plugin v27.4 - https:\/\/yoast.com\/product\/yoast-seo-wordpress\/ -->\n<title>Autolampen Lotus overzicht - Autobaak.nl<\/title>\n<meta name=\"robots\" content=\"index, follow, max-snippet:-1, max-image-preview:large, max-video-preview:-1\" \/>\n<link rel=\"canonical\" href=\"https:\/\/autobaak.nl\/de\/autogluhbirnen-lotus-ubersicht\/\" \/>\n<meta property=\"og:locale\" content=\"de_DE\" \/>\n<meta property=\"og:type\" content=\"article\" \/>\n<meta property=\"og:title\" content=\"Autolampen Lotus overzicht - Autobaak.nl\" \/>\n<meta property=\"og:description\" content=\"Op zoek naar lampen voor jouw Lotus ? Zijn de koplampen of achterlichten kapot en aan vervanging toe? In het autolampen Lotus overzicht hieronder vind je de lampen die je nodig hebt voor het dimlicht, grootlicht, mistlicht, de knipperlichten, parkeerlicht etc. Welke autolampen Lotus Tegenwoordig zijn de meest gebruikte lichten de H4 en H7 lampen. [&hellip;]\" \/>\n<meta property=\"og:url\" content=\"https:\/\/autobaak.nl\/de\/autogluhbirnen-lotus-ubersicht\/\" \/>\n<meta property=\"og:site_name\" content=\"Autobaak.nl\" \/>\n<meta property=\"article:modified_time\" content=\"2023-09-29T13:31:37+00:00\" \/>\n<meta property=\"og:image\" content=\"https:\/\/autobaak.nl\/wp-content\/uploads\/2023\/09\/Lampen-shop_Autobaak.nl_LargeLeaderboard_139-1.png\" \/>\n<meta name=\"twitter:card\" content=\"summary_large_image\" \/>\n<meta name=\"twitter:label1\" content=\"Gesch\u00e4tzte Lesezeit\" \/>\n\t<meta name=\"twitter:data1\" content=\"1\u00a0Minute\" \/>\n<script type=\"application\/ld+json\" class=\"yoast-schema-graph\">{\"@context\":\"https:\\\/\\\/schema.org\",\"@graph\":[{\"@type\":\"WebPage\",\"@id\":\"https:\\\/\\\/autobaak.nl\\\/autolampen-lotus-overzicht\\\/\",\"url\":\"https:\\\/\\\/autobaak.nl\\\/autolampen-lotus-overzicht\\\/\",\"name\":\"Autolampen Lotus overzicht - Autobaak.nl\",\"isPartOf\":{\"@id\":\"https:\\\/\\\/autobaak.nl\\\/#website\"},\"primaryImageOfPage\":{\"@id\":\"https:\\\/\\\/autobaak.nl\\\/autolampen-lotus-overzicht\\\/#primaryimage\"},\"image\":{\"@id\":\"https:\\\/\\\/autobaak.nl\\\/autolampen-lotus-overzicht\\\/#primaryimage\"},\"thumbnailUrl\":\"https:\\\/\\\/autobaak.nl\\\/wp-content\\\/uploads\\\/2023\\\/09\\\/Lampen-shop_Autobaak.nl_LargeLeaderboard_139-1.png\",\"datePublished\":\"2023-02-08T12:33:17+00:00\",\"dateModified\":\"2023-09-29T13:31:37+00:00\",\"breadcrumb\":{\"@id\":\"https:\\\/\\\/autobaak.nl\\\/autolampen-lotus-overzicht\\\/#breadcrumb\"},\"inLanguage\":\"de\",\"potentialAction\":[{\"@type\":\"ReadAction\",\"target\":[\"https:\\\/\\\/autobaak.nl\\\/autolampen-lotus-overzicht\\\/\"]}]},{\"@type\":\"ImageObject\",\"inLanguage\":\"de\",\"@id\":\"https:\\\/\\\/autobaak.nl\\\/autolampen-lotus-overzicht\\\/#primaryimage\",\"url\":\"https:\\\/\\\/autobaak.nl\\\/wp-content\\\/uploads\\\/2023\\\/09\\\/Lampen-shop_Autobaak.nl_LargeLeaderboard_139-1.png\",\"contentUrl\":\"https:\\\/\\\/autobaak.nl\\\/wp-content\\\/uploads\\\/2023\\\/09\\\/Lampen-shop_Autobaak.nl_LargeLeaderboard_139-1.png\"},{\"@type\":\"BreadcrumbList\",\"@id\":\"https:\\\/\\\/autobaak.nl\\\/autolampen-lotus-overzicht\\\/#breadcrumb\",\"itemListElement\":[{\"@type\":\"ListItem\",\"position\":1,\"name\":\"Home\",\"item\":\"https:\\\/\\\/autobaak.nl\\\/\"},{\"@type\":\"ListItem\",\"position\":2,\"name\":\"Autolampen Lotus overzicht\"}]},{\"@type\":\"WebSite\",\"@id\":\"https:\\\/\\\/autobaak.nl\\\/#website\",\"url\":\"https:\\\/\\\/autobaak.nl\\\/\",\"name\":\"Autobaak.nl\",\"description\":\"Cars &amp; Racing\",\"potentialAction\":[{\"@type\":\"SearchAction\",\"target\":{\"@type\":\"EntryPoint\",\"urlTemplate\":\"https:\\\/\\\/autobaak.nl\\\/?s={search_term_string}\"},\"query-input\":{\"@type\":\"PropertyValueSpecification\",\"valueRequired\":true,\"valueName\":\"search_term_string\"}}],\"inLanguage\":\"de\"}]}<\/script>\n<!-- \/ Yoast SEO plugin. -->","yoast_head_json":{"title":"Autolampen Lotus \u00dcbersicht - Autobaak.de","robots":{"index":"index","follow":"follow","max-snippet":"max-snippet:-1","max-image-preview":"max-image-preview:large","max-video-preview":"max-video-preview:-1"},"canonical":"https:\/\/autobaak.nl\/de\/autogluhbirnen-lotus-ubersicht\/","og_locale":"de_DE","og_type":"article","og_title":"Autolampen Lotus overzicht - Autobaak.nl","og_description":"Op zoek naar lampen voor jouw Lotus ? Zijn de koplampen of achterlichten kapot en aan vervanging toe? In het autolampen Lotus overzicht hieronder vind je de lampen die je nodig hebt voor het dimlicht, grootlicht, mistlicht, de knipperlichten, parkeerlicht etc. Welke autolampen Lotus Tegenwoordig zijn de meest gebruikte lichten de H4 en H7 lampen. [&hellip;]","og_url":"https:\/\/autobaak.nl\/de\/autogluhbirnen-lotus-ubersicht\/","og_site_name":"Autobaak.nl","article_modified_time":"2023-09-29T13:31:37+00:00","og_image":[{"url":"https:\/\/autobaak.nl\/wp-content\/uploads\/2023\/09\/Lampen-shop_Autobaak.nl_LargeLeaderboard_139-1.png","type":"","width":"","height":""}],"twitter_card":"summary_large_image","twitter_misc":{"Gesch\u00e4tzte Lesezeit":"1\u00a0Minute"},"schema":{"@context":"https:\/\/schema.org","@graph":[{"@type":"WebPage","@id":"https:\/\/autobaak.nl\/autolampen-lotus-overzicht\/","url":"https:\/\/autobaak.nl\/autolampen-lotus-overzicht\/","name":"Autolampen Lotus \u00dcbersicht - Autobaak.de","isPartOf":{"@id":"https:\/\/autobaak.nl\/#website"},"primaryImageOfPage":{"@id":"https:\/\/autobaak.nl\/autolampen-lotus-overzicht\/#primaryimage"},"image":{"@id":"https:\/\/autobaak.nl\/autolampen-lotus-overzicht\/#primaryimage"},"thumbnailUrl":"https:\/\/autobaak.nl\/wp-content\/uploads\/2023\/09\/Lampen-shop_Autobaak.nl_LargeLeaderboard_139-1.png","datePublished":"2023-02-08T12:33:17+00:00","dateModified":"2023-09-29T13:31:37+00:00","breadcrumb":{"@id":"https:\/\/autobaak.nl\/autolampen-lotus-overzicht\/#breadcrumb"},"inLanguage":"de","potentialAction":[{"@type":"ReadAction","target":["https:\/\/autobaak.nl\/autolampen-lotus-overzicht\/"]}]},{"@type":"ImageObject","inLanguage":"de","@id":"https:\/\/autobaak.nl\/autolampen-lotus-overzicht\/#primaryimage","url":"https:\/\/autobaak.nl\/wp-content\/uploads\/2023\/09\/Lampen-shop_Autobaak.nl_LargeLeaderboard_139-1.png","contentUrl":"https:\/\/autobaak.nl\/wp-content\/uploads\/2023\/09\/Lampen-shop_Autobaak.nl_LargeLeaderboard_139-1.png"},{"@type":"BreadcrumbList","@id":"https:\/\/autobaak.nl\/autolampen-lotus-overzicht\/#breadcrumb","itemListElement":[{"@type":"ListItem","position":1,"name":"Home","item":"https:\/\/autobaak.nl\/"},{"@type":"ListItem","position":2,"name":"Autolampen Lotus overzicht"}]},{"@type":"WebSite","@id":"https:\/\/autobaak.nl\/#website","url":"https:\/\/autobaak.nl\/","name":"Autobook.de","description":"Autos &amp; Rennsport","potentialAction":[{"@type":"SearchAction","target":{"@type":"EntryPoint","urlTemplate":"https:\/\/autobaak.nl\/?s={search_term_string}"},"query-input":{"@type":"PropertyValueSpecification","valueRequired":true,"valueName":"search_term_string"}}],"inLanguage":"de"}]}},"_links":{"self":[{"href":"https:\/\/autobaak.nl\/de\/wp-json\/wp\/v2\/pages\/154892","targetHints":{"allow":["GET"]}}],"collection":[{"href":"https:\/\/autobaak.nl\/de\/wp-json\/wp\/v2\/pages"}],"about":[{"href":"https:\/\/autobaak.nl\/de\/wp-json\/wp\/v2\/types\/page"}],"author":[{"embeddable":true,"href":"https:\/\/autobaak.nl\/de\/wp-json\/wp\/v2\/users\/1"}],"replies":[{"embeddable":true,"href":"https:\/\/autobaak.nl\/de\/wp-json\/wp\/v2\/comments?post=154892"}],"version-history":[{"count":1,"href":"https:\/\/autobaak.nl\/de\/wp-json\/wp\/v2\/pages\/154892\/revisions"}],"predecessor-version":[{"id":156799,"href":"https:\/\/autobaak.nl\/de\/wp-json\/wp\/v2\/pages\/154892\/revisions\/156799"}],"wp:attachment":[{"href":"https:\/\/autobaak.nl\/de\/wp-json\/wp\/v2\/media?parent=154892"}],"curies":[{"name":"wp","href":"https:\/\/api.w.org\/{rel}","templated":true}]}}