{"id":154912,"date":"2023-02-08T13:42:03","date_gmt":"2023-02-08T12:42:03","guid":{"rendered":"https:\/\/autobaak.nl\/?page_id=154912"},"modified":"2023-09-29T15:33:49","modified_gmt":"2023-09-29T13:33:49","slug":"autozwiebeln-porsche-ubersicht","status":"publish","type":"page","link":"https:\/\/autobaak.nl\/de\/autozwiebeln-porsche-ubersicht\/","title":{"rendered":"Autozwiebeln Porsche \u00dcbersicht"},"content":{"rendered":"<p class=\"entry-title main_title\">Suchen Sie nach Gl\u00fchbirnen f\u00fcr Ihren Porsche? Sind Ihre Scheinwerfer oder R\u00fccklichter kaputt und m\u00fcssen ersetzt werden? Im<strong> Autolampen Porsche \u00dcbersicht<\/strong> Nachstehend finden Sie die Gl\u00fchbirnen, die Sie f\u00fcr Abblendlicht, Fernlicht, Nebelscheinwerfer, Blinker, Standlicht usw. ben\u00f6tigen.<\/p>\n<h2 class=\"entry-title main_title\">Welche Autoscheinwerfer Porsche<\/h2>\n<p class=\"entry-title main_title\">Heutzutage werden am h\u00e4ufigsten H4- und H7-Gl\u00fchbirnen verwendet. Bei den neueren Modellen werden auch h\u00e4ufig LED-Leuchten verwendet. Hinter den Modellen ist in Klammern das Herstellungsjahr des Modells angegeben; dies ist das Jahr der Einf\u00fchrung dieses Modells. Nutzen Sie die Suchfunktion oben in der Porsche Autolampen-\u00dcbersicht, um Ihr Modell schnell zu finden.<\/p>\n<p><a href=\"https:\/\/autobaak.nl\/de\/produktkategorie\/fahrzeugleuchten\/\"><img loading=\"lazy\" decoding=\"async\" class=\"aligncenter size-full wp-image-156730\" src=\"https:\/\/autobaak.nl\/wp-content\/uploads\/2023\/09\/Lampen-shop_Autobaak.nl_LargeLeaderboard_139-1.png\" alt=\"\" width=\"970\" height=\"90\" srcset=\"https:\/\/autobaak.nl\/wp-content\/uploads\/2023\/09\/Lampen-shop_Autobaak.nl_LargeLeaderboard_139-1.png 970w, https:\/\/autobaak.nl\/wp-content\/uploads\/2023\/09\/Lampen-shop_Autobaak.nl_LargeLeaderboard_139-1-480x45.png 480w\" sizes=\"(min-width: 0px) and (max-width: 480px) 480px, (min-width: 481px) 970px, 100vw\" \/><\/a><\/p>\n<h3>\u00dcbersicht der Gl\u00fchlampen f\u00fcr Porsche<\/h3>\n<div id=\"tablepress-44-scroll-wrapper\" class=\"tablepress-scroll-wrapper\">\n\n<table id=\"tablepress-44\" class=\"tablepress tablepress-id-44 tablepress-responsive\">\n<thead>\n<tr class=\"row-1 odd\">\n\t<th class=\"column-1\">PORSCHE<\/th><th class=\"column-2\">Abblendlicht<\/th><th class=\"column-3\">Fernlicht<\/th><th class=\"column-4\">Nebelscheinwerfer<\/th><th class=\"column-5\">Tagfahrlicht<\/th><th class=\"column-6\">Blinker vorne\/hinten<\/th><th class=\"column-7\">Seitliche Blinkleuchte<\/th><th class=\"column-8\">Lampe positionieren<\/th><th class=\"column-9\">Bremslicht<\/th><th class=\"column-10\">Bremslicht<\/th><th class=\"column-11\">R\u00fccklicht<\/th><th class=\"column-12\">Nebelschlussleuchte<\/th><th class=\"column-13\">R\u00fcckfahrscheinwerfer<\/th><th class=\"column-14\">Nummernschildbeleuchtung<\/th>\n<\/tr>\n<\/thead>\n<tbody class=\"row-hover\">\n<tr class=\"row-2 even\">\n\t<td class=\"column-1\">911 (993) 10\/93 \u2192 09\/97<\/td><td class=\"column-2\">H1<\/td><td class=\"column-3\">H1<\/td><td class=\"column-4\">H3<\/td><td class=\"column-5\"><\/td><td class=\"column-6\">P21W \/ P21W<\/td><td class=\"column-7\">W5W<\/td><td class=\"column-8\">T4W<\/td><td class=\"column-9\"><\/td><td class=\"column-10\">P21\/5W<\/td><td class=\"column-11\">P21\/5W<\/td><td class=\"column-12\">P21W<\/td><td class=\"column-13\">P21W<\/td><td class=\"column-14\">C5W<\/td>\n<\/tr>\n<tr class=\"row-3 odd\">\n\t<td class=\"column-1\">911 (993) 10\/93 \u2192 09\/97 XENON<\/td><td class=\"column-2\">D2S<\/td><td class=\"column-3\">H1<\/td><td class=\"column-4\">H3<\/td><td class=\"column-5\"><\/td><td class=\"column-6\">P21W \/ P21W<\/td><td class=\"column-7\">W5W<\/td><td class=\"column-8\">T4W<\/td><td class=\"column-9\"><\/td><td class=\"column-10\">P21\/5W<\/td><td class=\"column-11\">P21\/5W<\/td><td class=\"column-12\">P21W<\/td><td class=\"column-13\">P21W<\/td><td class=\"column-14\">C5W<\/td>\n<\/tr>\n<tr class=\"row-4 even\">\n\t<td class=\"column-1\">911 (993) Cabrio, Targa 01\/94 \u2192 09\/97<\/td><td class=\"column-2\">H1<\/td><td class=\"column-3\">H1<\/td><td class=\"column-4\">H3<\/td><td class=\"column-5\"><\/td><td class=\"column-6\">P21W \/ P21W<\/td><td class=\"column-7\">W5W<\/td><td class=\"column-8\">T4W<\/td><td class=\"column-9\"><\/td><td class=\"column-10\">P21\/5W<\/td><td class=\"column-11\">P21\/5W<\/td><td class=\"column-12\">P21W<\/td><td class=\"column-13\">P21W<\/td><td class=\"column-14\">C5W<\/td>\n<\/tr>\n<tr class=\"row-5 odd\">\n\t<td class=\"column-1\">911 (993) Cabrio, Targa 01\/94 \u2192 09\/97 XENON<\/td><td class=\"column-2\">D2S<\/td><td class=\"column-3\">H1<\/td><td class=\"column-4\">H3<\/td><td class=\"column-5\"><\/td><td class=\"column-6\">P21W \/ P21W<\/td><td class=\"column-7\">W5W<\/td><td class=\"column-8\">T4W<\/td><td class=\"column-9\"><\/td><td class=\"column-10\">P21\/5W<\/td><td class=\"column-11\">P21\/5W<\/td><td class=\"column-12\">P21W<\/td><td class=\"column-13\">P21W<\/td><td class=\"column-14\">C5W<\/td>\n<\/tr>\n<tr class=\"row-6 even\">\n\t<td class=\"column-1\">911 (996) 09\/97 \u2192 12\/01<\/td><td class=\"column-2\">H7<\/td><td class=\"column-3\">H7<\/td><td class=\"column-4\">H7<\/td><td class=\"column-5\"><\/td><td class=\"column-6\">PY21W \/ PY21W<\/td><td class=\"column-7\">W5W \/ WY5W<\/td><td class=\"column-8\">W5W<\/td><td class=\"column-9\"><\/td><td class=\"column-10\">P21W<\/td><td class=\"column-11\">R5W<\/td><td class=\"column-12\">P21W<\/td><td class=\"column-13\">P21W<\/td><td class=\"column-14\">C5W<\/td>\n<\/tr>\n<tr class=\"row-7 odd\">\n\t<td class=\"column-1\">911 (996) 09\/97 \u2192 12\/01 XENON<\/td><td class=\"column-2\">D2S<\/td><td class=\"column-3\">H7<\/td><td class=\"column-4\">H7<\/td><td class=\"column-5\"><\/td><td class=\"column-6\">PY21W \/ PY21W<\/td><td class=\"column-7\">W5W \/ WY5W<\/td><td class=\"column-8\">W5W<\/td><td class=\"column-9\"><\/td><td class=\"column-10\">P21W<\/td><td class=\"column-11\">R5W<\/td><td class=\"column-12\">P21W<\/td><td class=\"column-13\">P21W<\/td><td class=\"column-14\">C5W<\/td>\n<\/tr>\n<tr class=\"row-8 even\">\n\t<td class=\"column-1\">911 (996) 09\/97 \u2192 12\/01 BI-XENON<\/td><td class=\"column-2\">D2S<\/td><td class=\"column-3\">D2S<\/td><td class=\"column-4\">H7<\/td><td class=\"column-5\"><\/td><td class=\"column-6\">PY21W \/ PY21W<\/td><td class=\"column-7\">W5W \/ WY5W<\/td><td class=\"column-8\">W5W<\/td><td class=\"column-9\"><\/td><td class=\"column-10\">P21W<\/td><td class=\"column-11\">R5W<\/td><td class=\"column-12\">P21W<\/td><td class=\"column-13\">P21W<\/td><td class=\"column-14\">C5W<\/td>\n<\/tr>\n<tr class=\"row-9 odd\">\n\t<td class=\"column-1\">911 (996) 12\/01 \u2192<\/td><td class=\"column-2\">H1<\/td><td class=\"column-3\">H9<\/td><td class=\"column-4\">H3<\/td><td class=\"column-5\"><\/td><td class=\"column-6\">PY21W \/ PY21W<\/td><td class=\"column-7\">W5W \/ WY5W<\/td><td class=\"column-8\">H6W<\/td><td class=\"column-9\"><\/td><td class=\"column-10\">P21W<\/td><td class=\"column-11\">R5W<\/td><td class=\"column-12\">P21W<\/td><td class=\"column-13\">P21W<\/td><td class=\"column-14\">C5W<\/td>\n<\/tr>\n<tr class=\"row-10 even\">\n\t<td class=\"column-1\">911 (996) 09\/97 \u2192 12\/01 XENON<\/td><td class=\"column-2\">D2S<\/td><td class=\"column-3\">H7<\/td><td class=\"column-4\">H7<\/td><td class=\"column-5\"><\/td><td class=\"column-6\">PY21W \/ PY21W<\/td><td class=\"column-7\">W5W \/ WY5W<\/td><td class=\"column-8\">W5W<\/td><td class=\"column-9\"><\/td><td class=\"column-10\">P21W<\/td><td class=\"column-11\">R5W<\/td><td class=\"column-12\">P21W<\/td><td class=\"column-13\">P21W<\/td><td class=\"column-14\">C5W<\/td>\n<\/tr>\n<tr class=\"row-11 odd\">\n\t<td class=\"column-1\">911 (996) 09\/97 \u2192 12\/01 BI-XENON<\/td><td class=\"column-2\">D2S<\/td><td class=\"column-3\">D2S<\/td><td class=\"column-4\">H7<\/td><td class=\"column-5\"><\/td><td class=\"column-6\">PY21W \/ PY21W<\/td><td class=\"column-7\">W5W \/ WY5W<\/td><td class=\"column-8\">W5W<\/td><td class=\"column-9\"><\/td><td class=\"column-10\">P21W<\/td><td class=\"column-11\">R5W<\/td><td class=\"column-12\">P21W<\/td><td class=\"column-13\">P21W<\/td><td class=\"column-14\">C5W<\/td>\n<\/tr>\n<tr class=\"row-12 even\">\n\t<td class=\"column-1\">911 (996) Cabrio 02\/98 \u2192 08\/05<\/td><td class=\"column-2\">H7<\/td><td class=\"column-3\">H7<\/td><td class=\"column-4\">H3<\/td><td class=\"column-5\"><\/td><td class=\"column-6\">PY21W \/ PY21W<\/td><td class=\"column-7\">W5W \/ WY5W<\/td><td class=\"column-8\">W5W \/ H6W<\/td><td class=\"column-9\">W3W<\/td><td class=\"column-10\">P21W<\/td><td class=\"column-11\">R5W<\/td><td class=\"column-12\">P21W<\/td><td class=\"column-13\">P21W<\/td><td class=\"column-14\">C5W<\/td>\n<\/tr>\n<tr class=\"row-13 odd\">\n\t<td class=\"column-1\">911 (996) Cabrio 02\/98 \u2192 08\/05 XENON<\/td><td class=\"column-2\">D2S<\/td><td class=\"column-3\">H9 \/ H11<\/td><td class=\"column-4\">H7<\/td><td class=\"column-5\"><\/td><td class=\"column-6\">PY21W \/ PY21W<\/td><td class=\"column-7\">W5W \/ WY5W<\/td><td class=\"column-8\">W5W \/ H6W<\/td><td class=\"column-9\">W3W<\/td><td class=\"column-10\">P21W<\/td><td class=\"column-11\">R5W<\/td><td class=\"column-12\">P21W<\/td><td class=\"column-13\">P21W<\/td><td class=\"column-14\">C5W<\/td>\n<\/tr>\n<tr class=\"row-14 even\">\n\t<td class=\"column-1\">911 (996) Cabrio 02\/98 \u2192 08\/05 BI-XENON<\/td><td class=\"column-2\">D2S<\/td><td class=\"column-3\">D2S<\/td><td class=\"column-4\">H7<\/td><td class=\"column-5\"><\/td><td class=\"column-6\">PY21W \/ PY21W<\/td><td class=\"column-7\">W5W \/ WY5W<\/td><td class=\"column-8\">W5W \/ H6W<\/td><td class=\"column-9\">W3W<\/td><td class=\"column-10\">P21W<\/td><td class=\"column-11\">R5W<\/td><td class=\"column-12\">P21W<\/td><td class=\"column-13\">P21W<\/td><td class=\"column-14\">C5W<\/td>\n<\/tr>\n<tr class=\"row-15 odd\">\n\t<td class=\"column-1\">911 (996) Targa 12\/01 \u2192 08\/05<\/td><td class=\"column-2\">H7<\/td><td class=\"column-3\">H9 \/ H11<\/td><td class=\"column-4\">H3<\/td><td class=\"column-5\"><\/td><td class=\"column-6\">PY21W \/ PY21W<\/td><td class=\"column-7\">WY5W<\/td><td class=\"column-8\">H6W<\/td><td class=\"column-9\">W3W<\/td><td class=\"column-10\">P21W<\/td><td class=\"column-11\">R5W<\/td><td class=\"column-12\">P21W<\/td><td class=\"column-13\">P21W<\/td><td class=\"column-14\">C5W<\/td>\n<\/tr>\n<tr class=\"row-16 even\">\n\t<td class=\"column-1\">911 (996) Targa 12\/01 \u2192 08\/05 XENON<\/td><td class=\"column-2\"><\/td><td class=\"column-3\"><\/td><td class=\"column-4\">H3<\/td><td class=\"column-5\"><\/td><td class=\"column-6\">PY21W \/ PY21W<\/td><td class=\"column-7\">WY5W<\/td><td class=\"column-8\">H6W<\/td><td class=\"column-9\">W3W<\/td><td class=\"column-10\">P21W<\/td><td class=\"column-11\">R5W<\/td><td class=\"column-12\">P21W<\/td><td class=\"column-13\">P21W<\/td><td class=\"column-14\">C5W<\/td>\n<\/tr>\n<tr class=\"row-17 odd\">\n\t<td class=\"column-1\">911 (996) Targa 12\/01 \u2192 08\/05 BI-XENON<\/td><td class=\"column-2\">D2S<\/td><td class=\"column-3\">D2S<\/td><td class=\"column-4\">H3<\/td><td class=\"column-5\"><\/td><td class=\"column-6\">PY21W \/ PY21W<\/td><td class=\"column-7\">WY5W<\/td><td class=\"column-8\">H6W<\/td><td class=\"column-9\">W3W<\/td><td class=\"column-10\">P21W<\/td><td class=\"column-11\">R5W<\/td><td class=\"column-12\">P21W<\/td><td class=\"column-13\">P21W<\/td><td class=\"column-14\">C5W<\/td>\n<\/tr>\n<tr class=\"row-18 even\">\n\t<td class=\"column-1\">911 (997) 07\/04 \u2192 BREMS-\/R\u00dcCKFAHRLICHT<\/td><td class=\"column-2\">H7<\/td><td class=\"column-3\">H9<\/td><td class=\"column-4\">H8<\/td><td class=\"column-5\"><\/td><td class=\"column-6\">PY21W \/ PY21W<\/td><td class=\"column-7\">WY5W<\/td><td class=\"column-8\">W5W<\/td><td class=\"column-9\"><\/td><td class=\"column-10\">P21\/5W<\/td><td class=\"column-11\">P21\/5W<\/td><td class=\"column-12\">P21\/4W<\/td><td class=\"column-13\">P21W<\/td><td class=\"column-14\">C5W<\/td>\n<\/tr>\n<tr class=\"row-19 odd\">\n\t<td class=\"column-1\">911 (997) 07\/04 \u2192 NEBEL-\/R\u00dcCKLICHT<\/td><td class=\"column-2\">H7<\/td><td class=\"column-3\">H9<\/td><td class=\"column-4\">H8<\/td><td class=\"column-5\"><\/td><td class=\"column-6\">PY21W \/ PY21W<\/td><td class=\"column-7\">WY5W<\/td><td class=\"column-8\">W5W<\/td><td class=\"column-9\"><\/td><td class=\"column-10\">P21\/5W<\/td><td class=\"column-11\">P21\/4W<\/td><td class=\"column-12\">P21\/4W<\/td><td class=\"column-13\">P21W<\/td><td class=\"column-14\">C5W<\/td>\n<\/tr>\n<tr class=\"row-20 even\">\n\t<td class=\"column-1\">911 Targa (997) 07\/06 \u2192.<\/td><td class=\"column-2\">H7<\/td><td class=\"column-3\">H9 \/ H11<\/td><td class=\"column-4\">H8<\/td><td class=\"column-5\"><\/td><td class=\"column-6\">PY21W \/ PY21W<\/td><td class=\"column-7\">WY5W<\/td><td class=\"column-8\">W5W<\/td><td class=\"column-9\"><\/td><td class=\"column-10\">P21\/4W<\/td><td class=\"column-11\">P21\/4W<\/td><td class=\"column-12\">P21\/4W<\/td><td class=\"column-13\">P21W<\/td><td class=\"column-14\">C5W<\/td>\n<\/tr>\n<tr class=\"row-21 odd\">\n\t<td class=\"column-1\">911 Targa (997) 07\/06 \u2192 BI-XENON<\/td><td class=\"column-2\">D2S<\/td><td class=\"column-3\">D2S<\/td><td class=\"column-4\">H8<\/td><td class=\"column-5\"><\/td><td class=\"column-6\">PY21W \/ PY21W<\/td><td class=\"column-7\">WY5W<\/td><td class=\"column-8\">W5W<\/td><td class=\"column-9\"><\/td><td class=\"column-10\">P21\/4W<\/td><td class=\"column-11\">P21\/4W<\/td><td class=\"column-12\">P21\/4W<\/td><td class=\"column-13\">P21W<\/td><td class=\"column-14\">C5W<\/td>\n<\/tr>\n<tr class=\"row-22 even\">\n\t<td class=\"column-1\">911 (991) 12\/11 \u2192 BI-XENON<\/td><td class=\"column-2\">D3S<\/td><td class=\"column-3\">D3S<\/td><td class=\"column-4\"><\/td><td class=\"column-5\"><\/td><td class=\"column-6\">LED \/ LED<\/td><td class=\"column-7\">WY5W<\/td><td class=\"column-8\">LED<\/td><td class=\"column-9\"><\/td><td class=\"column-10\">LED<\/td><td class=\"column-11\">LED<\/td><td class=\"column-12\">LED<\/td><td class=\"column-13\">LED<\/td><td class=\"column-14\">LED<\/td>\n<\/tr>\n<tr class=\"row-23 odd\">\n\t<td class=\"column-1\">911 (991) Cabrio 03\/12 \u2192 BI-XENON<\/td><td class=\"column-2\">D3S<\/td><td class=\"column-3\">D3S<\/td><td class=\"column-4\"><\/td><td class=\"column-5\"><\/td><td class=\"column-6\">LED \/ LED<\/td><td class=\"column-7\">WY5W<\/td><td class=\"column-8\">LED<\/td><td class=\"column-9\"><\/td><td class=\"column-10\">LED<\/td><td class=\"column-11\">LED<\/td><td class=\"column-12\">LED<\/td><td class=\"column-13\">LED<\/td><td class=\"column-14\">LED<\/td>\n<\/tr>\n<tr class=\"row-24 even\">\n\t<td class=\"column-1\">911 (991) Targa 05\/14 \u2192 BI-XENON<\/td><td class=\"column-2\">D3S<\/td><td class=\"column-3\">D3S<\/td><td class=\"column-4\"><\/td><td class=\"column-5\"><\/td><td class=\"column-6\">LED \/ LED<\/td><td class=\"column-7\">WY5W<\/td><td class=\"column-8\">LED<\/td><td class=\"column-9\"><\/td><td class=\"column-10\">LED<\/td><td class=\"column-11\">LED<\/td><td class=\"column-12\">LED<\/td><td class=\"column-13\">LED<\/td><td class=\"column-14\">LED<\/td>\n<\/tr>\n<tr class=\"row-25 odd\">\n\t<td class=\"column-1\">928, S4 01\/87 \u2192 11\/95<\/td><td class=\"column-2\">H4<\/td><td class=\"column-3\">H4<\/td><td class=\"column-4\">H3<\/td><td class=\"column-5\"><\/td><td class=\"column-6\">P21W \/ PY21W<\/td><td class=\"column-7\">WY5W \/ T4W<\/td><td class=\"column-8\">T4W<\/td><td class=\"column-9\"><\/td><td class=\"column-10\">P21\/5W<\/td><td class=\"column-11\">P21\/4W<\/td><td class=\"column-12\">P21\/4W<\/td><td class=\"column-13\">P21W<\/td><td class=\"column-14\">C5W<\/td>\n<\/tr>\n<tr class=\"row-26 even\">\n\t<td class=\"column-1\">968 06\/91 \u2192 11\/95 BREMS-\/R\u00dcCKFAHRSCHEINWERFER<\/td><td class=\"column-2\">H4<\/td><td class=\"column-3\">H4<\/td><td class=\"column-4\">H3<\/td><td class=\"column-5\"><\/td><td class=\"column-6\">P21W \/ P21W<\/td><td class=\"column-7\">W5W<\/td><td class=\"column-8\">W5W<\/td><td class=\"column-9\"><\/td><td class=\"column-10\">P21\/5W<\/td><td class=\"column-11\">P21\/5W<\/td><td class=\"column-12\">P21W<\/td><td class=\"column-13\">P21W<\/td><td class=\"column-14\">C5W<\/td>\n<\/tr>\n<tr class=\"row-27 odd\">\n\t<td class=\"column-1\">968 06\/91 \u2192 11\/95 R\u00dcCKLICHT<\/td><td class=\"column-2\">H4<\/td><td class=\"column-3\">H4<\/td><td class=\"column-4\">H3<\/td><td class=\"column-5\"><\/td><td class=\"column-6\">P21W \/ P21W<\/td><td class=\"column-7\">W5W<\/td><td class=\"column-8\">W5W<\/td><td class=\"column-9\"><\/td><td class=\"column-10\">P21\/5W<\/td><td class=\"column-11\">R5W<\/td><td class=\"column-12\">P21W<\/td><td class=\"column-13\">P21W<\/td><td class=\"column-14\">C5W<\/td>\n<\/tr>\n<tr class=\"row-28 even\">\n\t<td class=\"column-1\">BOXSTER (981) 04\/12 \u2192.<\/td><td class=\"column-2\">H7<\/td><td class=\"column-3\">H9<\/td><td class=\"column-4\"><\/td><td class=\"column-5\"><\/td><td class=\"column-6\"><\/td><td class=\"column-7\">WY5W<\/td><td class=\"column-8\">LED<\/td><td class=\"column-9\"><\/td><td class=\"column-10\">LED<\/td><td class=\"column-11\">LED<\/td><td class=\"column-12\">LED<\/td><td class=\"column-13\">LED<\/td><td class=\"column-14\">LED<\/td>\n<\/tr>\n<tr class=\"row-29 odd\">\n\t<td class=\"column-1\">BOXSTER (981) 04\/12 \u2192 BI-XENON<\/td><td class=\"column-2\">D3S<\/td><td class=\"column-3\">D3S<\/td><td class=\"column-4\"><\/td><td class=\"column-5\"><\/td><td class=\"column-6\"><\/td><td class=\"column-7\">WY5W<\/td><td class=\"column-8\">LED<\/td><td class=\"column-9\"><\/td><td class=\"column-10\">LED<\/td><td class=\"column-11\">LED<\/td><td class=\"column-12\">LED<\/td><td class=\"column-13\">LED<\/td><td class=\"column-14\">LED<\/td>\n<\/tr>\n<\/tbody>\n<\/table>\n\n<\/div><!-- #tablepress-44 from cache -->\n<p>F\u00fcr weitere Informationen \u00fcber Autolampen und die Unterschiede, lesen Sie bitte weiter auf unserer allgemeinen <a href=\"https:\/\/autobaak.nl\/de\/autogluhbirnen-prufen-sie-welche-gluhbirne-in-ihrem-auto-ist\/\">Fahrzeugleuchten<\/a> Seite.<\/p>\n<p>&nbsp;<\/p>\n<p>&nbsp;<\/p>","protected":false},"excerpt":{"rendered":"<p>Suchen Sie nach Gl\u00fchbirnen f\u00fcr Ihren Porsche? Sind Ihre Scheinwerfer oder R\u00fcckleuchten kaputt und m\u00fcssen ersetzt werden? In der untenstehenden \u00dcbersicht der Porsche-Gl\u00fchbirnen finden Sie die Gl\u00fchbirnen, die Sie f\u00fcr Abblendlicht, Fernlicht, Nebelscheinwerfer, Blinker, Standlicht usw. ben\u00f6tigen. Welche Autolampen Porsche Heutzutage sind die am h\u00e4ufigsten verwendeten Lampen die H4- und H7-Lampen. [...]<\/p>","protected":false},"author":1,"featured_media":0,"parent":0,"menu_order":0,"comment_status":"closed","ping_status":"closed","template":"","meta":{"_et_pb_use_builder":"","_et_pb_old_content":"","_et_gb_content_width":"","footnotes":""},"class_list":["post-154912","page","type-page","status-publish","hentry"],"yoast_head":"<!-- This site is optimized with the Yoast SEO plugin v27.5 - https:\/\/yoast.com\/product\/yoast-seo-wordpress\/ -->\n<title>Autolampen Porsche overzicht - Autobaak.nl<\/title>\n<meta name=\"robots\" content=\"index, follow, max-snippet:-1, max-image-preview:large, max-video-preview:-1\" \/>\n<link rel=\"canonical\" href=\"https:\/\/autobaak.nl\/de\/autozwiebeln-porsche-ubersicht\/\" \/>\n<meta property=\"og:locale\" content=\"de_DE\" \/>\n<meta property=\"og:type\" content=\"article\" \/>\n<meta property=\"og:title\" content=\"Autolampen Porsche overzicht - Autobaak.nl\" \/>\n<meta property=\"og:description\" content=\"Op zoek naar lampen voor jouw Porsche ? Zijn de koplampen of achterlichten kapot en aan vervanging toe? In het autolampen Porsche overzicht hieronder vind je de lampen die je nodig hebt voor het dimlicht, grootlicht, mistlicht, de knipperlichten, parkeerlicht etc. Welke autolampen Porsche Tegenwoordig zijn de meest gebruikte lichten de H4 en H7 lampen. [&hellip;]\" \/>\n<meta property=\"og:url\" content=\"https:\/\/autobaak.nl\/de\/autozwiebeln-porsche-ubersicht\/\" \/>\n<meta property=\"og:site_name\" content=\"Autobaak.nl\" \/>\n<meta property=\"article:modified_time\" content=\"2023-09-29T13:33:49+00:00\" \/>\n<meta property=\"og:image\" content=\"https:\/\/autobaak.nl\/wp-content\/uploads\/2023\/09\/Lampen-shop_Autobaak.nl_LargeLeaderboard_139-1.png\" \/>\n<meta name=\"twitter:card\" content=\"summary_large_image\" \/>\n<meta name=\"twitter:label1\" content=\"Gesch\u00e4tzte Lesezeit\" \/>\n\t<meta name=\"twitter:data1\" content=\"1\u00a0Minute\" \/>\n<script type=\"application\/ld+json\" class=\"yoast-schema-graph\">{\"@context\":\"https:\\\/\\\/schema.org\",\"@graph\":[{\"@type\":\"WebPage\",\"@id\":\"https:\\\/\\\/autobaak.nl\\\/autolampen-porsche-overzicht\\\/\",\"url\":\"https:\\\/\\\/autobaak.nl\\\/autolampen-porsche-overzicht\\\/\",\"name\":\"Autolampen Porsche overzicht - Autobaak.nl\",\"isPartOf\":{\"@id\":\"https:\\\/\\\/autobaak.nl\\\/#website\"},\"primaryImageOfPage\":{\"@id\":\"https:\\\/\\\/autobaak.nl\\\/autolampen-porsche-overzicht\\\/#primaryimage\"},\"image\":{\"@id\":\"https:\\\/\\\/autobaak.nl\\\/autolampen-porsche-overzicht\\\/#primaryimage\"},\"thumbnailUrl\":\"https:\\\/\\\/autobaak.nl\\\/wp-content\\\/uploads\\\/2023\\\/09\\\/Lampen-shop_Autobaak.nl_LargeLeaderboard_139-1.png\",\"datePublished\":\"2023-02-08T12:42:03+00:00\",\"dateModified\":\"2023-09-29T13:33:49+00:00\",\"breadcrumb\":{\"@id\":\"https:\\\/\\\/autobaak.nl\\\/autolampen-porsche-overzicht\\\/#breadcrumb\"},\"inLanguage\":\"de\",\"potentialAction\":[{\"@type\":\"ReadAction\",\"target\":[\"https:\\\/\\\/autobaak.nl\\\/autolampen-porsche-overzicht\\\/\"]}]},{\"@type\":\"ImageObject\",\"inLanguage\":\"de\",\"@id\":\"https:\\\/\\\/autobaak.nl\\\/autolampen-porsche-overzicht\\\/#primaryimage\",\"url\":\"https:\\\/\\\/autobaak.nl\\\/wp-content\\\/uploads\\\/2023\\\/09\\\/Lampen-shop_Autobaak.nl_LargeLeaderboard_139-1.png\",\"contentUrl\":\"https:\\\/\\\/autobaak.nl\\\/wp-content\\\/uploads\\\/2023\\\/09\\\/Lampen-shop_Autobaak.nl_LargeLeaderboard_139-1.png\"},{\"@type\":\"BreadcrumbList\",\"@id\":\"https:\\\/\\\/autobaak.nl\\\/autolampen-porsche-overzicht\\\/#breadcrumb\",\"itemListElement\":[{\"@type\":\"ListItem\",\"position\":1,\"name\":\"Home\",\"item\":\"https:\\\/\\\/autobaak.nl\\\/\"},{\"@type\":\"ListItem\",\"position\":2,\"name\":\"Autolampen Porsche overzicht\"}]},{\"@type\":\"WebSite\",\"@id\":\"https:\\\/\\\/autobaak.nl\\\/#website\",\"url\":\"https:\\\/\\\/autobaak.nl\\\/\",\"name\":\"Autobaak.nl\",\"description\":\"Cars &amp; Racing\",\"potentialAction\":[{\"@type\":\"SearchAction\",\"target\":{\"@type\":\"EntryPoint\",\"urlTemplate\":\"https:\\\/\\\/autobaak.nl\\\/?s={search_term_string}\"},\"query-input\":{\"@type\":\"PropertyValueSpecification\",\"valueRequired\":true,\"valueName\":\"search_term_string\"}}],\"inLanguage\":\"de\"}]}<\/script>\n<!-- \/ Yoast SEO plugin. -->","yoast_head_json":{"title":"Autolampen Porsche \u00dcbersicht - Autobaak.de","robots":{"index":"index","follow":"follow","max-snippet":"max-snippet:-1","max-image-preview":"max-image-preview:large","max-video-preview":"max-video-preview:-1"},"canonical":"https:\/\/autobaak.nl\/de\/autozwiebeln-porsche-ubersicht\/","og_locale":"de_DE","og_type":"article","og_title":"Autolampen Porsche overzicht - Autobaak.nl","og_description":"Op zoek naar lampen voor jouw Porsche ? Zijn de koplampen of achterlichten kapot en aan vervanging toe? In het autolampen Porsche overzicht hieronder vind je de lampen die je nodig hebt voor het dimlicht, grootlicht, mistlicht, de knipperlichten, parkeerlicht etc. Welke autolampen Porsche Tegenwoordig zijn de meest gebruikte lichten de H4 en H7 lampen. [&hellip;]","og_url":"https:\/\/autobaak.nl\/de\/autozwiebeln-porsche-ubersicht\/","og_site_name":"Autobaak.nl","article_modified_time":"2023-09-29T13:33:49+00:00","og_image":[{"url":"https:\/\/autobaak.nl\/wp-content\/uploads\/2023\/09\/Lampen-shop_Autobaak.nl_LargeLeaderboard_139-1.png","type":"","width":"","height":""}],"twitter_card":"summary_large_image","twitter_misc":{"Gesch\u00e4tzte Lesezeit":"1\u00a0Minute"},"schema":{"@context":"https:\/\/schema.org","@graph":[{"@type":"WebPage","@id":"https:\/\/autobaak.nl\/autolampen-porsche-overzicht\/","url":"https:\/\/autobaak.nl\/autolampen-porsche-overzicht\/","name":"Autolampen Porsche \u00dcbersicht - Autobaak.de","isPartOf":{"@id":"https:\/\/autobaak.nl\/#website"},"primaryImageOfPage":{"@id":"https:\/\/autobaak.nl\/autolampen-porsche-overzicht\/#primaryimage"},"image":{"@id":"https:\/\/autobaak.nl\/autolampen-porsche-overzicht\/#primaryimage"},"thumbnailUrl":"https:\/\/autobaak.nl\/wp-content\/uploads\/2023\/09\/Lampen-shop_Autobaak.nl_LargeLeaderboard_139-1.png","datePublished":"2023-02-08T12:42:03+00:00","dateModified":"2023-09-29T13:33:49+00:00","breadcrumb":{"@id":"https:\/\/autobaak.nl\/autolampen-porsche-overzicht\/#breadcrumb"},"inLanguage":"de","potentialAction":[{"@type":"ReadAction","target":["https:\/\/autobaak.nl\/autolampen-porsche-overzicht\/"]}]},{"@type":"ImageObject","inLanguage":"de","@id":"https:\/\/autobaak.nl\/autolampen-porsche-overzicht\/#primaryimage","url":"https:\/\/autobaak.nl\/wp-content\/uploads\/2023\/09\/Lampen-shop_Autobaak.nl_LargeLeaderboard_139-1.png","contentUrl":"https:\/\/autobaak.nl\/wp-content\/uploads\/2023\/09\/Lampen-shop_Autobaak.nl_LargeLeaderboard_139-1.png"},{"@type":"BreadcrumbList","@id":"https:\/\/autobaak.nl\/autolampen-porsche-overzicht\/#breadcrumb","itemListElement":[{"@type":"ListItem","position":1,"name":"Home","item":"https:\/\/autobaak.nl\/"},{"@type":"ListItem","position":2,"name":"Autolampen Porsche overzicht"}]},{"@type":"WebSite","@id":"https:\/\/autobaak.nl\/#website","url":"https:\/\/autobaak.nl\/","name":"Autobook.de","description":"Autos &amp; Rennsport","potentialAction":[{"@type":"SearchAction","target":{"@type":"EntryPoint","urlTemplate":"https:\/\/autobaak.nl\/?s={search_term_string}"},"query-input":{"@type":"PropertyValueSpecification","valueRequired":true,"valueName":"search_term_string"}}],"inLanguage":"de"}]}},"_links":{"self":[{"href":"https:\/\/autobaak.nl\/de\/wp-json\/wp\/v2\/pages\/154912","targetHints":{"allow":["GET"]}}],"collection":[{"href":"https:\/\/autobaak.nl\/de\/wp-json\/wp\/v2\/pages"}],"about":[{"href":"https:\/\/autobaak.nl\/de\/wp-json\/wp\/v2\/types\/page"}],"author":[{"embeddable":true,"href":"https:\/\/autobaak.nl\/de\/wp-json\/wp\/v2\/users\/1"}],"replies":[{"embeddable":true,"href":"https:\/\/autobaak.nl\/de\/wp-json\/wp\/v2\/comments?post=154912"}],"version-history":[{"count":1,"href":"https:\/\/autobaak.nl\/de\/wp-json\/wp\/v2\/pages\/154912\/revisions"}],"predecessor-version":[{"id":156810,"href":"https:\/\/autobaak.nl\/de\/wp-json\/wp\/v2\/pages\/154912\/revisions\/156810"}],"wp:attachment":[{"href":"https:\/\/autobaak.nl\/de\/wp-json\/wp\/v2\/media?parent=154912"}],"curies":[{"name":"wp","href":"https:\/\/api.w.org\/{rel}","templated":true}]}}