{"id":155510,"date":"2023-04-19T16:01:25","date_gmt":"2023-04-19T14:01:25","guid":{"rendered":"https:\/\/autobaak.nl\/?page_id=155510"},"modified":"2023-05-11T13:04:49","modified_gmt":"2023-05-11T11:04:49","slug":"welches-motorol-fur-fiat-punto","status":"publish","type":"page","link":"https:\/\/autobaak.nl\/de\/welches-motorol-fur-fiat-punto\/","title":{"rendered":"Welches Motor\u00f6l Fiat Punto"},"content":{"rendered":"<p>Welche Art von Motor\u00f6l f\u00fcr einen Fiat Punto ben\u00f6tigt wird, h\u00e4ngt vom Modell und Baujahr des Fahrzeugs ab. Im Allgemeinen ben\u00f6tigen die meisten Fiat Punto Modelle jedoch ein synthetisches 5W-40 oder 5W-30 Motor\u00f6l. Es ist wichtig, ein hochwertiges \u00d6l zu verwenden, das den Spezifikationen des Herstellers entspricht, um eine optimale Leistung und eine lange Lebensdauer des Motors zu gew\u00e4hrleisten. Es wird empfohlen, in der Betriebsanleitung nachzuschauen oder sich an eine Fiat-Vertragswerkstatt zu wenden, um den richtigen \u00d6ltyp f\u00fcr Ihr Fahrzeug zu bestimmen. Die Verwendung der falschen \u00d6lsorte oder eines \u00d6ls von geringerer Qualit\u00e4t als empfohlen kann zu einer verminderten Motorleistung, einem erh\u00f6hten Verschlei\u00df der Motorkomponenten und m\u00f6glicherweise kostspieligen Reparaturen f\u00fchren.<\/p>\n<h2>Fiat Punto Motor\u00f6l \u00dcbersicht (alle Modelle)<\/h2>\n<p>Verwenden Sie die unten stehenden Tabellen, um das richtige Motor\u00f6l f\u00fcr Ihren Fiat Punto zu finden. Benutzen Sie die Suchfunktion, um die Tabelle schnell zu durchsuchen, z.B. \u00fcber das Modell oder das Baujahr.<\/p>\n<ol>\n<li><a href=\"https:\/\/autobaak.nl\/de\/welches-motorol-fiat-punto-199\/\">Motor\u00f6l Fiat Punto 199<\/a><\/li>\n<li><a href=\"https:\/\/autobaak.nl\/de\/welches-motorol-fiat-grande-punto\/\">Motor\u00f6l Grande Punto<\/a><\/li>\n<li><a href=\"https:\/\/autobaak.nl\/de\/welches-motorol-fiat-punto-176\/\">Motor\u00f6l Punto 176<\/a><\/li>\n<li><a href=\"https:\/\/autobaak.nl\/de\/welches-motorol-fiat-punto-evo-199\/\">Motor\u00f6l Punto Evo 199<\/a><\/li>\n<li><a href=\"https:\/\/autobaak.nl\/de\/welches-motorol-fiat-punto-188\/\">Motor\u00f6l Punto 188<\/a><\/li>\n<\/ol>","protected":false},"excerpt":{"rendered":"<p>Welche Art von Motor\u00f6l f\u00fcr einen Fiat Punto ben\u00f6tigt wird, h\u00e4ngt vom Modell und Baujahr des Fahrzeugs ab. Im Allgemeinen ben\u00f6tigen die meisten Fiat Punto-Modelle jedoch ein synthetisches 5W-40 oder 5W-30 Motor\u00f6l. Es ist wichtig, ein hochwertiges \u00d6l zu verwenden, das den Spezifikationen des Herstellers entspricht [...]<\/p>","protected":false},"author":1,"featured_media":0,"parent":0,"menu_order":0,"comment_status":"closed","ping_status":"closed","template":"","meta":{"_et_pb_use_builder":"","_et_pb_old_content":"","_et_gb_content_width":"","footnotes":""},"class_list":["post-155510","page","type-page","status-publish","hentry"],"yoast_head":"<!-- This site is optimized with the Yoast SEO plugin v27.5 - https:\/\/yoast.com\/product\/yoast-seo-wordpress\/ -->\n<title>Welke motorolie Fiat Punto - Autobaak.nl<\/title>\n<meta name=\"description\" content=\"Motorolie Fiat Punto overzicht. Een complete lijst met alle Fiat Punto modellen en de bijbehorende modellen. O.a. Grande Punto, Evo etc.\" \/>\n<meta name=\"robots\" content=\"index, follow, max-snippet:-1, max-image-preview:large, max-video-preview:-1\" \/>\n<link rel=\"canonical\" href=\"https:\/\/autobaak.nl\/de\/welches-motorol-fur-fiat-punto\/\" \/>\n<meta property=\"og:locale\" content=\"de_DE\" \/>\n<meta property=\"og:type\" content=\"article\" \/>\n<meta property=\"og:title\" content=\"Welke motorolie Fiat Punto - Autobaak.nl\" \/>\n<meta property=\"og:description\" content=\"Motorolie Fiat Punto overzicht. Een complete lijst met alle Fiat Punto modellen en de bijbehorende modellen. O.a. Grande Punto, Evo etc.\" \/>\n<meta property=\"og:url\" content=\"https:\/\/autobaak.nl\/de\/welches-motorol-fur-fiat-punto\/\" \/>\n<meta property=\"og:site_name\" content=\"Autobaak.nl\" \/>\n<meta property=\"article:modified_time\" content=\"2023-05-11T11:04:49+00:00\" \/>\n<meta name=\"twitter:card\" content=\"summary_large_image\" \/>\n<meta name=\"twitter:label1\" content=\"Gesch\u00e4tzte Lesezeit\" \/>\n\t<meta name=\"twitter:data1\" content=\"1\u00a0Minute\" \/>\n<script type=\"application\/ld+json\" class=\"yoast-schema-graph\">{\"@context\":\"https:\\\/\\\/schema.org\",\"@graph\":[{\"@type\":\"WebPage\",\"@id\":\"https:\\\/\\\/autobaak.nl\\\/welke-motorolie-voor-fiat-punto\\\/\",\"url\":\"https:\\\/\\\/autobaak.nl\\\/welke-motorolie-voor-fiat-punto\\\/\",\"name\":\"Welke motorolie Fiat Punto - Autobaak.nl\",\"isPartOf\":{\"@id\":\"https:\\\/\\\/autobaak.nl\\\/#website\"},\"datePublished\":\"2023-04-19T14:01:25+00:00\",\"dateModified\":\"2023-05-11T11:04:49+00:00\",\"description\":\"Motorolie Fiat Punto overzicht. Een complete lijst met alle Fiat Punto modellen en de bijbehorende modellen. O.a. Grande Punto, Evo etc.\",\"breadcrumb\":{\"@id\":\"https:\\\/\\\/autobaak.nl\\\/welke-motorolie-voor-fiat-punto\\\/#breadcrumb\"},\"inLanguage\":\"de\",\"potentialAction\":[{\"@type\":\"ReadAction\",\"target\":[\"https:\\\/\\\/autobaak.nl\\\/welke-motorolie-voor-fiat-punto\\\/\"]}]},{\"@type\":\"BreadcrumbList\",\"@id\":\"https:\\\/\\\/autobaak.nl\\\/welke-motorolie-voor-fiat-punto\\\/#breadcrumb\",\"itemListElement\":[{\"@type\":\"ListItem\",\"position\":1,\"name\":\"Home\",\"item\":\"https:\\\/\\\/autobaak.nl\\\/\"},{\"@type\":\"ListItem\",\"position\":2,\"name\":\"Welke motorolie Fiat Punto\"}]},{\"@type\":\"WebSite\",\"@id\":\"https:\\\/\\\/autobaak.nl\\\/#website\",\"url\":\"https:\\\/\\\/autobaak.nl\\\/\",\"name\":\"Autobaak.nl\",\"description\":\"Cars &amp; Racing\",\"potentialAction\":[{\"@type\":\"SearchAction\",\"target\":{\"@type\":\"EntryPoint\",\"urlTemplate\":\"https:\\\/\\\/autobaak.nl\\\/?s={search_term_string}\"},\"query-input\":{\"@type\":\"PropertyValueSpecification\",\"valueRequired\":true,\"valueName\":\"search_term_string\"}}],\"inLanguage\":\"de\"}]}<\/script>\n<!-- \/ Yoast SEO plugin. -->","yoast_head_json":{"title":"Welches Motor\u00f6l Fiat Punto - Autobaak.de","description":"Fiat Punto Motor\u00f6l \u00dcbersicht. Eine komplette Liste aller Fiat Punto Modelle und der dazugeh\u00f6rigen Modelle. Unter anderem Grande Punto, Evo etc.","robots":{"index":"index","follow":"follow","max-snippet":"max-snippet:-1","max-image-preview":"max-image-preview:large","max-video-preview":"max-video-preview:-1"},"canonical":"https:\/\/autobaak.nl\/de\/welches-motorol-fur-fiat-punto\/","og_locale":"de_DE","og_type":"article","og_title":"Welke motorolie Fiat Punto - Autobaak.nl","og_description":"Motorolie Fiat Punto overzicht. Een complete lijst met alle Fiat Punto modellen en de bijbehorende modellen. O.a. Grande Punto, Evo etc.","og_url":"https:\/\/autobaak.nl\/de\/welches-motorol-fur-fiat-punto\/","og_site_name":"Autobaak.nl","article_modified_time":"2023-05-11T11:04:49+00:00","twitter_card":"summary_large_image","twitter_misc":{"Gesch\u00e4tzte Lesezeit":"1\u00a0Minute"},"schema":{"@context":"https:\/\/schema.org","@graph":[{"@type":"WebPage","@id":"https:\/\/autobaak.nl\/welke-motorolie-voor-fiat-punto\/","url":"https:\/\/autobaak.nl\/welke-motorolie-voor-fiat-punto\/","name":"Welches Motor\u00f6l Fiat Punto - Autobaak.de","isPartOf":{"@id":"https:\/\/autobaak.nl\/#website"},"datePublished":"2023-04-19T14:01:25+00:00","dateModified":"2023-05-11T11:04:49+00:00","description":"Fiat Punto Motor\u00f6l \u00dcbersicht. Eine komplette Liste aller Fiat Punto Modelle und der dazugeh\u00f6rigen Modelle. Unter anderem Grande Punto, Evo etc.","breadcrumb":{"@id":"https:\/\/autobaak.nl\/welke-motorolie-voor-fiat-punto\/#breadcrumb"},"inLanguage":"de","potentialAction":[{"@type":"ReadAction","target":["https:\/\/autobaak.nl\/welke-motorolie-voor-fiat-punto\/"]}]},{"@type":"BreadcrumbList","@id":"https:\/\/autobaak.nl\/welke-motorolie-voor-fiat-punto\/#breadcrumb","itemListElement":[{"@type":"ListItem","position":1,"name":"Home","item":"https:\/\/autobaak.nl\/"},{"@type":"ListItem","position":2,"name":"Welke motorolie Fiat Punto"}]},{"@type":"WebSite","@id":"https:\/\/autobaak.nl\/#website","url":"https:\/\/autobaak.nl\/","name":"Autobook.de","description":"Autos &amp; Rennsport","potentialAction":[{"@type":"SearchAction","target":{"@type":"EntryPoint","urlTemplate":"https:\/\/autobaak.nl\/?s={search_term_string}"},"query-input":{"@type":"PropertyValueSpecification","valueRequired":true,"valueName":"search_term_string"}}],"inLanguage":"de"}]}},"_links":{"self":[{"href":"https:\/\/autobaak.nl\/de\/wp-json\/wp\/v2\/pages\/155510","targetHints":{"allow":["GET"]}}],"collection":[{"href":"https:\/\/autobaak.nl\/de\/wp-json\/wp\/v2\/pages"}],"about":[{"href":"https:\/\/autobaak.nl\/de\/wp-json\/wp\/v2\/types\/page"}],"author":[{"embeddable":true,"href":"https:\/\/autobaak.nl\/de\/wp-json\/wp\/v2\/users\/1"}],"replies":[{"embeddable":true,"href":"https:\/\/autobaak.nl\/de\/wp-json\/wp\/v2\/comments?post=155510"}],"version-history":[{"count":8,"href":"https:\/\/autobaak.nl\/de\/wp-json\/wp\/v2\/pages\/155510\/revisions"}],"predecessor-version":[{"id":155596,"href":"https:\/\/autobaak.nl\/de\/wp-json\/wp\/v2\/pages\/155510\/revisions\/155596"}],"wp:attachment":[{"href":"https:\/\/autobaak.nl\/de\/wp-json\/wp\/v2\/media?parent=155510"}],"curies":[{"name":"wp","href":"https:\/\/api.w.org\/{rel}","templated":true}]}}