{"id":155540,"date":"2023-04-20T15:33:16","date_gmt":"2023-04-20T13:33:16","guid":{"rendered":"https:\/\/autobaak.nl\/?page_id=155540"},"modified":"2023-05-11T13:13:52","modified_gmt":"2023-05-11T11:13:52","slug":"welches-motorol-fiat-panda","status":"publish","type":"page","link":"https:\/\/autobaak.nl\/de\/welches-motorol-fiat-panda\/","title":{"rendered":"Welches Motor\u00f6l Fiat Panda"},"content":{"rendered":"<p>Welche Art von Motor\u00f6l f\u00fcr einen Fiat Panda ben\u00f6tigt wird, h\u00e4ngt vom Modell und Baujahr des Fahrzeugs ab. Im Allgemeinen ben\u00f6tigen die meisten Fiat Panda Modelle jedoch ein synthetisches 5W-40 oder 5W-30 Motor\u00f6l. Es ist wichtig, ein hochwertiges \u00d6l zu verwenden, das den Spezifikationen des Herstellers entspricht, um eine optimale Leistung und eine lange Lebensdauer des Motors zu gew\u00e4hrleisten. Es wird empfohlen, in der Betriebsanleitung nachzuschauen oder sich an eine Fiat-Vertragswerkstatt zu wenden, um den richtigen \u00d6ltyp f\u00fcr Ihr Fahrzeug zu bestimmen. Die Verwendung der falschen \u00d6lsorte oder eines \u00d6ls von geringerer Qualit\u00e4t als empfohlen kann zu einer verminderten Motorleistung, einem erh\u00f6hten Verschlei\u00df der Motorkomponenten und m\u00f6glicherweise kostspieligen Reparaturen f\u00fchren.<\/p>\n<h2>Motor\u00f6l\u00fcbersicht Fiat Panda nach Modell<\/h2>\n<ol>\n<li><a href=\"https:\/\/autobaak.nl\/de\/welches-motorol-fiat-panda-141\/\">Panda 141 Motor\u00f6l<\/a><\/li>\n<li><a href=\"https:\/\/autobaak.nl\/de\/welches-motorol-fiat-panda-169\/\">Panda 169 Motor\u00f6l<\/a><\/li>\n<li><a href=\"https:\/\/autobaak.nl\/de\/welches-motorol-fiat-panda-312-319\/\">Panda 312, 319 Motor\u00f6l<\/a><\/li>\n<\/ol>","protected":false},"excerpt":{"rendered":"<p>Welche Art von Motor\u00f6l f\u00fcr einen Fiat Panda ben\u00f6tigt wird, h\u00e4ngt vom Modell und Baujahr des Fahrzeugs ab. Im Allgemeinen ben\u00f6tigen die meisten Fiat Panda-Modelle jedoch ein synthetisches 5W-40 oder 5W-30 Motor\u00f6l. Es ist wichtig, ein hochwertiges \u00d6l zu verwenden, das den Spezifikationen des Herstellers entspricht [...]<\/p>","protected":false},"author":1,"featured_media":0,"parent":0,"menu_order":0,"comment_status":"closed","ping_status":"closed","template":"","meta":{"_et_pb_use_builder":"","_et_pb_old_content":"","_et_gb_content_width":"","footnotes":""},"class_list":["post-155540","page","type-page","status-publish","hentry"],"yoast_head":"<!-- This site is optimized with the Yoast SEO plugin v27.4 - https:\/\/yoast.com\/product\/yoast-seo-wordpress\/ -->\n<title>Welke motorolie Fiat Panda - Autobaak.nl<\/title>\n<meta name=\"description\" content=\"Welke motorolie is geschikt voor jouw Fiat Panda? Op deze pagina een overzicht met daarin alle Fiat Panda modellen en bijbehorende motorolie.\" \/>\n<meta name=\"robots\" content=\"index, follow, max-snippet:-1, max-image-preview:large, max-video-preview:-1\" \/>\n<link rel=\"canonical\" href=\"https:\/\/autobaak.nl\/de\/welches-motorol-fiat-panda\/\" \/>\n<meta property=\"og:locale\" content=\"de_DE\" \/>\n<meta property=\"og:type\" content=\"article\" \/>\n<meta property=\"og:title\" content=\"Welke motorolie Fiat Panda - Autobaak.nl\" \/>\n<meta property=\"og:description\" content=\"Welke motorolie is geschikt voor jouw Fiat Panda? Op deze pagina een overzicht met daarin alle Fiat Panda modellen en bijbehorende motorolie.\" \/>\n<meta property=\"og:url\" content=\"https:\/\/autobaak.nl\/de\/welches-motorol-fiat-panda\/\" \/>\n<meta property=\"og:site_name\" content=\"Autobaak.nl\" \/>\n<meta property=\"article:modified_time\" content=\"2023-05-11T11:13:52+00:00\" \/>\n<meta name=\"twitter:card\" content=\"summary_large_image\" \/>\n<meta name=\"twitter:label1\" content=\"Gesch\u00e4tzte Lesezeit\" \/>\n\t<meta name=\"twitter:data1\" content=\"1\u00a0Minute\" \/>\n<script type=\"application\/ld+json\" class=\"yoast-schema-graph\">{\"@context\":\"https:\\\/\\\/schema.org\",\"@graph\":[{\"@type\":\"WebPage\",\"@id\":\"https:\\\/\\\/autobaak.nl\\\/welke-motorolie-fiat-panda\\\/\",\"url\":\"https:\\\/\\\/autobaak.nl\\\/welke-motorolie-fiat-panda\\\/\",\"name\":\"Welke motorolie Fiat Panda - Autobaak.nl\",\"isPartOf\":{\"@id\":\"https:\\\/\\\/autobaak.nl\\\/#website\"},\"datePublished\":\"2023-04-20T13:33:16+00:00\",\"dateModified\":\"2023-05-11T11:13:52+00:00\",\"description\":\"Welke motorolie is geschikt voor jouw Fiat Panda? Op deze pagina een overzicht met daarin alle Fiat Panda modellen en bijbehorende motorolie.\",\"breadcrumb\":{\"@id\":\"https:\\\/\\\/autobaak.nl\\\/welke-motorolie-fiat-panda\\\/#breadcrumb\"},\"inLanguage\":\"de\",\"potentialAction\":[{\"@type\":\"ReadAction\",\"target\":[\"https:\\\/\\\/autobaak.nl\\\/welke-motorolie-fiat-panda\\\/\"]}]},{\"@type\":\"BreadcrumbList\",\"@id\":\"https:\\\/\\\/autobaak.nl\\\/welke-motorolie-fiat-panda\\\/#breadcrumb\",\"itemListElement\":[{\"@type\":\"ListItem\",\"position\":1,\"name\":\"Home\",\"item\":\"https:\\\/\\\/autobaak.nl\\\/\"},{\"@type\":\"ListItem\",\"position\":2,\"name\":\"Welke motorolie Fiat Panda\"}]},{\"@type\":\"WebSite\",\"@id\":\"https:\\\/\\\/autobaak.nl\\\/#website\",\"url\":\"https:\\\/\\\/autobaak.nl\\\/\",\"name\":\"Autobaak.nl\",\"description\":\"Cars &amp; Racing\",\"potentialAction\":[{\"@type\":\"SearchAction\",\"target\":{\"@type\":\"EntryPoint\",\"urlTemplate\":\"https:\\\/\\\/autobaak.nl\\\/?s={search_term_string}\"},\"query-input\":{\"@type\":\"PropertyValueSpecification\",\"valueRequired\":true,\"valueName\":\"search_term_string\"}}],\"inLanguage\":\"de\"}]}<\/script>\n<!-- \/ Yoast SEO plugin. -->","yoast_head_json":{"title":"Welches Motor\u00f6l Fiat Panda - Autobaak.de","description":"Welches Motor\u00f6l ist f\u00fcr Ihren Fiat Panda geeignet? Auf dieser Seite finden Sie eine \u00dcbersicht \u00fcber alle Fiat Panda Modelle und das entsprechende Motor\u00f6l.","robots":{"index":"index","follow":"follow","max-snippet":"max-snippet:-1","max-image-preview":"max-image-preview:large","max-video-preview":"max-video-preview:-1"},"canonical":"https:\/\/autobaak.nl\/de\/welches-motorol-fiat-panda\/","og_locale":"de_DE","og_type":"article","og_title":"Welke motorolie Fiat Panda - Autobaak.nl","og_description":"Welke motorolie is geschikt voor jouw Fiat Panda? Op deze pagina een overzicht met daarin alle Fiat Panda modellen en bijbehorende motorolie.","og_url":"https:\/\/autobaak.nl\/de\/welches-motorol-fiat-panda\/","og_site_name":"Autobaak.nl","article_modified_time":"2023-05-11T11:13:52+00:00","twitter_card":"summary_large_image","twitter_misc":{"Gesch\u00e4tzte Lesezeit":"1\u00a0Minute"},"schema":{"@context":"https:\/\/schema.org","@graph":[{"@type":"WebPage","@id":"https:\/\/autobaak.nl\/welke-motorolie-fiat-panda\/","url":"https:\/\/autobaak.nl\/welke-motorolie-fiat-panda\/","name":"Welches Motor\u00f6l Fiat Panda - Autobaak.de","isPartOf":{"@id":"https:\/\/autobaak.nl\/#website"},"datePublished":"2023-04-20T13:33:16+00:00","dateModified":"2023-05-11T11:13:52+00:00","description":"Welches Motor\u00f6l ist f\u00fcr Ihren Fiat Panda geeignet? Auf dieser Seite finden Sie eine \u00dcbersicht \u00fcber alle Fiat Panda Modelle und das entsprechende Motor\u00f6l.","breadcrumb":{"@id":"https:\/\/autobaak.nl\/welke-motorolie-fiat-panda\/#breadcrumb"},"inLanguage":"de","potentialAction":[{"@type":"ReadAction","target":["https:\/\/autobaak.nl\/welke-motorolie-fiat-panda\/"]}]},{"@type":"BreadcrumbList","@id":"https:\/\/autobaak.nl\/welke-motorolie-fiat-panda\/#breadcrumb","itemListElement":[{"@type":"ListItem","position":1,"name":"Home","item":"https:\/\/autobaak.nl\/"},{"@type":"ListItem","position":2,"name":"Welke motorolie Fiat Panda"}]},{"@type":"WebSite","@id":"https:\/\/autobaak.nl\/#website","url":"https:\/\/autobaak.nl\/","name":"Autobook.de","description":"Autos &amp; Rennsport","potentialAction":[{"@type":"SearchAction","target":{"@type":"EntryPoint","urlTemplate":"https:\/\/autobaak.nl\/?s={search_term_string}"},"query-input":{"@type":"PropertyValueSpecification","valueRequired":true,"valueName":"search_term_string"}}],"inLanguage":"de"}]}},"_links":{"self":[{"href":"https:\/\/autobaak.nl\/de\/wp-json\/wp\/v2\/pages\/155540","targetHints":{"allow":["GET"]}}],"collection":[{"href":"https:\/\/autobaak.nl\/de\/wp-json\/wp\/v2\/pages"}],"about":[{"href":"https:\/\/autobaak.nl\/de\/wp-json\/wp\/v2\/types\/page"}],"author":[{"embeddable":true,"href":"https:\/\/autobaak.nl\/de\/wp-json\/wp\/v2\/users\/1"}],"replies":[{"embeddable":true,"href":"https:\/\/autobaak.nl\/de\/wp-json\/wp\/v2\/comments?post=155540"}],"version-history":[{"count":6,"href":"https:\/\/autobaak.nl\/de\/wp-json\/wp\/v2\/pages\/155540\/revisions"}],"predecessor-version":[{"id":155604,"href":"https:\/\/autobaak.nl\/de\/wp-json\/wp\/v2\/pages\/155540\/revisions\/155604"}],"wp:attachment":[{"href":"https:\/\/autobaak.nl\/de\/wp-json\/wp\/v2\/media?parent=155540"}],"curies":[{"name":"wp","href":"https:\/\/api.w.org\/{rel}","templated":true}]}}