{"id":155556,"date":"2023-05-05T14:18:16","date_gmt":"2023-05-05T12:18:16","guid":{"rendered":"https:\/\/autobaak.nl\/?page_id=155556"},"modified":"2023-05-11T12:58:07","modified_gmt":"2023-05-11T10:58:07","slug":"motorol-fiat-500l-351-352","status":"publish","type":"page","link":"https:\/\/autobaak.nl\/de\/motorol-fiat-500l-351-352\/","title":{"rendered":"Motor\u00f6l Fiat 500L (351, 352)"},"content":{"rendered":"<p>Welche Art von Motor\u00f6l f\u00fcr einen Fiat 500 (351, 352) erforderlich ist, h\u00e4ngt vom Modell und Baujahr des Fahrzeugs ab. Es ist wichtig, ein hochwertiges \u00d6l zu verwenden, das den Spezifikationen des Herstellers entspricht, um eine optimale Leistung und eine lange Lebensdauer des Motors zu gew\u00e4hrleisten. Es wird empfohlen, in der Betriebsanleitung nachzuschlagen oder sich an eine Fiat-Vertragswerkstatt zu wenden, um die richtige \u00d6lsorte f\u00fcr Ihr Fahrzeug zu bestimmen. Die Verwendung der falschen \u00d6lsorte oder eines \u00d6ls von geringerer Qualit\u00e4t als empfohlen kann zu einer verminderten Motorleistung, einem erh\u00f6hten Verschlei\u00df der Motorkomponenten und m\u00f6glicherweise kostspieligen Reparaturen f\u00fchren.<\/p>\n\n<table id=\"tablepress-83\" class=\"tablepress tablepress-id-83 tablepress-responsive\">\n<thead>\n<tr class=\"row-1 odd\">\n\t<th class=\"column-1\">Modell<\/th><th class=\"column-2\">Welches Motor\u00f6l<\/th><th class=\"column-3\">Wann ist zu ersetzen<\/th>\n<\/tr>\n<\/thead>\n<tbody class=\"row-hover\">\n<tr class=\"row-2 even\">\n\t<td class=\"column-1\">FIAT (EU) 500L 351, 352 500L 0.9 TWINAIR TURBO (63 KW) CNG (2013-2019)<\/td><td class=\"column-2\">5W-40<\/td><td class=\"column-3\">Wechsel alle 30000 km\/ 24 Monate<\/td>\n<\/tr>\n<tr class=\"row-3 odd\">\n\t<td class=\"column-1\">FIAT (EU) 500L 351, 352 500L 0.9 TWINAIR TURBO (77 KW) (2012-2019)<\/td><td class=\"column-2\">0W-30<\/td><td class=\"column-3\">Wechsel alle 30000 km\/ 24 Monate<\/td>\n<\/tr>\n<tr class=\"row-4 even\">\n\t<td class=\"column-1\">FIAT (EU) 500L 351, 352 500L 1.3 MULTIJET (62 KW) EURO 5 (2012-2020)<\/td><td class=\"column-2\">5W-30<\/td><td class=\"column-3\">Alle 12 Monate auffrischen<\/td>\n<\/tr>\n<tr class=\"row-5 odd\">\n\t<td class=\"column-1\">FIAT (EU) 500L 351, 352 500L 1.3 MULTIJET (70 KW) EURO 6 (2016-2019)<\/td><td class=\"column-2\">0W-30<\/td><td class=\"column-3\">Alle 12 Monate auffrischen<\/td>\n<\/tr>\n<tr class=\"row-6 even\">\n\t<td class=\"column-1\">FIAT (EU) 500L 351, 352 500L 1.3 MULTIJET (70 KW) EURO 6 ADBLUE (2018-2019)<\/td><td class=\"column-2\">0W-20<\/td><td class=\"column-3\">Alle 12 Monate auffrischen<\/td>\n<\/tr>\n<tr class=\"row-7 odd\">\n\t<td class=\"column-1\">FIAT (EU) 500L 351, 352 500L 1.3 MULTIJET (70 KW) EURO 6 ADBLUE (2019 UND SP\u00c4TER)<\/td><td class=\"column-2\">0W-20<\/td><td class=\"column-3\">Alle 12 Monate auffrischen<\/td>\n<\/tr>\n<tr class=\"row-8 even\">\n\t<td class=\"column-1\">FIAT (EU) 500L 351, 352 500L 1.4 16V (70 KW) (2012 UND SP\u00c4TER)<\/td><td class=\"column-2\">5W-40<\/td><td class=\"column-3\">Wechsel alle 30000 km\/ 24 Monate<\/td>\n<\/tr>\n<tr class=\"row-9 odd\">\n\t<td class=\"column-1\">FIAT (EU) 500L 351, 352 500L 1.4 T-JET (88 KW) (2013-2019)<\/td><td class=\"column-2\">5W-40<\/td><td class=\"column-3\">Wechsel alle 30000 km\/ 24 Monate<\/td>\n<\/tr>\n<tr class=\"row-10 even\">\n\t<td class=\"column-1\">FIAT (EU) 500L 351, 352 500L 1.4 T-JET (88 KW) LPG (2013-2019)<\/td><td class=\"column-2\">5W-40<\/td><td class=\"column-3\">Wechsel alle 30000 km\/ 24 Monate<\/td>\n<\/tr>\n<\/tbody>\n<\/table>\n<!-- #tablepress-83 from cache -->","protected":false},"excerpt":{"rendered":"<p>Welche Art von Motor\u00f6l f\u00fcr einen Fiat 500 (351, 352) ben\u00f6tigt wird, h\u00e4ngt vom Modell und Baujahr des Fahrzeugs ab. Es ist wichtig, ein hochwertiges \u00d6l zu verwenden, das den Spezifikationen des Herstellers entspricht, um eine optimale Leistung und eine lange Lebensdauer des Motors zu gew\u00e4hrleisten. Es ist [...]<\/p>","protected":false},"author":1,"featured_media":0,"parent":0,"menu_order":0,"comment_status":"closed","ping_status":"closed","template":"","meta":{"_et_pb_use_builder":"","_et_pb_old_content":"","_et_gb_content_width":"","footnotes":""},"class_list":["post-155556","page","type-page","status-publish","hentry"],"yoast_head":"<!-- This site is optimized with the Yoast SEO plugin v27.3 - https:\/\/yoast.com\/product\/yoast-seo-wordpress\/ -->\n<title>Motorolie Fiat 500L (351, 352) - Autobaak.nl<\/title>\n<meta name=\"robots\" content=\"index, follow, max-snippet:-1, max-image-preview:large, max-video-preview:-1\" \/>\n<link rel=\"canonical\" href=\"https:\/\/autobaak.nl\/de\/motorol-fiat-500l-351-352\/\" \/>\n<meta property=\"og:locale\" content=\"de_DE\" \/>\n<meta property=\"og:type\" content=\"article\" \/>\n<meta property=\"og:title\" content=\"Motorolie Fiat 500L (351, 352) - Autobaak.nl\" \/>\n<meta property=\"og:description\" content=\"Het specifieke type motorolie dat nodig is voor een Fiat 500 (351, 352) is afhankelijk van het model en bouwjaar van de auto. Het is belangrijk om olie van hoge kwaliteit te gebruiken die voldoet aan de specificaties van de fabrikant om optimale prestaties en een lange levensduur van de motor te garanderen. Het wordt [&hellip;]\" \/>\n<meta property=\"og:url\" content=\"https:\/\/autobaak.nl\/de\/motorol-fiat-500l-351-352\/\" \/>\n<meta property=\"og:site_name\" content=\"Autobaak.nl\" \/>\n<meta property=\"article:modified_time\" content=\"2023-05-11T10:58:07+00:00\" \/>\n<meta name=\"twitter:card\" content=\"summary_large_image\" \/>\n<meta name=\"twitter:label1\" content=\"Gesch\u00e4tzte Lesezeit\" \/>\n\t<meta name=\"twitter:data1\" content=\"1\u00a0Minute\" \/>\n<script type=\"application\/ld+json\" class=\"yoast-schema-graph\">{\"@context\":\"https:\\\/\\\/schema.org\",\"@graph\":[{\"@type\":\"WebPage\",\"@id\":\"https:\\\/\\\/autobaak.nl\\\/motorolie-fiat-500l-351-352\\\/\",\"url\":\"https:\\\/\\\/autobaak.nl\\\/motorolie-fiat-500l-351-352\\\/\",\"name\":\"Motorolie Fiat 500L (351, 352) - Autobaak.nl\",\"isPartOf\":{\"@id\":\"https:\\\/\\\/autobaak.nl\\\/#website\"},\"datePublished\":\"2023-05-05T12:18:16+00:00\",\"dateModified\":\"2023-05-11T10:58:07+00:00\",\"breadcrumb\":{\"@id\":\"https:\\\/\\\/autobaak.nl\\\/motorolie-fiat-500l-351-352\\\/#breadcrumb\"},\"inLanguage\":\"de\",\"potentialAction\":[{\"@type\":\"ReadAction\",\"target\":[\"https:\\\/\\\/autobaak.nl\\\/motorolie-fiat-500l-351-352\\\/\"]}]},{\"@type\":\"BreadcrumbList\",\"@id\":\"https:\\\/\\\/autobaak.nl\\\/motorolie-fiat-500l-351-352\\\/#breadcrumb\",\"itemListElement\":[{\"@type\":\"ListItem\",\"position\":1,\"name\":\"Home\",\"item\":\"https:\\\/\\\/autobaak.nl\\\/\"},{\"@type\":\"ListItem\",\"position\":2,\"name\":\"Motorolie Fiat 500L (351, 352)\"}]},{\"@type\":\"WebSite\",\"@id\":\"https:\\\/\\\/autobaak.nl\\\/#website\",\"url\":\"https:\\\/\\\/autobaak.nl\\\/\",\"name\":\"Autobaak.nl\",\"description\":\"Cars &amp; Racing\",\"potentialAction\":[{\"@type\":\"SearchAction\",\"target\":{\"@type\":\"EntryPoint\",\"urlTemplate\":\"https:\\\/\\\/autobaak.nl\\\/?s={search_term_string}\"},\"query-input\":{\"@type\":\"PropertyValueSpecification\",\"valueRequired\":true,\"valueName\":\"search_term_string\"}}],\"inLanguage\":\"de\"}]}<\/script>\n<!-- \/ Yoast SEO plugin. -->","yoast_head_json":{"title":"Motor\u00f6l Fiat 500L (351, 352) - Autobaak.de","robots":{"index":"index","follow":"follow","max-snippet":"max-snippet:-1","max-image-preview":"max-image-preview:large","max-video-preview":"max-video-preview:-1"},"canonical":"https:\/\/autobaak.nl\/de\/motorol-fiat-500l-351-352\/","og_locale":"de_DE","og_type":"article","og_title":"Motorolie Fiat 500L (351, 352) - Autobaak.nl","og_description":"Het specifieke type motorolie dat nodig is voor een Fiat 500 (351, 352) is afhankelijk van het model en bouwjaar van de auto. Het is belangrijk om olie van hoge kwaliteit te gebruiken die voldoet aan de specificaties van de fabrikant om optimale prestaties en een lange levensduur van de motor te garanderen. Het wordt [&hellip;]","og_url":"https:\/\/autobaak.nl\/de\/motorol-fiat-500l-351-352\/","og_site_name":"Autobaak.nl","article_modified_time":"2023-05-11T10:58:07+00:00","twitter_card":"summary_large_image","twitter_misc":{"Gesch\u00e4tzte Lesezeit":"1\u00a0Minute"},"schema":{"@context":"https:\/\/schema.org","@graph":[{"@type":"WebPage","@id":"https:\/\/autobaak.nl\/motorolie-fiat-500l-351-352\/","url":"https:\/\/autobaak.nl\/motorolie-fiat-500l-351-352\/","name":"Motor\u00f6l Fiat 500L (351, 352) - Autobaak.de","isPartOf":{"@id":"https:\/\/autobaak.nl\/#website"},"datePublished":"2023-05-05T12:18:16+00:00","dateModified":"2023-05-11T10:58:07+00:00","breadcrumb":{"@id":"https:\/\/autobaak.nl\/motorolie-fiat-500l-351-352\/#breadcrumb"},"inLanguage":"de","potentialAction":[{"@type":"ReadAction","target":["https:\/\/autobaak.nl\/motorolie-fiat-500l-351-352\/"]}]},{"@type":"BreadcrumbList","@id":"https:\/\/autobaak.nl\/motorolie-fiat-500l-351-352\/#breadcrumb","itemListElement":[{"@type":"ListItem","position":1,"name":"Home","item":"https:\/\/autobaak.nl\/"},{"@type":"ListItem","position":2,"name":"Motorolie Fiat 500L (351, 352)"}]},{"@type":"WebSite","@id":"https:\/\/autobaak.nl\/#website","url":"https:\/\/autobaak.nl\/","name":"Autobook.de","description":"Autos &amp; Rennsport","potentialAction":[{"@type":"SearchAction","target":{"@type":"EntryPoint","urlTemplate":"https:\/\/autobaak.nl\/?s={search_term_string}"},"query-input":{"@type":"PropertyValueSpecification","valueRequired":true,"valueName":"search_term_string"}}],"inLanguage":"de"}]}},"_links":{"self":[{"href":"https:\/\/autobaak.nl\/de\/wp-json\/wp\/v2\/pages\/155556","targetHints":{"allow":["GET"]}}],"collection":[{"href":"https:\/\/autobaak.nl\/de\/wp-json\/wp\/v2\/pages"}],"about":[{"href":"https:\/\/autobaak.nl\/de\/wp-json\/wp\/v2\/types\/page"}],"author":[{"embeddable":true,"href":"https:\/\/autobaak.nl\/de\/wp-json\/wp\/v2\/users\/1"}],"replies":[{"embeddable":true,"href":"https:\/\/autobaak.nl\/de\/wp-json\/wp\/v2\/comments?post=155556"}],"version-history":[{"count":3,"href":"https:\/\/autobaak.nl\/de\/wp-json\/wp\/v2\/pages\/155556\/revisions"}],"predecessor-version":[{"id":155584,"href":"https:\/\/autobaak.nl\/de\/wp-json\/wp\/v2\/pages\/155556\/revisions\/155584"}],"wp:attachment":[{"href":"https:\/\/autobaak.nl\/de\/wp-json\/wp\/v2\/media?parent=155556"}],"curies":[{"name":"wp","href":"https:\/\/api.w.org\/{rel}","templated":true}]}}