{"id":155580,"date":"2023-05-11T12:55:14","date_gmt":"2023-05-11T10:55:14","guid":{"rendered":"https:\/\/autobaak.nl\/?page_id=155580"},"modified":"2023-05-11T12:55:14","modified_gmt":"2023-05-11T10:55:14","slug":"welches-motorol-fur-fiat-modelle","status":"publish","type":"page","link":"https:\/\/autobaak.nl\/de\/welches-motorol-fur-fiat-modelle\/","title":{"rendered":"Welches Motor\u00f6l Fiat-Modelle"},"content":{"rendered":"<p>Klicken Sie unten auf Ihr Fiat-Modell, um das richtige Motor\u00f6l zu finden:<\/p>\n<ul>\n<li><a href=\"https:\/\/autobaak.nl\/de\/welches-motorol-fur-fiat-punto\/\">Fiat Punto<\/a> (verschiedene Modelle\/Jahrg\u00e4nge)<\/li>\n<li><a href=\"https:\/\/autobaak.nl\/de\/welches-motorol-fiat-panda\/\">Fiat Panda<\/a> (verschiedene Modelle\/Jahrg\u00e4nge)<\/li>\n<li><a href=\"https:\/\/autobaak.nl\/de\/motorol-fiat-500-312\/\">Fiat 500 (312)<\/a><\/li>\n<li><a href=\"https:\/\/autobaak.nl\/de\/motorol-fiat-500l-351-352\/\">Fiat 500 (351, 352)<\/a><\/li>\n<li><a href=\"https:\/\/autobaak.nl\/de\/motorol-fiat-500x-334\/\">Fiat 500X (334)<\/a><\/li>\n<\/ul>","protected":false},"excerpt":{"rendered":"<p>Klicken Sie auf Ihr Fiat-Modell, um eine \u00dcbersicht \u00fcber das richtige Motor\u00f6l zu erhalten: Fiat Punto (verschiedene Modelle\/Jahrg\u00e4nge) Fiat Panda (verschiedene Modelle\/Jahrg\u00e4nge) Fiat 500 (312) Fiat 500 (351, 352) Fiat 500X (334)<\/p>","protected":false},"author":1,"featured_media":0,"parent":0,"menu_order":0,"comment_status":"closed","ping_status":"closed","template":"","meta":{"_et_pb_use_builder":"","_et_pb_old_content":"","_et_gb_content_width":"","footnotes":""},"class_list":["post-155580","page","type-page","status-publish","hentry"],"yoast_head":"<!-- This site is optimized with the Yoast SEO plugin v27.5 - https:\/\/yoast.com\/product\/yoast-seo-wordpress\/ -->\n<title>Welke motorolie Fiat modellen - Autobaak.nl<\/title>\n<meta name=\"robots\" content=\"index, follow, max-snippet:-1, max-image-preview:large, max-video-preview:-1\" \/>\n<link rel=\"canonical\" href=\"https:\/\/autobaak.nl\/de\/welches-motorol-fur-fiat-modelle\/\" \/>\n<meta property=\"og:locale\" content=\"de_DE\" \/>\n<meta property=\"og:type\" content=\"article\" \/>\n<meta property=\"og:title\" content=\"Welke motorolie Fiat modellen - Autobaak.nl\" \/>\n<meta property=\"og:description\" content=\"Klik hieronder op jouw Fiat model voor een overzicht van de juiste motorolie: Fiat Punto (diverse modellen\/ jaren) Fiat Panda (diverse modellen\/ jaren) Fiat 500 (312) Fiat 500 (351, 352) Fiat 500X (334)\" \/>\n<meta property=\"og:url\" content=\"https:\/\/autobaak.nl\/de\/welches-motorol-fur-fiat-modelle\/\" \/>\n<meta property=\"og:site_name\" content=\"Autobaak.nl\" \/>\n<meta name=\"twitter:card\" content=\"summary_large_image\" \/>\n<meta name=\"twitter:label1\" content=\"Gesch\u00e4tzte Lesezeit\" \/>\n\t<meta name=\"twitter:data1\" content=\"1\u00a0Minute\" \/>\n<script type=\"application\/ld+json\" class=\"yoast-schema-graph\">{\"@context\":\"https:\\\/\\\/schema.org\",\"@graph\":[{\"@type\":\"WebPage\",\"@id\":\"https:\\\/\\\/autobaak.nl\\\/welke-motorolie-fiat-modellen\\\/\",\"url\":\"https:\\\/\\\/autobaak.nl\\\/welke-motorolie-fiat-modellen\\\/\",\"name\":\"Welke motorolie Fiat modellen - Autobaak.nl\",\"isPartOf\":{\"@id\":\"https:\\\/\\\/autobaak.nl\\\/#website\"},\"datePublished\":\"2023-05-11T10:55:14+00:00\",\"breadcrumb\":{\"@id\":\"https:\\\/\\\/autobaak.nl\\\/welke-motorolie-fiat-modellen\\\/#breadcrumb\"},\"inLanguage\":\"de\",\"potentialAction\":[{\"@type\":\"ReadAction\",\"target\":[\"https:\\\/\\\/autobaak.nl\\\/welke-motorolie-fiat-modellen\\\/\"]}]},{\"@type\":\"BreadcrumbList\",\"@id\":\"https:\\\/\\\/autobaak.nl\\\/welke-motorolie-fiat-modellen\\\/#breadcrumb\",\"itemListElement\":[{\"@type\":\"ListItem\",\"position\":1,\"name\":\"Home\",\"item\":\"https:\\\/\\\/autobaak.nl\\\/\"},{\"@type\":\"ListItem\",\"position\":2,\"name\":\"Welke motorolie Fiat modellen\"}]},{\"@type\":\"WebSite\",\"@id\":\"https:\\\/\\\/autobaak.nl\\\/#website\",\"url\":\"https:\\\/\\\/autobaak.nl\\\/\",\"name\":\"Autobaak.nl\",\"description\":\"Cars &amp; Racing\",\"potentialAction\":[{\"@type\":\"SearchAction\",\"target\":{\"@type\":\"EntryPoint\",\"urlTemplate\":\"https:\\\/\\\/autobaak.nl\\\/?s={search_term_string}\"},\"query-input\":{\"@type\":\"PropertyValueSpecification\",\"valueRequired\":true,\"valueName\":\"search_term_string\"}}],\"inLanguage\":\"de\"}]}<\/script>\n<!-- \/ Yoast SEO plugin. -->","yoast_head_json":{"title":"Welches Motor\u00f6l f\u00fcr Fiat-Modelle - Autobaak.co.uk","robots":{"index":"index","follow":"follow","max-snippet":"max-snippet:-1","max-image-preview":"max-image-preview:large","max-video-preview":"max-video-preview:-1"},"canonical":"https:\/\/autobaak.nl\/de\/welches-motorol-fur-fiat-modelle\/","og_locale":"de_DE","og_type":"article","og_title":"Welke motorolie Fiat modellen - Autobaak.nl","og_description":"Klik hieronder op jouw Fiat model voor een overzicht van de juiste motorolie: Fiat Punto (diverse modellen\/ jaren) Fiat Panda (diverse modellen\/ jaren) Fiat 500 (312) Fiat 500 (351, 352) Fiat 500X (334)","og_url":"https:\/\/autobaak.nl\/de\/welches-motorol-fur-fiat-modelle\/","og_site_name":"Autobaak.nl","twitter_card":"summary_large_image","twitter_misc":{"Gesch\u00e4tzte Lesezeit":"1\u00a0Minute"},"schema":{"@context":"https:\/\/schema.org","@graph":[{"@type":"WebPage","@id":"https:\/\/autobaak.nl\/welke-motorolie-fiat-modellen\/","url":"https:\/\/autobaak.nl\/welke-motorolie-fiat-modellen\/","name":"Welches Motor\u00f6l f\u00fcr Fiat-Modelle - Autobaak.co.uk","isPartOf":{"@id":"https:\/\/autobaak.nl\/#website"},"datePublished":"2023-05-11T10:55:14+00:00","breadcrumb":{"@id":"https:\/\/autobaak.nl\/welke-motorolie-fiat-modellen\/#breadcrumb"},"inLanguage":"de","potentialAction":[{"@type":"ReadAction","target":["https:\/\/autobaak.nl\/welke-motorolie-fiat-modellen\/"]}]},{"@type":"BreadcrumbList","@id":"https:\/\/autobaak.nl\/welke-motorolie-fiat-modellen\/#breadcrumb","itemListElement":[{"@type":"ListItem","position":1,"name":"Home","item":"https:\/\/autobaak.nl\/"},{"@type":"ListItem","position":2,"name":"Welke motorolie Fiat modellen"}]},{"@type":"WebSite","@id":"https:\/\/autobaak.nl\/#website","url":"https:\/\/autobaak.nl\/","name":"Autobook.de","description":"Autos &amp; Rennsport","potentialAction":[{"@type":"SearchAction","target":{"@type":"EntryPoint","urlTemplate":"https:\/\/autobaak.nl\/?s={search_term_string}"},"query-input":{"@type":"PropertyValueSpecification","valueRequired":true,"valueName":"search_term_string"}}],"inLanguage":"de"}]}},"_links":{"self":[{"href":"https:\/\/autobaak.nl\/de\/wp-json\/wp\/v2\/pages\/155580","targetHints":{"allow":["GET"]}}],"collection":[{"href":"https:\/\/autobaak.nl\/de\/wp-json\/wp\/v2\/pages"}],"about":[{"href":"https:\/\/autobaak.nl\/de\/wp-json\/wp\/v2\/types\/page"}],"author":[{"embeddable":true,"href":"https:\/\/autobaak.nl\/de\/wp-json\/wp\/v2\/users\/1"}],"replies":[{"embeddable":true,"href":"https:\/\/autobaak.nl\/de\/wp-json\/wp\/v2\/comments?post=155580"}],"version-history":[{"count":1,"href":"https:\/\/autobaak.nl\/de\/wp-json\/wp\/v2\/pages\/155580\/revisions"}],"predecessor-version":[{"id":155581,"href":"https:\/\/autobaak.nl\/de\/wp-json\/wp\/v2\/pages\/155580\/revisions\/155581"}],"wp:attachment":[{"href":"https:\/\/autobaak.nl\/de\/wp-json\/wp\/v2\/media?parent=155580"}],"curies":[{"name":"wp","href":"https:\/\/api.w.org\/{rel}","templated":true}]}}