{"id":155590,"date":"2023-05-11T13:03:01","date_gmt":"2023-05-11T11:03:01","guid":{"rendered":"https:\/\/autobaak.nl\/?page_id=155590"},"modified":"2023-05-11T13:03:01","modified_gmt":"2023-05-11T11:03:01","slug":"welches-motorol-fiat-punto-176","status":"publish","type":"page","link":"https:\/\/autobaak.nl\/de\/welches-motorol-fiat-punto-176\/","title":{"rendered":"Welches Motor\u00f6l Fiat Punto 176"},"content":{"rendered":"<p>Welche Art von Motor\u00f6l f\u00fcr einen Fiat Punto ben\u00f6tigt wird, h\u00e4ngt vom Modell und Baujahr des Fahrzeugs ab. Im Allgemeinen ben\u00f6tigen die meisten Fiat Punto Modelle jedoch ein synthetisches 5W-40 oder 5W-30 Motor\u00f6l. Es ist wichtig, ein hochwertiges \u00d6l zu verwenden, das den Spezifikationen des Herstellers entspricht, um eine optimale Leistung und eine lange Lebensdauer des Motors zu gew\u00e4hrleisten.<\/p>\n<h2>Motor\u00f6l Fiat Punto 176<\/h2>\n<p>Es wird empfohlen, die Betriebsanleitung zu konsultieren oder sich an eine zertifizierte Fiat-Werkstatt zu wenden, um den richtigen \u00d6ltyp f\u00fcr Ihr Fahrzeug zu bestimmen. Die Verwendung der falschen \u00d6lsorte oder eines \u00d6ls von geringerer Qualit\u00e4t als empfohlen kann zu einer verminderten Motorleistung, erh\u00f6htem Verschlei\u00df der Motorkomponenten und m\u00f6glicherweise teuren Reparaturen f\u00fchren.<\/p>\n\n<table id=\"tablepress-79\" class=\"tablepress tablepress-id-79 tablepress-responsive\">\n<thead>\n<tr class=\"row-1 odd\">\n\t<th class=\"column-1\">Modell<\/th><th class=\"column-2\">Welches Motor\u00f6l<\/th><th class=\"column-3\">Wann ist zu ersetzen<\/th>\n<\/tr>\n<\/thead>\n<tbody class=\"row-hover\">\n<tr class=\"row-2 even\">\n\t<td class=\"column-1\">Punto 55 (1993-1999)<\/td><td class=\"column-2\">10W-40<\/td><td class=\"column-3\">Kontrolle alle 500 km, Wechsel alle 15000 km\/12 Monate<\/td>\n<\/tr>\n<tr class=\"row-3 odd\">\n\t<td class=\"column-1\">Punto 60 (1993-1999)<\/td><td class=\"column-2\">10W-40<\/td><td class=\"column-3\">Kontrolle alle 500 km, Wechsel alle 15000 km\/12 Monate<\/td>\n<\/tr>\n<tr class=\"row-4 even\">\n\t<td class=\"column-1\">Punto 75 (1993-1999)<\/td><td class=\"column-2\">10W-40<\/td><td class=\"column-3\">Kontrolle alle 500 km, Wechsel alle 15000 km\/12 Monate<\/td>\n<\/tr>\n<tr class=\"row-5 odd\">\n\t<td class=\"column-1\">Punto 85 16V (1997-1999)<\/td><td class=\"column-2\">10W-40<\/td><td class=\"column-3\">Kontrolle alle 500 km, Wechsel alle 15000 km\/ 18 Monate<\/td>\n<\/tr>\n<tr class=\"row-6 even\">\n\t<td class=\"column-1\">Punto 90 (1993-1997)<\/td><td class=\"column-2\">10W-40<\/td><td class=\"column-3\">Kontrolle alle 500 km, Wechsel alle 15000 km\/12 Monate<\/td>\n<\/tr>\n<tr class=\"row-7 odd\">\n\t<td class=\"column-1\">Punto Cabrio ELX (1994-1999)<\/td><td class=\"column-2\">10W-40<\/td><td class=\"column-3\">Kontrolle alle 500 km, Wechsel alle 15000 km\/12 Monate<\/td>\n<\/tr>\n<tr class=\"row-8 even\">\n\t<td class=\"column-1\">Punto Cabrio S (1994-1999)<\/td><td class=\"column-2\">10W-40<\/td><td class=\"column-3\">Kontrolle alle 500 km, Wechsel alle 15000 km\/12 Monate<\/td>\n<\/tr>\n<tr class=\"row-9 odd\">\n\t<td class=\"column-1\">Punto D (1993-1997)<\/td><td class=\"column-2\">10W-40<\/td><td class=\"column-3\">Kontrolle alle 500 km, Wechsel alle 7.500 km\/6 Monate<\/td>\n<\/tr>\n<tr class=\"row-10 even\">\n\t<td class=\"column-1\">Punto GT (1993-1999)<\/td><td class=\"column-2\">10W-40<\/td><td class=\"column-3\">Kontrolle alle 500 km, Wechsel alle 15000 km\/12 Monate<\/td>\n<\/tr>\n<tr class=\"row-11 odd\">\n\t<td class=\"column-1\">Punto TD (1993-1997)<\/td><td class=\"column-2\">10W-40<\/td><td class=\"column-3\">Kontrolle alle 500 km, Wechsel alle 7.500 km\/6 Monate<\/td>\n<\/tr>\n<tr class=\"row-12 even\">\n\t<td class=\"column-1\">Punto TD 60 (1997-1999)<\/td><td class=\"column-2\">10W-40<\/td><td class=\"column-3\">Kontrolle alle 500 km, Wechsel alle 7.500 km\/6 Monate<\/td>\n<\/tr>\n<tr class=\"row-13 odd\">\n\t<td class=\"column-1\">Punto TD 70 (1997-1999)<\/td><td class=\"column-2\">10W-40<\/td><td class=\"column-3\">Kontrolle alle 500 km, Wechsel alle 7.500 km\/6 Monate<\/td>\n<\/tr>\n<\/tbody>\n<\/table>\n<!-- #tablepress-79 from cache -->","protected":false},"excerpt":{"rendered":"<p>Welche Art von Motor\u00f6l f\u00fcr einen Fiat Punto ben\u00f6tigt wird, h\u00e4ngt vom Modell und Baujahr des Fahrzeugs ab. Im Allgemeinen ben\u00f6tigen die meisten Fiat Punto-Modelle jedoch ein synthetisches 5W-40 oder 5W-30 Motor\u00f6l. Es ist wichtig, ein hochwertiges \u00d6l zu verwenden, das den Spezifikationen des Herstellers entspricht [...]<\/p>","protected":false},"author":1,"featured_media":0,"parent":0,"menu_order":0,"comment_status":"closed","ping_status":"closed","template":"","meta":{"_et_pb_use_builder":"","_et_pb_old_content":"","_et_gb_content_width":"","footnotes":""},"class_list":["post-155590","page","type-page","status-publish","hentry"],"yoast_head":"<!-- This site is optimized with the Yoast SEO plugin v27.4 - https:\/\/yoast.com\/product\/yoast-seo-wordpress\/ -->\n<title>Welke motorolie Fiat Punto 176 - Autobaak.nl<\/title>\n<meta name=\"robots\" content=\"index, follow, max-snippet:-1, max-image-preview:large, max-video-preview:-1\" \/>\n<link rel=\"canonical\" href=\"https:\/\/autobaak.nl\/de\/welches-motorol-fiat-punto-176\/\" \/>\n<meta property=\"og:locale\" content=\"de_DE\" \/>\n<meta property=\"og:type\" content=\"article\" \/>\n<meta property=\"og:title\" content=\"Welke motorolie Fiat Punto 176 - Autobaak.nl\" \/>\n<meta property=\"og:description\" content=\"Het specifieke type motorolie dat nodig is voor een Fiat Punto is afhankelijk van het model en bouwjaar van de auto. Over het algemeen hebben de meeste Fiat Punto-modellen echter een synthetische 5W-40 of 5W-30 motorolie nodig. Het is belangrijk om olie van hoge kwaliteit te gebruiken die voldoet aan de specificaties van de fabrikant [&hellip;]\" \/>\n<meta property=\"og:url\" content=\"https:\/\/autobaak.nl\/de\/welches-motorol-fiat-punto-176\/\" \/>\n<meta property=\"og:site_name\" content=\"Autobaak.nl\" \/>\n<meta name=\"twitter:card\" content=\"summary_large_image\" \/>\n<meta name=\"twitter:label1\" content=\"Gesch\u00e4tzte Lesezeit\" \/>\n\t<meta name=\"twitter:data1\" content=\"1\u00a0Minute\" \/>\n<script type=\"application\/ld+json\" class=\"yoast-schema-graph\">{\"@context\":\"https:\\\/\\\/schema.org\",\"@graph\":[{\"@type\":\"WebPage\",\"@id\":\"https:\\\/\\\/autobaak.nl\\\/welke-motorolie-fiat-punto-176\\\/\",\"url\":\"https:\\\/\\\/autobaak.nl\\\/welke-motorolie-fiat-punto-176\\\/\",\"name\":\"Welke motorolie Fiat Punto 176 - Autobaak.nl\",\"isPartOf\":{\"@id\":\"https:\\\/\\\/autobaak.nl\\\/#website\"},\"datePublished\":\"2023-05-11T11:03:01+00:00\",\"breadcrumb\":{\"@id\":\"https:\\\/\\\/autobaak.nl\\\/welke-motorolie-fiat-punto-176\\\/#breadcrumb\"},\"inLanguage\":\"de\",\"potentialAction\":[{\"@type\":\"ReadAction\",\"target\":[\"https:\\\/\\\/autobaak.nl\\\/welke-motorolie-fiat-punto-176\\\/\"]}]},{\"@type\":\"BreadcrumbList\",\"@id\":\"https:\\\/\\\/autobaak.nl\\\/welke-motorolie-fiat-punto-176\\\/#breadcrumb\",\"itemListElement\":[{\"@type\":\"ListItem\",\"position\":1,\"name\":\"Home\",\"item\":\"https:\\\/\\\/autobaak.nl\\\/\"},{\"@type\":\"ListItem\",\"position\":2,\"name\":\"Welke motorolie Fiat Punto 176\"}]},{\"@type\":\"WebSite\",\"@id\":\"https:\\\/\\\/autobaak.nl\\\/#website\",\"url\":\"https:\\\/\\\/autobaak.nl\\\/\",\"name\":\"Autobaak.nl\",\"description\":\"Cars &amp; Racing\",\"potentialAction\":[{\"@type\":\"SearchAction\",\"target\":{\"@type\":\"EntryPoint\",\"urlTemplate\":\"https:\\\/\\\/autobaak.nl\\\/?s={search_term_string}\"},\"query-input\":{\"@type\":\"PropertyValueSpecification\",\"valueRequired\":true,\"valueName\":\"search_term_string\"}}],\"inLanguage\":\"de\"}]}<\/script>\n<!-- \/ Yoast SEO plugin. -->","yoast_head_json":{"title":"Welches Motor\u00f6l Fiat Punto 176 - Autobaak.de","robots":{"index":"index","follow":"follow","max-snippet":"max-snippet:-1","max-image-preview":"max-image-preview:large","max-video-preview":"max-video-preview:-1"},"canonical":"https:\/\/autobaak.nl\/de\/welches-motorol-fiat-punto-176\/","og_locale":"de_DE","og_type":"article","og_title":"Welke motorolie Fiat Punto 176 - Autobaak.nl","og_description":"Het specifieke type motorolie dat nodig is voor een Fiat Punto is afhankelijk van het model en bouwjaar van de auto. Over het algemeen hebben de meeste Fiat Punto-modellen echter een synthetische 5W-40 of 5W-30 motorolie nodig. Het is belangrijk om olie van hoge kwaliteit te gebruiken die voldoet aan de specificaties van de fabrikant [&hellip;]","og_url":"https:\/\/autobaak.nl\/de\/welches-motorol-fiat-punto-176\/","og_site_name":"Autobaak.nl","twitter_card":"summary_large_image","twitter_misc":{"Gesch\u00e4tzte Lesezeit":"1\u00a0Minute"},"schema":{"@context":"https:\/\/schema.org","@graph":[{"@type":"WebPage","@id":"https:\/\/autobaak.nl\/welke-motorolie-fiat-punto-176\/","url":"https:\/\/autobaak.nl\/welke-motorolie-fiat-punto-176\/","name":"Welches Motor\u00f6l Fiat Punto 176 - Autobaak.de","isPartOf":{"@id":"https:\/\/autobaak.nl\/#website"},"datePublished":"2023-05-11T11:03:01+00:00","breadcrumb":{"@id":"https:\/\/autobaak.nl\/welke-motorolie-fiat-punto-176\/#breadcrumb"},"inLanguage":"de","potentialAction":[{"@type":"ReadAction","target":["https:\/\/autobaak.nl\/welke-motorolie-fiat-punto-176\/"]}]},{"@type":"BreadcrumbList","@id":"https:\/\/autobaak.nl\/welke-motorolie-fiat-punto-176\/#breadcrumb","itemListElement":[{"@type":"ListItem","position":1,"name":"Home","item":"https:\/\/autobaak.nl\/"},{"@type":"ListItem","position":2,"name":"Welke motorolie Fiat Punto 176"}]},{"@type":"WebSite","@id":"https:\/\/autobaak.nl\/#website","url":"https:\/\/autobaak.nl\/","name":"Autobook.de","description":"Autos &amp; Rennsport","potentialAction":[{"@type":"SearchAction","target":{"@type":"EntryPoint","urlTemplate":"https:\/\/autobaak.nl\/?s={search_term_string}"},"query-input":{"@type":"PropertyValueSpecification","valueRequired":true,"valueName":"search_term_string"}}],"inLanguage":"de"}]}},"_links":{"self":[{"href":"https:\/\/autobaak.nl\/de\/wp-json\/wp\/v2\/pages\/155590","targetHints":{"allow":["GET"]}}],"collection":[{"href":"https:\/\/autobaak.nl\/de\/wp-json\/wp\/v2\/pages"}],"about":[{"href":"https:\/\/autobaak.nl\/de\/wp-json\/wp\/v2\/types\/page"}],"author":[{"embeddable":true,"href":"https:\/\/autobaak.nl\/de\/wp-json\/wp\/v2\/users\/1"}],"replies":[{"embeddable":true,"href":"https:\/\/autobaak.nl\/de\/wp-json\/wp\/v2\/comments?post=155590"}],"version-history":[{"count":1,"href":"https:\/\/autobaak.nl\/de\/wp-json\/wp\/v2\/pages\/155590\/revisions"}],"predecessor-version":[{"id":155591,"href":"https:\/\/autobaak.nl\/de\/wp-json\/wp\/v2\/pages\/155590\/revisions\/155591"}],"wp:attachment":[{"href":"https:\/\/autobaak.nl\/de\/wp-json\/wp\/v2\/media?parent=155590"}],"curies":[{"name":"wp","href":"https:\/\/api.w.org\/{rel}","templated":true}]}}