{"id":155808,"date":"2023-06-02T15:48:02","date_gmt":"2023-06-02T13:48:02","guid":{"rendered":"https:\/\/autobaak.nl\/?page_id=155808"},"modified":"2023-06-02T15:48:02","modified_gmt":"2023-06-02T13:48:02","slug":"welches-motorol-peugeot-partner-b9","status":"publish","type":"page","link":"https:\/\/autobaak.nl\/de\/welches-motorol-peugeot-partner-b9\/","title":{"rendered":"Welches Motor\u00f6l Peugeot Partner B9"},"content":{"rendered":"<p>Welches Motor\u00f6l f\u00fcr einen Peugeot Partner B9 ben\u00f6tigt wird, h\u00e4ngt vom Modell und Baujahr des Fahrzeugs ab. Es ist wichtig, ein hochwertiges \u00d6l zu verwenden, das den Spezifikationen des Herstellers entspricht, um eine optimale Leistung und eine lange Lebensdauer des Motors zu gew\u00e4hrleisten.<\/p>\n<h2>Peugeot Partner B9 Motor\u00f6l<\/h2>\n<p>In der folgenden Liste haben wir das passende Motor\u00f6l f\u00fcr den Peugeot Partner B9 aufgelistet. Wir empfehlen jedoch immer, die Betriebsanleitung zu konsultieren oder eine zertifizierte Peugeot-Werkstatt zu fragen, um die richtige \u00d6lsorte f\u00fcr Ihr spezifisches Fahrzeug zu bestimmen.<\/p>\n\n<table id=\"tablepress-156\" class=\"tablepress tablepress-id-156 tablepress-responsive\">\n<thead>\n<tr class=\"row-1 odd\">\n\t<th class=\"column-1\">Modell<\/th><th class=\"column-2\">Welches Motor\u00f6l<\/th><th class=\"column-3\">Wann ist zu ersetzen<\/th>\n<\/tr>\n<\/thead>\n<tbody class=\"row-hover\">\n<tr class=\"row-2 even\">\n\t<td class=\"column-1\">Peugeot Partner 1.2 PureTech 110 HNZ (2016-2018)<\/td><td class=\"column-2\">0W-30<\/td><td class=\"column-3\"><\/td>\n<\/tr>\n<tr class=\"row-3 odd\">\n\t<td class=\"column-1\">Peugeot Partner 1.4i (2009-2012)<\/td><td class=\"column-2\">5W-30<\/td><td class=\"column-3\">Wechsel alle 30000 km\/ 24 Monate<\/td>\n<\/tr>\n<tr class=\"row-4 even\">\n\t<td class=\"column-1\">Peugeot Partner 1.4i (2009-2012)<\/td><td class=\"column-2\">5W-40<\/td><td class=\"column-3\">Wechsel alle 30000 km\/ 24 Monate<\/td>\n<\/tr>\n<tr class=\"row-5 odd\">\n\t<td class=\"column-1\">Peugeot Partner 1.4i CNG (2009-2012)<\/td><td class=\"column-2\">5W-30<\/td><td class=\"column-3\">Wechsel alle 30000 km\/ 24 Monate<\/td>\n<\/tr>\n<tr class=\"row-6 even\">\n\t<td class=\"column-1\">Peugeot Partner 1.4i CNG (2009-2012)<\/td><td class=\"column-2\">5W-40<\/td><td class=\"column-3\">Wechsel alle 30000 km\/ 24 Monate<\/td>\n<\/tr>\n<tr class=\"row-7 odd\">\n\t<td class=\"column-1\">Peugeot Partner 1.6 16V VTi 5FS (2009-2012)<\/td><td class=\"column-2\">0W-30<\/td><td class=\"column-3\"><\/td>\n<\/tr>\n<tr class=\"row-8 even\">\n\t<td class=\"column-1\">Peugeot Partner 1.6 16V VTi 5FS (2009-2012)<\/td><td class=\"column-2\">5W-30<\/td><td class=\"column-3\"><\/td>\n<\/tr>\n<tr class=\"row-9 odd\">\n\t<td class=\"column-1\">Peugeot Partner 1.6 16V VTi 5FS (2012-2016)<\/td><td class=\"column-2\">0W-30<\/td><td class=\"column-3\"><\/td>\n<\/tr>\n<tr class=\"row-10 even\">\n\t<td class=\"column-1\">Peugeot Partner 1.6 16V VTi 5FS (2012-2016)<\/td><td class=\"column-2\">5W-30<\/td><td class=\"column-3\"><\/td>\n<\/tr>\n<tr class=\"row-11 odd\">\n\t<td class=\"column-1\">Peugeot Partner 1.6 BlueHDi 100 BHY (2014-2018)<\/td><td class=\"column-2\">0W-30<\/td><td class=\"column-3\"><\/td>\n<\/tr>\n<tr class=\"row-12 even\">\n\t<td class=\"column-1\">Peugeot Partner 1.6 BlueHDi 120 BHZ (2014-2018)<\/td><td class=\"column-2\">0W-30<\/td><td class=\"column-3\"><\/td>\n<\/tr>\n<tr class=\"row-13 odd\">\n\t<td class=\"column-1\">Peugeot Partner 1.6 BlueHDi 75 BHW (2015-2018)<\/td><td class=\"column-2\">0W-30<\/td><td class=\"column-3\"><\/td>\n<\/tr>\n<tr class=\"row-14 even\">\n\t<td class=\"column-1\">Peugeot Partner 1.6 HDi 110 (2008-2011)<\/td><td class=\"column-2\">0W-30<\/td><td class=\"column-3\">Wechsel alle 20000 km\/ 24 Monate<\/td>\n<\/tr>\n<tr class=\"row-15 odd\">\n\t<td class=\"column-1\">Peugeot Partner 1.6 HDi 110 (2008-2011)<\/td><td class=\"column-2\">5W-30<\/td><td class=\"column-3\">Wechsel alle 20000 km\/ 24 Monate<\/td>\n<\/tr>\n<tr class=\"row-16 even\">\n\t<td class=\"column-1\">Peugeot Partner 1.6 HDi 110 (2012-2012)<\/td><td class=\"column-2\">0W-30<\/td><td class=\"column-3\">Wechsel alle 20000 km\/ 24 Monate<\/td>\n<\/tr>\n<tr class=\"row-17 odd\">\n\t<td class=\"column-1\">Peugeot Partner 1.6 HDi 110 (2012-2012)<\/td><td class=\"column-2\">5W-30<\/td><td class=\"column-3\">Wechsel alle 20000 km\/ 24 Monate<\/td>\n<\/tr>\n<tr class=\"row-18 even\">\n\t<td class=\"column-1\">Peugeot Partner 1.6 HDi 110 DPF 9HZ (2008-2011)<\/td><td class=\"column-2\">0W-30<\/td><td class=\"column-3\">Wechsel alle 20000 km\/ 24 Monate<\/td>\n<\/tr>\n<tr class=\"row-19 odd\">\n\t<td class=\"column-1\">Peugeot Partner 1.6 HDi 110 DPF 9HZ (2008-2011)<\/td><td class=\"column-2\">5W-30<\/td><td class=\"column-3\">Wechsel alle 20000 km\/ 24 Monate<\/td>\n<\/tr>\n<tr class=\"row-20 even\">\n\t<td class=\"column-1\">Peugeot Partner 1.6 HDi 110 DPF 9HZ (2012-2012)<\/td><td class=\"column-2\">0W-30<\/td><td class=\"column-3\">Wechsel alle 20000 km\/ 24 Monate<\/td>\n<\/tr>\n<tr class=\"row-21 odd\">\n\t<td class=\"column-1\">Peugeot Partner 1.6 HDi 110 DPF 9HZ (2012-2012)<\/td><td class=\"column-2\">5W-30<\/td><td class=\"column-3\">Wechsel alle 20000 km\/ 24 Monate<\/td>\n<\/tr>\n<tr class=\"row-22 even\">\n\t<td class=\"column-1\">Peugeot Partner 1.6 HDi 112 9HR (2010-2011)<\/td><td class=\"column-2\">0W-30<\/td><td class=\"column-3\"><\/td>\n<\/tr>\n<tr class=\"row-23 odd\">\n\t<td class=\"column-1\">Peugeot Partner 1.6 HDi 112 9HR (2010-2011)<\/td><td class=\"column-2\">5W-30<\/td><td class=\"column-3\"><\/td>\n<\/tr>\n<tr class=\"row-24 even\">\n\t<td class=\"column-1\">Peugeot Partner 1.6 HDi 112 9HR (2012-2012)<\/td><td class=\"column-2\">0W-30<\/td><td class=\"column-3\"><\/td>\n<\/tr>\n<tr class=\"row-25 odd\">\n\t<td class=\"column-1\">Peugeot Partner 1.6 HDi 112 9HR (2012-2012)<\/td><td class=\"column-2\">5W-30<\/td><td class=\"column-3\"><\/td>\n<\/tr>\n<tr class=\"row-26 even\">\n\t<td class=\"column-1\">Peugeot Partner 1.6 HDi 115 9HD (2012-2015)<\/td><td class=\"column-2\">0W-30<\/td><td class=\"column-3\"><\/td>\n<\/tr>\n<tr class=\"row-27 odd\">\n\t<td class=\"column-1\">Peugeot Partner 1.6 HDi 115 9HD (2012-2015)<\/td><td class=\"column-2\">5W-30<\/td><td class=\"column-3\"><\/td>\n<\/tr>\n<tr class=\"row-28 even\">\n\t<td class=\"column-1\">Peugeot Partner 1.6 HDi 75 DPF 9HK, 9HN (2008-2012)<\/td><td class=\"column-2\">0W-30<\/td><td class=\"column-3\">Wechsel alle 20000 km\/ 24 Monate<\/td>\n<\/tr>\n<tr class=\"row-29 odd\">\n\t<td class=\"column-1\">Peugeot Partner 1.6 HDi 75 DPF 9HK, 9HN (2008-2012)<\/td><td class=\"column-2\">5W-30<\/td><td class=\"column-3\">Wechsel alle 20000 km\/ 24 Monate<\/td>\n<\/tr>\n<tr class=\"row-30 even\">\n\t<td class=\"column-1\">Peugeot Partner 1.6 HDi 75 DPF 9HK, 9HN (2012-2015)<\/td><td class=\"column-2\">0W-30<\/td><td class=\"column-3\">Wechsel alle 20000 km\/ 24 Monate<\/td>\n<\/tr>\n<tr class=\"row-31 odd\">\n\t<td class=\"column-1\">Peugeot Partner 1.6 HDi 75 DPF 9HK, 9HN (2012-2015)<\/td><td class=\"column-2\">5W-30<\/td><td class=\"column-3\">Wechsel alle 20000 km\/ 24 Monate<\/td>\n<\/tr>\n<tr class=\"row-32 even\">\n\t<td class=\"column-1\">Peugeot Partner 1.6 HDi 90 (2008-2011)<\/td><td class=\"column-2\">0W-30<\/td><td class=\"column-3\">Wechsel alle 20000 km\/ 24 Monate<\/td>\n<\/tr>\n<tr class=\"row-33 odd\">\n\t<td class=\"column-1\">Peugeot Partner 1.6 HDi 90 (2008-2011)<\/td><td class=\"column-2\">5W-30<\/td><td class=\"column-3\">Wechsel alle 20000 km\/ 24 Monate<\/td>\n<\/tr>\n<tr class=\"row-34 even\">\n\t<td class=\"column-1\">Peugeot Partner 1.6 HDi 90 (2012-2012)<\/td><td class=\"column-2\">0W-30<\/td><td class=\"column-3\">Wechsel alle 20000 km\/ 24 Monate<\/td>\n<\/tr>\n<tr class=\"row-35 odd\">\n\t<td class=\"column-1\">Peugeot Partner 1.6 HDi 90 (2012-2012)<\/td><td class=\"column-2\">5W-30<\/td><td class=\"column-3\">Wechsel alle 20000 km\/ 24 Monate<\/td>\n<\/tr>\n<tr class=\"row-36 even\">\n\t<td class=\"column-1\">Peugeot Partner 1.6 HDi 90 DPF 9HV (2008-2011)<\/td><td class=\"column-2\">0W-30<\/td><td class=\"column-3\">Wechsel alle 20000 km\/ 24 Monate<\/td>\n<\/tr>\n<tr class=\"row-37 odd\">\n\t<td class=\"column-1\">Peugeot Partner 1.6 HDi 90 DPF 9HV (2008-2011)<\/td><td class=\"column-2\">5W-30<\/td><td class=\"column-3\">Wechsel alle 20000 km\/ 24 Monate<\/td>\n<\/tr>\n<tr class=\"row-38 even\">\n\t<td class=\"column-1\">Peugeot Partner 1.6 HDi 90 DPF 9HV (2012-2012)<\/td><td class=\"column-2\">0W-30<\/td><td class=\"column-3\">Wechsel alle 20000 km\/ 24 Monate<\/td>\n<\/tr>\n<tr class=\"row-39 odd\">\n\t<td class=\"column-1\">Peugeot Partner 1.6 HDi 90 DPF 9HV (2012-2012)<\/td><td class=\"column-2\">5W-30<\/td><td class=\"column-3\">Wechsel alle 20000 km\/ 24 Monate<\/td>\n<\/tr>\n<tr class=\"row-40 even\">\n\t<td class=\"column-1\">Peugeot Partner 1.6 HDi 92 9HP (2012-2015)<\/td><td class=\"column-2\">0W-30<\/td><td class=\"column-3\"><\/td>\n<\/tr>\n<tr class=\"row-41 odd\">\n\t<td class=\"column-1\">Peugeot Partner 1.6 HDi 92 9HP (2012-2015)<\/td><td class=\"column-2\">5W-30<\/td><td class=\"column-3\"><\/td>\n<\/tr>\n<tr class=\"row-42 even\">\n\t<td class=\"column-1\">Peugeot Partner 1.6i 16V (66 kW) NFR (2008-2012)<\/td><td class=\"column-2\">0W-30<\/td><td class=\"column-3\">Wechsel alle 30000 km\/ 24 Monate<\/td>\n<\/tr>\n<tr class=\"row-43 odd\">\n\t<td class=\"column-1\">Peugeot Partner 1.6i 16V (66 kW) NFR (2008-2012)<\/td><td class=\"column-2\">5W-30<\/td><td class=\"column-3\">Wechsel alle 30000 km\/ 24 Monate<\/td>\n<\/tr>\n<tr class=\"row-44 even\">\n\t<td class=\"column-1\">Peugeot Partner 1.6i 16V (66 kW) NFR (2012-2015)<\/td><td class=\"column-2\">0W-30<\/td><td class=\"column-3\">Wechsel alle 30000 km\/ 24 Monate<\/td>\n<\/tr>\n<tr class=\"row-45 odd\">\n\t<td class=\"column-1\">Peugeot Partner 1.6i 16V (66 kW) NFR (2012-2015)<\/td><td class=\"column-2\">5W-30<\/td><td class=\"column-3\">Wechsel alle 30000 km\/ 24 Monate<\/td>\n<\/tr>\n<tr class=\"row-46 even\">\n\t<td class=\"column-1\">Peugeot Partner 1.6i 16V (72 kW) 5FK (2008-2012)<\/td><td class=\"column-2\">0W-30<\/td><td class=\"column-3\">Wechsel alle 30000 km\/ 24 Monate<\/td>\n<\/tr>\n<tr class=\"row-47 odd\">\n\t<td class=\"column-1\">Peugeot Partner 1.6i 16V (72 kW) 5FK (2008-2012)<\/td><td class=\"column-2\">5W-30<\/td><td class=\"column-3\">Wechsel alle 30000 km\/ 24 Monate<\/td>\n<\/tr>\n<tr class=\"row-48 even\">\n\t<td class=\"column-1\">Peugeot Partner 1.6i 16V (72 kW) 5FK (2012-2017)<\/td><td class=\"column-2\">0W-30<\/td><td class=\"column-3\">Wechsel alle 30000 km\/ 24 Monate<\/td>\n<\/tr>\n<tr class=\"row-49 odd\">\n\t<td class=\"column-1\">Peugeot Partner 1.6i 16V (72 kW) 5FK (2012-2017)<\/td><td class=\"column-2\">5W-30<\/td><td class=\"column-3\">Wechsel alle 30000 km\/ 24 Monate<\/td>\n<\/tr>\n<tr class=\"row-50 even\">\n\t<td class=\"column-1\">Peugeot Partner 1.6i 16V (72 kW) 5FK (2017-2018)<\/td><td class=\"column-2\">0W-30<\/td><td class=\"column-3\">Wechsel alle 30000 km\/ 24 Monate<\/td>\n<\/tr>\n<tr class=\"row-51 odd\">\n\t<td class=\"column-1\">Peugeot Partner 1.6i 16V (72 kW) 5FK (2017-2018)<\/td><td class=\"column-2\">5W-30<\/td><td class=\"column-3\">Wechsel alle 30000 km\/ 24 Monate<\/td>\n<\/tr>\n<tr class=\"row-52 even\">\n\t<td class=\"column-1\">Peugeot Partner 1.6i 16V (80 kW) NFU (2008-2012)<\/td><td class=\"column-2\">0W-30<\/td><td class=\"column-3\"><\/td>\n<\/tr>\n<tr class=\"row-53 odd\">\n\t<td class=\"column-1\">Peugeot Partner 1.6i 16V (80 kW) NFU (2008-2012)<\/td><td class=\"column-2\">5W-30<\/td><td class=\"column-3\"><\/td>\n<\/tr>\n<tr class=\"row-54 even\">\n\t<td class=\"column-1\">Peugeot Partner 1.6i 16V (80 kW) NFU (2012-2015)<\/td><td class=\"column-2\">0W-30<\/td><td class=\"column-3\"><\/td>\n<\/tr>\n<tr class=\"row-55 odd\">\n\t<td class=\"column-1\">Peugeot Partner 1.6i 16V (80 kW) NFU (2012-2015)<\/td><td class=\"column-2\">5W-30<\/td><td class=\"column-3\"><\/td>\n<\/tr>\n<\/tbody>\n<\/table>\n<!-- #tablepress-156 from cache -->\n<p>&nbsp;<\/p>","protected":false},"excerpt":{"rendered":"<p>Welches Motor\u00f6l f\u00fcr einen Peugeot Partner B9 ben\u00f6tigt wird, h\u00e4ngt vom Modell und Baujahr des Fahrzeugs ab. Es ist wichtig, ein hochwertiges \u00d6l zu verwenden, das den Spezifikationen des Herstellers entspricht, um eine optimale Leistung und eine lange Lebensdauer des Motors zu gew\u00e4hrleisten. Peugeot Partner Motor\u00f6l [...]<\/p>","protected":false},"author":1,"featured_media":0,"parent":0,"menu_order":0,"comment_status":"closed","ping_status":"closed","template":"","meta":{"_et_pb_use_builder":"","_et_pb_old_content":"","_et_gb_content_width":"","footnotes":""},"class_list":["post-155808","page","type-page","status-publish","hentry"],"yoast_head":"<!-- This site is optimized with the Yoast SEO plugin v27.5 - https:\/\/yoast.com\/product\/yoast-seo-wordpress\/ -->\n<title>Welke motorolie Peugeot Partner B9 - Autobaak.nl<\/title>\n<meta name=\"description\" content=\"Welke motorolie Peugeot Partner B9? Op deze pagina een overzicht van alle modellen en de bijbehorende motorolie.\" \/>\n<meta name=\"robots\" content=\"index, follow, max-snippet:-1, max-image-preview:large, max-video-preview:-1\" \/>\n<link rel=\"canonical\" href=\"https:\/\/autobaak.nl\/de\/welches-motorol-peugeot-partner-b9\/\" \/>\n<meta property=\"og:locale\" content=\"de_DE\" \/>\n<meta property=\"og:type\" content=\"article\" \/>\n<meta property=\"og:title\" content=\"Welke motorolie Peugeot Partner B9 - Autobaak.nl\" \/>\n<meta property=\"og:description\" content=\"Welke motorolie Peugeot Partner B9? Op deze pagina een overzicht van alle modellen en de bijbehorende motorolie.\" \/>\n<meta property=\"og:url\" content=\"https:\/\/autobaak.nl\/de\/welches-motorol-peugeot-partner-b9\/\" \/>\n<meta property=\"og:site_name\" content=\"Autobaak.nl\" \/>\n<meta name=\"twitter:card\" content=\"summary_large_image\" \/>\n<meta name=\"twitter:label1\" content=\"Gesch\u00e4tzte Lesezeit\" \/>\n\t<meta name=\"twitter:data1\" content=\"1\u00a0Minute\" \/>\n<script type=\"application\/ld+json\" class=\"yoast-schema-graph\">{\"@context\":\"https:\\\/\\\/schema.org\",\"@graph\":[{\"@type\":\"WebPage\",\"@id\":\"https:\\\/\\\/autobaak.nl\\\/welke-motorolie-peugeot-partner-b9\\\/\",\"url\":\"https:\\\/\\\/autobaak.nl\\\/welke-motorolie-peugeot-partner-b9\\\/\",\"name\":\"Welke motorolie Peugeot Partner B9 - Autobaak.nl\",\"isPartOf\":{\"@id\":\"https:\\\/\\\/autobaak.nl\\\/#website\"},\"datePublished\":\"2023-06-02T13:48:02+00:00\",\"description\":\"Welke motorolie Peugeot Partner B9? Op deze pagina een overzicht van alle modellen en de bijbehorende motorolie.\",\"breadcrumb\":{\"@id\":\"https:\\\/\\\/autobaak.nl\\\/welke-motorolie-peugeot-partner-b9\\\/#breadcrumb\"},\"inLanguage\":\"de\",\"potentialAction\":[{\"@type\":\"ReadAction\",\"target\":[\"https:\\\/\\\/autobaak.nl\\\/welke-motorolie-peugeot-partner-b9\\\/\"]}]},{\"@type\":\"BreadcrumbList\",\"@id\":\"https:\\\/\\\/autobaak.nl\\\/welke-motorolie-peugeot-partner-b9\\\/#breadcrumb\",\"itemListElement\":[{\"@type\":\"ListItem\",\"position\":1,\"name\":\"Home\",\"item\":\"https:\\\/\\\/autobaak.nl\\\/\"},{\"@type\":\"ListItem\",\"position\":2,\"name\":\"Welke motorolie Peugeot Partner B9\"}]},{\"@type\":\"WebSite\",\"@id\":\"https:\\\/\\\/autobaak.nl\\\/#website\",\"url\":\"https:\\\/\\\/autobaak.nl\\\/\",\"name\":\"Autobaak.nl\",\"description\":\"Cars &amp; Racing\",\"potentialAction\":[{\"@type\":\"SearchAction\",\"target\":{\"@type\":\"EntryPoint\",\"urlTemplate\":\"https:\\\/\\\/autobaak.nl\\\/?s={search_term_string}\"},\"query-input\":{\"@type\":\"PropertyValueSpecification\",\"valueRequired\":true,\"valueName\":\"search_term_string\"}}],\"inLanguage\":\"de\"}]}<\/script>\n<!-- \/ Yoast SEO plugin. -->","yoast_head_json":{"title":"Welches Motor\u00f6l Peugeot Partner B9 - Autobaak.de","description":"Welches Motor\u00f6l Peugeot Partner B9? Auf dieser Seite finden Sie eine \u00dcbersicht \u00fcber alle Modelle und das entsprechende Motor\u00f6l.","robots":{"index":"index","follow":"follow","max-snippet":"max-snippet:-1","max-image-preview":"max-image-preview:large","max-video-preview":"max-video-preview:-1"},"canonical":"https:\/\/autobaak.nl\/de\/welches-motorol-peugeot-partner-b9\/","og_locale":"de_DE","og_type":"article","og_title":"Welke motorolie Peugeot Partner B9 - Autobaak.nl","og_description":"Welke motorolie Peugeot Partner B9? Op deze pagina een overzicht van alle modellen en de bijbehorende motorolie.","og_url":"https:\/\/autobaak.nl\/de\/welches-motorol-peugeot-partner-b9\/","og_site_name":"Autobaak.nl","twitter_card":"summary_large_image","twitter_misc":{"Gesch\u00e4tzte Lesezeit":"1\u00a0Minute"},"schema":{"@context":"https:\/\/schema.org","@graph":[{"@type":"WebPage","@id":"https:\/\/autobaak.nl\/welke-motorolie-peugeot-partner-b9\/","url":"https:\/\/autobaak.nl\/welke-motorolie-peugeot-partner-b9\/","name":"Welches Motor\u00f6l Peugeot Partner B9 - Autobaak.de","isPartOf":{"@id":"https:\/\/autobaak.nl\/#website"},"datePublished":"2023-06-02T13:48:02+00:00","description":"Welches Motor\u00f6l Peugeot Partner B9? Auf dieser Seite finden Sie eine \u00dcbersicht \u00fcber alle Modelle und das entsprechende Motor\u00f6l.","breadcrumb":{"@id":"https:\/\/autobaak.nl\/welke-motorolie-peugeot-partner-b9\/#breadcrumb"},"inLanguage":"de","potentialAction":[{"@type":"ReadAction","target":["https:\/\/autobaak.nl\/welke-motorolie-peugeot-partner-b9\/"]}]},{"@type":"BreadcrumbList","@id":"https:\/\/autobaak.nl\/welke-motorolie-peugeot-partner-b9\/#breadcrumb","itemListElement":[{"@type":"ListItem","position":1,"name":"Home","item":"https:\/\/autobaak.nl\/"},{"@type":"ListItem","position":2,"name":"Welke motorolie Peugeot Partner B9"}]},{"@type":"WebSite","@id":"https:\/\/autobaak.nl\/#website","url":"https:\/\/autobaak.nl\/","name":"Autobook.de","description":"Autos &amp; Rennsport","potentialAction":[{"@type":"SearchAction","target":{"@type":"EntryPoint","urlTemplate":"https:\/\/autobaak.nl\/?s={search_term_string}"},"query-input":{"@type":"PropertyValueSpecification","valueRequired":true,"valueName":"search_term_string"}}],"inLanguage":"de"}]}},"_links":{"self":[{"href":"https:\/\/autobaak.nl\/de\/wp-json\/wp\/v2\/pages\/155808","targetHints":{"allow":["GET"]}}],"collection":[{"href":"https:\/\/autobaak.nl\/de\/wp-json\/wp\/v2\/pages"}],"about":[{"href":"https:\/\/autobaak.nl\/de\/wp-json\/wp\/v2\/types\/page"}],"author":[{"embeddable":true,"href":"https:\/\/autobaak.nl\/de\/wp-json\/wp\/v2\/users\/1"}],"replies":[{"embeddable":true,"href":"https:\/\/autobaak.nl\/de\/wp-json\/wp\/v2\/comments?post=155808"}],"version-history":[{"count":1,"href":"https:\/\/autobaak.nl\/de\/wp-json\/wp\/v2\/pages\/155808\/revisions"}],"predecessor-version":[{"id":155809,"href":"https:\/\/autobaak.nl\/de\/wp-json\/wp\/v2\/pages\/155808\/revisions\/155809"}],"wp:attachment":[{"href":"https:\/\/autobaak.nl\/de\/wp-json\/wp\/v2\/media?parent=155808"}],"curies":[{"name":"wp","href":"https:\/\/api.w.org\/{rel}","templated":true}]}}