{"id":155824,"date":"2023-06-02T15:57:51","date_gmt":"2023-06-02T13:57:51","guid":{"rendered":"https:\/\/autobaak.nl\/?page_id=155824"},"modified":"2023-06-02T15:57:51","modified_gmt":"2023-06-02T13:57:51","slug":"welches-motorol-peugeot-2008","status":"publish","type":"page","link":"https:\/\/autobaak.nl\/de\/welches-motorol-peugeot-2008\/","title":{"rendered":"Welches Motor\u00f6l Peugeot 2008"},"content":{"rendered":"<p>Welche Art von Motor\u00f6l f\u00fcr einen Peugeot 2008 ben\u00f6tigt wird, h\u00e4ngt vom Modell und Baujahr des Fahrzeugs ab. Es ist wichtig, ein hochwertiges \u00d6l zu verwenden, das den Spezifikationen des Herstellers entspricht, um eine optimale Leistung und eine lange Lebensdauer des Motors zu gew\u00e4hrleisten.<\/p>\n<h2>Peugeot 2008 Motor\u00f6l<\/h2>\n<p>In der folgenden \u00dcbersicht haben wir das passende Motor\u00f6l f\u00fcr den Peugeot 1007 aufgelistet. Wir empfehlen jedoch immer, die Betriebsanleitung zu konsultieren oder eine zertifizierte Peugeot-Werkstatt zu fragen, um die richtige \u00d6lsorte f\u00fcr Ihr spezifisches Fahrzeug zu bestimmen.<\/p>\n\n<table id=\"tablepress-148\" class=\"tablepress tablepress-id-148 tablepress-responsive\">\n<thead>\n<tr class=\"row-1 odd\">\n\t<th class=\"column-1\">Modell<\/th><th class=\"column-2\">Welches Motor\u00f6l<\/th><th class=\"column-3\">Wann ist zu ersetzen<\/th>\n<\/tr>\n<\/thead>\n<tbody class=\"row-hover\">\n<tr class=\"row-2 even\">\n\t<td class=\"column-1\">Peugeot 2008 1.2 PureTech 100 HNK (2019 und sp\u00e4ter)<\/td><td class=\"column-2\">0W-30<\/td><td class=\"column-3\"><\/td>\n<\/tr>\n<tr class=\"row-3 odd\">\n\t<td class=\"column-1\">Peugeot 2008 1.2 PureTech 110 HNP (2018-2019)<\/td><td class=\"column-2\">0W-30<\/td><td class=\"column-3\"><\/td>\n<\/tr>\n<tr class=\"row-4 even\">\n\t<td class=\"column-1\">Peugeot 2008 1.2 PureTech 110 HNV, HNZ (2014-2018)<\/td><td class=\"column-2\">0W-30<\/td><td class=\"column-3\"><\/td>\n<\/tr>\n<tr class=\"row-5 odd\">\n\t<td class=\"column-1\">Peugeot 2008 1.2 PureTech 130 HNL, HNS (2019 und sp\u00e4ter)<\/td><td class=\"column-2\">0W-30<\/td><td class=\"column-3\"><\/td>\n<\/tr>\n<tr class=\"row-6 even\">\n\t<td class=\"column-1\">Peugeot 2008 1.2 PureTech 130 HNS (2018-2019)<\/td><td class=\"column-2\">0W-30<\/td><td class=\"column-3\"><\/td>\n<\/tr>\n<tr class=\"row-7 odd\">\n\t<td class=\"column-1\">Peugeot 2008 1.2 PureTech 130 HNY (2015-2018)<\/td><td class=\"column-2\">0W-30<\/td><td class=\"column-3\"><\/td>\n<\/tr>\n<tr class=\"row-8 even\">\n\t<td class=\"column-1\">Peugeot 2008 1.2 PureTech 155 HNN (2019 und sp\u00e4ter)<\/td><td class=\"column-2\">0W-30<\/td><td class=\"column-3\"><\/td>\n<\/tr>\n<tr class=\"row-9 odd\">\n\t<td class=\"column-1\">Peugeot 2008 1.2 PureTech 82 HMR (2018-2019)<\/td><td class=\"column-2\">0W-30<\/td><td class=\"column-3\"><\/td>\n<\/tr>\n<tr class=\"row-10 even\">\n\t<td class=\"column-1\">Peugeot 2008 1.2 PureTech 82 HMZ (2013-2018)<\/td><td class=\"column-2\">0W-30<\/td><td class=\"column-3\"><\/td>\n<\/tr>\n<tr class=\"row-11 odd\">\n\t<td class=\"column-1\">Peugeot 2008 1.4 e-HDi 68 8HR (2013-2015)<\/td><td class=\"column-2\">0W-30<\/td><td class=\"column-3\"><\/td>\n<\/tr>\n<tr class=\"row-12 even\">\n\t<td class=\"column-1\">Peugeot 2008 1.4 e-HDi 68 8HR (2013-2015)<\/td><td class=\"column-2\">5W-30<\/td><td class=\"column-3\"><\/td>\n<\/tr>\n<tr class=\"row-13 odd\">\n\t<td class=\"column-1\">Peugeot 2008 1.5 BlueHDi 100 YHY (2018-2019)<\/td><td class=\"column-2\">0W-30<\/td><td class=\"column-3\"><\/td>\n<\/tr>\n<tr class=\"row-14 even\">\n\t<td class=\"column-1\">Peugeot 2008 1.5 BlueHDi 100 YHY (2019 und sp\u00e4ter)<\/td><td class=\"column-2\">0W-30<\/td><td class=\"column-3\"><\/td>\n<\/tr>\n<tr class=\"row-15 odd\">\n\t<td class=\"column-1\">Peugeot 2008 1.5 BlueHDi 110 YHS (2019 und sp\u00e4ter)<\/td><td class=\"column-2\">0W-30<\/td><td class=\"column-3\"><\/td>\n<\/tr>\n<tr class=\"row-16 even\">\n\t<td class=\"column-1\">Peugeot 2008 1.5 BlueHDi 120 HNY (2018-2019)<\/td><td class=\"column-2\">0W-30<\/td><td class=\"column-3\"><\/td>\n<\/tr>\n<tr class=\"row-17 odd\">\n\t<td class=\"column-1\">Peugeot 2008 1.5 BlueHDi 130 YHZ (2019 und sp\u00e4ter)<\/td><td class=\"column-2\">0W-30<\/td><td class=\"column-3\"><\/td>\n<\/tr>\n<tr class=\"row-18 even\">\n\t<td class=\"column-1\">Peugeot 2008 1.6 BlueHDi 100 BHY (2015-2018)<\/td><td class=\"column-2\">0W-30<\/td><td class=\"column-3\"><\/td>\n<\/tr>\n<tr class=\"row-19 odd\">\n\t<td class=\"column-1\">Peugeot 2008 1.6 BlueHDi 115 BHX (2014-2019)<\/td><td class=\"column-2\">0W-30<\/td><td class=\"column-3\"><\/td>\n<\/tr>\n<tr class=\"row-20 even\">\n\t<td class=\"column-1\">Peugeot 2008 1.6 BlueHDi 120 BHZ (2014-2019)<\/td><td class=\"column-2\">0W-30<\/td><td class=\"column-3\"><\/td>\n<\/tr>\n<tr class=\"row-21 odd\">\n\t<td class=\"column-1\">Peugeot 2008 1.6 BlueHDi 75 BHW (2015-2018)<\/td><td class=\"column-2\">0W-30<\/td><td class=\"column-3\"><\/td>\n<\/tr>\n<tr class=\"row-22 even\">\n\t<td class=\"column-1\">Peugeot 2008 1.6 e-HDi 115 9HD (2013-2015)<\/td><td class=\"column-2\">0W-30<\/td><td class=\"column-3\"><\/td>\n<\/tr>\n<tr class=\"row-23 odd\">\n\t<td class=\"column-1\">Peugeot 2008 1.6 e-HDi 115 9HD (2013-2015)<\/td><td class=\"column-2\">5W-30<\/td><td class=\"column-3\"><\/td>\n<\/tr>\n<tr class=\"row-24 even\">\n\t<td class=\"column-1\">Peugeot 2008 1.6 e-HDi 92 9HP (2013-2015)<\/td><td class=\"column-2\">0W-30<\/td><td class=\"column-3\"><\/td>\n<\/tr>\n<tr class=\"row-25 odd\">\n\t<td class=\"column-1\">Peugeot 2008 1.6 e-HDi 92 9HP (2013-2015)<\/td><td class=\"column-2\">5W-30<\/td><td class=\"column-3\"><\/td>\n<\/tr>\n<tr class=\"row-26 even\">\n\t<td class=\"column-1\">Peugeot 2008 1.6 VTi 115 NFP (2017-2019)<\/td><td class=\"column-2\">0W-30<\/td><td class=\"column-3\"><\/td>\n<\/tr>\n<tr class=\"row-27 odd\">\n\t<td class=\"column-1\">Peugeot 2008 1.6 VTi 115 NFP (2017-2019)<\/td><td class=\"column-2\">5W-30<\/td><td class=\"column-3\"><\/td>\n<\/tr>\n<tr class=\"row-28 even\">\n\t<td class=\"column-1\">Peugeot 2008 1.6 VTi 115 NFP (2017-2019)<\/td><td class=\"column-2\">5W-40<\/td><td class=\"column-3\"><\/td>\n<\/tr>\n<tr class=\"row-29 odd\">\n\t<td class=\"column-1\">Peugeot 2008 1.6 VTi 120 5FS (2013-2017)<\/td><td class=\"column-2\">0W-30<\/td><td class=\"column-3\"><\/td>\n<\/tr>\n<tr class=\"row-30 even\">\n\t<td class=\"column-1\">Peugeot 2008 1.6 VTi 120 5FS (2013-2017)<\/td><td class=\"column-2\">5W-30<\/td><td class=\"column-3\"><\/td>\n<\/tr>\n<tr class=\"row-31 odd\">\n\t<td class=\"column-1\">Peugeot 2008 1.6 VTi 120 5FS (2017-2018)<\/td><td class=\"column-2\">0W-30<\/td><td class=\"column-3\"><\/td>\n<\/tr>\n<tr class=\"row-32 even\">\n\t<td class=\"column-1\">Peugeot 2008 1.6 VTi 120 5FS (2017-2018)<\/td><td class=\"column-2\">5W-30<\/td><td class=\"column-3\"><\/td>\n<\/tr>\n<tr class=\"row-33 odd\">\n\t<td class=\"column-1\">Peugeot E-2008 50kWh ZKX (2019 und sp\u00e4ter)<\/td><td class=\"column-2\"><\/td><td class=\"column-3\"><\/td>\n<\/tr>\n<\/tbody>\n<\/table>\n<!-- #tablepress-148 from cache -->","protected":false},"excerpt":{"rendered":"<p>Welche Art von Motor\u00f6l f\u00fcr einen Peugeot 2008 ben\u00f6tigt wird, h\u00e4ngt vom Modell und Baujahr des Fahrzeugs ab. Es ist wichtig, ein hochwertiges \u00d6l zu verwenden, das den Spezifikationen des Herstellers entspricht, um eine optimale Leistung und eine lange Lebensdauer des Motors zu gew\u00e4hrleisten. Peugeot 2008 Motor\u00f6l In [...]<\/p>","protected":false},"author":1,"featured_media":0,"parent":0,"menu_order":0,"comment_status":"closed","ping_status":"closed","template":"","meta":{"_et_pb_use_builder":"","_et_pb_old_content":"","_et_gb_content_width":"","footnotes":""},"class_list":["post-155824","page","type-page","status-publish","hentry"],"yoast_head":"<!-- This site is optimized with the Yoast SEO plugin v27.3 - https:\/\/yoast.com\/product\/yoast-seo-wordpress\/ -->\n<title>Welke motorolie Peugeot 2008 - Autobaak.nl<\/title>\n<meta name=\"description\" content=\"Welke motorolie Peugeot 2008? Op deze pagina een overzicht van alle 2008 modellen en de bijbehorende motorolie.\" \/>\n<meta name=\"robots\" content=\"index, follow, max-snippet:-1, max-image-preview:large, max-video-preview:-1\" \/>\n<link rel=\"canonical\" href=\"https:\/\/autobaak.nl\/de\/welches-motorol-peugeot-2008\/\" \/>\n<meta property=\"og:locale\" content=\"de_DE\" \/>\n<meta property=\"og:type\" content=\"article\" \/>\n<meta property=\"og:title\" content=\"Welke motorolie Peugeot 2008 - Autobaak.nl\" \/>\n<meta property=\"og:description\" content=\"Welke motorolie Peugeot 2008? Op deze pagina een overzicht van alle 2008 modellen en de bijbehorende motorolie.\" \/>\n<meta property=\"og:url\" content=\"https:\/\/autobaak.nl\/de\/welches-motorol-peugeot-2008\/\" \/>\n<meta property=\"og:site_name\" content=\"Autobaak.nl\" \/>\n<meta name=\"twitter:card\" content=\"summary_large_image\" \/>\n<meta name=\"twitter:label1\" content=\"Gesch\u00e4tzte Lesezeit\" \/>\n\t<meta name=\"twitter:data1\" content=\"1\u00a0Minute\" \/>\n<script type=\"application\/ld+json\" class=\"yoast-schema-graph\">{\"@context\":\"https:\\\/\\\/schema.org\",\"@graph\":[{\"@type\":\"WebPage\",\"@id\":\"https:\\\/\\\/autobaak.nl\\\/welke-motorolie-peugeot-2008\\\/\",\"url\":\"https:\\\/\\\/autobaak.nl\\\/welke-motorolie-peugeot-2008\\\/\",\"name\":\"Welke motorolie Peugeot 2008 - Autobaak.nl\",\"isPartOf\":{\"@id\":\"https:\\\/\\\/autobaak.nl\\\/#website\"},\"datePublished\":\"2023-06-02T13:57:51+00:00\",\"description\":\"Welke motorolie Peugeot 2008? Op deze pagina een overzicht van alle 2008 modellen en de bijbehorende motorolie.\",\"breadcrumb\":{\"@id\":\"https:\\\/\\\/autobaak.nl\\\/welke-motorolie-peugeot-2008\\\/#breadcrumb\"},\"inLanguage\":\"de\",\"potentialAction\":[{\"@type\":\"ReadAction\",\"target\":[\"https:\\\/\\\/autobaak.nl\\\/welke-motorolie-peugeot-2008\\\/\"]}]},{\"@type\":\"BreadcrumbList\",\"@id\":\"https:\\\/\\\/autobaak.nl\\\/welke-motorolie-peugeot-2008\\\/#breadcrumb\",\"itemListElement\":[{\"@type\":\"ListItem\",\"position\":1,\"name\":\"Home\",\"item\":\"https:\\\/\\\/autobaak.nl\\\/\"},{\"@type\":\"ListItem\",\"position\":2,\"name\":\"Welke motorolie Peugeot 2008\"}]},{\"@type\":\"WebSite\",\"@id\":\"https:\\\/\\\/autobaak.nl\\\/#website\",\"url\":\"https:\\\/\\\/autobaak.nl\\\/\",\"name\":\"Autobaak.nl\",\"description\":\"Cars &amp; Racing\",\"potentialAction\":[{\"@type\":\"SearchAction\",\"target\":{\"@type\":\"EntryPoint\",\"urlTemplate\":\"https:\\\/\\\/autobaak.nl\\\/?s={search_term_string}\"},\"query-input\":{\"@type\":\"PropertyValueSpecification\",\"valueRequired\":true,\"valueName\":\"search_term_string\"}}],\"inLanguage\":\"de\"}]}<\/script>\n<!-- \/ Yoast SEO plugin. -->","yoast_head_json":{"title":"Welches Motor\u00f6l Peugeot 2008 - Autobaak.de","description":"Welches Motor\u00f6l Peugeot 2008? Auf dieser Seite finden Sie alle 2008er Modelle und deren Motor\u00f6l.","robots":{"index":"index","follow":"follow","max-snippet":"max-snippet:-1","max-image-preview":"max-image-preview:large","max-video-preview":"max-video-preview:-1"},"canonical":"https:\/\/autobaak.nl\/de\/welches-motorol-peugeot-2008\/","og_locale":"de_DE","og_type":"article","og_title":"Welke motorolie Peugeot 2008 - Autobaak.nl","og_description":"Welke motorolie Peugeot 2008? Op deze pagina een overzicht van alle 2008 modellen en de bijbehorende motorolie.","og_url":"https:\/\/autobaak.nl\/de\/welches-motorol-peugeot-2008\/","og_site_name":"Autobaak.nl","twitter_card":"summary_large_image","twitter_misc":{"Gesch\u00e4tzte Lesezeit":"1\u00a0Minute"},"schema":{"@context":"https:\/\/schema.org","@graph":[{"@type":"WebPage","@id":"https:\/\/autobaak.nl\/welke-motorolie-peugeot-2008\/","url":"https:\/\/autobaak.nl\/welke-motorolie-peugeot-2008\/","name":"Welches Motor\u00f6l Peugeot 2008 - Autobaak.de","isPartOf":{"@id":"https:\/\/autobaak.nl\/#website"},"datePublished":"2023-06-02T13:57:51+00:00","description":"Welches Motor\u00f6l Peugeot 2008? Auf dieser Seite finden Sie alle 2008er Modelle und deren Motor\u00f6l.","breadcrumb":{"@id":"https:\/\/autobaak.nl\/welke-motorolie-peugeot-2008\/#breadcrumb"},"inLanguage":"de","potentialAction":[{"@type":"ReadAction","target":["https:\/\/autobaak.nl\/welke-motorolie-peugeot-2008\/"]}]},{"@type":"BreadcrumbList","@id":"https:\/\/autobaak.nl\/welke-motorolie-peugeot-2008\/#breadcrumb","itemListElement":[{"@type":"ListItem","position":1,"name":"Home","item":"https:\/\/autobaak.nl\/"},{"@type":"ListItem","position":2,"name":"Welke motorolie Peugeot 2008"}]},{"@type":"WebSite","@id":"https:\/\/autobaak.nl\/#website","url":"https:\/\/autobaak.nl\/","name":"Autobook.de","description":"Autos &amp; Rennsport","potentialAction":[{"@type":"SearchAction","target":{"@type":"EntryPoint","urlTemplate":"https:\/\/autobaak.nl\/?s={search_term_string}"},"query-input":{"@type":"PropertyValueSpecification","valueRequired":true,"valueName":"search_term_string"}}],"inLanguage":"de"}]}},"_links":{"self":[{"href":"https:\/\/autobaak.nl\/de\/wp-json\/wp\/v2\/pages\/155824","targetHints":{"allow":["GET"]}}],"collection":[{"href":"https:\/\/autobaak.nl\/de\/wp-json\/wp\/v2\/pages"}],"about":[{"href":"https:\/\/autobaak.nl\/de\/wp-json\/wp\/v2\/types\/page"}],"author":[{"embeddable":true,"href":"https:\/\/autobaak.nl\/de\/wp-json\/wp\/v2\/users\/1"}],"replies":[{"embeddable":true,"href":"https:\/\/autobaak.nl\/de\/wp-json\/wp\/v2\/comments?post=155824"}],"version-history":[{"count":1,"href":"https:\/\/autobaak.nl\/de\/wp-json\/wp\/v2\/pages\/155824\/revisions"}],"predecessor-version":[{"id":155825,"href":"https:\/\/autobaak.nl\/de\/wp-json\/wp\/v2\/pages\/155824\/revisions\/155825"}],"wp:attachment":[{"href":"https:\/\/autobaak.nl\/de\/wp-json\/wp\/v2\/media?parent=155824"}],"curies":[{"name":"wp","href":"https:\/\/api.w.org\/{rel}","templated":true}]}}