{"id":155833,"date":"2023-06-02T16:08:35","date_gmt":"2023-06-02T14:08:35","guid":{"rendered":"https:\/\/autobaak.nl\/?page_id=155833"},"modified":"2023-06-02T16:08:35","modified_gmt":"2023-06-02T14:08:35","slug":"welches-motorol-hat-ihr-peugeot","status":"publish","type":"page","link":"https:\/\/autobaak.nl\/de\/welches-motorol-hat-ihr-peugeot\/","title":{"rendered":"Welches Motor\u00f6l hat Ihr Peugeot?"},"content":{"rendered":"<p>Klicken Sie unten auf Ihr Peugeot-Modell, um das richtige Motor\u00f6l zu finden:<\/p>\n<h2>Peugeot-Motor\u00f6l<\/h2>\n<ul>\n<li><a href=\"https:\/\/autobaak.nl\/de\/welches-motorol-peugeot-1007\/\">Peugeot 1007 Motor\u00f6l<\/a><\/li>\n<li><a href=\"https:\/\/autobaak.nl\/de\/welches-motorol-peugeot-107\/\">Peugeot 107 Motor\u00f6l<\/a><\/li>\n<li><a href=\"https:\/\/autobaak.nl\/de\/welches-motorol-peugeot-108\/\">Peugeot 108 Motor\u00f6l<\/a><\/li>\n<li><a href=\"https:\/\/autobaak.nl\/de\/welches-motorol-peugeot-2008\/\">Peugeot 2008 Motor\u00f6l<\/a><\/li>\n<li><a href=\"https:\/\/autobaak.nl\/de\/welches-motorol-peugeot-206\/\">Peugeot 206 Motor\u00f6l<\/a><\/li>\n<li><a href=\"https:\/\/autobaak.nl\/de\/welches-motorol-peugeot-308\/\">Peugeot 308 Motor\u00f6l<\/a><\/li>\n<li><a href=\"https:\/\/autobaak.nl\/de\/welches-motorol-peugeot-308-t7\/\">Peugeot 308 Motor\u00f6l (T7)<\/a><\/li>\n<li><a href=\"https:\/\/autobaak.nl\/de\/welches-motorol-peugeot-308-t9\/\">Peugeot 308 Motor\u00f6l (T9)<\/a><\/li>\n<li><a href=\"https:\/\/autobaak.nl\/de\/welches-motorol-peugeot-106\/\">Peugeot 106 Motor\u00f6l<\/a><\/li>\n<li><a href=\"https:\/\/autobaak.nl\/de\/welches-motorol-peugeot-3008\/\">Peugeot 3008 Motor\u00f6l<\/a><\/li>\n<li><a href=\"https:\/\/autobaak.nl\/de\/welches-motorol-peugeot-3008-p84\/\">Peugeot 3008 Motor\u00f6l (P84)<\/a><\/li>\n<li><a href=\"https:\/\/autobaak.nl\/de\/welches-motorol-peugeot-partner-b9\/\">Peugeot Partner B9 Motor\u00f6l<\/a><\/li>\n<\/ul>\n<p>&nbsp;<\/p>","protected":false},"excerpt":{"rendered":"<p>Klicken Sie unten auf Ihr Peugeot-Modell, um das passende Motor\u00f6l zu finden: Peugeot Motor\u00f6l Peugeot 1007 Motor\u00f6l Peugeot 107 Motor\u00f6l Peugeot 108 Motor\u00f6l Peugeot 2008 Motor\u00f6l Peugeot 206 Motor\u00f6l Peugeot 308 Motor\u00f6l Peugeot 308 (T7) Motor\u00f6l Peugeot 308 (T9) Motor\u00f6l Peugeot 106 Motor\u00f6l Peugeot 3008 Motor\u00f6l Peugeot 3008 (P84) Motor\u00f6l Peugeot Partner B9<\/p>","protected":false},"author":1,"featured_media":0,"parent":0,"menu_order":0,"comment_status":"closed","ping_status":"closed","template":"","meta":{"_et_pb_use_builder":"","_et_pb_old_content":"","_et_gb_content_width":"","footnotes":""},"class_list":["post-155833","page","type-page","status-publish","hentry"],"yoast_head":"<!-- This site is optimized with the Yoast SEO plugin v27.4 - https:\/\/yoast.com\/product\/yoast-seo-wordpress\/ -->\n<title>Welke motorolie heeft jouw Peugeot? - Autobaak.nl<\/title>\n<meta name=\"description\" content=\"Op deze pagina kan je de juiste motorolie vinden voor alle Peugeot modellen. Zoek niet verder, hier 1 overzicht met geschikte motorolie per model.\" \/>\n<meta name=\"robots\" content=\"index, follow, max-snippet:-1, max-image-preview:large, max-video-preview:-1\" \/>\n<link rel=\"canonical\" href=\"https:\/\/autobaak.nl\/de\/welches-motorol-hat-ihr-peugeot\/\" \/>\n<meta property=\"og:locale\" content=\"de_DE\" \/>\n<meta property=\"og:type\" content=\"article\" \/>\n<meta property=\"og:title\" content=\"Welke motorolie heeft jouw Peugeot? - Autobaak.nl\" \/>\n<meta property=\"og:description\" content=\"Op deze pagina kan je de juiste motorolie vinden voor alle Peugeot modellen. Zoek niet verder, hier 1 overzicht met geschikte motorolie per model.\" \/>\n<meta property=\"og:url\" content=\"https:\/\/autobaak.nl\/de\/welches-motorol-hat-ihr-peugeot\/\" \/>\n<meta property=\"og:site_name\" content=\"Autobaak.nl\" \/>\n<meta name=\"twitter:card\" content=\"summary_large_image\" \/>\n<meta name=\"twitter:label1\" content=\"Gesch\u00e4tzte Lesezeit\" \/>\n\t<meta name=\"twitter:data1\" content=\"1\u00a0Minute\" \/>\n<script type=\"application\/ld+json\" class=\"yoast-schema-graph\">{\"@context\":\"https:\\\/\\\/schema.org\",\"@graph\":[{\"@type\":\"WebPage\",\"@id\":\"https:\\\/\\\/autobaak.nl\\\/welke-motorolie-heeft-jouw-peugeot\\\/\",\"url\":\"https:\\\/\\\/autobaak.nl\\\/welke-motorolie-heeft-jouw-peugeot\\\/\",\"name\":\"Welke motorolie heeft jouw Peugeot? - Autobaak.nl\",\"isPartOf\":{\"@id\":\"https:\\\/\\\/autobaak.nl\\\/#website\"},\"datePublished\":\"2023-06-02T14:08:35+00:00\",\"description\":\"Op deze pagina kan je de juiste motorolie vinden voor alle Peugeot modellen. Zoek niet verder, hier 1 overzicht met geschikte motorolie per model.\",\"breadcrumb\":{\"@id\":\"https:\\\/\\\/autobaak.nl\\\/welke-motorolie-heeft-jouw-peugeot\\\/#breadcrumb\"},\"inLanguage\":\"de\",\"potentialAction\":[{\"@type\":\"ReadAction\",\"target\":[\"https:\\\/\\\/autobaak.nl\\\/welke-motorolie-heeft-jouw-peugeot\\\/\"]}]},{\"@type\":\"BreadcrumbList\",\"@id\":\"https:\\\/\\\/autobaak.nl\\\/welke-motorolie-heeft-jouw-peugeot\\\/#breadcrumb\",\"itemListElement\":[{\"@type\":\"ListItem\",\"position\":1,\"name\":\"Home\",\"item\":\"https:\\\/\\\/autobaak.nl\\\/\"},{\"@type\":\"ListItem\",\"position\":2,\"name\":\"Welke motorolie heeft jouw Peugeot?\"}]},{\"@type\":\"WebSite\",\"@id\":\"https:\\\/\\\/autobaak.nl\\\/#website\",\"url\":\"https:\\\/\\\/autobaak.nl\\\/\",\"name\":\"Autobaak.nl\",\"description\":\"Cars &amp; Racing\",\"potentialAction\":[{\"@type\":\"SearchAction\",\"target\":{\"@type\":\"EntryPoint\",\"urlTemplate\":\"https:\\\/\\\/autobaak.nl\\\/?s={search_term_string}\"},\"query-input\":{\"@type\":\"PropertyValueSpecification\",\"valueRequired\":true,\"valueName\":\"search_term_string\"}}],\"inLanguage\":\"de\"}]}<\/script>\n<!-- \/ Yoast SEO plugin. -->","yoast_head_json":{"title":"Welches Motor\u00f6l hat Ihr Peugeot? - Autobaak.de","description":"Auf dieser Seite finden Sie das passende Motor\u00f6l f\u00fcr alle Peugeot Modelle. Suchen Sie nicht weiter, hier 1 \u00dcbersicht mit passendem Motor\u00f6l pro Modell.","robots":{"index":"index","follow":"follow","max-snippet":"max-snippet:-1","max-image-preview":"max-image-preview:large","max-video-preview":"max-video-preview:-1"},"canonical":"https:\/\/autobaak.nl\/de\/welches-motorol-hat-ihr-peugeot\/","og_locale":"de_DE","og_type":"article","og_title":"Welke motorolie heeft jouw Peugeot? - Autobaak.nl","og_description":"Op deze pagina kan je de juiste motorolie vinden voor alle Peugeot modellen. Zoek niet verder, hier 1 overzicht met geschikte motorolie per model.","og_url":"https:\/\/autobaak.nl\/de\/welches-motorol-hat-ihr-peugeot\/","og_site_name":"Autobaak.nl","twitter_card":"summary_large_image","twitter_misc":{"Gesch\u00e4tzte Lesezeit":"1\u00a0Minute"},"schema":{"@context":"https:\/\/schema.org","@graph":[{"@type":"WebPage","@id":"https:\/\/autobaak.nl\/welke-motorolie-heeft-jouw-peugeot\/","url":"https:\/\/autobaak.nl\/welke-motorolie-heeft-jouw-peugeot\/","name":"Welches Motor\u00f6l hat Ihr Peugeot? - Autobaak.de","isPartOf":{"@id":"https:\/\/autobaak.nl\/#website"},"datePublished":"2023-06-02T14:08:35+00:00","description":"Auf dieser Seite finden Sie das passende Motor\u00f6l f\u00fcr alle Peugeot Modelle. Suchen Sie nicht weiter, hier 1 \u00dcbersicht mit passendem Motor\u00f6l pro Modell.","breadcrumb":{"@id":"https:\/\/autobaak.nl\/welke-motorolie-heeft-jouw-peugeot\/#breadcrumb"},"inLanguage":"de","potentialAction":[{"@type":"ReadAction","target":["https:\/\/autobaak.nl\/welke-motorolie-heeft-jouw-peugeot\/"]}]},{"@type":"BreadcrumbList","@id":"https:\/\/autobaak.nl\/welke-motorolie-heeft-jouw-peugeot\/#breadcrumb","itemListElement":[{"@type":"ListItem","position":1,"name":"Home","item":"https:\/\/autobaak.nl\/"},{"@type":"ListItem","position":2,"name":"Welke motorolie heeft jouw Peugeot?"}]},{"@type":"WebSite","@id":"https:\/\/autobaak.nl\/#website","url":"https:\/\/autobaak.nl\/","name":"Autobook.de","description":"Autos &amp; Rennsport","potentialAction":[{"@type":"SearchAction","target":{"@type":"EntryPoint","urlTemplate":"https:\/\/autobaak.nl\/?s={search_term_string}"},"query-input":{"@type":"PropertyValueSpecification","valueRequired":true,"valueName":"search_term_string"}}],"inLanguage":"de"}]}},"_links":{"self":[{"href":"https:\/\/autobaak.nl\/de\/wp-json\/wp\/v2\/pages\/155833","targetHints":{"allow":["GET"]}}],"collection":[{"href":"https:\/\/autobaak.nl\/de\/wp-json\/wp\/v2\/pages"}],"about":[{"href":"https:\/\/autobaak.nl\/de\/wp-json\/wp\/v2\/types\/page"}],"author":[{"embeddable":true,"href":"https:\/\/autobaak.nl\/de\/wp-json\/wp\/v2\/users\/1"}],"replies":[{"embeddable":true,"href":"https:\/\/autobaak.nl\/de\/wp-json\/wp\/v2\/comments?post=155833"}],"version-history":[{"count":1,"href":"https:\/\/autobaak.nl\/de\/wp-json\/wp\/v2\/pages\/155833\/revisions"}],"predecessor-version":[{"id":155834,"href":"https:\/\/autobaak.nl\/de\/wp-json\/wp\/v2\/pages\/155833\/revisions\/155834"}],"wp:attachment":[{"href":"https:\/\/autobaak.nl\/de\/wp-json\/wp\/v2\/media?parent=155833"}],"curies":[{"name":"wp","href":"https:\/\/api.w.org\/{rel}","templated":true}]}}