{"id":155855,"date":"2023-06-05T11:35:24","date_gmt":"2023-06-05T09:35:24","guid":{"rendered":"https:\/\/autobaak.nl\/?page_id=155855"},"modified":"2023-06-05T11:35:24","modified_gmt":"2023-06-05T09:35:24","slug":"welches-motorol-mazda-gh-gz","status":"publish","type":"page","link":"https:\/\/autobaak.nl\/de\/welches-motorol-mazda-gh-gz\/","title":{"rendered":"Welches Motor\u00f6l Mazda GH\/GZ"},"content":{"rendered":"<p>Sie suchen das richtige Motor\u00f6l f\u00fcr Ihren Mazda GH\/GZ? Welche Art von Motor\u00f6l f\u00fcr den GH\/GZ ben\u00f6tigt wird, h\u00e4ngt vom Modell und Baujahr des Fahrzeugs ab. Es ist wichtig, ein hochwertiges \u00d6l zu verwenden, das den Spezifikationen des Herstellers entspricht, um eine optimale Leistung und eine lange Lebensdauer des Motors zu gew\u00e4hrleisten.<\/p>\n<h2>Motor\u00f6l Mazda GH\/GZ<\/h2>\n<p>In der folgenden Liste haben wir das geeignete Motor\u00f6l f\u00fcr den Mazda GH\/GZ aufgef\u00fchrt. Wir empfehlen jedoch immer, die Betriebsanleitung zu konsultieren oder eine zertifizierte Mazda-Werkstatt zu fragen, um den richtigen \u00d6ltyp f\u00fcr Ihr spezifisches Fahrzeug zu bestimmen.<\/p>\n\n<table id=\"tablepress-137\" class=\"tablepress tablepress-id-137 tablepress-responsive\">\n<thead>\n<tr class=\"row-1 odd\">\n\t<th class=\"column-1\">Modell<\/th><th class=\"column-2\">Welches Motor\u00f6l<\/th><th class=\"column-3\">Wann ist zu ersetzen<\/th>\n<\/tr>\n<\/thead>\n<tbody class=\"row-hover\">\n<tr class=\"row-2 even\">\n\t<td class=\"column-1\">Mazda (EU) 6 1.8 (2007-2008)<\/td><td class=\"column-2\">5W-20<\/td><td class=\"column-3\">Wechsel alle 20000 km\/12 Monate<\/td>\n<\/tr>\n<tr class=\"row-3 odd\">\n\t<td class=\"column-1\">Mazda (EU) 6 1.8 (2007-2008)<\/td><td class=\"column-2\">5W-30<\/td><td class=\"column-3\">Wechsel alle 20000 km\/12 Monate<\/td>\n<\/tr>\n<tr class=\"row-4 even\">\n\t<td class=\"column-1\">Mazda (EU) 6 1.8 (2009-2010)<\/td><td class=\"column-2\">5W-20<\/td><td class=\"column-3\">Wechsel alle 20000 km\/12 Monate<\/td>\n<\/tr>\n<tr class=\"row-5 odd\">\n\t<td class=\"column-1\">Mazda (EU) 6 1.8 (2009-2010)<\/td><td class=\"column-2\">5W-30<\/td><td class=\"column-3\">Wechsel alle 20000 km\/12 Monate<\/td>\n<\/tr>\n<tr class=\"row-6 even\">\n\t<td class=\"column-1\">Mazda (EU) 6 1.8 (2010-2012)<\/td><td class=\"column-2\">0W-20<\/td><td class=\"column-3\">Wechsel alle 20000 km\/12 Monate<\/td>\n<\/tr>\n<tr class=\"row-7 odd\">\n\t<td class=\"column-1\">Mazda (EU) 6 1.8 (2010-2012)<\/td><td class=\"column-2\">5W-20<\/td><td class=\"column-3\">Wechsel alle 20000 km\/12 Monate<\/td>\n<\/tr>\n<tr class=\"row-8 even\">\n\t<td class=\"column-1\">Mazda (EU) 6 1.8 (2010-2012)<\/td><td class=\"column-2\">0W-30<\/td><td class=\"column-3\">Wechsel alle 20000 km\/12 Monate<\/td>\n<\/tr>\n<tr class=\"row-9 odd\">\n\t<td class=\"column-1\">Mazda (EU) 6 2.0 CiTD (2007-2008)<\/td><td class=\"column-2\">5W-30<\/td><td class=\"column-3\">Wechsel alle 20000 km\/12 Monate<\/td>\n<\/tr>\n<tr class=\"row-10 even\">\n\t<td class=\"column-1\">Mazda (EU) 6 2.0 CiTD (2009-2010)<\/td><td class=\"column-2\">5W-30<\/td><td class=\"column-3\">Wechsel alle 20000 km\/12 Monate<\/td>\n<\/tr>\n<tr class=\"row-11 odd\">\n\t<td class=\"column-1\">Mazda (EU) 6 2.0 DISI (2010-2012)<\/td><td class=\"column-2\">0W-20<\/td><td class=\"column-3\"><\/td>\n<\/tr>\n<tr class=\"row-12 even\">\n\t<td class=\"column-1\">Mazda (EU) 6 2.0 DISI (2010-2012)<\/td><td class=\"column-2\">5W-20<\/td><td class=\"column-3\"><\/td>\n<\/tr>\n<tr class=\"row-13 odd\">\n\t<td class=\"column-1\">Mazda (EU) 6 2.0 DISI (2010-2012)<\/td><td class=\"column-2\">0W-30<\/td><td class=\"column-3\"><\/td>\n<\/tr>\n<tr class=\"row-14 even\">\n\t<td class=\"column-1\">Mazda (EU) 6 2.0 S-VT (2007-2008)<\/td><td class=\"column-2\">5W-20<\/td><td class=\"column-3\"><\/td>\n<\/tr>\n<tr class=\"row-15 odd\">\n\t<td class=\"column-1\">Mazda (EU) 6 2.0 S-VT (2007-2008)<\/td><td class=\"column-2\">5W-30<\/td><td class=\"column-3\"><\/td>\n<\/tr>\n<tr class=\"row-16 even\">\n\t<td class=\"column-1\">Mazda (EU) 6 2.0 S-VT (2009-2010)<\/td><td class=\"column-2\">5W-20<\/td><td class=\"column-3\"><\/td>\n<\/tr>\n<tr class=\"row-17 odd\">\n\t<td class=\"column-1\">Mazda (EU) 6 2.0 S-VT (2009-2010)<\/td><td class=\"column-2\">5W-30<\/td><td class=\"column-3\"><\/td>\n<\/tr>\n<tr class=\"row-18 even\">\n\t<td class=\"column-1\">Mazda (EU) 6 2.0 S-VT (2010-2012)<\/td><td class=\"column-2\">0W-20<\/td><td class=\"column-3\"><\/td>\n<\/tr>\n<tr class=\"row-19 odd\">\n\t<td class=\"column-1\">Mazda (EU) 6 2.0 S-VT (2010-2012)<\/td><td class=\"column-2\">5W-20<\/td><td class=\"column-3\"><\/td>\n<\/tr>\n<tr class=\"row-20 even\">\n\t<td class=\"column-1\">Mazda (EU) 6 2.0 S-VT (2010-2012)<\/td><td class=\"column-2\">0W-30<\/td><td class=\"column-3\"><\/td>\n<\/tr>\n<tr class=\"row-21 odd\">\n\t<td class=\"column-1\">Mazda (EU) 6 2.2 CiTD (120 kW) (2007-2008)<\/td><td class=\"column-2\">5W-30<\/td><td class=\"column-3\"><\/td>\n<\/tr>\n<tr class=\"row-22 even\">\n\t<td class=\"column-1\">Mazda (EU) 6 2.2 CiTD (120 kW) (2009-2010)<\/td><td class=\"column-2\">5W-30<\/td><td class=\"column-3\"><\/td>\n<\/tr>\n<tr class=\"row-23 odd\">\n\t<td class=\"column-1\">Mazda (EU) 6 2.2 CiTD (120 kW) (2010-2012)<\/td><td class=\"column-2\">0W-30<\/td><td class=\"column-3\">Wechsel alle 20000 km\/12 Monate<\/td>\n<\/tr>\n<tr class=\"row-24 even\">\n\t<td class=\"column-1\">Mazda (EU) 6 2.2 CiTD (120 kW) (2010-2012)<\/td><td class=\"column-2\">5W-30<\/td><td class=\"column-3\">Wechsel alle 20000 km\/12 Monate<\/td>\n<\/tr>\n<tr class=\"row-25 odd\">\n\t<td class=\"column-1\">Mazda (EU) 6 2.2 CiTD (132 kW) (2010-2012)<\/td><td class=\"column-2\">0W-30<\/td><td class=\"column-3\">Wechsel alle 20000 km\/12 Monate<\/td>\n<\/tr>\n<tr class=\"row-26 even\">\n\t<td class=\"column-1\">Mazda (EU) 6 2.2 CiTD (132 kW) (2010-2012)<\/td><td class=\"column-2\">5W-30<\/td><td class=\"column-3\">Wechsel alle 20000 km\/12 Monate<\/td>\n<\/tr>\n<tr class=\"row-27 odd\">\n\t<td class=\"column-1\">Mazda (EU) 6 2.2 CiTD (136 kW) (2007-2008)<\/td><td class=\"column-2\">5W-30<\/td><td class=\"column-3\">Wechsel alle 20000 km\/12 Monate<\/td>\n<\/tr>\n<tr class=\"row-28 even\">\n\t<td class=\"column-1\">Mazda (EU) 6 2.2 CiTD (136 kW) (2009-2010)<\/td><td class=\"column-2\">5W-30<\/td><td class=\"column-3\">Wechsel alle 20000 km\/12 Monate<\/td>\n<\/tr>\n<tr class=\"row-29 odd\">\n\t<td class=\"column-1\">Mazda (EU) 6 2.2 CiTD (95 kW) (2007-2008)<\/td><td class=\"column-2\">5W-30<\/td><td class=\"column-3\">Wechsel alle 20000 km\/12 Monate<\/td>\n<\/tr>\n<tr class=\"row-30 even\">\n\t<td class=\"column-1\">Mazda (EU) 6 2.2 CiTD (95 kW) (2009-2010)<\/td><td class=\"column-2\">5W-30<\/td><td class=\"column-3\">Wechsel alle 20000 km\/12 Monate<\/td>\n<\/tr>\n<tr class=\"row-31 odd\">\n\t<td class=\"column-1\">Mazda (EU) 6 2.2 CiTD (95 kW) (2010-2012)<\/td><td class=\"column-2\">0W-30<\/td><td class=\"column-3\">Wechsel alle 20000 km\/12 Monate<\/td>\n<\/tr>\n<tr class=\"row-32 even\">\n\t<td class=\"column-1\">Mazda (EU) 6 2.2 CiTD (95 kW) (2010-2012)<\/td><td class=\"column-2\">5W-30<\/td><td class=\"column-3\">Wechsel alle 20000 km\/12 Monate<\/td>\n<\/tr>\n<tr class=\"row-33 odd\">\n\t<td class=\"column-1\">Mazda (EU) 6 2.5 S-VT (2007-2008)<\/td><td class=\"column-2\">5W-20<\/td><td class=\"column-3\">Wechsel alle 20000 km\/12 Monate<\/td>\n<\/tr>\n<tr class=\"row-34 even\">\n\t<td class=\"column-1\">Mazda (EU) 6 2.5 S-VT (2007-2008)<\/td><td class=\"column-2\">5W-30<\/td><td class=\"column-3\">Wechsel alle 20000 km\/12 Monate<\/td>\n<\/tr>\n<tr class=\"row-35 odd\">\n\t<td class=\"column-1\">Mazda (EU) 6 2.5 S-VT (2009-2010)<\/td><td class=\"column-2\">5W-20<\/td><td class=\"column-3\">Wechsel alle 20000 km\/12 Monate<\/td>\n<\/tr>\n<tr class=\"row-36 even\">\n\t<td class=\"column-1\">Mazda (EU) 6 2.5 S-VT (2009-2010)<\/td><td class=\"column-2\">5W-30<\/td><td class=\"column-3\">Wechsel alle 20000 km\/12 Monate<\/td>\n<\/tr>\n<tr class=\"row-37 odd\">\n\t<td class=\"column-1\">Mazda (EU) 6 2.5 S-VT (2010-2012)<\/td><td class=\"column-2\">0W-20<\/td><td class=\"column-3\">Wechsel alle 20000 km\/12 Monate<\/td>\n<\/tr>\n<tr class=\"row-38 even\">\n\t<td class=\"column-1\">Mazda (EU) 6 2.5 S-VT (2010-2012)<\/td><td class=\"column-2\">5W-20<\/td><td class=\"column-3\">Wechsel alle 20000 km\/12 Monate<\/td>\n<\/tr>\n<tr class=\"row-39 odd\">\n\t<td class=\"column-1\">Mazda (EU) 6 2.5 S-VT (2010-2012)<\/td><td class=\"column-2\">0W-30<\/td><td class=\"column-3\">Wechsel alle 20000 km\/12 Monate<\/td>\n<\/tr>\n<\/tbody>\n<\/table>\n<!-- #tablepress-137 from cache -->","protected":false},"excerpt":{"rendered":"<p>Sie suchen das richtige Motor\u00f6l f\u00fcr Ihren Mazda GH\/GZ? Welches Motor\u00f6l f\u00fcr Ihren Mazda GH\/GZ ben\u00f6tigt wird, h\u00e4ngt vom Modell und Baujahr des Fahrzeugs ab. Es ist wichtig, ein hochwertiges \u00d6l zu verwenden, das den Spezifikationen des Herstellers entspricht, um eine optimale Leistung und eine lange [...]<\/p>","protected":false},"author":1,"featured_media":0,"parent":0,"menu_order":0,"comment_status":"closed","ping_status":"closed","template":"","meta":{"_et_pb_use_builder":"","_et_pb_old_content":"","_et_gb_content_width":"","footnotes":""},"class_list":["post-155855","page","type-page","status-publish","hentry"],"yoast_head":"<!-- This site is optimized with the Yoast SEO plugin v27.4 - https:\/\/yoast.com\/product\/yoast-seo-wordpress\/ -->\n<title>Welke Motorolie Mazda GH\/GZ - Autobaak.nl<\/title>\n<meta name=\"description\" content=\"Welke motorolie Mazda GH\/GZ? Op deze pagina een overzicht van alle Mazda GH\/GZ modellen en de bijbehorende motorolie.\" \/>\n<meta name=\"robots\" content=\"index, follow, max-snippet:-1, max-image-preview:large, max-video-preview:-1\" \/>\n<link rel=\"canonical\" href=\"https:\/\/autobaak.nl\/de\/welches-motorol-mazda-gh-gz\/\" \/>\n<meta property=\"og:locale\" content=\"de_DE\" \/>\n<meta property=\"og:type\" content=\"article\" \/>\n<meta property=\"og:title\" content=\"Welke Motorolie Mazda GH\/GZ - Autobaak.nl\" \/>\n<meta property=\"og:description\" content=\"Welke motorolie Mazda GH\/GZ? Op deze pagina een overzicht van alle Mazda GH\/GZ modellen en de bijbehorende motorolie.\" \/>\n<meta property=\"og:url\" content=\"https:\/\/autobaak.nl\/de\/welches-motorol-mazda-gh-gz\/\" \/>\n<meta property=\"og:site_name\" content=\"Autobaak.nl\" \/>\n<meta name=\"twitter:card\" content=\"summary_large_image\" \/>\n<meta name=\"twitter:label1\" content=\"Gesch\u00e4tzte Lesezeit\" \/>\n\t<meta name=\"twitter:data1\" content=\"1\u00a0Minute\" \/>\n<script type=\"application\/ld+json\" class=\"yoast-schema-graph\">{\"@context\":\"https:\\\/\\\/schema.org\",\"@graph\":[{\"@type\":\"WebPage\",\"@id\":\"https:\\\/\\\/autobaak.nl\\\/welke-motorolie-mazda-gh-gz\\\/\",\"url\":\"https:\\\/\\\/autobaak.nl\\\/welke-motorolie-mazda-gh-gz\\\/\",\"name\":\"Welke Motorolie Mazda GH\\\/GZ - Autobaak.nl\",\"isPartOf\":{\"@id\":\"https:\\\/\\\/autobaak.nl\\\/#website\"},\"datePublished\":\"2023-06-05T09:35:24+00:00\",\"description\":\"Welke motorolie Mazda GH\\\/GZ? Op deze pagina een overzicht van alle Mazda GH\\\/GZ modellen en de bijbehorende motorolie.\",\"breadcrumb\":{\"@id\":\"https:\\\/\\\/autobaak.nl\\\/welke-motorolie-mazda-gh-gz\\\/#breadcrumb\"},\"inLanguage\":\"de\",\"potentialAction\":[{\"@type\":\"ReadAction\",\"target\":[\"https:\\\/\\\/autobaak.nl\\\/welke-motorolie-mazda-gh-gz\\\/\"]}]},{\"@type\":\"BreadcrumbList\",\"@id\":\"https:\\\/\\\/autobaak.nl\\\/welke-motorolie-mazda-gh-gz\\\/#breadcrumb\",\"itemListElement\":[{\"@type\":\"ListItem\",\"position\":1,\"name\":\"Home\",\"item\":\"https:\\\/\\\/autobaak.nl\\\/\"},{\"@type\":\"ListItem\",\"position\":2,\"name\":\"Welke Motorolie Mazda GH\\\/GZ\"}]},{\"@type\":\"WebSite\",\"@id\":\"https:\\\/\\\/autobaak.nl\\\/#website\",\"url\":\"https:\\\/\\\/autobaak.nl\\\/\",\"name\":\"Autobaak.nl\",\"description\":\"Cars &amp; Racing\",\"potentialAction\":[{\"@type\":\"SearchAction\",\"target\":{\"@type\":\"EntryPoint\",\"urlTemplate\":\"https:\\\/\\\/autobaak.nl\\\/?s={search_term_string}\"},\"query-input\":{\"@type\":\"PropertyValueSpecification\",\"valueRequired\":true,\"valueName\":\"search_term_string\"}}],\"inLanguage\":\"de\"}]}<\/script>\n<!-- \/ Yoast SEO plugin. -->","yoast_head_json":{"title":"Welches Motor\u00f6l Mazda GH\/GZ - Autobaak.de","description":"Welches Motor\u00f6l Mazda GH\/GZ? Auf dieser Seite finden Sie alle Mazda GH\/GZ Modelle und das entsprechende Motor\u00f6l.","robots":{"index":"index","follow":"follow","max-snippet":"max-snippet:-1","max-image-preview":"max-image-preview:large","max-video-preview":"max-video-preview:-1"},"canonical":"https:\/\/autobaak.nl\/de\/welches-motorol-mazda-gh-gz\/","og_locale":"de_DE","og_type":"article","og_title":"Welke Motorolie Mazda GH\/GZ - Autobaak.nl","og_description":"Welke motorolie Mazda GH\/GZ? Op deze pagina een overzicht van alle Mazda GH\/GZ modellen en de bijbehorende motorolie.","og_url":"https:\/\/autobaak.nl\/de\/welches-motorol-mazda-gh-gz\/","og_site_name":"Autobaak.nl","twitter_card":"summary_large_image","twitter_misc":{"Gesch\u00e4tzte Lesezeit":"1\u00a0Minute"},"schema":{"@context":"https:\/\/schema.org","@graph":[{"@type":"WebPage","@id":"https:\/\/autobaak.nl\/welke-motorolie-mazda-gh-gz\/","url":"https:\/\/autobaak.nl\/welke-motorolie-mazda-gh-gz\/","name":"Welches Motor\u00f6l Mazda GH\/GZ - Autobaak.de","isPartOf":{"@id":"https:\/\/autobaak.nl\/#website"},"datePublished":"2023-06-05T09:35:24+00:00","description":"Welches Motor\u00f6l Mazda GH\/GZ? Auf dieser Seite finden Sie alle Mazda GH\/GZ Modelle und das entsprechende Motor\u00f6l.","breadcrumb":{"@id":"https:\/\/autobaak.nl\/welke-motorolie-mazda-gh-gz\/#breadcrumb"},"inLanguage":"de","potentialAction":[{"@type":"ReadAction","target":["https:\/\/autobaak.nl\/welke-motorolie-mazda-gh-gz\/"]}]},{"@type":"BreadcrumbList","@id":"https:\/\/autobaak.nl\/welke-motorolie-mazda-gh-gz\/#breadcrumb","itemListElement":[{"@type":"ListItem","position":1,"name":"Home","item":"https:\/\/autobaak.nl\/"},{"@type":"ListItem","position":2,"name":"Welke Motorolie Mazda GH\/GZ"}]},{"@type":"WebSite","@id":"https:\/\/autobaak.nl\/#website","url":"https:\/\/autobaak.nl\/","name":"Autobook.de","description":"Autos &amp; Rennsport","potentialAction":[{"@type":"SearchAction","target":{"@type":"EntryPoint","urlTemplate":"https:\/\/autobaak.nl\/?s={search_term_string}"},"query-input":{"@type":"PropertyValueSpecification","valueRequired":true,"valueName":"search_term_string"}}],"inLanguage":"de"}]}},"_links":{"self":[{"href":"https:\/\/autobaak.nl\/de\/wp-json\/wp\/v2\/pages\/155855","targetHints":{"allow":["GET"]}}],"collection":[{"href":"https:\/\/autobaak.nl\/de\/wp-json\/wp\/v2\/pages"}],"about":[{"href":"https:\/\/autobaak.nl\/de\/wp-json\/wp\/v2\/types\/page"}],"author":[{"embeddable":true,"href":"https:\/\/autobaak.nl\/de\/wp-json\/wp\/v2\/users\/1"}],"replies":[{"embeddable":true,"href":"https:\/\/autobaak.nl\/de\/wp-json\/wp\/v2\/comments?post=155855"}],"version-history":[{"count":1,"href":"https:\/\/autobaak.nl\/de\/wp-json\/wp\/v2\/pages\/155855\/revisions"}],"predecessor-version":[{"id":155856,"href":"https:\/\/autobaak.nl\/de\/wp-json\/wp\/v2\/pages\/155855\/revisions\/155856"}],"wp:attachment":[{"href":"https:\/\/autobaak.nl\/de\/wp-json\/wp\/v2\/media?parent=155855"}],"curies":[{"name":"wp","href":"https:\/\/api.w.org\/{rel}","templated":true}]}}